{"id":15460,"date":"2025-01-19T14:33:26","date_gmt":"2025-01-19T14:33:26","guid":{"rendered":"https:\/\/www.hydraulic-cylinders.net\/product\/bucket-cylinder-for-xcmg-small-excavator-xe6oca\/"},"modified":"2025-01-19T14:33:34","modified_gmt":"2025-01-19T14:33:34","slug":"bucket-cylinder-for-xcmg-small-excavator-xe6oca","status":"publish","type":"product","link":"https:\/\/www.hydraulic-cylinders.net\/fi\/tuote\/bucket-cylinder-for-xcmg-small-excavator-xe6oca\/","title":{"rendered":"Kauhan sylinteri XCMG-pienkaivukoneelle XE6OCA"},"content":{"rendered":"<h1>Kauhan sylinteri XCMG-pienkaivukoneelle XE6OCA<\/h1>\n<h2>Johdanto<\/h2>\n<p>XCMG-pienkaivukoneen XE6OCA kauhan sylinteri on erikoishydraulinen sylinteri, jota k\u00e4ytet\u00e4\u00e4n kauhan liikkeen ohjaamiseen raskaissa koneissa, kuten kaivinkoneissa, traktorikaivureissa ja etukuormaajissa. Sen ensisijainen teht\u00e4v\u00e4 on mahdollistaa kauhan nostaminen, laskeminen ja kallistaminen, mik\u00e4 helpottaa erilaisten materiaalien kuljettamista. Hydraulij\u00e4rjestelm\u00e4ss\u00e4 kauhan sylinteri ohjaa tarkasti kauhan liikett\u00e4 hydrauli\u00f6ljyn paineenmuutosten avulla, jolloin k\u00e4ytt\u00e4j\u00e4t voivat k\u00e4sitell\u00e4 raskaita kuormia tehokkaasti, sopeutua monimutkaisiin ty\u00f6ymp\u00e4rist\u00f6ihin ja erilaisiin ty\u00f6vaatimuksiin.<\/p>\n<p><img decoding=\"async\" src=\"https:\/\/www.hydraulic-cylinders.net\/wp-content\/uploads\/2025\/01\/songte-company-2.webp\" \/><\/p>\n<h2>Ominaisuudet<\/h2>\n<ul>\n<li>Suuri lujuus ja kest\u00e4vyys: Yleens\u00e4 valmistettu eritt\u00e4in lujasta ter\u00e4ksest\u00e4 tai alumiinista, se kest\u00e4\u00e4 korkeaa painetta ja raskaita kuormia ja mukautuu vaativiin ty\u00f6ymp\u00e4rist\u00f6ihin. Suunnittelussa on otettu huomioon kulutuskest\u00e4vyys ja korroosionkest\u00e4vyys, mik\u00e4 pident\u00e4\u00e4 k\u00e4ytt\u00f6ik\u00e4\u00e4.<\/li>\n<li>Tehokas hydraulinen toiminta: Sujuva pidennys- ja sis\u00e4\u00e4nvetoliike saavutetaan hydrauli\u00f6ljyn paineen avulla. Se reagoi nopeasti ohjauskomentoihin ja tarjoaa tehokkaan ty\u00f6nt\u00f6- ja vetovoiman, mik\u00e4 sopii raskaiden kuormien k\u00e4sittelyyn ja monimutkaisiin ty\u00f6teht\u00e4viin.<\/li>\n<li>Erilaisia \u200b\u200btyyppej\u00e4: Yksitoimisia (hydraulinen vain yhteen suuntaan) tai kaksitoimisia (hydraulinen molempiin suuntiin) sylintereit\u00e4 voidaan valita tarpeiden mukaan erilaisten k\u00e4ytt\u00f6vaatimusten t\u00e4ytt\u00e4miseksi. Jotkut mallit ovat teleskooppisia, mik\u00e4 mahdollistaa suuremman jatkeen ilman ulkomittojen kasvua, mik\u00e4 sopii sovelluksiin, joissa on rajoitetusti tilaa.<\/li>\n<li>Voi korvata muut hydraulisylinterit: Tuotteemme voivat t\u00e4ydellisesti korvata n\u00e4m\u00e4 hydraulisylinterit.<\/li>\n<\/ul>\n<p><img decoding=\"async\" src=\"https:\/\/www.hydraulic-cylinders.net\/wp-content\/uploads\/2025\/01\/songte-cylinder-head-with-all-kinds-excavator-models.webp\" \/><\/p>\n<h2>Sovellukset<\/h2>\n<p>Kauhasylinterill\u00e4 on erilaisia \u200b\u200bsovelluksia eri teollisuudenaloilla:<\/p>\n<ul>\n<li>Rakennuslaitteet: Kaivinkoneissa ne ovat v\u00e4ltt\u00e4m\u00e4tt\u00f6mi\u00e4 kaivamiseen, lastaamiseen ja maan tai roskien siirt\u00e4miseen. Kaivinkoneissa kauhan sylinteri auttaa sek\u00e4 kaivamisessa ett\u00e4 nostamisessa. <\/li>\n<li>Maatalouskoneet: K\u00e4ytet\u00e4\u00e4n etukuormaajissa maan, hein\u00e4n ja muiden materiaalien nostamiseen, ker\u00e4\u00e4miseen ja kuljettamiseen. Kaivinkoneissa kauhan sylinteri mahdollistaa kaivamisen antamalla kauhan tunkeutua maaper\u00e4\u00e4n. Etukuormaajissa ne auttavat nostamaan ja tyhjent\u00e4m\u00e4\u00e4n lastia tehokkaasti.<\/li>\n<\/ul>\n<p>Yll\u00e4 olevia sovelluksia voidaan laajentaa seuraavasti:<\/p>\n<ul>\n<li>Rakennuslaitteet: Kauhasylintereit\u00e4 k\u00e4ytet\u00e4\u00e4n yleisesti kaivinkoneissa maan tai roskien kaivamiseen, lastaamiseen ja siirt\u00e4miseen. Ne ovat v\u00e4ltt\u00e4m\u00e4tt\u00f6mi\u00e4 kaivinkoneiden toiminnalle ja niill\u00e4 on t\u00e4rke\u00e4 rooli niiden suorituskyvyss\u00e4. Kaivinkoneissa kauhasylinteri auttaa sek\u00e4 kaivamisessa ett\u00e4 nostamisessa. Se mahdollistaa kauhan liikkeen tarkan hallinnan, mik\u00e4 helpottaa materiaalien nostamista ja tyhjent\u00e4mist\u00e4. <\/li>\n<li>Maatalouskoneet: Etukuormaajissa kauhasylintereit\u00e4 k\u00e4ytet\u00e4\u00e4n maan, hein\u00e4n ja muiden materiaalien nostamiseen, nostamiseen ja kuljettamiseen. Ne tarjoavat kuorman nostamiseen ja siirt\u00e4miseen tarvittavan voiman. Kaivinkoneissa kauhasylinteri mahdollistaa kaivamisen antamalla kauhan tunkeutua maaper\u00e4\u00e4n. T\u00e4m\u00e4 toiminta helpottaa maan ja muiden materiaalien nostamista. Etukuormaajissa ne auttavat nostamaan ja tyhjent\u00e4m\u00e4\u00e4n lastia tehokkaasti, mik\u00e4 tekee niiden k\u00e4yt\u00f6st\u00e4 sujuvaa ja tehokasta.<\/li>\n<\/ul>\n<h2>Suunnittelun\u00e4k\u00f6kohdat ja valintakriteerit<\/h2>\n<p>Kauhasylinterin suunnittelussa ja valinnassa tulisi ottaa huomioon seuraavat tekij\u00e4t:<\/p>\n<ul>\n<li>Kantavuus: Sylinterin on oltava riitt\u00e4v\u00e4n luja kest\u00e4m\u00e4\u00e4n siihen k\u00e4yt\u00f6n aikana kohdistuvan kuormituksen. <\/li>\n<li>Tiivistys: Asianmukainen tiivistys varmistaa hydraulisylinterin tehokkaan toiminnan ja est\u00e4\u00e4 \u00f6ljyvuodon. Tiivistysmateriaalien valinnassa on otettava huomioon kest\u00e4vyys, kulutuskest\u00e4vyys ja korroosionkest\u00e4vyys.<\/li>\n<li>Kest\u00e4vyys: Sylinterin on oltava kest\u00e4v\u00e4 ja kestett\u00e4v\u00e4 vaativia ty\u00f6ymp\u00e4rist\u00f6j\u00e4. <\/li>\n<li>Turvallisuus: Turvallisuus on kriittinen tekij\u00e4 hydraulisylintereiden kanssa ty\u00f6skennelt\u00e4ess\u00e4. Sylinteri on suunniteltava turvaominaisuuksilla onnettomuuksien est\u00e4miseksi.<\/li>\n<li>Huollettavuus: Sylinteri on suunniteltava helppohoitoisuus mieless\u00e4 pit\u00e4en. T\u00e4m\u00e4 ominaisuus auttaa v\u00e4hent\u00e4m\u00e4\u00e4n seisokkiaikoja ja varmistaa, ett\u00e4 sylinteri on aina toimintakunnossa.<\/li>\n<\/ul>\n<p><img decoding=\"async\" src=\"https:\/\/www.hydraulic-cylinders.net\/wp-content\/uploads\/2025\/01\/songte-oil-pipes-and-spare-parts.webp\" \/><\/p>\n<h2>Tiivistys ja voitelu<\/h2>\n<p>Kauhasylinteriss\u00e4 k\u00e4ytet\u00e4\u00e4n erilaisia \u200b\u200btiivistyskomponentteja, kuten m\u00e4nn\u00e4ntiivisteit\u00e4, m\u00e4nn\u00e4nvarren tiivisteit\u00e4 ja pyyhkij\u00f6it\u00e4, \u00f6ljyvuotojen est\u00e4miseksi ja tehokkaan toiminnan varmistamiseksi. Tiivistemateriaalien on oltava kest\u00e4vi\u00e4, kulutusta ja korroosiota kest\u00e4vi\u00e4, kuten polyuretaania ja nitriilikumia. Sylinterin runko ja kierteitetty p\u00e4\u00e4typinta on hienok\u00e4sitelty kulutuskest\u00e4vyyden parantamiseksi.<\/p>\n<p>Sylinteri vaatii s\u00e4\u00e4nn\u00f6llist\u00e4 hydrauli\u00f6ljyvoitelua sujuvan toiminnan varmistamiseksi ja kulumisen est\u00e4miseksi. \u00d6ljy\u00e4 tulee lis\u00e4t\u00e4 sopiva m\u00e4\u00e4r\u00e4 ja \u00f6ljyn laatu tulee tarkistaa s\u00e4\u00e4nn\u00f6llisesti.<\/p>\n<h2>Huolto ja korjaus<\/h2>\n<p>S\u00e4\u00e4nn\u00f6llinen huolto ja korjaus pident\u00e4v\u00e4t kauhan sylinterin k\u00e4ytt\u00f6ik\u00e4\u00e4 ja varmistavat sen moitteettoman toiminnan. Seuraavia huoltotoimenpiteit\u00e4 suositellaan:<\/p>\n<ul>\n<li>S\u00e4\u00e4nn\u00f6lliset tarkastukset: S\u00e4\u00e4nn\u00f6lliset tarkastukset voivat auttaa havaitsemaan ongelmat varhaisessa vaiheessa ja est\u00e4m\u00e4\u00e4n niit\u00e4 aiheuttamasta vakavia vahinkoja.<\/li>\n<li>Voitelu: Riitt\u00e4v\u00e4 voitelu voi v\u00e4hent\u00e4\u00e4 kulumista ja varmistaa sujuvan toiminnan.<\/li>\n<li>Tiivisteiden vaihto ja kalibrointitarkastus: Tiivisteiden s\u00e4\u00e4nn\u00f6llinen vaihto ja kalibrointitarkastus voivat auttaa est\u00e4m\u00e4\u00e4n \u00f6ljyvuotoja ja varmistamaan oikean toiminnan.<\/li>\n<\/ul>\n<p>Oikea asennus, voitelu ja s\u00e4\u00e4t\u00f6 ovat v\u00e4ltt\u00e4m\u00e4tt\u00f6mi\u00e4 hydraulisylinterin optimaalisen suorituskyvyn saavuttamiseksi. Asennuksen aikana sylinterin oikea kohdistaminen on ratkaisevan t\u00e4rke\u00e4\u00e4, ja sylinterin kiinnitt\u00e4miseksi paikalleen on k\u00e4ytett\u00e4v\u00e4 asianmukaisia \u200b\u200basennustukia. Suosittelemme valmistajan suosittelemien tarkastus-, korjaus- ja vaihto-ohjeiden noudattamista sek\u00e4 varaosien ja korjauspalveluiden tarjoamista kauhan sylinterin k\u00e4ytt\u00f6i\u00e4n pident\u00e4miseksi.<\/p>\n<p><img decoding=\"async\" src=\"https:\/\/www.hydraulic-cylinders.net\/wp-content\/uploads\/2025\/01\/songte-chushion-collar.webp\" \/><\/p>\n<h2>Turvallisuus- ja ymp\u00e4rist\u00f6n\u00e4k\u00f6kohdat<\/h2>\n<p>Turvallisuus on ratkaisevan t\u00e4rke\u00e4\u00e4 hydraulisylintereiden kanssa ty\u00f6skennelt\u00e4ess\u00e4. K\u00e4ytt\u00e4jien tulee noudattaa kaikkia turvallisuusohjeita ja k\u00e4ytt\u00e4\u00e4 asianmukaisia \u200b\u200bsuojavarusteita. My\u00f6s ymp\u00e4rist\u00f6n\u00e4k\u00f6kohdilla on t\u00e4rke\u00e4 rooli hydraulisylintereiden k\u00e4yt\u00f6ss\u00e4. K\u00e4ytetyn hydrauli\u00f6ljyn ja muiden vaarallisten aineiden asianmukainen h\u00e4vitt\u00e4minen on v\u00e4ltt\u00e4m\u00e4t\u00f6nt\u00e4 ymp\u00e4rist\u00f6vaikutusten minimoimiseksi.<\/p>\n<h2>Yleisi\u00e4 ongelmia ja vianm\u00e4\u00e4ritys<\/h2>\n<p>Kauhasylinteriss\u00e4 voi esiinty\u00e4 yleisi\u00e4 ongelmia, kuten \u00f6ljyvuotoja, hidasta k\u00e4ynti\u00e4 ja sylinterin ajautumista. N\u00e4m\u00e4 ongelmat voidaan ratkaista s\u00e4\u00e4nn\u00f6llisill\u00e4 tarkastuksilla ja huollolla. Jos ongelmat jatkuvat, on suositeltavaa ottaa yhteytt\u00e4 valmistajaan tai p\u00e4tev\u00e4\u00e4n teknikkoon.<\/p>\n<p><img decoding=\"async\" src=\"https:\/\/www.hydraulic-cylinders.net\/wp-content\/uploads\/2025\/01\/songte-bushings-with-all-kinds-of-excavator-models.webp\" \/><\/p>\n<h2>Tietoa yrityksest\u00e4mme<\/h2>\n<p>Olemme johtava hydraulisylinterien valmistaja ja tukkumyyj\u00e4 kotimaisilla ja kansainv\u00e4lisill\u00e4 markkinoilla. Tuotteemme ovat monipuolisia ja kattavia, ja noudatamme erinomaisen laadun periaatetta luottaen hienostuneen valmistuspajan teollisen tuotannon hallintastrategiaan. Parannamme jatkuvasti valmistusalustaa, t\u00e4ydellist\u00e4mme tuotteiden laadun tuotantolinjaa ja meill\u00e4 on vahva luomiskyky vastata asiakkaiden monipuolisiin tarpeisiin. Tarjoamme my\u00f6s r\u00e4\u00e4t\u00e4l\u00f6ityj\u00e4 palveluita ja meill\u00e4 on kansainv\u00e4liset laadunvarmistussertifikaatit.<\/p>\n<p>Yrityksemme on sitoutunut tarjoamaan asiakkaillemme korkealaatuisia tuotteita ja erinomaista palvelua. Meill\u00e4 on ammattitaitoisten teknikkojen tiimi, digitaaliset huippuluokan valmistuslaitteet ja ammattimainen testausj\u00e4rjestelm\u00e4, jotka jatkuvasti parantavat valmistusalustaa ja t\u00e4ydellist\u00e4v\u00e4t tuotteiden laatua tuotantolinjassa.<\/p>\n<p>Yrityksemme tarjoaa my\u00f6s myynnin j\u00e4lkeisi\u00e4 palveluita, kuten tarkastuksia, korjauksia ja vaihtoja, asiakkaidemme tyytyv\u00e4isyyden varmistamiseksi. Olemme sitoutuneet tarjoamaan asiakkaillemme parhaita laatua olevia hydraulisylintereit\u00e4 ja -palveluita.<\/p>\n<p><img decoding=\"async\" src=\"https:\/\/hzpt.com\/wp-content\/uploads\/2024\/11\/songte-company-1.webp\" \/><\/p>\n<p>Kirjoittaja: lyl<\/p>","protected":false},"excerpt":{"rendered":"<p>Bucket Cylinder For XCMG Small Excavator XE6OCA Introduction The bucket cylinder for XCMG small excavator XE6OCA is a specialized hydraulic cylinder used for controlling the movement of the bucket in heavy machinery like excavators, backhoe excavators, and front-end loaders. Its primary function is to enable the bucket to lift, lower, and tilt, making it easy [&hellip;]<\/p>","protected":false},"featured_media":14762,"comment_status":"open","ping_status":"closed","template":"","meta":{"_et_pb_use_builder":"","_et_pb_old_content":"","_et_gb_content_width":""},"product_brand":[],"product_cat":[1494],"product_tag":[1495,1496],"class_list":{"0":"post-15460","1":"product","2":"type-product","3":"status-publish","4":"has-post-thumbnail","6":"product_cat-bucket-cylinders","7":"product_tag-bucket-cylinders","8":"product_tag-hydraulic-cylinders","10":"first","11":"instock","12":"shipping-taxable","13":"product-type-simple"},"amp_enabled":true,"_links":{"self":[{"href":"https:\/\/www.hydraulic-cylinders.net\/fi\/wp-json\/wp\/v2\/product\/15460","targetHints":{"allow":["GET"]}}],"collection":[{"href":"https:\/\/www.hydraulic-cylinders.net\/fi\/wp-json\/wp\/v2\/product"}],"about":[{"href":"https:\/\/www.hydraulic-cylinders.net\/fi\/wp-json\/wp\/v2\/types\/product"}],"replies":[{"embeddable":true,"href":"https:\/\/www.hydraulic-cylinders.net\/fi\/wp-json\/wp\/v2\/comments?post=15460"}],"wp:featuredmedia":[{"embeddable":true,"href":"https:\/\/www.hydraulic-cylinders.net\/fi\/wp-json\/wp\/v2\/media\/14762"}],"wp:attachment":[{"href":"https:\/\/www.hydraulic-cylinders.net\/fi\/wp-json\/wp\/v2\/media?parent=15460"}],"wp:term":[{"taxonomy":"product_brand","embeddable":true,"href":"https:\/\/www.hydraulic-cylinders.net\/fi\/wp-json\/wp\/v2\/product_brand?post=15460"},{"taxonomy":"product_cat","embeddable":true,"href":"https:\/\/www.hydraulic-cylinders.net\/fi\/wp-json\/wp\/v2\/product_cat?post=15460"},{"taxonomy":"product_tag","embeddable":true,"href":"https:\/\/www.hydraulic-cylinders.net\/fi\/wp-json\/wp\/v2\/product_tag?post=15460"}],"curies":[{"name":"wp","href":"https:\/\/api.w.org\/{rel}","templated":true}]}}