{"id":1547,"date":"2023-09-28T08:19:40","date_gmt":"2023-09-28T08:19:40","guid":{"rendered":"https:\/\/hydraulic-cylinders.net\/?post_type=product&#038;p=1547"},"modified":"2025-04-15T05:44:38","modified_gmt":"2025-04-15T05:44:38","slug":"mobile-crane-luffing-cylinder","status":"publish","type":"product","link":"https:\/\/www.hydraulic-cylinders.net\/fi\/tuote\/mobile-crane-luffing-cylinder\/","title":{"rendered":"Mobiilinosturin luffing-sylinteri"},"content":{"rendered":"<h1 style=\"text-align: center;\"><strong>Mobiilinosturin luffing-sylinteri<\/strong><\/h1>\n<p><img loading=\"lazy\" decoding=\"async\" class=\"aligncenter wp-image-1548\" src=\"https:\/\/hydraulic-cylinders.net\/wp-content\/uploads\/2023\/09\/luffing-cylinder-1-2-300x300.webp\" alt=\"\" width=\"400\" height=\"400\" \/><\/p>\n<p>Mobiilinosturin nostosylinteri on olennainen osa mobiilinosturij\u00e4rjestelmi\u00e4, ja se on suunniteltu parantamaan n\u00e4iden tehokkaiden koneiden pystysuoraa ulottuvuutta ja nostotehokkuutta. T\u00e4ll\u00e4 hydraulisylinterill\u00e4 on ratkaiseva rooli nosturin puomin kulman s\u00e4\u00e4t\u00e4misess\u00e4, mink\u00e4 ansiosta k\u00e4ytt\u00e4j\u00e4t voivat pident\u00e4\u00e4 tai vet\u00e4\u00e4 puomia tasaisesti ja tarkasti.<\/p>\n<p>Mobiilinosturin nostosylinteri on elint\u00e4rke\u00e4 mobiilinostureiden pystysuoran ulottuvuuden, nostotehokkuuden ja yleisen suorituskyvyn parantamiseksi. Kest\u00e4v\u00e4n rakenteensa, tarkan kulmans\u00e4\u00e4d\u00f6n, pidennettyn \u200b\u200bpystysuoran tilan ja parannetun nostokapasiteetin ansiosta t\u00e4m\u00e4 hydraulisylinteri antaa k\u00e4ytt\u00e4jille mahdollisuuden navigoida haastavissa rakennusty\u00f6mailla ja teollisuusymp\u00e4rist\u00f6iss\u00e4 helposti ja turvallisesti. Noudattamalla suositeltuja k\u00e4ytt\u00f6menetelmi\u00e4 ja huoltok\u00e4yt\u00e4nt\u00f6j\u00e4 k\u00e4ytt\u00e4j\u00e4t voivat maksimoida mobiilinosturin nostosylinterin k\u00e4ytt\u00f6i\u00e4n ja suorituskyvyn, mik\u00e4 lis\u00e4\u00e4 tuottavuutta, tehokkuutta ja k\u00e4ytt\u00e4j\u00e4n luottamusta erilaisten nostoteht\u00e4vien suorittamiseen. Investoi t\u00e4h\u00e4n olennaiseen hydraulikomponenttiin parantaaksesi mobiilinosturisi ominaisuuksia ja varmistaaksesi onnistuneen ja tehokkaan toiminnan erilaisissa rakennus- ja teollisuussovelluksissa.<\/p>\n<p>Ajoneuvonosturin luffing-sylinterin t\u00e4rkeimm\u00e4t ominaisuudet:<\/p>\n<ol>\n<li>Vankka rakenne:<\/li>\n<\/ol>\n<ul>\n<li>Mobiilinosturin nostosylinteri on valmistettu korkealaatuisista materiaaleista, mik\u00e4 varmistaa kest\u00e4vyyden, lujuuden ja kest\u00e4vyyden raskaille kuormille ja ankarille ymp\u00e4rist\u00f6olosuhteille.<\/li>\n<li>Se on suunniteltu kest\u00e4m\u00e4\u00e4n vaativien rakennusty\u00f6maiden rasitukset ja yll\u00e4pit\u00e4m\u00e4\u00e4n optimaalista suorituskyky\u00e4 pitki\u00e4 aikoja.<\/li>\n<\/ul>\n<ol start=\"2\">\n<li>Tarkka kulman s\u00e4\u00e4t\u00f6:<\/li>\n<\/ol>\n<ul>\n<li>T\u00e4m\u00e4 hydraulisylinteri mahdollistaa nosturin puomin tarkan kulman s\u00e4\u00e4d\u00f6n, mik\u00e4 antaa k\u00e4ytt\u00e4jille hienos\u00e4\u00e4dett\u00e4v\u00e4\u00e4 pystysuoraa ulottuvuutta ja asemointia.<\/li>\n<li>Se tarjoaa sujuvan ja reagoivan liikkeen, mik\u00e4 mahdollistaa kuorman tarkan sijoittelun ja minimoi t\u00f6rm\u00e4ysten tai onnettomuuksien riskin.<\/li>\n<\/ul>\n<ol start=\"3\">\n<li>Laajennettu vertikaalinen ulottuvuus:<\/li>\n<\/ol>\n<ul>\n<li>Mobiilinosturin kallistussylinteri pident\u00e4\u00e4 nosturin pystysuoraa ulottuvuutta s\u00e4\u00e4t\u00e4m\u00e4ll\u00e4 puomin kulmaa.<\/li>\n<li>Se parantaa nosturin joustavuutta korkealla sijaitsevien ty\u00f6alueiden, kuten korkeiden rakennusty\u00f6maiden tai teollisuuslaitosten, k\u00e4yt\u00f6ss\u00e4.<\/li>\n<\/ul>\n<ol start=\"4\">\n<li>Nostotehokkuus:<\/li>\n<\/ol>\n<ul>\n<li>Optimoimalla puomin kulmaa luffaussylinteri parantaa mobiilinosturin nostotehokkuutta.<\/li>\n<li>Se mahdollistaa paremman kuorman jakautumisen, v\u00e4hent\u00e4\u00e4 nosturin komponentteihin kohdistuvaa rasitusta ja parantaa nostokapasiteettia.<\/li>\n<\/ul>\n<h2><strong>Mobiilinosturin luffing-sylinterin parametri:<\/strong><\/h2>\n<table border=\"1\" cellspacing=\"0\" cellpadding=\"0\">\n<tbody>\n<tr>\n<td>Tuotteen nimi<\/td>\n<td>Mobiilinosturin luffing-sylinteri<\/td>\n<\/tr>\n<tr>\n<td>Ominaisuudet:<\/td>\n<td>Puomin yl\u00f6s-alas-py\u00f6r\u00f6liikkeen toteuttaminen on noston t\u00e4rkein liikkeellepaneva voima<\/td>\n<\/tr>\n<tr>\n<td>Rei\u00e4n halkaisija:<\/td>\n<td>100 mm\uff5e560 mm<\/td>\n<\/tr>\n<tr>\n<td>Tangon halkaisija:<\/td>\n<td>50 mm\uff5e480 mm<br \/>\nIsku \u22645000 mm<\/td>\n<\/tr>\n<tr>\n<td>Paine:<\/td>\n<td>Enimm\u00e4ispaine 36 MPa<\/td>\n<\/tr>\n<tr>\n<td>Luffing-sylinterin sovellukset:<\/td>\n<td>Mobiilinosturi<\/td>\n<\/tr>\n<\/tbody>\n<\/table>\n<h2><strong>Mobiilinosturin tunnistuskaavio:<\/strong><\/h2>\n<p><img loading=\"lazy\" decoding=\"async\" class=\"alignnone wp-image-1551 size-full\" src=\"https:\/\/hydraulic-cylinders.net\/wp-content\/uploads\/2023\/09\/mobile-crane-cylinder-construction-1.webp\" alt=\"\" width=\"1418\" height=\"946\" srcset=\"https:\/\/hydraulic-cylinders.net\/wp-content\/uploads\/2023\/09\/mobile-crane-cylinder-construction-1.webp 1418w, https:\/\/hydraulic-cylinders.net\/wp-content\/uploads\/2023\/09\/mobile-crane-cylinder-construction-1-1280x854.webp 1280w, https:\/\/hydraulic-cylinders.net\/wp-content\/uploads\/2023\/09\/mobile-crane-cylinder-construction-1-980x654.webp 980w, https:\/\/hydraulic-cylinders.net\/wp-content\/uploads\/2023\/09\/mobile-crane-cylinder-construction-1-480x320.webp 480w\" sizes=\"(min-width: 0px) and (max-width: 480px) 480px, (min-width: 481px) and (max-width: 980px) 980px, (min-width: 981px) and (max-width: 1280px) 1280px, (min-width: 1281px) 1418px, 100vw\" \/><\/p>\n<h2><strong>Mobiilinosturin luffing-sylinterin k\u00e4ytt\u00f6tapa<\/strong><strong>:<\/strong><\/h2>\n<ol>\n<li><strong>Turvaohjeet:<\/strong><\/li>\n<\/ol>\n<ul>\n<li>Ennen mobiilinosturin k\u00e4ytt\u00f6\u00e4 varmista, ett\u00e4 kaikkia turvallisuusohjeita ja -m\u00e4\u00e4r\u00e4yksi\u00e4 on noudatettu.<\/li>\n<li>Suorita nosturin ja sen osien, mukaan lukien nostolaitteen sylinterin, perusteellinen tarkastus varmistaaksesi, ett\u00e4 ne ovat oikeassa toimintakunnossa.<\/li>\n<\/ul>\n<ol start=\"2\">\n<li><strong>Tutustu ohjauslaitteisiin:<\/strong><\/li>\n<\/ol>\n<ul>\n<li>Ymm\u00e4rr\u00e4 mobiilinosturimallisi erityiset ohjausmekanismit ja k\u00e4ytt\u00f6tavat.<\/li>\n<li>Tunnista kallistuskulman s\u00e4\u00e4t\u00f6laite ja varmista, ett\u00e4 se toimii oikein.<\/li>\n<\/ul>\n<ol start=\"3\">\n<li><strong>Kallistuskulman s\u00e4\u00e4t\u00f6:<\/strong><\/li>\n<\/ol>\n<ul>\n<li>Aktivoi kallistussylinterin ohjain, joka sijaitsee yleens\u00e4 kuljettajan hytiss\u00e4.<\/li>\n<li>K\u00e4yt\u00e4 ohjainta puomin pident\u00e4miseen tai lyhent\u00e4miseen ja s\u00e4\u00e4d\u00e4 kallistuskulmaa nostotoiminnon mukaan.<\/li>\n<li>Noudata kuormituskaavioita ja valmistajan ohjeita sopivien kallistuskulmien suhteen kuorman painon ja s\u00e4teen perusteella.<\/li>\n<\/ul>\n<ol start=\"4\">\n<li><strong>Kuorman sijoittelu ja valvonta:<\/strong><\/li>\n<\/ol>\n<ul>\n<li>Kun haluttu kallistuskulma on saavutettu, aseta kuorma varovasti nosturin muilla hallintalaitteilla, kuten nosto- ja k\u00e4\u00e4nt\u00f6mekanismeilla.<\/li>\n<li>Tarkkaile kuormaa jatkuvasti ja s\u00e4\u00e4d\u00e4 kallistuskulmaa vakauden ja turvallisuuden yll\u00e4pit\u00e4miseksi noston aikana.<\/li>\n<\/ul>\n<h2><strong>Kuinka vapauttaa paine hydraulij\u00e4rjestelm\u00e4ss\u00e4?<\/strong><\/h2>\n<p>Paineen vapauttaminen hydraulij\u00e4rjestelm\u00e4st\u00e4 on v\u00e4ltt\u00e4m\u00e4t\u00f6n turvallisuustoimenpide, jota on noudatettava aina huolto- tai korjaust\u00f6it\u00e4 suoritettaessa. T\u00e4ss\u00e4 ovat yleiset vaiheet paineen vapauttamiseksi hydraulij\u00e4rjestelm\u00e4st\u00e4:<\/p>\n<ol>\n<li><strong>Virtal\u00e4hteen tunnistaminen:<\/strong>\n<ul>\n<li>M\u00e4\u00e4rit\u00e4 hydraulij\u00e4rjestelm\u00e4\u00e4n painetta sy\u00f6tt\u00e4v\u00e4 voimanl\u00e4hde, kuten s\u00e4hk\u00f6moottori, polttomoottorik\u00e4ytt\u00f6inen pumppu tai k\u00e4sik\u00e4ytt\u00f6inen pumppu.<\/li>\n<li>Paikanna virtal\u00e4hteeseen liittyv\u00e4 virtakytkin tai s\u00e4\u00e4t\u00f6venttiili.<\/li>\n<\/ul>\n<\/li>\n<li><strong>Sammuta virtal\u00e4hde:<\/strong>\n<ul>\n<li>Katkaise virta virtakytkimest\u00e4 tai s\u00e4\u00e4t\u00f6venttiilist\u00e4, jotta virtal\u00e4hde ei sy\u00f6t\u00e4 painetta hydraulij\u00e4rjestelm\u00e4\u00e4n.<\/li>\n<li>Jos moottori k\u00e4ytt\u00e4\u00e4 hydraulij\u00e4rjestelm\u00e4\u00e4, sammuta moottori kokonaan.<\/li>\n<\/ul>\n<\/li>\n<li><strong>J\u00e4rjestelm\u00e4n ohjauslaitteiden k\u00e4ytt\u00f6\u00f6notto:<\/strong>\n<ul>\n<li>K\u00e4yt\u00e4 hydraulij\u00e4rjestelm\u00e4n ohjausventtiilej\u00e4 tai kytkimi\u00e4 siirt\u00e4\u00e4ksesi toimilaitteita tai komponentteja neutraali- tai lepoasentoon.<\/li>\n<li>T\u00e4m\u00e4 vaihe auttaa poistamaan j\u00e4\u00e4nn\u00f6spaineen ja sallii hydraulinesteen virtauksen takaisin s\u00e4ili\u00f6\u00f6n.<\/li>\n<\/ul>\n<\/li>\n<li><strong>Paineen vapautus pumpusta:<\/strong>\n<ul>\n<li>Jos hydraulij\u00e4rjestelm\u00e4ss\u00e4 on pumppu, jossa on paineenalennusventtiili, paikanna venttiili.<\/li>\n<li>K\u00e4\u00e4nn\u00e4 paineenalennusventtiili\u00e4 vastap\u00e4iv\u00e4\u00e4n (tai valmistajan ohjeiden mukaisesti) vapauttaaksesi painetta v\u00e4hitellen.<\/li>\n<li>Jos j\u00e4rjestelm\u00e4n painemittari on saatavilla, tarkista se varmistaaksesi, ett\u00e4 paine on laskenut.<\/li>\n<\/ul>\n<\/li>\n<li><strong>Ilmaa j\u00e4rjestelm\u00e4st\u00e4:<\/strong>\n<ul>\n<li>Joissakin hydraulij\u00e4rjestelmiss\u00e4 voi olla ilmaa loukussa j\u00e4rjestelm\u00e4n sis\u00e4ll\u00e4, mik\u00e4 voi aiheuttaa paineen nousua.<\/li>\n<li>Ilman p\u00e4\u00e4st\u00e4miseksi avaa ilmausventtiilit tai l\u00f6ys\u00e4\u00e4 liittimi\u00e4 strategisesti, jotta ilma p\u00e4\u00e4see poistumaan.<\/li>\n<li>Aloita j\u00e4rjestelm\u00e4n alhaisimmista kohdista ja etene kohti korkeimpia pisteit\u00e4.<\/li>\n<li>Jatka j\u00e4rjestelm\u00e4n ilmaamista, kunnes hydraulinestett\u00e4 virtaa tasaisesti ilman ilmakuplia.<\/li>\n<\/ul>\n<\/li>\n<li><strong>Tarkista paineen vapautus:<\/strong>\n<ul>\n<li>Tarkista painemittarista, jos sellainen on, ett\u00e4 paine on t\u00e4ysin vapautettu.<\/li>\n<li>Tarkista j\u00e4rjestelm\u00e4n s\u00e4\u00e4timet kahdesti varmistaaksesi, ett\u00e4 kaikki toimilaitteet ja komponentit ovat neutraalissa asennossa tai lepotilassa.<\/li>\n<\/ul>\n<\/li>\n<\/ol>\n<h2><strong>Tehtaan kapasiteetti ja kapasiteetti:<\/strong><\/h2>\n<h3>(1) Kokoonpano<\/h3>\n<p>Meill\u00e4 on ensiluokkainen riippumaton tutkimus- ja kehitysty\u00f6n kokoonpanoalusta. Hydraulisylinterien tuotantopajassa on nelj\u00e4 puoliautomaattista nostosylinterin kokoonpanolinjaa ja yksi automaattinen kallistussylinterin kokoonpanolinja, joiden suunniteltu vuotuinen tuotantokapasiteetti on 1 miljoona kappaletta. Erikoissylinterin ty\u00f6paja on varustettu erilaisilla eritelmill\u00e4 puoliautomaattisen puhdistusasennuksen kokoonpanoj\u00e4rjestelm\u00e4ll\u00e4, jonka suunniteltu vuotuinen tuotantokapasiteetti on 200 000, ja se on varustettu kuuluisilla CNC-ty\u00f6st\u00f6laitteilla, ty\u00f6st\u00f6keskuksella, korkean tarkkuuden sylinterin k\u00e4sittelyyn tarkoitetuilla erityislaitteilla, robottihitsauskoneella, automaattisella puhdistuslaitteella, automaattisella sylinterin kokoonpanokoneella ja automaattisella maalaustuotantolinjalla. Olemassa olevat kriittiset laitteet yli 300 sarjaa (sarjaa). Laiteresurssien optimaalinen kohdentaminen ja tehokas k\u00e4ytt\u00f6 varmistavat tuotteiden tarkkuusvaatimukset ja t\u00e4ytt\u00e4v\u00e4t tuotteiden laatuvaatimukset.<\/p>\n<p><img loading=\"lazy\" decoding=\"async\" class=\"alignnone wp-image-626\" src=\"https:\/\/hydraulic-cylinders.net\/wp-content\/uploads\/2023\/08\/hydraulic-cylinder-product-1-300x158.webp\" alt=\"\" width=\"495\" height=\"260\" srcset=\"https:\/\/hydraulic-cylinders.net\/wp-content\/uploads\/2023\/08\/hydraulic-cylinder-product-1-300x158.webp 495w, https:\/\/hydraulic-cylinders.net\/wp-content\/uploads\/2023\/08\/hydraulic-cylinder-product-1-480x252.webp 480w\" sizes=\"(min-width: 0px) and (max-width: 480px) 480px, (min-width: 481px) 495px, 100vw\" \/> <img loading=\"lazy\" decoding=\"async\" class=\"alignnone wp-image-627\" src=\"https:\/\/hydraulic-cylinders.net\/wp-content\/uploads\/2023\/08\/hydraulic-cylinder-product-2-300x189.webp\" alt=\"\" width=\"413\" height=\"260\" \/><\/p>\n<h3>(2) Koneistus<\/h3>\n<p>Ty\u00f6st\u00f6paja on varustettu r\u00e4\u00e4t\u00e4l\u00f6idyll\u00e4 kaltevalla kiskosorvauskeskuksella, ty\u00f6st\u00f6keskuksella, suurnopeus-hiontakoneella, hitsausrobotilla ja muilla vastaavilla laitteilla, joilla voidaan k\u00e4sitell\u00e4 sylinteriputkia, joiden sis\u00e4halkaisija on enint\u00e4\u00e4n 400 mm ja enimm\u00e4ispituus on 6 metri\u00e4.<\/p>\n<p><img loading=\"lazy\" decoding=\"async\" class=\"alignnone wp-image-628 size-large\" src=\"https:\/\/hydraulic-cylinders.net\/wp-content\/uploads\/2023\/08\/hydraulic-cylinder-product-3-1024x391.webp\" alt=\"\" width=\"1024\" height=\"391\" srcset=\"https:\/\/hydraulic-cylinders.net\/wp-content\/uploads\/2023\/08\/hydraulic-cylinder-product-3-980x374.webp 980w, https:\/\/hydraulic-cylinders.net\/wp-content\/uploads\/2023\/08\/hydraulic-cylinder-product-3-480x183.webp 480w\" sizes=\"(min-width: 0px) and (max-width: 480px) 480px, (min-width: 481px) and (max-width: 980px) 980px, (min-width: 981px) 1024px, 100vw\" \/><\/p>\n<h3>(3) Hitsaus<\/h3>\n<p><img loading=\"lazy\" decoding=\"async\" class=\"alignnone wp-image-629 size-large\" src=\"https:\/\/hydraulic-cylinders.net\/wp-content\/uploads\/2023\/08\/hydraulic-cylinder-product-4-1024x510.webp\" alt=\"\" width=\"1024\" height=\"510\" srcset=\"https:\/\/hydraulic-cylinders.net\/wp-content\/uploads\/2023\/08\/hydraulic-cylinder-product-4-980x488.webp 980w, https:\/\/hydraulic-cylinders.net\/wp-content\/uploads\/2023\/08\/hydraulic-cylinder-product-4-480x239.webp 480w\" sizes=\"(min-width: 0px) and (max-width: 480px) 480px, (min-width: 481px) and (max-width: 980px) 980px, (min-width: 981px) 1024px, 100vw\" \/><\/p>\n<h3>(4) Maalaus ja pinnoitus<\/h3>\n<p>Pienill\u00e4 ja keskisuurilla sylinterin automaattisilla vesipohjaisilla maalipinnoituslinjoilla automaattisen robotin lastaus- ja purku- ja automaattisen ruiskutuksen saavuttamiseksi, suunnittelukapasiteetti on 4000 kappaletta vuorossa;<br \/>\nMeill\u00e4 on my\u00f6s puoliautomaattinen maalauslinja suurille sylintereille, joka toimii voimaketjulla ja jonka suunnittelukapasiteetti on 60 laatikkoa ty\u00f6vuorossa.<\/p>\n<p><img loading=\"lazy\" decoding=\"async\" class=\"alignnone wp-image-630\" src=\"https:\/\/hydraulic-cylinders.net\/wp-content\/uploads\/2023\/08\/hydraulic-cylinder-product-5-300x213.webp\" alt=\"\" width=\"366\" height=\"260\" \/> <img loading=\"lazy\" decoding=\"async\" class=\"alignnone wp-image-631\" src=\"https:\/\/hydraulic-cylinders.net\/wp-content\/uploads\/2023\/08\/hydraulic-cylinder-product-6-300x225.webp\" alt=\"\" width=\"347\" height=\"260\" \/><\/p>\n<h3>(5) Testaus<\/h3>\n<p>Meill\u00e4 on ensiluokkaiset tarkastustilat ja testialustat, joilla varmistetaan, ett\u00e4 sylinterin suorituskyky t\u00e4ytt\u00e4\u00e4 vaatimukset.<\/p>\n<p><img loading=\"lazy\" decoding=\"async\" class=\"alignnone wp-image-632\" src=\"https:\/\/hydraulic-cylinders.net\/wp-content\/uploads\/2023\/08\/hydraulic-cylinder-product-8-300x200.webp\" alt=\"\" width=\"389\" height=\"260\" \/><\/p>\n<p>&nbsp;<\/p>\n<p>&nbsp;<\/p>\n<p>Olemme yksi parhaista hydraulisylintereiden valmistajista. Voimme tarjota kattavia hydraulisylintereit\u00e4. Tarjoamme my\u00f6s vastaavia <a href=\"https:\/\/hzpt.com\/agricultural-pto-gearbox\/\" target=\"_blank\" rel=\"noopener\">maatalousvaihteistot<\/a>Olemme vieneet tuotteitamme asiakkaille maailmanlaajuisesti ja ansainneet hyv\u00e4n maineen erinomaisen tuotelaadun ja huoltopalvelumme ansiosta. Toivotamme tervetulleeksi asiakkaat kotimaassa ja ulkomailla ottamaan meihin yhteytt\u00e4 neuvotellakseen liiketoimista, vaihtaakseen tietoja ja <a href=\"https:\/\/www.hydraulic-cylinders.net\/fi\/contact-us\/\">tehd\u00e4 yhteisty\u00f6t\u00e4 kanssamme<\/a>!<\/p>","protected":false},"excerpt":{"rendered":"<p>Mobile Crane Luffing Cylinder The mobile crane luffing cylinder is essential in mobile crane systems and is designed to enhance these powerful machines&#8217; vertical reach and lifting efficiency. This hydraulic cylinder plays a crucial role in adjusting the angle of the crane&#8217;s boom, allowing operators to extend or retract the boom smoothly and precisely. The [&hellip;]<\/p>","protected":false},"featured_media":1560,"comment_status":"open","ping_status":"closed","template":"","meta":{"_et_pb_use_builder":"","_et_pb_old_content":"","_et_gb_content_width":""},"product_brand":[],"product_cat":[1550,1514,1552],"product_tag":[1380],"class_list":{"0":"post-1547","1":"product","2":"type-product","3":"status-publish","4":"has-post-thumbnail","6":"product_cat-double-acting-hydraulic-cylinder","7":"product_cat-mobile-crane-hydraulic-cylinders","8":"product_cat-stainless-steel-hydraulic-cylinder","9":"product_tag-hydraulic-cylinder","11":"first","12":"instock","13":"shipping-taxable","14":"product-type-simple"},"amp_enabled":true,"_links":{"self":[{"href":"https:\/\/www.hydraulic-cylinders.net\/fi\/wp-json\/wp\/v2\/product\/1547","targetHints":{"allow":["GET"]}}],"collection":[{"href":"https:\/\/www.hydraulic-cylinders.net\/fi\/wp-json\/wp\/v2\/product"}],"about":[{"href":"https:\/\/www.hydraulic-cylinders.net\/fi\/wp-json\/wp\/v2\/types\/product"}],"replies":[{"embeddable":true,"href":"https:\/\/www.hydraulic-cylinders.net\/fi\/wp-json\/wp\/v2\/comments?post=1547"}],"wp:featuredmedia":[{"embeddable":true,"href":"https:\/\/www.hydraulic-cylinders.net\/fi\/wp-json\/wp\/v2\/media\/1560"}],"wp:attachment":[{"href":"https:\/\/www.hydraulic-cylinders.net\/fi\/wp-json\/wp\/v2\/media?parent=1547"}],"wp:term":[{"taxonomy":"product_brand","embeddable":true,"href":"https:\/\/www.hydraulic-cylinders.net\/fi\/wp-json\/wp\/v2\/product_brand?post=1547"},{"taxonomy":"product_cat","embeddable":true,"href":"https:\/\/www.hydraulic-cylinders.net\/fi\/wp-json\/wp\/v2\/product_cat?post=1547"},{"taxonomy":"product_tag","embeddable":true,"href":"https:\/\/www.hydraulic-cylinders.net\/fi\/wp-json\/wp\/v2\/product_tag?post=1547"}],"curies":[{"name":"wp","href":"https:\/\/api.w.org\/{rel}","templated":true}]}}