{"id":15471,"date":"2025-01-19T14:34:17","date_gmt":"2025-01-19T14:34:17","guid":{"rendered":"https:\/\/www.hydraulic-cylinders.net\/product\/bucket-cylinder-for-xcmg-middle-excavator-xe240\/"},"modified":"2025-01-19T14:34:19","modified_gmt":"2025-01-19T14:34:19","slug":"bucket-cylinder-for-xcmg-middle-excavator-xe240","status":"publish","type":"product","link":"https:\/\/www.hydraulic-cylinders.net\/fi\/tuote\/bucket-cylinder-for-xcmg-middle-excavator-xe240\/","title":{"rendered":"Kauhan sylinteri XCMG:n keskikaivinkoneelle XE240"},"content":{"rendered":"<h1> Kauhan sylinteri XCMG:n keskikaivinkoneelle XE240 <\/h1>\n<h2>Johdanto<\/h2>\n<p>XCMG:n XE240-keskikaivukoneen kauhan sylinteri on erityisesti suunniteltu hydraulisylinteri, jota k\u00e4ytet\u00e4\u00e4n kauhan liikkeen ohjaamiseen raskaissa koneissa, kuten kaivinkoneissa, traktorikaivureissa ja etukuormaajissa. Sen p\u00e4\u00e4teht\u00e4v\u00e4n\u00e4 on mahdollistaa kauhan nostaminen, laskeminen ja kallistaminen, mik\u00e4 tekee siit\u00e4 ihanteellisen erilaisiin materiaalink\u00e4sittelyteht\u00e4viin. Hydraulij\u00e4rjestelm\u00e4ss\u00e4 kauhan sylinteri saavuttaa tarkan kauhan hallinnan hydrauli\u00f6ljyn paineen muutosten avulla, mink\u00e4 ansiosta k\u00e4ytt\u00e4j\u00e4t voivat k\u00e4sitell\u00e4 raskaita kuormia tehokkaasti ja sopeutua monimutkaisiin ty\u00f6ymp\u00e4rist\u00f6ihin ja erilaisiin k\u00e4ytt\u00f6vaatimuksiin.<\/p>\n<p><img decoding=\"async\" src=\"https:\/\/www.hydraulic-cylinders.net\/wp-content\/uploads\/2025\/01\/songte-company-2.webp\" alt=\"Kauhan sylinteri\" \/><\/p>\n<h2>Ominaisuudet<\/h2>\n<ul>\n<li>Suuri lujuus ja kest\u00e4vyys: Yleens\u00e4 valmistettu eritt\u00e4in lujasta ter\u00e4ksest\u00e4 tai alumiinista, se kest\u00e4\u00e4 korkeaa painetta ja raskaita kuormia, sopeutuu vaativiin ty\u00f6ymp\u00e4rist\u00f6ihin ja on suunniteltu ottaen huomioon kulutuskest\u00e4vyys ja korroosionkest\u00e4vyys, mik\u00e4 pident\u00e4\u00e4 sen k\u00e4ytt\u00f6ik\u00e4\u00e4.<\/li>\n<li>Tehokas hydraulinen toiminta: Hy\u00f6dynt\u00e4\u00e4 hydrauli\u00f6ljyn painetta tasaisen pidennyksen ja supistuksen saavuttamiseksi, mik\u00e4 tarjoaa tehokkaan ty\u00f6nt\u00f6- ja vetovoiman, joka soveltuu raskaiden kuormien k\u00e4sittelyyn ja monimutkaisiin k\u00e4ytt\u00f6teht\u00e4viin.<\/li>\n<li>Erilaisia \u200b\u200btyyppej\u00e4: Voidaan valita tarpeiden mukaan yksitoimisiksi (hydrauliikkaa vain yhteen suuntaan) tai kaksitoimisiksi (hydrauliikkaa molempiin suuntiin) sylintereiksi erilaisten k\u00e4ytt\u00f6tarpeiden t\u00e4ytt\u00e4miseksi. Jotkut mallit ovat teleskooppisia, mik\u00e4 mahdollistaa suuremman jatkeen ilman ulkomittojen kasvua, joten ne sopivat ahtaisiin sovelluksiin.<\/li>\n<li>T\u00e4ydellinen korvaaja hydraulisylintereille: Tuotteemme voivat t\u00e4ydellisesti korvata n\u00e4m\u00e4 hydraulisylinterit kustannuss\u00e4\u00e4st\u00f6jen ja tehokkuuden parantamiseksi.<\/li>\n<li>Mukautettava: Voidaan mukauttaa asiakkaan vaatimusten mukaisesti vastaamaan erityisi\u00e4 operatiivisia tarpeita.<\/li>\n<\/ul>\n<p><img decoding=\"async\" src=\"https:\/\/www.hydraulic-cylinders.net\/wp-content\/uploads\/2025\/01\/songte-cylinder-head-with-all-kinds-excavator-models.webp\" alt=\"Kauhan sylinterimallit\" \/><\/p>\n<h2>Sovellukset<\/h2>\n<p>Kauhasylintereit\u00e4 k\u00e4ytet\u00e4\u00e4n yleisesti eri aloilla ja sovelluksissa, kuten:<\/p>\n<h3>Rakennuslaitteet<\/h3>\n<p>Kaivinkoneissa ne ovat elint\u00e4rkeit\u00e4 kaivamisessa, lastaamisessa ja maaper\u00e4n tai roskien siirt\u00e4misess\u00e4. Kaivinkoneissa kauhan sylinteri auttaa sek\u00e4 kaivamisessa ett\u00e4 nostamisessa. Etukuormaajissa ne auttavat tavaroiden tehokkaassa nostamisessa ja tyhjent\u00e4misess\u00e4.<\/p>\n<h3>Maatalouskoneet<\/h3>\n<p>K\u00e4ytet\u00e4\u00e4n etukuormaajissa maan, hein\u00e4n ja muiden materiaalien kaivamiseen, nostamiseen ja kuljettamiseen. Kaivinkoneissa kauhan sylinteri saavuttaa kaivutoiminnon antamalla kauhan tunkeutua maahan. Sylinteri auttaa my\u00f6s kallistuksessa ja tyhjennyksess\u00e4 etukuormaajissa, mik\u00e4 tekee siit\u00e4 tehokkaampaa.<\/p>\n<h2>Suunnittelun\u00e4k\u00f6kohdat ja valintakriteerit<\/h2>\n<p>Kauhasylinterien suunnittelussa huomioon otettavia seikkoja ovat kuormankantokyky, tiiviys, kest\u00e4vyys, turvallisuus ja huollettavuus. Joitakin keskeisi\u00e4 suunnittelun\u00e4k\u00f6kohtia ja valintakriteerej\u00e4 ovat:<\/p>\n<ul>\n<li>\n<h3>Kantavuus:<\/h3>\n<p> Sylinterin tulee olla valmistettu eritt\u00e4in lujista materiaaleista kest\u00e4m\u00e4\u00e4n erilaisissa sovelluksissa vaadittavaa korkeaa painetta ja raskaita kuormia.<\/li>\n<li>\n<h3>Tiivistys:<\/h3>\n<p> Erilaisia \u200b\u200btiivisteit\u00e4, kuten m\u00e4nn\u00e4ntiivisteit\u00e4 ja varren tiivisteit\u00e4, k\u00e4ytet\u00e4\u00e4n varmistamaan, ett\u00e4 hydraulineste ei vuoda sylinterist\u00e4.<\/li>\n<li>\n<h3>Kest\u00e4vyys:<\/h3>\n<p> Sylinterin tulee olla suunniteltu kest\u00e4m\u00e4\u00e4n kulumista ja korroosiota k\u00e4ytt\u00f6ik\u00e4ns\u00e4 pident\u00e4miseksi.<\/li>\n<li>\n<h3>Turvallisuus:<\/h3>\n<p> Sylinterin tulee olla suunniteltu turvallisen k\u00e4yt\u00f6n varmistamiseksi, esimerkiksi k\u00e4ytt\u00e4m\u00e4ll\u00e4 iskunvaimentimia iskujen v\u00e4hent\u00e4miseksi ja varoventtiilej\u00e4 ylikuormituksen est\u00e4miseksi.<\/li>\n<li>\n<h3>Yll\u00e4pidett\u00e4vyys:<\/h3>\n<p> Sylinterin suunnittelussa tulee ottaa huomioon helppo huolto, kuten helppo purkaminen ja kokoaminen sek\u00e4 helposti vaihdettavien osien k\u00e4ytt\u00f6.<\/li>\n<\/ul>\n<p><img decoding=\"async\" src=\"https:\/\/www.hydraulic-cylinders.net\/wp-content\/uploads\/2025\/01\/songte-oil-pipes-and-spare-parts.webp\" alt=\"Kauhan sylinterin osat\" \/><\/p>\n<h2>Tiivistys ja voitelu<\/h2>\n<p>Kauhasylinteriss\u00e4 k\u00e4ytet\u00e4\u00e4n erilaisia \u200b\u200btiivisteit\u00e4, kuten m\u00e4nn\u00e4ntiivisteit\u00e4 ja varren tiivisteit\u00e4, hydraulinesteen vuotamisen est\u00e4miseksi. Tiivisteet on tyypillisesti valmistettu kulutusta kest\u00e4vist\u00e4 materiaaleista, kuten polyuretaanista ja nitriilikumista. Sylinterin runko ja kierteitetyt p\u00e4\u00e4typinnat on hienok\u00e4sitelty kulutuskest\u00e4vyyden parantamiseksi. Sylinteri vaatii s\u00e4\u00e4nn\u00f6llist\u00e4 voitelua hydrauli\u00f6ljyll\u00e4 sujuvan toiminnan yll\u00e4pit\u00e4miseksi ja kulumisen est\u00e4miseksi.<\/p>\n<h2>Huolto ja korjaus<\/h2>\n<p>Kauhan sylinteri vaatii s\u00e4\u00e4nn\u00f6llist\u00e4 huoltoa optimaalisen suorituskyvyn ja pitk\u00e4n k\u00e4ytt\u00f6i\u00e4n varmistamiseksi. Joitakin yleisi\u00e4 huoltoteht\u00e4vi\u00e4 ovat:<\/p>\n<ul>\n<li>S\u00e4\u00e4nn\u00f6llinen tarkastus: Tarkista sylinteri vuotojen, kulumisen ja vaurioiden varalta.<\/li>\n<li>Oikea voitelu: Voitele sylinteri s\u00e4\u00e4nn\u00f6llisin v\u00e4liajoin sopivalla m\u00e4\u00e4r\u00e4ll\u00e4 hydrauliikka\u00f6ljy\u00e4.<\/li>\n<li>Tiivisteiden vaihto: Vaihda kuluneet tai vaurioituneet tiivisteet vuotojen est\u00e4miseksi ja sujuvan toiminnan varmistamiseksi.<\/li>\n<li>Kalibrointitarkistus: Tarkista sylinterin oikea kalibrointi varmistaaksesi tarkan toiminnan.<\/li>\n<\/ul>\n<p><img decoding=\"async\" src=\"https:\/\/www.hydraulic-cylinders.net\/wp-content\/uploads\/2025\/01\/songte-chushion-collar.webp\" alt=\"Kauhan sylinterin kaulus\" \/><\/p>\n<h2>Turvallisuusn\u00e4k\u00f6kohdat ja ymp\u00e4rist\u00f6tekij\u00e4t<\/h2>\n<p>Kauhasylinteri\u00e4 k\u00e4ytett\u00e4ess\u00e4 on t\u00e4rke\u00e4\u00e4 noudattaa turvaohjeita onnettomuuksien ja vammojen v\u00e4ltt\u00e4miseksi. Turvatoimenpiteisiin kuuluvat asianmukainen asennus, henkil\u00f6nsuojainten k\u00e4ytt\u00f6 ja k\u00e4ytt\u00e4jien riitt\u00e4v\u00e4 koulutus. On my\u00f6s t\u00e4rke\u00e4\u00e4 ottaa huomioon ymp\u00e4rist\u00f6tekij\u00e4t, kuten hydraulinesteen asianmukainen h\u00e4vitt\u00e4minen ja ymp\u00e4rist\u00f6vaikutusten minimointi.<\/p>\n<h2>Vianm\u00e4\u00e4ritys ja yleiset ongelmat<\/h2>\n<p>Kauhasylintereiden yleisi\u00e4 ongelmia ovat vuodot, kuluminen ja vauriot. Jos jokin n\u00e4ist\u00e4 ongelmista ilmenee, on t\u00e4rke\u00e4\u00e4 diagnosoida ja korjata ne viipym\u00e4tt\u00e4 lis\u00e4vaurioiden est\u00e4miseksi. Vianm\u00e4\u00e4ritysvinkkej\u00e4 ja -ratkaisuja ovat:<\/p>\n<ul>\n<li>Vuotava sylinteri: Tarkista tiivisteet ja vaihda tarvittaessa.<\/li>\n<li>Sylinteri ei liiku ulos tai sis\u00e4\u00e4n: Tarkista hydraulinesteen taso ja paine ja vaihda vaurioituneet osat tarvittaessa.<\/li>\n<li>Liiallinen melu tai t\u00e4rin\u00e4: Tarkista l\u00f6ysien tai vaurioituneiden osien varalta ja vaihda tarvittaessa.<\/li>\n<\/ul>\n<p><img decoding=\"async\" src=\"https:\/\/www.hydraulic-cylinders.net\/wp-content\/uploads\/2025\/01\/songte-bushings-with-all-kinds-of-excavator-models.webp\" alt=\"Kauhan sylinterin holkit\" \/><\/p>\n<h2>Tietoa yrityksest\u00e4mme<\/h2>\n<p>Olemme korvaavien hydraulisylinterien valmistaja ja tarjoamme laajan tuotevalikoiman. Olemme yksi johtavista hydraulisylinterien valmistajista ja tukkumyyjist\u00e4 kotimaisilla ja kansainv\u00e4lisill\u00e4 markkinoilla. Noudatamme huippuosaamisen periaatteita ja luotamme teollistettuihin tuotannonohjausstrategioihin hienoissa valmistuspajoissamme. Yrityksemme parantaa jatkuvasti valmistusymp\u00e4rist\u00f6\u00e4mme k\u00e4ytt\u00e4m\u00e4ll\u00e4 teknologiaosaamista, digitaalisia huippuluokan valmistuslaitteita ja ammattimaisia \u200b\u200btestausj\u00e4rjestelmi\u00e4. Meill\u00e4 on vahva luomiskyky ja tarjoamme tehokkaita, tarkkoja ja korkealaatuisia tuotteita asiakkaidemme monipuolisten tarpeiden t\u00e4ytt\u00e4miseksi.<\/p>\n<p>Yrityksemme tarjoaa ammattimaista, kansainv\u00e4list\u00e4 sertifiointia, r\u00e4\u00e4t\u00e4l\u00f6ityj\u00e4 palveluita, tuotantolaitteita ja j\u00e4lkimarkkinointipalvelua. Olemme sitoutuneet tarjoamaan asiakkaillemme korkealaatuisia tuotteita ja palveluita.<\/p>\n<p><img decoding=\"async\" src=\"https:\/\/www.hydraulic-cylinders.net\/wp-content\/uploads\/2025\/01\/songte-company-3.webp\" alt=\"Yrityksen imago\" \/><\/p>\n<p>Kirjoittaja Lyl.<\/p>","protected":false},"excerpt":{"rendered":"<p>Bucket Cylinder For XCMG Middle Excavator XE240 Introduction The bucket cylinder for XCMG middle excavator XE240 is a specially designed hydraulic cylinder used to control the movement of the bucket in heavy machinery such as excavators, backhoe excavators, and front-end loaders. Its main function is to enable the bucket to lift, lower, and tilt, making [&hellip;]<\/p>","protected":false},"featured_media":14773,"comment_status":"open","ping_status":"closed","template":"","meta":{"_et_pb_use_builder":"","_et_pb_old_content":"","_et_gb_content_width":""},"product_brand":[],"product_cat":[1494],"product_tag":[1495,1496],"class_list":{"0":"post-15471","1":"product","2":"type-product","3":"status-publish","4":"has-post-thumbnail","6":"product_cat-bucket-cylinders","7":"product_tag-bucket-cylinders","8":"product_tag-hydraulic-cylinders","10":"first","11":"instock","12":"shipping-taxable","13":"product-type-simple"},"amp_enabled":true,"_links":{"self":[{"href":"https:\/\/www.hydraulic-cylinders.net\/fi\/wp-json\/wp\/v2\/product\/15471","targetHints":{"allow":["GET"]}}],"collection":[{"href":"https:\/\/www.hydraulic-cylinders.net\/fi\/wp-json\/wp\/v2\/product"}],"about":[{"href":"https:\/\/www.hydraulic-cylinders.net\/fi\/wp-json\/wp\/v2\/types\/product"}],"replies":[{"embeddable":true,"href":"https:\/\/www.hydraulic-cylinders.net\/fi\/wp-json\/wp\/v2\/comments?post=15471"}],"wp:featuredmedia":[{"embeddable":true,"href":"https:\/\/www.hydraulic-cylinders.net\/fi\/wp-json\/wp\/v2\/media\/14773"}],"wp:attachment":[{"href":"https:\/\/www.hydraulic-cylinders.net\/fi\/wp-json\/wp\/v2\/media?parent=15471"}],"wp:term":[{"taxonomy":"product_brand","embeddable":true,"href":"https:\/\/www.hydraulic-cylinders.net\/fi\/wp-json\/wp\/v2\/product_brand?post=15471"},{"taxonomy":"product_cat","embeddable":true,"href":"https:\/\/www.hydraulic-cylinders.net\/fi\/wp-json\/wp\/v2\/product_cat?post=15471"},{"taxonomy":"product_tag","embeddable":true,"href":"https:\/\/www.hydraulic-cylinders.net\/fi\/wp-json\/wp\/v2\/product_tag?post=15471"}],"curies":[{"name":"wp","href":"https:\/\/api.w.org\/{rel}","templated":true}]}}