{"id":15472,"date":"2025-01-19T14:34:21","date_gmt":"2025-01-19T14:34:21","guid":{"rendered":"https:\/\/www.hydraulic-cylinders.net\/product\/bucket-cylinder-for-xcmg-middle-excavator-xe265c\/"},"modified":"2025-01-19T14:34:23","modified_gmt":"2025-01-19T14:34:23","slug":"bucket-cylinder-for-xcmg-middle-excavator-xe265c","status":"publish","type":"product","link":"https:\/\/www.hydraulic-cylinders.net\/fi\/tuote\/bucket-cylinder-for-xcmg-middle-excavator-xe265c\/","title":{"rendered":"Kauhan sylinteri XCMG:n keskikaivinkoneelle XE265C"},"content":{"rendered":"<h1>Kauhan sylinteri XCMG:n keskikaivinkoneelle XE265C<\/h1>\n<h2>Johdanto<\/h2>\n<p>XCMG:n XE265C-kaivinkoneen kauhan sylinteri on erityisesti suunniteltu hydraulisylinteri, jota k\u00e4ytet\u00e4\u00e4n kauhan liikkeen ohjaamiseen raskaissa koneissa, kuten kaivinkoneissa, kaivurikuormaajissa ja etukuormaajissa. Sen p\u00e4\u00e4teht\u00e4v\u00e4n\u00e4 on mahdollistaa kauhan nostaminen, laskeminen ja kallistaminen, mik\u00e4 tekee siit\u00e4 k\u00e4tev\u00e4n erilaisissa materiaalink\u00e4sittelyteht\u00e4viss\u00e4. Hydraulij\u00e4rjestelm\u00e4ss\u00e4 kauhan sylinteri saavuttaa tarkan kauhan hallinnan hydrauli\u00f6ljyn paineen muutosten avulla, mink\u00e4 ansiosta k\u00e4ytt\u00e4j\u00e4t voivat k\u00e4sitell\u00e4 raskaita kuormia tehokkaasti ja sopeutua monimutkaisiin ty\u00f6ymp\u00e4rist\u00f6ihin ja erilaisiin k\u00e4ytt\u00f6tarpeisiin.<\/p>\n<p><img decoding=\"async\" src=\"https:\/\/www.hydraulic-cylinders.net\/wp-content\/uploads\/2025\/01\/songte-company-2.webp\" alt=\"Kauhan sylinterin kuva\"><\/p>\n<h2>Ominaisuudet<\/h2>\n<ul>\n<li><strong>Korkea lujuus ja kest\u00e4vyys:<\/strong> Se on tyypillisesti valmistettu lujasta ter\u00e4ksest\u00e4 tai alumiinista, ja se kest\u00e4\u00e4 korkeaa painetta ja raskaita kuormia ja sopeutuu vaativiin ty\u00f6ymp\u00e4rist\u00f6ihin. Suunnittelussa on otettu huomioon kulutuskest\u00e4vyys ja korroosionkest\u00e4vyys, mik\u00e4 pident\u00e4\u00e4 sen k\u00e4ytt\u00f6ik\u00e4\u00e4.<\/li>\n<li><strong>Tehokas hydraulinen k\u00e4ytt\u00f6:<\/strong> Hydrauli\u00f6ljyn paineen ansiosta se saavuttaa tasaiset ojennus- ja sis\u00e4\u00e4nvetoliikkeet, mik\u00e4 mahdollistaa nopean reagoinnin ohjauskomentoihin ja tarjoaa tehokkaat ty\u00f6nt\u00f6- ja vetovoimat, jotka sopivat raskaiden kuormien k\u00e4sittelyyn ja monimutkaisiin teht\u00e4viin.<\/li>\n<li><strong>Erilaisia \u200b\u200btyyppej\u00e4:<\/strong> Saatavilla yksitoimisina (hydraulisesti vain yhteen suuntaan) tai kaksitoimisina (hydraulisesti molempiin suuntiin) sylinterein\u00e4 erilaisiin k\u00e4ytt\u00f6tarpeisiin. Jotkut mallit ovat teleskooppisia, mik\u00e4 mahdollistaa suuremman jatkeen ilman ulkomittojen kasvua, joten ne sopivat rajoitettuihin tiloihin.<\/li>\n<li><strong>Muiden hydraulisylintereiden korvaaminen:<\/strong> Tuotteemme voi t\u00e4ydellisesti korvata erilaisia \u200b\u200bhydraulisylintereit\u00e4.<\/li>\n<\/ul>\n<p><img decoding=\"async\" src=\"https:\/\/www.hydraulic-cylinders.net\/wp-content\/uploads\/2025\/01\/songte-cylinder-head-with-all-kinds-excavator-models.webp\" alt=\"Tuotekuva\"><\/p>\n<h2>Sovellukset<\/h2>\n<p>Kauhasylinteri\u00e4 k\u00e4ytet\u00e4\u00e4n useilla eri teollisuudenaloilla ja laitteissa, mukaan lukien:<\/p>\n<h3>Rakennuslaitteet<\/h3>\n<p>Kaivinkoneissa ne ovat v\u00e4ltt\u00e4m\u00e4tt\u00f6mi\u00e4 kaivamiseen, lastaamiseen ja maaper\u00e4n tai roskien siirt\u00e4miseen. Kaivurikuormaajissa kauhan sylinteri avustaa sek\u00e4 kaivamisessa ett\u00e4 nostamisessa.<\/p>\n<h3>Maatalouskoneet<\/h3>\n<p>K\u00e4ytet\u00e4\u00e4n etukuormaajissa maaper\u00e4n, hein\u00e4n ja muiden materiaalien kauhaukseen, nostamiseen ja kuljettamiseen.<\/p>\n<h3>Kaivinkoneet<\/h3>\n<p>Kauhan sylinteri mahdollistaa kaivamisen antamalla kauhan tunkeutua maaper\u00e4\u00e4n.<\/p>\n<h3>Kuormaajat<\/h3>\n<p>Etukuormaajissa ne auttavat lastin tehokkaassa nostamisessa ja tyhjent\u00e4misess\u00e4.<\/p>\n<p><img decoding=\"async\" src=\"https:\/\/www.hydraulic-cylinders.net\/wp-content\/uploads\/2025\/01\/songte-oil-pipes-and-spare-parts.webp\" alt=\"Tuotekuva\"><\/p>\n<h2>Suunnittelun\u00e4k\u00f6kohdat ja valintakriteerit<\/h2>\n<p>Suunnittelua suunniteltaessa on otettava huomioon useita keskeisi\u00e4 tekij\u00f6it\u00e4:<\/p>\n<h3>Kantavuus:<\/h3>\n<p>Sylinterin tulee olla suunniteltu kest\u00e4m\u00e4\u00e4n sovelluksessa odotettavissa olevat kuormat ja voimat, mik\u00e4 varmistaa turvallisen ja luotettavan toiminnan.<\/p>\n<h3>Tiivistys:<\/h3>\n<p>Tehokkaan tiivistyksen varmistamiseksi ja vuotojen est\u00e4miseksi tulisi k\u00e4ytt\u00e4\u00e4 erilaisia \u200b\u200btiivistyselementtej\u00e4, kuten m\u00e4nn\u00e4ntiivisteit\u00e4 ja varren tiivisteit\u00e4.<\/p>\n<h3>Kest\u00e4vyys:<\/h3>\n<p>Sylinteri tulee valmistaa materiaaleista ja pintak\u00e4sittelyist\u00e4, jotka parantavat kulutuskest\u00e4vyytt\u00e4 ja korroosionkest\u00e4vyytt\u00e4 ja pident\u00e4v\u00e4t sen k\u00e4ytt\u00f6ik\u00e4\u00e4.<\/p>\n<h3>Turvallisuus:<\/h3>\n<p>Suunnittelussa tulisi asettaa etusijalle k\u00e4ytt\u00e4j\u00e4n turvallisuus, mukaan lukien toimenpiteet odottamattomien liikkeiden est\u00e4miseksi ja asianmukaisten lukitusmekanismien varmistamiseksi.<\/p>\n<h3>Yll\u00e4pidett\u00e4vyys:<\/h3>\n<p>Sylinterin tulee olla suunniteltu helposti huollettavaksi, siten, ett\u00e4 sen osat ovat helposti saatavilla ja ett\u00e4 purkamista, tarkastusta ja korjausta koskevat ohjeet ovat selke\u00e4t.<\/p>\n<p><img decoding=\"async\" src=\"https:\/\/www.hydraulic-cylinders.net\/wp-content\/uploads\/2025\/01\/songte-chushion-collar.webp\" alt=\"Tuotekuva\"><\/p>\n<h2>Tiivistys ja voitelu<\/h2>\n<p>Kauhasylinteriss\u00e4 k\u00e4ytet\u00e4\u00e4n erilaisia \u200b\u200btiivistyskomponentteja, kuten m\u00e4nn\u00e4ntiivisteit\u00e4 ja varren tiivisteit\u00e4, jotka on valmistettu kulutusta kest\u00e4vist\u00e4 materiaaleista, kuten polyuretaanista ja nitriilikumista. Sylinterin runko ja kierteitetyt p\u00e4\u00e4typinnat k\u00e4sitell\u00e4\u00e4n hienos\u00e4\u00e4t\u00f6isesti kulutuskest\u00e4vyyden parantamiseksi. S\u00e4\u00e4nn\u00f6llinen voitelu sopivalla m\u00e4\u00e4r\u00e4ll\u00e4 hydrauli\u00f6ljy\u00e4 on v\u00e4ltt\u00e4m\u00e4t\u00f6nt\u00e4 sujuvan toiminnan ja pitk\u00e4n k\u00e4ytt\u00f6i\u00e4n varmistamiseksi.<\/p>\n<h2>Tarkastus ja ennakoiva huolto<\/h2>\n<p>S\u00e4\u00e4nn\u00f6lliset tarkastukset ja ennaltaehk\u00e4isev\u00e4t huoltotoimenpiteet ovat ratkaisevan t\u00e4rkeit\u00e4 kauhan sylinterin moitteettoman toiminnan ja pitk\u00e4n k\u00e4ytt\u00f6i\u00e4n kannalta. Joitakin suositeltuja teht\u00e4vi\u00e4 ovat:<\/p>\n<ul>\n<li>Tarkista s\u00e4\u00e4nn\u00f6llisesti vuodot, ep\u00e4normaalit \u00e4\u00e4net ja mahdolliset kulumisen tai vaurioiden merkit.<\/li>\n<li>K\u00e4yt\u00e4 asianmukaista voitelua huolto-ohjeen mukaisesti.<\/li>\n<li>Tiivisteiden vaihto tarvittaessa optimaalisen suorituskyvyn yll\u00e4pit\u00e4miseksi.<\/li>\n<li>Kalibrointitarkistusten suorittaminen tarkan toiminnan varmistamiseksi.<\/li>\n<\/ul>\n<p><img decoding=\"async\" src=\"https:\/\/www.hydraulic-cylinders.net\/wp-content\/uploads\/2025\/01\/songte-bushings-with-all-kinds-of-excavator-models.webp\" alt=\"Tuotekuva\"><\/p>\n<h2>Turvallisuusn\u00e4k\u00f6kohdat ja ymp\u00e4rist\u00f6tekij\u00e4t<\/h2>\n<p>Turvatoimenpiteiden varmistaminen kauhasylinterin kanssa ty\u00f6skennelless\u00e4 on \u00e4\u00e4rimm\u00e4isen t\u00e4rke\u00e4\u00e4. K\u00e4ytt\u00e4jien on noudatettava kaikkia turvallisuusohjeita ja k\u00e4ytett\u00e4v\u00e4 asianmukaisia \u200b\u200bhenkil\u00f6nsuojaimia. Lis\u00e4ksi on otettava huomioon ymp\u00e4rist\u00f6tekij\u00e4t, kuten l\u00e4mp\u00f6tila, kosteus ja altistuminen kemikaaleille, jotta v\u00e4ltet\u00e4\u00e4n sylinterin suorituskykyyn kohdistuvat haitalliset vaikutukset.<\/p>\n<h2>Vianm\u00e4\u00e4ritys ja yleiset ongelmat<\/h2>\n<p>Kun kauhan sylinteriss\u00e4 ilmenee ongelmia, seuraavat vianm\u00e4\u00e4ritysvinkit ja -ratkaisut voivat auttaa diagnosoimaan ja ratkaisemaan ongelmat tehokkaasti. Lis\u00e4ksi on ryhdytt\u00e4v\u00e4 ennaltaehk\u00e4iseviin toimenpiteisiin mahdollisten ongelmien minimoimiseksi.<\/p>\n<p><img decoding=\"async\" src=\"https:\/\/www.hydraulic-cylinders.net\/wp-content\/uploads\/2025\/01\/songte-company-1.webp\" alt=\"Tuotekuva\"><\/p>\n<h2>Tietoa yrityksest\u00e4mme<\/h2>\n<p>Valmistamme korvaavia hydraulisylintereit\u00e4 ja tarjoamme laajan valikoiman tuotteita. Olemme yksi johtavista hydraulisylintereiden valmistajista ja tukkumyyjist\u00e4 kotimaisilla ja kansainv\u00e4lisill\u00e4 markkinoilla. Keskittyen erinomaiseen laatuun ja teollistettuihin tuotannonohjausstrategioihin hienostuneessa tuotantolaitoksessamme, parannamme jatkuvasti valmistusymp\u00e4rist\u00f6\u00e4mme, hiomme tuotteiden laatua parantavia tuotantoreittej\u00e4mme ja meill\u00e4 on vahva innovaatiokapasiteetti. Korkean tehokkuuden, tarkkuuden ja korkean laadun periaatteemme mahdollistavat sen, ett\u00e4 pystymme vastaamaan asiakkaidemme monipuolisiin tarpeisiin.<\/p>\n<p><img decoding=\"async\" src=\"https:\/\/www.hydraulic-cylinders.net\/wp-content\/uploads\/2025\/01\/songte-company-3.webp\" alt=\"Yrityksen imago\"><\/p>\n<p>Olemme ylpeit\u00e4 seuraavista asioista:<\/p>\n<ul>\n<li>Ammattitaito ja asiantuntemus hydraulisylintereiss\u00e4<\/li>\n<li>Kansainv\u00e4liset sertifikaatit ja standardien noudattaminen<\/li>\n<li>R\u00e4\u00e4t\u00e4l\u00f6intipalvelut erityisvaatimusten t\u00e4ytt\u00e4miseksi<\/li>\n<li>Edistykselliset tuotantolaitteet ja -tilat<\/li>\n<li>Kattava j\u00e4lkimarkkinointipalvelu<\/li>\n<\/ul>\n<p>Sitoutumisemme huippuosaamiseen on tehnyt meist\u00e4 luotettavan toimijan alalla.<\/p>\n<p>Kirjoittaja: lyl<\/p>","protected":false},"excerpt":{"rendered":"<p>Bucket Cylinder For XCMG Middle Excavator XE265C Introduction The bucket cylinder for XCMG middle excavator XE265C is a specially designed hydraulic cylinder used to control the movement of the bucket in heavy machinery such as excavators, backhoe loaders, and front loaders. Its main function is to enable the bucket to lift, lower, and tilt, making [&hellip;]<\/p>","protected":false},"featured_media":14771,"comment_status":"open","ping_status":"closed","template":"","meta":{"_et_pb_use_builder":"","_et_pb_old_content":"","_et_gb_content_width":""},"product_brand":[],"product_cat":[1494],"product_tag":[1495,1496],"class_list":{"0":"post-15472","1":"product","2":"type-product","3":"status-publish","4":"has-post-thumbnail","6":"product_cat-bucket-cylinders","7":"product_tag-bucket-cylinders","8":"product_tag-hydraulic-cylinders","10":"first","11":"instock","12":"shipping-taxable","13":"product-type-simple"},"amp_enabled":true,"_links":{"self":[{"href":"https:\/\/www.hydraulic-cylinders.net\/fi\/wp-json\/wp\/v2\/product\/15472","targetHints":{"allow":["GET"]}}],"collection":[{"href":"https:\/\/www.hydraulic-cylinders.net\/fi\/wp-json\/wp\/v2\/product"}],"about":[{"href":"https:\/\/www.hydraulic-cylinders.net\/fi\/wp-json\/wp\/v2\/types\/product"}],"replies":[{"embeddable":true,"href":"https:\/\/www.hydraulic-cylinders.net\/fi\/wp-json\/wp\/v2\/comments?post=15472"}],"wp:featuredmedia":[{"embeddable":true,"href":"https:\/\/www.hydraulic-cylinders.net\/fi\/wp-json\/wp\/v2\/media\/14771"}],"wp:attachment":[{"href":"https:\/\/www.hydraulic-cylinders.net\/fi\/wp-json\/wp\/v2\/media?parent=15472"}],"wp:term":[{"taxonomy":"product_brand","embeddable":true,"href":"https:\/\/www.hydraulic-cylinders.net\/fi\/wp-json\/wp\/v2\/product_brand?post=15472"},{"taxonomy":"product_cat","embeddable":true,"href":"https:\/\/www.hydraulic-cylinders.net\/fi\/wp-json\/wp\/v2\/product_cat?post=15472"},{"taxonomy":"product_tag","embeddable":true,"href":"https:\/\/www.hydraulic-cylinders.net\/fi\/wp-json\/wp\/v2\/product_tag?post=15472"}],"curies":[{"name":"wp","href":"https:\/\/api.w.org\/{rel}","templated":true}]}}