{"id":15479,"date":"2025-01-19T14:34:55","date_gmt":"2025-01-19T14:34:55","guid":{"rendered":"https:\/\/www.hydraulic-cylinders.net\/product\/bucket-cylinder-for-xcmg-large-excavator-xe500ca\/"},"modified":"2025-01-19T14:34:57","modified_gmt":"2025-01-19T14:34:57","slug":"bucket-cylinder-for-xcmg-large-excavator-xe500ca","status":"publish","type":"product","link":"https:\/\/www.hydraulic-cylinders.net\/fi\/tuote\/bucket-cylinder-for-xcmg-large-excavator-xe500ca\/","title":{"rendered":"Kauhan sylinteri XCMG-kaivinkoneelle XE500CA"},"content":{"rendered":"<h1>Kauhan sylinteri XCMG-kaivinkoneelle XE500CA<\/h1>\n<h2>Johdanto<\/h2>\n<p>XCMG:n suuren kaivinkoneen XE500CA kauhan sylinteri on erityisesti suunniteltu hydraulisylinteri, jota k\u00e4ytet\u00e4\u00e4n ensisijaisesti kauhan liikkeen ohjaamiseen raskaissa koneissa, kuten kaivinkoneissa, traktorikaivureissa ja etukuormaajissa. Sen p\u00e4\u00e4teht\u00e4v\u00e4n\u00e4 on mahdollistaa kauhan nostaminen, laskeminen ja kallistaminen, mik\u00e4 helpottaa erilaisten materiaalink\u00e4sittelyteht\u00e4vien suorittamista. Hydraulij\u00e4rjestelm\u00e4ss\u00e4 kauhan sylinteri saavuttaa tarkan kauhan hallinnan muuttamalla hydrauli\u00f6ljyn painetta, mink\u00e4 ansiosta k\u00e4ytt\u00e4j\u00e4t voivat k\u00e4sitell\u00e4 raskaita kuormia tehokkaasti, sopeutua monimutkaisiin ty\u00f6ymp\u00e4rist\u00f6ihin ja erilaisiin k\u00e4ytt\u00f6vaatimuksiin.<\/p>\n<p><img decoding=\"async\" src=\"https:\/\/www.hydraulic-cylinders.net\/wp-content\/uploads\/2025\/01\/songte-company-2.webp\"><\/p>\n<h2>Ominaisuudet<\/h2>\n<ul>\n<li>\n<h3>Korkea lujuus ja kest\u00e4vyys<\/h3>\n<p>Kauhasylinteri on yleens\u00e4 valmistettu eritt\u00e4in lujasta ter\u00e4ksest\u00e4 tai alumiinista, joka kest\u00e4\u00e4 korkeaa painetta ja raskaita kuormia, sopeutuu ankariin ty\u00f6ymp\u00e4rist\u00f6ihin ja on suunniteltu kulutuskest\u00e4vyytt\u00e4 ja korroosionkest\u00e4vyytt\u00e4 ajatellen, mik\u00e4 pident\u00e4\u00e4 sen k\u00e4ytt\u00f6ik\u00e4\u00e4.<\/p>\n<\/li>\n<li>\n<h3>Tehokas hydraulinen k\u00e4ytt\u00f6<\/h3>\n<p>Kauhasylinteri k\u00e4ytt\u00e4\u00e4 hydrauli\u00f6ljyn painetta tasaisen ojennuksen ja supistumisen aikaansaamiseksi, mink\u00e4 ansiosta se reagoi nopeasti ohjauskomentoihin, tarjoaa voimakkaan ty\u00f6nt\u00f6- ja vetovoiman ja soveltuu raskaiden kuormien k\u00e4sittelyyn ja monimutkaisiin operatiivisiin teht\u00e4viin.<\/p>\n<\/li>\n<li>\n<h3>Erilaisia \u200b\u200btyyppej\u00e4<\/h3>\n<p>Kauhasylinteri voidaan valita yksitoimiseksi sylinteriksi (hydrauliikkaa vain yhteen suuntaan) tai kaksitoimiseksi sylinteriksi (hydrauliikkaa molempiin suuntiin) tarpeiden mukaan erilaisten k\u00e4ytt\u00f6vaatimusten t\u00e4ytt\u00e4miseksi. Jotkut mallit ovat teleskooppisia, mik\u00e4 mahdollistaa suuremman jatkeen ilman ulkomittojen kasvua, joten ne sopivat ahtaisiin k\u00e4ytt\u00f6tarkoituksiin.<\/p>\n<\/li>\n<li>\n<h3>Helppo vaihtaa<\/h3>\n<p>Kauhasylinterimme voivat t\u00e4ydellisesti korvata n\u00e4m\u00e4 hydraulisylinterit.<\/p>\n<\/li>\n<li>\n<h3>Laajasti k\u00e4yt\u00f6ss\u00e4 eri sovelluksissa<\/h3>\n<p>Kauhasylinteri\u00e4 k\u00e4ytet\u00e4\u00e4n laajasti useissa sovelluksissa, mukaan lukien:<\/p>\n<ul>\n<li>Rakennuslaitteet: Kaivinkoneissa ne ovat v\u00e4ltt\u00e4m\u00e4tt\u00f6mi\u00e4 kaivamiseen, lastaamiseen ja maaper\u00e4n tai roskien siirt\u00e4miseen. Kaivinkoneissa kauhan sylinterit auttavat sek\u00e4 kaivamisessa ett\u00e4 nostamisessa. Etukuormaajissa ne auttavat tavaroiden tehokkaassa nostamisessa ja kallistuksessa.<\/li>\n<li>Maatalouskoneet: K\u00e4ytet\u00e4\u00e4n etukuormaajissa maaper\u00e4n, hein\u00e4n ja muiden materiaalien kauhaukseen, nostamiseen ja kuljettamiseen, ja kaivinkoneissa kauhan sylinteri auttaa tunkeutumaan maaper\u00e4\u00e4n.<\/li>\n<\/ul>\n<\/li>\n<\/ul>\n<h2>Suunnittelun\u00e4k\u00f6kohdat ja valintakriteerit<\/h2>\n<ul>\n<li>\n<h3>Kantavuus<\/h3>\n<p>Kauhasylinterin kantavuus on t\u00e4rke\u00e4 tekij\u00e4 sen suunnittelussa. Sen on kestett\u00e4v\u00e4 siihen kohdistuva paino ja voima nurjahtamatta tai murtumatta.<\/p>\n<\/li>\n<li>\n<h3>Tiivistys<\/h3>\n<p>Kauhan sylinterin on oltava hyvin tiivistetty \u00f6ljyvuotojen est\u00e4miseksi ja tehokkaan toiminnan varmistamiseksi.<\/p>\n<\/li>\n<li>\n<h3>Kest\u00e4vyys<\/h3>\n<p>Kauhasylinterin on oltava riitt\u00e4v\u00e4n kest\u00e4v\u00e4 kest\u00e4m\u00e4\u00e4n kulumista, korroosiota ja ankaria ty\u00f6olosuhteita rikkoutumatta tai pett\u00e4m\u00e4tt\u00e4.<\/p>\n<\/li>\n<li>\n<h3>Turvallisuus<\/h3>\n<p>Kauhasylinterin rakenteen tulisi varmistaa k\u00e4ytt\u00e4j\u00e4n turvallisuus est\u00e4m\u00e4ll\u00e4 onnettomuudet ja minimoimalla loukkaantumisriski.<\/p>\n<\/li>\n<li>\n<h3>Huolto<\/h3>\n<p>Kauhasylinterin tulee olla helppo huoltaa ja sen osien tulee olla helposti vaihdettavissa.<\/p>\n<\/li>\n<\/ul>\n<p><img decoding=\"async\" src=\"https:\/\/www.hydraulic-cylinders.net\/wp-content\/uploads\/2025\/01\/songte-oil-pipes-and-spare-parts.webp\"><\/p>\n<h2>Tiivistys ja voitelu<\/h2>\n<p>Kauhasylinteriss\u00e4 k\u00e4ytet\u00e4\u00e4n erilaisia \u200b\u200btiivistyskomponentteja, kuten m\u00e4nn\u00e4ntiivisteit\u00e4, varren tiivisteit\u00e4 jne., jotka on valmistettu kulutusta kest\u00e4vist\u00e4 materiaaleista, kuten polyuretaanista ja nitriilikumista, tehokkaan tiivistyksen varmistamiseksi. Sylinterin runko ja kierteiden p\u00e4\u00e4typinnat on hienok\u00e4sitelty kulutuskest\u00e4vyyden parantamiseksi. S\u00e4\u00e4nn\u00f6llinen voitelu hydrauli\u00f6ljyll\u00e4 on v\u00e4ltt\u00e4m\u00e4t\u00f6nt\u00e4 sylinterin sujuvan toiminnan varmistamiseksi ja k\u00e4ytt\u00f6i\u00e4n pident\u00e4miseksi.<\/p>\n<h2>Tarkastus- ja ennaltaehk\u00e4isev\u00e4t huoltotoimenpiteet<\/h2>\n<p>S\u00e4\u00e4nn\u00f6llinen tarkastus, asianmukainen voitelu, tiivisteiden vaihto ja kalibrointitarkastukset ovat kauhasylinterien yleisi\u00e4 huoltoteht\u00e4vi\u00e4. Oikea asennus, voitelu ja s\u00e4\u00e4t\u00f6 ovat ratkaisevan t\u00e4rkeit\u00e4, ja asennuksen aikana on annettava asianmukaista ohjausta. Sylinterin kiinnitt\u00e4miseen suositellaan asianmukaisten asennuskiinnikkeiden k\u00e4ytt\u00f6\u00e4. Suositellut tarkastus-, korjaus- ja vaihtomenettelyt voivat auttaa pident\u00e4m\u00e4\u00e4n sylinterin k\u00e4ytt\u00f6ik\u00e4\u00e4.<\/p>\n<p><img decoding=\"async\" src=\"https:\/\/www.hydraulic-cylinders.net\/wp-content\/uploads\/2025\/01\/songte-chushion-collar.webp\"><\/p>\n<h2>Turvallisuusn\u00e4k\u00f6kohdat ja ymp\u00e4rist\u00f6tekij\u00e4t<\/h2>\n<p>Kauhapulloja k\u00e4ytett\u00e4ess\u00e4 on t\u00e4rke\u00e4\u00e4 noudattaa turvallisuustoimenpiteit\u00e4 onnettomuuksien ja vammojen v\u00e4ltt\u00e4miseksi. Asianmukaiset ymp\u00e4rist\u00f6tekij\u00e4t on otettava huomioon sen varmistamiseksi, ett\u00e4 pullo toimii tehokkaasti vahingoittamatta ymp\u00e4rist\u00f6\u00e4.<\/p>\n<p><img decoding=\"async\" src=\"https:\/\/hzpt.com\/wp-content\/uploads\/2024\/11\/songte-company-1.webp\"><\/p>\n<h2>Yleisi\u00e4 ongelmia ja vianm\u00e4\u00e4ritys<\/h2>\n<p>Kauhasylintereiden yleisi\u00e4 ongelmia ovat vuoto, riitt\u00e4m\u00e4t\u00f6n voima ja hidas toiminta. Vianm\u00e4\u00e4ritysmenetelmiin kuuluvat vuotojen tarkistaminen, hydraulipaineen tarkistaminen ja asianmukaisen voitelun varmistaminen. Ennaltaehk\u00e4isev\u00e4t toimenpiteet, kuten s\u00e4\u00e4nn\u00f6llinen tarkastus ja huolto, voivat auttaa v\u00e4ltt\u00e4m\u00e4\u00e4n t\u00e4llaisia \u200b\u200bongelmia.<\/p>\n<p><img decoding=\"async\" src=\"https:\/\/www.hydraulic-cylinders.net\/wp-content\/uploads\/2025\/01\/songte-bushings-with-all-kinds-of-excavator-models.webp\"><\/p>\n<h2>Tietoa yrityksest\u00e4mme<\/h2>\n<p>Olemme hydraulisten sylinterien valmistaja, joka voi korvata alkuper\u00e4isi\u00e4 sylintereit\u00e4. Tuotteemme kattavat laajan valikoiman ja olemme yksi johtavista hydraulisten sylinterien valmistajista ja tukkumyyjist\u00e4 kotimaisilla ja ulkomaisilla markkinoilla. Noudatamme erinomaisen laadun periaatetta ja luotamme teollisen tuotannon hallintastrategioihin, jotka perustuvat hienoihin valmistusty\u00f6pajoihin, joihin kuuluu ammattimaisten testausj\u00e4rjestelmien, teknologisen osaamisen ja digitaalisten edistyneiden valmistuslaitteiden k\u00e4ytt\u00f6. Parannamme jatkuvasti valmistusymp\u00e4rist\u00f6\u00e4mme ja t\u00e4ydellist\u00e4mme tuotteiden laatua parantavaa tuotantolinjaamme, ja meill\u00e4 on vahvat luovat kyvyt. Pyrimme tyydytt\u00e4m\u00e4\u00e4n asiakkaiden monipuoliset tarpeet korkealla tehokkuudella, tarkkuudella ja korkealaatuisilla periaatteilla.<\/p>\n<p>Tarjoamme r\u00e4\u00e4t\u00e4l\u00f6ityj\u00e4 palveluita, kansainv\u00e4lisi\u00e4 sertifiointeja ja j\u00e4lkimarkkinointipalveluita, muiden palveluiden ohella. Tuotantolaitteistomme ja ammattitaitoiset tiimimme pystyv\u00e4t tarjoamaan parasta palvelua asiakkaiden vaatimusten t\u00e4ytt\u00e4miseksi. <\/p>\n<p><em>Kirjoittaja: lyl<\/em><\/p>","protected":false},"excerpt":{"rendered":"<p>Bucket Cylinder For XCMG Large Excavator XE500CA Introduction The bucket cylinder for XCMG large excavator XE500CA is a specially designed hydraulic cylinder that is primarily used to control the movement of the bucket in heavy machinery, such as excavators, backhoe excavators, and front-end loaders. Its main function is to enable the bucket to lift, lower, [&hellip;]<\/p>","protected":false},"featured_media":14787,"comment_status":"open","ping_status":"closed","template":"","meta":{"_et_pb_use_builder":"","_et_pb_old_content":"","_et_gb_content_width":""},"product_brand":[],"product_cat":[1494],"product_tag":[1495,1496],"class_list":{"0":"post-15479","1":"product","2":"type-product","3":"status-publish","4":"has-post-thumbnail","6":"product_cat-bucket-cylinders","7":"product_tag-bucket-cylinders","8":"product_tag-hydraulic-cylinders","10":"first","11":"instock","12":"shipping-taxable","13":"product-type-simple"},"amp_enabled":true,"_links":{"self":[{"href":"https:\/\/www.hydraulic-cylinders.net\/fi\/wp-json\/wp\/v2\/product\/15479","targetHints":{"allow":["GET"]}}],"collection":[{"href":"https:\/\/www.hydraulic-cylinders.net\/fi\/wp-json\/wp\/v2\/product"}],"about":[{"href":"https:\/\/www.hydraulic-cylinders.net\/fi\/wp-json\/wp\/v2\/types\/product"}],"replies":[{"embeddable":true,"href":"https:\/\/www.hydraulic-cylinders.net\/fi\/wp-json\/wp\/v2\/comments?post=15479"}],"wp:featuredmedia":[{"embeddable":true,"href":"https:\/\/www.hydraulic-cylinders.net\/fi\/wp-json\/wp\/v2\/media\/14787"}],"wp:attachment":[{"href":"https:\/\/www.hydraulic-cylinders.net\/fi\/wp-json\/wp\/v2\/media?parent=15479"}],"wp:term":[{"taxonomy":"product_brand","embeddable":true,"href":"https:\/\/www.hydraulic-cylinders.net\/fi\/wp-json\/wp\/v2\/product_brand?post=15479"},{"taxonomy":"product_cat","embeddable":true,"href":"https:\/\/www.hydraulic-cylinders.net\/fi\/wp-json\/wp\/v2\/product_cat?post=15479"},{"taxonomy":"product_tag","embeddable":true,"href":"https:\/\/www.hydraulic-cylinders.net\/fi\/wp-json\/wp\/v2\/product_tag?post=15479"}],"curies":[{"name":"wp","href":"https:\/\/api.w.org\/{rel}","templated":true}]}}