{"id":15483,"date":"2025-01-19T14:35:12","date_gmt":"2025-01-19T14:35:12","guid":{"rendered":"https:\/\/www.hydraulic-cylinders.net\/product\/bucket-cylinder-for-xcmg-large-excavator-xe500m\/"},"modified":"2025-01-19T14:35:14","modified_gmt":"2025-01-19T14:35:14","slug":"bucket-cylinder-for-xcmg-large-excavator-xe500m","status":"publish","type":"product","link":"https:\/\/www.hydraulic-cylinders.net\/fi\/tuote\/bucket-cylinder-for-xcmg-large-excavator-xe500m\/","title":{"rendered":"Kauhan sylinteri XCMG-kaivinkoneelle XE500M"},"content":{"rendered":"<h1>Kauhan sylinteri XCMG-kaivinkoneelle XE500M<\/h1>\n<h2>Johdanto<\/h2>\n<h3>M\u00e4\u00e4ritelm\u00e4<\/h3>\n<p>A bucket cylinder is a specially designed hydraulic cylinder used to control the movement of the bucket in heavy machinery such as excavators, backhoe loaders, and front-end loaders. Its main function is to lift, lower, and tilt the bucket, making it easier to handle various material handling tasks. In the hydraulic system, the bucket cylinder controls the bucket&#8217;s precise movement through changes in hydraulic oil pressure, enabling operators to handle heavy loads efficiently and adapt to complex work environments and diverse job requirements.<\/p>\n<p><center><img decoding=\"async\" src=\"https:\/\/www.hydraulic-cylinders.net\/wp-content\/uploads\/2025\/01\/songte-company-2.webp\"><\/center><\/p>\n<h3>Ominaisuudet<\/h3>\n<ul>\n<li><strong>Korkea lujuus ja kest\u00e4vyys:<\/strong> Tyypillisesti lujasta ter\u00e4ksest\u00e4 tai alumiinista valmistettu kauhasylinteri kest\u00e4\u00e4 korkeita paineita ja raskaita kuormia ja mukautuu vaativiin ty\u00f6ymp\u00e4rist\u00f6ihin. Suunnittelussa on otettu huomioon my\u00f6s kulutuskest\u00e4vyys ja korroosionkest\u00e4vyys, mik\u00e4 pident\u00e4\u00e4 k\u00e4ytt\u00f6ik\u00e4\u00e4.<\/li>\n<li><strong>Tehokas hydraulinen k\u00e4ytt\u00f6:<\/strong> K\u00e4ytt\u00e4\u00e4 hydrauli\u00f6ljyn painetta tasaisten ojennus- ja supistusliikkeiden saavuttamiseksi, reagoi nopeasti ohjauskomentoihin, tarjoaa tehokkaita veto- ja ty\u00f6nt\u00f6voimia ja soveltuu raskaiden kuormien k\u00e4sittelyyn ja monimutkaisiin k\u00e4ytt\u00f6teht\u00e4viin.<\/li>\n<li><strong>Erilaisia \u200b\u200btyyppej\u00e4:<\/strong> Kauhasylinterit voivat olla yksitoimisia (hydraulisesti vain yhteen suuntaan) tai kaksitoimisia (hydraulisesti kahteen suuntaan) k\u00e4ytt\u00f6vaatimuksista riippuen. Jotkut mallit ovat teleskooppisia, mik\u00e4 mahdollistaa suuremman jatkeen ilman ulkomittojen kasvua, mik\u00e4 sopii rajoitettuihin tiloihin.<\/li>\n<li><strong>Helppo vaihtaa:<\/strong> Tuotteemme ovat t\u00e4ydellisi\u00e4 vaihtoehtoja n\u00e4ille hydraulisylintereille. <\/li>\n<\/ul>\n<p><center><img decoding=\"async\" src=\"https:\/\/www.hydraulic-cylinders.net\/wp-content\/uploads\/2025\/01\/songte-cylinder-head-with-all-kinds-excavator-models.webp\"><\/center><\/p>\n<h3>Hakemus<\/h3>\n<p>Kauhasylinteri\u00e4 k\u00e4ytet\u00e4\u00e4n laajalti useilla eri teollisuudenaloilla, mukaan lukien:<\/p>\n<ul>\n<li><strong>Rakennuslaitteet:<\/strong> Kaivinkoneissa ne ovat v\u00e4ltt\u00e4m\u00e4tt\u00f6mi\u00e4 kaivamiseen, lastaamiseen ja maaper\u00e4n tai roskien siirt\u00e4miseen. Kaivurikuormaajissa kauhan sylinteri auttaa sek\u00e4 kaivamisessa ett\u00e4 nostamisessa. <\/li>\n<li><strong>Maatalouskoneet:<\/strong> K\u00e4ytet\u00e4\u00e4n etukuormaajissa maaper\u00e4n, hein\u00e4n ja muiden materiaalien kauhaukseen, nostamiseen ja kuljettamiseen. <\/li>\n<li><strong>Kaivinkoneet:<\/strong> Kauhan sylinteri mahdollistaa kauhan tunkeutumisen maaper\u00e4\u00e4n kaivuliikkeen suorittamiseksi. <\/li>\n<li><strong>Kuormaajat:<\/strong> Etukuormaajissa kauhan sylinterit auttavat tavaroiden tehokkaassa nostamisessa ja tyhjent\u00e4misess\u00e4.<\/li>\n<\/ul>\n<h3>Suunnittelun\u00e4k\u00f6kohdat ja valintakriteerit<\/h3>\n<p>Kauhasylinteri\u00e4 suunniteltaessa otetaan huomioon useita tekij\u00f6it\u00e4, mukaan lukien:<\/p>\n<ul>\n<li><strong>Kantavuus:<\/strong> Kauhan sylinterin tulee kyet\u00e4 kannattelemaan koneen ja k\u00e4sitelt\u00e4v\u00e4n materiaalin kuormakapasiteettia. <\/li>\n<li><strong>Tiivistys ja kest\u00e4vyys:<\/strong> Kauhasylinteri vaatii kest\u00e4v\u00e4n tiivistyksen vuotojen est\u00e4miseksi ja pitk\u00e4aikaisen k\u00e4yt\u00f6n varmistamiseksi ottaen huomioon ymp\u00e4rist\u00f6tekij\u00e4t, kuten l\u00e4mp\u00f6tilan ja kemikaalit. <\/li>\n<li><strong>Turvallisuus:<\/strong> Kauhasylinteri on asennettava tukevasti ja siin\u00e4 on oltava toimenpiteet, jotka est\u00e4v\u00e4t onnettomuudet, kuten odottamattomat liikkeet tai ylikuormituksen.<\/li>\n<li><strong>Huolto:<\/strong> Kauhasylinteri on huollettava s\u00e4\u00e4nn\u00f6llisesti optimaalisen suorituskyvyn varmistamiseksi. Huolto sis\u00e4lt\u00e4\u00e4 \u00f6ljynvaihdot, tiivisteiden vaihdot ja kalibrointitarkastukset. <\/li>\n<\/ul>\n<p><center><img decoding=\"async\" src=\"https:\/\/www.hydraulic-cylinders.net\/wp-content\/uploads\/2025\/01\/songte-oil-pipes-and-spare-parts.webp\"><\/center><\/p>\n<h3>Tiivistys ja voitelu<\/h3>\n<p>Kauhasylinteriss\u00e4 k\u00e4ytet\u00e4\u00e4n erilaisia \u200b\u200btiivistyskomponentteja, kuten m\u00e4nn\u00e4ntiivisteit\u00e4, varren tiivisteit\u00e4 jne., jotka on valmistettu kulutusta kest\u00e4vist\u00e4 materiaaleista, kuten polyuretaanista ja NBR:st\u00e4. Sylinterin runko ja kierteitetty p\u00e4\u00e4typinta on hienok\u00e4sitelty kulutuskest\u00e4vyyden parantamiseksi. Optimaalisen suorituskyvyn yll\u00e4pit\u00e4miseksi on v\u00e4ltt\u00e4m\u00e4t\u00f6nt\u00e4 lis\u00e4t\u00e4 s\u00e4\u00e4nn\u00f6llisesti sopiva m\u00e4\u00e4r\u00e4 hydrauli\u00f6ljy\u00e4 sylinterin voiteluun.<\/p>\n<h3>Huolto ja korjaus<\/h3>\n<p>S\u00e4\u00e4nn\u00f6llinen huolto, kuten voitelu, tiivisteiden vaihto ja kalibrointitarkastukset, ovat v\u00e4ltt\u00e4m\u00e4tt\u00f6mi\u00e4 kauhasylinterin pitk\u00e4ik\u00e4isyyden varmistamiseksi. On suositeltavaa k\u00e4ytt\u00e4\u00e4 sopivia asennuskiinnikkeit\u00e4 sylinterin kiinnitt\u00e4miseksi tukevasti paikalleen, ja sylinterin oikea kohdistus on ratkaisevan t\u00e4rke\u00e4\u00e4. <\/p>\n<h3>Turvallisuus- ja ymp\u00e4rist\u00f6n\u00e4k\u00f6kohdat<\/h3>\n<p>Kauhasylinteri\u00e4 k\u00e4ytett\u00e4ess\u00e4 on eritt\u00e4in t\u00e4rke\u00e4\u00e4 noudattaa turvallisuusohjeita onnettomuuksien ehk\u00e4isemiseksi ja ymp\u00e4rist\u00f6n suojelemiseksi. Sopivien henkil\u00f6nsuojainten, kuten k\u00e4sineiden ja suojalasien, k\u00e4ytt\u00f6 sek\u00e4 hydrauli\u00f6ljyn asianmukainen h\u00e4vitt\u00e4minen ovat joitakin keskeisi\u00e4 turvallisuus- ja ymp\u00e4rist\u00f6toimenpiteit\u00e4, jotka on otettava huomioon.<\/p>\n<p><center><img decoding=\"async\" src=\"https:\/\/www.hydraulic-cylinders.net\/wp-content\/uploads\/2025\/01\/songte-chushion-collar.webp\"><\/center><\/p>\n<h3>Vianm\u00e4\u00e4ritys ja vianm\u00e4\u00e4ritys<\/h3>\n<p>Joitakin yleisi\u00e4 kauhan sylinteriongelmia ovat \u00f6ljyvuodot, riitt\u00e4m\u00e4t\u00f6n voima ja hidas liike. On t\u00e4rke\u00e4\u00e4 diagnosoida ongelma tarkasti, jotta voidaan soveltaa sopivia ratkaisuja. S\u00e4\u00e4nn\u00f6lliset huoltotarkastukset voivat auttaa ehk\u00e4isem\u00e4\u00e4n mahdollisia ongelmia.<\/p>\n<h3>Tietoa yrityksest\u00e4mme<\/h3>\n<p>Olemme hydraulisten sylinterien vaihto-osien valmistaja, jolla on kattava tuotevalikoima. Olemme yksi johtavista hydraulisten sylinterien valmistajista ja jakelijoista kotimaisilla ja kansainv\u00e4lisill\u00e4 markkinoilla. Tuotteemme noudattavat erinomaisen laadun periaatetta ja perustuvat teollistettuun tuotannonohjausstrategiaan hienostuneessa valmistuspajassamme, jossa hy\u00f6dynnet\u00e4\u00e4n teknologisia kykyj\u00e4, digitaalisia huippuluokan valmistuslaitteita ja ammattimaisia \u200b\u200btestausj\u00e4rjestelmi\u00e4. Tehokkaat, tarkat ja korkealaatuiset periaatteemme vastaavat asiakkaidemme monipuolisiin tarpeisiin.<\/p>\n<p>Yrityksemme tarjoaa ammattimaisia \u200b\u200bpalveluita maailmanlaajuisesti, mukaan lukien kansainv\u00e4liset sertifioinnit, r\u00e4\u00e4t\u00e4l\u00f6idyt palvelut, huippuluokan tuotantolaitteet ja j\u00e4lkimarkkinointipalvelut.<\/p>\n<p><center><img decoding=\"async\" src=\"https:\/\/hzpt.com\/wp-content\/uploads\/2024\/11\/songte-company-1.webp\"><\/center><\/p>\n<h4>Kirjoittaja: lyl<\/h4>","protected":false},"excerpt":{"rendered":"<p>Bucket Cylinder For XCMG Large Excavator XE500M Introduction Definition A bucket cylinder is a specially designed hydraulic cylinder used to control the movement of the bucket in heavy machinery such as excavators, backhoe loaders, and front-end loaders. Its main function is to lift, lower, and tilt the bucket, making it easier to handle various material [&hellip;]<\/p>","protected":false},"featured_media":14780,"comment_status":"open","ping_status":"closed","template":"","meta":{"_et_pb_use_builder":"","_et_pb_old_content":"","_et_gb_content_width":""},"product_brand":[],"product_cat":[1494],"product_tag":[1495,1496],"class_list":{"0":"post-15483","1":"product","2":"type-product","3":"status-publish","4":"has-post-thumbnail","6":"product_cat-bucket-cylinders","7":"product_tag-bucket-cylinders","8":"product_tag-hydraulic-cylinders","10":"first","11":"instock","12":"shipping-taxable","13":"product-type-simple"},"amp_enabled":true,"_links":{"self":[{"href":"https:\/\/www.hydraulic-cylinders.net\/fi\/wp-json\/wp\/v2\/product\/15483","targetHints":{"allow":["GET"]}}],"collection":[{"href":"https:\/\/www.hydraulic-cylinders.net\/fi\/wp-json\/wp\/v2\/product"}],"about":[{"href":"https:\/\/www.hydraulic-cylinders.net\/fi\/wp-json\/wp\/v2\/types\/product"}],"replies":[{"embeddable":true,"href":"https:\/\/www.hydraulic-cylinders.net\/fi\/wp-json\/wp\/v2\/comments?post=15483"}],"wp:featuredmedia":[{"embeddable":true,"href":"https:\/\/www.hydraulic-cylinders.net\/fi\/wp-json\/wp\/v2\/media\/14780"}],"wp:attachment":[{"href":"https:\/\/www.hydraulic-cylinders.net\/fi\/wp-json\/wp\/v2\/media?parent=15483"}],"wp:term":[{"taxonomy":"product_brand","embeddable":true,"href":"https:\/\/www.hydraulic-cylinders.net\/fi\/wp-json\/wp\/v2\/product_brand?post=15483"},{"taxonomy":"product_cat","embeddable":true,"href":"https:\/\/www.hydraulic-cylinders.net\/fi\/wp-json\/wp\/v2\/product_cat?post=15483"},{"taxonomy":"product_tag","embeddable":true,"href":"https:\/\/www.hydraulic-cylinders.net\/fi\/wp-json\/wp\/v2\/product_tag?post=15483"}],"curies":[{"name":"wp","href":"https:\/\/api.w.org\/{rel}","templated":true}]}}