{"id":15486,"date":"2025-01-19T14:35:24","date_gmt":"2025-01-19T14:35:24","guid":{"rendered":"https:\/\/www.hydraulic-cylinders.net\/product\/bucket-cylinder-for-xcmg-large-excavator-xe490ck\/"},"modified":"2025-01-19T14:35:26","modified_gmt":"2025-01-19T14:35:26","slug":"bucket-cylinder-for-xcmg-large-excavator-xe490ck","status":"publish","type":"product","link":"https:\/\/www.hydraulic-cylinders.net\/fi\/tuote\/bucket-cylinder-for-xcmg-large-excavator-xe490ck\/","title":{"rendered":"Kauhan sylinteri XCMG-kaivinkoneelle XE490CK"},"content":{"rendered":"<h1>Kauhan sylinteri XCMG-kaivinkoneelle XE490CK<\/h1>\n<h2>Johdanto<\/h2>\n<h3>Kauhan sylinterin m\u00e4\u00e4ritelm\u00e4<\/h3>\n<p>Kauhasylinteri on erityisesti suunniteltu hydraulisylinteri, jota k\u00e4ytet\u00e4\u00e4n p\u00e4\u00e4asiassa raskaiden koneiden, kuten kaivinkoneiden, kaivinkoneiden ja etukuormaajien, kauhojen liikkeen ohjaamiseen. Sen p\u00e4\u00e4teht\u00e4v\u00e4n\u00e4 on mahdollistaa kauhan nostaminen, laskeminen ja kallistaminen, mik\u00e4 helpottaa erilaisten materiaalink\u00e4sittelyteht\u00e4vien k\u00e4sittely\u00e4. Hydraulij\u00e4rjestelm\u00e4ss\u00e4 kauhasylinteri saavuttaa kauhan tarkan hallinnan hydrauli\u00f6ljyn paineen muutosten avulla, mink\u00e4 ansiosta k\u00e4ytt\u00e4j\u00e4t voivat k\u00e4sitell\u00e4 raskaita kuormia tehokkaasti ja sopeutua monimutkaisiin ty\u00f6ymp\u00e4rist\u00f6ihin ja erilaisiin k\u00e4ytt\u00f6vaatimuksiin.<\/p>\n<p><img decoding=\"async\" src=\"https:\/\/www.hydraulic-cylinders.net\/wp-content\/uploads\/2025\/01\/songte-company-2.webp\" alt=\"Kauhan sylinteri\"><\/p>\n<h3>Ominaisuudet<\/h3>\n<ul>\n<li>Korkea lujuus ja kest\u00e4vyys: Tyypillisesti eritt\u00e4in lujasta ter\u00e4ksest\u00e4 tai alumiinista valmistettu, se kest\u00e4\u00e4 korkeaa painetta ja raskaita kuormia, sopeutuu vaativiin ty\u00f6ymp\u00e4rist\u00f6ihin ja on suunniteltu kulutus- ja korroosionkest\u00e4vyys mieless\u00e4 pit\u00e4en, mik\u00e4 pident\u00e4\u00e4 k\u00e4ytt\u00f6ik\u00e4\u00e4.<\/li>\n<li>Tehokkaat hydrauliset toiminnot: Sujuvat pidennys- ja sis\u00e4\u00e4nvetoliikkeet saavutetaan hydrauli\u00f6ljyn paineella, joka reagoi nopeasti ohjauskomentoihin ja tarjoaa tehokkaita ty\u00f6nt\u00f6- ja vetovoimia, joten se soveltuu raskaiden kuormien k\u00e4sittelyyn ja monimutkaisiin k\u00e4ytt\u00f6teht\u00e4viin.<\/li>\n<li>Erilaisia \u200b\u200btyyppej\u00e4: Yksitoimisia (hydrauliikkaa k\u00e4ytet\u00e4\u00e4n vain yhteen suuntaan) tai kaksitoimisia (hydrauliikkaa k\u00e4ytet\u00e4\u00e4n molempiin suuntiin) sylintereit\u00e4 voidaan valita tarpeen mukaan erilaisten k\u00e4ytt\u00f6tarpeiden mukaan. Jotkut mallit ovat teleskooppisia, mik\u00e4 mahdollistaa suuremman jatkeen ilman ulkomittojen kasvua, joten ne sopivat sovelluksiin, joissa on rajoitetusti tilaa.<\/li>\n<li>Vaihdettavissa: Tuotteemme voivat t\u00e4ydellisesti korvata n\u00e4m\u00e4 hydraulisylinterit.<\/li>\n<li>Mukautettava: Tuotteitamme voidaan r\u00e4\u00e4t\u00e4l\u00f6id\u00e4 asiakkaiden vaatimusten mukaisesti heid\u00e4n erityistarpeisiinsa.<\/li>\n<\/ul>\n<p><img decoding=\"async\" src=\"https:\/\/www.hydraulic-cylinders.net\/wp-content\/uploads\/2025\/01\/songte-cylinder-head-with-all-kinds-excavator-models.webp\" alt=\"Mukautettava kauhan sylinteri\"><\/p>\n<h3>Sovellukset<\/h3>\n<p>Kauhasylintereit\u00e4 k\u00e4ytet\u00e4\u00e4n laajalti useilla eri teollisuudenaloilla, mukaan lukien:<\/p>\n<h4>Rakennuslaitteet<\/h4>\n<p>Kaivinkoneissa ne ovat v\u00e4ltt\u00e4m\u00e4tt\u00f6mi\u00e4 kaivamiseen, lastaamiseen ja maaper\u00e4n tai roskien siirt\u00e4miseen. Kaivinkoneissa kauhan sylinteri auttaa sek\u00e4 kaivamisessa ett\u00e4 nostamisessa. Etukuormaajissa ne auttavat lastin tehokkaassa nostamisessa ja tyhjent\u00e4misess\u00e4.<\/p>\n<h4>Maatalouskoneet<\/h4>\n<p>K\u00e4ytet\u00e4\u00e4n etukuormaajissa maan, hein\u00e4n ja muiden materiaalien kaivamiseen, nostamiseen ja kuljettamiseen. Kaivinkoneissa kauhan sylinteri mahdollistaa kaivutoiminnan antamalla kauhan tunkeutua maaper\u00e4\u00e4n.<\/p>\n<h4>Muut sovellukset<\/h4>\n<p>Kauhasylintereit\u00e4 k\u00e4ytet\u00e4\u00e4n my\u00f6s muissa sovelluksissa, kuten kaivos-, mets\u00e4- ja j\u00e4tehuoltoteollisuudessa.<\/p>\n<h3>Suunnittelun\u00e4k\u00f6kohdat ja valintakriteerit<\/h3>\n<h4>Kantavuus<\/h4>\n<p>Kauhasylinterin kuormankantokyky on ratkaisevan t\u00e4rke\u00e4 seikka. Sen on kyett\u00e4v\u00e4 k\u00e4sittelem\u00e4\u00e4n nostettavan materiaalin paino aiheuttamatta vikaa tai pysyv\u00e4\u00e4 muodonmuutosta.<\/p>\n<h4>Tiivistys ja voitelu<\/h4>\n<p>Tiivistys ja voitelu ovat v\u00e4ltt\u00e4m\u00e4tt\u00f6mi\u00e4 kauhasylinterin asianmukaiselle toiminnalle ja huollolle. Vuotojen est\u00e4miseksi k\u00e4ytet\u00e4\u00e4n erilaisia \u200b\u200btiivistyskomponentteja, kuten m\u00e4nn\u00e4ntiivisteit\u00e4 ja varren tiivisteit\u00e4. S\u00e4\u00e4nn\u00f6llinen voitelu hydrauliikka\u00f6ljyll\u00e4 on tarpeen kulumisen v\u00e4hent\u00e4miseksi ja sylinterin k\u00e4ytt\u00f6i\u00e4n pident\u00e4miseksi.<\/p>\n<h4>Kest\u00e4vyys ja huolto<\/h4>\n<p>Kauhasylinterin tulee kest\u00e4\u00e4 ankaraa ty\u00f6ymp\u00e4rist\u00f6\u00e4 ja toistuvaa k\u00e4ytt\u00f6\u00e4. Sen tulee olla helppo huoltaa ja korjata seisokkiaikojen minimoimiseksi.<\/p>\n<p><img decoding=\"async\" src=\"https:\/\/www.hydraulic-cylinders.net\/wp-content\/uploads\/2025\/01\/songte-oil-pipes-and-spare-parts.webp\" alt=\"Kauhan sylinterin osat\"><\/p>\n<h3>Huolto<\/h3>\n<p>Kauhasylinterin pitk\u00e4ik\u00e4isyyden ja luotettavan toiminnan varmistamiseksi on t\u00e4rke\u00e4\u00e4 asianmukainen huolto. S\u00e4\u00e4nn\u00f6llisiin huoltoteht\u00e4viin kuuluvat:<\/p>\n<ul>\n<li>Tarkista vuodot ja muut kulumisen merkit<\/li>\n<li>S\u00e4\u00e4nn\u00f6llinen voitelu<\/li>\n<li>Tiivisteen vaihto<\/li>\n<li>Kalibrointitarkastukset<\/li>\n<\/ul>\n<p><img decoding=\"async\" src=\"https:\/\/www.hydraulic-cylinders.net\/wp-content\/uploads\/2025\/01\/songte-chushion-collar.webp\" alt=\"Chushion-kaulus\"><\/p>\n<h3>Turvallisuus- ja ymp\u00e4rist\u00f6n\u00e4k\u00f6kohdat<\/h3>\n<p>Kauhasylinterit toimivat korkean paineen ja raskaiden kuormien alaisena, joten on t\u00e4rke\u00e4\u00e4 noudattaa asianmukaisia \u200b\u200bturvallisuusmenetelmi\u00e4 niit\u00e4 asennettaessa, k\u00e4ytett\u00e4ess\u00e4 ja huollettaessa. K\u00e4ytt\u00e4jien on k\u00e4ytett\u00e4v\u00e4 asianmukaisia \u200b\u200bsuojavarusteita ja kaikkia turvaohjeita on noudatettava onnettomuuksien v\u00e4ltt\u00e4miseksi.<\/p>\n<h3>Yleisi\u00e4 ongelmia ja vianm\u00e4\u00e4ritys<\/h3>\n<p>Kauhasylintereiden yleisi\u00e4 ongelmia ovat vuoto, virheellinen toiminta ja niiden kunnollinen ulos- tai sis\u00e4\u00e4nveto. Vianm\u00e4\u00e4ritykseen kuuluu ongelman syyn tunnistaminen ja korjaavien toimenpiteiden toteuttaminen, kuten vaurioituneiden tiivisteiden tai muiden osien vaihtaminen.<\/p>\n<p><img decoding=\"async\" src=\"https:\/\/www.hydraulic-cylinders.net\/wp-content\/uploads\/2025\/01\/songte-bushings-with-all-kinds-of-excavator-models.webp\" alt=\"Kauhan sylinterin holkit\"><\/p>\n<h2>Tietoa meist\u00e4<\/h2>\n<p>Olemme johtava hydraulisylintereiden valmistaja ja tukkumyyj\u00e4 kotimaisilla ja kansainv\u00e4lisill\u00e4 markkinoilla. Tuotteemme ovat monipuolisia ja kattavia, ja noudatamme erinomaisen laadun ja tehokkaan tuotannonohjauksen periaatteita.<\/p>\n<h3>Ammattimaisuus<\/h3>\n<p>Tuotteemme suunnittelee ja valmistaa kokeneiden ammattilaisten tiimi, joka k\u00e4ytt\u00e4\u00e4 uusinta teknologiaa ja laitteita tuottaakseen korkealaatuisia hydraulisylintereit\u00e4, jotka vastaavat asiakkaidemme tarpeisiin.<\/p>\n<h3>Kansainv\u00e4linen sertifiointi<\/h3>\n<p>Tuotteemme ovat l\u00e4p\u00e4isseet kansainv\u00e4liset sertifikaatit, kuten ISO9001 ja CE, mik\u00e4 varmistaa, ett\u00e4 ne t\u00e4ytt\u00e4v\u00e4t korkeimmat laatustandardit.<\/p>\n<h3>R\u00e4\u00e4t\u00e4l\u00f6intipalvelut<\/h3>\n<p>Tarjoamme r\u00e4\u00e4t\u00e4l\u00f6intipalveluita asiakkaidemme erityistarpeisiin.<\/p>\n<h3>Tuotantolaitteet<\/h3>\n<p>K\u00e4yt\u00e4mme edistyneit\u00e4 ja korkealaatuisia tuotantolaitteita varmistaaksemme tuotteidemme laadun ja luotettavuuden sek\u00e4 parantaaksemme tuotantotehokkuutta.<\/p>\n<h3>Myynnin j\u00e4lkeinen palvelu<\/h3>\n<p>Tarjoamme asiakkaillemme kattavaa huoltopalvelua, mukaan lukien varaosat ja korjauspalvelut, auttaaksemme heit\u00e4 pident\u00e4m\u00e4\u00e4n hydraulisylintereidensa k\u00e4ytt\u00f6ik\u00e4\u00e4.<\/p>\n<p><img decoding=\"async\" src=\"https:\/\/hzpt.com\/wp-content\/uploads\/2024\/11\/songte-company-1.webp\" alt=\"Tietoa meist\u00e4\"><\/p>\n<h4>Kirjoittaja: lyl.<\/h4>","protected":false},"excerpt":{"rendered":"<p>Bucket Cylinder For XCMG Large Excavator XE490CK Introduction Definition of Bucket Cylinder A Bucket Cylinder is a specially designed hydraulic cylinder mainly used to control the movement of buckets in heavy machinery such as excavators, backhoe excavators, and front loaders. Its main function is to enable the bucket to lift, lower, and tilt, making it [&hellip;]<\/p>","protected":false},"featured_media":14773,"comment_status":"open","ping_status":"closed","template":"","meta":{"_et_pb_use_builder":"","_et_pb_old_content":"","_et_gb_content_width":""},"product_brand":[],"product_cat":[1494],"product_tag":[1495,1496],"class_list":{"0":"post-15486","1":"product","2":"type-product","3":"status-publish","4":"has-post-thumbnail","6":"product_cat-bucket-cylinders","7":"product_tag-bucket-cylinders","8":"product_tag-hydraulic-cylinders","10":"first","11":"instock","12":"shipping-taxable","13":"product-type-simple"},"amp_enabled":true,"_links":{"self":[{"href":"https:\/\/www.hydraulic-cylinders.net\/fi\/wp-json\/wp\/v2\/product\/15486","targetHints":{"allow":["GET"]}}],"collection":[{"href":"https:\/\/www.hydraulic-cylinders.net\/fi\/wp-json\/wp\/v2\/product"}],"about":[{"href":"https:\/\/www.hydraulic-cylinders.net\/fi\/wp-json\/wp\/v2\/types\/product"}],"replies":[{"embeddable":true,"href":"https:\/\/www.hydraulic-cylinders.net\/fi\/wp-json\/wp\/v2\/comments?post=15486"}],"wp:featuredmedia":[{"embeddable":true,"href":"https:\/\/www.hydraulic-cylinders.net\/fi\/wp-json\/wp\/v2\/media\/14773"}],"wp:attachment":[{"href":"https:\/\/www.hydraulic-cylinders.net\/fi\/wp-json\/wp\/v2\/media?parent=15486"}],"wp:term":[{"taxonomy":"product_brand","embeddable":true,"href":"https:\/\/www.hydraulic-cylinders.net\/fi\/wp-json\/wp\/v2\/product_brand?post=15486"},{"taxonomy":"product_cat","embeddable":true,"href":"https:\/\/www.hydraulic-cylinders.net\/fi\/wp-json\/wp\/v2\/product_cat?post=15486"},{"taxonomy":"product_tag","embeddable":true,"href":"https:\/\/www.hydraulic-cylinders.net\/fi\/wp-json\/wp\/v2\/product_tag?post=15486"}],"curies":[{"name":"wp","href":"https:\/\/api.w.org\/{rel}","templated":true}]}}