{"id":15487,"date":"2025-01-19T14:35:28","date_gmt":"2025-01-19T14:35:28","guid":{"rendered":"https:\/\/www.hydraulic-cylinders.net\/product\/bucket-cylinder-for-xcmg-large-excavator-xe900c\/"},"modified":"2025-01-19T14:35:30","modified_gmt":"2025-01-19T14:35:30","slug":"bucket-cylinder-for-xcmg-large-excavator-xe900c","status":"publish","type":"product","link":"https:\/\/www.hydraulic-cylinders.net\/fi\/tuote\/bucket-cylinder-for-xcmg-large-excavator-xe900c\/","title":{"rendered":"Kauhan sylinteri XCMG-kaivukoneelle XE900C"},"content":{"rendered":"<h1>Kauhan sylinteri XCMG-kaivukoneelle XE900C<\/h1>\n<h2>Johdanto<\/h2>\n<p>Kauhasylinteri, joka tunnetaan my\u00f6s nimell\u00e4 kaivinkoneen sylinteri, on erikoishydraulinen sylinteri, jota k\u00e4ytet\u00e4\u00e4n kauhan liikkeen ohjaamiseen raskaissa koneissa, kuten kaivinkoneissa, traktorikaivureissa ja kuormaajissa. Sen ensisijainen teht\u00e4v\u00e4 on mahdollistaa kauhan nostaminen, laskeminen ja kallistaminen erilaisissa materiaalink\u00e4sittelyteht\u00e4viss\u00e4. Hydraulij\u00e4rjestelm\u00e4ss\u00e4 kauhan sylinteri saavuttaa tarkan kauhan liikkeen hallinnan hydrauli\u00f6ljyn paineen muutosten avulla, mink\u00e4 ansiosta k\u00e4ytt\u00e4j\u00e4t voivat k\u00e4sitell\u00e4 raskaita kuormia tehokkaasti ja sopeutua monimutkaisiin ty\u00f6ymp\u00e4rist\u00f6ihin ja erilaisiin ty\u00f6vaatimuksiin.<\/p>\n<p><center><img decoding=\"async\" src=\"https:\/\/www.hydraulic-cylinders.net\/wp-content\/uploads\/2025\/01\/songte-company-2.webp\"><\/center><\/p>\n<h2>Ominaisuudet<\/h2>\n<ul>\n<li>\n<h3>Korkea lujuus ja kest\u00e4vyys<\/h3>\n<p>Kauhasylinterit on tyypillisesti valmistettu eritt\u00e4in lujasta ter\u00e4ksest\u00e4 tai alumiinista, jotka kest\u00e4v\u00e4t korkeaa painetta ja raskaita kuormia, ja ne on suunniteltu kulutus- ja korroosionkest\u00e4vyytt\u00e4 silm\u00e4ll\u00e4 pit\u00e4en niiden k\u00e4ytt\u00f6i\u00e4n pident\u00e4miseksi.<\/p>\n<\/li>\n<li>\n<h3>Tehokas hydraulinen k\u00e4ytt\u00f6<\/h3>\n<p>Hydraulisen \u00f6ljynpaineen ansiosta kauhan sylinterit saavuttavat tasaiset ojennus- ja sis\u00e4\u00e4nvetoliikkeet, reagoivat nopeasti k\u00e4ytt\u00f6komentoihin, tarjoavat tehokkaan ty\u00f6nt\u00f6- ja vetovoiman ja soveltuvat raskaiden kuormien k\u00e4sittelyyn ja monimutkaisiin ty\u00f6teht\u00e4viin.<\/p>\n<\/li>\n<li>\n<h3>Erilaisia \u200b\u200btyyppej\u00e4<\/h3>\n<p>Kauhasylinterit voidaan valita yksitoimisiksi (hydraulinen k\u00e4ytt\u00f6 vain yhteen suuntaan) tai kaksitoimisiksi (hydraulinen k\u00e4ytt\u00f6 molempiin suuntiin) erilaisten k\u00e4ytt\u00f6vaatimusten t\u00e4ytt\u00e4miseksi. Jotkut mallit ovat teleskooppisia, mik\u00e4 mahdollistaa suuremman jatkeen ilman ulkomittojen kasvua, mik\u00e4 sopii sovelluksiin, joissa on rajoitetusti tilaa.<\/p>\n<\/li>\n<li>\n<h3>T\u00e4ydellinen korvaaja muille hydraulisylintereille<\/h3>\n<p>Kauhasylinterimme korvaavat t\u00e4ydellisesti muut hydraulisylinterit. Tarjoamme laajan valikoiman hydraulisylintereit\u00e4, jotka sopivat erilaisiin kaivinkonemalleihin.<\/p>\n<\/li>\n<li>\n<h3>Vakaa suorituskyky<\/h3>\n<p>Kauhasylinterit toimivat sujuvasti ja vakaasti sek\u00e4 eritt\u00e4in tarkasti, mik\u00e4 tarjoaa luotettavan ja vakaan suorituskyvyn mukautuakseen erilaisiin k\u00e4ytt\u00f6olosuhteisiin.<\/p>\n<\/li>\n<\/ul>\n<p><center><img decoding=\"async\" src=\"https:\/\/www.hydraulic-cylinders.net\/wp-content\/uploads\/2025\/01\/songte-cylinder-head-with-all-kinds-excavator-models.webp\"><\/center><\/p>\n<h2>Sovellukset<\/h2>\n<p>Kauhasylintereit\u00e4 k\u00e4ytet\u00e4\u00e4n laajalti erilaisissa raskaissa koneissa, kuten:<\/p>\n<ul>\n<li>\n<h3>Rakennuslaitteet<\/h3>\n<p>Kaivinkoneissa ne ovat v\u00e4ltt\u00e4m\u00e4tt\u00f6mi\u00e4 kaivamiseen, lastaamiseen ja maaper\u00e4n tai roskien siirt\u00e4miseen. Kaivurikuormaajissa kauhan sylinterit auttavat sek\u00e4 kaivamisessa ett\u00e4 nostamisessa.<\/p>\n<\/li>\n<li>\n<h3>Maatalouskoneet<\/h3>\n<p>K\u00e4ytet\u00e4\u00e4n etukuormaajissa maaper\u00e4n, hein\u00e4n ja muiden materiaalien kauhaukseen, nostamiseen ja kuljettamiseen.<\/p>\n<\/li>\n<li>\n<h3>Kaivinkoneet<\/h3>\n<p>Kauhasylinterit mahdollistavat kaivinkoneiden tunkeutumisen maaper\u00e4\u00e4n antamalla kauhan tunkeutua maahan.<\/p>\n<\/li>\n<li>\n<h3>Kuormaajat<\/h3>\n<p>Etukuormaajissa ne auttavat lastin tehokkaassa nostamisessa ja kallistamisessa.<\/p>\n<\/li>\n<\/ul>\n<h2>Suunnittelun\u00e4k\u00f6kohdat ja valintakriteerit<\/h2>\n<p>Sylinteri\u00e4 valittaessa on otettava huomioon useita suunnitteluun liittyvi\u00e4 n\u00e4k\u00f6kohtia:<\/p>\n<ul>\n<li>\n<h3>Kantavuus<\/h3>\n<p>Kauhan sylinterin on kyett\u00e4v\u00e4 k\u00e4sittelem\u00e4\u00e4n kauhaan kohdistuva enimm\u00e4iskuorma. Siksi sylinterin kantokyvyn on vastattava kuormaa, jotta v\u00e4ltet\u00e4\u00e4n sylinterin tai muiden koneen osien vikaantuminen.<\/p>\n<\/li>\n<li>\n<h3>Tiivistys ja kest\u00e4vyys<\/h3>\n<p>Kauhasylinterin tiivistys on elint\u00e4rke\u00e4\u00e4 \u00f6ljyvuotojen est\u00e4miseksi ja sylinterin kest\u00e4vyyden varmistamiseksi. M\u00e4nn\u00e4n tiiviste, m\u00e4nn\u00e4nvarren tiiviste ja muut tiivisteet on valmistettava kulutusta ja korroosiota kest\u00e4vist\u00e4 materiaaleista.<\/p>\n<\/li>\n<li>\n<h3>Turvallisuus ja huollettavuus<\/h3>\n<p>Kauhasylinterien on oltava turvallisia ja helposti huollettavia. Sylinterin turvallisuustekij\u00e4t on otettava huomioon ja suunniteltava turvallisiksi k\u00e4ytt\u00e4\u00e4. Sylinterin huollon on oltava helppoa ja vaativa mahdollisimman v\u00e4h\u00e4n aikaa ja vaivaa.<\/p>\n<\/li>\n<\/ul>\n<p><center><img decoding=\"async\" src=\"https:\/\/www.hydraulic-cylinders.net\/wp-content\/uploads\/2025\/01\/songte-oil-pipes-and-spare-parts.webp\"><\/center><\/p>\n<h2>Tiivistys ja voitelu<\/h2>\n<p>Kauhasylintereiss\u00e4 k\u00e4ytet\u00e4\u00e4n erilaisia \u200b\u200btiivistyskomponentteja, kuten m\u00e4nn\u00e4ntiivisteit\u00e4, varren tiivisteit\u00e4 ja muita tiivisteit\u00e4, \u00f6ljyvuotojen est\u00e4miseksi ja sylinterin kest\u00e4vyyden varmistamiseksi. Tiivistemateriaalien on oltava kulutusta ja korroosiota kest\u00e4vi\u00e4 materiaaleja, kuten polyuretaania tai nitriilikumia. Sylinterin runko ja kierteiden p\u00e4\u00e4typinnat on hienok\u00e4sitelty kulutuskest\u00e4vyyden parantamiseksi. S\u00e4\u00e4nn\u00f6llinen voitelu riitt\u00e4v\u00e4ll\u00e4 hydrauli\u00f6ljyll\u00e4 on v\u00e4ltt\u00e4m\u00e4t\u00f6nt\u00e4 sylinterin suorituskyvyn yll\u00e4pit\u00e4miseksi.<\/p>\n<h2>Tarkastus- ja ennaltaehk\u00e4isev\u00e4t huoltotoimenpiteet<\/h2>\n<p>S\u00e4\u00e4nn\u00f6llinen tarkastus ja ennaltaehk\u00e4isev\u00e4 huolto voivat est\u00e4\u00e4 toimintah\u00e4iri\u00f6it\u00e4 ja pident\u00e4\u00e4 kauhan sylinterin k\u00e4ytt\u00f6ik\u00e4\u00e4. Joitakin toimenpiteit\u00e4 ovat:<\/p>\n<ul>\n<li>\n<h3>S\u00e4\u00e4nn\u00f6llinen tarkastus<\/h3>\n<p>Tarkasta kauhan sylinteri s\u00e4\u00e4nn\u00f6llisesti vuotojen, vaurioituneiden tai kuluneiden tiivisteiden ja muiden vaurioiden varalta. Tarkista my\u00f6s sylinterin ja muiden osien liiallinen kuluminen.<\/p>\n<\/li>\n<li>\n<h3>Oikea voitelu<\/h3>\n<p>Voitele sylinteri s\u00e4\u00e4nn\u00f6llisesti sopivalla hydrauliikka\u00f6ljyll\u00e4 varmistaaksesi sujuvan toiminnan ja est\u00e4\u00e4ksesi kulumisen.<\/p>\n<\/li>\n<li>\n<h3>Tiivisteen vaihto ja kalibroinnin tarkistus<\/h3>\n<p>Vaihda tiivisteet, kun niiss\u00e4 n\u00e4kyy kulumisen merkkej\u00e4, ja tarkista sylinterin kalibrointi varmistaaksesi tarkat mittaukset.<\/p>\n<\/li>\n<\/ul>\n<p><center><img decoding=\"async\" src=\"https:\/\/www.hydraulic-cylinders.net\/wp-content\/uploads\/2025\/01\/songte-chushion-collar.webp\"><\/center><\/p>\n<h2>Turvallisuusn\u00e4k\u00f6kohdat ja ymp\u00e4rist\u00f6tekij\u00e4t<\/h2>\n<p>Turvallisuus on kauhasylintereit\u00e4 k\u00e4ytett\u00e4ess\u00e4 etusijalla. On ryhdytt\u00e4v\u00e4 toimenpiteisiin sylinterin ylikuormituksen v\u00e4ltt\u00e4miseksi ja asianmukaisen toiminnan varmistamiseksi. My\u00f6s ymp\u00e4rist\u00f6tekij\u00e4t, kuten l\u00e4mp\u00f6tila ja kosteus, on otettava huomioon kauhasylintereit\u00e4 k\u00e4ytett\u00e4ess\u00e4 toimintah\u00e4iri\u00f6iden v\u00e4ltt\u00e4miseksi ja asianmukaisen toiminnan varmistamiseksi.<\/p>\n<h2>Vianm\u00e4\u00e4ritys ja yleiset ongelmat<\/h2>\n<p>Kauhasylintereiss\u00e4 voi esiinty\u00e4 yleisi\u00e4 ongelmia, kuten \u00f6ljyvuodot, vaurioituneet tiivisteet ja toimimattomat komponentit. Asianmukainen vianm\u00e4\u00e4ritys ja huolto voivat est\u00e4\u00e4 n\u00e4m\u00e4 ongelmat ja pident\u00e4\u00e4 sylinterin k\u00e4ytt\u00f6ik\u00e4\u00e4.<\/p>\n<h2>Yrityksen esittely<\/h2>\n<p>Olemme johtava kauhasylintereiden valmistaja ja toimittaja, ja tarjoamme laajan valikoiman hydraulisylintereit\u00e4, jotka sopivat erilaisiin kaivinkonemalleihin. Noudatamme erinomaisen laadun periaatetta ja luotamme tarkkuusvalmistuspajojen teollistettuun tuotannonohjausstrategiaan. Parannamme jatkuvasti pajamme valmistusalustaa, parannamme tuotteiden tuotannon laatua ja meill\u00e4 on vahva luovuus vastataksemme asiakkaiden monipuolisiin tarpeisiin tehokkaalla, tarkalla ja laadukkaalla tavalla.<\/p>\n<p><center><img decoding=\"async\" src=\"https:\/\/hzpt.com\/wp-content\/uploads\/2024\/11\/songte-company-1.webp\"><\/center><\/p>\n<h2>Ammattitaito ja kansainv\u00e4linen sertifiointi<\/h2>\n<p>Meill\u00e4 on laaja kokemus hydraulisylinteriteollisuudesta ja olemme saaneet ISO9001-sertifikaatin. Tuotteemme ovat my\u00f6s l\u00e4p\u00e4isseet CE- ja RoHS-kansainv\u00e4liset sertifikaatit, mik\u00e4 varmistaa tuotteiden laadun ja turvallisuuden.<\/p>\n<h2>R\u00e4\u00e4t\u00e4l\u00f6inti- ja tuotantolaitteet<\/h2>\n<p>Tarjoamme asiakkaillemme r\u00e4\u00e4t\u00e4l\u00f6ityj\u00e4 palveluita heid\u00e4n erityistarpeidensa t\u00e4ytt\u00e4miseksi. Meill\u00e4 on edistyneet tuotantolaitteet, kuten CNC-sorvit, CNC-hiomakoneet ja CNC-jyrsinkoneet, tuotteiden laadun ja tarkkuuden varmistamiseksi.<\/p>\n<h2>Myynnin j\u00e4lkeinen palvelu<\/h2>\n<p>Tarjoamme asiakkaillemme erinomaisia \u200b\u200bj\u00e4lkimarkkinointipalveluita, kuten teknist\u00e4 tukea, huoltoa ja korjauspalveluita. Voimme tarjota varaosia ja kunnostuspalveluita pident\u00e4\u00e4ksemme kauhasylinterin k\u00e4ytt\u00f6ik\u00e4\u00e4 ja v\u00e4hent\u00e4\u00e4ksemme yll\u00e4pitokustannuksia.<\/p>\n<p>Kirjoittaja: lyl<\/p>","protected":false},"excerpt":{"rendered":"<p>Bucket Cylinder For XCMG Large Excavator XE900C Introduction The bucket cylinder, also known as the digger cylinder, is a specialized hydraulic cylinder used to control the movement of the bucket in heavy machinery such as excavators, backhoes, and loaders. Its primary function is to allow the bucket to lift, lower, and tilt for various material [&hellip;]<\/p>","protected":false},"featured_media":14771,"comment_status":"open","ping_status":"closed","template":"","meta":{"_et_pb_use_builder":"","_et_pb_old_content":"","_et_gb_content_width":""},"product_brand":[],"product_cat":[1494],"product_tag":[1495,1496],"class_list":{"0":"post-15487","1":"product","2":"type-product","3":"status-publish","4":"has-post-thumbnail","6":"product_cat-bucket-cylinders","7":"product_tag-bucket-cylinders","8":"product_tag-hydraulic-cylinders","10":"first","11":"instock","12":"shipping-taxable","13":"product-type-simple"},"amp_enabled":true,"_links":{"self":[{"href":"https:\/\/www.hydraulic-cylinders.net\/fi\/wp-json\/wp\/v2\/product\/15487","targetHints":{"allow":["GET"]}}],"collection":[{"href":"https:\/\/www.hydraulic-cylinders.net\/fi\/wp-json\/wp\/v2\/product"}],"about":[{"href":"https:\/\/www.hydraulic-cylinders.net\/fi\/wp-json\/wp\/v2\/types\/product"}],"replies":[{"embeddable":true,"href":"https:\/\/www.hydraulic-cylinders.net\/fi\/wp-json\/wp\/v2\/comments?post=15487"}],"wp:featuredmedia":[{"embeddable":true,"href":"https:\/\/www.hydraulic-cylinders.net\/fi\/wp-json\/wp\/v2\/media\/14771"}],"wp:attachment":[{"href":"https:\/\/www.hydraulic-cylinders.net\/fi\/wp-json\/wp\/v2\/media?parent=15487"}],"wp:term":[{"taxonomy":"product_brand","embeddable":true,"href":"https:\/\/www.hydraulic-cylinders.net\/fi\/wp-json\/wp\/v2\/product_brand?post=15487"},{"taxonomy":"product_cat","embeddable":true,"href":"https:\/\/www.hydraulic-cylinders.net\/fi\/wp-json\/wp\/v2\/product_cat?post=15487"},{"taxonomy":"product_tag","embeddable":true,"href":"https:\/\/www.hydraulic-cylinders.net\/fi\/wp-json\/wp\/v2\/product_tag?post=15487"}],"curies":[{"name":"wp","href":"https:\/\/api.w.org\/{rel}","templated":true}]}}