{"id":15491,"date":"2025-01-19T14:35:51","date_gmt":"2025-01-19T14:35:51","guid":{"rendered":"https:\/\/www.hydraulic-cylinders.net\/product\/bucket-cylinder-for-xcmg-wheel-excavator-et110\/"},"modified":"2025-01-19T14:35:53","modified_gmt":"2025-01-19T14:35:53","slug":"bucket-cylinder-for-xcmg-wheel-excavator-et110","status":"publish","type":"product","link":"https:\/\/www.hydraulic-cylinders.net\/fi\/tuote\/bucket-cylinder-for-xcmg-wheel-excavator-et110\/","title":{"rendered":"Kauhan sylinteri XCMG-py\u00f6r\u00e4kaivinkoneelle ET110"},"content":{"rendered":"<h1>Kauhan sylinteri XCMG-py\u00f6r\u00e4kaivinkoneelle ET110<\/h1>\n<h2>Johdanto<\/h2>\n<p>Kauhasylinteri on hydraulinen sylinteri, joka on erityisesti suunniteltu ohjaamaan kauhan liikett\u00e4 raskaissa koneissa, kuten kaivinkoneissa, traktorikaivureissa ja etukuormaajissa. Sen p\u00e4\u00e4teht\u00e4v\u00e4n\u00e4 on mahdollistaa kauhan nostaminen, laskeminen ja kallistaminen, mik\u00e4 helpottaa erilaisten materiaalien k\u00e4sittely\u00e4 kuljetusteht\u00e4viss\u00e4. Hydraulij\u00e4rjestelm\u00e4ss\u00e4 kauhasylinteri saavuttaa tarkan kauhan hallinnan hydrauli\u00f6ljyn paineen muutoksilla, jolloin k\u00e4ytt\u00e4j\u00e4t voivat k\u00e4sitell\u00e4 raskaita kuormia tehokkaasti ja sopeutua monimutkaisiin ty\u00f6ymp\u00e4rist\u00f6ihin ja erilaisiin ty\u00f6vaatimuksiin.<\/p>\n<p><img decoding=\"async\" src=\"https:\/\/www.hydraulic-cylinders.net\/wp-content\/uploads\/2025\/01\/songte-company-2.webp\" alt=\"Kauhan sylinteri\"><\/p>\n<h2>Ominaisuudet<\/h2>\n<ul>\n<li>Suuri lujuus ja kest\u00e4vyys: Tyypillisesti eritt\u00e4in lujasta ter\u00e4ksest\u00e4 tai alumiinista valmistettu tuote kest\u00e4\u00e4 korkeaa painetta ja raskaita kuormia ja mukautuu vaativiin ty\u00f6ymp\u00e4rist\u00f6ihin. Suunnittelussa on otettu huomioon kulutuskest\u00e4vyys ja korroosionkest\u00e4vyys, mik\u00e4 pident\u00e4\u00e4 sen k\u00e4ytt\u00f6ik\u00e4\u00e4.<\/li>\n<li>Tehokas hydraulinen toiminta: Hydrauli\u00f6ljyn paineen ansiosta se saavuttaa tasaisen laajenemisen ja supistumisen, ja se reagoi nopeasti ohjauskomentoihin. Se tarjoaa tehokkaita ty\u00f6nt\u00f6- ja vetovoimia, jotka sopivat raskaiden kuormien k\u00e4sittelyyn ja monimutkaisiin ty\u00f6teht\u00e4viin.<\/li>\n<li>Erilaisia \u200b\u200btyyppej\u00e4: Yksitoimisia (hydraulisesti vain yhteen suuntaan) tai kaksitoimisia (hydraulisesti molempiin suuntiin) sylintereit\u00e4 voidaan valita vaatimusten mukaan erilaisten k\u00e4ytt\u00f6tarpeiden t\u00e4ytt\u00e4miseksi. Jotkut mallit ovat teleskooppisia, mik\u00e4 mahdollistaa suuremman laajennuksen ilman ulkomittojen kasvua, joten ne sopivat rajoitetusti tilaa vaativiin sovelluksiin.<\/li>\n<li>T\u00e4ydellinen korvaus: Tuotteemme voi korvata n\u00e4m\u00e4 hydraulisylinterit t\u00e4ydellisesti.<\/li>\n<li>R\u00e4\u00e4t\u00e4l\u00f6ity suunnittelu: Tarjoamme r\u00e4\u00e4t\u00e4l\u00f6ityj\u00e4 ratkaisuja asiakkaan vaatimusten ja eritelmien mukaisesti, mukaan lukien koko, iskunpituus, paineluokitus, kiinnitystapa ja paljon muuta.<\/li>\n<\/ul>\n<p><img decoding=\"async\" src=\"https:\/\/www.hydraulic-cylinders.net\/wp-content\/uploads\/2025\/01\/songte-cylinder-head-with-all-kinds-excavator-models.webp\" alt=\"Sylinterikansi\"><\/p>\n<h2>Hakemus<\/h2>\n<p>Kauhasylinteri\u00e4 k\u00e4ytet\u00e4\u00e4n laajalti erilaisissa raskaissa koneissa, mukaan lukien:<\/p>\n<h3>Rakennuslaitteet<\/h3>\n<p>Kaivinkoneissa ne ovat v\u00e4ltt\u00e4m\u00e4tt\u00f6mi\u00e4 kaivamiseen, lastaamiseen ja maaper\u00e4n tai roskien siirt\u00e4miseen. Kaivurikuormaajissa kauhan sylinteri auttaa kaivamisessa ja nostamisessa. <\/p>\n<h3>Maatalouskoneet<\/h3>\n<p>K\u00e4ytet\u00e4\u00e4n etukuormaajissa maan, hein\u00e4n ja muiden materiaalien kauhaukseen, nostamiseen ja kuljettamiseen. Kaivinkoneissa kauhan sylinterit mahdollistavat kaivamisen antamalla kauhan tunkeutua maaper\u00e4\u00e4n. Etukuormaajissa ne auttavat lastin tehokkaassa nostamisessa ja tyhjent\u00e4misess\u00e4.<\/p>\n<p><img decoding=\"async\" src=\"https:\/\/www.hydraulic-cylinders.net\/wp-content\/uploads\/2025\/01\/songte-bushings-with-all-kinds-of-excavator-models.webp\" alt=\"Holkit\"><\/p>\n<h2>Suunnittelun\u00e4k\u00f6kohdat ja valintakriteerit<\/h2>\n<p>Kauhasylintereit\u00e4 suunniteltaessa ja valittaessa on otettava huomioon useita tekij\u00f6it\u00e4, mukaan lukien:<\/p>\n<h3>Kantavuus<\/h3>\n<p>Sylinterin on kestett\u00e4v\u00e4 sille aiheutuva enimm\u00e4iskuormitus vioittumatta.<\/p>\n<h3>Tiivistys<\/h3>\n<p>Hydraulinesteen vuotojen ja kontaminaation est\u00e4miseksi k\u00e4ytet\u00e4\u00e4n erilaisia \u200b\u200btiivisteit\u00e4, kuten m\u00e4nn\u00e4ntiivisteit\u00e4 ja varren tiivisteit\u00e4. Tiivistemateriaaleiksi valitaan polyuretaani ja nitriilikumi niiden kulutuskest\u00e4vyyden ja pitk\u00e4ik\u00e4isyyden perusteella.<\/p>\n<h3>Kest\u00e4vyys<\/h3>\n<p>Sylinterimateriaali tulee valita sen iskun-, kulumis- ja korroosionkest\u00e4vyyden perusteella.<\/p>\n<h3>Turvallisuus<\/h3>\n<p>Suunnittelussa on otettava huomioon turvallisuusn\u00e4k\u00f6kohdat, mukaan lukien sylinterin rikkoutumisen mahdollisuus ja t\u00e4llaisen rikkoutumisen seuraukset.<\/p>\n<h3>Huolto<\/h3>\n<p>Suunnittelun tulisi olla helppohoitoinen ja osien tulisi olla helposti saatavilla ja vaihdettavissa.<\/p>\n<p><img decoding=\"async\" src=\"https:\/\/www.hydraulic-cylinders.net\/wp-content\/uploads\/2025\/01\/songte-oil-pipes-and-spare-parts.webp\" alt=\"\u00d6ljyputket ja varaosat\"><\/p>\n<h2>Tiivistys ja voitelu<\/h2>\n<p>Kauhasylinteriss\u00e4 k\u00e4ytet\u00e4\u00e4n erilaisia \u200b\u200btiivisteit\u00e4 hydraulinesteen vuotojen est\u00e4miseksi ja kontaminaation minimoimiseksi. M\u00e4nn\u00e4n ja m\u00e4nn\u00e4nvarren tiivisteet valmistetaan tyypillisesti kulutusta kest\u00e4vist\u00e4 materiaaleista, kuten polyuretaanista ja nitriilikumista. Sylinterin runko ja kierteiden p\u00e4\u00e4typinta on tarkasti k\u00e4sitelty kulutuskest\u00e4vyyden parantamiseksi. S\u00e4\u00e4nn\u00f6llinen voitelu sopivalla hydrauli\u00f6ljyll\u00e4 on tarpeen sujuvan toiminnan varmistamiseksi ja k\u00e4ytt\u00f6i\u00e4n pident\u00e4miseksi.<\/p>\n<h2>Tarkastus ja ennakoiva huolto<\/h2>\n<p>S\u00e4\u00e4nn\u00f6llinen tarkastus ja ennakoiva huolto voivat auttaa tunnistamaan ja korjaamaan mahdolliset ongelmat ennen kuin ne aiheuttavat vahinkoja tai vikoja. Kolme yleist\u00e4 huoltoteht\u00e4v\u00e4\u00e4 ovat:<\/p>\n<ul>\n<li>S\u00e4\u00e4nn\u00f6lliset tarkastukset<\/li>\n<li>Oikea voitelu<\/li>\n<li>Tiivisteen vaihto ja kalibroinnin tarkistus<\/li>\n<\/ul>\n<p>Oikea asennus on ratkaisevan t\u00e4rke\u00e4\u00e4 kauhan sylinterin pitk\u00e4ik\u00e4isyyden kannalta. Sylinterin oikea kohdistaminen asennuksen aikana ja sopivien asennuskiinnikkeiden k\u00e4ytt\u00f6 sylinterin kiinnitt\u00e4miseksi paikalleen on suositeltavaa. Ehdotettu tarkastus-, korjaus- ja vaihtomenettely sis\u00e4lt\u00e4\u00e4 osien vaihdon ja uudelleenrakennuspalvelut sylinterin k\u00e4ytt\u00f6i\u00e4n parantamiseksi.<\/p>\n<p><img decoding=\"async\" src=\"https:\/\/www.hydraulic-cylinders.net\/wp-content\/uploads\/2025\/01\/songte-chushion-collar.webp\" alt=\"Chushion-kaulus\"><\/p>\n<h2>Turvallisuusn\u00e4k\u00f6kohdat ja ymp\u00e4rist\u00f6tekij\u00e4t<\/h2>\n<p>Kauhasylinteri\u00e4 k\u00e4ytett\u00e4ess\u00e4 on noudatettava turvatoimenpiteit\u00e4 onnettomuuksien ehk\u00e4isemiseksi. N\u00e4ihin toimenpiteisiin kuuluvat asianmukaisten turvavarusteiden k\u00e4ytt\u00f6, asianmukaisten k\u00e4ytt\u00f6menetelmien noudattaminen ja s\u00e4\u00e4nn\u00f6llisten tarkastusten suorittaminen laitteiden pit\u00e4miseksi hyv\u00e4ss\u00e4 kunnossa. Ymp\u00e4rist\u00f6tekij\u00e4t, kuten l\u00e4mp\u00f6tila ja kosteus, voivat my\u00f6s vaikuttaa hydraulisylinterien suorituskykyyn. Suositellun l\u00e4mp\u00f6tila-alueen ja kosteustason rajoissa k\u00e4ytt\u00f6 voi auttaa varmistamaan optimaalisen suorituskyvyn ja est\u00e4m\u00e4\u00e4n vaurioita.<\/p>\n<h2>Vianm\u00e4\u00e4ritys ja yleiset ongelmat<\/h2>\n<p>Kauhasylinterin yleisi\u00e4 ongelmia voivat olla vuodot, vauriot ja virheellinen toiminta. Vianm\u00e4\u00e4ritysvinkkej\u00e4 ja -ratkaisuja annetaan auttamaan lukijoita diagnosoimaan ja ratkaisemaan ongelmia tehokkaasti. Lis\u00e4ksi suositellaan ennaltaehk\u00e4isevi\u00e4 toimenpiteit\u00e4 mahdollisten ongelmien minimoimiseksi ja asianmukaisen huollon varmistamiseksi.<\/p>\n<p><img decoding=\"async\" src=\"https:\/\/hzpt.com\/wp-content\/uploads\/2024\/11\/songte-company-1.webp\" alt=\"Yritys\"><\/p>\n<h2>Tietoa meist\u00e4<\/h2>\n<p>Olemme korvaavien hydraulisylinterien valmistaja. Tuotevalikoimamme on kattava, mink\u00e4 ansiosta olemme yksi johtavista hydraulisylinterien valmistajista ja tukkumyyjist\u00e4 kotimaisilla ja kansainv\u00e4lisill\u00e4 markkinoilla. Noudatamme erinomaisen laadun ja teollistetun tuotannon hallintastrategian periaatteita, jotka perustuvat tekniseen osaamiseen, digitaalisiin huippuluokan valmistuslaitteisiin ja ammattimaisiin testausj\u00e4rjestelmiin. Parannamme jatkuvasti ty\u00f6pajan valmistusalustaa, parannamme tuotteiden laadun tuotantoreitti\u00e4 ja meill\u00e4 on vahvat luovat kyvyt vastata monipuolisiin asiakastarpeisiin tehokkaalla, tarkalla ja laadukkaalla tavalla. <\/p>\n<p>Tarjoamme r\u00e4\u00e4t\u00e4l\u00f6ityj\u00e4 palveluita, kansainv\u00e4list\u00e4 sertifiointia ja erikoistuneita huoltopalveluita. Tuotantolaitteemme ovat huippuluokan ja tarjoamme t\u00e4yden valikoiman huolto- ja korjauspalveluita. <\/p>\n<p><img decoding=\"async\" src=\"https:\/\/www.hydraulic-cylinders.net\/wp-content\/uploads\/2025\/01\/songte-company-3.webp\" alt=\"Yritys\"><\/p>\n<p><em>Kirjoittaja: lyl<\/em><\/p>","protected":false},"excerpt":{"rendered":"<p>Bucket Cylinder For XCMG Wheel Excavator ET110 Introduction A bucket cylinder is a hydraulic cylinder specially designed to control the movement of the bucket in heavy machinery such as excavators, backhoes, and front-end loaders. Its main function is to allow the bucket to lift, lower, and tilt, making it easier to handle a variety of [&hellip;]<\/p>","protected":false},"featured_media":14761,"comment_status":"open","ping_status":"closed","template":"","meta":{"_et_pb_use_builder":"","_et_pb_old_content":"","_et_gb_content_width":""},"product_brand":[],"product_cat":[1494],"product_tag":[1495,1496],"class_list":{"0":"post-15491","1":"product","2":"type-product","3":"status-publish","4":"has-post-thumbnail","6":"product_cat-bucket-cylinders","7":"product_tag-bucket-cylinders","8":"product_tag-hydraulic-cylinders","10":"first","11":"instock","12":"shipping-taxable","13":"product-type-simple"},"amp_enabled":true,"_links":{"self":[{"href":"https:\/\/www.hydraulic-cylinders.net\/fi\/wp-json\/wp\/v2\/product\/15491","targetHints":{"allow":["GET"]}}],"collection":[{"href":"https:\/\/www.hydraulic-cylinders.net\/fi\/wp-json\/wp\/v2\/product"}],"about":[{"href":"https:\/\/www.hydraulic-cylinders.net\/fi\/wp-json\/wp\/v2\/types\/product"}],"replies":[{"embeddable":true,"href":"https:\/\/www.hydraulic-cylinders.net\/fi\/wp-json\/wp\/v2\/comments?post=15491"}],"wp:featuredmedia":[{"embeddable":true,"href":"https:\/\/www.hydraulic-cylinders.net\/fi\/wp-json\/wp\/v2\/media\/14761"}],"wp:attachment":[{"href":"https:\/\/www.hydraulic-cylinders.net\/fi\/wp-json\/wp\/v2\/media?parent=15491"}],"wp:term":[{"taxonomy":"product_brand","embeddable":true,"href":"https:\/\/www.hydraulic-cylinders.net\/fi\/wp-json\/wp\/v2\/product_brand?post=15491"},{"taxonomy":"product_cat","embeddable":true,"href":"https:\/\/www.hydraulic-cylinders.net\/fi\/wp-json\/wp\/v2\/product_cat?post=15491"},{"taxonomy":"product_tag","embeddable":true,"href":"https:\/\/www.hydraulic-cylinders.net\/fi\/wp-json\/wp\/v2\/product_tag?post=15491"}],"curies":[{"name":"wp","href":"https:\/\/api.w.org\/{rel}","templated":true}]}}