{"id":15494,"date":"2025-01-19T14:36:02","date_gmt":"2025-01-19T14:36:02","guid":{"rendered":"https:\/\/www.hydraulic-cylinders.net\/product\/bucket-cylinder-for-zoomlion-small-excavator-ze150\/"},"modified":"2025-01-19T14:36:04","modified_gmt":"2025-01-19T14:36:04","slug":"bucket-cylinder-for-zoomlion-small-excavator-ze150","status":"publish","type":"product","link":"https:\/\/www.hydraulic-cylinders.net\/fi\/tuote\/bucket-cylinder-for-zoomlion-small-excavator-ze150\/","title":{"rendered":"Kauhan sylinteri Zoomlion-pienkaivukoneelle ZE150"},"content":{"rendered":"<p>&lt;h1&gt;Kauhan sylinteri Zoomlion-pienkaivukoneelle ZE150&lt;\/h1&gt;<\/p>\n<p>&lt;h2&gt;Johdanto&lt;\/h2&gt;<br \/>\n&lt;p&gt;Kauhasylinteri on erityisesti suunniteltu hydraulisylinteri, jota k&auml;ytet&auml;&auml;n kauhan liikkeen ohjaamiseen raskaissa koneissa, kuten kaivinkoneissa, kaivurikuormaajissa ja etukuormaajissa. Sen p&auml;&auml;teht&auml;v&auml;n&auml; on mahdollistaa kauhan nostaminen, laskeminen ja kallistaminen, mik&auml; tekee siit&auml; k&auml;tev&auml;n erilaisissa materiaalink&auml;sittelyteht&auml;viss&auml;. Hydraulij&auml;rjestelm&auml;ss&auml; kauhasylinteri saavuttaa kauhan tarkan ohjauksen hydrauli&ouml;ljyn paineenmuutoksen avulla, mink&auml; ansiosta k&auml;ytt&auml;j&auml;t voivat k&auml;sitell&auml; raskaita kuormia tehokkaasti ja sopeutua monimutkaisiin ty&ouml;ymp&auml;rist&ouml;ihin ja erilaisiin ty&ouml;vaatimuksiin.&lt;\/p&gt;<\/p>\n<p>&lt;img src=&quot;&rdquo;https:\/\/www.hydraulic-cylinders.net\/wp-content\/uploads\/2025\/01\/songte-company-2.webp&rdquo;&quot; alt=&quot;&amp;quot;&Auml;mp&auml;ri&quot; cylinder image&rdquo;&gt;<\/p>\n<p>&lt;h2&gt;Ominaisuudet&lt;\/h2&gt;<br \/>\n<ul><br \/>\n  <li>Suuri lujuus ja kest\u00e4vyys: Tyypillisesti eritt\u00e4in lujasta ter\u00e4ksest\u00e4 tai alumiinista valmistettu tuote kest\u00e4\u00e4 korkeaa painetta ja raskaita kuormia ja mukautuu vaativiin ty\u00f6ymp\u00e4rist\u00f6ihin. Suunnittelussa on otettu huomioon kulumiskest\u00e4vyys ja korroosionkest\u00e4vyys k\u00e4ytt\u00f6i\u00e4n pident\u00e4miseksi.<\/li><br \/>\n  <li>Tehokas hydraulinen toiminta: Hydrauli\u00f6ljyn paineen ansiosta teleskooppiliike on sujuvaa ja se reagoi nopeasti ohjauskomentoihin. Se tarjoaa tehokkaita ty\u00f6nt\u00f6- ja vetovoimia, jotka sopivat raskaiden kuormien k\u00e4sittelyyn ja monimutkaisiin teht\u00e4viin.<\/li><br \/>\n  <li>Erilaisia \u200b\u200btyyppej\u00e4: Tarpeen mukaan voidaan valita yksitoimisia (hydraulisesti vain yhteen suuntaan) tai kaksitoimisia (hydraulisesti molempiin suuntiin) sylintereit\u00e4. Jotkut mallit ovat teleskooppisia, mik\u00e4 mahdollistaa suuremman jatkeen ilman ulkomittojen kasvua, joten ne sopivat rajoitettuihin tiloihin.<\/li><br \/>\n  <li>Muiden hydraulisylinterien korvaaminen: Tuotteemme voi t\u00e4ydellisesti korvata n\u00e4m\u00e4 hydraulisylinterit.<\/li><br \/>\n<\/ul><\/p>\n<p>&lt;img src=&quot;&rdquo;https:\/\/www.hydraulic-cylinders.net\/wp-content\/uploads\/2025\/01\/songte-cylinder-head-with-all-kinds-excavator-models.webp&rdquo;&quot; alt=&quot;&rdquo;Korvaaminen&quot; cylinder image&rdquo;&gt;<\/p>\n<p>&lt;h2&gt;Sovellukset&lt;\/h2&gt;<br \/>\n<ul><br \/>\n  <li>Rakennuslaitteet: Olennaisia \u200b\u200bkaivinkoneille kaivamisessa, lastaamisessa ja maaper\u00e4n tai roskien siirt\u00e4misess\u00e4. Kaivurikuormaajissa kauhan sylinterit auttavat sek\u00e4 kaivamisessa ett\u00e4 nostamisessa.<\/li><br \/>\n  <li>Maatalouskoneet: K\u00e4ytet\u00e4\u00e4n etukuormaajissa maaper\u00e4n, hein\u00e4n ja muiden materiaalien kauhaukseen, nostamiseen ja kuljettamiseen.<\/li><br \/>\n  <li>Kaivinkoneet: Kauhasylinterit mahdollistavat kaivamisen antamalla kauhan tunkeutua maaper\u00e4\u00e4n.<\/li><br \/>\n  <li>Kuormaajat: Etukuormaajissa ne auttavat lastin tehokkaassa nostamisessa ja tyhjent\u00e4misess\u00e4.<\/li><br \/>\n<\/ul><\/p>\n<p>&lt;h2&gt;Suunnittelun&auml;k&ouml;kohdat ja valintakriteerit&lt;\/h2&gt;<br \/>\n&lt;p&gt;Kauhasylintereiden suunnittelussa on otettava huomioon useita keskeisi&auml; tekij&ouml;it&auml;, kuten kuormituksen kantokyky, tiiviys, kest&auml;vyys, turvallisuus ja huollettavuus.&lt;\/p&gt;<\/p>\n<p>&lt;img src=&quot;&rdquo;https:\/\/www.hydraulic-cylinders.net\/wp-content\/uploads\/2025\/01\/songte-oil-pipes-and-spare-parts.webp&rdquo;&quot; alt=&quot;&amp;quot;Design&quot; considerations image&rdquo;&gt;<\/p>\n<p>&lt;h2&gt;Tiivistys ja voitelu&lt;\/h2&gt;<br \/>\n&lt;p&gt;K&auml;ytet&auml;&auml;n erilaisia \u200b\u200btiivisteit&auml;, kuten m&auml;nn&auml;ntiivisteit&auml; ja varren tiivisteit&auml;, jotka on valmistettu kulutusta kest&auml;vist&auml; materiaaleista, kuten polyuretaanista ja nitriilikumista. Sylinterin runko ja kierteitetyt p&auml;&auml;typinnat on hienok&auml;sitelty kulutuskest&auml;vyyden parantamiseksi. S&auml;&auml;nn&ouml;llinen voitelu sopivalla m&auml;&auml;r&auml;ll&auml; hydrauli&ouml;ljy&auml; on tarpeen.&lt;\/p&gt;<\/p>\n<p>&lt;h2&gt;S&auml;&auml;nn&ouml;llinen tarkastus ja ennaltaehk&auml;isev&auml; huolto&lt;\/h2&gt;<br \/>\n&lt;p&gt;Kauhasylinterin optimaalisen suorituskyvyn ja pitk&auml;n k&auml;ytt&ouml;i&auml;n varmistamiseksi tulisi toteuttaa s&auml;&auml;nn&ouml;llisi&auml; tarkastuksia ja ennaltaehk&auml;isevi&auml; huoltotoimenpiteit&auml;. N&auml;ihin toimenpiteisiin kuuluvat asianmukainen tarkastus ja voitelu, tiivisteiden vaihto tarvittaessa sek&auml; sylinterin kalibrointi.&lt;\/p&gt;<\/p>\n<p>&lt;h2&gt;Oikean tuotteen asennusopas&lt;\/h2&gt;<br \/>\n&lt;p&gt;Oikea asennus on ratkaisevan t&auml;rke&auml;&auml; kauhan sylinterin tehokkaan toiminnan kannalta. On suositeltavaa kohdistaa sylinteri oikein asennuksen aikana ja k&auml;ytt&auml;&auml; sopivia asennuskiinnikkeit&auml; sylinterin kiinnitt&auml;miseen.&lt;\/p&gt;<\/p>\n<p>&lt;img src=&quot;&rdquo;https:\/\/www.hydraulic-cylinders.net\/wp-content\/uploads\/2025\/01\/songte-chushion-collar.webp&rdquo;&quot; alt=&quot;&amp;quot;Asennus&quot; guide image&rdquo;&gt;<\/p>\n<p>&lt;h2&gt;Huoltoteht&auml;v&auml;t&lt;\/h2&gt;<br \/>\n&lt;p&gt;Kauhasylinterin yleisi&auml; huoltoteht&auml;vi&auml; ovat s&auml;&auml;nn&ouml;lliset tarkastukset, asianmukainen voitelu, tiivisteiden vaihto ja kalibrointitarkastukset. Optimaalisen suorituskyvyn saavuttamiseksi korostetaan asianmukaista asennusta, voitelua ja s&auml;&auml;t&ouml;&auml;. Suositellut tarkastus-, korjaus- ja vaihtomenettelyt sek&auml; vinkkej&auml; sylinterin k&auml;ytt&ouml;i&auml;n pident&auml;miseksi tulee antaa.&lt;\/p&gt;<\/p>\n<p>&lt;img src=&quot;&rdquo;https:\/\/www.hydraulic-cylinders.net\/wp-content\/uploads\/2025\/01\/songte-bushings-with-all-kinds-of-excavator-models.webp&rdquo;&quot; alt=&quot;&rdquo;Huolto&quot; tasks image&rdquo;&gt;<\/p>\n<p>&lt;h2&gt;Turvallisuusn&auml;k&ouml;kohdat ja ymp&auml;rist&ouml;tekij&auml;t&lt;\/h2&gt;<br \/>\n&lt;p&gt;Kauhasylinteri&auml; k&auml;ytett&auml;ess&auml; turvatoimenpiteet ovat &auml;&auml;rimm&auml;isen t&auml;rkeit&auml;. On tarpeen ottaa huomioon turvatoimet raskaita koneita k&auml;sitelt&auml;ess&auml; ja hydraulisia j&auml;rjestelmi&auml; k&auml;ytett&auml;ess&auml;. My&ouml;s ymp&auml;rist&ouml;tekij&auml;t on otettava huomioon hydraulinesteiden asianmukaisen h&auml;vitt&auml;misen ja k&auml;sittelyn varmistamiseksi.&lt;\/p&gt;<\/p>\n<p>&lt;h2&gt;Vianm&auml;&auml;ritys ja yleiset ongelmat&lt;\/h2&gt;<br \/>\n&lt;p&gt;Kauhasylinterin vianm&auml;&auml;rityksest&auml; ja yleisist&auml; ongelmista keskusteleminen on olennaista. Vianm&auml;&auml;ritysvinkkien ja -ratkaisujen tarjoaminen on v&auml;ltt&auml;m&auml;t&ouml;nt&auml;, jotta lukijat voivat tehokkaasti diagnosoida ja ratkaista ongelmia. Ennaltaehk&auml;isev&auml;t toimenpiteet tulisi mainita mahdollisten ongelmien minimoimiseksi.&lt;\/p&gt;<\/p>\n<p>&lt;img src=&quot;&rdquo;https:\/\/www.hydraulic-cylinders.net\/wp-content\/uploads\/2025\/01\/songte-company-1.webp&rdquo;&quot; alt=&quot;&amp;quot;Vika&quot; diagnosis image&rdquo;&gt;<\/p>\n<p>&lt;h2&gt;Yrityksen esittely&lt;\/h2&gt;<br \/>\n&lt;p&gt;Olemme johtava hydraulisten sylinterien valmistaja ja tukkumyyj&auml; kotimaisilla ja kansainv&auml;lisill&auml; markkinoilla. Yrityksemme tarjoaa laajan valikoiman tuotteita ja noudattaa tuotannonhallintastrategiaa, joka korostaa erinomaista laatua ja hienoja valmistusprosesseja. Keskittym&auml;ll&auml; teknologiseen osaamiseen, edistyneisiin valmistuslaitteisiin ja ammattimaisiin testausj&auml;rjestelmiin parannamme jatkuvasti valmistusalustojamme ja tuotteiden laatua parantavia tuotantoreittej&auml;mme. Meill&auml; on vahva luova kyky ja priorisoimme tehokkuutta, tarkkuutta ja korkeaa laatua voidaksemme vastata monipuolisiin asiakastarpeisiin.&lt;\/p&gt;<\/p>\n<p>&lt;img src=&quot;&rdquo;https:\/\/www.hydraulic-cylinders.net\/wp-content\/uploads\/2025\/01\/songte-company-3.webp&rdquo;&quot; alt=&quot;&rdquo;Yritys&quot; introduction image&rdquo;&gt;<\/p>\n<p>&lt;p&gt;Yrityksemme tunnetaan ammattitaidostaan, kansainv&auml;lisist&auml; sertifikaateistaan, r&auml;&auml;t&auml;l&ouml;idyist&auml; palveluistaan, tuotantolaitteistaan \u200b\u200bja j&auml;lkimarkkinointipalveluistaan. &lt;\/p&gt;<\/p>\n<p>&lt;p&gt;Kirjoittaja: lyl&lt;\/p&gt;<\/p>","protected":false},"excerpt":{"rendered":"<p>&lt;h1&gt;Kauhan sylinteri Zoomlion-pienkaivukoneelle ZE150&lt;\/h1&gt; &lt;h2&gt;Johdanto&lt;\/h2&gt; &lt;p&gt;The bucket cylinder is a specially designed hydraulic cylinder used to control the movement of the bucket in heavy machinery such as excavators, backhoe loaders, and front loaders. Its main function is to enable the lifting, lowering, and tilting of the bucket, making it convenient for various [&hellip;]<\/p>","protected":false},"featured_media":14787,"comment_status":"open","ping_status":"closed","template":"","meta":{"_et_pb_use_builder":"","_et_pb_old_content":"","_et_gb_content_width":""},"product_brand":[],"product_cat":[1494],"product_tag":[1495,1496],"class_list":{"0":"post-15494","1":"product","2":"type-product","3":"status-publish","4":"has-post-thumbnail","6":"product_cat-bucket-cylinders","7":"product_tag-bucket-cylinders","8":"product_tag-hydraulic-cylinders","10":"first","11":"instock","12":"shipping-taxable","13":"product-type-simple"},"amp_enabled":true,"_links":{"self":[{"href":"https:\/\/www.hydraulic-cylinders.net\/fi\/wp-json\/wp\/v2\/product\/15494","targetHints":{"allow":["GET"]}}],"collection":[{"href":"https:\/\/www.hydraulic-cylinders.net\/fi\/wp-json\/wp\/v2\/product"}],"about":[{"href":"https:\/\/www.hydraulic-cylinders.net\/fi\/wp-json\/wp\/v2\/types\/product"}],"replies":[{"embeddable":true,"href":"https:\/\/www.hydraulic-cylinders.net\/fi\/wp-json\/wp\/v2\/comments?post=15494"}],"wp:featuredmedia":[{"embeddable":true,"href":"https:\/\/www.hydraulic-cylinders.net\/fi\/wp-json\/wp\/v2\/media\/14787"}],"wp:attachment":[{"href":"https:\/\/www.hydraulic-cylinders.net\/fi\/wp-json\/wp\/v2\/media?parent=15494"}],"wp:term":[{"taxonomy":"product_brand","embeddable":true,"href":"https:\/\/www.hydraulic-cylinders.net\/fi\/wp-json\/wp\/v2\/product_brand?post=15494"},{"taxonomy":"product_cat","embeddable":true,"href":"https:\/\/www.hydraulic-cylinders.net\/fi\/wp-json\/wp\/v2\/product_cat?post=15494"},{"taxonomy":"product_tag","embeddable":true,"href":"https:\/\/www.hydraulic-cylinders.net\/fi\/wp-json\/wp\/v2\/product_tag?post=15494"}],"curies":[{"name":"wp","href":"https:\/\/api.w.org\/{rel}","templated":true}]}}