{"id":15504,"date":"2025-01-19T14:36:49","date_gmt":"2025-01-19T14:36:49","guid":{"rendered":"https:\/\/www.hydraulic-cylinders.net\/product\/bucket-cylinder-for-zoomlion-middle-excavator-ze230e-9\/"},"modified":"2025-01-19T14:36:51","modified_gmt":"2025-01-19T14:36:51","slug":"bucket-cylinder-for-zoomlion-middle-excavator-ze230e-9","status":"publish","type":"product","link":"https:\/\/www.hydraulic-cylinders.net\/fi\/tuote\/bucket-cylinder-for-zoomlion-middle-excavator-ze230e-9\/","title":{"rendered":"Kauhan sylinteri Zoomlion-kaivinkoneelle ZE230E-9"},"content":{"rendered":"<h1>Kauhan sylinteri Zoomlion-kaivinkoneelle ZE230E-9<\/h1>\n<h2>Johdanto<\/h2>\n<p>Kauhasylinteri on erikoishydraulinen sylinteri, jota k\u00e4ytet\u00e4\u00e4n ensisijaisesti kauhan liikkeen ohjaamiseen raskaissa koneissa, kuten kaivinkoneissa, traktorikaivureissa ja etukuormaajissa. Sen p\u00e4\u00e4teht\u00e4v\u00e4n\u00e4 on mahdollistaa kauhan nostaminen, laskeminen ja kallistaminen, mik\u00e4 helpottaa erilaisten materiaalink\u00e4sittelyteht\u00e4vien k\u00e4sittely\u00e4. Hydraulij\u00e4rjestelm\u00e4ss\u00e4 kauhasylinteri saavuttaa kauhan tarkan hallinnan hydrauli\u00f6ljyn paineen muutosten avulla, mink\u00e4 ansiosta k\u00e4ytt\u00e4j\u00e4t voivat k\u00e4sitell\u00e4 raskaita kuormia tehokkaasti ja sopeutua monimutkaisiin ty\u00f6ymp\u00e4rist\u00f6ihin ja erilaisiin k\u00e4ytt\u00f6tarpeisiin.<\/p>\n<p><img decoding=\"async\" src=\"https:\/\/www.hydraulic-cylinders.net\/wp-content\/uploads\/2025\/01\/songte-company-2.webp\"\/><\/p>\n<h2>Ominaisuudet<\/h2>\n<ul>\n<li>Suuri lujuus ja kest\u00e4vyys: Tyypillisesti valmistettu eritt\u00e4in lujasta ter\u00e4ksest\u00e4 tai alumiinista, kest\u00e4\u00e4 korkeita paineita ja raskaita kuormia, sopii vaativiin ty\u00f6ymp\u00e4rist\u00f6ihin, on suunniteltu kulumis- ja korroosionkest\u00e4viksi sek\u00e4 pidemp\u00e4\u00e4n k\u00e4ytt\u00f6ik\u00e4\u00e4n.<\/li>\n<li>Tehokas hydraulinen toiminta: Tasainen teleskooppiliike saavutetaan hydrauli\u00f6ljyn paineen avulla, joka reagoi nopeasti ohjauskomentoihin, tarjoaa tehokkaita ty\u00f6nt\u00f6- ja vetovoimia ja soveltuu raskaiden kuormien k\u00e4sittelyyn ja monimutkaisiin k\u00e4ytt\u00f6teht\u00e4viin.<\/li>\n<li>Erilaisia \u200b\u200btyyppej\u00e4: Yksitoiminen (hydrauliikkaa k\u00e4ytet\u00e4\u00e4n vain yhteen suuntaan) tai kaksitoiminen (hydrauliikkaa k\u00e4ytet\u00e4\u00e4n kahteen suuntaan) sylinteri voidaan valita tarpeiden mukaan erilaisten k\u00e4ytt\u00f6vaatimusten t\u00e4ytt\u00e4miseksi. Jotkut mallit ovat teleskooppisia, mik\u00e4 mahdollistaa suuremman jatkeen ilman ulkomittojen kasvua, mik\u00e4 sopii sovelluksiin, joissa on rajoitetusti tilaa.<\/li>\n<\/ul>\n<p>Voimme valmistaa t\u00e4t\u00e4 tuotetta ja tuotteemme voi t\u00e4ydellisesti korvata n\u00e4m\u00e4 hydraulisylinterit.<\/p>\n<p><img decoding=\"async\" src=\"https:\/\/www.hydraulic-cylinders.net\/wp-content\/uploads\/2025\/01\/songte-cylinder-head-with-all-kinds-excavator-models.webp\"\/><\/p>\n<h2>Sovellukset<\/h2>\n<p>Kauhasylinteri\u00e4 k\u00e4ytet\u00e4\u00e4n laajalti erilaisissa raskaissa koneissa, mukaan lukien:<\/p>\n<ul>\n<li>Rakennuslaitteet: Kaivinkoneissa ne ovat ratkaisevan t\u00e4rkeit\u00e4 maan tai roskien kaivamisessa, lastaamisessa ja siirt\u00e4misess\u00e4. Kaivinkoneissa kauhan sylinterit auttavat kaivamisessa ja nostamisessa. Etukuormaajissa ne auttavat tavaroiden tehokkaassa nostamisessa ja kallistamisessa.<\/li>\n<li>Maatalouskoneet: K\u00e4ytet\u00e4\u00e4n etukuormaajissa maaper\u00e4n, hein\u00e4n ja muiden materiaalien kaivamiseen, nostamiseen ja kuljettamiseen.<\/li>\n<li>Kaivinkoneet: Kauhan sylinteri mahdollistaa kauhan tunkeutumisen maaper\u00e4\u00e4n kaivutoiminnan aikaansaamiseksi.<\/li>\n<\/ul>\n<h2>Suunnittelun\u00e4k\u00f6kohdat ja valintakriteerit<\/h2>\n<p>Suunnittelun n\u00e4k\u00f6kulmasta keskeisi\u00e4 huomioitavia seikkoja ovat kantavuus, tiiviys, kest\u00e4vyys, turvallisuus ja huollettavuus. <\/p>\n<ul>\n<li>Kantavuus: Kauhan sylinterin tulee kest\u00e4\u00e4 korkeaa painetta ja raskaita kuormia.<\/li>\n<li>Tiivistys: Erilaisten tiivisteiden, kuten m\u00e4nn\u00e4ntiivisteiden ja varren tiivisteiden, tulisi olla valmistettu kulutusta kest\u00e4vist\u00e4 materiaaleista, kuten polyuretaanista ja nitriilikumista. Sylinterin runko ja kierteitetyt p\u00e4\u00e4typinnat tulisi k\u00e4sitell\u00e4 hienostuneesti kulutuskest\u00e4vyyden parantamiseksi. <\/li>\n<li>Kest\u00e4vyys: Kauhasylinterin tulee olla valmistettu eritt\u00e4in lujista materiaaleista, suunniteltu kulutus- ja korroosionkest\u00e4vyys mieless\u00e4 pit\u00e4en, ja sen tulee kest\u00e4\u00e4 ankaria ty\u00f6ymp\u00e4rist\u00f6j\u00e4. <\/li>\n<li>Turvallisuus: Sylinterin tulee olla varustettu turvaominaisuuksilla, kuten varoventtiileill\u00e4 ja lukittavilla hydraulipiireill\u00e4, \u00e4killisten liikkeiden est\u00e4miseksi ja turvallisen k\u00e4yt\u00f6n varmistamiseksi.<\/li>\n<li>Huollettavuus: Kauhasylinterin suunnittelussa on otettava huomioon helppo huolto, jotta t\u00e4rkeimm\u00e4t komponentit voidaan tarkastaa ja vaihtaa s\u00e4\u00e4nn\u00f6llisesti.<\/li>\n<\/ul>\n<p><img decoding=\"async\" src=\"https:\/\/www.hydraulic-cylinders.net\/wp-content\/uploads\/2025\/01\/songte-oil-pipes-and-spare-parts.webp\"\/><\/p>\n<h2>Tiivistys ja voitelu<\/h2>\n<p>Kauhasylinteriss\u00e4 k\u00e4ytet\u00e4\u00e4n erilaisia \u200b\u200btiivisteit\u00e4, kuten m\u00e4nn\u00e4ntiivisteit\u00e4 ja varren tiivisteit\u00e4, hydrauli\u00f6ljyn vuotamisen est\u00e4miseksi. N\u00e4iden tiivisteiden tulisi olla valmistettu kulutusta kest\u00e4vist\u00e4 materiaaleista, kuten polyuretaanista ja nitriilikumista. Sylinterin runko ja kierteitetyt p\u00e4\u00e4typinnat tulisi k\u00e4sitell\u00e4 hienoksi kulutuskest\u00e4vyyden parantamiseksi. Optimaalisen suorituskyvyn saavuttamiseksi tarvitaan s\u00e4\u00e4nn\u00f6llist\u00e4 voitelua hydrauli\u00f6ljyll\u00e4.<\/p>\n<h2>Huolto ja korjaus<\/h2>\n<p>S\u00e4\u00e4nn\u00f6llinen huolto ja ennaltaehk\u00e4isev\u00e4t toimenpiteet ovat v\u00e4ltt\u00e4m\u00e4tt\u00f6mi\u00e4 kauhan sylinterin k\u00e4ytt\u00f6i\u00e4n pident\u00e4miseksi. Yleisi\u00e4 huoltoteht\u00e4vi\u00e4 ovat:<\/p>\n<ul>\n<li>S\u00e4\u00e4nn\u00f6llinen tarkastus kulumisen ja repe\u00e4misen tai vaurioiden havaitsemiseksi<\/li>\n<li>Sylinterin asianmukainen voitelu<\/li>\n<li>Vaurioituneiden tiivisteiden tai muiden keskeisten osien vaihto<\/li>\n<\/ul>\n<p>Oikea asennus on v\u00e4ltt\u00e4m\u00e4t\u00f6nt\u00e4 kauhan sylinterin optimaalisen suorituskyvyn ja pitk\u00e4n k\u00e4ytt\u00f6i\u00e4n varmistamiseksi. On t\u00e4rke\u00e4\u00e4 kohdistaa sylinteri oikein ja k\u00e4ytt\u00e4\u00e4 sopivia kiinnitystelineit\u00e4 sylinterin kiinnitt\u00e4miseen. Suositeltuja tarkastus-, korjaus- ja vaihtomenettelyj\u00e4 on noudatettava.<\/p>\n<p><img decoding=\"async\" src=\"https:\/\/www.hydraulic-cylinders.net\/wp-content\/uploads\/2025\/01\/songte-chushion-collar.webp\"\/><\/p>\n<h2>Turvallisuus- ja ymp\u00e4rist\u00f6n\u00e4k\u00f6kohdat<\/h2>\n<p>Kauhasylinteri\u00e4 k\u00e4ytett\u00e4ess\u00e4 on oltava turvatoimet, kuten varoventtiilit ja lukittavat hydraulipiirit, \u00e4killisten liikkeiden est\u00e4miseksi ja turvallisen k\u00e4yt\u00f6n varmistamiseksi. Ymp\u00e4rist\u00f6tekij\u00e4t, kuten \u00f6ljyvuodot, on otettava huomioon ymp\u00e4r\u00f6iv\u00e4n ymp\u00e4rist\u00f6n saastumisen est\u00e4miseksi.<\/p>\n<h2>Vianm\u00e4\u00e4ritys ja yleiset ongelmat<\/h2>\n<p>Kauhasylintereiden yleisi\u00e4 ongelmia ovat hydrauli\u00f6ljyn vuoto ja tiivisteiden vaurioituminen. Ongelmien diagnosoimiseksi ja ratkaisemiseksi tulee antaa vianm\u00e4\u00e4ritysvinkkej\u00e4 ja -ratkaisuja. My\u00f6s ennaltaehk\u00e4isevi\u00e4 toimenpiteit\u00e4 tulisi ehdottaa mahdollisten ongelmien minimoimiseksi.<\/p>\n<p><img decoding=\"async\" src=\"https:\/\/www.hydraulic-cylinders.net\/wp-content\/uploads\/2025\/01\/songte-bushings-with-all-kinds-of-excavator-models.webp\"\/><\/p>\n<h2>Tietoa yrityksest\u00e4mme<\/h2>\n<p>Olemme korvaavien hydraulisylinterien valmistaja kattavalla tuotevalikoimalla ja olemme yksi johtavista hydraulisylinterien valmistajista ja tukkumyyjist\u00e4 kotimaisilla ja kansainv\u00e4lisill\u00e4 markkinoilla. Noudatamme erinomaisen laadun periaatetta, luotamme teollistettuihin tuotannonohjausstrategioihin hienovalmisteisissa ty\u00f6pajoissa, parannamme jatkuvasti valmistusalustaa, parannamme tuotteiden laatua tuotantolinjalla ja meill\u00e4 on vahva luomiskyky. Pyrimme vastaamaan asiakkaidemme monipuolisiin tarpeisiin korkealla tehokkuudella, tarkkuudella ja laadulla.<\/p>\n<p><img decoding=\"async\" src=\"https:\/\/hzpt.com\/wp-content\/uploads\/2024\/11\/songte-company-1.webp\"\/><\/p>\n<h3>Ammattimaisuus<\/h3>\n<p>Meill\u00e4 on kokeneiden ammattilaisten tiimi, joka pyrkii tarjoamaan asiakkaille parhaat mahdolliset ratkaisut heid\u00e4n erityistarpeisiinsa. Meill\u00e4 on vahva tutkimus- ja kehitystiimi, joka pysyy ajan tasalla uusimman teknologian ja markkinatrendien kanssa varmistaakseen jatkuvan tuoteinnovaation.<\/p>\n<h3>Kansainv\u00e4linen sertifiointi<\/h3>\n<p>Olemme saaneet useita kansainv\u00e4lisi\u00e4 sertifikaatteja, kuten ISO9001 ja CE, jotka osoittavat sitoutumisemme laatuun ja luotettavuuteen.<\/p>\n<h3>R\u00e4\u00e4t\u00e4l\u00f6intipalvelut<\/h3>\n<p>Tarjoamme r\u00e4\u00e4t\u00e4l\u00f6intipalveluita asiakkaidemme erityistarpeisiin. Voimme r\u00e4\u00e4t\u00e4l\u00f6id\u00e4 hydraulisylintereiden suunnittelun, koon ja muut tekniset tiedot vastaamaan erityisvaatimuksiasi.<\/p>\n<h3>Tuotantolaitteet<\/h3>\n<p>K\u00e4yt\u00e4mme edistyneit\u00e4 tuotantolaitteita, kuten CNC-koneita ja edistyneit\u00e4 testauslaitteita, varmistaaksemme tuotteiden korkean laadun.<\/p>\n<h3>Myynnin j\u00e4lkeinen palvelu<\/h3>\n<p>Tarjoamme kattavia huoltopalveluita, mukaan lukien huolto, korjaus ja osien vaihto, varmistaaksemme hydraulisylintereiden pitk\u00e4n k\u00e4ytt\u00f6i\u00e4n ja optimaalisen suorituskyvyn.<\/p>\n<p>Kirjoittaja: lyl<\/p>","protected":false},"excerpt":{"rendered":"<p>Bucket Cylinder For Zoomlion Middle Excavator ZE230E-9 Introduction A bucket cylinder is a specialized hydraulic cylinder used primarily to control the movement of the bucket in heavy machinery such as excavators, backhoe excavators, and front-end loaders. Its main function is to enable the bucket to be lifted, lowered, and tilted, making it easier to handle [&hellip;]<\/p>","protected":false},"featured_media":14765,"comment_status":"open","ping_status":"closed","template":"","meta":{"_et_pb_use_builder":"","_et_pb_old_content":"","_et_gb_content_width":""},"product_brand":[],"product_cat":[1494],"product_tag":[1495,1496],"class_list":{"0":"post-15504","1":"product","2":"type-product","3":"status-publish","4":"has-post-thumbnail","6":"product_cat-bucket-cylinders","7":"product_tag-bucket-cylinders","8":"product_tag-hydraulic-cylinders","10":"first","11":"instock","12":"shipping-taxable","13":"product-type-simple"},"amp_enabled":true,"_links":{"self":[{"href":"https:\/\/www.hydraulic-cylinders.net\/fi\/wp-json\/wp\/v2\/product\/15504","targetHints":{"allow":["GET"]}}],"collection":[{"href":"https:\/\/www.hydraulic-cylinders.net\/fi\/wp-json\/wp\/v2\/product"}],"about":[{"href":"https:\/\/www.hydraulic-cylinders.net\/fi\/wp-json\/wp\/v2\/types\/product"}],"replies":[{"embeddable":true,"href":"https:\/\/www.hydraulic-cylinders.net\/fi\/wp-json\/wp\/v2\/comments?post=15504"}],"wp:featuredmedia":[{"embeddable":true,"href":"https:\/\/www.hydraulic-cylinders.net\/fi\/wp-json\/wp\/v2\/media\/14765"}],"wp:attachment":[{"href":"https:\/\/www.hydraulic-cylinders.net\/fi\/wp-json\/wp\/v2\/media?parent=15504"}],"wp:term":[{"taxonomy":"product_brand","embeddable":true,"href":"https:\/\/www.hydraulic-cylinders.net\/fi\/wp-json\/wp\/v2\/product_brand?post=15504"},{"taxonomy":"product_cat","embeddable":true,"href":"https:\/\/www.hydraulic-cylinders.net\/fi\/wp-json\/wp\/v2\/product_cat?post=15504"},{"taxonomy":"product_tag","embeddable":true,"href":"https:\/\/www.hydraulic-cylinders.net\/fi\/wp-json\/wp\/v2\/product_tag?post=15504"}],"curies":[{"name":"wp","href":"https:\/\/api.w.org\/{rel}","templated":true}]}}