{"id":15505,"date":"2025-01-19T14:36:53","date_gmt":"2025-01-19T14:36:53","guid":{"rendered":"https:\/\/www.hydraulic-cylinders.net\/product\/bucket-cylinder-for-zoomlion-large-excavator-ze330e\/"},"modified":"2025-01-19T14:36:55","modified_gmt":"2025-01-19T14:36:55","slug":"bucket-cylinder-for-zoomlion-large-excavator-ze330e","status":"publish","type":"product","link":"https:\/\/www.hydraulic-cylinders.net\/fi\/tuote\/bucket-cylinder-for-zoomlion-large-excavator-ze330e\/","title":{"rendered":"Kauhan sylinteri Zoomlion-kaivinkoneelle ZE330E"},"content":{"rendered":"<h1>Kauhan sylinteri Zoomlion-kaivinkoneelle ZE330E<\/h1>\n<h2>Johdanto<\/h2>\n<p>Zoomlion-suurkaivinkoneen ZE330E kauhan sylinteri on erityisesti suunniteltu hydraulisylinteri, jota k\u00e4ytet\u00e4\u00e4n p\u00e4\u00e4asiassa kauhan liikkeen ohjaamiseen raskaissa koneissa, kuten kaivinkoneissa, kaivurikuormaajissa ja etukuormaajissa. Sen p\u00e4\u00e4teht\u00e4v\u00e4n\u00e4 on mahdollistaa kauhan nostaminen, laskeminen ja kallistaminen, mik\u00e4 helpottaa erilaisten materiaalink\u00e4sittelyteht\u00e4vien k\u00e4sittely\u00e4. Hydraulij\u00e4rjestelm\u00e4ss\u00e4 kauhan sylinteri saavuttaa tarkan kauhan liikkeen hallinnan muuttamalla hydrauli\u00f6ljyn painetta, jolloin k\u00e4ytt\u00e4j\u00e4t voivat k\u00e4sitell\u00e4 raskaita kuormia tehokkaasti ja sopeutua monimutkaisiin ty\u00f6ymp\u00e4rist\u00f6ihin ja erilaisiin ty\u00f6vaatimuksiin.<\/p>\n<p><img decoding=\"async\" src=\"https:\/\/www.hydraulic-cylinders.net\/wp-content\/uploads\/2025\/01\/songte-company-2.webp\" alt=\"Kauhan sylinteri\" \/><\/p>\n<h2>Tuotteen ominaisuudet<\/h2>\n<ul>\n<li>\n<h3>Korkea lujuus ja kest\u00e4vyys<\/h3>\n<p>Kauhasylinterit on tyypillisesti valmistettu eritt\u00e4in lujasta ter\u00e4ksest\u00e4 tai alumiinista, jotka kest\u00e4v\u00e4t korkeaa painetta ja raskaita kuormia, sopeutuvat vaativiin ty\u00f6ymp\u00e4rist\u00f6ihin ja on suunniteltu kulutus- ja korroosionkest\u00e4vyys huomioon ottaen, mik\u00e4 pident\u00e4\u00e4 niiden k\u00e4ytt\u00f6ik\u00e4\u00e4.<\/p>\n<\/li>\n<li>\n<h3>Tehokas hydraulinen k\u00e4ytt\u00f6<\/h3>\n<p>Kauhasylinterit k\u00e4ytt\u00e4v\u00e4t hydrauli\u00f6ljyn painetta tasaisen teleskooppiliikkeen saavuttamiseksi, reagoivat nopeasti ohjauskomentoihin, tarjoavat tehokkaan ty\u00f6nt\u00f6- ja vetovoiman ja soveltuvat raskaiden kuormien k\u00e4sittelyyn ja monimutkaisiin ty\u00f6teht\u00e4viin.<\/p>\n<\/li>\n<li>\n<h3>Erilaiset tyypit<\/h3>\n<p>Kauhasylinterit voivat olla yksitoimisia (hydrauliikkaa vain yhteen suuntaan) tai kaksitoimisia (hydrauliikkaa molempiin suuntiin) vaatimusten mukaan, ja jotkut mallit ovat teleskooppisia, mik\u00e4 mahdollistaa suuremman laajenemisen ilman ulkomittojen kasvua, joten ne sopivat sovelluksiin, joissa on rajoitetusti tilaa.<\/p>\n<\/li>\n<li>\n<h3>Tuotevaihdot<\/h3>\n<p>Tuotteemme voivat t\u00e4ydellisesti korvata n\u00e4m\u00e4 hydraulisylinterit.<\/p>\n<\/li>\n<\/ul>\n<p><img decoding=\"async\" src=\"https:\/\/www.hydraulic-cylinders.net\/wp-content\/uploads\/2025\/01\/songte-cylinder-head-with-all-kinds-excavator-models.webp\" alt=\"Sylinterikansi\" \/><\/p>\n<h2>Kauhasylinterin sovellukset<\/h2>\n<p>Kauhasylinteri\u00e4 k\u00e4ytet\u00e4\u00e4n yleisesti erilaisissa rakennuslaitteissa, mukaan lukien:<\/p>\n<ul>\n<li>\n<h3>Kaivinkoneet<\/h3>\n<p>Kauhan sylinteri mahdollistaa kaivamisen antamalla kauhan tunkeutua maaper\u00e4\u00e4n.<\/p>\n<\/li>\n<li>\n<h3>Kaivurikuormaajat<\/h3>\n<p>Kauhan sylinteri auttaa sek\u00e4 kaivamisessa ett\u00e4 nostamisessa.<\/p>\n<\/li>\n<li>\n<h3>Etukuormaajat<\/h3>\n<p>Kauhasylinteri auttaa kuormaajan kauhan nostamisessa ja kallistamisessa, mik\u00e4 tekee materiaalien purkamisesta ja kippaamisesta tehokasta.<\/p>\n<\/li>\n<\/ul>\n<h2>Suunnittelun\u00e4k\u00f6kohdat ja valintakriteerit<\/h2>\n<p>Kauhasylintereit\u00e4 valittaessa ja suunniteltaessa on t\u00e4rke\u00e4\u00e4 ottaa huomioon keskeiset tekij\u00e4t, kuten kuormankantokyky, tiiviys, kest\u00e4vyys, turvallisuus ja huollettavuus. T\u00e4ss\u00e4 on joitakin t\u00e4rkeit\u00e4 huomioitavia seikkoja:<\/p>\n<ul>\n<li>\n<h3>Kantavuus<\/h3>\n<p>Kauhan sylinterin on oltava suunniteltu kest\u00e4m\u00e4\u00e4n sen kantama kuorma, joka m\u00e4\u00e4r\u00e4ytyy k\u00e4sitelt\u00e4v\u00e4n materiaalin painon ja sen liikuttamiseen liittyvien voimien mukaan.<\/p>\n<\/li>\n<li>\n<h3>Tiivistys ja kest\u00e4vyys<\/h3>\n<p>Kauhasylinterit vaativat korkealaatuisia tiivistemateriaaleja, kuten m\u00e4nn\u00e4ntiivisteit\u00e4 ja varren tiivisteit\u00e4, jotka on valmistettu kulutusta kest\u00e4vist\u00e4 materiaaleista, kuten polyuretaanista ja nitriilikumista. On my\u00f6s t\u00e4rke\u00e4\u00e4 varmistaa, ett\u00e4 sylinterin rungon ja kierteen p\u00e4\u00e4n pinta on hienok\u00e4sitelty kulutuskest\u00e4vyyden parantamiseksi. Oikean m\u00e4\u00e4r\u00e4n hydrauli\u00f6ljy\u00e4 on lis\u00e4tt\u00e4v\u00e4 s\u00e4\u00e4nn\u00f6llisesti voitelua varten.<\/p>\n<\/li>\n<li>\n<h3>Turvallisuus ja yll\u00e4pidett\u00e4vyys<\/h3>\n<p>Kauhasylinterit on suunniteltava turvallisuus mieless\u00e4 ja niiss\u00e4 on oltava sis\u00e4\u00e4nrakennetut turvaominaisuudet, kuten paineenalennusventtiilit ja sulkuventtiilit. Niiden on my\u00f6s oltava helppoja huoltaa ja korjata tarjoamalla helposti vaihdettavia ja kunnostettavia osia sek\u00e4 asianmukaisia \u200b\u200bhuoltomenettelyj\u00e4 niiden k\u00e4ytt\u00f6i\u00e4n pident\u00e4miseksi. <\/p>\n<\/li>\n<\/ul>\n<p><img decoding=\"async\" src=\"https:\/\/www.hydraulic-cylinders.net\/wp-content\/uploads\/2025\/01\/songte-oil-pipes-and-spare-parts.webp\" alt=\"\u00d6ljyputket\"\/><\/p>\n<h2>Huolto ja vianm\u00e4\u00e4ritys<\/h2>\n<p>S\u00e4\u00e4nn\u00f6lliset tarkastukset ja ennaltaehk\u00e4isev\u00e4 huolto ovat v\u00e4ltt\u00e4m\u00e4tt\u00f6mi\u00e4 kauhan sylinterin pit\u00e4miseksi hyv\u00e4ss\u00e4 toimintakunnossa. T\u00e4ss\u00e4 on joitakin yleisi\u00e4 huoltoteht\u00e4vi\u00e4:<\/p>\n<ul>\n<li>\n<h3>S\u00e4\u00e4nn\u00f6llinen tarkastus<\/h3>\n<p>Tarkista vuodot, kolhut tai naarmut, varmista, ett\u00e4 sylinteri on asianmukaisesti voideltu ja puhdas, ja tarkista hydrauliletkut ja -liittimet vaurioiden tai kulumisen varalta.<\/p>\n<\/li>\n<li>\n<h3>Voitelu<\/h3>\n<p>On t\u00e4rke\u00e4\u00e4 k\u00e4ytt\u00e4\u00e4 oikeanlaista ja oikeanlaista hydrauliikka\u00f6ljy\u00e4, jotta varmistetaan sujuva ja tehokas toiminta sek\u00e4 suojataan kulumiselta.<\/p>\n<\/li>\n<li>\n<h3>Tiivisteen vaihto ja kalibroinnin tarkastus<\/h3>\n<p>Vaihda kuluneet tiivisteosat ja tarkista kalibrointi, tee tarvittavat s\u00e4\u00e4d\u00f6t sylinterin tarkan liikkeen varmistamiseksi.<\/p>\n<\/li>\n<\/ul>\n<p>Kauhasylinteri\u00e4 huollettaessa on t\u00e4rke\u00e4\u00e4 ottaa huomioon asianmukainen asennus, voitelu ja s\u00e4\u00e4t\u00f6 mahdollisten ongelmien, kuten vuotojen, heikentyneen suorituskyvyn tai t\u00e4ydellisen vikaantumisen, v\u00e4ltt\u00e4miseksi. On t\u00e4rke\u00e4\u00e4 antaa asianmukaista ohjausta asennukseen, k\u00e4ytt\u00e4\u00e4 sopivia asennuskiinnikkeit\u00e4 sylinterin kiinnitt\u00e4miseen, suositella tarkastus-, korjaus- ja vaihtotoimenpiteit\u00e4 sek\u00e4 antaa vinkkej\u00e4 kauhasylinterin k\u00e4ytt\u00f6i\u00e4n pident\u00e4miseksi.<\/p>\n<p><img decoding=\"async\" src=\"https:\/\/www.hydraulic-cylinders.net\/wp-content\/uploads\/2025\/01\/songte-chushion-collar.webp\" alt=\"Chushion-kaulus\"\/><\/p>\n<h2>Turvallisuusn\u00e4k\u00f6kohdat ja ymp\u00e4rist\u00f6tekij\u00e4t<\/h2>\n<p>Kauhasylintereiden kanssa ty\u00f6skennelless\u00e4 on t\u00e4rke\u00e4\u00e4 noudattaa turvaohjeita, kuten k\u00e4ytt\u00e4\u00e4 asianmukaisia \u200b\u200bsuojavarusteita, pit\u00e4\u00e4 k\u00e4det ja vaatteet poissa liikkuvista osista ja varmistaa, ett\u00e4 laitteet ovat hyv\u00e4ss\u00e4 toimintakunnossa. Hydrauli\u00f6ljyn asianmukainen h\u00e4vitt\u00e4minen on my\u00f6s t\u00e4rke\u00e4\u00e4 ymp\u00e4rist\u00f6n suojelemiseksi.<\/p>\n<p><img decoding=\"async\" src=\"https:\/\/www.hydraulic-cylinders.net\/wp-content\/uploads\/2025\/01\/songte-bushings-with-all-kinds-of-excavator-models.webp\" alt=\"Holkit\"\/><\/p>\n<h2>Tietoa yrityksest\u00e4mme<\/h2>\n<p>Olemme korvaavien hydraulisylinterien valmistaja ja tarjoamme kattavan tuotevalikoiman. Olemme yksi johtavista hydraulisylinterien valmistajista ja tukkumyyjist\u00e4 kotimaisilla ja kansainv\u00e4lisill\u00e4 markkinoilla. Noudatamme erinomaisen laadun periaatetta, luotamme teollistettuihin tuotannonohjausstrategioihin hienomekaniikoissa, parannamme jatkuvasti valmistusalustaa, parannamme tuotteiden laatua tuotantolinjalla ja meill\u00e4 on vahvat innovaatiokyvyt. T\u00e4yt\u00e4mme asiakkaiden monipuoliset tarpeet korkean tehokkuuden, tarkkuuden ja laadun periaatteilla.<\/p>\n<p>Yrityksemme tarjoaa ammattitaitoisia palveluita, kansainv\u00e4list\u00e4 sertifiointia, r\u00e4\u00e4t\u00e4l\u00f6ityj\u00e4 palveluita, edistyneit\u00e4 tuotantolaitteita ja huoltopalveluita.<\/p>\n<p><img decoding=\"async\" src=\"https:\/\/hzpt.com\/wp-content\/uploads\/2024\/11\/songte-company-1.webp\" alt=\"Yritysprofiili\"\/><\/p>\n<p>Kirjoittaja: lyl<\/p>","protected":false},"excerpt":{"rendered":"<p>Bucket Cylinder For Zoomlion Large Excavator ZE330E Introduction The bucket cylinder for Zoomlion large excavator ZE330E is a specially designed hydraulic cylinder mainly used to control the movement of the bucket in heavy machinery such as excavators, backhoe loaders, and front loaders. Its main function is to enable the bucket to lift, lower, and tilt, [&hellip;]<\/p>","protected":false},"featured_media":14762,"comment_status":"open","ping_status":"closed","template":"","meta":{"_et_pb_use_builder":"","_et_pb_old_content":"","_et_gb_content_width":""},"product_brand":[],"product_cat":[1494],"product_tag":[1495,1496],"class_list":{"0":"post-15505","1":"product","2":"type-product","3":"status-publish","4":"has-post-thumbnail","6":"product_cat-bucket-cylinders","7":"product_tag-bucket-cylinders","8":"product_tag-hydraulic-cylinders","10":"first","11":"instock","12":"shipping-taxable","13":"product-type-simple"},"amp_enabled":true,"_links":{"self":[{"href":"https:\/\/www.hydraulic-cylinders.net\/fi\/wp-json\/wp\/v2\/product\/15505","targetHints":{"allow":["GET"]}}],"collection":[{"href":"https:\/\/www.hydraulic-cylinders.net\/fi\/wp-json\/wp\/v2\/product"}],"about":[{"href":"https:\/\/www.hydraulic-cylinders.net\/fi\/wp-json\/wp\/v2\/types\/product"}],"replies":[{"embeddable":true,"href":"https:\/\/www.hydraulic-cylinders.net\/fi\/wp-json\/wp\/v2\/comments?post=15505"}],"wp:featuredmedia":[{"embeddable":true,"href":"https:\/\/www.hydraulic-cylinders.net\/fi\/wp-json\/wp\/v2\/media\/14762"}],"wp:attachment":[{"href":"https:\/\/www.hydraulic-cylinders.net\/fi\/wp-json\/wp\/v2\/media?parent=15505"}],"wp:term":[{"taxonomy":"product_brand","embeddable":true,"href":"https:\/\/www.hydraulic-cylinders.net\/fi\/wp-json\/wp\/v2\/product_brand?post=15505"},{"taxonomy":"product_cat","embeddable":true,"href":"https:\/\/www.hydraulic-cylinders.net\/fi\/wp-json\/wp\/v2\/product_cat?post=15505"},{"taxonomy":"product_tag","embeddable":true,"href":"https:\/\/www.hydraulic-cylinders.net\/fi\/wp-json\/wp\/v2\/product_tag?post=15505"}],"curies":[{"name":"wp","href":"https:\/\/api.w.org\/{rel}","templated":true}]}}