{"id":15506,"date":"2025-01-19T14:36:57","date_gmt":"2025-01-19T14:36:57","guid":{"rendered":"https:\/\/www.hydraulic-cylinders.net\/product\/bucket-cylinder-for-zoomlion-large-excavator-ze520e\/"},"modified":"2025-01-19T14:36:59","modified_gmt":"2025-01-19T14:36:59","slug":"bucket-cylinder-for-zoomlion-large-excavator-ze520e","status":"publish","type":"product","link":"https:\/\/www.hydraulic-cylinders.net\/fi\/tuote\/bucket-cylinder-for-zoomlion-large-excavator-ze520e\/","title":{"rendered":"Kauhan sylinteri Zoomlion-kaivinkoneelle ZE520E"},"content":{"rendered":"<h1>Kauhan sylinteri Zoomlion-kaivinkoneelle ZE520E<\/h1>\n<h2>Johdanto<\/h2>\n<p>Zoomlion-suurkaivinkoneen ZE520E kauhan sylinteri on erityisesti suunniteltu hydraulisylinteri, jota k\u00e4ytet\u00e4\u00e4n p\u00e4\u00e4asiassa kauhan liikkeen ohjaamiseen raskaissa koneissa, kuten kaivinkoneissa, kaivurikuormaajissa ja etukuormaajissa. Sen p\u00e4\u00e4teht\u00e4v\u00e4n\u00e4 on mahdollistaa kauhan nostaminen, laskeminen ja kallistaminen, mik\u00e4 helpottaa erilaisten materiaalink\u00e4sittelyteht\u00e4vien k\u00e4sittely\u00e4. Hydraulij\u00e4rjestelm\u00e4ss\u00e4 kauhan sylinteri ohjaa kauhan tarkkaa liikett\u00e4 hydrauli\u00f6ljyn paineen muutosten avulla, mink\u00e4 ansiosta kuljettaja voi k\u00e4sitell\u00e4 raskaita kuormia tehokkaasti ja sopeutua monimutkaisiin ty\u00f6ymp\u00e4rist\u00f6ihin ja erilaisiin k\u00e4ytt\u00f6tarpeisiin.<\/p>\n<p><img decoding=\"async\" src=\"https:\/\/www.hydraulic-cylinders.net\/wp-content\/uploads\/2025\/01\/songte-company-2.webp\" alt=\"Kauhan sylinteri Zoomlion-kaivinkoneeseen ZE520E\"><\/p>\n<h2>Ominaisuudet<\/h2>\n<ul>\n<li>Suuri lujuus ja kest\u00e4vyys: Tyypillisesti eritt\u00e4in lujasta ter\u00e4ksest\u00e4 tai alumiinista valmistettu tuote kest\u00e4\u00e4 korkeaa painetta ja raskaita kuormia, sopeutuu vaativiin ty\u00f6ymp\u00e4rist\u00f6ihin ja on suunniteltu kulutus- ja korroosionkest\u00e4vyydell\u00e4 k\u00e4ytt\u00f6i\u00e4n pident\u00e4miseksi.<\/li>\n<li>Tehokas hydraulinen toiminta: Tasainen pidennys ja supistus saavutetaan hydrauli\u00f6ljyn paineella, se reagoi nopeasti ohjauskomentoihin, tarjoaa tehokkaita ty\u00f6nt\u00f6- ja vetovoimia, sopii raskaiden kuormien k\u00e4sittelyyn ja monimutkaisiin ty\u00f6teht\u00e4viin.<\/li>\n<li>Erilaisia \u200b\u200btyyppej\u00e4: Yksitoimiset (hydrauliikkaa k\u00e4ytet\u00e4\u00e4n vain yhteen suuntaan) tai kaksitoimiset (hydrauliikkaa k\u00e4ytet\u00e4\u00e4n molempiin suuntiin) sylinterit voidaan valita tarpeiden mukaan erilaisten k\u00e4ytt\u00f6tarpeiden t\u00e4ytt\u00e4miseksi. Jotkut mallit ovat teleskooppisia, mik\u00e4 mahdollistaa suuremman jatkeen ilman ulkomittojen kasvua, mik\u00e4 sopii ahtaisiin k\u00e4ytt\u00f6tarkoituksiin.<\/li>\n<li>Vaihdettava: Tuotteemme voivat t\u00e4ydellisesti korvata n\u00e4m\u00e4 hydraulisylinterit.<\/li>\n<\/ul>\n<p><img decoding=\"async\" src=\"https:\/\/www.hydraulic-cylinders.net\/wp-content\/uploads\/2025\/01\/songte-cylinder-head-with-all-kinds-excavator-models.webp\" alt=\"Kauhan sylinteri Zoomlion-kaivinkoneeseen ZE520E\"><\/p>\n<h2>Sovellukset<\/h2>\n<p>Zoomlion-suurkaivinkoneen ZE520E kauhan sylinteri\u00e4 voidaan k\u00e4ytt\u00e4\u00e4 useilla eri aloilla, mukaan lukien:<\/p>\n<ul>\n<li>Rakennuslaitteet: Kaivinkoneissa ne ovat v\u00e4ltt\u00e4m\u00e4tt\u00f6mi\u00e4 kaivamiseen, lastaamiseen ja maaper\u00e4n tai roskien siirt\u00e4miseen. Kaivurikuormaajissa kauhan sylinterit auttavat kaivamisessa ja nostamisessa. <\/li>\n<li>Maatalouskoneet: K\u00e4ytet\u00e4\u00e4n etukuormaajiin, maaper\u00e4n, hein\u00e4n ja muiden materiaalien poimimiseen, nostamiseen ja kuljettamiseen. <\/li>\n<li>Kaivinkoneet: Kauhasylinterit mahdollistavat kaivamisen antamalla kauhan tunkeutua maaper\u00e4\u00e4n.<\/li>\n<li>Kuormaajat: Etukuormaajissa ne auttavat lastin tehokkaassa nostamisessa ja kallistamisessa.<\/li>\n<\/ul>\n<h2>Suunnittelun\u00e4k\u00f6kohdat ja valintakriteerit<\/h2>\n<p>Suunnittelussa on otettava huomioon kauhan sylinterin valinnassa keskeiset tekij\u00e4t, kuten kantavuus, tiiviys, kest\u00e4vyys, turvallisuus ja huollettavuus. <\/p>\n<ul>\n<li>Kuormituksen kantokyky: Sylinterin on kestett\u00e4v\u00e4 korkea paine ja raskaita kuormia moitteettoman toiminnan varmistamiseksi.<\/li>\n<li>Tiivistys: Erilaisten tiivisteiden, kuten kulutusta kest\u00e4vist\u00e4 materiaaleista, kuten polyuretaanista ja nitriilikumista, valmistettujen m\u00e4nn\u00e4ntiivisteiden ja varren tiivisteiden, k\u00e4ytt\u00f6 voi auttaa est\u00e4m\u00e4\u00e4n \u00f6ljyvuotoja ja kontaminaatiota.<\/li>\n<li>Kest\u00e4vyys: Sylinterin pinta tulee k\u00e4sitell\u00e4 tarkasti kulutuskest\u00e4vyyden ja korroosionkest\u00e4vyyden parantamiseksi k\u00e4ytt\u00f6i\u00e4n pident\u00e4miseksi.<\/li>\n<li>Turvallisuus: Sylinterin rakenteen tulee olla turvallinen k\u00e4ytt\u00e4\u00e4, mik\u00e4 minimoi onnettomuuksien ja loukkaantumisten riskin.<\/li>\n<li>Yll\u00e4pidett\u00e4vyys: Olennaisten osien saatavuus tulee olla helppoa, mik\u00e4 mahdollistaa tehokkaan ja oikea-aikaisen vaihdon ja korjauksen.<\/li>\n<\/ul>\n<p><img decoding=\"async\" src=\"https:\/\/www.hydraulic-cylinders.net\/wp-content\/uploads\/2025\/01\/songte-oil-pipes-and-spare-parts.webp\" alt=\"Kauhan sylinteri Zoomlion-kaivinkoneeseen ZE520E\"><\/p>\n<h2>Tiivistys ja voitelu<\/h2>\n<p>Zoomlion-suurkaivinkoneen ZE520E kauhasylinteriss\u00e4 on erilaisia \u200b\u200btiivistyskomponentteja, kuten m\u00e4nn\u00e4ntiivisteit\u00e4 ja varren tiivisteit\u00e4, jotka on valmistettu kulutusta kest\u00e4vist\u00e4 materiaaleista, kuten polyuretaanista ja nitriilikumista, \u00f6ljyvuotojen ja kontaminaation est\u00e4miseksi. Sylinterin pinta on tarkasti k\u00e4sitelty kulutuskest\u00e4vyyden ja korroosionkest\u00e4vyyden parantamiseksi ja k\u00e4ytt\u00f6i\u00e4n pident\u00e4miseksi. S\u00e4\u00e4nn\u00f6llinen voitelu sopivalla m\u00e4\u00e4r\u00e4ll\u00e4 hydrauli\u00f6ljy\u00e4 on v\u00e4ltt\u00e4m\u00e4t\u00f6nt\u00e4 kitkan aiheuttaman kulumisen est\u00e4miseksi ja oikean toiminnan varmistamiseksi.<\/p>\n<p><img decoding=\"async\" src=\"https:\/\/www.hydraulic-cylinders.net\/wp-content\/uploads\/2025\/01\/songte-chushion-collar.webp\" alt=\"Kauhan sylinteri Zoomlion-kaivinkoneeseen ZE520E\"><\/p>\n<h2>Huolto ja vianm\u00e4\u00e4ritys<\/h2>\n<p>S\u00e4\u00e4nn\u00f6llinen huolto on ratkaisevan t\u00e4rke\u00e4\u00e4 kauhan sylinterin oikean toiminnan varmistamiseksi ja sen k\u00e4ytt\u00f6i\u00e4n pident\u00e4miseksi. Yleisi\u00e4 huoltoteht\u00e4vi\u00e4 ovat s\u00e4\u00e4nn\u00f6lliset tarkastukset, asianmukainen voitelu, tiivisteiden vaihto ja kalibrointitarkastukset. Oikea asennus, voitelu ja s\u00e4\u00e4t\u00f6 ovat ratkaisevan t\u00e4rkeit\u00e4 kauhan sylinterin tehokkaan toiminnan varmistamiseksi. Oikean kohdistuksen ja sopivien kiinnitystelineiden k\u00e4yt\u00f6n merkityst\u00e4 sylinterin kiinnitt\u00e4miseksi ei voi yliarvioida. Saatavilla on suositeltuja tarkastus-, korjaus- ja vaihtomenettelyj\u00e4, varaosia ja korjauspalveluita sek\u00e4 vinkkej\u00e4 sylinterin k\u00e4ytt\u00f6i\u00e4n pident\u00e4miseksi. <\/p>\n<p><img decoding=\"async\" src=\"https:\/\/www.hydraulic-cylinders.net\/wp-content\/uploads\/2025\/01\/songte-bushings-with-all-kinds-of-excavator-models.webp\" alt=\"Kauhan sylinteri Zoomlion-kaivinkoneeseen ZE520E\"><\/p>\n<h2>Turvallisuusn\u00e4k\u00f6kohdat ja ymp\u00e4rist\u00f6tekij\u00e4t<\/h2>\n<p>Kauhasylinterin turvallinen k\u00e4ytt\u00f6 on kriittist\u00e4, ja turvatoimenpiteit\u00e4 on aina noudatettava sylinterin asennuksen, k\u00e4yt\u00f6n ja huollon aikana. S\u00e4\u00e4nn\u00f6lliset tarkastukset ja ennakoiva huolto voivat auttaa v\u00e4hent\u00e4m\u00e4\u00e4n mahdollisia ongelmia ja varmistamaan turvallisen k\u00e4yt\u00f6n. Ymp\u00e4rist\u00f6tekij\u00e4t, kuten l\u00e4mp\u00f6tila, kosteus ja maasto, on otettava huomioon asianmukaisen toiminnan varmistamiseksi ja sylinterin vaurioitumisen est\u00e4miseksi.<\/p>\n<h2>Tietoa yrityksest\u00e4mme<\/h2>\n<p>Olemme hydraulisylinterien valmistaja, joka on erikoistunut hydraulisylinterien vaihtoon. Yrityksemme tarjoaa t\u00e4yden valikoiman tuotteita ja on yksi johtavista hydraulisylinterien valmistajista ja tukkumyyjist\u00e4 kotimaisilla ja kansainv\u00e4lisill\u00e4 markkinoilla. Noudatamme erinomaista laatua ja luotamme teollisen tuotannon hallintastrategioihin, jotka perustuvat hienostuneisiin valmistusty\u00f6pajoihin, jatkuvasti parantaen valmistusymp\u00e4rist\u00f6\u00e4mme ja t\u00e4ydellist\u00e4en tuotteiden laatua parantavia tuotantolinjoja. Meill\u00e4 on vahva luova kyky tarjota tehokkaita, tarkkoja ja korkealaatuisia palveluita vastataksemme monipuolisiin asiakastarpeisiin. <\/p>\n<p><img decoding=\"async\" src=\"https:\/\/hzpt.com\/wp-content\/uploads\/2024\/11\/songte-company-1.webp\" alt=\"Kauhan sylinteri Zoomlion-kaivinkoneeseen ZE520E\"><\/p>\n<ul>\n<li>Ammattitaito, kansainv\u00e4linen sertifiointi ja r\u00e4\u00e4t\u00e4l\u00f6idyt palvelut<\/li>\n<li>Tuotantolaitteet ja j\u00e4lkimarkkinointipalvelut<\/li>\n<\/ul>\n<p>Kirjoittaja: lyl<\/p>","protected":false},"excerpt":{"rendered":"<p>Bucket Cylinder For Zoomlion Large Excavator ZE520E Introduction The bucket cylinder for Zoomlion large excavator ZE520E is a specially designed hydraulic cylinder that is mainly used to control the movement of the bucket in heavy machinery such as excavators, backhoe loaders, and front-end loaders. Its main function is to enable the bucket to lift, lower, [&hellip;]<\/p>","protected":false},"featured_media":14761,"comment_status":"open","ping_status":"closed","template":"","meta":{"_et_pb_use_builder":"","_et_pb_old_content":"","_et_gb_content_width":""},"product_brand":[],"product_cat":[1494],"product_tag":[1495,1496],"class_list":{"0":"post-15506","1":"product","2":"type-product","3":"status-publish","4":"has-post-thumbnail","6":"product_cat-bucket-cylinders","7":"product_tag-bucket-cylinders","8":"product_tag-hydraulic-cylinders","10":"first","11":"instock","12":"shipping-taxable","13":"product-type-simple"},"amp_enabled":true,"_links":{"self":[{"href":"https:\/\/www.hydraulic-cylinders.net\/fi\/wp-json\/wp\/v2\/product\/15506","targetHints":{"allow":["GET"]}}],"collection":[{"href":"https:\/\/www.hydraulic-cylinders.net\/fi\/wp-json\/wp\/v2\/product"}],"about":[{"href":"https:\/\/www.hydraulic-cylinders.net\/fi\/wp-json\/wp\/v2\/types\/product"}],"replies":[{"embeddable":true,"href":"https:\/\/www.hydraulic-cylinders.net\/fi\/wp-json\/wp\/v2\/comments?post=15506"}],"wp:featuredmedia":[{"embeddable":true,"href":"https:\/\/www.hydraulic-cylinders.net\/fi\/wp-json\/wp\/v2\/media\/14761"}],"wp:attachment":[{"href":"https:\/\/www.hydraulic-cylinders.net\/fi\/wp-json\/wp\/v2\/media?parent=15506"}],"wp:term":[{"taxonomy":"product_brand","embeddable":true,"href":"https:\/\/www.hydraulic-cylinders.net\/fi\/wp-json\/wp\/v2\/product_brand?post=15506"},{"taxonomy":"product_cat","embeddable":true,"href":"https:\/\/www.hydraulic-cylinders.net\/fi\/wp-json\/wp\/v2\/product_cat?post=15506"},{"taxonomy":"product_tag","embeddable":true,"href":"https:\/\/www.hydraulic-cylinders.net\/fi\/wp-json\/wp\/v2\/product_tag?post=15506"}],"curies":[{"name":"wp","href":"https:\/\/api.w.org\/{rel}","templated":true}]}}