{"id":15518,"date":"2025-01-19T14:37:50","date_gmt":"2025-01-19T14:37:50","guid":{"rendered":"https:\/\/www.hydraulic-cylinders.net\/product\/bucket-cylinder-for-sunward-small-excavator-swe150e\/"},"modified":"2025-01-19T14:37:52","modified_gmt":"2025-01-19T14:37:52","slug":"bucket-cylinder-for-sunward-small-excavator-swe150e","status":"publish","type":"product","link":"https:\/\/www.hydraulic-cylinders.net\/fi\/tuote\/bucket-cylinder-for-sunward-small-excavator-swe150e\/","title":{"rendered":"Kauhan sylinteri Sunwardin pienelle kaivinkoneelle SWE150E"},"content":{"rendered":"<h1>Kauhan sylinteri Sunwardin pienelle kaivinkoneelle SWE150E<\/h1>\n<h2>Johdanto<\/h2>\n<p>Kauhasylinteri on erityisesti suunniteltu hydraulisylinteri, jota k\u00e4ytet\u00e4\u00e4n ensisijaisesti kauhan liikkeen ohjaamiseen raskaissa koneissa, kuten kaivinkoneissa, traktorikaivureissa ja etukuormaajissa. Sen p\u00e4\u00e4teht\u00e4v\u00e4n\u00e4 on mahdollistaa kauhan nostaminen, laskeminen ja kallistaminen, mik\u00e4 helpottaa erilaisten materiaalien k\u00e4sittely\u00e4. Hydraulij\u00e4rjestelm\u00e4ss\u00e4 kauhasylinteri saavuttaa kauhan tarkan hallinnan hydrauli\u00f6ljyn paineen muutosten avulla, mink\u00e4 ansiosta k\u00e4ytt\u00e4j\u00e4t voivat k\u00e4sitell\u00e4 raskaita kuormia tehokkaasti ja sopeutua monimutkaisiin ty\u00f6ymp\u00e4rist\u00f6ihin ja erilaisiin k\u00e4ytt\u00f6tarpeisiin.<\/p>\n<p><img decoding=\"async\" src=\"https:\/\/www.hydraulic-cylinders.net\/wp-content\/uploads\/2025\/01\/songte-company-2.webp\" alt=\"Kauhan sylinteri Sunwardin pienelle kaivinkoneelle SWE150E\"><\/p>\n<h2>Ominaisuudet<\/h2>\n<ol>\n<li><strong>Korkea lujuus ja kest\u00e4vyys:<\/strong> Tyypillisesti eritt\u00e4in lujasta ter\u00e4ksest\u00e4 tai alumiinista valmistettu, se kest\u00e4\u00e4 korkeaa painetta ja raskaita kuormia, sopeutuu vaativiin ty\u00f6ymp\u00e4rist\u00f6ihin ja on suunniteltu kulutus- ja korroosionkest\u00e4vyys mieless\u00e4 pit\u00e4en k\u00e4ytt\u00f6i\u00e4n pident\u00e4miseksi.<\/li>\n<li><strong>Tehokas hydraulinen k\u00e4ytt\u00f6:<\/strong> Mahdollistaa tasaiset ojennus- ja supistusliikkeet hydrauli\u00f6ljyn paineen avulla, reagoi nopeasti ohjauskomentoihin, tarjoaa tehokkaat ty\u00f6nt\u00f6- ja vetovoimat ja soveltuu raskaiden kuormien k\u00e4sittelyyn ja monimutkaisiin operatiivisiin teht\u00e4viin.<\/li>\n<li><strong>Erilaisia \u200b\u200btyyppej\u00e4:<\/strong> Yksitoimisia (hydraulisesti vain yhteen suuntaan) tai kaksitoimisia (hydraulisesti molempiin suuntiin) sylintereit\u00e4 voidaan valita tarpeen mukaan erilaisten k\u00e4ytt\u00f6vaatimusten t\u00e4ytt\u00e4miseksi. Jotkut mallit ovat teleskooppisia, mik\u00e4 mahdollistaa suuremman jatkeen ilman ulkomittojen kasvua, joten ne sopivat sovelluksiin, joissa on rajoitetusti tilaa.<\/li>\n<li><strong>Meid\u00e4n valmistamamme:<\/strong> Tuotteemme voivat t\u00e4ydellisesti korvata n\u00e4m\u00e4 hydraulisylinterit.<\/li>\n<\/ol>\n<p><img decoding=\"async\" src=\"https:\/\/www.hydraulic-cylinders.net\/wp-content\/uploads\/2025\/01\/songte-cylinder-head-with-all-kinds-excavator-models.webp\" alt=\"Kauhan sylinteri Sunwardin pienelle kaivinkoneelle SWE150E\"><\/p>\n<h2>Sovellukset<\/h2>\n<p><strong>Rakennuslaitteet:<\/strong> Kaivinkoneissa ne ovat ratkaisevan t\u00e4rkeit\u00e4 maan tai roskien kaivamisessa, lastaamisessa ja siirt\u00e4misess\u00e4. Kaivinkoneissa kauhan sylinteri auttaa kaivamisessa ja nostamisessa. Etukuormaajissa ne auttavat lastin tehokkaassa nostamisessa ja tyhjent\u00e4misess\u00e4.<\/p>\n<p><strong>Maatalouskoneet:<\/strong> K\u00e4ytet\u00e4\u00e4n etukuormaajissa maan, hein\u00e4n ja muiden materiaalien nostamiseen, ker\u00e4\u00e4miseen ja kuljettamiseen. Kaivinkoneissa kauhan sylinteri saavuttaa kaivutoiminnon antamalla kauhan tunkeutua maahan. Etukuormaajissa ne auttavat tavaroiden tehokkaassa nostamisessa ja kallistamisessa.<\/p>\n<h2>Suunnittelun\u00e4k\u00f6kohdat ja valintakriteerit<\/h2>\n<p>In terms of design considerations, the bucket cylinder&#8217;s carrying capacity, sealing, durability, safety, and maintainability are discussed in the following points:<\/p>\n<ul>\n<li><strong>Kantavuus:<\/strong> Sylinterin on kyett\u00e4v\u00e4 kest\u00e4m\u00e4\u00e4n sen k\u00e4yt\u00f6n aikana kohtaama enimm\u00e4iskuormitus.<\/li>\n<li><strong>Tiivistys:<\/strong> Sylinteri on suunniteltava erilaisilla tiivisteill\u00e4, kuten m\u00e4nn\u00e4ntiivisteill\u00e4, varren tiivisteill\u00e4 jne., jotka on valmistettu kulutusta kest\u00e4vist\u00e4 materiaaleista, kuten polyuretaanista ja nitriilikumista. Sylinterin runko ja kierteitetyt p\u00e4\u00e4typinnat on hienok\u00e4sitelty kulutuskest\u00e4vyyden parantamiseksi. Voitelua varten on lis\u00e4tt\u00e4v\u00e4 s\u00e4\u00e4nn\u00f6llisesti sopivaa hydrauliikka\u00f6ljy\u00e4.<\/li>\n<li><strong>Kest\u00e4vyys:<\/strong> Sylinterin on kestett\u00e4v\u00e4 k\u00e4ytt\u00f6ymp\u00e4rist\u00f6n rasitukset ja se on suunniteltava kulutus- ja korroosionkest\u00e4vyys mieless\u00e4 pit\u00e4en sen k\u00e4ytt\u00f6i\u00e4n pident\u00e4miseksi.<\/li>\n<li><strong>Turvallisuus:<\/strong> Sylinteri on asennettava ja huollettava oikein ohjeiden mukaisesti onnettomuuksien v\u00e4ltt\u00e4miseksi ja k\u00e4ytt\u00e4j\u00e4n turvallisuuden varmistamiseksi.<\/li>\n<li><strong>Yll\u00e4pidett\u00e4vyys:<\/strong> Sylinterin on oltava suunniteltu siten, ett\u00e4 osien purkaminen, tarkastaminen ja vaihtaminen on helppoa, jotta seisokkiaika voidaan minimoida ja yll\u00e4pitokustannukset pienenev\u00e4t.<\/li>\n<\/ul>\n<p><img decoding=\"async\" src=\"https:\/\/www.hydraulic-cylinders.net\/wp-content\/uploads\/2025\/01\/songte-oil-pipes-and-spare-parts.webp\" alt=\"Kauhan sylinteri Sunwardin pienelle kaivinkoneelle SWE150E\"><\/p>\n<h2>Tiivistys ja voitelu<\/h2>\n<p>Kauhasylinteriss\u00e4 k\u00e4ytet\u00e4\u00e4n erilaisia \u200b\u200btiivisteit\u00e4, kuten m\u00e4nn\u00e4ntiivisteit\u00e4 ja varren tiivisteit\u00e4, jotka on valmistettu kulutusta kest\u00e4vist\u00e4 materiaaleista, kuten polyuretaanista ja nitriilikumista. Sylinterin runko ja kierteitetyt p\u00e4\u00e4typinnat on hienok\u00e4sitelty kulutuskest\u00e4vyyden parantamiseksi. Voitelua varten on lis\u00e4tt\u00e4v\u00e4 s\u00e4\u00e4nn\u00f6llisesti sopivaa hydrauliikka\u00f6ljy\u00e4.<\/p>\n<h2>Tarkastus- ja ennaltaehk\u00e4isev\u00e4t huoltotoimenpiteet<\/h2>\n<p>S\u00e4\u00e4nn\u00f6llinen tarkastus, asianmukainen voitelu, tiivisteiden vaihto ja kalibrointitarkastukset ovat yleisi\u00e4 huoltoteht\u00e4vi\u00e4. On t\u00e4rke\u00e4\u00e4 antaa oikeat ohjeet sylinterin kohdistamiseen asennuksen aikana ja suositella sopivien asennuskiinnikkeiden k\u00e4ytt\u00f6\u00e4 sylinterin kiinnitt\u00e4miseksi. Kauhasylinterin k\u00e4ytt\u00f6i\u00e4n parantamiseksi annetaan suositellut tarkastus-, korjaus- ja vaihtomenettelyt.<\/p>\n<p><img decoding=\"async\" src=\"https:\/\/www.hydraulic-cylinders.net\/wp-content\/uploads\/2025\/01\/songte-chushion-collar.webp\" alt=\"Kauhan sylinteri Sunwardin pienelle kaivinkoneelle SWE150E\"><\/p>\n<h2>Turvallisuusn\u00e4k\u00f6kohdat ja ymp\u00e4rist\u00f6tekij\u00e4t<\/h2>\n<p>Avainsanoja k\u00e4ytett\u00e4ess\u00e4 korostetaan turvatoimien merkityst\u00e4 kauhasylinteri\u00e4 k\u00e4ytett\u00e4ess\u00e4. On t\u00e4rke\u00e4\u00e4 noudattaa kaikkia turvallisuusohjeita ja ryhty\u00e4 asianmukaisiin varotoimiin onnettomuuksien ehk\u00e4isemiseksi. Ymp\u00e4rist\u00f6tekij\u00e4t, kuten l\u00e4mp\u00f6tila ja kosteus, on my\u00f6s otettava huomioon kauhasylinteri\u00e4 k\u00e4ytett\u00e4ess\u00e4 optimaalisen suorituskyvyn ja turvallisuuden varmistamiseksi.<\/p>\n<h2>Vianm\u00e4\u00e4ritys ja vianm\u00e4\u00e4ritys<\/h2>\n<p>Kauhasylinteriin liittyvi\u00e4 vianm\u00e4\u00e4rityksi\u00e4 ja yleisi\u00e4 ongelmia k\u00e4sitell\u00e4\u00e4n yksityiskohtaisesti seuraavissa kohdissa:<\/p>\n<ul>\n<li><strong>Vuoto:<\/strong> Voi johtua tiivisteiden tai muiden osien kulumisesta tai vaurioitumisesta.<\/li>\n<li><strong>Hidas toiminta:<\/strong> Voi johtua riitt\u00e4m\u00e4tt\u00f6m\u00e4st\u00e4 hydraulisesta paineesta tai \u00f6ljyn saastumisesta.<\/li>\n<li><strong>Melu:<\/strong> Voi johtua l\u00f6ysist\u00e4 osista tai virheellisest\u00e4 kohdistuksesta.<\/li>\n<\/ul>\n<p>Vihjeit\u00e4 ja ratkaisuja mahdollisten ongelmien vianm\u00e4\u00e4ritykseen ja ehk\u00e4isyyn tarjotaan auttamaan lukijoita tehokkaasti diagnosoimaan ja ratkaisemaan ongelmia.<\/p>\n<p><img decoding=\"async\" src=\"https:\/\/www.hydraulic-cylinders.net\/wp-content\/uploads\/2025\/01\/songte-bushings-with-all-kinds-of-excavator-models.webp\" alt=\"Kauhan sylinteri Sunwardin pienelle kaivinkoneelle SWE150E\"><\/p>\n<h2>Tietoa yrityksest\u00e4mme<\/h2>\n<p>We are a manufacturer of replacement hydraulic cylinders. Our company offers a complete range of products and has become one of the leading manufacturers and wholesale distributors of hydraulic cylinders in domestic and international markets. We follow a strategy of excellent quality and rely on industrial production management in fine manufacturing workshops. From the use of technical talents, digital high-end manufacturing equipment, to the use of professional testing systems, we continue to improve the manufacturing platform of the workshop, improve the quality production line of products, and have strong creative capabilities. We strive to meet customers&#8217; diverse needs with high efficiency, high precision, and high-quality principles.<\/p>\n<p><img decoding=\"async\" src=\"https:\/\/hzpt.com\/wp-content\/uploads\/2024\/11\/songte-company-1.webp\" alt=\"Kauhan sylinteri Sunwardin pienelle kaivinkoneelle SWE150E\"><\/p>\n<h2>Lis\u00e4tietoja<\/h2>\n<ul>\n<li><strong>Ammattimaisuus:<\/strong> Yrityksell\u00e4mme on ammattitaitoinen suunnittelu- ja kehitystiimi, tuotantotiimi ja myyntitiimi tarjotakseen asiakkaillemme korkealaatuisia tuotteita ja palveluita.<\/li>\n<li><strong>Kansainv\u00e4linen sertifiointi:<\/strong> Tuotteemme ovat l\u00e4p\u00e4isseet ISO-, CE- ja muut kansainv\u00e4liset sertifikaatit, mik\u00e4 osoittaa tuotteidemme laadun ja luotettavuuden.<\/li>\n<li><strong>R\u00e4\u00e4t\u00e4l\u00f6intipalvelu:<\/strong> We provide customized services to meet customers&#8217; individual needs and requirements.<\/li>\n<li><strong>Tuotantolaitteet:<\/strong> Yrityksell\u00e4mme on edistyneet tuotantolaitteet ja testauslaitteet tuotteiden tuotannon ja laadun varmistamiseksi.<\/li>\n<li><strong>Myynnin j\u00e4lkeinen palvelu:<\/strong> Yrityksemme tarjoaa asiakkaille ammattimaista huoltopalvelua, mukaan lukien tuotteiden huolto, korjaus ja vaihto.<\/li>\n<\/ul>\n<p>Kirjoittaja: lyl<\/p>","protected":false},"excerpt":{"rendered":"<p>Bucket Cylinder For Sunward Small Excavator SWE150E Introduction A bucket cylinder is a specially designed hydraulic cylinder used primarily to control the movement of the bucket in heavy machinery such as excavators, backhoe excavators, and front-end loaders. Its main function is to enable the bucket to lift, lower, and tilt, making it easy to handle [&hellip;]<\/p>","protected":false},"featured_media":14769,"comment_status":"open","ping_status":"closed","template":"","meta":{"_et_pb_use_builder":"","_et_pb_old_content":"","_et_gb_content_width":""},"product_brand":[],"product_cat":[1494],"product_tag":[1495,1496],"class_list":{"0":"post-15518","1":"product","2":"type-product","3":"status-publish","4":"has-post-thumbnail","6":"product_cat-bucket-cylinders","7":"product_tag-bucket-cylinders","8":"product_tag-hydraulic-cylinders","10":"first","11":"instock","12":"shipping-taxable","13":"product-type-simple"},"amp_enabled":true,"_links":{"self":[{"href":"https:\/\/www.hydraulic-cylinders.net\/fi\/wp-json\/wp\/v2\/product\/15518","targetHints":{"allow":["GET"]}}],"collection":[{"href":"https:\/\/www.hydraulic-cylinders.net\/fi\/wp-json\/wp\/v2\/product"}],"about":[{"href":"https:\/\/www.hydraulic-cylinders.net\/fi\/wp-json\/wp\/v2\/types\/product"}],"replies":[{"embeddable":true,"href":"https:\/\/www.hydraulic-cylinders.net\/fi\/wp-json\/wp\/v2\/comments?post=15518"}],"wp:featuredmedia":[{"embeddable":true,"href":"https:\/\/www.hydraulic-cylinders.net\/fi\/wp-json\/wp\/v2\/media\/14769"}],"wp:attachment":[{"href":"https:\/\/www.hydraulic-cylinders.net\/fi\/wp-json\/wp\/v2\/media?parent=15518"}],"wp:term":[{"taxonomy":"product_brand","embeddable":true,"href":"https:\/\/www.hydraulic-cylinders.net\/fi\/wp-json\/wp\/v2\/product_brand?post=15518"},{"taxonomy":"product_cat","embeddable":true,"href":"https:\/\/www.hydraulic-cylinders.net\/fi\/wp-json\/wp\/v2\/product_cat?post=15518"},{"taxonomy":"product_tag","embeddable":true,"href":"https:\/\/www.hydraulic-cylinders.net\/fi\/wp-json\/wp\/v2\/product_tag?post=15518"}],"curies":[{"name":"wp","href":"https:\/\/api.w.org\/{rel}","templated":true}]}}