{"id":15520,"date":"2025-01-19T14:37:58","date_gmt":"2025-01-19T14:37:58","guid":{"rendered":"https:\/\/www.hydraulic-cylinders.net\/product\/bucket-cylinder-for-sunward-middle-excavator-swe26olc\/"},"modified":"2025-01-19T14:38:00","modified_gmt":"2025-01-19T14:38:00","slug":"bucket-cylinder-for-sunward-middle-excavator-swe26olc","status":"publish","type":"product","link":"https:\/\/www.hydraulic-cylinders.net\/fi\/tuote\/bucket-cylinder-for-sunward-middle-excavator-swe26olc\/","title":{"rendered":"Kauhan sylinteri Sunward Middle -kaivukoneelle SWE26OLC"},"content":{"rendered":"<h1>Kauhan sylinteri Sunward Middle -kaivukoneelle SWE26OLC<\/h1>\n<h2>Johdanto<\/h2>\n<p>Kauhasylinteri on erityisesti suunniteltu hydraulisylinteri, jota k\u00e4ytet\u00e4\u00e4n p\u00e4\u00e4asiassa raskaiden koneiden, kuten kaivinkoneiden, kaivinkoneiden ja etukuormaajien, kauhojen liikkeen ohjaamiseen. Sen p\u00e4\u00e4teht\u00e4v\u00e4n\u00e4 on mahdollistaa kauhan nostaminen, laskeminen ja kallistaminen, mik\u00e4 helpottaa erilaisia \u200b\u200bmateriaalink\u00e4sittelyteht\u00e4vi\u00e4. Hydraulij\u00e4rjestelm\u00e4ss\u00e4 kauhasylinteri saavuttaa tarkan kauhan liikkeen hallinnan muuttamalla hydrauli\u00f6ljyn painetta, mink\u00e4 ansiosta k\u00e4ytt\u00e4j\u00e4t voivat k\u00e4sitell\u00e4 raskaita esineit\u00e4 tehokkaasti ja sopeutua monimutkaisiin ty\u00f6ymp\u00e4rist\u00f6ihin ja erilaisiin ty\u00f6vaatimuksiin.<\/p>\n<p><img decoding=\"async\" src=\"https:\/\/www.hydraulic-cylinders.net\/wp-content\/uploads\/2025\/01\/songte-company-2.webp\" alt=\"Kauhan sylinterin kuva\"><\/p>\n<h2>Ominaisuudet<\/h2>\n<ul>\n<li>Korkea lujuus ja kest\u00e4vyys: Tyypillisesti eritt\u00e4in lujasta ter\u00e4ksest\u00e4 tai alumiinista valmistettu, se kest\u00e4\u00e4 korkeaa painetta ja raskaita kuormia, sopeutuu vaativiin ty\u00f6ymp\u00e4rist\u00f6ihin ja on suunniteltu kulutus- ja korroosionkest\u00e4vyys mieless\u00e4 pit\u00e4en k\u00e4ytt\u00f6i\u00e4n pident\u00e4miseksi.<\/li>\n<li>Tehokas hydraulinen toiminta: K\u00e4ytt\u00e4\u00e4 hydrauli\u00f6ljyn painetta sujuvaan pidennykseen ja sis\u00e4\u00e4nvetoon, reagoi nopeasti ohjauskomentoihin, tarjoaa tehokkaita ty\u00f6nt\u00f6- ja vetovoimia ja soveltuu raskaiden esineiden k\u00e4sittelyyn ja monimutkaisiin ty\u00f6teht\u00e4viin.<\/li>\n<li>Useita tyyppej\u00e4: Voi valita yksitoimiset (hydraulisesti vain yhteen suuntaan) tai kaksitoimiset (hydraulisesti molempiin suuntiin) sylinterit tarpeen mukaan erilaisten k\u00e4ytt\u00f6vaatimusten t\u00e4ytt\u00e4miseksi. Jotkut mallit ovat teleskooppisia, mik\u00e4 mahdollistaa suuremman jatkeen ilman ulkomittojen kasvua, joten ne sopivat ahtaisiin sovelluksiin.<\/li>\n<li>Tuotanto: Yrityksemme voi tuottaa t\u00e4t\u00e4 tuotetta ja tuotteemme voi olla t\u00e4ydellinen korvaus n\u00e4ille hydraulisylintereille.<\/li>\n<\/ul>\n<p><img decoding=\"async\" src=\"https:\/\/www.hydraulic-cylinders.net\/wp-content\/uploads\/2025\/01\/songte-cylinder-head-with-all-kinds-excavator-models.webp\" alt=\"Kauhan sylinterin vaihtokuva\"><\/p>\n<h2>Sovellukset<\/h2>\n<p>Kauhasylinterill\u00e4 on erilaisia \u200b\u200bsovelluksia eri teollisuudenaloilla, kuten:<\/p>\n<ul>\n<li>Rakennuslaitteet: Kaivinkoneissa ne ovat ratkaisevan t\u00e4rkeit\u00e4 kaivamisessa, lastaamisessa ja maaper\u00e4n tai roskien siirt\u00e4misess\u00e4. Kaivinkoneissa kauhan sylinteri auttaa sek\u00e4 kaivamisessa ett\u00e4 nostamisessa. <\/li>\n<li>Maatalouskoneet: K\u00e4ytet\u00e4\u00e4n etukuormaajiin, maaper\u00e4n, hein\u00e4n ja muiden materiaalien poimimiseen, nostamiseen ja kuljettamiseen. <\/li>\n<li>Kaivinkoneet: Kauhasylinteri saavuttaa kaivutoiminnon antamalla kauhan tunkeutua maaper\u00e4\u00e4n. <\/li>\n<li>Etukuormaajat: Etukuormaajissa ne auttavat tavaroiden tehokkaassa nostamisessa ja kallistamisessa.<\/li>\n<\/ul>\n<p>Kauhasylinteri\u00e4 voidaan k\u00e4ytt\u00e4\u00e4 erilaisiin teht\u00e4viin eri teollisuudenaloilla, mik\u00e4 tekee siit\u00e4 monipuolisen laitteen.<\/p>\n<h2>Suunnittelun\u00e4k\u00f6kohdat ja valintakriteerit<\/h2>\n<p>Kauhasylinterien suunnittelussa on otettava huomioon kuormankantokyky, tiiviys, kest\u00e4vyys, turvallisuus ja huollettavuus. Kauhasylinterimme on suunniteltu kest\u00e4m\u00e4\u00e4n raskaita kuormia, ja niiden erinomainen tiiviys est\u00e4\u00e4 vuodot ja varmistaa pitk\u00e4n k\u00e4ytt\u00f6i\u00e4n. Ne on valmistettu kest\u00e4vist\u00e4 materiaaleista ja suunniteltu turvallisuus ja huolto huomioon ottaen. <\/p>\n<p>Kauhasylinterien valintakriteereihin kuuluvat muun muassa sylinterin halkaisija ja iskunpituus, k\u00e4ytt\u00f6paine- ja l\u00e4mp\u00f6tila-alue sek\u00e4 asennustila. Tuotteillamme on laaja valikoima eritelmi\u00e4 erilaisten vaatimusten t\u00e4ytt\u00e4miseksi.<\/p>\n<p><img decoding=\"async\" src=\"https:\/\/www.hydraulic-cylinders.net\/wp-content\/uploads\/2025\/01\/songte-oil-pipes-and-spare-parts.webp\" alt=\"Kauhan sylinterin varaosien kuva\"><\/p>\n<h2>Tiivistys ja voitelu<\/h2>\n<p>Kauhasylintereiss\u00e4mme k\u00e4ytet\u00e4\u00e4n erilaisia \u200b\u200btiivisteit\u00e4, kuten m\u00e4nn\u00e4ntiivisteit\u00e4, varren tiivisteit\u00e4 jne., jotka on valmistettu kulutusta kest\u00e4vist\u00e4 materiaaleista, kuten polyuretaanista ja nitriilikumista. Sylinterin runko ja kierteiden p\u00e4\u00e4typinnat on hienosti k\u00e4sitelty kulutuskest\u00e4vyyden parantamiseksi. S\u00e4\u00e4nn\u00f6llinen voitelu sopivalla hydrauliikka\u00f6ljyll\u00e4 on v\u00e4ltt\u00e4m\u00e4t\u00f6nt\u00e4 sujuvan toiminnan varmistamiseksi.<\/p>\n<h2>Huolto ja korjaus<\/h2>\n<p>S\u00e4\u00e4nn\u00f6lliset tarkastukset, asianmukainen voitelu, tiivisteiden vaihto ja kalibrointitarkastukset ovat kauhasylinterien yleisi\u00e4 huoltoteht\u00e4vi\u00e4. Oikea asennus, voitelu ja s\u00e4\u00e4t\u00f6 ovat v\u00e4ltt\u00e4m\u00e4tt\u00f6mi\u00e4 kauhasylinterien pitk\u00e4n k\u00e4ytt\u00f6i\u00e4n varmistamiseksi. Asennuksen aikana sylinterin oikea kohdistus on olennaista, ja sylinterin kiinnitt\u00e4miseen tulee k\u00e4ytt\u00e4\u00e4 sopivia asennuskiinnikkeit\u00e4. Suosittelemme s\u00e4\u00e4nn\u00f6llisi\u00e4 tarkastus-, korjaus- ja vaihtotoimenpiteit\u00e4 kauhasylinterien k\u00e4ytt\u00f6i\u00e4n pident\u00e4miseksi.<\/p>\n<p><img decoding=\"async\" src=\"https:\/\/www.hydraulic-cylinders.net\/wp-content\/uploads\/2025\/01\/songte-chushion-collar.webp\" alt=\"Kauhan sylinterin varaosien kuva\"><\/p>\n<h2>Turvallisuusn\u00e4k\u00f6kohdat ja ymp\u00e4rist\u00f6tekij\u00e4t<\/h2>\n<p>Kauhasylinterien turvatoimenpiteisiin kuuluvat asianmukainen asennus, huolto ja k\u00e4ytt\u00f6 onnettomuuksien ehk\u00e4isemiseksi. Ymp\u00e4rist\u00f6tekij\u00e4t, kuten l\u00e4mp\u00f6tila, kosteus ja ep\u00e4puhtaudet, voivat vaikuttaa kauhasylinterien suorituskykyyn, ja n\u00e4iden ongelmien ratkaisemiseksi on ryhdytt\u00e4v\u00e4 asianmukaisiin toimenpiteisiin.<\/p>\n<h2>Vianm\u00e4\u00e4ritys ja yleiset ongelmat<\/h2>\n<p>Kauhasylintereiden yleisi\u00e4 ongelmia ovat vuoto, riitt\u00e4m\u00e4t\u00f6n teho ja ep\u00e4normaali melu. Jos jokin n\u00e4ist\u00e4 ongelmista ilmenee, on suositeltavaa k\u00e4\u00e4nty\u00e4 ammattitaitoisen teknikon puoleen. S\u00e4\u00e4nn\u00f6llinen huolto ja tarkastus voivat auttaa est\u00e4m\u00e4\u00e4n n\u00e4iden ongelmien syntymisen.<\/p>\n<p><img decoding=\"async\" src=\"https:\/\/www.hydraulic-cylinders.net\/wp-content\/uploads\/2025\/01\/songte-bushings-with-all-kinds-of-excavator-models.webp\" alt=\"Kauhan sylinterin holkin kuva\"><\/p>\n<h2>Tietoa yrityksest\u00e4mme<\/h2>\n<p>Olemme varaosien hydraulisylintereiden valmistaja ja tarjoamme kattavan tuotevalikoiman. Johtavana hydraulisylintereiden valmistajana ja tukkumyyj\u00e4n\u00e4 kotimaisilla ja kansainv\u00e4lisill\u00e4 markkinoilla noudatamme erinomaisuuden laatuperiaatteita ja luotamme teollistettuihin tuotannonohjausstrategioihin hienostuneissa ty\u00f6pajoissa. Tavoitteenamme on parantaa valmistusymp\u00e4rist\u00f6\u00e4mme, t\u00e4ydellist\u00e4\u00e4 tuotteiden laatua parantavia tuotantolinjojamme ja meill\u00e4 on vahvat luovat kyvyt vastata monipuolisiin asiakastarpeisiin tehokkaasti, tarkasti ja korkealaatuisesti. <\/p>\n<p>Tarjoamme asiakkaillemme ammattitaitoisia palveluita, kansainv\u00e4lisi\u00e4 sertifiointeja, r\u00e4\u00e4t\u00e4l\u00f6ityj\u00e4 palveluita, edistyneit\u00e4 tuotantolaitteita ja huoltopalveluita.<\/p>\n<p><img decoding=\"async\" src=\"https:\/\/hzpt.com\/wp-content\/uploads\/2024\/11\/songte-company-1.webp\" alt=\"Yrityksen imago\"><\/p>\n<p>Kirjoittaja: lyl.<\/p>","protected":false},"excerpt":{"rendered":"<p>Bucket Cylinder For Sunward Middle Excavator SWE26OLC Introduction A bucket cylinder is a specially designed hydraulic cylinder mainly used for controlling the movement of buckets in heavy machinery such as excavators, backhoe excavators, and front-end loaders. Its main function is to enable the bucket to lift, lower, and tilt, thus facilitating various material handling tasks. [&hellip;]<\/p>","protected":false},"featured_media":14762,"comment_status":"open","ping_status":"closed","template":"","meta":{"_et_pb_use_builder":"","_et_pb_old_content":"","_et_gb_content_width":""},"product_brand":[],"product_cat":[1494],"product_tag":[1495,1496],"class_list":{"0":"post-15520","1":"product","2":"type-product","3":"status-publish","4":"has-post-thumbnail","6":"product_cat-bucket-cylinders","7":"product_tag-bucket-cylinders","8":"product_tag-hydraulic-cylinders","10":"first","11":"instock","12":"shipping-taxable","13":"product-type-simple"},"amp_enabled":true,"_links":{"self":[{"href":"https:\/\/www.hydraulic-cylinders.net\/fi\/wp-json\/wp\/v2\/product\/15520","targetHints":{"allow":["GET"]}}],"collection":[{"href":"https:\/\/www.hydraulic-cylinders.net\/fi\/wp-json\/wp\/v2\/product"}],"about":[{"href":"https:\/\/www.hydraulic-cylinders.net\/fi\/wp-json\/wp\/v2\/types\/product"}],"replies":[{"embeddable":true,"href":"https:\/\/www.hydraulic-cylinders.net\/fi\/wp-json\/wp\/v2\/comments?post=15520"}],"wp:featuredmedia":[{"embeddable":true,"href":"https:\/\/www.hydraulic-cylinders.net\/fi\/wp-json\/wp\/v2\/media\/14762"}],"wp:attachment":[{"href":"https:\/\/www.hydraulic-cylinders.net\/fi\/wp-json\/wp\/v2\/media?parent=15520"}],"wp:term":[{"taxonomy":"product_brand","embeddable":true,"href":"https:\/\/www.hydraulic-cylinders.net\/fi\/wp-json\/wp\/v2\/product_brand?post=15520"},{"taxonomy":"product_cat","embeddable":true,"href":"https:\/\/www.hydraulic-cylinders.net\/fi\/wp-json\/wp\/v2\/product_cat?post=15520"},{"taxonomy":"product_tag","embeddable":true,"href":"https:\/\/www.hydraulic-cylinders.net\/fi\/wp-json\/wp\/v2\/product_tag?post=15520"}],"curies":[{"name":"wp","href":"https:\/\/api.w.org\/{rel}","templated":true}]}}