{"id":15531,"date":"2025-01-19T14:38:49","date_gmt":"2025-01-19T14:38:49","guid":{"rendered":"https:\/\/www.hydraulic-cylinders.net\/product\/bucket-cylinder-for-sunward-hybrid-excavator-swe230s\/"},"modified":"2025-01-19T14:38:51","modified_gmt":"2025-01-19T14:38:51","slug":"bucket-cylinder-for-sunward-hybrid-excavator-swe230s","status":"publish","type":"product","link":"https:\/\/www.hydraulic-cylinders.net\/fi\/tuote\/bucket-cylinder-for-sunward-hybrid-excavator-swe230s\/","title":{"rendered":"Kauhan sylinteri Sunward Hybrid -kaivukoneeseen SWE230S"},"content":{"rendered":"<h1>Kauhan sylinteri Sunward Hybrid -kaivukoneeseen SWE230S<\/h1>\n<h2>Johdanto<\/h2>\n<p>The bucket cylinder, also known as a hydraulic cylinder, is a specialized cylinder designed to control the movement of the bucket in heavy machinery such as excavators, backhoes, and front loaders. Its main function is to enable the bucket to lift, lower, and tilt, making it easier to handle various material handling tasks. In the hydraulic system, the bucket cylinder achieves precise control of the bucket&#8217;s movement through changes in hydraulic oil pressure, allowing operators to efficiently handle heavy loads and adapt to complex work environments and diverse job requirements.<\/p>\n<p><img decoding=\"async\" src=\"https:\/\/www.hydraulic-cylinders.net\/wp-content\/uploads\/2025\/01\/songte-company-2.webp\" alt=\"Kauhan sylinterin kuva\"><\/p>\n<h2>Ominaisuudet<\/h2>\n<ul>\n<li>\n<h3>Korkea lujuus ja kest\u00e4vyys<\/h3>\n<p>Kauhasylinteri on tyypillisesti valmistettu eritt\u00e4in lujasta ter\u00e4ksest\u00e4 tai alumiinista, joka kest\u00e4\u00e4 korkeaa painetta ja raskaita kuormia, ja se on suunniteltu ottaen huomioon kulutuskest\u00e4vyys ja korroosionkest\u00e4vyys k\u00e4ytt\u00f6i\u00e4n pident\u00e4miseksi.<\/p>\n<\/li>\n<li>\n<h3>Tehokas hydraulinen k\u00e4ytt\u00f6<\/h3>\n<p>Kauhasylinteri k\u00e4ytt\u00e4\u00e4 hydrauli\u00f6ljynpainetta tasaisen teleskooppiliikkeen saavuttamiseksi, mik\u00e4 reagoi nopeasti ohjauskomentoihin, tarjoaa tehokkaan ty\u00f6nt\u00f6- ja vetovoiman ja soveltuu raskaiden kuormien k\u00e4sittelyyn ja monimutkaisiin ty\u00f6teht\u00e4viin.<\/p>\n<\/li>\n<li>\n<h3>Monenlaisia \u200b\u200btyyppej\u00e4<\/h3>\n<p>Kauhasylinteri voidaan valita yksitoimiseksi (hydraulisesti vain yhteen suuntaan) tai kaksitoimiseksi (hydraulisesti molempiin suuntiin) sylinteriksi tarpeiden mukaan erilaisten k\u00e4ytt\u00f6vaatimusten t\u00e4ytt\u00e4miseksi. Jotkut mallit ovat teleskooppisia, mik\u00e4 mahdollistaa suuremman jatkeen ilman ulkomittojen kasvua, joten ne sopivat sovelluksiin, joissa on rajoitetusti tilaa.<\/p>\n<\/li>\n<li>\n<h3>Muiden hydraulisylintereiden korvaaja<\/h3>\n<p>Tuotteemme voi t\u00e4ydellisesti korvata n\u00e4m\u00e4 hydraulisylinterit ja tarjota korkealaatuista palvelua edullisemmin.<\/p>\n<\/li>\n<\/ul>\n<p><img decoding=\"async\" src=\"https:\/\/www.hydraulic-cylinders.net\/wp-content\/uploads\/2025\/01\/songte-cylinder-head-with-all-kinds-excavator-models.webp\" alt=\"Kauhan sylinterin vaihtokuva\"><\/p>\n<h2>Sovellukset<\/h2>\n<p>Kauhasylinteri\u00e4 k\u00e4ytet\u00e4\u00e4n laajalti erilaisissa raskaissa koneissa ja laitteissa:<\/p>\n<ul>\n<li>\n<h3>Rakennuslaitteet<\/h3>\n<p>Kaivinkoneissa niit\u00e4 k\u00e4ytet\u00e4\u00e4n v\u00e4ltt\u00e4m\u00e4tt\u00f6min\u00e4 kaivamiseen, lastaamiseen ja maan tai roskien siirt\u00e4miseen. Kaivinkoneissa kauhan sylinteri auttaa sek\u00e4 kaivamisessa ett\u00e4 nostamisessa. <\/p>\n<\/li>\n<li>\n<h3>Maatalouskoneet<\/h3>\n<p>K\u00e4ytet\u00e4\u00e4n etukuormaajissa maan, hein\u00e4n ja muiden materiaalien kaivamiseen, nostamiseen ja kuljettamiseen. Kaivinkoneissa kauhan sylinteri mahdollistaa kaivamisen antamalla kauhan tunkeutua maaper\u00e4\u00e4n.<\/p>\n<\/li>\n<li>\n<h3>Kuormauslaitteet<\/h3>\n<p>Etukuormaajissa ne auttavat tavaroiden tehokkaassa nostamisessa ja kallistamisessa.<\/p>\n<\/li>\n<\/ul>\n<h2>Suunnittelun\u00e4k\u00f6kohdat ja valintakriteerit<\/h2>\n<p>Sylintereit\u00e4 valittaessa ja suunniteltaessa on otettava huomioon seuraavat tekij\u00e4t:<\/p>\n<ul>\n<li>\n<h3>Kantavuus<\/h3>\n<p>Kauhasylinterin on kyett\u00e4v\u00e4 tukemaan kantamansa kuorman painoa sek\u00e4 kest\u00e4m\u00e4\u00e4n ulkoisia voimia, kuten kiihtyvyytt\u00e4, iskuja ja t\u00e4rin\u00e4\u00e4.<\/p>\n<\/li>\n<li>\n<h3>Tiivistys<\/h3>\n<p>Kauhasylinterin tulee olla suunniteltu tehokkaalla tiivisteell\u00e4, joka est\u00e4\u00e4 hydrauli\u00f6ljyn vuotamisen ja minimoi sylinterin osien kulumisen. M\u00e4nn\u00e4n ja varren tiivisteiss\u00e4 suositellaan kulutusta kest\u00e4vien materiaalien, kuten polyuretaanin ja nitriilikumin, k\u00e4ytt\u00f6\u00e4. Sylinterin runko ja kierteitetyt p\u00e4\u00e4typinnat tulee k\u00e4sitell\u00e4 huolellisesti kulumiskest\u00e4vyyden parantamiseksi. Voitelua varten on tarpeen lis\u00e4t\u00e4 s\u00e4\u00e4nn\u00f6llisesti sopiva m\u00e4\u00e4r\u00e4 hydrauli\u00f6ljy\u00e4.<\/p>\n<\/li>\n<li>\n<h3>Kest\u00e4vyys<\/h3>\n<p>Kauhasylinterin tulee kest\u00e4\u00e4 ankaria ty\u00f6ymp\u00e4rist\u00f6j\u00e4, olla korroosionkest\u00e4v\u00e4 ja sen k\u00e4ytt\u00f6ik\u00e4 on pitk\u00e4. Korkean lujuuden omaavien materiaalien k\u00e4ytt\u00f6, huolellinen l\u00e4mp\u00f6k\u00e4sittely ja tarkka ty\u00f6st\u00f6 voivat lis\u00e4t\u00e4 sylinterin kest\u00e4vyytt\u00e4.<\/p>\n<\/li>\n<li>\n<h3>Turvallisuus ja huolto<\/h3>\n<p>Kauhasylinterin tulee olla varustettu turvaominaisuuksilla, kuten h\u00e4t\u00e4pys\u00e4ytysventtiileill\u00e4 ja ylikuormitussuojalla, turvallisen k\u00e4yt\u00f6n varmistamiseksi. S\u00e4\u00e4nn\u00f6lliset tarkastukset ja huolto ovat tarpeen asianmukaisen toiminnan varmistamiseksi ja mahdollisten ongelmien havaitsemiseksi ja korjaamiseksi ennen kuin niist\u00e4 tulee vakavia. Kuluneiden osien vaihtamista ja kunnostuspalveluita suositellaan kauhasylinterin k\u00e4ytt\u00f6i\u00e4n pident\u00e4miseksi.<\/p>\n<\/li>\n<\/ul>\n<p><img decoding=\"async\" src=\"https:\/\/www.hydraulic-cylinders.net\/wp-content\/uploads\/2025\/01\/songte-oil-pipes-and-spare-parts.webp\" alt=\"Kauhan sylinterin osien kuva\"><\/p>\n<h2>Asennusopas<\/h2>\n<p>Kauhasylinterin asianmukainen asennus on v\u00e4ltt\u00e4m\u00e4t\u00f6nt\u00e4 turvallisen ja tehokkaan toiminnan varmistamiseksi. Seuraavia ohjeita on noudatettava:<\/p>\n<ul>\n<li>\n<h3>Kohdista sylinteri oikein<\/h3>\n<p>Kohdista sylinteri ja kiinnitystelineet varmistaaksesi oikean asennusasennon.<\/p>\n<\/li>\n<li>\n<h3>K\u00e4yt\u00e4 sopivia kiinnityskorvakkeita<\/h3>\n<p>K\u00e4yt\u00e4 sopivia kiinnityskorvakkeita sylinterin kiinnitt\u00e4miseksi paikalleen.<\/p>\n<\/li>\n<li>\n<h3>S\u00e4\u00e4nn\u00f6llinen tarkastus ja huolto<\/h3>\n<p>Suorita s\u00e4\u00e4nn\u00f6lliset tarkastukset ja huollot, mukaan lukien voitelu, tiivisteiden vaihto ja kalibrointitarkastukset, varmistaaksesi kauhan sylinterin moitteettoman toiminnan.<\/p>\n<\/li>\n<\/ul>\n<p><img decoding=\"async\" src=\"https:\/\/www.hydraulic-cylinders.net\/wp-content\/uploads\/2025\/01\/songte-chushion-collar.webp\" alt=\"Kauhan sylinterin asennuskuva\"><\/p>\n<h2>Turvallisuusn\u00e4k\u00f6kohdat ja ymp\u00e4rist\u00f6tekij\u00e4t<\/h2>\n<p>Kauhasylinteri\u00e4 k\u00e4ytett\u00e4ess\u00e4 on noudatettava turvatoimia onnettomuuksien ja vammojen v\u00e4ltt\u00e4miseksi. Sylinterin asianmukainen k\u00e4ytt\u00f6 ja huolto voivat my\u00f6s auttaa v\u00e4hent\u00e4m\u00e4\u00e4n sen ymp\u00e4rist\u00f6vaikutuksia.<\/p>\n<h2>Vianm\u00e4\u00e4ritys ja yleiset ongelmat<\/h2>\n<p>Kauhasylinterin yleisi\u00e4 ongelmia ovat \u00f6ljyvuodot, sylinterin rungon, m\u00e4nn\u00e4n, tangon ja tiivisteiden vaurioituminen sek\u00e4 hydraulij\u00e4rjestelm\u00e4n toimintah\u00e4iri\u00f6t. Vianm\u00e4\u00e4ritys ja korjaus tulee suorittaa mahdollisimman pian lis\u00e4vaurioiden ja onnettomuuksien v\u00e4ltt\u00e4miseksi.<\/p>\n<h2>Johtop\u00e4\u00e4t\u00f6s<\/h2>\n<p>Yrityksemme on johtava hydraulisylintereiden valmistaja ja tukkumyyj\u00e4 kotimaisilla ja kansainv\u00e4lisill\u00e4 markkinoilla, ja meill\u00e4 on laaja tuotevalikoima ja erinomainen laatu. Pyrimme tarjoamaan tehokkaita, tarkkoja ja korkealaatuisia tuotteita ja palveluita vastaamaan asiakkaidemme monipuolisiin tarpeisiin.<\/p>\n<p><img decoding=\"async\" src=\"https:\/\/hzpt.com\/wp-content\/uploads\/2024\/11\/songte-company-1.webp\" alt=\"Kauhasylinterin yrityskuva\"><\/p>\n<h3>Kirjoittaja: lyl<\/h3>","protected":false},"excerpt":{"rendered":"<p>Bucket Cylinder For Sunward Hybrid Excavator SWE230S Introduction The bucket cylinder, also known as a hydraulic cylinder, is a specialized cylinder designed to control the movement of the bucket in heavy machinery such as excavators, backhoes, and front loaders. Its main function is to enable the bucket to lift, lower, and tilt, making it easier [&hellip;]<\/p>","protected":false},"featured_media":14773,"comment_status":"open","ping_status":"closed","template":"","meta":{"_et_pb_use_builder":"","_et_pb_old_content":"","_et_gb_content_width":""},"product_brand":[],"product_cat":[1494],"product_tag":[1495,1496],"class_list":{"0":"post-15531","1":"product","2":"type-product","3":"status-publish","4":"has-post-thumbnail","6":"product_cat-bucket-cylinders","7":"product_tag-bucket-cylinders","8":"product_tag-hydraulic-cylinders","10":"first","11":"instock","12":"shipping-taxable","13":"product-type-simple"},"amp_enabled":true,"_links":{"self":[{"href":"https:\/\/www.hydraulic-cylinders.net\/fi\/wp-json\/wp\/v2\/product\/15531","targetHints":{"allow":["GET"]}}],"collection":[{"href":"https:\/\/www.hydraulic-cylinders.net\/fi\/wp-json\/wp\/v2\/product"}],"about":[{"href":"https:\/\/www.hydraulic-cylinders.net\/fi\/wp-json\/wp\/v2\/types\/product"}],"replies":[{"embeddable":true,"href":"https:\/\/www.hydraulic-cylinders.net\/fi\/wp-json\/wp\/v2\/comments?post=15531"}],"wp:featuredmedia":[{"embeddable":true,"href":"https:\/\/www.hydraulic-cylinders.net\/fi\/wp-json\/wp\/v2\/media\/14773"}],"wp:attachment":[{"href":"https:\/\/www.hydraulic-cylinders.net\/fi\/wp-json\/wp\/v2\/media?parent=15531"}],"wp:term":[{"taxonomy":"product_brand","embeddable":true,"href":"https:\/\/www.hydraulic-cylinders.net\/fi\/wp-json\/wp\/v2\/product_brand?post=15531"},{"taxonomy":"product_cat","embeddable":true,"href":"https:\/\/www.hydraulic-cylinders.net\/fi\/wp-json\/wp\/v2\/product_cat?post=15531"},{"taxonomy":"product_tag","embeddable":true,"href":"https:\/\/www.hydraulic-cylinders.net\/fi\/wp-json\/wp\/v2\/product_tag?post=15531"}],"curies":[{"name":"wp","href":"https:\/\/api.w.org\/{rel}","templated":true}]}}