{"id":15532,"date":"2025-01-19T14:38:53","date_gmt":"2025-01-19T14:38:53","guid":{"rendered":"https:\/\/www.hydraulic-cylinders.net\/product\/bucket-cylinder-for-sunward-hybrid-excavator-swe350es\/"},"modified":"2025-01-19T14:38:55","modified_gmt":"2025-01-19T14:38:55","slug":"bucket-cylinder-for-sunward-hybrid-excavator-swe350es","status":"publish","type":"product","link":"https:\/\/www.hydraulic-cylinders.net\/fi\/tuote\/bucket-cylinder-for-sunward-hybrid-excavator-swe350es\/","title":{"rendered":"Kauhan sylinteri Sunward Hybrid -kaivukoneeseen SWE350ES"},"content":{"rendered":"<p><!DOCTYPE html><br \/>\n<html><br \/>\n<head><br \/>\n<title>Kauhan sylinteri Sunward Hybrid -kaivukoneeseen SWE350ES<\/title><br \/>\n<\/head><br \/>\n<body><\/p>\n<h1>Kauhan sylinteri Sunward Hybrid -kaivukoneeseen SWE350ES<\/h1>\n<h2>Johdanto<\/h2>\n<p>Kauhasylinteri on erityisesti suunniteltu hydraulisylinteri, jota k\u00e4ytet\u00e4\u00e4n ensisijaisesti raskaiden koneiden, kuten kaivinkoneiden, kaivurikuormaajien ja etukuormaajien, kauhojen liikkeen ohjaamiseen. Sen p\u00e4\u00e4teht\u00e4v\u00e4n\u00e4 on mahdollistaa kauhan nosto-, lasku- ja kallistustoiminnot, mik\u00e4 helpottaa erilaisten materiaalink\u00e4sittelyteht\u00e4vien k\u00e4sittely\u00e4. Hydraulij\u00e4rjestelm\u00e4ss\u00e4 kauhasylinteri saavuttaa kauhan tarkan hallinnan hy\u00f6dynt\u00e4m\u00e4ll\u00e4 hydrauli\u00f6ljyn paineenmuutoksia, jolloin k\u00e4ytt\u00e4j\u00e4t voivat k\u00e4sitell\u00e4 raskaita kuormia tehokkaasti ja sopeutua monimutkaisiin ty\u00f6ymp\u00e4rist\u00f6ihin ja erilaisiin ty\u00f6vaatimuksiin.<\/p>\n<p><img decoding=\"async\" src=\"https:\/\/www.hydraulic-cylinders.net\/wp-content\/uploads\/2025\/01\/songte-company-2.webp\" alt=\"Kauhan sylinterin kuva\"><\/p>\n<h2>Sunward Hybrid -kaivukoneen SWE350ES kauhan sylinterin ominaisuudet<\/h2>\n<ul>\n<li>Korkea lujuus ja kest\u00e4vyys: Kauhasylinteri on tyypillisesti valmistettu eritt\u00e4in lujasta ter\u00e4ksest\u00e4 tai alumiinista, ja se kest\u00e4\u00e4 korkeaa painetta ja raskaita kuormia, joten se sopeutuu vaativiin ty\u00f6ymp\u00e4rist\u00f6ihin. Suunnittelussa on otettu huomioon kulutuskest\u00e4vyys ja korroosionkest\u00e4vyys k\u00e4ytt\u00f6i\u00e4n pident\u00e4miseksi.<\/li>\n<li>Tehokas hydraulinen toiminta: Hydrauli\u00f6ljyn paineen ansiosta kauhan sylinteri saavuttaa tasaiset teleskooppiliikkeet, reagoi nopeasti ohjauskomentoihin, tarjoaa tehokkaat ty\u00f6nt\u00f6- ja vetovoimat ja soveltuu raskaiden kuormien k\u00e4sittelyyn ja monimutkaisiin ty\u00f6teht\u00e4viin.<\/li>\n<li>Erilaisia \u200b\u200btyyppej\u00e4: Yksitoimisia (hydraulisesti vain yhteen suuntaan) tai kaksitoimisia (hydraulisesti molempiin suuntiin) sylintereit\u00e4 voidaan valita k\u00e4ytt\u00f6tarpeiden mukaan. Jotkut mallit ovat teleskooppisia, mik\u00e4 mahdollistaa suuremman jatkeen ilman ulkomittojen kasvua, joten ne sopivat sovelluksiin, joissa on rajoitetusti tilaa.<\/li>\n<li>T\u00e4ydellinen korvaus: Tuotteemme voi t\u00e4ydellisesti korvata n\u00e4m\u00e4 hydraulisylinterit.<\/li>\n<\/ul>\n<p><img decoding=\"async\" src=\"https:\/\/www.hydraulic-cylinders.net\/wp-content\/uploads\/2025\/01\/songte-cylinder-head-with-all-kinds-excavator-models.webp\" alt=\"Sylinterikannen kuva\"><\/p>\n<h2>Kauhasylinterin sovellukset Sunward Hybrid -kaivukoneeseen SWE350ES<\/h2>\n<p>Kauhasylinteri\u00e4 k\u00e4ytet\u00e4\u00e4n erilaisissa laitteissa:<\/p>\n<ul>\n<li>Rakennuskoneet: Kaivinkoneissa k\u00e4ytett\u00e4vi\u00e4 laitteita on ratkaisevan t\u00e4rke\u00e4\u00e4 kaivamiseen, lastaamiseen ja maaper\u00e4n tai roskien siirt\u00e4miseen. Kaivurikuormaajissa kauhan sylinteri auttaa sek\u00e4 kaivamisessa ett\u00e4 nostamisessa.<\/li>\n<li>Maatalouskoneet: K\u00e4ytet\u00e4\u00e4n etukuormaajissa maaper\u00e4n, hein\u00e4n ja muiden materiaalien kauhaukseen, nostamiseen ja kuljettamiseen.<\/li>\n<li>Kaivinkoneet: Kauhan sylinteri mahdollistaa kaivamisen antamalla kauhan tunkeutua maaper\u00e4\u00e4n.<\/li>\n<li>Etukuormaajat: Etukuormaajissa ne auttavat tavaroiden tehokkaassa nostamisessa ja tyhjent\u00e4misess\u00e4.<\/li>\n<\/ul>\n<h2>Suunnittelun\u00e4k\u00f6kohdat ja valintakriteerit<\/h2>\n<p>Kauhasylinterien suunnittelussa ja valintakriteereiss\u00e4 otetaan huomioon useita tekij\u00f6it\u00e4:<\/p>\n<ul>\n<li>Kantavuus: Sylinterin tulee olla suunniteltu kest\u00e4m\u00e4\u00e4n tarkoitettu kuormitus ja k\u00e4ytt\u00f6olosuhteet.<\/li>\n<li>Tiivistys: K\u00e4ytet\u00e4\u00e4n erilaisia \u200b\u200btiivistekomponentteja, kuten m\u00e4nn\u00e4ntiivisteit\u00e4 ja varren tiivisteit\u00e4. N\u00e4m\u00e4 tiivisteet on valmistettu kulutusta kest\u00e4vist\u00e4 materiaaleista, kuten polyuretaanista ja nitriilikumista. Sylinterin runko ja kierteitetyt p\u00e4\u00e4typinnat on hienok\u00e4sitelty kulutuskest\u00e4vyyden parantamiseksi.<\/li>\n<li>Kest\u00e4vyys: Kauhasylinteri on suunniteltu kest\u00e4v\u00e4ksi ja kest\u00e4m\u00e4\u00e4n raskaiden sovellusten kulumista.<\/li>\n<li>Turvallisuus: Kauhasylinterin turvallisen k\u00e4yt\u00f6n varmistamiseksi suunnitteluun on sis\u00e4llytetty turvaominaisuuksia.<\/li>\n<li>Yll\u00e4pidett\u00e4vyys: Kauhasylinterin huollon ja korjauksen helppoutta tarkastellaan.<\/li>\n<\/ul>\n<p><img decoding=\"async\" src=\"https:\/\/www.hydraulic-cylinders.net\/wp-content\/uploads\/2025\/01\/songte-oil-pipes-and-spare-parts.webp\" alt=\"\u00d6ljyputket ja varaosat -kuva\"><\/p>\n<h2>Kauhan sylinterin tiivistys ja voitelu<\/h2>\n<p>Kauhasylinteriss\u00e4 k\u00e4ytet\u00e4\u00e4n erilaisia \u200b\u200btiivistyskomponentteja, kuten m\u00e4nn\u00e4ntiivisteit\u00e4 ja varren tiivisteit\u00e4, jotka on valmistettu kulutusta kest\u00e4vist\u00e4 materiaaleista, kuten polyuretaanista ja nitriilikumista. Sylinterin runko ja kierteitetyt p\u00e4\u00e4typinnat on hienosti k\u00e4sitelty kulutuskest\u00e4vyyden parantamiseksi. S\u00e4\u00e4nn\u00f6llinen voitelu sopivalla hydrauliikka\u00f6ljyll\u00e4 on v\u00e4ltt\u00e4m\u00e4t\u00f6nt\u00e4 sujuvan toiminnan varmistamiseksi.<\/p>\n<h2>Huolto- ja varotoimenpiteet<\/h2>\n<p>S\u00e4\u00e4nn\u00f6lliset tarkastukset ja ennaltaehk\u00e4isev\u00e4t huoltotoimenpiteet ovat v\u00e4ltt\u00e4m\u00e4tt\u00f6mi\u00e4 kauhan sylinterin optimaalisen suorituskyvyn ja pitk\u00e4n k\u00e4ytt\u00f6i\u00e4n kannalta. Joitakin suositeltuja toimenpiteit\u00e4 ovat:<\/p>\n<ul>\n<li>S\u00e4\u00e4nn\u00f6lliset tarkastukset: Tarkista kauhan sylinteri kulumisen tai vaurioiden varalta.<\/li>\n<li>Oikea voitelu: Varmista, ett\u00e4 kauhan sylinteri on asianmukaisesti voideltu liiallisen kulumisen est\u00e4miseksi.<\/li>\n<li>Tiivisteiden vaihto: Vaihda tiivisteet tarvittaessa asianmukaisen toiminnan yll\u00e4pit\u00e4miseksi.<\/li>\n<li>Kalibrointitarkastukset: Tarkista ja kalibroi kauhan sylinteri s\u00e4\u00e4nn\u00f6llisesti varmistaaksesi tarkan toiminnan.<\/li>\n<\/ul>\n<p><img decoding=\"async\" src=\"https:\/\/www.hydraulic-cylinders.net\/wp-content\/uploads\/2025\/01\/songte-chushion-collar.webp\" alt=\"Chushion-kauluksen kuva\"><\/p>\n<h2>Turvallisuusn\u00e4k\u00f6kohdat ja ymp\u00e4rist\u00f6tekij\u00e4t<\/h2>\n<p>Kauhasylinteri\u00e4 k\u00e4ytett\u00e4ess\u00e4 on t\u00e4rke\u00e4\u00e4 priorisoida turvallisuustoimenpiteit\u00e4 onnettomuuksien ehk\u00e4isemiseksi ja turvallisen ty\u00f6ymp\u00e4rist\u00f6n varmistamiseksi. On my\u00f6s t\u00e4rke\u00e4\u00e4 ottaa huomioon ymp\u00e4rist\u00f6tekij\u00e4t, kuten hydraulinesteiden asianmukainen h\u00e4vitt\u00e4minen ja ymp\u00e4rist\u00f6m\u00e4\u00e4r\u00e4ysten noudattaminen.<\/p>\n<h2>Vianm\u00e4\u00e4ritys ja yleiset ongelmat<\/h2>\n<p>Kun kauhan sylinteriss\u00e4 ilmenee ongelmia, vianm\u00e4\u00e4ritys- ja ongelmanratkaisumenetelm\u00e4t voivat auttaa diagnosoimaan ja ratkaisemaan ongelmat tehokkaasti. Joitakin vinkkej\u00e4 ja ratkaisuja ovat:<\/p>\n<ul>\n<li>S\u00e4\u00e4nn\u00f6lliset tarkastukset: Tee s\u00e4\u00e4nn\u00f6llisi\u00e4 tarkastuksia mahdollisten ongelmien tunnistamiseksi ennen kuin ne eskaloituvat.<\/li>\n<li>Oikea vianm\u00e4\u00e4ritys: Noudata asianmukaisia \u200b\u200bvianm\u00e4\u00e4ritysmenettelyj\u00e4 ongelmien diagnosoimiseksi ja ratkaisemiseksi tarkasti.<\/li>\n<li>Ennaltaehk\u00e4isev\u00e4t toimenpiteet: Toteuta ennaltaehk\u00e4isevi\u00e4 toimenpiteit\u00e4 mahdollisten ongelmien minimoimiseksi.<\/li>\n<\/ul>\n<p><img decoding=\"async\" src=\"https:\/\/www.hydraulic-cylinders.net\/wp-content\/uploads\/2025\/01\/songte-bushings-with-all-kinds-of-excavator-models.webp\" alt=\"Holkit Kuva\"><\/p>\n<h2>Tietoa yrityksest\u00e4mme<\/h2>\n<p>Olemme johtava hydraulisylintereiden valmistaja ja tukkumyyj\u00e4 kotimaisilla ja kansainv\u00e4lisill\u00e4 markkinoilla. Tarjoamme laajan valikoiman tuotteita ja olemme ylpeit\u00e4 sitoutumisestamme erinomaisuuteen laadussa. Huippumodernin tuotantolaitoksen, ammattitaitoisten ammattilaisten tiimin, edistyneiden tuotantolaitteiden ja ammattimaisen testausj\u00e4rjestelm\u00e4n avulla parannamme jatkuvasti valmistusymp\u00e4rist\u00f6\u00e4mme ja tuotteiden laatua. Meill\u00e4 on vahva tuotantokapasiteetti ja pyrimme vastaamaan asiakkaidemme monipuolisiin tarpeisiin tehokkaasti, tarkasti ja korkealaatuisilla tuotteilla.<\/p>\n<p><img decoding=\"async\" src=\"https:\/\/www.hydraulic-cylinders.net\/wp-content\/uploads\/2025\/01\/songte-company-3.webp\" alt=\"Yrityksen imago\"><\/p>\n<h3>Yrityksemme kohokohdat:<\/h3>\n<ul>\n<li>Ammattimaisuus: Noudatamme toiminnassamme korkeita ammattimaisuuden standardeja.<\/li>\n<li>Kansainv\u00e4liset sertifikaatit: Tuotteemme t\u00e4ytt\u00e4v\u00e4t kansainv\u00e4liset laatusertifikaatit ja standardit.<\/li>\n<li>R\u00e4\u00e4t\u00e4l\u00f6intipalvelut: Tarjoamme r\u00e4\u00e4t\u00e4l\u00f6ityj\u00e4 ratkaisuja vastaamaan asiakkaiden erityisvaatimuksia.<\/li>\n<li>Edistykselliset tuotantolaitteet: K\u00e4yt\u00e4mme edistyneit\u00e4 tuotantolaitteita korkealaatuisen valmistuksen takaamiseksi.<\/li>\n<li>Myynnin j\u00e4lkeinen palvelu: Tarjoamme kattavaa myynnin j\u00e4lkeist\u00e4 palvelua asiakastyytyv\u00e4isyyden varmistamiseksi.<\/li>\n<\/ul>\n<p>Kirjoittaja: lyl<\/p>\n<p><\/body><br \/>\n<\/html><\/p>","protected":false},"excerpt":{"rendered":"<p>Bucket Cylinder For Sunward Hybrid Excavator SWE350ES Bucket Cylinder For Sunward Hybrid Excavator SWE350ES Introduction A bucket cylinder is a specially designed hydraulic cylinder that is primarily used to control the movement of buckets in heavy machinery such as excavators, backhoe loaders, and front-end loaders. Its main function is to enable the bucket to perform [&hellip;]<\/p>","protected":false},"featured_media":14771,"comment_status":"open","ping_status":"closed","template":"","meta":{"_et_pb_use_builder":"","_et_pb_old_content":"","_et_gb_content_width":""},"product_brand":[],"product_cat":[1494],"product_tag":[1495,1496],"class_list":{"0":"post-15532","1":"product","2":"type-product","3":"status-publish","4":"has-post-thumbnail","6":"product_cat-bucket-cylinders","7":"product_tag-bucket-cylinders","8":"product_tag-hydraulic-cylinders","10":"first","11":"instock","12":"shipping-taxable","13":"product-type-simple"},"amp_enabled":true,"_links":{"self":[{"href":"https:\/\/www.hydraulic-cylinders.net\/fi\/wp-json\/wp\/v2\/product\/15532","targetHints":{"allow":["GET"]}}],"collection":[{"href":"https:\/\/www.hydraulic-cylinders.net\/fi\/wp-json\/wp\/v2\/product"}],"about":[{"href":"https:\/\/www.hydraulic-cylinders.net\/fi\/wp-json\/wp\/v2\/types\/product"}],"replies":[{"embeddable":true,"href":"https:\/\/www.hydraulic-cylinders.net\/fi\/wp-json\/wp\/v2\/comments?post=15532"}],"wp:featuredmedia":[{"embeddable":true,"href":"https:\/\/www.hydraulic-cylinders.net\/fi\/wp-json\/wp\/v2\/media\/14771"}],"wp:attachment":[{"href":"https:\/\/www.hydraulic-cylinders.net\/fi\/wp-json\/wp\/v2\/media?parent=15532"}],"wp:term":[{"taxonomy":"product_brand","embeddable":true,"href":"https:\/\/www.hydraulic-cylinders.net\/fi\/wp-json\/wp\/v2\/product_brand?post=15532"},{"taxonomy":"product_cat","embeddable":true,"href":"https:\/\/www.hydraulic-cylinders.net\/fi\/wp-json\/wp\/v2\/product_cat?post=15532"},{"taxonomy":"product_tag","embeddable":true,"href":"https:\/\/www.hydraulic-cylinders.net\/fi\/wp-json\/wp\/v2\/product_tag?post=15532"}],"curies":[{"name":"wp","href":"https:\/\/api.w.org\/{rel}","templated":true}]}}