{"id":15535,"date":"2025-01-19T14:39:09","date_gmt":"2025-01-19T14:39:09","guid":{"rendered":"https:\/\/www.hydraulic-cylinders.net\/product\/bucket-cylinder-for-lishide-small-excavator-sc85-8\/"},"modified":"2025-01-19T14:39:11","modified_gmt":"2025-01-19T14:39:11","slug":"bucket-cylinder-for-lishide-small-excavator-sc85-8","status":"publish","type":"product","link":"https:\/\/www.hydraulic-cylinders.net\/fi\/tuote\/bucket-cylinder-for-lishide-small-excavator-sc85-8\/","title":{"rendered":"Kauhan sylinteri Lishide-pienkaivukoneelle SC85.8"},"content":{"rendered":"<h2>Kauhan sylinteri Lishide-pienkaivukoneelle SC85.8<\/h2>\n<p>Lishide Small Excavator SC85.8 -kaivukoneen kauhan sylinteri on erikoishydraulinen sylinteri, joka on suunniteltu ohjaamaan kauhan liikett\u00e4 raskaissa koneissa, kuten kaivinkoneissa, kaivurikuormaajissa ja etukuormaajissa. Sen p\u00e4\u00e4teht\u00e4v\u00e4n\u00e4 on mahdollistaa kauhan nostaminen, laskeminen ja kallistaminen, mik\u00e4 tekee siit\u00e4 k\u00e4tev\u00e4n erilaisissa materiaalink\u00e4sittelyteht\u00e4viss\u00e4.<\/p>\n<p>Hydraulij\u00e4rjestelm\u00e4ss\u00e4 kauhan sylinteri saavuttaa kauhan tarkan hallinnan hy\u00f6dynt\u00e4m\u00e4ll\u00e4 hydrauli\u00f6ljyn paineenmuutoksia, mink\u00e4 ansiosta k\u00e4ytt\u00e4j\u00e4t voivat k\u00e4sitell\u00e4 raskaita kuormia tehokkaasti ja sopeutua monimutkaisiin ty\u00f6ymp\u00e4rist\u00f6ihin ja erilaisiin k\u00e4ytt\u00f6vaatimuksiin.<\/p>\n<p><img decoding=\"async\" src=\"https:\/\/www.hydraulic-cylinders.net\/wp-content\/uploads\/2025\/01\/songte-company-2.webp\"><\/p>\n<h3>Tuotteen ominaisuudet<\/h3>\n<ul>\n<li><strong>Korkea lujuus ja kest\u00e4vyys:<\/strong> Tyypillisesti eritt\u00e4in lujasta ter\u00e4ksest\u00e4 tai alumiinista valmistettu kauhasylinteri kest\u00e4\u00e4 korkeaa painetta ja raskaita kuormia ja mukautuu vaativiin ty\u00f6ymp\u00e4rist\u00f6ihin. Sen suunnittelussa on otettu huomioon kulutuskest\u00e4vyys ja korroosionkest\u00e4vyys k\u00e4ytt\u00f6i\u00e4n pident\u00e4miseksi.<\/li>\n<li><strong>Tehokas hydraulinen k\u00e4ytt\u00f6:<\/strong> Hydrauli\u00f6ljyn paineen ansiosta kauhan sylinteri saavuttaa tasaiset ojennus- ja sis\u00e4\u00e4nvetoliikkeet, mik\u00e4 mahdollistaa nopean reagoinnin ohjauskomentoihin ja tehokkaan ty\u00f6nt\u00f6- ja vetovoiman. T\u00e4m\u00e4 tekee siit\u00e4 sopivan raskaiden kuormien ja monimutkaisten teht\u00e4vien k\u00e4sittelyyn.<\/li>\n<li><strong>Useita tyyppej\u00e4:<\/strong> Kauhasylinteri voidaan valita yksitoimiseksi (hydraulinen paine vain yhteen suuntaan) tai kaksitoimiseksi (hydraulinen paine molempiin suuntiin) sylinteriksi k\u00e4ytt\u00f6vaatimusten mukaan. Jotkut mallit ovat teleskooppisia, mik\u00e4 mahdollistaa suuremman jatkeen ilman ulkomittojen kasvua, joten ne sopivat ahtaisiin k\u00e4ytt\u00f6tarkoituksiin.<\/li>\n<li><strong>Erilaisten hydraulisylintereiden vaihto:<\/strong> Tuotteemme voi t\u00e4ydellisesti korvata erilaisia \u200b\u200bhydraulisylintereit\u00e4. <\/li>\n<\/ul>\n<p><img decoding=\"async\" src=\"https:\/\/www.hydraulic-cylinders.net\/wp-content\/uploads\/2025\/01\/songte-cylinder-head-with-all-kinds-excavator-models.webp\"><\/p>\n<h3>Sovellukset<\/h3>\n<p>Kauhasylinteri\u00e4 k\u00e4ytet\u00e4\u00e4n erilaisissa laitteissa:<\/p>\n<ul>\n<li><strong>Rakennuslaitteet:<\/strong> Kaivinkoneissa niit\u00e4 k\u00e4ytet\u00e4\u00e4n ratkaisevana kaivamiseen, lastaamiseen ja maaper\u00e4n tai roskien siirt\u00e4miseen. Kaivurikuormaajissa kauhan sylinteri auttaa sek\u00e4 kaivamisessa ett\u00e4 nostamisessa.<\/li>\n<li><strong>Maatalouskoneet:<\/strong> Etukuormaajissa k\u00e4ytetty\u00e4 kauhan sylinteri\u00e4 k\u00e4ytet\u00e4\u00e4n maaper\u00e4n, hein\u00e4n ja muiden materiaalien kauhaamiseen, nostamiseen ja kuljettamiseen.<\/li>\n<li><strong>Kaivinkoneet:<\/strong> Kauhan sylinteri mahdollistaa kaivutoimenpiteet, koska kauha tunkeutuu maaper\u00e4\u00e4n.<\/li>\n<li><strong>Kuormaajat:<\/strong> Etukuormaajissa ne auttavat tavaroiden tehokkaassa nostamisessa ja tyhjent\u00e4misess\u00e4.<\/li>\n<\/ul>\n<h3>Suunnittelun\u00e4k\u00f6kohdat ja valintakriteerit<\/h3>\n<p>Suunnittelun n\u00e4k\u00f6kulmasta kauhasylinterin valinnassa ratkaisevia tekij\u00f6it\u00e4 ovat mm. kuormituksen kantokyky, tiiviys, kest\u00e4vyys, turvallisuus ja helppohoitoisuus.<\/p>\n<p><img decoding=\"async\" src=\"https:\/\/www.hydraulic-cylinders.net\/wp-content\/uploads\/2025\/01\/songte-oil-pipes-and-spare-parts.webp\"><\/p>\n<h3>Tiivistys ja voitelu<\/h3>\n<p>Kauhasylinteriss\u00e4 k\u00e4ytet\u00e4\u00e4n erilaisia \u200b\u200btiivistyskomponentteja, kuten m\u00e4nn\u00e4ntiivisteit\u00e4 ja varren tiivisteit\u00e4, jotka on valmistettu kulutusta kest\u00e4vist\u00e4 materiaaleista, kuten polyuretaanista ja nitriilikumista. Sylinterin runko ja kierteitetyt p\u00e4\u00e4typinnat k\u00e4sitell\u00e4\u00e4n huolellisesti kulutuskest\u00e4vyyden parantamiseksi. S\u00e4\u00e4nn\u00f6llinen voitelu sopivalla m\u00e4\u00e4r\u00e4ll\u00e4 hydrauli\u00f6ljy\u00e4 on v\u00e4ltt\u00e4m\u00e4t\u00f6nt\u00e4 sujuvan toiminnan varmistamiseksi.<\/p>\n<h3>S\u00e4\u00e4nn\u00f6llinen tarkastus ja ennaltaehk\u00e4isev\u00e4 huolto<\/h3>\n<p>Optimaalisen suorituskyvyn ja pitk\u00e4ik\u00e4isyyden varmistamiseksi on suoritettava s\u00e4\u00e4nn\u00f6llisi\u00e4 tarkastuksia ja ennaltaehk\u00e4isevi\u00e4 huoltotoimenpiteit\u00e4:<\/p>\n<ul>\n<li>Tarkista ja pid\u00e4 huoli oikeasta kohdistuksesta asennuksen aikana.<\/li>\n<li>K\u00e4yt\u00e4 sopivia kiinnityskorvakkeita sylinterin kiinnitt\u00e4miseen asennuksen aikana.<\/li>\n<li>Noudata suositeltuja tarkastus-, korjaus- ja vaihtomenettelyj\u00e4.<\/li>\n<li>Tarjoa varaosia ja kunnostuspalveluita kauhan sylinterin k\u00e4ytt\u00f6i\u00e4n pident\u00e4miseksi.<\/li>\n<\/ul>\n<p><img decoding=\"async\" src=\"https:\/\/www.hydraulic-cylinders.net\/wp-content\/uploads\/2025\/01\/songte-chushion-collar.webp\"><\/p>\n<h3>Turvallisuusn\u00e4k\u00f6kohdat ja ymp\u00e4rist\u00f6tekij\u00e4t<\/h3>\n<p>Kauhasylintereit\u00e4 k\u00e4ytett\u00e4ess\u00e4 on t\u00e4rke\u00e4\u00e4 noudattaa turvallisuustoimenpiteit\u00e4 k\u00e4ytt\u00e4jien hyvinvoinnin varmistamiseksi ja ymp\u00e4rist\u00f6vaikutusten lievent\u00e4miseksi.<\/p>\n<h3>Vianm\u00e4\u00e4ritys ja yleiset ongelmat<\/h3>\n<p>Toimintah\u00e4iri\u00f6iden sattuessa on t\u00e4rke\u00e4\u00e4 diagnosoida ja korjata yleiset ongelmat viipym\u00e4tt\u00e4. Vianm\u00e4\u00e4ritysvinkkien ja -ratkaisujen tarjoaminen auttaa lukijoita tunnistamaan ja ratkaisemaan ongelmia tehokkaasti sek\u00e4 ehdottaa ennaltaehk\u00e4isevi\u00e4 toimenpiteit\u00e4 mahdollisten ongelmien minimoimiseksi.<\/p>\n<p><img decoding=\"async\" src=\"https:\/\/www.hydraulic-cylinders.net\/wp-content\/uploads\/2025\/01\/songte-bushings-with-all-kinds-of-excavator-models.webp\"><\/p>\n<p>Muista j\u00e4rjest\u00e4\u00e4 artikkeli loogisesti, k\u00e4ytt\u00e4\u00e4 alaotsikoita helpottamaan navigointia, sis\u00e4llytt\u00e4\u00e4 asiaankuuluvia kuvia tai kaavioita ymm\u00e4rryksen parantamiseksi ja varmistaa, ett\u00e4 sis\u00e4lt\u00f6 on selke\u00e4\u00e4, ytimek\u00e4st\u00e4 ja sopivaa lukijoille, joilla on eri taso teknist\u00e4 osaamista.<\/p>\n<h2>Tietoa yrityksest\u00e4mme<\/h2>\n<p>Olemme varaosien hydraulisylinterien valmistaja ja tarjoamme laajan valikoiman tuotteita. Yhten\u00e4 johtavista hydraulisylinterien valmistajista ja tukkumyyjist\u00e4 kotimaisilla ja kansainv\u00e4lisill\u00e4 markkinoilla priorisoimme erinomaista laatua. Teollistettu tuotannonohjausstrategiamme perustuu ammattitaitoisiin teknikkoihin, huippuluokan digitaalisiin valmistuslaitteisiin ja ammattimaisiin testausj\u00e4rjestelmiin. Tehokkailla, tarkoilla ja korkealaatuisilla periaatteillamme vastaamme asiakkaidemme monipuolisiin tarpeisiin.<\/p>\n<p><img decoding=\"async\" src=\"https:\/\/www.hydraulic-cylinders.net\/wp-content\/uploads\/2025\/01\/songte-company-3.webp\"><\/p>\n<p>Lis\u00e4ksi tarjoamme kattavaa tietoa yrityksest\u00e4mme muun muassa asiantuntemuksen, kansainv\u00e4listen sertifikaattien, r\u00e4\u00e4t\u00e4l\u00f6ityjen palveluiden, tuotantolaitteiden ja j\u00e4lkimarkkinointipalvelun osalta.<\/p>\n<p>Kirjoittaja: lyl<\/p>","protected":false},"excerpt":{"rendered":"<p>Bucket Cylinder For Lishide Small Excavator SC85.8 The Bucket Cylinder for Lishide Small Excavator SC85.8 is a specialized hydraulic cylinder designed to control the movement of the bucket in heavy machinery such as excavators, backhoe loaders, and front loaders. Its main function is to enable the lifting, lowering, and tilting of the bucket, making it [&hellip;]<\/p>","protected":false},"featured_media":14762,"comment_status":"open","ping_status":"closed","template":"","meta":{"_et_pb_use_builder":"","_et_pb_old_content":"","_et_gb_content_width":""},"product_brand":[],"product_cat":[1494],"product_tag":[1495,1496],"class_list":{"0":"post-15535","1":"product","2":"type-product","3":"status-publish","4":"has-post-thumbnail","6":"product_cat-bucket-cylinders","7":"product_tag-bucket-cylinders","8":"product_tag-hydraulic-cylinders","10":"first","11":"instock","12":"shipping-taxable","13":"product-type-simple"},"amp_enabled":true,"_links":{"self":[{"href":"https:\/\/www.hydraulic-cylinders.net\/fi\/wp-json\/wp\/v2\/product\/15535","targetHints":{"allow":["GET"]}}],"collection":[{"href":"https:\/\/www.hydraulic-cylinders.net\/fi\/wp-json\/wp\/v2\/product"}],"about":[{"href":"https:\/\/www.hydraulic-cylinders.net\/fi\/wp-json\/wp\/v2\/types\/product"}],"replies":[{"embeddable":true,"href":"https:\/\/www.hydraulic-cylinders.net\/fi\/wp-json\/wp\/v2\/comments?post=15535"}],"wp:featuredmedia":[{"embeddable":true,"href":"https:\/\/www.hydraulic-cylinders.net\/fi\/wp-json\/wp\/v2\/media\/14762"}],"wp:attachment":[{"href":"https:\/\/www.hydraulic-cylinders.net\/fi\/wp-json\/wp\/v2\/media?parent=15535"}],"wp:term":[{"taxonomy":"product_brand","embeddable":true,"href":"https:\/\/www.hydraulic-cylinders.net\/fi\/wp-json\/wp\/v2\/product_brand?post=15535"},{"taxonomy":"product_cat","embeddable":true,"href":"https:\/\/www.hydraulic-cylinders.net\/fi\/wp-json\/wp\/v2\/product_cat?post=15535"},{"taxonomy":"product_tag","embeddable":true,"href":"https:\/\/www.hydraulic-cylinders.net\/fi\/wp-json\/wp\/v2\/product_tag?post=15535"}],"curies":[{"name":"wp","href":"https:\/\/api.w.org\/{rel}","templated":true}]}}