{"id":15538,"date":"2025-01-19T14:39:22","date_gmt":"2025-01-19T14:39:22","guid":{"rendered":"https:\/\/www.hydraulic-cylinders.net\/product\/bucket-cylinder-for-lishide-middle-excavator-sc200-8\/"},"modified":"2025-01-19T14:39:24","modified_gmt":"2025-01-19T14:39:24","slug":"bucket-cylinder-for-lishide-middle-excavator-sc200-8","status":"publish","type":"product","link":"https:\/\/www.hydraulic-cylinders.net\/fi\/tuote\/bucket-cylinder-for-lishide-middle-excavator-sc200-8\/","title":{"rendered":"Kauhan sylinteri Lishide-kaivinkoneelle SC200.8"},"content":{"rendered":"<h2>Kauhan sylinteri Lishide-kaivinkoneelle SC200.8<\/h2>\n<h3>Johdanto<\/h3>\n<p>Kauhasylinteri on erityisesti suunniteltu hydraulisylinteri, jota k\u00e4ytet\u00e4\u00e4n raskaiden koneiden, kuten kaivinkoneiden, traktorikaivureiden ja etukuormaajien, kauhojen liikkeiden ohjaamiseen. Sen p\u00e4\u00e4teht\u00e4v\u00e4n\u00e4 on nostaa, laskea ja kallistaa kauhaa, mik\u00e4 helpottaa erilaisten materiaalien k\u00e4sittely\u00e4. Hydraulij\u00e4rjestelm\u00e4ss\u00e4 kauhasylinteri saavuttaa kauhan tarkan hallinnan muuttamalla hydrauli\u00f6ljyn painetta, mink\u00e4 ansiosta k\u00e4ytt\u00e4j\u00e4t voivat k\u00e4sitell\u00e4 raskaita esineit\u00e4 tehokkaasti ja sopeutua monimutkaisiin ty\u00f6ymp\u00e4rist\u00f6ihin ja monipuolisiin k\u00e4ytt\u00f6tarpeisiin.<\/p>\n<p><img decoding=\"async\" src=\"https:\/\/www.hydraulic-cylinders.net\/wp-content\/uploads\/2025\/01\/songte-company-2.webp\" alt=\"Kauhan sylinteri\" \/><\/p>\n<h3>Ominaisuudet<\/h3>\n<ul>\n<li><strong>Korkea lujuus ja kest\u00e4vyys:<\/strong> Tyypillisesti valmistettu eritt\u00e4in lujasta ter\u00e4ksest\u00e4 tai alumiinista, joka kest\u00e4\u00e4 korkeaa painetta ja raskaita kuormia, ja suunniteltu kulutus- ja korroosionkest\u00e4vyys mieless\u00e4 pit\u00e4en, mik\u00e4 pident\u00e4\u00e4 niiden k\u00e4ytt\u00f6ik\u00e4\u00e4.<\/li>\n<li><strong>Tehokas hydraulinen k\u00e4ytt\u00f6:<\/strong> K\u00e4ytt\u00e4\u00e4 hydrauli\u00f6ljyn painetta tasaiseen ulos- ja sis\u00e4\u00e4nvetoon, reagoi nopeasti k\u00e4ytt\u00f6komentoihin, tarjoaa tehokkaita ty\u00f6nt\u00f6- ja vetovoimia ja soveltuu raskaiden kuormien k\u00e4sittelyyn ja monimutkaisiin teht\u00e4viin.<\/li>\n<li><strong>Erilaisia \u200b\u200btyyppej\u00e4:<\/strong> Yksitoimiset (hydrauliikkaa vain yhteen suuntaan) tai kaksitoimiset (hydrauliikkaa molempiin suuntiin) sylinterit voidaan valita tarpeiden mukaan erilaisten k\u00e4ytt\u00f6vaatimusten t\u00e4ytt\u00e4miseksi. Jotkut mallit ovat teleskooppisia, mik\u00e4 mahdollistaa suuremman jatkeen ilman ulkomittojen kasvua, mik\u00e4 sopii sovelluksiin, joissa on rajoitetusti tilaa.<\/li>\n<li><strong>Tuotteen korvaaminen:<\/strong> Tuotteemme voivat t\u00e4ydellisesti korvata n\u00e4m\u00e4 hydraulisylinterit.<\/li>\n<\/ul>\n<p><img decoding=\"async\" src=\"https:\/\/www.hydraulic-cylinders.net\/wp-content\/uploads\/2025\/01\/songte-cylinder-head-with-all-kinds-excavator-models.webp\" alt=\"Kauhan sylinterimallit\" \/><\/p>\n<h3>Sovellukset<\/h3>\n<p>Kauhasylintereit\u00e4 k\u00e4ytet\u00e4\u00e4n yleisesti useissa raskaissa koneissa, mukaan lukien:<\/p>\n<ul>\n<li><strong>Rakennuslaitteet:<\/strong> Kaivinkoneissa ne ovat ratkaisevan t\u00e4rkeit\u00e4 kaivamisessa, lastaamisessa ja maaper\u00e4n tai roskien siirt\u00e4misess\u00e4. Kaivinkoneissa kauhan sylinterit auttavat kaivamisessa ja nostamisessa. <\/li>\n<li><strong>Maatalouskoneet:<\/strong> K\u00e4ytet\u00e4\u00e4n etukuormaajissa maaper\u00e4n, hein\u00e4n ja muiden materiaalien kauhaukseen, nostamiseen ja kuljettamiseen. <\/li>\n<li><strong>Kaivinkoneet:<\/strong> Kauhasylinterit mahdollistavat kaivuty\u00f6t, koska kauha tunkeutuu maaper\u00e4\u00e4n. <\/li>\n<li><strong>Kuormaajat:<\/strong> Etukuormaajissa ne auttavat lastin tehokkaassa nostamisessa ja kallistamisessa.<\/li>\n<\/ul>\n<h3>Suunnittelun\u00e4k\u00f6kohdat ja valintakriteerit<\/h3>\n<p>Kauhasylintereiden suunnittelussa on otettava huomioon useita keskeisi\u00e4 n\u00e4k\u00f6kohtia, kuten kantavuus, tiiviys, kest\u00e4vyys, turvallisuus ja huollettavuus. <\/p>\n<ul>\n<li><strong>Kantavuus:<\/strong> Kauhan sylinterin tulee kest\u00e4\u00e4 ty\u00f6kuorma ilman muodonmuutoksia tai rikkoutumista.<\/li>\n<li><strong>Tiivistys:<\/strong> Erilaisia \u200b\u200btiivisteit\u00e4, kuten m\u00e4nn\u00e4ntiivisteit\u00e4 ja varren tiivisteit\u00e4, jotka on valmistettu kulutusta kest\u00e4vist\u00e4 materiaaleista, kuten polyuretaanista ja nitriilikumista, k\u00e4ytet\u00e4\u00e4n varmistamaan asianmukainen tiivistys ja est\u00e4m\u00e4\u00e4n vuodot.<\/li>\n<li><strong>Kest\u00e4vyys:<\/strong> Sylinterin rungon, m\u00e4nn\u00e4nvarren ja muiden komponenttien tulee olla valmistettu korkealaatuisista materiaaleista ja niiden pintak\u00e4sittelyn tulee olla huolellista kulutuskest\u00e4vyyden ja korroosionkest\u00e4vyyden parantamiseksi sek\u00e4 k\u00e4ytt\u00f6i\u00e4n pident\u00e4miseksi.<\/li>\n<li><strong>Turvallisuus:<\/strong> Kauhasylinterin tulee olla suunniteltu turvaominaisuuksilla, jotka est\u00e4v\u00e4t onnettomuudet k\u00e4yt\u00f6n aikana, kuten paineenalennusventtiilit, turvalukot ja puskurilaitteet.<\/li>\n<li><strong>Yll\u00e4pidett\u00e4vyys:<\/strong> Sylinterin helppo huolto ja korjaus on olennaista. Komponenttien on oltava helposti irrotettavissa, ja purkamisen ja kokoamisen on oltava helppoa.<\/li>\n<\/ul>\n<p><img decoding=\"async\" src=\"https:\/\/www.hydraulic-cylinders.net\/wp-content\/uploads\/2025\/01\/songte-oil-pipes-and-spare-parts.webp\" alt=\"Varaosat\" \/><\/p>\n<h3>Tiivistys ja voitelu<\/h3>\n<p>Kauhasylintereiss\u00e4 k\u00e4ytet\u00e4\u00e4n erilaisia \u200b\u200btiivistekomponentteja, kuten m\u00e4nn\u00e4ntiivisteit\u00e4 ja varren tiivisteit\u00e4, jotka on valmistettu kulutusta kest\u00e4vist\u00e4 materiaaleista, kuten polyuretaanista ja nitriilikumista, varmistamaan asianmukainen tiivistys ja est\u00e4m\u00e4\u00e4n vuotoja. Sylinterin runko, m\u00e4nn\u00e4nvarsi ja muut komponentit pintak\u00e4sitell\u00e4\u00e4n huolellisesti kulutuskest\u00e4vyyden ja korroosionkest\u00e4vyyden parantamiseksi. Hydrauli\u00f6ljyn s\u00e4\u00e4nn\u00f6llinen t\u00e4ytt\u00f6 on v\u00e4ltt\u00e4m\u00e4t\u00f6nt\u00e4 sylinterin voitelun ja moitteettoman toiminnan yll\u00e4pit\u00e4miseksi.<\/p>\n<h3>Huolto ja vianm\u00e4\u00e4ritys<\/h3>\n<p>S\u00e4\u00e4nn\u00f6llinen tarkastus, asianmukainen voitelu ja kuluneiden tiivisteiden vaihto ovat kauhasylintereiden yleisi\u00e4 huoltoteht\u00e4vi\u00e4. Lis\u00e4ksi:<\/p>\n<ul>\n<li><strong>Oikea asennus:<\/strong> Oikea kohdistus ja sopivien asennuskiinnikkeiden k\u00e4ytt\u00f6 ovat ratkaisevan t\u00e4rkeit\u00e4 optimaalisen suorituskyvyn varmistamiseksi ja kauhan sylinterin k\u00e4ytt\u00f6i\u00e4n pident\u00e4miseksi.<\/li>\n<li><strong>Tarkastukset:<\/strong> Kauhasylinterin tehokkuuden ja turvallisuuden yll\u00e4pit\u00e4miseksi suositellaan s\u00e4\u00e4nn\u00f6llisi\u00e4 tarkastuksia, kuten kalibrointitarkastuksia ja tiivisteiden vaihtoa.<\/li>\n<li><strong>Uudelleenrakentaminen:<\/strong> Jos kauhan sylinteriin tulee vakavia vaurioita, se voidaan kunnostaa varaosilla sen suorituskyvyn palauttamiseksi.<\/li>\n<\/ul>\n<p><img decoding=\"async\" src=\"https:\/\/www.hydraulic-cylinders.net\/wp-content\/uploads\/2025\/01\/songte-chushion-collar.webp\" alt=\"Tyynykaulus\" \/><\/p>\n<h3>Turvallisuus- ja ymp\u00e4rist\u00f6n\u00e4k\u00f6kohdat<\/h3>\n<p>Kauhasylintereit\u00e4 k\u00e4ytett\u00e4ess\u00e4 on noudatettava asianmukaisia \u200b\u200bturvatoimia, mukaan lukien suojavarusteiden k\u00e4ytt\u00f6, valmistajan ohjeiden noudattaminen ja turvallisuusm\u00e4\u00e4r\u00e4ysten noudattaminen. My\u00f6s asianmukaiset ymp\u00e4rist\u00f6toimenpiteet, kuten asianmukainen j\u00e4tteenk\u00e4sittely, on toteutettava ymp\u00e4rist\u00f6vaikutusten lievent\u00e4miseksi.<\/p>\n<h3>Yleisi\u00e4 ongelmia ja vianm\u00e4\u00e4ritys<\/h3>\n<p>Yleisimpi\u00e4 kauhan sylinteriongelmia ovat vuodot, tiivisteiden kuluminen ja heikko suorituskyky. Vianm\u00e4\u00e4ritysmenetelmiin kuuluvat hydraulipaineen tarkistaminen, tiivisteiden tarkastaminen ja kuluneiden osien vaihtaminen.<\/p>\n<p><img decoding=\"async\" src=\"https:\/\/www.hydraulic-cylinders.net\/wp-content\/uploads\/2025\/01\/songte-bushings-with-all-kinds-of-excavator-models.webp\" alt=\"Holkit\" \/><\/p>\n<h3>Tietoa yrityksest\u00e4mme<\/h3>\n<p>Olemme valmistaja, joka valmistaa kauhasylintereit\u00e4 korvaamaan olemassa olevia hydraulisylintereit\u00e4. Yrityksemme tarjoaa laajan valikoiman tuotteita, mik\u00e4 tekee meist\u00e4 yhden johtavista hydraulisylintereiden valmistajista ja tukkumyyjist\u00e4 kotimaisilla ja kansainv\u00e4lisill\u00e4 markkinoilla. Noudatamme erinomaista laatua ja luotamme hienomekaanisten ty\u00f6pajojen teollisen tuotannon hallintastrategiaan parantaen jatkuvasti tuotantoalustojemme tehokkuutta, tarkkuutta ja laatua. Vahvan luovan kyvyn avulla vastaamme asiakkaidemme monipuolisiin tarpeisiin korkean tehokkuuden, tarkkuuden ja laadun periaatteilla.<\/p>\n<ul>\n<li><strong>Ammattimaisuus:<\/strong> Yrityksell\u00e4mme on ammattitaitoinen tiimi, joka on omistautunut hydraulisylintereiden tutkimukseen ja kehitykseen, tuotantoon ja myyntiin. <\/li>\n<li><strong>Kansainv\u00e4linen sertifiointi:<\/strong> Tuotteemme ovat l\u00e4p\u00e4isseet ISO 9001 -sertifioinnin, mik\u00e4 varmistaa, ett\u00e4 ne t\u00e4ytt\u00e4v\u00e4t kansainv\u00e4liset laatuj\u00e4rjestelmien standardit.<\/li>\n<li><strong>R\u00e4\u00e4t\u00e4l\u00f6idyt palvelut:<\/strong> Tarjoamme r\u00e4\u00e4t\u00e4l\u00f6ityj\u00e4 palveluita asiakkaidemme erityistarpeisiin.<\/li>\n<li><strong>Tuotantolaitteet:<\/strong> Yrityksemme k\u00e4ytt\u00e4\u00e4 edistyneit\u00e4 laitteita, kuten CNC-koneita ja automaattisia hitsauskoneita, mik\u00e4 varmistaa tuotteidemme tarkkuuden ja t\u00e4sm\u00e4llisyyden.<\/li>\n<li><strong>Myynnin j\u00e4lkeiset palvelut:<\/strong> Tarjoamme myynnin j\u00e4lkeisi\u00e4 palveluita, kuten varaosia ja korjauspalveluita, varmistaen tuotteidemme pitk\u00e4ik\u00e4isyyden.<\/li>\n<\/ul>\n<p><img decoding=\"async\" src=\"https:\/\/hzpt.com\/wp-content\/uploads\/2024\/11\/songte-company-1.webp\" alt=\"Yritys\" \/><\/p>\n<p>Kirjoittaja: lyl.<\/p>","protected":false},"excerpt":{"rendered":"<p>Bucket Cylinder For Lishide Middle Excavator SC200.8 Introduction A bucket cylinder is a specially designed hydraulic cylinder used to control the movements of buckets in heavy machinery such as excavators, backhoe excavators, and front loaders. Its main function is to lift, lower, and tilt the bucket, making it easier to handle a variety of materials. [&hellip;]<\/p>","protected":false},"featured_media":14788,"comment_status":"open","ping_status":"closed","template":"","meta":{"_et_pb_use_builder":"","_et_pb_old_content":"","_et_gb_content_width":""},"product_brand":[],"product_cat":[1494],"product_tag":[1495,1496],"class_list":{"0":"post-15538","1":"product","2":"type-product","3":"status-publish","4":"has-post-thumbnail","6":"product_cat-bucket-cylinders","7":"product_tag-bucket-cylinders","8":"product_tag-hydraulic-cylinders","10":"first","11":"instock","12":"shipping-taxable","13":"product-type-simple"},"amp_enabled":true,"_links":{"self":[{"href":"https:\/\/www.hydraulic-cylinders.net\/fi\/wp-json\/wp\/v2\/product\/15538","targetHints":{"allow":["GET"]}}],"collection":[{"href":"https:\/\/www.hydraulic-cylinders.net\/fi\/wp-json\/wp\/v2\/product"}],"about":[{"href":"https:\/\/www.hydraulic-cylinders.net\/fi\/wp-json\/wp\/v2\/types\/product"}],"replies":[{"embeddable":true,"href":"https:\/\/www.hydraulic-cylinders.net\/fi\/wp-json\/wp\/v2\/comments?post=15538"}],"wp:featuredmedia":[{"embeddable":true,"href":"https:\/\/www.hydraulic-cylinders.net\/fi\/wp-json\/wp\/v2\/media\/14788"}],"wp:attachment":[{"href":"https:\/\/www.hydraulic-cylinders.net\/fi\/wp-json\/wp\/v2\/media?parent=15538"}],"wp:term":[{"taxonomy":"product_brand","embeddable":true,"href":"https:\/\/www.hydraulic-cylinders.net\/fi\/wp-json\/wp\/v2\/product_brand?post=15538"},{"taxonomy":"product_cat","embeddable":true,"href":"https:\/\/www.hydraulic-cylinders.net\/fi\/wp-json\/wp\/v2\/product_cat?post=15538"},{"taxonomy":"product_tag","embeddable":true,"href":"https:\/\/www.hydraulic-cylinders.net\/fi\/wp-json\/wp\/v2\/product_tag?post=15538"}],"curies":[{"name":"wp","href":"https:\/\/api.w.org\/{rel}","templated":true}]}}