{"id":15542,"date":"2025-01-19T14:39:37","date_gmt":"2025-01-19T14:39:37","guid":{"rendered":"https:\/\/www.hydraulic-cylinders.net\/product\/bucket-cylinder-for-lishide-middle-excavator-sc220-8\/"},"modified":"2025-01-19T14:39:39","modified_gmt":"2025-01-19T14:39:39","slug":"bucket-cylinder-for-lishide-middle-excavator-sc220-8","status":"publish","type":"product","link":"https:\/\/www.hydraulic-cylinders.net\/fi\/tuote\/bucket-cylinder-for-lishide-middle-excavator-sc220-8\/","title":{"rendered":"Kauhan sylinteri Lishide-kaivinkoneelle SC220.8"},"content":{"rendered":"<h2>Kauhan sylinteri Lishide Middle -kaivukoneelle SC220.8<\/h2>\n<h3>Johdanto<\/h3>\n<p>Kauhasylinteri on erikoishydraulinen sylinteri, joka on suunniteltu ohjaamaan kauhojen liikett\u00e4 raskaissa koneissa, kuten kaivinkoneissa, kaivurikuormaajissa ja etukuormaajissa. Sen ensisijainen teht\u00e4v\u00e4 on mahdollistaa kauhojen nostaminen, laskeminen ja kallistaminen helppoa materiaalin k\u00e4sittely\u00e4 varten. Hydraulij\u00e4rjestelm\u00e4ss\u00e4 kauhasylinteri ohjaa kauhojen liikett\u00e4 tarkasti muuttamalla hydrauli\u00f6ljyn painetta, mink\u00e4 ansiosta kuljettaja voi k\u00e4sitell\u00e4 raskaita kuormia tehokkaasti ja sopeutua monimutkaiseen ty\u00f6ymp\u00e4rist\u00f6\u00f6n ja vaihteleviin ty\u00f6vaatimuksiin.<\/p>\n<p><img decoding=\"async\" src=\"https:\/\/www.hydraulic-cylinders.net\/wp-content\/uploads\/2025\/01\/songte-company-2.webp\"><\/p>\n<h3>Ominaisuudet<\/h3>\n<ul>\n<li>Suuri lujuus ja kest\u00e4vyys: Tyypillisesti valmistettu eritt\u00e4in lujasta ter\u00e4ksest\u00e4 tai alumiinista, kest\u00e4\u00e4 korkeaa painetta ja raskaita kuormia, sopeutuu vaativiin ty\u00f6ymp\u00e4rist\u00f6ihin ja on suunniteltu kulutus- ja korroosionkest\u00e4vyyden huomioon ottamiseksi, mik\u00e4 pident\u00e4\u00e4 k\u00e4ytt\u00f6ik\u00e4\u00e4.<\/li>\n<li>Tehokas hydraulinen toiminta: Hydrauli\u00f6ljyn paineen ansiosta saavutetaan tasainen laajeneminen ja supistuminen, reagoidaan nopeasti ohjauskomentoihin ja tarjotaan voimakas ty\u00f6nt\u00f6- ja vetovoima, mik\u00e4 sopii raskaiden kuormien k\u00e4sittelyyn ja monimutkaisiin ty\u00f6teht\u00e4viin.<\/li>\n<li>Erilaisia \u200b\u200btyyppej\u00e4: Yksitoimisia (hydraulisesti vain yhteen suuntaan) tai kaksitoimisia (hydraulisesti kahteen suuntaan) sylintereit\u00e4 voidaan valita tarpeiden mukaan erilaisten k\u00e4ytt\u00f6vaatimusten t\u00e4ytt\u00e4miseksi. Jotkut mallit ovat teleskooppisia, mik\u00e4 mahdollistaa suuremman jatkeen ilman ulkomittojen kasvua, mik\u00e4 sopii sovelluksiin, joissa on rajoitetusti tilaa.<\/li>\n<li>Helppo vaihtaa: Tuotteemme voi t\u00e4ydellisesti korvata n\u00e4m\u00e4 hydraulisylinterit.<\/li>\n<\/ul>\n<p><img decoding=\"async\" src=\"https:\/\/www.hydraulic-cylinders.net\/wp-content\/uploads\/2025\/01\/songte-cylinder-head-with-all-kinds-excavator-models.webp\"><\/p>\n<h3>Sovellukset<\/h3>\n<ul>\n<li>Rakennuslaitteet: Kaivinkoneissa ne ovat v\u00e4ltt\u00e4m\u00e4tt\u00f6mi\u00e4 maan tai roskien kaivamiseen, lastaamiseen ja siirt\u00e4miseen. Kaivurikuormaajissa kauhasylinterit auttavat sek\u00e4 kaivamisessa ett\u00e4 nostamisessa. Etukuormaajissa ne auttavat tavaroiden tehokkaassa nostamisessa ja kallistamisessa.<\/li>\n<li>Maatalouskoneet: K\u00e4ytet\u00e4\u00e4n etukuormaajissa maan, hein\u00e4n ja muiden materiaalien kauhaukseen, nostamiseen ja kuljettamiseen. Kaivinkoneissa kauhan sylinterit saavuttavat kaivutoiminnon antamalla kauhan tunkeutua maaper\u00e4\u00e4n. <\/li>\n<\/ul>\n<h3>Suunnittelun\u00e4k\u00f6kohdat ja valintastandardit<\/h3>\n<ul>\n<li>Kantavuus: Hydraulisylinterin on kestett\u00e4v\u00e4 raskaita kuormia ja korkeaa painetta.<\/li>\n<li>Tiivistys: On k\u00e4ytett\u00e4v\u00e4 erilaisia \u200b\u200btiivisteit\u00e4, kuten m\u00e4nn\u00e4ntiivisteit\u00e4 ja varren tiivisteit\u00e4, jotka on valmistettu kulutusta kest\u00e4vist\u00e4 materiaaleista, kuten polyuretaanista ja nitriilikumista.<\/li>\n<li>Kest\u00e4vyys: Sylinterin runko ja kierteitetty p\u00e4\u00e4typinta tulisi k\u00e4sitell\u00e4 hienojakoisesti kulutuskest\u00e4vyyden parantamiseksi.<\/li>\n<li>Turvallisuus: Hydraulisylinterin tulee olla varustettu turvaominaisuuksilla onnettomuuksien est\u00e4miseksi.<\/li>\n<li>Huollettavuus: Hydraulisylinterin tulee olla helppo huoltaa ja korjata.<\/li>\n<\/ul>\n<p><img decoding=\"async\" src=\"https:\/\/www.hydraulic-cylinders.net\/wp-content\/uploads\/2025\/01\/songte-oil-pipes-and-spare-parts.webp\"><\/p>\n<h3>Tiivistys ja voitelu<\/h3>\n<p>Hydraulisylinteriss\u00e4 tulisi k\u00e4ytt\u00e4\u00e4 erilaisia \u200b\u200btiivisteit\u00e4, kuten m\u00e4nn\u00e4ntiivisteit\u00e4, varren tiivisteit\u00e4, jotka on valmistettu kulutusta kest\u00e4vist\u00e4 materiaaleista, kuten polyuretaanista ja nitriilikumista. Sylinterin runko ja kierteitetyt p\u00e4\u00e4typinnat tulisi k\u00e4sitell\u00e4 hienos\u00e4\u00e4t\u00f6isesti kulutuskest\u00e4vyyden parantamiseksi. Hydraulisylinteri on voideltava s\u00e4\u00e4nn\u00f6llisesti sopivalla m\u00e4\u00e4r\u00e4ll\u00e4 hydrauli\u00f6ljy\u00e4.<\/p>\n<h3>Huolto ja korjaus<\/h3>\n<ul>\n<li>S\u00e4\u00e4nn\u00f6llinen tarkastus: Tarkista hydraulisylinteri s\u00e4\u00e4nn\u00f6llisesti vuotojen, halkeamien tai vaurioiden varalta.<\/li>\n<li>Voitelu: Voitele hydraulisylinteri s\u00e4\u00e4nn\u00f6llisesti varmistaaksesi sen sujuvan toiminnan.<\/li>\n<li>Tiivisteiden vaihto: Vaihda tiivisteet, jos ne ovat kuluneet, vaurioituneet tai vuotavat.<\/li>\n<\/ul>\n<p><img decoding=\"async\" src=\"https:\/\/www.hydraulic-cylinders.net\/wp-content\/uploads\/2025\/01\/songte-chushion-collar.webp\"><\/p>\n<h3>Turvallisuusn\u00e4k\u00f6kohdat ja ymp\u00e4rist\u00f6tekij\u00e4t<\/h3>\n<p>On t\u00e4rke\u00e4\u00e4 noudattaa turvaohjeita hydraulisylinteri\u00e4 k\u00e4ytett\u00e4ess\u00e4 onnettomuuksien v\u00e4ltt\u00e4miseksi. Ymp\u00e4rist\u00f6tekij\u00e4t on my\u00f6s otettava huomioon hydraulisylinteri\u00e4 h\u00e4vitett\u00e4ess\u00e4 tai kierr\u00e4tett\u00e4ess\u00e4.<\/p>\n<h3>Vianm\u00e4\u00e4ritys ja yleiset ongelmat<\/h3>\n<ul>\n<li>Sylinterin ajautuminen: Tarkista hydraulinesteen taso, venttiilien istukka ja sis\u00e4iset vuodot.<\/li>\n<li>Sylinterin nykiv\u00e4 liike: Tarkista hydraulinesteest\u00e4 ep\u00e4puhtauksia, vaurioituneita tiivisteit\u00e4 tai taipuneita m\u00e4nn\u00e4nvarsia.<\/li>\n<li>Sylinterin hidas liike: Tarkista, onko hydrauliikkanestett\u00e4 liian v\u00e4h\u00e4n, onko j\u00e4rjestelm\u00e4ss\u00e4 vuotoja tai onko tiivisteet vaurioituneet.<\/li>\n<\/ul>\n<h3>Yrityksen esittely<\/h3>\n<p>Olemme perinteisten sylinterien korvaavien hydraulisten sylinterien valmistaja. Yrityksemme tarjoaa t\u00e4yden valikoiman tuotteita ja on yksi johtavista hydraulisten sylinterien valmistajista ja tukkumyyjist\u00e4 kotimaisilla ja kansainv\u00e4lisill\u00e4 markkinoilla. Noudatamme erinomaisen laadun periaatetta, luotamme hienostuneen valmistuspajan teollistettuun tuotannonohjausstrategiaan, parannamme jatkuvasti ty\u00f6pajan valmistusalustaa, t\u00e4ydellist\u00e4mme tuotteiden laatua parantavaa tuotantolinjaa ja meill\u00e4 on vahva luova kyky. Pyrimme vastaamaan erilaisiin asiakastarpeisiin tehokkaalla, tarkalla ja korkealaatuisella tuotteella. <\/p>\n<p><img decoding=\"async\" src=\"https:\/\/hzpt.com\/wp-content\/uploads\/2024\/11\/songte-company-1.webp\"><\/p>\n<h3>Palvelumme<\/h3>\n<ul>\n<li>Ammattitaito: Meill\u00e4 on asiantuntijatiimi, joka tarjoaa asiakkaillemme ammattimaisia \u200b\u200bpalveluita.<\/li>\n<li>Kansainv\u00e4linen sertifiointi: Tuotteemme ovat l\u00e4p\u00e4isseet kansainv\u00e4liset sertifikaatit, kuten ISO9001, CE ja SGS.<\/li>\n<li>Mukauttaminen: Voimme r\u00e4\u00e4t\u00e4l\u00f6id\u00e4 hydraulisylintereit\u00e4 asiakkaidemme erityistarpeiden mukaan.<\/li>\n<li>Tuotantolaitteet: Meill\u00e4 on edistyneet tuotantolaitteet tuotteidemme laadun varmistamiseksi.<\/li>\n<li>Myynnin j\u00e4lkeinen palvelu: Tarjoamme erinomaista myynnin j\u00e4lkeist\u00e4 palvelua asiakastyytyv\u00e4isyyden varmistamiseksi.<\/li>\n<\/ul>\n<p>Kirjoittaja: lyl<\/p>\n<p><img decoding=\"async\" src=\"https:\/\/www.hydraulic-cylinders.net\/wp-content\/uploads\/2025\/01\/songte-bushings-with-all-kinds-of-excavator-models.webp\"><\/p>","protected":false},"excerpt":{"rendered":"<p>Bucket Cylinder for Lishide Middle Excavator SC220.8 Introduction A bucket cylinder is a specialized hydraulic cylinder designed to control the movement of shovels in heavy machinery such as excavators, backhoe loaders, and front-end loaders. Its primary function is to allow shovels to lift, lower and tilt for easy material handling. In the hydraulic system, the [&hellip;]<\/p>","protected":false},"featured_media":14782,"comment_status":"open","ping_status":"closed","template":"","meta":{"_et_pb_use_builder":"","_et_pb_old_content":"","_et_gb_content_width":""},"product_brand":[],"product_cat":[1494],"product_tag":[1495,1496],"class_list":{"0":"post-15542","1":"product","2":"type-product","3":"status-publish","4":"has-post-thumbnail","6":"product_cat-bucket-cylinders","7":"product_tag-bucket-cylinders","8":"product_tag-hydraulic-cylinders","10":"first","11":"instock","12":"shipping-taxable","13":"product-type-simple"},"amp_enabled":true,"_links":{"self":[{"href":"https:\/\/www.hydraulic-cylinders.net\/fi\/wp-json\/wp\/v2\/product\/15542","targetHints":{"allow":["GET"]}}],"collection":[{"href":"https:\/\/www.hydraulic-cylinders.net\/fi\/wp-json\/wp\/v2\/product"}],"about":[{"href":"https:\/\/www.hydraulic-cylinders.net\/fi\/wp-json\/wp\/v2\/types\/product"}],"replies":[{"embeddable":true,"href":"https:\/\/www.hydraulic-cylinders.net\/fi\/wp-json\/wp\/v2\/comments?post=15542"}],"wp:featuredmedia":[{"embeddable":true,"href":"https:\/\/www.hydraulic-cylinders.net\/fi\/wp-json\/wp\/v2\/media\/14782"}],"wp:attachment":[{"href":"https:\/\/www.hydraulic-cylinders.net\/fi\/wp-json\/wp\/v2\/media?parent=15542"}],"wp:term":[{"taxonomy":"product_brand","embeddable":true,"href":"https:\/\/www.hydraulic-cylinders.net\/fi\/wp-json\/wp\/v2\/product_brand?post=15542"},{"taxonomy":"product_cat","embeddable":true,"href":"https:\/\/www.hydraulic-cylinders.net\/fi\/wp-json\/wp\/v2\/product_cat?post=15542"},{"taxonomy":"product_tag","embeddable":true,"href":"https:\/\/www.hydraulic-cylinders.net\/fi\/wp-json\/wp\/v2\/product_tag?post=15542"}],"curies":[{"name":"wp","href":"https:\/\/api.w.org\/{rel}","templated":true}]}}