{"id":1555,"date":"2023-09-28T08:49:11","date_gmt":"2023-09-28T08:49:11","guid":{"rendered":"https:\/\/hydraulic-cylinders.net\/?post_type=product&#038;p=1555"},"modified":"2025-04-11T01:52:22","modified_gmt":"2025-04-11T01:52:22","slug":"mobile-crane-outrigger-cylinder","status":"publish","type":"product","link":"https:\/\/www.hydraulic-cylinders.net\/fi\/tuote\/mobile-crane-outrigger-cylinder\/","title":{"rendered":"Mobiilinosturin tukijalkasylinteri"},"content":{"rendered":"<h1 style=\"text-align: center;\"><strong>Mobiilinosturin tukijalkasylinteri<\/strong><\/h1>\n<p><img loading=\"lazy\" decoding=\"async\" class=\"aligncenter wp-image-1556\" src=\"https:\/\/hydraulic-cylinders.net\/wp-content\/uploads\/2023\/09\/outrigger-expansion-cylinder-1-300x300.webp\" alt=\"\" width=\"400\" height=\"400\" \/><\/p>\n<p>Mobiilinosturin tukijalkasylinteri on kriittinen osa mobiilinosturij\u00e4rjestelmiss\u00e4, ja se on suunniteltu tarjoamaan vakautta ja turvallisuutta nostotoimintojen aikana. T\u00e4m\u00e4 hydraulisylinteri on erityisesti suunniteltu pident\u00e4m\u00e4\u00e4n ja vet\u00e4m\u00e4\u00e4n sis\u00e4\u00e4n nosturin tukijalkoja, mik\u00e4 varmistaa vankan perustan ja est\u00e4\u00e4 kaatumisen tai ep\u00e4vakauden.<\/p>\n<p>Mobiilinosturin tukijalkasylinteri varmistaa vakauden ja turvallisuuden nostotoimintojen aikana. Kest\u00e4v\u00e4n rakenteensa, hydraulisen pidennyksens\u00e4 ja sis\u00e4\u00e4nvetonsa, vakauden parannuksensa ja sis\u00e4\u00e4nrakennettujen turvaominaisuuksiensa ansiosta t\u00e4m\u00e4 hydraulisylinteri antaa nosturinkuljettajille mahdollisuuden luoda tukevan perustan ja est\u00e4\u00e4 kaatumisen tai ep\u00e4vakauden raskaita kuormia k\u00e4sitelt\u00e4ess\u00e4. Noudattamalla oikeita k\u00e4ytt\u00f6menetelmi\u00e4 ja suositeltuja huoltok\u00e4yt\u00e4nt\u00f6j\u00e4 k\u00e4ytt\u00e4j\u00e4t voivat maksimoida mobiilinosturin tukijalkasylinterin k\u00e4ytt\u00f6i\u00e4n ja suorituskyvyn, mik\u00e4 edist\u00e4\u00e4 turvallisempia ja tehokkaampia nostotoimintoja. Valitse t\u00e4m\u00e4 olennainen hydraulinen komponentti parantaaksesi mobiilinosturisi vakautta ja turvallisuutta, mik\u00e4 mahdollistaa onnistuneen ja vaivattoman nostamisen uusiin korkeuksiin.<\/p>\n<p>Ajoneuvonosturin tukijalkasylinterin t\u00e4rkeimm\u00e4t ominaisuudet:<\/p>\n<ol>\n<li>Vankka rakenne:<\/li>\n<\/ol>\n<ul>\n<li>Mobiilinosturin tukijalkasylinteri on valmistettu korkealaatuisista materiaaleista, mik\u00e4 varmistaa kest\u00e4vyyden ja luotettavuuden my\u00f6s vaativissa ty\u00f6olosuhteissa.<\/li>\n<li>Se on suunniteltu kest\u00e4m\u00e4\u00e4n raskaita kuormia, t\u00e4rin\u00e4\u00e4 ja altistumista ymp\u00e4rist\u00f6n tekij\u00f6ille, mik\u00e4 takaa pitk\u00e4kestoisen suorituskyvyn.<\/li>\n<\/ul>\n<ol start=\"2\">\n<li>Hydraulinen pidennys ja sis\u00e4\u00e4nveto:<\/li>\n<\/ol>\n<ul>\n<li>T\u00e4m\u00e4 sylinteri k\u00e4ytt\u00e4\u00e4 hydraulista voimaa mobiilinosturin tukipuomien pident\u00e4miseen ja vet\u00e4miseen sis\u00e4\u00e4n.<\/li>\n<li>Hydraulij\u00e4rjestelm\u00e4 mahdollistaa tarkan ohjauksen ja tasaisen toiminnan, mik\u00e4 mahdollistaa tukijalkojen nopean asennuksen ja s\u00e4\u00e4d\u00f6n.<\/li>\n<\/ul>\n<ol start=\"3\">\n<li>Vakauden parannus:<\/li>\n<\/ol>\n<ul>\n<li>Pident\u00e4m\u00e4ll\u00e4 tukijalkapalkkeja mobiilinosturin tukijalkasylinteri lis\u00e4\u00e4 merkitt\u00e4v\u00e4sti nosturin vakautta nosto-operaatioissa.<\/li>\n<li>Se tarjoaa leve\u00e4mm\u00e4n tukipohjan, mik\u00e4 minimoi kaatumis- tai putoamisriskin, erityisesti raskaita kuormia k\u00e4sitelt\u00e4ess\u00e4 tai ep\u00e4tasaisessa maastossa ty\u00f6skennelt\u00e4ess\u00e4.<\/li>\n<\/ul>\n<ol start=\"4\">\n<li>Turvaominaisuudet:<\/li>\n<\/ol>\n<ul>\n<li>Tukijalkasylinteri on varustettu turvamekanismeilla, kuten lukitustapeilla tai venttiileill\u00e4, jotka kiinnitt\u00e4v\u00e4t pidennettyjen tukijalkojen aisat paikoilleen.<\/li>\n<li>N\u00e4m\u00e4 ominaisuudet est\u00e4v\u00e4t tahattoman sis\u00e4\u00e4nvedon ja varmistavat nosturin vakauden koko noston ajan.<\/li>\n<\/ul>\n<h2><strong>Mobiilinosturin tukijalkasylinterin parametri:<\/strong><\/h2>\n<table border=\"1\" cellspacing=\"0\" cellpadding=\"0\">\n<tbody>\n<tr>\n<td>Tuotteen nimi<\/td>\n<td>Mobiilinosturin tukijalkasylinteri<\/td>\n<\/tr>\n<tr>\n<td>Ominaisuudet:<\/td>\n<td>Tue koko laitteen painoa nosturin noston aikana<\/td>\n<\/tr>\n<tr>\n<td>Rei\u00e4n halkaisija:<\/td>\n<td>70 mm\uff5e360 mm<\/td>\n<\/tr>\n<tr>\n<td>Tangon halkaisija:<\/td>\n<td>45 mm\uff5e320 mm<br \/>\nIsku \u2264800 mm<\/td>\n<\/tr>\n<tr>\n<td>Paine:<\/td>\n<td>Enimm\u00e4ispaine 42 MPa<\/td>\n<\/tr>\n<tr>\n<td>Tukijalkasylinterin sovellukset:<\/td>\n<td>Mobiilinosturi<\/td>\n<\/tr>\n<\/tbody>\n<\/table>\n<h2><strong>Mobiilinosturin tunnistuskaavio:<\/strong><\/h2>\n<p><img loading=\"lazy\" decoding=\"async\" class=\"alignnone wp-image-1551 size-full\" src=\"https:\/\/hydraulic-cylinders.net\/wp-content\/uploads\/2023\/09\/mobile-crane-cylinder-construction-1.webp\" alt=\"\" width=\"1418\" height=\"946\" srcset=\"https:\/\/hydraulic-cylinders.net\/wp-content\/uploads\/2023\/09\/mobile-crane-cylinder-construction-1.webp 1418w, https:\/\/hydraulic-cylinders.net\/wp-content\/uploads\/2023\/09\/mobile-crane-cylinder-construction-1-1280x854.webp 1280w, https:\/\/hydraulic-cylinders.net\/wp-content\/uploads\/2023\/09\/mobile-crane-cylinder-construction-1-980x654.webp 980w, https:\/\/hydraulic-cylinders.net\/wp-content\/uploads\/2023\/09\/mobile-crane-cylinder-construction-1-480x320.webp 480w\" sizes=\"(min-width: 0px) and (max-width: 480px) 480px, (min-width: 481px) and (max-width: 980px) 980px, (min-width: 981px) and (max-width: 1280px) 1280px, (min-width: 1281px) 1418px, 100vw\" \/><\/p>\n<h2><strong>Mobiilinosturin tukijalkasylinterin k\u00e4ytt\u00f6tapa<\/strong><strong>:<\/strong><\/h2>\n<ol>\n<li><strong>Paikan arviointi:<\/strong><\/li>\n<\/ol>\n<ul>\n<li>Ennen tukijalkojen k\u00e4ytt\u00f6\u00f6nottoa arvioi ty\u00f6alue huolellisesti mahdollisten vaarojen tai haasteiden tunnistamiseksi.<\/li>\n<li>Varmista, ett\u00e4 alusta on vakaa ja kest\u00e4\u00e4 nosturin painon ja nostokyvyn.<\/li>\n<\/ul>\n<ol start=\"2\">\n<li><strong>Tutustu ohjauslaitteisiin:<\/strong><\/li>\n<\/ol>\n<ul>\n<li>Ymm\u00e4rr\u00e4 mobiilinosturimallisi erityiset ohjausmekanismit ja k\u00e4ytt\u00f6tavat.<\/li>\n<li>Tunnista tukijalkojen ojentamiseen ja sis\u00e4\u00e4nvet\u00e4miseen vastaavat hallintalaitteet.<\/li>\n<\/ul>\n<ol start=\"3\">\n<li><strong>Tukijalkojen pident\u00e4minen:<\/strong><\/li>\n<\/ol>\n<ul>\n<li>Aktivoi ohjain pident\u00e4\u00e4ksesi mobiilinosturin tukijalkasylinteri\u00e4, jolloin tukijalat saavuttavat ojennettun asennon.<\/li>\n<li>Tarkkaile tukijalkojen asentoa ja varmista, ett\u00e4 ne ovat oikein kohdistettuja ja lukittuneita paikoilleen.<\/li>\n<\/ul>\n<ol start=\"4\">\n<li><strong>Tukijalkojen sis\u00e4\u00e4nvet\u00e4minen:<\/strong><\/li>\n<\/ol>\n<ul>\n<li>Kun nosto on valmis, aktivoi ohjain vet\u00e4\u00e4ksesi tukijalkapalkit sis\u00e4\u00e4n.<\/li>\n<li>Varmista, ett\u00e4 tukijalat vet\u00e4ytyv\u00e4t sis\u00e4\u00e4n sujuvasti ja tasaisesti ja ovat linjassa nosturin rungon kanssa turvallisen kuljetuksen varmistamiseksi.<\/li>\n<\/ul>\n<h2><strong>Kuinka ilmata traktorin hydrauliikkaj\u00e4rjestelm\u00e4?<\/strong><\/h2>\n<p>Traktorin hydraulij\u00e4rjestelm\u00e4n ilmaaminen on ratkaisevan t\u00e4rke\u00e4\u00e4 optimaalisen suorituskyvyn yll\u00e4pit\u00e4miseksi ja sellaisten ongelmien kuin heikentyneen reagointikyvyn ja ep\u00e4tasaisen k\u00e4ytt\u00e4ytymisen est\u00e4miseksi. T\u00e4ss\u00e4 on vaiheittainen opas traktorin hydraulij\u00e4rjestelm\u00e4n ilmaamiseen:<\/p>\n<ol>\n<li><strong>Tunnista vuotokohdat:<\/strong>\n<ul>\n<li>M\u00e4\u00e4rit\u00e4 hydraulij\u00e4rjestelm\u00e4n kohdat, joihin ilmaa voi kerty\u00e4. Yleisi\u00e4 ilmauskohtia ovat ilmausventtiilit, ilmausruuvit tai irrotettavilla korkeilla varustetut liittimet.<\/li>\n<li>Katso tarkempia tietoja ilmauskohdista traktorin k\u00e4ytt\u00f6ohjeesta tai valmistajan ohjeista.<\/li>\n<\/ul>\n<\/li>\n<li><strong>Valmistele j\u00e4rjestelm\u00e4:<\/strong>\n<ul>\n<li>Varmista, ett\u00e4 traktori on sammutettu ja hydraulipaine on vapautettu kokonaan.<\/li>\n<li>Paikanna hydraulinestes\u00e4ili\u00f6 ja tarkista nesteen taso. Pid\u00e4 nesteen taso suositellulla alueella.<\/li>\n<\/ul>\n<\/li>\n<li><strong>Aloita alimmasta kohdasta:<\/strong>\n<ul>\n<li>Aloita ilmaus hydraulij\u00e4rjestelm\u00e4n alimmasta kohdasta, johon ilmaa voi kerty\u00e4.<\/li>\n<li>L\u00f6ys\u00e4\u00e4 ilmausventtiili\u00e4 tai irrota liittimen korkki paljastaaksesi ilmausruuvin.<\/li>\n<\/ul>\n<\/li>\n<li><strong>Avaa leikkausvara:<\/strong>\n<ul>\n<li>K\u00e4yt\u00e4 sopivaa ty\u00f6kalua, kuten jakoavainta tai ruuvimeisseli\u00e4, avataksesi ilmausventtiilin hitaasti tai l\u00f6ys\u00e4t\u00e4ksesi ilmausruuvia.<\/li>\n<li>Varo irrottamasta venttiili\u00e4 tai ruuvia kokonaan, sill\u00e4 se voi aiheuttaa nestevuotoa.<\/li>\n<\/ul>\n<\/li>\n<li><strong>Puhdista ilma:<\/strong>\n<ul>\n<li>Kun vuotokohta avataan, hydraulinesteen mukana voi alkaa tulla ilmakuplia.<\/li>\n<li>Anna ilman poistua j\u00e4rjestelm\u00e4st\u00e4, kunnes nestett\u00e4 virtaa tasaisesti ilman ilmakuplia.<\/li>\n<li>Pid\u00e4 s\u00e4ili\u00f6 tai imukykyinen materiaali valmiina ker\u00e4\u00e4m\u00e4\u00e4n kaikki nesteet, jotka saattavat l\u00e4ikky\u00e4 t\u00e4m\u00e4n prosessin aikana.<\/li>\n<\/ul>\n<\/li>\n<li><strong>Sulje leikkauskohta:<\/strong>\n<ul>\n<li>Kun ilma on poistettu, sulje ilmausventtiili tai kirist\u00e4 ilmausruuvi tiukasti.<\/li>\n<li>Varmista, ett\u00e4 venttiili tai ruuvi on tiivistetty kunnolla, jotta ilmaa ei p\u00e4\u00e4se sis\u00e4\u00e4n lis\u00e4\u00e4.<\/li>\n<\/ul>\n<\/li>\n<li><strong>Siirry seuraavaan leikkauspisteeseen:<\/strong>\n<ul>\n<li>Siirry j\u00e4rjestelm\u00e4n seuraavaan korkeimpaan kohtaan, johon ilmaa voi kerty\u00e4, ja toista vaiheet 4\u20136.<\/li>\n<li>Jatka j\u00e4rjestelm\u00e4n ilmaamista jokaisesta tunnistetusta vuotokohdasta yl\u00f6sp\u00e4in korkeimpaan kohtaan.<\/li>\n<\/ul>\n<\/li>\n<li><strong>Tarkista nestetaso:<\/strong>\n<ul>\n<li>Seuraa s\u00e4ili\u00f6n nestetasoa koko ilmausprosessin ajan ja lis\u00e4\u00e4 tarvittaessa.<\/li>\n<li>K\u00e4yt\u00e4 traktorin k\u00e4ytt\u00f6ohjeessa tai valmistajan suosittelemaa hydrauliikka\u00f6ljy\u00e4.<\/li>\n<\/ul>\n<\/li>\n<li><strong>Testaa ja varmista:<\/strong>\n<ul>\n<li>Kun kaikki tunnistetut kohdat on ilmattu, k\u00e4ynnist\u00e4 traktori ja k\u00e4yt\u00e4 hydraulij\u00e4rjestelm\u00e4\u00e4 varmistaaksesi sen moitteettoman toiminnan.<\/li>\n<li>Tarkista, n\u00e4kyyk\u00f6 merkkej\u00e4 sienim\u00e4isest\u00e4 reaktiosta, ep\u00e4normaaleista \u00e4\u00e4nist\u00e4 tai ep\u00e4tavallisesta k\u00e4ytt\u00e4ytymisest\u00e4.<\/li>\n<li>Jos ongelmat jatkuvat, toista ilmausprosessi tai ota yhteytt\u00e4 p\u00e4tev\u00e4\u00e4n teknikkoon saadaksesi lis\u00e4apua.<\/li>\n<\/ul>\n<\/li>\n<\/ol>\n<h2><strong>Tehtaan kapasiteetti ja kapasiteetti:<\/strong><\/h2>\n<h3>(1) Kokoonpano<\/h3>\n<p>Meill\u00e4 on ensiluokkainen riippumaton tutkimus- ja kehitysty\u00f6n kokoonpanoalusta. Hydraulisylinterien tuotantopajassa on nelj\u00e4 puoliautomaattista nostosylinterin kokoonpanolinjaa ja yksi automaattinen kallistussylinterin kokoonpanolinja, joiden suunniteltu vuotuinen tuotantokapasiteetti on 1 miljoona kappaletta. Erikoissylinterin ty\u00f6paja on varustettu erilaisilla eritelmill\u00e4 puoliautomaattisen puhdistusasennuksen kokoonpanoj\u00e4rjestelm\u00e4ll\u00e4, jonka suunniteltu vuotuinen tuotantokapasiteetti on 200 000, ja se on varustettu kuuluisilla CNC-ty\u00f6st\u00f6laitteilla, ty\u00f6st\u00f6keskuksella, korkean tarkkuuden sylinterin k\u00e4sittelyyn tarkoitetuilla erityislaitteilla, robottihitsauskoneella, automaattisella puhdistuslaitteella, automaattisella sylinterin kokoonpanokoneella ja automaattisella maalaustuotantolinjalla. Olemassa olevat kriittiset laitteet yli 300 sarjaa (sarjaa). Laiteresurssien optimaalinen kohdentaminen ja tehokas k\u00e4ytt\u00f6 varmistavat tuotteiden tarkkuusvaatimukset ja t\u00e4ytt\u00e4v\u00e4t tuotteiden laatuvaatimukset.<\/p>\n<p><img loading=\"lazy\" decoding=\"async\" class=\"alignnone wp-image-626\" src=\"https:\/\/hydraulic-cylinders.net\/wp-content\/uploads\/2023\/08\/hydraulic-cylinder-product-1-300x158.webp\" alt=\"\" width=\"495\" height=\"260\" srcset=\"https:\/\/hydraulic-cylinders.net\/wp-content\/uploads\/2023\/08\/hydraulic-cylinder-product-1-300x158.webp 495w, https:\/\/hydraulic-cylinders.net\/wp-content\/uploads\/2023\/08\/hydraulic-cylinder-product-1-480x252.webp 480w\" sizes=\"(min-width: 0px) and (max-width: 480px) 480px, (min-width: 481px) 495px, 100vw\" \/> <img loading=\"lazy\" decoding=\"async\" class=\"alignnone wp-image-627\" src=\"https:\/\/hydraulic-cylinders.net\/wp-content\/uploads\/2023\/08\/hydraulic-cylinder-product-2-300x189.webp\" alt=\"\" width=\"413\" height=\"260\" \/><\/p>\n<h3>(2) Koneistus<\/h3>\n<p>Ty\u00f6st\u00f6paja on varustettu r\u00e4\u00e4t\u00e4l\u00f6idyll\u00e4 kaltevalla kiskosorvauskeskuksella, ty\u00f6st\u00f6keskuksella, suurnopeus-hiontakoneella, hitsausrobotilla ja muilla vastaavilla laitteilla, joilla voidaan k\u00e4sitell\u00e4 sylinteriputkia, joiden sis\u00e4halkaisija on enint\u00e4\u00e4n 400 mm ja enimm\u00e4ispituus on 6 metri\u00e4.<\/p>\n<p><img loading=\"lazy\" decoding=\"async\" class=\"alignnone wp-image-628 size-large\" src=\"https:\/\/hydraulic-cylinders.net\/wp-content\/uploads\/2023\/08\/hydraulic-cylinder-product-3-1024x391.webp\" alt=\"\" width=\"1024\" height=\"391\" srcset=\"https:\/\/hydraulic-cylinders.net\/wp-content\/uploads\/2023\/08\/hydraulic-cylinder-product-3-980x374.webp 980w, https:\/\/hydraulic-cylinders.net\/wp-content\/uploads\/2023\/08\/hydraulic-cylinder-product-3-480x183.webp 480w\" sizes=\"(min-width: 0px) and (max-width: 480px) 480px, (min-width: 481px) and (max-width: 980px) 980px, (min-width: 981px) 1024px, 100vw\" \/><\/p>\n<h3>(3) Hitsaus<\/h3>\n<p><img loading=\"lazy\" decoding=\"async\" class=\"alignnone wp-image-629 size-large\" src=\"https:\/\/hydraulic-cylinders.net\/wp-content\/uploads\/2023\/08\/hydraulic-cylinder-product-4-1024x510.webp\" alt=\"\" width=\"1024\" height=\"510\" srcset=\"https:\/\/hydraulic-cylinders.net\/wp-content\/uploads\/2023\/08\/hydraulic-cylinder-product-4-980x488.webp 980w, https:\/\/hydraulic-cylinders.net\/wp-content\/uploads\/2023\/08\/hydraulic-cylinder-product-4-480x239.webp 480w\" sizes=\"(min-width: 0px) and (max-width: 480px) 480px, (min-width: 481px) and (max-width: 980px) 980px, (min-width: 981px) 1024px, 100vw\" \/><\/p>\n<h3>(4) Maalaus ja pinnoitus<\/h3>\n<p>Pienill\u00e4 ja keskisuurilla sylinterin automaattisilla vesipohjaisilla maalipinnoituslinjoilla automaattisen robotin lastaus- ja purku- ja automaattisen ruiskutuksen saavuttamiseksi, suunnittelukapasiteetti on 4000 kappaletta vuorossa;<br \/>\nMeill\u00e4 on my\u00f6s puoliautomaattinen maalauslinja suurille sylintereille, joka toimii voimaketjulla ja jonka suunnittelukapasiteetti on 60 laatikkoa ty\u00f6vuorossa.<\/p>\n<p><img loading=\"lazy\" decoding=\"async\" class=\"alignnone wp-image-630\" src=\"https:\/\/hydraulic-cylinders.net\/wp-content\/uploads\/2023\/08\/hydraulic-cylinder-product-5-300x213.webp\" alt=\"\" width=\"366\" height=\"260\" \/> <img loading=\"lazy\" decoding=\"async\" class=\"alignnone wp-image-631\" src=\"https:\/\/hydraulic-cylinders.net\/wp-content\/uploads\/2023\/08\/hydraulic-cylinder-product-6-300x225.webp\" alt=\"\" width=\"347\" height=\"260\" \/><\/p>\n<h3>(5) Testaus<\/h3>\n<p>Meill\u00e4 on ensiluokkaiset tarkastustilat ja testialustat, joilla varmistetaan, ett\u00e4 sylinterin suorituskyky t\u00e4ytt\u00e4\u00e4 vaatimukset.<\/p>\n<p><img loading=\"lazy\" decoding=\"async\" class=\"alignnone wp-image-632\" src=\"https:\/\/hydraulic-cylinders.net\/wp-content\/uploads\/2023\/08\/hydraulic-cylinder-product-8-300x200.webp\" alt=\"\" width=\"389\" height=\"260\" \/><\/p>\n<p>&nbsp;<\/p>\n<p>&nbsp;<\/p>\n<p>Olemme yksi parhaista hydraulisylintereiden valmistajista. Voimme tarjota kattavia hydraulisylintereit\u00e4. Tarjoamme my\u00f6s vastaavia <a href=\"https:\/\/hzpt.com\/agricultural-pto-gearbox\/\" target=\"_blank\" rel=\"noopener\">maatalousvaihteistot<\/a>Olemme vieneet tuotteitamme asiakkaille maailmanlaajuisesti ja ansainneet hyv\u00e4n maineen erinomaisen tuotelaadun ja huoltopalvelumme ansiosta. Toivotamme tervetulleeksi asiakkaat kotimaassa ja ulkomailla ottamaan meihin yhteytt\u00e4 neuvotellakseen liiketoimista, vaihtaakseen tietoja ja <a href=\"https:\/\/www.hydraulic-cylinders.net\/fi\/contact-us\/\">tehd\u00e4 yhteisty\u00f6t\u00e4 kanssamme<\/a>!<\/p>","protected":false},"excerpt":{"rendered":"<p>Mobile Crane Outrigger Cylinder The mobile crane outrigger cylinder is a critical component in mobile crane systems, designed to provide stability and safety during lifting operations. This hydraulic cylinder is specifically engineered to extend and retract the outrigger beams of the crane, ensuring a solid foundation and preventing tipping or instability. The mobile crane outrigger [&hellip;]<\/p>","protected":false},"featured_media":1561,"comment_status":"open","ping_status":"closed","template":"","meta":{"_et_pb_use_builder":"","_et_pb_old_content":"","_et_gb_content_width":""},"product_brand":[],"product_cat":[1514,1549],"product_tag":[1380],"class_list":{"0":"post-1555","1":"product","2":"type-product","3":"status-publish","4":"has-post-thumbnail","6":"product_cat-mobile-crane-hydraulic-cylinders","7":"product_cat-single-acting-hydraulic-cylinder","8":"product_tag-hydraulic-cylinder","10":"first","11":"instock","12":"shipping-taxable","13":"product-type-simple"},"amp_enabled":true,"_links":{"self":[{"href":"https:\/\/www.hydraulic-cylinders.net\/fi\/wp-json\/wp\/v2\/product\/1555","targetHints":{"allow":["GET"]}}],"collection":[{"href":"https:\/\/www.hydraulic-cylinders.net\/fi\/wp-json\/wp\/v2\/product"}],"about":[{"href":"https:\/\/www.hydraulic-cylinders.net\/fi\/wp-json\/wp\/v2\/types\/product"}],"replies":[{"embeddable":true,"href":"https:\/\/www.hydraulic-cylinders.net\/fi\/wp-json\/wp\/v2\/comments?post=1555"}],"wp:featuredmedia":[{"embeddable":true,"href":"https:\/\/www.hydraulic-cylinders.net\/fi\/wp-json\/wp\/v2\/media\/1561"}],"wp:attachment":[{"href":"https:\/\/www.hydraulic-cylinders.net\/fi\/wp-json\/wp\/v2\/media?parent=1555"}],"wp:term":[{"taxonomy":"product_brand","embeddable":true,"href":"https:\/\/www.hydraulic-cylinders.net\/fi\/wp-json\/wp\/v2\/product_brand?post=1555"},{"taxonomy":"product_cat","embeddable":true,"href":"https:\/\/www.hydraulic-cylinders.net\/fi\/wp-json\/wp\/v2\/product_cat?post=1555"},{"taxonomy":"product_tag","embeddable":true,"href":"https:\/\/www.hydraulic-cylinders.net\/fi\/wp-json\/wp\/v2\/product_tag?post=1555"}],"curies":[{"name":"wp","href":"https:\/\/api.w.org\/{rel}","templated":true}]}}