{"id":15560,"date":"2025-01-19T14:41:05","date_gmt":"2025-01-19T14:41:05","guid":{"rendered":"https:\/\/www.hydraulic-cylinders.net\/product\/bucket-cylinder-for-lovol-middle-excavator-fr225\/"},"modified":"2025-01-19T14:41:07","modified_gmt":"2025-01-19T14:41:07","slug":"bucket-cylinder-for-lovol-middle-excavator-fr225","status":"publish","type":"product","link":"https:\/\/www.hydraulic-cylinders.net\/fi\/tuote\/bucket-cylinder-for-lovol-middle-excavator-fr225\/","title":{"rendered":"Kauhan sylinteri Lovol Middle -kaivukoneelle FR225"},"content":{"rendered":"<h1>Kauhan sylinteri Lovol Middle -kaivukoneelle FR225<\/h1>\n<h2>Johdanto<\/h2>\n<p>Lovol FR225 -keskikaivukoneen kauhan sylinteri on erikoishydraulinen sylinteri, joka on suunniteltu ohjaamaan kauhan liikett\u00e4 raskaissa koneissa, kuten kaivinkoneissa, traktorikaivureissa ja etukuormaajissa. Sen ensisijainen teht\u00e4v\u00e4 on mahdollistaa kauhan nostaminen, laskeminen ja kallistaminen, mik\u00e4 helpottaa erilaisten materiaalink\u00e4sittelyteht\u00e4vien k\u00e4sittely\u00e4. Hydraulij\u00e4rjestelm\u00e4ss\u00e4 kauhan sylinteri saavuttaa tarkan kauhan liikkeiden hallinnan hydrauli\u00f6ljyn paineen muutosten avulla, mink\u00e4 ansiosta k\u00e4ytt\u00e4j\u00e4t voivat k\u00e4sitell\u00e4 raskaita kuormia tehokkaasti ja sopeutua monimutkaisiin ty\u00f6ymp\u00e4rist\u00f6ihin ja erilaisiin ty\u00f6vaatimuksiin.<\/p>\n<p><img decoding=\"async\" src=\"https:\/\/www.hydraulic-cylinders.net\/wp-content\/uploads\/2025\/01\/songte-company-2.webp\" alt=\"Kauhan sylinteri\"><\/p>\n<h2>Ominaisuudet<\/h2>\n<ul>\n<li>Suuri lujuus ja kest\u00e4vyys: tyypillisesti valmistettu eritt\u00e4in lujasta ter\u00e4ksest\u00e4 tai alumiinista, kest\u00e4\u00e4 korkeaa painetta ja raskaita kuormia, soveltuu vaativiin ty\u00f6ymp\u00e4rist\u00f6ihin, on suunniteltu kulutusta ja korroosiota kest\u00e4v\u00e4ksi k\u00e4ytt\u00f6i\u00e4n pident\u00e4miseksi.<\/li>\n<li>Tehokas hydraulinen toiminta: k\u00e4ytt\u00e4\u00e4 hydrauli\u00f6ljynpainetta tasaiseen ulos- ja sis\u00e4\u00e4nvetoon, reagoi nopeasti ohjauskomentoihin, tarjoaa tehokkaan ty\u00f6nt\u00f6- ja vetovoiman, sopii raskaiden kuormien k\u00e4sittelyyn ja monimutkaisiin ty\u00f6teht\u00e4viin.<\/li>\n<li>Erilaisia \u200b\u200btyyppej\u00e4: voi valita yksitoimisten (k\u00e4ytt\u00e4\u00e4 hydrauliikka\u00f6ljy\u00e4 yhteen suuntaan) tai kaksitoimisten (k\u00e4ytt\u00e4\u00e4 hydrauliikka\u00f6ljy\u00e4 molempiin suuntiin) sylinterien v\u00e4lill\u00e4 tarpeiden mukaan erilaisten k\u00e4ytt\u00f6vaatimusten t\u00e4ytt\u00e4miseksi. Jotkut mallit ovat teleskooppisia, mik\u00e4 mahdollistaa suuremman jatkeen ilman ulkomittojen kasvua, joten ne sopivat rajoitettuihin tiloihin.<\/li>\n<\/ul>\n<p>Voimme valmistaa t\u00e4t\u00e4 tuotetta, ja tuotteemme voivat t\u00e4ydellisesti korvata n\u00e4m\u00e4 hydraulisylinterit.<\/p>\n<p><img decoding=\"async\" src=\"https:\/\/www.hydraulic-cylinders.net\/wp-content\/uploads\/2025\/01\/songte-cylinder-head-with-all-kinds-excavator-models.webp\" alt=\"Sylinterikansi\"><\/p>\n<h2>Sovellukset<\/h2>\n<h3>Rakennuslaitteet<\/h3>\n<p>Kaivinkoneissa ne ovat v\u00e4ltt\u00e4m\u00e4tt\u00f6mi\u00e4 kaivamiseen, lastaamiseen ja maaper\u00e4n tai roskien siirt\u00e4miseen. Kaivinkoneissa kauhan sylinterit auttavat sek\u00e4 kaivamisessa ett\u00e4 nostamisessa. Etukuormaajissa ne auttavat tavaroiden tehokkaassa nostamisessa ja tyhjent\u00e4misess\u00e4.<\/p>\n<h3>Maatalouskoneet<\/h3>\n<p>K\u00e4ytet\u00e4\u00e4n etukuormaajissa maan, hein\u00e4n ja muiden materiaalien kauhaukseen, nostamiseen ja kuljettamiseen. Kaivinkoneissa kauhan sylinterit mahdollistavat kaivamisen antamalla kauhan tunkeutua maaper\u00e4\u00e4n.<\/p>\n<h3>Teollisuuskoneet<\/h3>\n<p>Kauhasylintereit\u00e4 k\u00e4ytet\u00e4\u00e4n useissa teollisuuskoneissa, kuten nostureissa, trukeissa ja materiaalink\u00e4sittelylaitteissa.<\/p>\n<h2>Suunnittelun\u00e4k\u00f6kohdat ja valintakriteerit<\/h2>\n<h3>Kantavuus<\/h3>\n<p>Kauhasylinterin kantavuus on olennainen osa sen suunnittelua. Sen on kestett\u00e4v\u00e4 k\u00e4sitelt\u00e4v\u00e4n materiaalin kuormitus ja toimittava luotettavasti ankarissa olosuhteissa.<\/p>\n<h3>Tiivistys<\/h3>\n<p>Tehokas tiivistys on v\u00e4ltt\u00e4m\u00e4t\u00f6nt\u00e4 hydrauliikka\u00f6ljyn vuotojen est\u00e4miseksi ja sujuvan toiminnan varmistamiseksi.<\/p>\n<h3>Kest\u00e4vyys<\/h3>\n<p>Kauhasylinterin on oltava riitt\u00e4v\u00e4n kest\u00e4v\u00e4 kest\u00e4m\u00e4\u00e4n kovaa k\u00e4ytt\u00f6\u00e4 ja vastustamaan kulumista ja korroosiota k\u00e4ytt\u00f6ik\u00e4ns\u00e4 pident\u00e4miseksi.<\/p>\n<h3>Turvallisuus<\/h3>\n<p>Turvallisuus on ratkaisevan t\u00e4rke\u00e4 n\u00e4k\u00f6kohta hydraulisylintereiden suunnittelussa. Ne tulisi suunnitella siten, ett\u00e4 ne est\u00e4v\u00e4t onnettomuuksia k\u00e4yt\u00f6n aikana.<\/p>\n<h3>Huolto<\/h3>\n<p>S\u00e4\u00e4nn\u00f6llinen huolto on v\u00e4ltt\u00e4m\u00e4t\u00f6nt\u00e4 kauhan sylinterin luotettavan ja turvallisen toiminnan varmistamiseksi. Huollon tulisi sis\u00e4lt\u00e4\u00e4 liikkuvien osien s\u00e4\u00e4nn\u00f6lliset tarkastukset ja voitelu, kuluneiden tai vaurioituneiden tiivisteiden vaihto sek\u00e4 kalibrointitarkastukset.<\/p>\n<p><img decoding=\"async\" src=\"https:\/\/www.hydraulic-cylinders.net\/wp-content\/uploads\/2025\/01\/songte-oil-pipes-and-spare-parts.webp\" alt=\"\u00d6ljyputket ja varaosat\"><\/p>\n<h2>Tiivistys ja voitelu<\/h2>\n<p>Kauhasylinteriss\u00e4 k\u00e4ytet\u00e4\u00e4n erilaisia \u200b\u200btiivisteit\u00e4, kuten m\u00e4nn\u00e4ntiivisteit\u00e4 ja varren tiivisteit\u00e4, jotka on valmistettu kulutusta kest\u00e4vist\u00e4 materiaaleista, kuten polyuretaanista ja nitriilikumista. Sylinterin runko ja kierteiden p\u00e4\u00e4typinnat k\u00e4sitell\u00e4\u00e4n huolellisesti kulutuskest\u00e4vyyden parantamiseksi. S\u00e4\u00e4nn\u00f6llinen voitelu sopivalla m\u00e4\u00e4r\u00e4ll\u00e4 hydrauli\u00f6ljy\u00e4 on v\u00e4ltt\u00e4m\u00e4t\u00f6nt\u00e4 sujuvan toiminnan varmistamiseksi ja kulumisen ja korroosion est\u00e4miseksi.<\/p>\n<h2>Huolto ja korjaus<\/h2>\n<p>S\u00e4\u00e4nn\u00f6llinen huolto on ratkaisevan t\u00e4rke\u00e4\u00e4 kauhasylinterin luotettavan ja turvallisen toiminnan varmistamiseksi. Huoltoteht\u00e4viin kuuluvat s\u00e4\u00e4nn\u00f6lliset tarkastukset, voitelu, kuluneiden tai vaurioituneiden tiivisteiden vaihto ja kalibrointitarkastukset. On t\u00e4rke\u00e4\u00e4 asentaa sylinteri oikein ja kohdistaa se oikein. Asianmukaisten asennuskiinnikkeiden k\u00e4ytt\u00f6\u00e4 suositellaan sylinterin kiinnitt\u00e4miseksi paikalleen. Suosittelemme my\u00f6s noudattamaan suositeltuja tarkastus-, korjaus- ja vaihtomenettelyj\u00e4 sek\u00e4 tarjoamaan osien vaihto- ja korjauspalveluita kauhasylinterin k\u00e4ytt\u00f6i\u00e4n pident\u00e4miseksi.<\/p>\n<p><img decoding=\"async\" src=\"https:\/\/www.hydraulic-cylinders.net\/wp-content\/uploads\/2025\/01\/songte-chushion-collar.webp\" alt=\"Chushion-kaulus\"><\/p>\n<h2>Turvallisuus- ja ymp\u00e4rist\u00f6n\u00e4k\u00f6kohdat<\/h2>\n<p>Kauhasylintereit\u00e4 k\u00e4ytett\u00e4ess\u00e4 on eritt\u00e4in t\u00e4rke\u00e4\u00e4 noudattaa turvallisuusohjeita onnettomuuksien v\u00e4ltt\u00e4miseksi ja k\u00e4ytt\u00e4j\u00e4n turvallisuuden varmistamiseksi. Suosittelemme my\u00f6s ymp\u00e4rist\u00f6ohjeiden noudattamista k\u00e4ytetyn hydrauliikka\u00f6ljyn ja muiden j\u00e4temateriaalien h\u00e4vitt\u00e4misess\u00e4.<\/p>\n<h2>Vianm\u00e4\u00e4ritys ja vianm\u00e4\u00e4ritys<\/h2>\n<p>Kauhasylintereiden yleisi\u00e4 ongelmia ovat \u00f6ljyvuoto, riitt\u00e4m\u00e4t\u00f6n paine ja ep\u00e4s\u00e4\u00e4nn\u00f6lliset liikkeet. Vianm\u00e4\u00e4ritys vaatii huolellista tarkastusta ja testausta ongelman perimm\u00e4isen syyn selvitt\u00e4miseksi. Suosittelemme ongelmien korjaamista viipym\u00e4tt\u00e4, jotta sylinterille ja muille koneen osille ei aiheudu lis\u00e4vaurioita.<\/p>\n<h2>Yrityksen esittely<\/h2>\n<p>Olemme korvaavien hydraulisylinterien valmistaja ja tarjoamme kattavan tuotevalikoiman. Olemme yksi johtavista hydraulisylinterien valmistajista ja tukkumyyjist\u00e4 kotimaisilla ja kansainv\u00e4lisill\u00e4 markkinoilla. Noudatamme erinomaisen laadun periaatetta, luotamme tarkkuusvalmistuspajojen teollistuneeseen tuotannonohjausstrategiaan, parannamme jatkuvasti pajojen valmistusalustaa, hiomme tuotteiden laatua ja meill\u00e4 on vahva luovuus vastataksemme asiakkaiden monipuolisiin tarpeisiin korkealla tehokkuudella, tarkkuudella ja laadulla.<\/p>\n<p><img decoding=\"async\" src=\"https:\/\/hzpt.com\/wp-content\/uploads\/2024\/11\/songte-company-1.webp\" alt=\"Yritys\"><\/p>\n<h3>Ammattimaisuus<\/h3>\n<p>Meill\u00e4 on kokeneiden ammattilaisten tiimi, jolla on asiantuntemusta hydraulisylintereiden suunnittelusta, valmistuksesta ja testauksesta.<\/p>\n<h3>Kansainv\u00e4linen sertifiointi<\/h3>\n<p>Tuotteemme ovat l\u00e4p\u00e4isseet kansainv\u00e4liset sertifikaatit, kuten CE ja ISO 9001, mik\u00e4 varmistaa, ett\u00e4 ne t\u00e4ytt\u00e4v\u00e4t kansainv\u00e4liset laatustandardit.<\/p>\n<h3>R\u00e4\u00e4t\u00e4l\u00f6intipalvelut<\/h3>\n<p>Tarjoamme r\u00e4\u00e4t\u00e4l\u00f6intipalveluita asiakkaidemme erityistarpeisiin.<\/p>\n<h3>Tuotantolaitteet<\/h3>\n<p>K\u00e4yt\u00e4mme edistyneit\u00e4 tuotantolaitteita, kuten CNC-koneita ja tarkkuustestauslaitteita, varmistaaksemme tuotteidemme tarkkuuden ja laadun.<\/p>\n<h3>Myynnin j\u00e4lkeinen palvelu<\/h3>\n<p>Tarjoamme kattavaa huoltopalvelua, joka sis\u00e4lt\u00e4\u00e4 asennusopastusta, huoltokoulutusta sek\u00e4 vaihto- ja korjauspalveluita.<\/p>\n<p>Kirjoittaja: lyl.<\/p>","protected":false},"excerpt":{"rendered":"<p>Bucket Cylinder For Lovol Middle Excavator FR225 Introduction The bucket cylinder for Lovol middle excavator FR225 is a specialized hydraulic cylinder designed for controlling the movement of the bucket in heavy machinery such as excavators, backhoe excavators, and front-end loaders. Its primary function is to enable the bucket to lift, lower, and tilt, making it [&hellip;]<\/p>","protected":false},"featured_media":14776,"comment_status":"open","ping_status":"closed","template":"","meta":{"_et_pb_use_builder":"","_et_pb_old_content":"","_et_gb_content_width":""},"product_brand":[],"product_cat":[1494],"product_tag":[1495,1496],"class_list":{"0":"post-15560","1":"product","2":"type-product","3":"status-publish","4":"has-post-thumbnail","6":"product_cat-bucket-cylinders","7":"product_tag-bucket-cylinders","8":"product_tag-hydraulic-cylinders","10":"first","11":"instock","12":"shipping-taxable","13":"product-type-simple"},"amp_enabled":true,"_links":{"self":[{"href":"https:\/\/www.hydraulic-cylinders.net\/fi\/wp-json\/wp\/v2\/product\/15560","targetHints":{"allow":["GET"]}}],"collection":[{"href":"https:\/\/www.hydraulic-cylinders.net\/fi\/wp-json\/wp\/v2\/product"}],"about":[{"href":"https:\/\/www.hydraulic-cylinders.net\/fi\/wp-json\/wp\/v2\/types\/product"}],"replies":[{"embeddable":true,"href":"https:\/\/www.hydraulic-cylinders.net\/fi\/wp-json\/wp\/v2\/comments?post=15560"}],"wp:featuredmedia":[{"embeddable":true,"href":"https:\/\/www.hydraulic-cylinders.net\/fi\/wp-json\/wp\/v2\/media\/14776"}],"wp:attachment":[{"href":"https:\/\/www.hydraulic-cylinders.net\/fi\/wp-json\/wp\/v2\/media?parent=15560"}],"wp:term":[{"taxonomy":"product_brand","embeddable":true,"href":"https:\/\/www.hydraulic-cylinders.net\/fi\/wp-json\/wp\/v2\/product_brand?post=15560"},{"taxonomy":"product_cat","embeddable":true,"href":"https:\/\/www.hydraulic-cylinders.net\/fi\/wp-json\/wp\/v2\/product_cat?post=15560"},{"taxonomy":"product_tag","embeddable":true,"href":"https:\/\/www.hydraulic-cylinders.net\/fi\/wp-json\/wp\/v2\/product_tag?post=15560"}],"curies":[{"name":"wp","href":"https:\/\/api.w.org\/{rel}","templated":true}]}}