{"id":15594,"date":"2025-01-19T14:43:33","date_gmt":"2025-01-19T14:43:33","guid":{"rendered":"https:\/\/www.hydraulic-cylinders.net\/product\/bucket-cylinder-for-xgma-middle-excavator-xg820\/"},"modified":"2025-01-19T14:43:35","modified_gmt":"2025-01-19T14:43:35","slug":"bucket-cylinder-for-xgma-middle-excavator-xg820","status":"publish","type":"product","link":"https:\/\/www.hydraulic-cylinders.net\/fi\/tuote\/bucket-cylinder-for-xgma-middle-excavator-xg820\/","title":{"rendered":"Kauhan sylinteri XGMA-kaivinkoneelle XG820"},"content":{"rendered":"<h1>Kauhan sylinteri XGMA-kaivinkoneelle XG820<\/h1>\n<h2>Tuotteen esittely<\/h2>\n<p>Kauhasylinteri on erityisesti suunniteltu hydraulisylinteri, jota k\u00e4ytet\u00e4\u00e4n kauhan liikkeen ohjaamiseen raskaissa koneissa, kuten kaivinkoneissa, kaivurikuormaajissa ja etukuormaajissa. Sen p\u00e4\u00e4teht\u00e4v\u00e4n\u00e4 on mahdollistaa kauhan nostaminen, laskeminen ja kallistaminen, mik\u00e4 helpottaa erilaisten materiaalink\u00e4sittelyteht\u00e4vien k\u00e4sittely\u00e4. Hydraulij\u00e4rjestelm\u00e4ss\u00e4 kauhasylinteri saavuttaa tarkan kauhan hallinnan hydrauli\u00f6ljyn paineen muutosten avulla, mink\u00e4 ansiosta k\u00e4ytt\u00e4j\u00e4t voivat k\u00e4sitell\u00e4 raskaita esineit\u00e4 tehokkaasti ja sopeutua monimutkaisiin ty\u00f6ymp\u00e4rist\u00f6ihin ja erilaisiin ty\u00f6vaatimuksiin. <\/p>\n<p><img decoding=\"async\" src=\"https:\/\/www.hydraulic-cylinders.net\/wp-content\/uploads\/2025\/01\/songte-company-2.webp\" alt=\"Kauhan sylinterin kuva\"><\/p>\n<h2>Tuotteen ominaisuudet<\/h2>\n<ul>\n<li>Suuri lujuus ja kest\u00e4vyys: Tyypillisesti eritt\u00e4in lujasta ter\u00e4ksest\u00e4 tai alumiinista valmistettu tuote kest\u00e4\u00e4 korkeaa painetta ja raskaita kuormia, sopeutuu vaativiin ty\u00f6ymp\u00e4rist\u00f6ihin ja on suunniteltu kulutus- ja korroosionkest\u00e4vyydeksi k\u00e4ytt\u00f6i\u00e4n pident\u00e4miseksi.<\/li>\n<li>Tehokas hydraulinen toiminta: Hydrauli\u00f6ljyn paineen avulla saavutetaan tasainen laajeneminen ja supistuminen, reagoidaan nopeasti ohjauskomentoihin, tarjotaan tehokkaita ty\u00f6nt\u00f6- ja vetovoimia, ja se soveltuu raskaiden esineiden k\u00e4sittelyyn ja monimutkaisiin ty\u00f6teht\u00e4viin.<\/li>\n<li>Erilaisia \u200b\u200btyyppej\u00e4: Yksitoimisia (hydraulisesti vain yhteen suuntaan) tai kaksitoimisia (hydraulisesti molempiin suuntiin) sylintereit\u00e4 voidaan valita tarpeiden mukaan erilaisten k\u00e4ytt\u00f6vaatimusten t\u00e4ytt\u00e4miseksi. Jotkut mallit ovat teleskooppisia, mik\u00e4 mahdollistaa suuremman jatkeen ilman ulkomittojen kasvua, joten ne sopivat rajoitettuihin tiloihin.<\/li>\n<li>Helppo asentaa: Tuotteemme voi t\u00e4ydellisesti korvata n\u00e4m\u00e4 hydraulisylinterit.<\/li>\n<\/ul>\n<p><img decoding=\"async\" src=\"https:\/\/www.hydraulic-cylinders.net\/wp-content\/uploads\/2025\/01\/songte-cylinder-head-with-all-kinds-excavator-models.webp\" alt=\"Kauhan sylinterin vaihtokuva\"><\/p>\n<h2>Sovellukset<\/h2>\n<ul>\n<li>Rakennuslaitteet: Kaivinkoneissa ne ovat kriittisi\u00e4 kaivamisessa, lastaamisessa ja maaper\u00e4n tai roskien siirt\u00e4misess\u00e4. Kaivurikuormaajissa kauhan sylinterit auttavat sek\u00e4 kaivamisessa ett\u00e4 nostamisessa. <\/li>\n<li>Maatalouskoneet: K\u00e4ytet\u00e4\u00e4n etukuormaajissa maaper\u00e4n, hein\u00e4n ja muiden materiaalien kauhaukseen, nostamiseen ja kuljettamiseen. <\/li>\n<li>Kaivinkoneet: Kauhan sylinteri mahdollistaa kauhan tunkeutumisen maaper\u00e4\u00e4n kaivutoiminnan aikaansaamiseksi. <\/li>\n<li>Kuormaajat: Etukuormaajissa ne auttavat tavaroiden tehokkaassa nostamisessa ja kallistamisessa. <\/li>\n<\/ul>\n<h2>Suunnittelun\u00e4k\u00f6kohdat ja valintakriteerit<\/h2>\n<p>Tuotteen suunnittelun\u00e4k\u00f6kohdista keskustelemme keskeisist\u00e4 tekij\u00f6ist\u00e4, kuten kuormituksen kantokyvyst\u00e4, tiiviydest\u00e4, kest\u00e4vyydest\u00e4, turvallisuudesta ja huollettavuudesta. <\/p>\n<ul>\n<li>Kantavuus: Sylinterin on kyett\u00e4v\u00e4 tukemaan kauhan ja sen kantaman kuorman painoa.<\/li>\n<li>Tiivistys: \u00d6ljyvuotojen est\u00e4miseksi ja tehokkaan toiminnan varmistamiseksi k\u00e4ytet\u00e4\u00e4n erilaisia \u200b\u200btiivistyslaitteita, kuten m\u00e4nn\u00e4ntiivisteit\u00e4 ja varren tiivisteit\u00e4. <\/li>\n<li>Kest\u00e4vyys: Sylinterin on kestett\u00e4v\u00e4 korkeaa painetta, raskaita kuormia ja ankaria ty\u00f6ymp\u00e4rist\u00f6j\u00e4 k\u00e4ytt\u00f6i\u00e4n pident\u00e4miseksi. <\/li>\n<li>Turvallisuus: Sylinteri on suunniteltava turvaominaisuuksilla, kuten paineenalennusventtiileill\u00e4, onnettomuuksien est\u00e4miseksi. <\/li>\n<li>Huollettavuus: Sylinterin tulee olla suunniteltu helposti huollettavaksi ja korjattavaksi, jotta sis\u00e4osiin p\u00e4\u00e4see helposti k\u00e4siksi ja vaurioituneet osat on helppo vaihtaa. <\/li>\n<\/ul>\n<p><img decoding=\"async\" src=\"https:\/\/www.hydraulic-cylinders.net\/wp-content\/uploads\/2025\/01\/songte-oil-pipes-and-spare-parts.webp\" alt=\"Kauhan sylinterin osien kuva\"><\/p>\n<h2>Tiivistys ja voitelu<\/h2>\n<p>\u00d6ljyvuotojen est\u00e4miseksi ja tehokkaan toiminnan varmistamiseksi k\u00e4ytet\u00e4\u00e4n erilaisia \u200b\u200btiivistyslaitteita, kuten m\u00e4nn\u00e4ntiivisteit\u00e4 ja varren tiivisteit\u00e4. Tiivisteet on valmistettu kulutusta kest\u00e4vist\u00e4 materiaaleista, kuten polyuretaanista ja nitriilikumista, pitk\u00e4n k\u00e4ytt\u00f6i\u00e4n varmistamiseksi. Sylinterin runko ja kierteitetyt p\u00e4\u00e4typinnat on hienosti k\u00e4sitelty kulutuskest\u00e4vyyden parantamiseksi. Sylinterin hyv\u00e4ss\u00e4 kunnossa pit\u00e4minen edellytt\u00e4\u00e4 s\u00e4\u00e4nn\u00f6llist\u00e4 hydrauli\u00f6ljyn lis\u00e4\u00e4mist\u00e4 voiteluun. <\/p>\n<h2>S\u00e4\u00e4nn\u00f6lliset tarkastukset ja ennaltaehk\u00e4isev\u00e4t huoltotoimenpiteet<\/h2>\n<p>S\u00e4\u00e4nn\u00f6lliset tarkastukset ja ennaltaehk\u00e4isev\u00e4t huoltotoimenpiteet, kuten voitelu, tiivisteiden vaihto ja kalibrointitarkastukset, ovat v\u00e4ltt\u00e4m\u00e4tt\u00f6mi\u00e4 kauhasylinterien k\u00e4ytt\u00f6i\u00e4n pident\u00e4miseksi. On t\u00e4rke\u00e4\u00e4 antaa asianmukaisia \u200b\u200bohjeita sylinterin kohdistamiseen asennuksen aikana ja suositella sopivien asennuskiinnikkeiden k\u00e4ytt\u00f6\u00e4 sylinterin kiinnitt\u00e4miseksi. Suositeltuja tarkastus-, korjaus- ja vaihtomenettelyj\u00e4 on noudatettava sylinterin moitteettoman toiminnan varmistamiseksi. Kauhasylinterin k\u00e4ytt\u00f6i\u00e4n pident\u00e4miseksi voidaan k\u00e4ytt\u00e4\u00e4 my\u00f6s edistyneit\u00e4 tekniikoita osien kunnostamiseen ja vaihtamiseen. <\/p>\n<p><img decoding=\"async\" src=\"https:\/\/www.hydraulic-cylinders.net\/wp-content\/uploads\/2025\/01\/songte-chushion-collar.webp\" alt=\"Kauhan sylinterin asennuskuva\"><\/p>\n<h2>Turvallisuusn\u00e4k\u00f6kohdat ja ymp\u00e4rist\u00f6tekij\u00e4t<\/h2>\n<p>Kauhasylinterin turvallisen k\u00e4yt\u00f6n varmistamiseksi on noudatettava turvatoimenpiteit\u00e4, kuten paineenalennusventtiilej\u00e4 ja asianmukaisia \u200b\u200bk\u00e4sittelyohjeita. My\u00f6s ymp\u00e4rist\u00f6tekij\u00e4t, kuten l\u00e4mp\u00f6tila ja kosteus, on otettava huomioon optimaalisen suorituskyvyn varmistamiseksi. <\/p>\n<h2>Yleisi\u00e4 ongelmia ja vianm\u00e4\u00e4ritys<\/h2>\n<p>Kauhasylintereiden yleisi\u00e4 ongelmia ovat \u00f6ljyvuoto, riitt\u00e4m\u00e4t\u00f6n paine ja sylinterin toimintah\u00e4iri\u00f6t. Vianm\u00e4\u00e4ritysvinkkej\u00e4 ja -ratkaisuja voidaan tarjota ongelmien tehokkaaseen diagnosointiin ja ratkaisemiseen. My\u00f6s ennaltaehk\u00e4isevi\u00e4 toimenpiteit\u00e4 voidaan toteuttaa mahdollisten ongelmien minimoimiseksi. <\/p>\n<p><img decoding=\"async\" src=\"https:\/\/www.hydraulic-cylinders.net\/wp-content\/uploads\/2025\/01\/songte-bushings-with-all-kinds-of-excavator-models.webp\" alt=\"Kauhan sylinteriongelmien kuva\"><\/p>\n<h2>Tietoja yrityksest\u00e4mme: <\/h2>\n<p>Olemme hydraulisten sylinterien vaihto-osien valmistaja ja tarjoamme kattavan tuotevalikoiman. Olemme yksi johtavista hydraulisten sylinterien valmistajista ja tukkumyyjist\u00e4 kotimaisilla ja kansainv\u00e4lisill\u00e4 markkinoilla. Noudatamme erinomaisen laadun periaatetta ja luotamme hienomekaanisten ty\u00f6pajojen teollistettuun tuotannonohjausstrategiaan. Parannamme jatkuvasti ty\u00f6pajan valmistusalustaa, parannamme tuotteiden laadun tuotantoreitti\u00e4 ja meill\u00e4 on vahva luovuus. Korkean tehokkuuden, tarkkuuden ja korkean laadun periaatteilla vastaamme asiakkaidemme monipuolisiin tarpeisiin. <\/p>\n<ul>\n<li>Ammattitaito: Meill\u00e4 on ammattitaitoinen asiantuntijatiimi ja teknikko, joilla on runsaasti kokemusta alalta.<\/li>\n<li>Kansainv\u00e4linen sertifiointi: Tuotteemme ovat l\u00e4p\u00e4isseet kansainv\u00e4liset sertifikaatit, kuten ISO9001, SGS ja CE.<\/li>\n<li>R\u00e4\u00e4t\u00e4l\u00f6intipalvelu: Tarjoamme r\u00e4\u00e4t\u00e4l\u00f6ityj\u00e4 palveluita asiakkaidemme tarpeiden mukaan.<\/li>\n<li>Tuotantolaitteet: K\u00e4yt\u00e4mme edistyneit\u00e4 valmistuslaitteita laadun ja tehokkuuden varmistamiseksi.<\/li>\n<li>Myynnin j\u00e4lkeinen palvelu: Tarjoamme erinomaista myynnin j\u00e4lkeist\u00e4 palvelua, mukaan lukien varaosat ja korjauspalvelut, asiakastyytyv\u00e4isyyden varmistamiseksi.<\/li>\n<\/ul>\n<p><img decoding=\"async\" src=\"https:\/\/hzpt.com\/wp-content\/uploads\/2024\/11\/songte-company-1.webp\" alt=\"Yrityksen imago\"><\/p>\n<p>Kirjoittaja: lyl<\/p>","protected":false},"excerpt":{"rendered":"<p>Bucket Cylinder For XGMA Middle Excavator XG820 Product Introduction The bucket cylinder is a specially designed hydraulic cylinder used to control the movement of the bucket in heavy machinery such as excavators, backhoe loaders, and front loaders. Its main function is to enable the bucket to lift, lower, and tilt, making it easier to handle [&hellip;]<\/p>","protected":false},"featured_media":14765,"comment_status":"open","ping_status":"closed","template":"","meta":{"_et_pb_use_builder":"","_et_pb_old_content":"","_et_gb_content_width":""},"product_brand":[],"product_cat":[1494],"product_tag":[1495,1496],"class_list":{"0":"post-15594","1":"product","2":"type-product","3":"status-publish","4":"has-post-thumbnail","6":"product_cat-bucket-cylinders","7":"product_tag-bucket-cylinders","8":"product_tag-hydraulic-cylinders","10":"first","11":"instock","12":"shipping-taxable","13":"product-type-simple"},"amp_enabled":true,"_links":{"self":[{"href":"https:\/\/www.hydraulic-cylinders.net\/fi\/wp-json\/wp\/v2\/product\/15594","targetHints":{"allow":["GET"]}}],"collection":[{"href":"https:\/\/www.hydraulic-cylinders.net\/fi\/wp-json\/wp\/v2\/product"}],"about":[{"href":"https:\/\/www.hydraulic-cylinders.net\/fi\/wp-json\/wp\/v2\/types\/product"}],"replies":[{"embeddable":true,"href":"https:\/\/www.hydraulic-cylinders.net\/fi\/wp-json\/wp\/v2\/comments?post=15594"}],"wp:featuredmedia":[{"embeddable":true,"href":"https:\/\/www.hydraulic-cylinders.net\/fi\/wp-json\/wp\/v2\/media\/14765"}],"wp:attachment":[{"href":"https:\/\/www.hydraulic-cylinders.net\/fi\/wp-json\/wp\/v2\/media?parent=15594"}],"wp:term":[{"taxonomy":"product_brand","embeddable":true,"href":"https:\/\/www.hydraulic-cylinders.net\/fi\/wp-json\/wp\/v2\/product_brand?post=15594"},{"taxonomy":"product_cat","embeddable":true,"href":"https:\/\/www.hydraulic-cylinders.net\/fi\/wp-json\/wp\/v2\/product_cat?post=15594"},{"taxonomy":"product_tag","embeddable":true,"href":"https:\/\/www.hydraulic-cylinders.net\/fi\/wp-json\/wp\/v2\/product_tag?post=15594"}],"curies":[{"name":"wp","href":"https:\/\/api.w.org\/{rel}","templated":true}]}}