{"id":15602,"date":"2025-01-19T14:44:11","date_gmt":"2025-01-19T14:44:11","guid":{"rendered":"https:\/\/www.hydraulic-cylinders.net\/product\/bucket-cylinder-for-xgma-large-excavator-xg836mh\/"},"modified":"2025-01-19T14:44:13","modified_gmt":"2025-01-19T14:44:13","slug":"bucket-cylinder-for-xgma-large-excavator-xg836mh","status":"publish","type":"product","link":"https:\/\/www.hydraulic-cylinders.net\/fi\/tuote\/bucket-cylinder-for-xgma-large-excavator-xg836mh\/","title":{"rendered":"Kauhan sylinteri XGMA-kaivinkoneelle XG836MH"},"content":{"rendered":"<h1>Kauhan sylinteri XGMA-kaivinkoneelle XG836MH<\/h1>\n<h2>Johdanto<\/h2>\n<p>Kauhasylinteri on erityisesti suunniteltu hydraulisylinteri, jota k\u00e4ytet\u00e4\u00e4n kauhan liikkeen ohjaamiseen raskaissa koneissa, kuten kaivinkoneissa, kaivurikuormaajissa ja etukuormaajissa. Sen ensisijainen teht\u00e4v\u00e4 on mahdollistaa kauhan liikkuminen yl\u00f6s, alas ja kallistuminen, mik\u00e4 helpottaa erilaisten materiaalien kuljettamista. Hydraulij\u00e4rjestelmiss\u00e4 kauhasylinterit ohjaavat kauhan tarkkaa liikett\u00e4 hydrauli\u00f6ljyn paineenmuutosten avulla, jolloin k\u00e4ytt\u00e4j\u00e4t voivat k\u00e4sitell\u00e4 raskaita kuormia tehokkaasti ja sopeutua monimutkaisiin ty\u00f6ymp\u00e4rist\u00f6ihin ja erilaisiin k\u00e4ytt\u00f6tarpeisiin.<\/p>\n<div>\n  <img decoding=\"async\" src=\"https:\/\/www.hydraulic-cylinders.net\/wp-content\/uploads\/2025\/01\/songte-company-2.webp\" alt=\"Kauhan sylinteri XGMA-kaivinkoneelle XG836MH\">\n<\/div>\n<h2>Ominaisuudet<\/h2>\n<ul>\n<li>\n<h3>Korkea lujuus ja kest\u00e4vyys<\/h3>\n<p>Kauhasylinterit on yleens\u00e4 valmistettu eritt\u00e4in lujasta ter\u00e4ksest\u00e4 tai alumiinista, jotka kest\u00e4v\u00e4t korkeaa painetta ja raskaita kuormia ja sopivat vaativiin ty\u00f6ymp\u00e4rist\u00f6ihin. Ne on suunniteltu kulutuskest\u00e4viksi ja korroosionestokykyisiksi, mik\u00e4 pident\u00e4\u00e4 niiden k\u00e4ytt\u00f6ik\u00e4\u00e4.<\/p>\n<\/li>\n<li>\n<h3>Tehokas hydraulinen k\u00e4ytt\u00f6<\/h3>\n<p>Hydrauli\u00f6ljyn paineen ansiosta kauhan sylinterit saavuttavat tasaisen ulos- ja sis\u00e4\u00e4nvedon, ja reagoivat nopeasti ohjauskomentoihin. Ne tarjoavat tehokkaita ty\u00f6nt\u00f6- ja vetovoimia, jotka sopivat raskaiden kuormien k\u00e4sittelyyn ja monimutkaisiin operatiivisiin teht\u00e4viin.<\/p>\n<\/li>\n<li>\n<h3>Erilaiset tyypit<\/h3>\n<p>Kauhasylintereit\u00e4 voidaan valita yksitoimisina (hydraulisesti yhteen suuntaan) tai kaksitoimisina (hydraulisesti kahteen suuntaan) tarpeiden mukaan erilaisten k\u00e4ytt\u00f6vaatimusten t\u00e4ytt\u00e4miseksi. Jotkut mallit ovat teleskooppisia, mik\u00e4 mahdollistaa suuremman jatkeen ilman ulkomittojen kasvua, mik\u00e4 sopii sovelluksiin, joissa on rajoitetusti tilaa.<\/p>\n<\/li>\n<li>\n<h3>Vaihdettavissa muihin hydraulisylintereihin<\/h3>\n<p>Kauhasylinterimme voivat t\u00e4ydellisesti korvata muut hydraulisylinterit, mik\u00e4 tarjoaa paremman suorituskyvyn ja pidemm\u00e4n k\u00e4ytt\u00f6i\u00e4n.<\/p>\n<\/li>\n<li>\n<h3>Mukautettava<\/h3>\n<p>Voimme r\u00e4\u00e4t\u00e4l\u00f6id\u00e4 kauhasylintereit\u00e4 erityistarpeiden mukaan varmistaen, ett\u00e4 ne t\u00e4ytt\u00e4v\u00e4t asiakkaan vaatimukset ja tarjoavat optimaalisen suorituskyvyn.<\/p>\n<\/li>\n<\/ul>\n<div>\n  <img decoding=\"async\" src=\"https:\/\/www.hydraulic-cylinders.net\/wp-content\/uploads\/2025\/01\/songte-cylinder-head-with-all-kinds-excavator-models.webp\" alt=\"Kauhan sylinteri XGMA-kaivinkoneelle XG836MH\">\n<\/div>\n<h2>Sovellukset<\/h2>\n<p>Kauhasylintereit\u00e4 k\u00e4ytet\u00e4\u00e4n laajalti erilaisissa raskaissa koneissa, mukaan lukien:<\/p>\n<ul>\n<li>\n<h3>Rakennuslaitteet<\/h3>\n<p>Rakennuskoneet, kuten kaivinkoneet, k\u00e4ytt\u00e4v\u00e4t kauhasylintereit\u00e4 kaivamiseen, lastaamiseen ja maaper\u00e4n tai roskien siirt\u00e4miseen. Kaivurikuormaajissa kauhasylinterit auttavat sek\u00e4 kaivamisessa ett\u00e4 nostamisessa.<\/p>\n<\/li>\n<li>\n<h3>Maatalouskoneet<\/h3>\n<p>Kauhasylintereit\u00e4 k\u00e4ytet\u00e4\u00e4n etukuormaajissa maan, hein\u00e4n ja muiden materiaalien kauhaamiseen, nostamiseen ja kuljettamiseen. Kaivinkoneissa kauhasylinterit mahdollistavat kaivamisen, koska kauha tunkeutuu maahan. Etukuormaajissa ne auttavat tavaroiden tehokkaassa nostamisessa ja tyhjent\u00e4misess\u00e4.<\/p>\n<\/li>\n<li>\n<h3>Kaivoslaitteet<\/h3>\n<p>Kaivoslaitteissa kauhan sylintereit\u00e4 k\u00e4ytet\u00e4\u00e4n kauhan liikkeen ohjaamiseen, mik\u00e4 on v\u00e4ltt\u00e4m\u00e4t\u00f6nt\u00e4 mineraalien tai muiden materiaalien kaivamisessa, lastaamisessa ja kuljettamisessa.<\/p>\n<\/li>\n<\/ul>\n<h2>Suunnittelun\u00e4k\u00f6kohdat ja valintakriteerit<\/h2>\n<p>Sylintereit\u00e4 suunniteltaessa ja valittaessa on otettava huomioon useita tekij\u00f6it\u00e4:<\/p>\n<ul>\n<li>\n<h3>Kantavuus<\/h3>\n<p>Sylinterin kantavuus m\u00e4\u00e4r\u00e4\u00e4 sen k\u00e4sittelem\u00e4n enimm\u00e4iskuorman, mik\u00e4 on olennainen tekij\u00e4 kauhasylintereit\u00e4 valittaessa.<\/p>\n<\/li>\n<li>\n<h3>Tiivistys<\/h3>\n<p>Sylinterin tiivistyskyky m\u00e4\u00e4r\u00e4\u00e4 vuotoasteen ja vaikuttaa hydraulij\u00e4rjestelm\u00e4n kokonaistehokkuuteen ja toimintaan.<\/p>\n<\/li>\n<li>\n<h3>Kest\u00e4vyys<\/h3>\n<p>Sylinterin kest\u00e4vyys vaikuttaa suoraan sen k\u00e4ytt\u00f6ik\u00e4\u00e4n, johon vaikuttavat tekij\u00e4t, kuten sylinterin materiaali, rakennesuunnittelu ja k\u00e4sittelyprosessi.<\/p>\n<\/li>\n<li>\n<h3>Turvallisuus<\/h3>\n<p>Kauhasylinterien tulee t\u00e4ytt\u00e4\u00e4 turvallisuusstandardit ja niiss\u00e4 tulee olla turvaominaisuuksia, kuten h\u00e4t\u00e4pys\u00e4ytysmekanismit, onnettomuuksien est\u00e4miseksi.<\/p>\n<\/li>\n<li>\n<h3>Huolto<\/h3>\n<p>Kauhasylinterien tulee olla helposti huollettavia ja korjattavia optimaalisen toiminnan ja pitk\u00e4n k\u00e4ytt\u00f6i\u00e4n varmistamiseksi.<\/p>\n<\/li>\n<\/ul>\n<div>\n  <img decoding=\"async\" src=\"https:\/\/www.hydraulic-cylinders.net\/wp-content\/uploads\/2025\/01\/songte-oil-pipes-and-spare-parts.webp\" alt=\"Kauhan sylinteri XGMA-kaivinkoneelle XG836MH\">\n<\/div>\n<h2>Tiivistys ja voitelu<\/h2>\n<p>Kauhasylintereiss\u00e4 k\u00e4ytet\u00e4\u00e4n erilaisia \u200b\u200btiivistyskomponentteja, kuten m\u00e4nn\u00e4ntiivisteit\u00e4 ja varren tiivisteit\u00e4, jotka on valmistettu kulutusta kest\u00e4vist\u00e4 materiaaleista, kuten polyuretaanista ja nitriilikumista, luotettavan tiivistyksen varmistamiseksi. Sylinterin runko ja kierteitetyt p\u00e4\u00e4typinnat on koneistettu tarkasti kulutuskest\u00e4vyyden parantamiseksi. Hydrauli\u00f6ljyn s\u00e4\u00e4nn\u00f6llinen t\u00e4ytt\u00f6 on v\u00e4ltt\u00e4m\u00e4t\u00f6nt\u00e4 asianmukaisen voitelun varmistamiseksi ja sylinterin k\u00e4ytt\u00f6i\u00e4n pident\u00e4miseksi.<\/p>\n<h2>Tarkastus ja ennaltaehk\u00e4isev\u00e4 huolto<\/h2>\n<p>Kauhasylinterien turvallisen ja tehokkaan toiminnan varmistamiseksi on tarpeen suorittaa s\u00e4\u00e4nn\u00f6llisi\u00e4 tarkastuksia ja ennaltaehk\u00e4isev\u00e4\u00e4 huoltoa. Huoltoteht\u00e4viin kuuluvat:<\/p>\n<ul>\n<li>\n<h3>S\u00e4\u00e4nn\u00f6llinen tarkastus<\/h3>\n<p>Kauhasylinterit on tarkastettava s\u00e4\u00e4nn\u00f6llisesti kulumisen, vuotojen ja muodonmuutosten varalta.<\/p>\n<\/li>\n<li>\n<h3>Voitelu<\/h3>\n<p>Sylinterin asianmukainen voitelu on v\u00e4ltt\u00e4m\u00e4t\u00f6nt\u00e4 sen sujuvan toiminnan varmistamiseksi. Voitelu tulee suorittaa s\u00e4\u00e4nn\u00f6llisesti.<\/p>\n<\/li>\n<li>\n<h3>Tiivisteen vaihto<\/h3>\n<p>Kuluneet tai vaurioituneet tiivisteet on vaihdettava viipym\u00e4tt\u00e4 vuotojen ja suorituskyvyn heikkenemisen est\u00e4miseksi.<\/p>\n<\/li>\n<li>\n<h3>Kalibrointitarkistus<\/h3>\n<p>Kauhasylinterit tulee kalibroida s\u00e4\u00e4nn\u00f6llisesti tarkan toiminnan ja optimaalisen suorituskyvyn varmistamiseksi.<\/p>\n<\/li>\n<\/ul>\n<p>Oikea asennus ja kohdistus ovat kriittisi\u00e4 kauhasylinterien toiminnan ja turvallisuuden kannalta. Sylinteri tulee asentaa ja kohdistaa valmistajan ohjeiden mukaisesti, ja sylinterin kiinnitt\u00e4miseen on k\u00e4ytett\u00e4v\u00e4 sopivia kiinnikkeit\u00e4.<\/p>\n<div>\n  <img decoding=\"async\" src=\"https:\/\/www.hydraulic-cylinders.net\/wp-content\/uploads\/2025\/01\/songte-chushion-collar.webp\" alt=\"Kauhan sylinteri XGMA-kaivinkoneelle XG836MH\">\n<\/div>\n<h2>Turvallisuusn\u00e4k\u00f6kohdat ja ymp\u00e4rist\u00f6tekij\u00e4t<\/h2>\n<p>Kauhapullojen tulee t\u00e4ytt\u00e4\u00e4 turvallisuusstandardit ja niiss\u00e4 tulee olla turvaominaisuuksia, kuten h\u00e4t\u00e4pys\u00e4ytysmekanismit, onnettomuuksien est\u00e4miseksi. Kauhapulloja k\u00e4ytt\u00e4vien on oltava koulutettuja niiden asianmukaiseen k\u00e4ytt\u00f6\u00f6n ja turvallisuusprotokolliin.<\/p>\n<h2>Toimintah\u00e4iri\u00f6iden ja yleisten ongelmien diagnosointi<\/h2>\n<p>Kauhasylintereit\u00e4 k\u00e4ytett\u00e4ess\u00e4 voi esiinty\u00e4 yleisi\u00e4 ongelmia, kuten vuotoja, muodonmuutoksia ja jumittuneita m\u00e4nti\u00e4. N\u00e4it\u00e4 ongelmia voidaan korjata diagnosoimalla ja vianm\u00e4\u00e4rityksell\u00e4, johon voi kuulua kuluneiden tai vaurioituneiden tiivisteiden vaihtaminen, sylinterin uudelleenkohdistus tai vaurioituneiden osien korjaaminen.<\/p>\n<h2>Yrityksen esittely<\/h2>\n<p>Olemme johtava hydraulisylintereiden valmistaja ja tukkumyyj\u00e4, joka tarjoaa laajan valikoiman tuotteita kotimaisten ja kansainv\u00e4listen markkinoiden tarpeisiin. Yrityksemme noudattaa teollistetun tuotannonohjauksen strategiaa, jossa luotamme tekniseen osaamiseen, huippuluokan digitaalisiin valmistuslaitteisiin ja ammattimaisiin testausj\u00e4rjestelmiin parantaaksemme valmistusvalmiuksia ja tuotteiden laatua. Olemme sitoutuneet tarjoamaan asiakkaillemme korkealaatuisia tuotteita ja palveluita, jotka vastaavat heid\u00e4n monipuolisiin tarpeisiinsa.<\/p>\n<div>\n  <img decoding=\"async\" src=\"https:\/\/hzpt.com\/wp-content\/uploads\/2024\/11\/songte-company-1.webp\" alt=\"Kauhan sylinteri XGMA-kaivinkoneelle XG836MH\">\n<\/div>\n<p>Olemme ylpeit\u00e4 ammattitaidostamme, kansainv\u00e4lisest\u00e4 sertifioinnistamme, r\u00e4\u00e4t\u00e4l\u00f6idyist\u00e4 palveluistamme, tuotantolaitteistamme ja huoltopalvelustamme.<\/p>\n<ul>\n<li>\n<h3>Ammattimaisuus<\/h3>\n<p>Ammattilaistiimimme on kokenut hydraulisylinterien valmistaja ja valmistaja, mik\u00e4 takaa tuotteemme korkeat laatu- ja luotettavuusstandardit.<\/p>\n<\/li>\n<li>\n<h3>Kansainv\u00e4linen sertifiointi<\/h3>\n<p>Olemme saaneet useita kansainv\u00e4lisi\u00e4 sertifikaatteja, kuten ISO9001, ISO14001 ja CE, mik\u00e4 varmistaa, ett\u00e4 tuotteemme t\u00e4ytt\u00e4v\u00e4t maailmanlaajuiset laatu- ja turvallisuusstandardit.<\/p>\n<\/li>\n<li>\n<h3>R\u00e4\u00e4t\u00e4l\u00f6idyt palvelut<\/h3>\n<p>Voimme r\u00e4\u00e4t\u00e4l\u00f6id\u00e4 tuotteitamme vastaamaan asiakkaiden erityistarpeita ja tarjota optimaalisia ratkaisuja heid\u00e4n operatiivisiin vaatimuksiinsa.<\/p>\n<\/li>\n<li>\n<h3>Tuotantolaitteet<\/h3>\n<p>Olemme investoineet huippuluokan digitaalisiin valmistuslaitteisiin varmistaaksemme, ett\u00e4 tuotteemme valmistetaan tarkasti ja tehokkaasti.<\/p>\n<\/li>\n<li>\n<h3>Myynnin j\u00e4lkeinen palvelu<\/h3>\n<p>Tarjoamme erinomaista j\u00e4lkimarkkinointipalvelua, mukaan lukien tuotteiden korjaus ja vaihto, varmistaaksemme, ett\u00e4 asiakkaamme ovat tyytyv\u00e4isi\u00e4 ostoksiinsa.<\/p>\n<\/li>\n<\/ul>\n<p>Kirjoittaja: lyl<\/p>","protected":false},"excerpt":{"rendered":"<p>Bucket Cylinder For XGMA Large Excavator XG836MH Introduction A bucket cylinder is a specially designed hydraulic cylinder used to control the movement of the bucket in heavy machinery like excavators, backhoe loaders, and front-end loaders. Its primary function is to allow the bucket to move up, down, and tilt, making it easier to transport various [&hellip;]<\/p>","protected":false},"featured_media":14782,"comment_status":"open","ping_status":"closed","template":"","meta":{"_et_pb_use_builder":"","_et_pb_old_content":"","_et_gb_content_width":""},"product_brand":[],"product_cat":[1494],"product_tag":[1495,1496],"class_list":{"0":"post-15602","1":"product","2":"type-product","3":"status-publish","4":"has-post-thumbnail","6":"product_cat-bucket-cylinders","7":"product_tag-bucket-cylinders","8":"product_tag-hydraulic-cylinders","10":"first","11":"instock","12":"shipping-taxable","13":"product-type-simple"},"amp_enabled":true,"_links":{"self":[{"href":"https:\/\/www.hydraulic-cylinders.net\/fi\/wp-json\/wp\/v2\/product\/15602","targetHints":{"allow":["GET"]}}],"collection":[{"href":"https:\/\/www.hydraulic-cylinders.net\/fi\/wp-json\/wp\/v2\/product"}],"about":[{"href":"https:\/\/www.hydraulic-cylinders.net\/fi\/wp-json\/wp\/v2\/types\/product"}],"replies":[{"embeddable":true,"href":"https:\/\/www.hydraulic-cylinders.net\/fi\/wp-json\/wp\/v2\/comments?post=15602"}],"wp:featuredmedia":[{"embeddable":true,"href":"https:\/\/www.hydraulic-cylinders.net\/fi\/wp-json\/wp\/v2\/media\/14782"}],"wp:attachment":[{"href":"https:\/\/www.hydraulic-cylinders.net\/fi\/wp-json\/wp\/v2\/media?parent=15602"}],"wp:term":[{"taxonomy":"product_brand","embeddable":true,"href":"https:\/\/www.hydraulic-cylinders.net\/fi\/wp-json\/wp\/v2\/product_brand?post=15602"},{"taxonomy":"product_cat","embeddable":true,"href":"https:\/\/www.hydraulic-cylinders.net\/fi\/wp-json\/wp\/v2\/product_cat?post=15602"},{"taxonomy":"product_tag","embeddable":true,"href":"https:\/\/www.hydraulic-cylinders.net\/fi\/wp-json\/wp\/v2\/product_tag?post=15602"}],"curies":[{"name":"wp","href":"https:\/\/api.w.org\/{rel}","templated":true}]}}