{"id":15635,"date":"2025-01-19T14:46:38","date_gmt":"2025-01-19T14:46:38","guid":{"rendered":"https:\/\/www.hydraulic-cylinders.net\/product\/bucket-cylinder-for-liebherr-large-excavator-r964\/"},"modified":"2025-01-19T14:46:40","modified_gmt":"2025-01-19T14:46:40","slug":"bucket-cylinder-for-liebherr-large-excavator-r964","status":"publish","type":"product","link":"https:\/\/www.hydraulic-cylinders.net\/fi\/tuote\/bucket-cylinder-for-liebherr-large-excavator-r964\/","title":{"rendered":"Kauhan sylinteri Liebherr-kaivukoneelle R964"},"content":{"rendered":"<article>\n<h1>Kauhan sylinteri Liebherr-kaivukoneelle R964<\/h1>\n<h2>Johdanto<\/h2>\n<p>Liebherr R964 -suurkaivukoneen kauhan sylinteri on erityisesti suunniteltu hydraulisylinteri, jota k\u00e4ytet\u00e4\u00e4n kauhan liikkeen ohjaamiseen raskaissa koneissa, kuten kaivinkoneissa, kaivurikuormaajissa ja etukuormaajissa. Sen p\u00e4\u00e4teht\u00e4v\u00e4n\u00e4 on mahdollistaa kauhan nostaminen, laskeminen ja kallistaminen, mik\u00e4 tekee siit\u00e4 k\u00e4tev\u00e4n erilaisissa materiaalink\u00e4sittelyteht\u00e4viss\u00e4. Hydraulij\u00e4rjestelm\u00e4ss\u00e4 kauhan sylinteri saavuttaa tarkan kauhan hallinnan muuttamalla hydrauli\u00f6ljyn painetta, jolloin k\u00e4ytt\u00e4j\u00e4t voivat k\u00e4sitell\u00e4 raskaita kuormia tehokkaasti ja sopeutua monimutkaisiin ty\u00f6ymp\u00e4rist\u00f6ihin ja erilaisiin k\u00e4ytt\u00f6vaatimuksiin.<\/p>\n<p>    <img decoding=\"async\" src=\"https:\/\/www.hydraulic-cylinders.net\/wp-content\/uploads\/2025\/01\/songte-company-2.webp\" alt=\"Kauhan sylinterin kuva\"><\/p>\n<h2>Ominaisuudet<\/h2>\n<ul>\n<li><strong>Korkea lujuus ja kest\u00e4vyys:<\/strong> Tyypillisesti lujasta ter\u00e4ksest\u00e4 tai alumiinista valmistettu kauhasylinteri kest\u00e4\u00e4 korkeaa painetta ja raskaita kuormia ja mukautuu vaativiin ty\u00f6ymp\u00e4rist\u00f6ihin. Sen suunnittelussa on otettu huomioon kulutuskest\u00e4vyys ja korroosionkest\u00e4vyys, mik\u00e4 pident\u00e4\u00e4 sen k\u00e4ytt\u00f6ik\u00e4\u00e4.<\/li>\n<li><strong>Tehokas hydraulinen k\u00e4ytt\u00f6:<\/strong> Hydrauli\u00f6ljyn paineen ansiosta kauhan sylinteri saavuttaa tasaiset ojennus- ja sis\u00e4\u00e4nvetoliikkeet, mik\u00e4 mahdollistaa nopean reagoinnin ohjauskomentoihin ja tarjoaa tehokkaat ty\u00f6nt\u00f6- ja vetovoimat. Se soveltuu raskaiden kuormien k\u00e4sittelyyn ja monimutkaisiin operatiivisiin teht\u00e4viin.<\/li>\n<li><strong>Erilaisia \u200b\u200btyyppej\u00e4:<\/strong> Kauhasylinteri voidaan valita tarpeiden mukaan yksitoimiseksi (hydrauliikkaa k\u00e4ytet\u00e4\u00e4n vain yhteen suuntaan) tai kaksitoimiseksi (hydrauliikkaa k\u00e4ytet\u00e4\u00e4n molempiin suuntiin). Jotkut mallit ovat teleskooppisia, mik\u00e4 mahdollistaa suuremman jatkeen ilman ulkomittojen kasvua, joten ne sopivat sovelluksiin, joissa on rajoitetusti tilaa.<\/li>\n<p>        <img decoding=\"async\" src=\"https:\/\/www.hydraulic-cylinders.net\/wp-content\/uploads\/2025\/01\/songte-cylinder-head-with-all-kinds-excavator-models.webp\" alt=\"Kauhan sylinterin tyyppikuva\"><\/p>\n<li><strong>Hydraulisylinterien vaihto:<\/strong> Tuotteemme voivat t\u00e4ydellisesti korvata n\u00e4m\u00e4 hydraulisylinterit ja tarjota tehokkaan ja luotettavan suorituskyvyn.<\/li>\n<\/ul>\n<h2>Sovellukset<\/h2>\n<ul>\n<li><strong>Rakennuslaitteet:<\/strong> Kaivinkoneissa niit\u00e4 k\u00e4ytet\u00e4\u00e4n, ja ne ovat v\u00e4ltt\u00e4m\u00e4tt\u00f6mi\u00e4 maan kaivamisessa, lastaamisessa ja maan tai roskien siirt\u00e4misess\u00e4. Kaivurikuormaajissa kauhan sylinteri auttaa sek\u00e4 kaivamisessa ett\u00e4 nostamisessa.<\/li>\n<li><strong>Maatalouskoneet:<\/strong> Etukuormaajissa niit\u00e4 k\u00e4ytet\u00e4\u00e4n maaper\u00e4n, hein\u00e4n ja muiden materiaalien kauhaukseen, nostamiseen ja kuljettamiseen.<\/li>\n<li><strong>Kaivinkoneet:<\/strong> Kauhan sylinteri mahdollistaa kaivamisen antamalla kauhan tunkeutua maaper\u00e4\u00e4n.<\/li>\n<li><strong>Kuormaajat:<\/strong> Etukuormaajissa ne auttavat tavaroiden tehokkaassa nostamisessa ja tyhjent\u00e4misess\u00e4.<\/li>\n<\/ul>\n<h2>Suunnittelun\u00e4k\u00f6kohdat ja valintakriteerit<\/h2>\n<ul>\n<li><strong>Kantavuus:<\/strong> Kauhasylinteri on suunniteltu kest\u00e4m\u00e4\u00e4n kuormitusvaatimukset, mik\u00e4 varmistaa turvallisen ja luotettavan toiminnan.<\/li>\n<li><strong>Tiivistys:<\/strong> K\u00e4ytet\u00e4\u00e4n erilaisia \u200b\u200btiivistekomponentteja, kuten m\u00e4nn\u00e4ntiivisteit\u00e4 ja m\u00e4nn\u00e4nvarren tiivisteit\u00e4, jotka on valmistettu kulutusta kest\u00e4vist\u00e4 materiaaleista, kuten polyuretaanista ja nitriilikumista. Sylinterin runko ja kierteitetty p\u00e4\u00e4typinta on hienok\u00e4sitelty kulutuskest\u00e4vyyden parantamiseksi. S\u00e4\u00e4nn\u00f6llinen voitelu sopivalla m\u00e4\u00e4r\u00e4ll\u00e4 hydrauliikka\u00f6ljy\u00e4 on tarpeen.<\/li>\n<p>        <img decoding=\"async\" src=\"https:\/\/www.hydraulic-cylinders.net\/wp-content\/uploads\/2025\/01\/songte-oil-pipes-and-spare-parts.webp\" alt=\"Tiivistys- ja voitelukuva\"><\/p>\n<li><strong>Kest\u00e4vyys:<\/strong> Kauhasylinteri on suunniteltu kest\u00e4m\u00e4\u00e4n raskaiden koneiden vaativat k\u00e4ytt\u00f6olosuhteet ja varmistamaan pitk\u00e4n k\u00e4ytt\u00f6i\u00e4n.<\/li>\n<li><strong>Turvallisuus:<\/strong> Turvallisuusn\u00e4k\u00f6kohdat on sis\u00e4llytetty suunnitteluun, mik\u00e4 varmistaa sylinterin turvallisen ja luotettavan toiminnan.<\/li>\n<li><strong>Huolto:<\/strong> S\u00e4\u00e4nn\u00f6lliset tarkastukset ja ennaltaehk\u00e4isev\u00e4t huoltotoimenpiteet ovat v\u00e4ltt\u00e4m\u00e4tt\u00f6mi\u00e4 kauhasylinterin optimaalisen suorituskyvyn ja pitk\u00e4n k\u00e4ytt\u00f6i\u00e4n varmistamiseksi.<\/li>\n<\/ul>\n<h2>Turvallisuus- ja ymp\u00e4rist\u00f6n\u00e4k\u00f6kohdat<\/h2>\n<p>Kauhasylinteri\u00e4 k\u00e4ytett\u00e4ess\u00e4 on t\u00e4rke\u00e4\u00e4 noudattaa turvallisuusohjeita onnettomuuksien ehk\u00e4isemiseksi ja turvallisen ty\u00f6ymp\u00e4rist\u00f6n varmistamiseksi.<\/p>\n<h2>Vianm\u00e4\u00e4ritys ja yleiset ongelmat<\/h2>\n<p>Oikeat vianm\u00e4\u00e4ritystekniikat ja -ratkaisut ovat ratkaisevan t\u00e4rkeit\u00e4 kauhan sylinteriin liittyvien ongelmien tehokkaassa diagnosoinnissa ja ratkaisemisessa. Ennaltaehk\u00e4isevien toimenpiteiden toteuttaminen voi auttaa minimoimaan mahdolliset ongelmat.<\/p>\n<p>    <img decoding=\"async\" src=\"https:\/\/www.hydraulic-cylinders.net\/wp-content\/uploads\/2025\/01\/songte-bushings-with-all-kinds-of-excavator-models.webp\" alt=\"Vianm\u00e4\u00e4rityksen ja ehk\u00e4isyn kuva\"><\/p>\n<h2>Huoltoteht\u00e4v\u00e4t<\/h2>\n<ul>\n<li>S\u00e4\u00e4nn\u00f6llinen tarkastus<\/li>\n<li>Asianmukainen voitelu<\/li>\n<li>Tiivisteen vaihto<\/li>\n<li>Kalibrointitarkastukset<\/li>\n<\/ul>\n<h2>Asennusopas<\/h2>\n<p>Oikea asennus on elint\u00e4rke\u00e4\u00e4 kauhan sylinterin optimaalisen suorituskyvyn ja pitk\u00e4n k\u00e4ytt\u00f6i\u00e4n kannalta. Noudata n\u00e4it\u00e4 ohjeita oikean asennuksen varmistamiseksi:<\/p>\n<p>    <img decoding=\"async\" src=\"https:\/\/hzpt.com\/wp-content\/uploads\/2024\/11\/songte-company-1.webp\" alt=\"Kauhan sylinterin asennuskuva\"><\/p>\n<h2>Yrityksen yleiskatsaus<\/h2>\n<p>Olemme korvaavien hydraulisylinterien valmistaja ja tarjoamme laajan valikoiman tuotteita. Yrityksest\u00e4mme on tullut yksi johtavista hydraulisylinterien valmistajista ja tukkumyyjist\u00e4 kotimaisilla ja kansainv\u00e4lisill\u00e4 markkinoilla. Keskittyen erinomaiseen laatuun, luotamme teollistettuihin tuotannonohjausstrategioihin kehittyneiss\u00e4 tuotantotiloissamme. Parannamme jatkuvasti ty\u00f6pajojemme valmistusymp\u00e4rist\u00f6\u00e4, hiomme tuotteiden laadun tuotantoreittej\u00e4 ja meill\u00e4 on vahvat luovat kyvyt. Pyrimme vastaamaan monipuolisiin asiakastarpeisiin korkealla tehokkuudella, tarkkuudella ja laadulla.<\/p>\n<p>    <img decoding=\"async\" src=\"https:\/\/www.hydraulic-cylinders.net\/wp-content\/uploads\/2025\/01\/songte-company-3.webp\" alt=\"Yrityksen imago\"><\/p>\n<h3>Yrityksen kohokohdat:<\/h3>\n<ul>\n<li>Ammattimaisuus<\/li>\n<li>Kansainv\u00e4liset sertifikaatit<\/li>\n<li>R\u00e4\u00e4t\u00e4l\u00f6intipalvelut<\/li>\n<li>Edistykselliset tuotantolaitteet<\/li>\n<li>Myynnin j\u00e4lkeinen palvelu<\/li>\n<\/ul>\n<p>Kirjoittaja: lyl<\/p>\n<\/article>","protected":false},"excerpt":{"rendered":"<p>Bucket Cylinder For Liebherr Large Excavator R964 Introduction The bucket cylinder for Liebherr large excavator R964 is a specially designed hydraulic cylinder used to control the movement of the bucket in heavy machinery such as excavators, backhoe loaders, and front loaders. Its main function is to enable the lifting, lowering, and tilting of the bucket, [&hellip;]<\/p>","protected":false},"featured_media":14776,"comment_status":"open","ping_status":"closed","template":"","meta":{"_et_pb_use_builder":"","_et_pb_old_content":"","_et_gb_content_width":""},"product_brand":[],"product_cat":[1494],"product_tag":[1495,1496],"class_list":{"0":"post-15635","1":"product","2":"type-product","3":"status-publish","4":"has-post-thumbnail","6":"product_cat-bucket-cylinders","7":"product_tag-bucket-cylinders","8":"product_tag-hydraulic-cylinders","10":"first","11":"instock","12":"shipping-taxable","13":"product-type-simple"},"amp_enabled":true,"_links":{"self":[{"href":"https:\/\/www.hydraulic-cylinders.net\/fi\/wp-json\/wp\/v2\/product\/15635","targetHints":{"allow":["GET"]}}],"collection":[{"href":"https:\/\/www.hydraulic-cylinders.net\/fi\/wp-json\/wp\/v2\/product"}],"about":[{"href":"https:\/\/www.hydraulic-cylinders.net\/fi\/wp-json\/wp\/v2\/types\/product"}],"replies":[{"embeddable":true,"href":"https:\/\/www.hydraulic-cylinders.net\/fi\/wp-json\/wp\/v2\/comments?post=15635"}],"wp:featuredmedia":[{"embeddable":true,"href":"https:\/\/www.hydraulic-cylinders.net\/fi\/wp-json\/wp\/v2\/media\/14776"}],"wp:attachment":[{"href":"https:\/\/www.hydraulic-cylinders.net\/fi\/wp-json\/wp\/v2\/media?parent=15635"}],"wp:term":[{"taxonomy":"product_brand","embeddable":true,"href":"https:\/\/www.hydraulic-cylinders.net\/fi\/wp-json\/wp\/v2\/product_brand?post=15635"},{"taxonomy":"product_cat","embeddable":true,"href":"https:\/\/www.hydraulic-cylinders.net\/fi\/wp-json\/wp\/v2\/product_cat?post=15635"},{"taxonomy":"product_tag","embeddable":true,"href":"https:\/\/www.hydraulic-cylinders.net\/fi\/wp-json\/wp\/v2\/product_tag?post=15635"}],"curies":[{"name":"wp","href":"https:\/\/api.w.org\/{rel}","templated":true}]}}