{"id":15653,"date":"2025-01-19T14:48:04","date_gmt":"2025-01-19T14:48:04","guid":{"rendered":"https:\/\/www.hydraulic-cylinders.net\/product\/bucket-cylinder-for-sdlg-middle-excavator-lg6225\/"},"modified":"2025-01-19T14:48:06","modified_gmt":"2025-01-19T14:48:06","slug":"bucket-cylinder-for-sdlg-middle-excavator-lg6225","status":"publish","type":"product","link":"https:\/\/www.hydraulic-cylinders.net\/fi\/tuote\/bucket-cylinder-for-sdlg-middle-excavator-lg6225\/","title":{"rendered":"Kauhan sylinteri SDLG-kaivukoneelle LG6225"},"content":{"rendered":"<h1>Kauhan sylinteri SDLG-kaivukoneelle LG6225<\/h1>\n<h2>Johdanto<\/h2>\n<p>SDLG-keskikaivukoneen LG6225 kauhan sylinteri on erikoishydraulinen sylinteri, joka on suunniteltu ohjaamaan kauhan liikett\u00e4 raskaissa koneissa, kuten kaivinkoneissa, traktorikaivureissa ja etukuormaajissa. Sen p\u00e4\u00e4teht\u00e4v\u00e4n\u00e4 on helpottaa erilaisia \u200b\u200bmateriaalink\u00e4sittelyteht\u00e4vi\u00e4 mahdollistamalla kauhan nostamisen, laskemisen ja kallistumisen. Hydraulij\u00e4rjestelm\u00e4ss\u00e4 kauhan sylinteri saavuttaa tarkan kauhan hallinnan hydrauli\u00f6ljyn paineen muutosten avulla, mink\u00e4 ansiosta k\u00e4ytt\u00e4j\u00e4t voivat k\u00e4sitell\u00e4 raskaita kuormia tehokkaasti ja sopeutua monimutkaisiin ty\u00f6ymp\u00e4rist\u00f6ihin ja erilaisiin k\u00e4ytt\u00f6vaatimuksiin.<\/p>\n<p><img loading=\"lazy\" decoding=\"async\" src=\"https:\/\/www.hydraulic-cylinders.net\/wp-content\/uploads\/2025\/01\/songte-company-2.webp\" alt=\"Kauhan sylinteri SDLG-kaivukoneelle LG6225\" width=\"500\" height=\"333\"><\/p>\n<h2>Ominaisuudet<\/h2>\n<ul>\n<li>\n<h3>Korkea lujuus ja kest\u00e4vyys<\/h3>\n<p>Sylinteri on tyypillisesti valmistettu eritt\u00e4in lujasta ter\u00e4ksest\u00e4 tai alumiinista, joka kest\u00e4\u00e4 korkeaa painetta ja raskaita kuormia, sopeutuu vaativiin ty\u00f6ymp\u00e4rist\u00f6ihin ja on suunniteltu ottaen huomioon kulutuskest\u00e4vyys ja korroosionkest\u00e4vyys k\u00e4ytt\u00f6i\u00e4n pident\u00e4miseksi.<\/p>\n<\/li>\n<li>\n<h3>Tehokas hydraulinen k\u00e4ytt\u00f6<\/h3>\n<p>Hydrauli\u00f6ljyn paineen ansiosta sylinteri saavuttaa tasaisen ojennuksen ja sis\u00e4\u00e4nvedon, ja se reagoi nopeasti ohjauskomentoihin, tarjoaa voimakkaita ty\u00f6nt\u00f6- ja vetovoimia. Se soveltuu raskaiden kuormien k\u00e4sittelyyn ja monimutkaisiin k\u00e4ytt\u00f6teht\u00e4viin.<\/p>\n<\/li>\n<li>\n<h3>Erilaiset tyypit<\/h3>\n<p>Sylinteri voi olla yksitoiminen (hydrauliikkaa k\u00e4ytet\u00e4\u00e4n vain yhteen suuntaan) tai kaksitoiminen (hydrauliikkaa k\u00e4ytet\u00e4\u00e4n molempiin suuntiin) k\u00e4ytt\u00f6vaatimuksista riippuen. Jotkut mallit ovat teleskooppisia, mik\u00e4 mahdollistaa suuremman jatkeen ilman ulkomittojen kasvua, joten ne sopivat sovelluksiin, joissa on rajoitetusti tilaa.<\/p>\n<\/li>\n<li>\n<h3>Voi korvata muut hydraulisylinterit<\/h3>\n<p>Tuotteemme voi korvata t\u00e4ydellisesti muut hydraulisylinterit. Tarjoamme varaosia ja kunnostuspalveluita laitteiden k\u00e4ytt\u00f6i\u00e4n pident\u00e4miseksi.<\/p>\n<\/li>\n<li>\n<h3>Erilaisia \u200b\u200bsovelluksia<\/h3>\n<p>Kauhasylinterill\u00e4 on laaja valikoima sovelluksia erilaisissa raskaissa koneissa, kuten:<\/p>\n<ul>\n<li>Rakennuslaitteet: v\u00e4ltt\u00e4m\u00e4tt\u00f6m\u00e4t kaivukoneissa ja kaivinkoneissa tapahtuvaan maaper\u00e4n tai roskien kaivamiseen, lastaamiseen ja siirt\u00e4miseen.<\/li>\n<li>Maatalouskoneet: k\u00e4ytet\u00e4\u00e4n etukuormaajissa maaper\u00e4n, hein\u00e4n ja muiden materiaalien kauhaukseen, nostamiseen ja kuljettamiseen.<\/li>\n<li>Kaivinkoneet: sylinterin ansiosta kauha tunkeutuu maaper\u00e4\u00e4n kaivutoiminnan aikaansaamiseksi.<\/li>\n<li>Kuormaajat: etukuormaajissa ne auttavat nostamaan ja tyhjent\u00e4m\u00e4\u00e4n lastia tehokkaasti.<\/li>\n<\/ul>\n<\/li>\n<\/ul>\n<h2>Suunnittelun\u00e4k\u00f6kohdat ja valintakriteerit<\/h2>\n<p>Kauhasylinteri\u00e4 valittaessa on otettava huomioon useita tekij\u00f6it\u00e4, kuten sen kantavuus, tiiviys, kest\u00e4vyys, turvallisuus ja huolto. Seuraavassa on joitakin suunnitteluun liittyvi\u00e4 n\u00e4k\u00f6kohtia ja valintakriteerej\u00e4:<\/p>\n<ul>\n<li>\n<h3>Kantavuus<\/h3>\n<p>Sylinterin tulee kest\u00e4\u00e4 laitteistoon kohdistuva enimm\u00e4iskuormitus, ja suunnittelussa on otettava huomioon mahdolliset ylikuormitusolosuhteet. Sylinterin kantavuutta voidaan lis\u00e4t\u00e4 k\u00e4ytt\u00e4m\u00e4ll\u00e4 suurempia halkaisijaltaan olevia tankoja ja putkia tai lujempia materiaaleja.<\/p>\n<\/li>\n<li>\n<h3>Tiivistyskyky<\/h3>\n<p>Sylinteri on tiivistett\u00e4v\u00e4 asianmukaisesti hydraulinesteen vuotojen ja ulkoisten ep\u00e4puhtauksien p\u00e4\u00e4syn est\u00e4miseksi. Sylinteriss\u00e4 k\u00e4ytet\u00e4\u00e4n erilaisia \u200b\u200btiivistyskomponentteja, kuten m\u00e4nn\u00e4ntiivisteit\u00e4, m\u00e4nn\u00e4nvarren tiivisteit\u00e4 ja pyyhkij\u00e4n tiivisteit\u00e4, jotka on valmistettu kulutusta kest\u00e4vist\u00e4 materiaaleista, kuten polyuretaanista ja nitriilikumista. Sylinterin runko ja kierrepinta on hienok\u00e4sitelty kulutuskest\u00e4vyyden parantamiseksi ja \u00f6ljyvuotojen est\u00e4miseksi.<\/p>\n<\/li>\n<li>\n<h3>Kest\u00e4vyys<\/h3>\n<p>Sylinteri on suunniteltava ja valmistettava kest\u00e4m\u00e4\u00e4n ankaria k\u00e4ytt\u00f6olosuhteita ja vastustuskyky\u00e4 kulumiselle ja korroosiolle. Korkean lujuuden omaavien materiaalien ja erikoispinnoitteiden k\u00e4ytt\u00f6 voi lis\u00e4t\u00e4 kest\u00e4vyytt\u00e4 ja pident\u00e4\u00e4 k\u00e4ytt\u00f6ik\u00e4\u00e4.<\/p>\n<\/li>\n<li>\n<h3>Turvallisuus<\/h3>\n<p>Sylinteri tulee suunnitella ja asentaa siten, ett\u00e4 se toimii turvallisesti ja luotettavasti. Toimenpiteet, kuten varoventtiilit, paineenalennusventtiilit ja lukitusmekanismit, voivat est\u00e4\u00e4 ylipaineen tai sylinterin odottamattomien liikkeiden aiheuttamat onnettomuudet.<\/p>\n<\/li>\n<li>\n<h3>Huolto<\/h3>\n<p>Sylinterin tulee olla suunniteltu siten, ett\u00e4 se on helppo huoltaa ja korjata. Tiivisteisiin, tankoihin ja muihin osiin tulee olla helppo p\u00e4\u00e4sy tarkastusta ja vaihtoa varten. S\u00e4\u00e4nn\u00f6llinen huolto ja tarkastus voivat est\u00e4\u00e4 ennenaikaisen vikaantumisen ja pident\u00e4\u00e4 sylinterin k\u00e4ytt\u00f6ik\u00e4\u00e4.<\/p>\n<\/li>\n<\/ul>\n<p><img loading=\"lazy\" decoding=\"async\" src=\"https:\/\/www.hydraulic-cylinders.net\/wp-content\/uploads\/2025\/01\/songte-oil-pipes-and-spare-parts.webp\" alt=\"Kauhan sylinteri SDLG-kaivinkoneen LG6225 varaosille\" width=\"500\" height=\"333\"><\/p>\n<h2>Tiivistys ja voitelu<\/h2>\n<p>Kauhan sylinteri vaatii asianmukaisen tiivistyksen ja voitelun luotettavan toiminnan varmistamiseksi ja k\u00e4ytt\u00f6i\u00e4n pident\u00e4miseksi. Seuraavat toimenpiteet voidaan toteuttaa:<\/p>\n<ul>\n<li>K\u00e4yt\u00e4 erilaisia \u200b\u200btiivistyskomponentteja, kuten m\u00e4nn\u00e4ntiivisteit\u00e4, m\u00e4nn\u00e4nvarren tiivisteit\u00e4 ja pyyhkij\u00e4n tiivisteit\u00e4, jotka on valmistettu kulutusta kest\u00e4vist\u00e4 materiaaleista, kuten polyuretaanista ja nitriilikumista, est\u00e4\u00e4ksesi hydraulinesteen vuotamisen ja ulkoisten ep\u00e4puhtauksien p\u00e4\u00e4syn sis\u00e4\u00e4n.<\/li>\n<li>Sylinterin runko ja kierrepinta tulee k\u00e4sitell\u00e4 hienoksi kulutuskest\u00e4vyyden parantamiseksi ja \u00f6ljyvuotojen est\u00e4miseksi.<\/li>\n<li>Lis\u00e4\u00e4 s\u00e4\u00e4nn\u00f6llisesti sopiva m\u00e4\u00e4r\u00e4 hydrauli\u00f6ljy\u00e4 voitelua varten sylinterin sujuvan toiminnan varmistamiseksi.<\/li>\n<\/ul>\n<h2>Huolto ja vianm\u00e4\u00e4ritys<\/h2>\n<p>S\u00e4\u00e4nn\u00f6llinen huolto ja tarkastus voivat est\u00e4\u00e4 ennenaikaisen vikaantumisen ja varmistaa kauhan sylinterin luotettavan toiminnan. Seuraavat huoltotoimenpiteet on suoritettava:<\/p>\n<ul>\n<li>Tiivisteiden ja muiden osien s\u00e4\u00e4nn\u00f6llinen tarkastus ja vaihto vuotojen est\u00e4miseksi ja tiiviyden yll\u00e4pit\u00e4miseksi.<\/li>\n<li>Oikea voitelu varmistaa sujuvan toiminnan ja est\u00e4\u00e4 komponenttien kulumisen ja vaurioitumisen.<\/li>\n<li>Sylinterin kalibrointitarkistus tarkan liikkeen ja asemoinnin varmistamiseksi.<\/li>\n<\/ul>\n<p>Toimintah\u00e4iri\u00f6n sattuessa voidaan tehd\u00e4 seuraavat vianm\u00e4\u00e4ritystoimenpiteet:<\/p>\n<ul>\n<li>Tarkista hydraulinesteen taso ja laatu varmistaaksesi, ettei siin\u00e4 ole ep\u00e4puhtauksia tai vuotoja.<\/li>\n<li>Tarkista sylinterin osat vuotojen tai vaurioiden varalta.<\/li>\n<li>Tarkista ohjausventtiili ja letkut tukosten tai vaurioiden varalta.<\/li>\n<\/ul>\n<p>My\u00f6s ennaltaehk\u00e4isevi\u00e4 toimenpiteit\u00e4 voidaan toteuttaa mahdollisten ongelmien minimoimiseksi, kuten:<\/p>\n<ul>\n<li>Sylinterin s\u00e4\u00e4nn\u00f6llinen tarkastus ja huolto pienten ongelmien havaitsemiseksi ja korjaamiseksi ennen niiden pahenemista.<\/li>\n<li>Sylinterin asianmukainen k\u00e4ytt\u00f6 ja toiminta, v\u00e4ltt\u00e4en ylikuormitusta tai \u00e4killisi\u00e4 iskuja.<\/li>\n<li>Sylinterin asianmukainen s\u00e4ilytys ja k\u00e4sittely, kun sit\u00e4 ei k\u00e4ytet\u00e4.<\/li>\n<\/ul>\n<p><img loading=\"lazy\" decoding=\"async\" src=\"https:\/\/www.hydraulic-cylinders.net\/wp-content\/uploads\/2025\/01\/songte-chushion-collar.webp\" alt=\"Kauhan sylinteri SDLG-kaivukoneelle LG6225 -pehmustekaulus\" width=\"500\" height=\"333\"><\/p>\n<h2>Yrityksen esittely<\/h2>\n<p>Yrityksemme valmistaa korvaavia hydraulisylintereit\u00e4 ja tarjoaa kattavan tuotevalikoiman. Olemme yksi johtavista hydraulisylintereiden valmistajista ja tukkumyyjist\u00e4 kotimaisilla ja kansainv\u00e4lisill\u00e4 markkinoilla. Noudatamme erinomaisen laadun periaatetta ja luotamme teollistettuihin tuotannonohjausstrategioihin hienostuneissa tuotantotiloissamme.<br \/>\nYrityksemme parantaa jatkuvasti valmistusymp\u00e4rist\u00f6\u00e4mme, hioo tuotteidensa laatua tuotantoreittiss\u00e4\u00e4n ja omaa vahvan luomiskyvyn. K\u00e4yt\u00e4mme tehokkaita, tarkkoja ja laadukkaita periaatteita vastataksemme asiakkaidemme monipuolisiin tarpeisiin.<\/p>\n<p><img loading=\"lazy\" decoding=\"async\" src=\"https:\/\/hzpt.com\/wp-content\/uploads\/2024\/11\/songte-company-1.webp\" alt=\"Kauhan sylinteri SDLG-kaivukoneelle LG6225 Yrityksen esittely\" width=\"500\" height=\"333\"><\/p>\n<h2>Lis\u00e4tietoja yrityksest\u00e4<\/h2>\n<ul>\n<li>\n<h3>Ammattimaisuus<\/h3>\n<p>Yrityksell\u00e4mme on ammattitaitoisten insin\u00f6\u00f6rien ja teknikkojen tiimi, joka tarjoaa teknist\u00e4 tukea ja r\u00e4\u00e4t\u00e4l\u00f6intipalveluita erityisvaatimusten t\u00e4ytt\u00e4miseksi.<\/p>\n<\/li>\n<li>\n<h3>Kansainv\u00e4linen sertifiointi<\/h3>\n<p>Tuotteillamme on kansainv\u00e4liset sertifikaatit, kuten ISO9001 ja CE, mik\u00e4 takaa laadun ja luotettavuuden.<\/p>\n<\/li>\n<li>\n<h3>R\u00e4\u00e4t\u00e4l\u00f6intipalvelut<\/h3>\n<p>Tarjoamme r\u00e4\u00e4t\u00e4l\u00f6intipalveluita vastaamaan asiakkaiden erityisvaatimuksia, kuten materiaalia, kokoa, painetta ja k\u00e4ytt\u00f6tarkoitusta.<\/p>\n<\/li>\n<li>\n<h3>Tuotantolaitteet<\/h3>\n<p>Yrityksemme k\u00e4ytt\u00e4\u00e4 edistyneit\u00e4 tuotantolaitteita, kuten CNC-sorveja, jyrsinkoneita, hiomakoneita ja muita erikoiskoneita tarkkuuden ja tehokkuuden varmistamiseksi.<\/p>\n<\/li>\n<li>\n<h3>Myynnin j\u00e4lkeiset palvelut<\/h3>\n<p>Tarjoamme myynnin j\u00e4lkeisi\u00e4 palveluita, kuten asennusohjausta, korjausta ja uudelleenrakennuspalveluita, varmistaaksemme asiakastyytyv\u00e4isyyden ja tuotteiden pitk\u00e4n k\u00e4ytt\u00f6i\u00e4n.<\/p>\n<\/li>\n<\/ul>\n<p>Kirjoittaja: lyl<\/p>","protected":false},"excerpt":{"rendered":"<p>Bucket Cylinder For SDLG Middle Excavator LG6225 Introduction The bucket cylinder for SDLG middle excavator LG6225 is a specialized hydraulic cylinder designed to control the movement of the bucket in heavy machinery such as excavators, backhoe excavators, and front loaders. Its main function is to facilitate various material handling tasks by allowing the bucket to [&hellip;]<\/p>","protected":false},"featured_media":14769,"comment_status":"open","ping_status":"closed","template":"","meta":{"_et_pb_use_builder":"","_et_pb_old_content":"","_et_gb_content_width":""},"product_brand":[],"product_cat":[1494],"product_tag":[1495,1496],"class_list":{"0":"post-15653","1":"product","2":"type-product","3":"status-publish","4":"has-post-thumbnail","6":"product_cat-bucket-cylinders","7":"product_tag-bucket-cylinders","8":"product_tag-hydraulic-cylinders","10":"first","11":"instock","12":"shipping-taxable","13":"product-type-simple"},"amp_enabled":true,"_links":{"self":[{"href":"https:\/\/www.hydraulic-cylinders.net\/fi\/wp-json\/wp\/v2\/product\/15653","targetHints":{"allow":["GET"]}}],"collection":[{"href":"https:\/\/www.hydraulic-cylinders.net\/fi\/wp-json\/wp\/v2\/product"}],"about":[{"href":"https:\/\/www.hydraulic-cylinders.net\/fi\/wp-json\/wp\/v2\/types\/product"}],"replies":[{"embeddable":true,"href":"https:\/\/www.hydraulic-cylinders.net\/fi\/wp-json\/wp\/v2\/comments?post=15653"}],"wp:featuredmedia":[{"embeddable":true,"href":"https:\/\/www.hydraulic-cylinders.net\/fi\/wp-json\/wp\/v2\/media\/14769"}],"wp:attachment":[{"href":"https:\/\/www.hydraulic-cylinders.net\/fi\/wp-json\/wp\/v2\/media?parent=15653"}],"wp:term":[{"taxonomy":"product_brand","embeddable":true,"href":"https:\/\/www.hydraulic-cylinders.net\/fi\/wp-json\/wp\/v2\/product_brand?post=15653"},{"taxonomy":"product_cat","embeddable":true,"href":"https:\/\/www.hydraulic-cylinders.net\/fi\/wp-json\/wp\/v2\/product_cat?post=15653"},{"taxonomy":"product_tag","embeddable":true,"href":"https:\/\/www.hydraulic-cylinders.net\/fi\/wp-json\/wp\/v2\/product_tag?post=15653"}],"curies":[{"name":"wp","href":"https:\/\/api.w.org\/{rel}","templated":true}]}}