{"id":15654,"date":"2025-01-19T14:48:09","date_gmt":"2025-01-19T14:48:09","guid":{"rendered":"https:\/\/www.hydraulic-cylinders.net\/product\/bucket-cylinder-for-sdlg-middle-excavator-lg6250e\/"},"modified":"2025-01-19T14:48:11","modified_gmt":"2025-01-19T14:48:11","slug":"bucket-cylinder-for-sdlg-middle-excavator-lg6250e","status":"publish","type":"product","link":"https:\/\/www.hydraulic-cylinders.net\/fi\/tuote\/bucket-cylinder-for-sdlg-middle-excavator-lg6250e\/","title":{"rendered":"Kauhan sylinteri SDLG-kaivukoneelle LG6250E"},"content":{"rendered":"<h1>Kauhan sylinteri SDLG-kaivukoneelle LG6250E<\/h1>\n<h2>Johdanto<\/h2>\n<h3>M\u00e4\u00e4ritelm\u00e4<\/h3>\n<p>SDLG-keskikaivukoneen LG6250E kauhan sylinteri on erityisesti suunniteltu hydraulisylinteri, jota k\u00e4ytet\u00e4\u00e4n p\u00e4\u00e4asiassa kauhan liikkeen ohjaamiseen raskaissa koneissa, kuten kaivinkoneissa, traktorikaivureissa ja kuormaajissa. Sen p\u00e4\u00e4teht\u00e4v\u00e4n\u00e4 on saada kauha nousemaan, laskemaan ja kallistumaan helppoa materiaalink\u00e4sittely\u00e4 varten. Hydraulij\u00e4rjestelm\u00e4ss\u00e4 kauhan sylinteri hy\u00f6dynt\u00e4\u00e4 hydrauli\u00f6ljyn paineenmuutosta kauhan tarkan ohjauksen saavuttamiseksi, jolloin k\u00e4ytt\u00e4j\u00e4t voivat k\u00e4sitell\u00e4 raskaita kuormia tehokkaasti, sopeutua monimutkaisiin ty\u00f6ymp\u00e4rist\u00f6ihin ja erilaisiin k\u00e4ytt\u00f6tarpeisiin.<\/p>\n<p><img decoding=\"async\" src=\"https:\/\/www.hydraulic-cylinders.net\/wp-content\/uploads\/2025\/01\/songte-company-2.webp\" alt=\"Kauhan sylinteri SDLG-kaivukoneelle LG6250E\"><\/p>\n<h3>Ominaisuudet<\/h3>\n<ul>\n<li><strong>Korkea lujuus ja kest\u00e4vyys:<\/strong> Se on tyypillisesti valmistettu lujasta ter\u00e4ksest\u00e4 tai alumiinista, ja se kest\u00e4\u00e4 korkeaa painetta ja raskaita kuormia ja sopeutuu vaativiin ty\u00f6ymp\u00e4rist\u00f6ihin. Suunnittelussa on otettu huomioon kulumiskest\u00e4vyys ja korroosionkest\u00e4vyys k\u00e4ytt\u00f6i\u00e4n pident\u00e4miseksi.<\/li>\n<li><strong>Tehokas hydraulinen k\u00e4ytt\u00f6:<\/strong> Hydrauli\u00f6ljyn paineen ansiosta se saavuttaa tasaisen venytysliikkeen, reagoi nopeasti ohjauskomentoihin, tarjoaa tehokkaan ty\u00f6nt\u00f6- ja vetovoiman ja soveltuu raskaiden kuormien k\u00e4sittelyyn ja monimutkaisiin k\u00e4ytt\u00f6teht\u00e4viin.<\/li>\n<li><strong>Erilaisia \u200b\u200btyyppej\u00e4:<\/strong> Yksitoimiset (hydraulisesti yhteen suuntaan) tai kaksitoimiset (hydraulisesti molempiin suuntiin) sylinterit voidaan valita tarpeiden mukaan erilaisten k\u00e4ytt\u00f6vaatimusten t\u00e4ytt\u00e4miseksi. Jotkut mallit ovat teleskooppisia, mik\u00e4 mahdollistaa suuremman jatkeen ilman ulkomittojen kasvua, mik\u00e4 sopii sovelluksiin, joissa on rajoitetusti tilaa.<\/li>\n<li><strong>Vaihdettavissa:<\/strong> Tuotteemme voi t\u00e4ydellisesti korvata n\u00e4m\u00e4 hydraulisylinterit.<\/li>\n<\/ul>\n<p><img decoding=\"async\" src=\"https:\/\/www.hydraulic-cylinders.net\/wp-content\/uploads\/2025\/01\/songte-cylinder-head-with-all-kinds-excavator-models.webp\" alt=\"Kauhan sylinteri SDLG-kaivukoneelle LG6250E\"><\/p>\n<h2>Sovellukset<\/h2>\n<p><strong>Rakennuslaitteet:<\/strong> Kaivinkoneissa ne ovat elint\u00e4rkeit\u00e4 kaivamisessa, lastaamisessa ja maaper\u00e4n tai roskien siirt\u00e4misess\u00e4. Kaivinkoneissa kauhan sylinteri auttaa sek\u00e4 kaivamisessa ett\u00e4 nostamisessa. Rakennusalalla k\u00e4ytett\u00e4viss\u00e4 etukuormaajissa ne auttavat kuormien tehokkaassa nostamisessa ja tyhjent\u00e4misess\u00e4.<\/p>\n<p><strong>Maatalouskoneet:<\/strong> K\u00e4ytet\u00e4\u00e4n etukuormaajissa maan, hein\u00e4n ja muiden materiaalien kaivamiseen, nostamiseen ja kuljettamiseen. Kaivinkoneissa kauhan sylinteri mahdollistaa kaivamisen antamalla kauhan tunkeutua maaper\u00e4\u00e4n.<\/p>\n<h2>Suunnittelun\u00e4k\u00f6kohdat ja valintakriteerit<\/h2>\n<h3>Kantavuus<\/h3>\n<p>Kauhasylinteri on suunniteltu kest\u00e4m\u00e4\u00e4n raskaita kuormia ja korkeita paineita, mik\u00e4 varmistaa sen tehokkaan toiminnan my\u00f6s ankarissa ty\u00f6olosuhteissa. On t\u00e4rke\u00e4\u00e4 valita sylinteri, jolla on riitt\u00e4v\u00e4 kantokyky, jotta v\u00e4ltet\u00e4\u00e4n vauriot tai viat k\u00e4yt\u00f6n aikana.<\/p>\n<h3>Tiivistys ja kest\u00e4vyys<\/h3>\n<p>Kauhasylinteriss\u00e4 k\u00e4ytet\u00e4\u00e4n erilaisia \u200b\u200btiivisteit\u00e4 hydrauli\u00f6ljyn vuotojen est\u00e4miseksi, kuten m\u00e4nn\u00e4ntiivisteit\u00e4, varren tiivisteit\u00e4 jne. Tiivisteet on valmistettu kulutusta kest\u00e4vist\u00e4 materiaaleista, kuten polyuretaanista ja nitriilikumista. Sylinterin runko ja kierteiden p\u00e4\u00e4typinta on hienosti k\u00e4sitelty kulutuskest\u00e4vyyden parantamiseksi. S\u00e4\u00e4nn\u00f6llinen oikean m\u00e4\u00e4r\u00e4n hydrauli\u00f6ljyn lis\u00e4\u00e4minen voi auttaa voitelussa ja varmistaa sylinterin kest\u00e4vyyden.<\/p>\n<p><img decoding=\"async\" src=\"https:\/\/www.hydraulic-cylinders.net\/wp-content\/uploads\/2025\/01\/songte-oil-pipes-and-spare-parts.webp\" alt=\"Kauhan sylinteri SDLG-kaivukoneelle LG6250E\"><\/p>\n<h2>Huolto ja korjaus<\/h2>\n<p>S\u00e4\u00e4nn\u00f6lliset tarkastukset, asianmukainen voitelu ja kalibrointitarkastukset ovat yleisi\u00e4 huoltoteht\u00e4vi\u00e4, jotka voivat auttaa pident\u00e4m\u00e4\u00e4n kauhasylinterin k\u00e4ytt\u00f6ik\u00e4\u00e4. Asianmukainen asennus, voitelu ja s\u00e4\u00e4t\u00f6 ovat v\u00e4ltt\u00e4m\u00e4tt\u00f6mi\u00e4 sen varmistamiseksi, ett\u00e4 sylinteri toimii oikein. On suositeltavaa k\u00e4ytt\u00e4\u00e4 sopivia asennuskiinnikkeit\u00e4 sylinterin kiinnitt\u00e4miseen. Suositellut tarkastus-, korjaus- ja vaihtomenettelyt, varaosat ja korjauspalvelut voivat auttaa parantamaan sylinterin k\u00e4ytt\u00f6ik\u00e4\u00e4.<\/p>\n<p><img decoding=\"async\" src=\"https:\/\/www.hydraulic-cylinders.net\/wp-content\/uploads\/2025\/01\/songte-chushion-collar.webp\" alt=\"Kauhan sylinteri SDLG-kaivukoneelle LG6250E\"><\/p>\n<h2>Turvallisuusn\u00e4k\u00f6kohdat ja ymp\u00e4rist\u00f6tekij\u00e4t<\/h2>\n<p>Kauhasylinteri\u00e4 k\u00e4ytett\u00e4ess\u00e4 turvatoimenpiteet ovat \u00e4\u00e4rimm\u00e4isen t\u00e4rkeit\u00e4. On t\u00e4rke\u00e4\u00e4 noudattaa asianmukaisia \u200b\u200bturvallisuusmenetelmi\u00e4 ja k\u00e4ytt\u00e4\u00e4 suojavarusteita koneita k\u00e4ytett\u00e4ess\u00e4. Sylinterin suunnittelussa on otettu huomioon my\u00f6s ymp\u00e4rist\u00f6tekij\u00e4t, kuten korroosionkest\u00e4vyys ja asianmukaisten materiaalien k\u00e4ytt\u00f6 sylinterin eheyden yll\u00e4pit\u00e4miseksi.<\/p>\n<h2>Yleisten ongelmien diagnosointi ja vianm\u00e4\u00e4ritys<\/h2>\n<p>Kauhasylinteriss\u00e4 voi esiinty\u00e4 erilaisia \u200b\u200bongelmia, kuten hydrauli\u00f6ljyvuotoja, riitt\u00e4m\u00e4t\u00f6nt\u00e4 tai olematonta vastetta tai kyvytt\u00f6myytt\u00e4 ojentaa tai supistaa kauhaansa. Tiivisteiden, hydraulinesteen tason ja sylinterin kantavuuden tarkistaminen voi auttaa diagnosoimaan ja ratkaisemaan yleisi\u00e4 ongelmia. Ennaltaehk\u00e4isev\u00e4t toimenpiteet, kuten s\u00e4\u00e4nn\u00f6lliset tarkastukset, asianmukainen voitelu ja kalibrointitarkastukset, voivat auttaa v\u00e4hent\u00e4m\u00e4\u00e4n mahdollisia ongelmia.<\/p>\n<p><img decoding=\"async\" src=\"https:\/\/www.hydraulic-cylinders.net\/wp-content\/uploads\/2025\/01\/songte-bushings-with-all-kinds-of-excavator-models.webp\" alt=\"Kauhan sylinteri SDLG-kaivukoneelle LG6250E\"><\/p>\n<h2>Tietoa meist\u00e4<\/h2>\n<p>Olemme korvaavien hydraulisylinterien valmistaja. Yrityksell\u00e4mme on kattava tuotevalikoima ja olemme yksi johtavista hydraulisylinterien valmistajista ja tukkumyyjist\u00e4 kotimaisilla ja kansainv\u00e4lisill\u00e4 markkinoilla. Noudatamme erinomaisen laadun periaatetta ja luotamme teollistettuihin tuotannonohjausstrategioihin hienostuneissa valmistuspajoissa. Teknologisten kykyjen, digitaalisten huippuluokan valmistuslaitteiden ja ammattimaisten testausj\u00e4rjestelmien avulla parannamme jatkuvasti valmistusalustaa, parannamme tuotteen laatua ja meill\u00e4 on vahva luova kyky. Pyrimme vastaamaan monipuolisiin asiakastarpeisiin tehokkaalla, tarkalla ja laadukkaalla tavalla.<\/p>\n<p><img decoding=\"async\" src=\"https:\/\/hzpt.com\/wp-content\/uploads\/2024\/11\/songte-company-1.webp\" alt=\"Kauhan sylinteri SDLG-kaivukoneelle LG6250E\"><\/p>\n<h3>Ammattimaisuus<\/h3>\n<p>Yrityksell\u00e4mme on kokeneiden ammattilaisten tiimi, joka on erikoistunut hydraulisylintereiden tuotantoon, suunnitteluun ja huoltoon. Tavoitteenamme on tarjota asiakkaillemme parhaita tuotteita ja palveluita.<\/p>\n<h3>Kansainv\u00e4linen sertifiointi<\/h3>\n<p>Yrityksemme on saanut useita kansainv\u00e4lisi\u00e4 sertifikaatteja, kuten ISO 9001:2015 ja CE, varmistaakseen, ett\u00e4 tuotteemme t\u00e4ytt\u00e4v\u00e4t kansainv\u00e4liset standardit ja laatuvaatimukset.<\/p>\n<h3>R\u00e4\u00e4t\u00e4l\u00f6idyt palvelut<\/h3>\n<p>Tarjoamme r\u00e4\u00e4t\u00e4l\u00f6ityj\u00e4 palveluita asiakkaiden erityistarpeiden t\u00e4ytt\u00e4miseksi, kuten erikoiskokoja ja -malleja, varmistaaksemme, ett\u00e4 tuote t\u00e4ytt\u00e4\u00e4 asiakkaan vaatimukset.<\/p>\n<h3>Tuotantolaitteet<\/h3>\n<p>Yrityksemme k\u00e4ytt\u00e4\u00e4 digitaalisia huippuluokan valmistuslaitteita ja ammattimaisia \u200b\u200btestausj\u00e4rjestelmi\u00e4 tuotteidemme laadun ja tarkkuuden varmistamiseksi.<\/p>\n<h3>Myynnin j\u00e4lkeinen palvelu<\/h3>\n<p>Yrityksemme tarjoaa luotettavia j\u00e4lkimarkkinointipalveluita, kuten tuotteiden huoltoa, korjausta ja vaihtoa, asiakastyytyv\u00e4isyyden varmistamiseksi.<\/p>\n<h4>Kirjoittaja: lyl<\/h4>","protected":false},"excerpt":{"rendered":"<p>Bucket Cylinder For SDLG Middle Excavator LG6250E Introduction Definition The Bucket Cylinder for SDLG Middle Excavator LG6250E is a specially designed hydraulic cylinder mainly used to control the movement of the bucket in heavy machinery like excavators, backhoes, and loaders. Its main function is to make the bucket lift, lower and tilt for easy material [&hellip;]<\/p>","protected":false},"featured_media":14765,"comment_status":"open","ping_status":"closed","template":"","meta":{"_et_pb_use_builder":"","_et_pb_old_content":"","_et_gb_content_width":""},"product_brand":[],"product_cat":[1494],"product_tag":[1495,1496],"class_list":{"0":"post-15654","1":"product","2":"type-product","3":"status-publish","4":"has-post-thumbnail","6":"product_cat-bucket-cylinders","7":"product_tag-bucket-cylinders","8":"product_tag-hydraulic-cylinders","10":"first","11":"instock","12":"shipping-taxable","13":"product-type-simple"},"amp_enabled":true,"_links":{"self":[{"href":"https:\/\/www.hydraulic-cylinders.net\/fi\/wp-json\/wp\/v2\/product\/15654","targetHints":{"allow":["GET"]}}],"collection":[{"href":"https:\/\/www.hydraulic-cylinders.net\/fi\/wp-json\/wp\/v2\/product"}],"about":[{"href":"https:\/\/www.hydraulic-cylinders.net\/fi\/wp-json\/wp\/v2\/types\/product"}],"replies":[{"embeddable":true,"href":"https:\/\/www.hydraulic-cylinders.net\/fi\/wp-json\/wp\/v2\/comments?post=15654"}],"wp:featuredmedia":[{"embeddable":true,"href":"https:\/\/www.hydraulic-cylinders.net\/fi\/wp-json\/wp\/v2\/media\/14765"}],"wp:attachment":[{"href":"https:\/\/www.hydraulic-cylinders.net\/fi\/wp-json\/wp\/v2\/media?parent=15654"}],"wp:term":[{"taxonomy":"product_brand","embeddable":true,"href":"https:\/\/www.hydraulic-cylinders.net\/fi\/wp-json\/wp\/v2\/product_brand?post=15654"},{"taxonomy":"product_cat","embeddable":true,"href":"https:\/\/www.hydraulic-cylinders.net\/fi\/wp-json\/wp\/v2\/product_cat?post=15654"},{"taxonomy":"product_tag","embeddable":true,"href":"https:\/\/www.hydraulic-cylinders.net\/fi\/wp-json\/wp\/v2\/product_tag?post=15654"}],"curies":[{"name":"wp","href":"https:\/\/api.w.org\/{rel}","templated":true}]}}