{"id":15656,"date":"2025-01-19T14:48:17","date_gmt":"2025-01-19T14:48:17","guid":{"rendered":"https:\/\/www.hydraulic-cylinders.net\/product\/bucket-cylinder-for-sdlg-large-excavator-lg6300\/"},"modified":"2025-01-19T14:48:19","modified_gmt":"2025-01-19T14:48:19","slug":"bucket-cylinder-for-sdlg-large-excavator-lg6300","status":"publish","type":"product","link":"https:\/\/www.hydraulic-cylinders.net\/fi\/tuote\/bucket-cylinder-for-sdlg-large-excavator-lg6300\/","title":{"rendered":"Kauhan sylinteri SDLG-kaivukoneelle LG6300"},"content":{"rendered":"<h1>Kauhan sylinteri SDLG-kaivukoneelle LG6300<\/h1>\n<h2>Johdanto<\/h2>\n<p>A bucket cylinder is a specialized hydraulic cylinder designed to control the movement of buckets in heavy machinery such as excavators, backhoe loaders, and front-end loaders. Its main function is to allow the bucket to lift, lower, and tilt, making it easier to handle various material transport tasks. In the hydraulic system, the bucket cylinder controls the bucket&#8217;s precise movement through changes in hydraulic oil pressure, allowing operators to efficiently handle heavy loads and adapt to complex work environments and diverse job requirements.<\/p>\n<p><img decoding=\"async\" src=\"https:\/\/www.hydraulic-cylinders.net\/wp-content\/uploads\/2025\/01\/songte-company-2.webp\" alt=\"Kauhan sylinterin kuva\"><\/p>\n<h2>Ominaisuudet<\/h2>\n<ul>\n<li>Korkea lujuus ja kest\u00e4vyys: Tyypillisesti eritt\u00e4in lujasta ter\u00e4ksest\u00e4 tai alumiinista valmistettu tuote kest\u00e4\u00e4 korkeaa painetta ja raskaita kuormia ja mukautuu vaativiin ty\u00f6olosuhteisiin. Suunnittelussa on otettu huomioon kulumiskest\u00e4vyys ja korroosionkest\u00e4vyys, mik\u00e4 pident\u00e4\u00e4 k\u00e4ytt\u00f6ik\u00e4\u00e4.<\/li>\n<li>Tehokas hydraulinen toiminta: K\u00e4ytt\u00e4\u00e4 hydrauli\u00f6ljyn painetta tasaisen teleskooppiliikkeen saavuttamiseksi, reagoi nopeasti ohjauskomentoihin, tarjoaa tehokkaan ty\u00f6nt\u00f6- ja vetovoiman, sopii raskaiden kuormien k\u00e4sittelyyn ja monimutkaisiin ty\u00f6teht\u00e4viin.<\/li>\n<li>Erilaisia \u200b\u200btyyppej\u00e4: Voi valita yksitoimisia (hydrauliikkaa k\u00e4ytet\u00e4\u00e4n vain yhteen suuntaan) tai kaksitoimisia (hydrauliikkaa k\u00e4ytet\u00e4\u00e4n molempiin suuntiin) sylintereit\u00e4 tarpeiden mukaan erilaisten k\u00e4ytt\u00f6vaatimusten t\u00e4ytt\u00e4miseksi. Jotkut mallit ovat teleskooppisia, mik\u00e4 mahdollistaa suuremman jatkeen ilman ulkomittojen kasvua, joten ne sopivat rajoitettuihin tiloihin.<\/li>\n<li>Helppo vaihtaa: Tuotteemme voi t\u00e4ydellisesti korvata n\u00e4m\u00e4 hydraulisylinterit.<\/li>\n<li>Mukautettava: Voimme valmistaa t\u00e4m\u00e4n tuotteen erityistarpeidesi mukaan.<\/li>\n<\/ul>\n<p><img decoding=\"async\" src=\"https:\/\/www.hydraulic-cylinders.net\/wp-content\/uploads\/2025\/01\/songte-cylinder-head-with-all-kinds-excavator-models.webp\" alt=\"Kauhan sylinterin kuva\"><\/p>\n<h2>Sovellukset<\/h2>\n<p>Kauhasylinteri\u00e4 k\u00e4ytet\u00e4\u00e4n useissa raskaissa koneissa, mukaan lukien:<\/p>\n<ul>\n<li>Rakennuslaitteet: Kaivinkoneissa ne ovat v\u00e4ltt\u00e4m\u00e4tt\u00f6mi\u00e4 kaivamiseen, lastaamiseen ja maaper\u00e4n tai roskien siirt\u00e4miseen. Kaivurikuormaajissa kauhan sylinterit auttavat sek\u00e4 kaivamisessa ett\u00e4 nostamisessa. <\/li>\n<li>Maatalouskoneet: K\u00e4ytet\u00e4\u00e4n etukuormaajissa maaper\u00e4n, hein\u00e4n ja muiden materiaalien kauhaukseen, nostamiseen ja kuljettamiseen.<\/li>\n<li>Kaivinkoneet: Kauhan sylinteri mahdollistaa kaivamisen antamalla kauhan tunkeutua maaper\u00e4\u00e4n.<\/li>\n<li>Etukuormaajat: Etukuormaajissa ne auttavat tavaroiden tehokkaassa nostamisessa ja kallistamisessa.<\/li>\n<\/ul>\n<h2>Suunnittelun\u00e4k\u00f6kohdat ja valintakriteerit<\/h2>\n<p>Sylinteri\u00e4 suunniteltaessa ja valittaessa on otettava huomioon seuraavat seikat:<\/p>\n<ul>\n<li>Kantavuus: Kauhan sylinterin tulee kyet\u00e4 k\u00e4sittelem\u00e4\u00e4n odotettu kuormakapasiteetti.<\/li>\n<li>Tiivistys: Kauhan sylinteri tulee suunnitella asianmukaisilla tiivisteill\u00e4 nestevuotojen ja kontaminaation est\u00e4miseksi.<\/li>\n<li>Kest\u00e4vyys: Kauhasylinterin materiaalien ja rakenteen tulee kest\u00e4\u00e4 odotettua kulumista sen k\u00e4yt\u00f6n aikana.<\/li>\n<li>Turvallisuus: Kauhan sylinterin tulee olla suunniteltu est\u00e4m\u00e4\u00e4n onnettomuudet sis\u00e4llytt\u00e4m\u00e4ll\u00e4 siihen turvaominaisuuksia.<\/li>\n<li>Huolto: Kauhasylinterin tulee olla helposti huollettavissa ja korjattavissa, siten ett\u00e4 komponentit ovat helposti saatavilla ja seisokkiaika on mahdollisimman lyhyt.<\/li>\n<\/ul>\n<p><img decoding=\"async\" src=\"https:\/\/www.hydraulic-cylinders.net\/wp-content\/uploads\/2025\/01\/songte-oil-pipes-and-spare-parts.webp\" alt=\"Kauhan sylinterin kuva\"><\/p>\n<h2>Tiivistys ja voitelu<\/h2>\n<p>Kauhasylinteriss\u00e4 k\u00e4ytet\u00e4\u00e4n erilaisia \u200b\u200btiivistyselementtej\u00e4, kuten m\u00e4nn\u00e4n tiivisterenkaita ja m\u00e4nn\u00e4nvarren tiivisterenkaita, jotka on valmistettu kulutusta kest\u00e4vist\u00e4 materiaaleista, kuten polyuretaanista ja nitriilikumista. Sylinterin runko ja kierteitetyt p\u00e4\u00e4typinnat on hienok\u00e4sitelty kulutuskest\u00e4vyyden parantamiseksi. Sopivan hydrauli\u00f6ljyn s\u00e4\u00e4nn\u00f6llinen lis\u00e4\u00e4minen on v\u00e4ltt\u00e4m\u00e4t\u00f6nt\u00e4 asianmukaisen voitelun varmistamiseksi. <\/p>\n<h2>Huolto ja korjaus<\/h2>\n<p>Kauhasylinterin k\u00e4ytt\u00f6i\u00e4n pident\u00e4miseksi tulisi toteuttaa s\u00e4\u00e4nn\u00f6llisi\u00e4 tarkastus- ja ennaltaehk\u00e4isevi\u00e4 huoltotoimenpiteit\u00e4. Huoltoteht\u00e4viin voi kuulua s\u00e4\u00e4nn\u00f6llinen voitelu, tiivisteiden vaihto ja kalibrointitarkastukset. Asianmukainen asennus on ratkaisevan t\u00e4rke\u00e4\u00e4 kulumisen minimoimiseksi ja turvallisuuden varmistamiseksi. On suositeltavaa k\u00e4ytt\u00e4\u00e4 sopivia asennuskiinnikkeit\u00e4 sylinterin kiinnitt\u00e4miseen. Sylinterin k\u00e4ytt\u00f6i\u00e4n pident\u00e4miseksi annetaan suositellut tarkastus-, korjaus- ja vaihtomenettelyt, mukaan lukien osien vaihto ja uudelleenrakennuspalvelut.<\/p>\n<p><img decoding=\"async\" src=\"https:\/\/www.hydraulic-cylinders.net\/wp-content\/uploads\/2025\/01\/songte-chushion-collar.webp\" alt=\"Kauhan sylinterin kuva\"><\/p>\n<h2>Turvallisuus- ja ymp\u00e4rist\u00f6n\u00e4k\u00f6kohdat<\/h2>\n<p>Kauhasylinteri\u00e4 k\u00e4ytett\u00e4ess\u00e4 on ryhdytt\u00e4v\u00e4 turvatoimiin onnettomuuksien v\u00e4ltt\u00e4miseksi. Sylinteri\u00e4 valittaessa on otettava huomioon my\u00f6s ymp\u00e4rist\u00f6tekij\u00e4t, kuten l\u00e4mp\u00f6tila ja kosteus.<\/p>\n<h2>Vianm\u00e4\u00e4ritys ja yleiset ongelmat<\/h2>\n<p>Kauhan sylinterin yleisi\u00e4 ongelmia voivat olla nestevuodot, toimintah\u00e4iri\u00f6iset m\u00e4nn\u00e4t, taipuneet tangot ja vaurioituneet tiivisteet. Vianm\u00e4\u00e4ritysvinkkej\u00e4 ja -ratkaisuja annetaan auttamaan lukijoita diagnosoimaan ja ratkaisemaan ongelmia tehokkaasti. Ennaltaehk\u00e4isevi\u00e4 toimenpiteit\u00e4 ehdotetaan mahdollisten ongelmien minimoimiseksi.<\/p>\n<p><img decoding=\"async\" src=\"https:\/\/www.hydraulic-cylinders.net\/wp-content\/uploads\/2025\/01\/songte-bushings-with-all-kinds-of-excavator-models.webp\" alt=\"Kauhan sylinterin kuva\"><\/p>\n<h2>Tietoa yrityksest\u00e4mme<\/h2>\n<p>We are a manufacturer of hydraulic cylinders and one of the leading manufacturers and wholesalers of hydraulic cylinders in both domestic and international markets. We follow the principle of excellent quality and rely on the production management strategy of a sophisticated manufacturing workshop. We continuously improve the manufacturing platform of the workshop from the utilization of technical talents, digital high-end manufacturing equipment, and professional testing systems, perfecting the production route of product quality, and have strong creative capabilities to meet customers&#8217; diverse needs with high efficiency, high precision, and high quality.<\/p>\n<ul>\n<li>Ammattitaito: Asiantuntijatiimill\u00e4mme on laaja kokemus hydraulisylintereiden suunnittelusta, valmistuksesta ja huollosta.<\/li>\n<li>Kansainv\u00e4linen sertifiointi: Tuotteemme on sertifioitu t\u00e4ytt\u00e4m\u00e4\u00e4n kansainv\u00e4liset standardit ja ne ovat ISO 9001 -laatuj\u00e4rjestelm\u00e4n standardien mukaisia.<\/li>\n<li>Customized Services: We offer customized solutions to meet our customers&#8217; specific needs.<\/li>\n<li>Edistykselliset tuotantolaitteet: Huippuluokan tuotantolaitteemme takaavat tasaisen laadun ja tehokkaan tuotannon.<\/li>\n<li>Myynnin j\u00e4lkeinen palvelu: Tarjoamme oikea-aikaista ja tehokasta myynnin j\u00e4lkeist\u00e4 palvelua asiakastyytyv\u00e4isyyden varmistamiseksi.<\/li>\n<\/ul>\n<p><img decoding=\"async\" src=\"https:\/\/hzpt.com\/wp-content\/uploads\/2024\/11\/songte-company-1.webp\" alt=\"Kauhan sylinterin kuva\"><\/p>\n<p>Kirjoittaja: lyl.<\/p>","protected":false},"excerpt":{"rendered":"<p>Bucket Cylinder For SDLG Large Excavator LG6300 Introduction A bucket cylinder is a specialized hydraulic cylinder designed to control the movement of buckets in heavy machinery such as excavators, backhoe loaders, and front-end loaders. Its main function is to allow the bucket to lift, lower, and tilt, making it easier to handle various material transport [&hellip;]<\/p>","protected":false},"featured_media":14761,"comment_status":"open","ping_status":"closed","template":"","meta":{"_et_pb_use_builder":"","_et_pb_old_content":"","_et_gb_content_width":""},"product_brand":[],"product_cat":[1494],"product_tag":[1495,1496],"class_list":{"0":"post-15656","1":"product","2":"type-product","3":"status-publish","4":"has-post-thumbnail","6":"product_cat-bucket-cylinders","7":"product_tag-bucket-cylinders","8":"product_tag-hydraulic-cylinders","10":"first","11":"instock","12":"shipping-taxable","13":"product-type-simple"},"amp_enabled":true,"_links":{"self":[{"href":"https:\/\/www.hydraulic-cylinders.net\/fi\/wp-json\/wp\/v2\/product\/15656","targetHints":{"allow":["GET"]}}],"collection":[{"href":"https:\/\/www.hydraulic-cylinders.net\/fi\/wp-json\/wp\/v2\/product"}],"about":[{"href":"https:\/\/www.hydraulic-cylinders.net\/fi\/wp-json\/wp\/v2\/types\/product"}],"replies":[{"embeddable":true,"href":"https:\/\/www.hydraulic-cylinders.net\/fi\/wp-json\/wp\/v2\/comments?post=15656"}],"wp:featuredmedia":[{"embeddable":true,"href":"https:\/\/www.hydraulic-cylinders.net\/fi\/wp-json\/wp\/v2\/media\/14761"}],"wp:attachment":[{"href":"https:\/\/www.hydraulic-cylinders.net\/fi\/wp-json\/wp\/v2\/media?parent=15656"}],"wp:term":[{"taxonomy":"product_brand","embeddable":true,"href":"https:\/\/www.hydraulic-cylinders.net\/fi\/wp-json\/wp\/v2\/product_brand?post=15656"},{"taxonomy":"product_cat","embeddable":true,"href":"https:\/\/www.hydraulic-cylinders.net\/fi\/wp-json\/wp\/v2\/product_cat?post=15656"},{"taxonomy":"product_tag","embeddable":true,"href":"https:\/\/www.hydraulic-cylinders.net\/fi\/wp-json\/wp\/v2\/product_tag?post=15656"}],"curies":[{"name":"wp","href":"https:\/\/api.w.org\/{rel}","templated":true}]}}