{"id":1566,"date":"2023-10-07T01:33:19","date_gmt":"2023-10-07T01:33:19","guid":{"rendered":"https:\/\/hydraulic-cylinders.net\/?post_type=product&#038;p=1566"},"modified":"2025-04-11T03:28:33","modified_gmt":"2025-04-11T03:28:33","slug":"mobile-crane-suspension-cylinder","status":"publish","type":"product","link":"https:\/\/www.hydraulic-cylinders.net\/fi\/tuote\/mobile-crane-suspension-cylinder\/","title":{"rendered":"Ajoneuvonosturin jousitussylinteri"},"content":{"rendered":"<h1 style=\"text-align: center;\"><strong>Ajoneuvonosturin jousitussylinteri<\/strong><\/h1>\n<p><img loading=\"lazy\" decoding=\"async\" class=\"wp-image-1568 aligncenter\" src=\"https:\/\/hydraulic-cylinders.net\/wp-content\/uploads\/2023\/10\/suspension-cylinder-1-1-300x300.webp\" alt=\"\" width=\"400\" height=\"400\" \/><\/p>\n<p>Mobiilinosturin ripustussylinteri on elint\u00e4rke\u00e4 mobiilinosturij\u00e4rjestelmiss\u00e4, ja se on suunniteltu optimoimaan vakautta ja suorituskyky\u00e4 nostotoimintojen aikana. T\u00e4m\u00e4 hydraulisylinteri tukee nosturin ripustusj\u00e4rjestelm\u00e4\u00e4 varmistaen tasaisen ja hallitun liikkeen raskaita kuormia kuljetettaessa.<\/p>\n<p>Mobiilinosturin ripustussylinteri on v\u00e4ltt\u00e4m\u00e4t\u00f6n osa mobiilinosturij\u00e4rjestelmi\u00e4, sill\u00e4 se tarjoaa vakautta, kuorman jakautumista ja korkeuss\u00e4\u00e4t\u00f6\u00e4. Kest\u00e4v\u00e4n rakenteensa, tarkan hydraulisen ohjauksensa, parannettujen ripustusominaisuuksiensa ja helppok\u00e4ytt\u00f6isyytens\u00e4 ansiosta t\u00e4m\u00e4 hydraulisylinteri parantaa merkitt\u00e4v\u00e4sti nostotoimintojen yleist\u00e4 suorituskyky\u00e4 ja turvallisuutta. Noudattamalla oikeita k\u00e4ytt\u00f6menetelmi\u00e4 ja suositeltuja huoltok\u00e4yt\u00e4nt\u00f6j\u00e4 k\u00e4ytt\u00e4j\u00e4t voivat maksimoida mobiilinosturin ripustussylinterin k\u00e4ytt\u00f6i\u00e4n ja luotettavuuden varmistaen turvallisen ja tehokkaan nostamisen erilaisissa rakennus- ja teollisuusymp\u00e4rist\u00f6iss\u00e4. Valitse t\u00e4m\u00e4 v\u00e4ltt\u00e4m\u00e4t\u00f6n hydraulinen komponentti parantaaksesi mobiilinosturij\u00e4rjestelm\u00e4si vakautta, suorituskyky\u00e4 ja monipuolisuutta, mik\u00e4 mahdollistaa onnistuneen toiminnan ja uusien tuottavuuden korkeuksien saavuttamisen.<\/p>\n<p>Ajoneuvonosturin jousitussylinterin t\u00e4rkeimm\u00e4t ominaisuudet:<\/p>\n<ol>\n<li>Vankka rakenne:<\/li>\n<\/ol>\n<ul>\n<li>Ajoneuvonosturin jousitussylinteri on valmistettu korkealaatuisista materiaaleista, mik\u00e4 varmistaa kest\u00e4vyyden ja luotettavuuden vaativissa ty\u00f6olosuhteissa.<\/li>\n<li>Se on suunniteltu kest\u00e4m\u00e4\u00e4n raskaita kuormia, iskuja ja t\u00e4rin\u00e4\u00e4, ja se tarjoaa pitk\u00e4ik\u00e4isen suorituskyvyn my\u00f6s haastavissa ymp\u00e4rist\u00f6iss\u00e4.<\/li>\n<\/ul>\n<ol start=\"2\">\n<li>Hydraulinen ohjaus:<\/li>\n<\/ol>\n<ul>\n<li>T\u00e4m\u00e4 sylinteri k\u00e4ytt\u00e4\u00e4 hydraulista voimaa mobiilinosturin jousitusj\u00e4rjestelm\u00e4n ohjaamiseen.<\/li>\n<li>Hydraulinen ohjaus mahdollistaa tarkat s\u00e4\u00e4d\u00f6t, mik\u00e4 varmistaa optimaalisen vakauden ja kuorman jakautumisen nostotoimenpiteiden aikana.<\/li>\n<\/ul>\n<ol start=\"3\">\n<li>Parannettu jousitus:<\/li>\n<\/ol>\n<ul>\n<li>Nosturin jousitusj\u00e4rjestelm\u00e4 parantaa vakautta ja kuormankantokyky\u00e4 yhdist\u00e4m\u00e4ll\u00e4 siihen liikkuvan nosturin jousitussylinterin.<\/li>\n<li>Se vaimentaa tehokkaasti iskuja ja t\u00e4rin\u00e4\u00e4, minimoiden nosturin rakenteeseen kohdistuvat vaikutukset ja varmistaen tasaisemman toiminnan.<\/li>\n<\/ul>\n<ol start=\"4\">\n<li>Korkeuden s\u00e4\u00e4t\u00f6:<\/li>\n<\/ol>\n<ul>\n<li>Jousitussylinteri mahdollistaa nosturin korkeuden s\u00e4\u00e4t\u00e4misen, jolloin k\u00e4ytt\u00e4j\u00e4t voivat sopeutua erilaisiin ty\u00f6maaolosuhteisiin.<\/li>\n<li>Korkeuden s\u00e4\u00e4t\u00f6 lis\u00e4\u00e4 joustavuutta, jolloin nosturi voi ty\u00f6skennell\u00e4 tehokkaasti alueilla, joilla on rajoitettu yl\u00e4puolinen maavara tai ep\u00e4tasainen maasto.<\/li>\n<\/ul>\n<h2><strong>Mobiilinosturin jousituksen sylinterin parametri:<\/strong><\/h2>\n<table border=\"1\" cellspacing=\"0\" cellpadding=\"0\">\n<tbody>\n<tr>\n<td>Tuotteen nimi<\/td>\n<td>Ajoneuvonosturin jousitussylinteri<\/td>\n<\/tr>\n<tr>\n<td>Ominaisuudet:<\/td>\n<td>Nosturialustan vaimennusj\u00e4rjestelm\u00e4<\/td>\n<\/tr>\n<tr>\n<td>Rei\u00e4n halkaisija:<\/td>\n<td>85 mm\uff5e180 mm<\/td>\n<\/tr>\n<tr>\n<td>Tangon halkaisija:<\/td>\n<td>50 mm\uff5e100 mm<br \/>\nIsku \u2264300 mm<\/td>\n<\/tr>\n<tr>\n<td>Paine:<\/td>\n<td>Enimm\u00e4ispaine 35 MPa<\/td>\n<\/tr>\n<tr>\n<td>Jousitussylinterin sovellukset:<\/td>\n<td>Mobiilinosturi<\/td>\n<\/tr>\n<\/tbody>\n<\/table>\n<h2><strong>Mobiilinosturin tunnistuskaavio:<\/strong><\/h2>\n<p><img loading=\"lazy\" decoding=\"async\" class=\"alignnone wp-image-1551 size-full\" src=\"https:\/\/hydraulic-cylinders.net\/wp-content\/uploads\/2023\/09\/mobile-crane-cylinder-construction-1.webp\" alt=\"\" width=\"1418\" height=\"946\" srcset=\"https:\/\/hydraulic-cylinders.net\/wp-content\/uploads\/2023\/09\/mobile-crane-cylinder-construction-1.webp 1418w, https:\/\/hydraulic-cylinders.net\/wp-content\/uploads\/2023\/09\/mobile-crane-cylinder-construction-1-1280x854.webp 1280w, https:\/\/hydraulic-cylinders.net\/wp-content\/uploads\/2023\/09\/mobile-crane-cylinder-construction-1-980x654.webp 980w, https:\/\/hydraulic-cylinders.net\/wp-content\/uploads\/2023\/09\/mobile-crane-cylinder-construction-1-480x320.webp 480w\" sizes=\"(min-width: 0px) and (max-width: 480px) 480px, (min-width: 481px) and (max-width: 980px) 980px, (min-width: 981px) and (max-width: 1280px) 1280px, (min-width: 1281px) 1418px, 100vw\" \/><\/p>\n<h2><strong>Mobiilinosturin jousitussylinterin k\u00e4ytt\u00f6tapa<\/strong><strong>:<\/strong><\/h2>\n<ol>\n<li><strong>Tutustu ohjauslaitteisiin:<\/strong><\/li>\n<\/ol>\n<ul>\n<li>Ennen k\u00e4ytt\u00f6\u00e4 k\u00e4ytt\u00e4jien on tutustuttava mobiilinosturin jousitussylinteriin liittyviin hallintalaitteisiin.<\/li>\n<li>Ymm\u00e4rr\u00e4 nosturimallikohtaisia \u200b\u200bohjausmekanismeja ja k\u00e4ytt\u00f6tapoja.<\/li>\n<\/ul>\n<ol start=\"2\">\n<li><strong>Jousituksen s\u00e4\u00e4t\u00f6:<\/strong><\/li>\n<\/ol>\n<ul>\n<li>Aktivoi hydrauliset s\u00e4\u00e4timet s\u00e4\u00e4t\u00e4\u00e4ksesi jousitusj\u00e4rjestelm\u00e4\u00e4 halutun korkeuden tai kuorman vaatimusten mukaisesti.<\/li>\n<li>Varmista, ett\u00e4 s\u00e4\u00e4t\u00f6 tehd\u00e4\u00e4n v\u00e4hitellen ja tasaisesti, jotta vakaus s\u00e4ilyy koko prosessin ajan.<\/li>\n<\/ul>\n<ol start=\"3\">\n<li><strong>Kuorman jakautuminen:<\/strong><\/li>\n<\/ol>\n<ul>\n<li>Tarkkaile ja arvioi kuorman jakautumista nosturilla k\u00e4yt\u00f6n aikana.<\/li>\n<li>S\u00e4\u00e4d\u00e4 jousitusj\u00e4rjestelm\u00e4\u00e4 tarpeen mukaan kuorman tasapainottamiseksi ja vakauden yll\u00e4pit\u00e4miseksi.<\/li>\n<\/ul>\n<ol start=\"4\">\n<li><strong>Ep\u00e4tasaisella maastolla ajo:<\/strong><\/li>\n<\/ol>\n<ul>\n<li>Ty\u00f6skennelless\u00e4si ep\u00e4tasaisessa maastossa k\u00e4yt\u00e4 jousitussylinteri\u00e4 nosturin jousituksen s\u00e4\u00e4t\u00e4miseen ja alustan tasaisena pit\u00e4miseen.<\/li>\n<li>T\u00e4m\u00e4 varmistaa, ett\u00e4 kuorma pysyy vakaana ja nosturi toimii turvallisesti ja tehokkaasti.<\/li>\n<\/ul>\n<h2><strong>Kuinka vapauttaa paine hydraulij\u00e4rjestelm\u00e4ss\u00e4?<\/strong><\/h2>\n<p>Vapauta paine hydraulij\u00e4rjestelm\u00e4st\u00e4 turvallisesti noudattamalla seuraavia ohjeita:<\/p>\n<ol>\n<li><strong>J\u00e4rjestelm\u00e4n sammuttaminen:<\/strong>\n<ul>\n<li>Sammuta kaikki hydraulij\u00e4rjestelm\u00e4\u00e4n kytketyt virtal\u00e4hteet tai moottorit.<\/li>\n<li>T\u00e4m\u00e4 vaihe varmistaa, ettei lis\u00e4painetta synny, kun vapautat olemassa olevan j\u00e4nnityksen.<\/li>\n<\/ul>\n<\/li>\n<li><strong>Tunnista paineen vapautuspisteet:<\/strong>\n<ul>\n<li>Paikanna hydraulij\u00e4rjestelm\u00e4n paineenalennuskohdat.<\/li>\n<li>Yleisi\u00e4 paineenalennuspisteit\u00e4 ovat varoventtiilit, paineens\u00e4\u00e4t\u00f6venttiilit tai suuntaventtiilit.<\/li>\n<\/ul>\n<\/li>\n<li><strong>Paineen poisto venttiilist\u00e4:<\/strong>\n<ul>\n<li>Jos j\u00e4rjestelm\u00e4ss\u00e4si on varoventtiili, aloita paikantamalla se.<\/li>\n<li>K\u00e4\u00e4nn\u00e4 varoventtiili\u00e4 hitaasti vastap\u00e4iv\u00e4\u00e4n paineen vapauttamiseksi.<\/li>\n<li>Tarkkaile painemittaria, jos sellainen on, paineen laskemisen havaitsemiseksi.<\/li>\n<\/ul>\n<\/li>\n<li><strong>K\u00e4yt\u00e4 ohjaimia:<\/strong>\n<ul>\n<li>Jos j\u00e4rjestelm\u00e4ss\u00e4si on suuntaventtiilit, siirr\u00e4 ne neutraaliasentoon.<\/li>\n<li>T\u00e4m\u00e4 toiminta mahdollistaa nesteen vapaan virtauksen ja v\u00e4hent\u00e4\u00e4 painetta j\u00e4rjestelm\u00e4ss\u00e4.<\/li>\n<\/ul>\n<\/li>\n<li><strong>Vapautusakun paine:<\/strong>\n<ul>\n<li>Jos hydraulij\u00e4rjestelm\u00e4ss\u00e4si on paineakku, se voi varastoida painetta my\u00f6s j\u00e4rjestelm\u00e4n ollessa sammutettuna.<\/li>\n<li>Noudata valmistajan ohjeita paineakun turvallisen vapauttamisen varmistamiseksi.<\/li>\n<li>Yleens\u00e4 t\u00e4m\u00e4 tarkoittaa tietyn venttiilin avaamista tai akun tyhjent\u00e4mist\u00e4 ilmakeh\u00e4\u00e4n.<\/li>\n<\/ul>\n<\/li>\n<li><strong>Ilmaa j\u00e4rjestelm\u00e4:<\/strong>\n<ul>\n<li>Kun paine on vapautettu m\u00e4\u00e4r\u00e4tyist\u00e4 paineenvapautuskohdista, on t\u00e4rke\u00e4\u00e4 ilmata j\u00e4rjestelm\u00e4, jotta painetta ei j\u00e4\u00e4 jumiin.<\/li>\n<li>Aloita avaamalla kaikki hydraulij\u00e4rjestelm\u00e4ss\u00e4 olevat ilmausruuvit tai venttiilit.<\/li>\n<li>Avaa ne hitaasti, jotta j\u00e4ljelle j\u00e4\u00e4nyt paine tai ilma p\u00e4\u00e4see poistumaan.<\/li>\n<li>Ole varovainen ja k\u00e4yt\u00e4 asianmukaisia \u200b\u200bhenkil\u00f6nsuojaimia (PPE) v\u00e4ltt\u00e4\u00e4ksesi kosketuksen hydraulinesteen kanssa.<\/li>\n<\/ul>\n<\/li>\n<li><strong>Tarkista paineen vapautus:<\/strong>\n<ul>\n<li>Tarkista viel\u00e4 kerran, ett\u00e4 paine on poistettu kokonaan hydraulij\u00e4rjestelm\u00e4st\u00e4.<\/li>\n<li>Jos mahdollista, k\u00e4yt\u00e4 painemittaria tai muita valvontalaitteita varmistaaksesi, ett\u00e4 paine on nollassa tai l\u00e4hell\u00e4 nollaa.<\/li>\n<\/ul>\n<\/li>\n<\/ol>\n<h2><strong>Tehtaan kapasiteetti ja kapasiteetti:<\/strong><\/h2>\n<h3>(1) Kokoonpano<\/h3>\n<p>Meill\u00e4 on ensiluokkainen riippumaton tutkimus- ja kehitysty\u00f6n kokoonpanoalusta. Hydraulisylinterien tuotantopajassa on nelj\u00e4 puoliautomaattista nostosylinterin kokoonpanolinjaa ja yksi automaattinen kallistussylinterin kokoonpanolinja, joiden suunniteltu vuotuinen tuotantokapasiteetti on 1 miljoona kappaletta. Erikoissylinterin ty\u00f6paja on varustettu erilaisilla eritelmill\u00e4 puoliautomaattisen puhdistusasennuksen kokoonpanoj\u00e4rjestelm\u00e4ll\u00e4, jonka suunniteltu vuotuinen tuotantokapasiteetti on 200 000, ja se on varustettu kuuluisilla CNC-ty\u00f6st\u00f6laitteilla, ty\u00f6st\u00f6keskuksella, korkean tarkkuuden sylinterin k\u00e4sittelyyn tarkoitetuilla erityislaitteilla, robottihitsauskoneella, automaattisella puhdistuslaitteella, automaattisella sylinterin kokoonpanokoneella ja automaattisella maalaustuotantolinjalla. Olemassa olevat kriittiset laitteet yli 300 sarjaa (sarjaa). Laiteresurssien optimaalinen kohdentaminen ja tehokas k\u00e4ytt\u00f6 varmistavat tuotteiden tarkkuusvaatimukset ja t\u00e4ytt\u00e4v\u00e4t tuotteiden laatuvaatimukset.<\/p>\n<p><img loading=\"lazy\" decoding=\"async\" class=\"alignnone wp-image-626\" src=\"https:\/\/hydraulic-cylinders.net\/wp-content\/uploads\/2023\/08\/hydraulic-cylinder-product-1-300x158.webp\" alt=\"\" width=\"495\" height=\"260\" srcset=\"https:\/\/hydraulic-cylinders.net\/wp-content\/uploads\/2023\/08\/hydraulic-cylinder-product-1-300x158.webp 495w, https:\/\/hydraulic-cylinders.net\/wp-content\/uploads\/2023\/08\/hydraulic-cylinder-product-1-480x252.webp 480w\" sizes=\"(min-width: 0px) and (max-width: 480px) 480px, (min-width: 481px) 495px, 100vw\" \/> <img loading=\"lazy\" decoding=\"async\" class=\"alignnone wp-image-627\" src=\"https:\/\/hydraulic-cylinders.net\/wp-content\/uploads\/2023\/08\/hydraulic-cylinder-product-2-300x189.webp\" alt=\"\" width=\"413\" height=\"260\" \/><\/p>\n<h3>(2) Koneistus<\/h3>\n<p>Ty\u00f6st\u00f6paja on varustettu r\u00e4\u00e4t\u00e4l\u00f6idyll\u00e4 kaltevalla kiskosorvauskeskuksella, ty\u00f6st\u00f6keskuksella, suurnopeus-hiontakoneella, hitsausrobotilla ja muilla vastaavilla laitteilla, joilla voidaan k\u00e4sitell\u00e4 sylinteriputkia, joiden sis\u00e4halkaisija on enint\u00e4\u00e4n 400 mm ja enimm\u00e4ispituus on 6 metri\u00e4.<\/p>\n<p><img loading=\"lazy\" decoding=\"async\" class=\"alignnone wp-image-628 size-large\" src=\"https:\/\/hydraulic-cylinders.net\/wp-content\/uploads\/2023\/08\/hydraulic-cylinder-product-3-1024x391.webp\" alt=\"\" width=\"1024\" height=\"391\" srcset=\"https:\/\/hydraulic-cylinders.net\/wp-content\/uploads\/2023\/08\/hydraulic-cylinder-product-3-980x374.webp 980w, https:\/\/hydraulic-cylinders.net\/wp-content\/uploads\/2023\/08\/hydraulic-cylinder-product-3-480x183.webp 480w\" sizes=\"(min-width: 0px) and (max-width: 480px) 480px, (min-width: 481px) and (max-width: 980px) 980px, (min-width: 981px) 1024px, 100vw\" \/><\/p>\n<h3>(3) Hitsaus<\/h3>\n<p><img loading=\"lazy\" decoding=\"async\" class=\"alignnone wp-image-629 size-large\" src=\"https:\/\/hydraulic-cylinders.net\/wp-content\/uploads\/2023\/08\/hydraulic-cylinder-product-4-1024x510.webp\" alt=\"\" width=\"1024\" height=\"510\" srcset=\"https:\/\/hydraulic-cylinders.net\/wp-content\/uploads\/2023\/08\/hydraulic-cylinder-product-4-980x488.webp 980w, https:\/\/hydraulic-cylinders.net\/wp-content\/uploads\/2023\/08\/hydraulic-cylinder-product-4-480x239.webp 480w\" sizes=\"(min-width: 0px) and (max-width: 480px) 480px, (min-width: 481px) and (max-width: 980px) 980px, (min-width: 981px) 1024px, 100vw\" \/><\/p>\n<h3>(4) Maalaus ja pinnoitus<\/h3>\n<p>Pienill\u00e4 ja keskisuurilla sylinterin automaattisilla vesipohjaisilla maalipinnoituslinjoilla automaattisen robotin lastaus- ja purku- ja automaattisen ruiskutuksen saavuttamiseksi, suunnittelukapasiteetti on 4000 kappaletta vuorossa;<br \/>\nMeill\u00e4 on my\u00f6s puoliautomaattinen maalauslinja suurille sylintereille, joka toimii voimaketjulla ja jonka suunnittelukapasiteetti on 60 laatikkoa ty\u00f6vuorossa.<\/p>\n<p><img loading=\"lazy\" decoding=\"async\" class=\"alignnone wp-image-630\" src=\"https:\/\/hydraulic-cylinders.net\/wp-content\/uploads\/2023\/08\/hydraulic-cylinder-product-5-300x213.webp\" alt=\"\" width=\"366\" height=\"260\" \/> <img loading=\"lazy\" decoding=\"async\" class=\"alignnone wp-image-631\" src=\"https:\/\/hydraulic-cylinders.net\/wp-content\/uploads\/2023\/08\/hydraulic-cylinder-product-6-300x225.webp\" alt=\"\" width=\"347\" height=\"260\" \/><\/p>\n<h3>(5) Testaus<\/h3>\n<p>Meill\u00e4 on ensiluokkaiset tarkastustilat ja testialustat, joilla varmistetaan, ett\u00e4 sylinterin suorituskyky t\u00e4ytt\u00e4\u00e4 vaatimukset.<\/p>\n<p><img loading=\"lazy\" decoding=\"async\" class=\"alignnone wp-image-632\" src=\"https:\/\/hydraulic-cylinders.net\/wp-content\/uploads\/2023\/08\/hydraulic-cylinder-product-8-300x200.webp\" alt=\"\" width=\"389\" height=\"260\" \/><\/p>\n<p>&nbsp;<\/p>\n<p>&nbsp;<\/p>\n<p>Olemme yksi parhaista hydraulisylintereiden valmistajista. Voimme tarjota kattavia hydraulisylintereit\u00e4. Tarjoamme my\u00f6s vastaavia <a href=\"https:\/\/hzpt.com\/agricultural-pto-gearbox\/\" target=\"_blank\" rel=\"noopener\">maatalousvaihteistot<\/a>Olemme vieneet tuotteitamme asiakkaille maailmanlaajuisesti ja ansainneet hyv\u00e4n maineen erinomaisen tuotelaadun ja huoltopalvelumme ansiosta. Toivotamme tervetulleeksi asiakkaat kotimaassa ja ulkomailla ottamaan meihin yhteytt\u00e4 neuvotellakseen liiketoimista, vaihtaakseen tietoja ja <a href=\"https:\/\/www.hydraulic-cylinders.net\/fi\/contact-us\/\">tehd\u00e4 yhteisty\u00f6t\u00e4 kanssamme<\/a>!<\/p>","protected":false},"excerpt":{"rendered":"<p>Mobile Crane Suspension Cylinder The mobile crane suspension cylinder is vital in mobile crane systems and is designed to optimize stability and performance during lifting operations. This hydraulic cylinder supports the crane&#8217;s suspension system, ensuring smooth and controlled movement while carrying heavy loads. The mobile crane suspension cylinder is an indispensable component for mobile crane [&hellip;]<\/p>","protected":false},"featured_media":1569,"comment_status":"open","ping_status":"closed","template":"","meta":{"_et_pb_use_builder":"","_et_pb_old_content":"","_et_gb_content_width":""},"product_brand":[],"product_cat":[1550,1514],"product_tag":[1380],"class_list":{"0":"post-1566","1":"product","2":"type-product","3":"status-publish","4":"has-post-thumbnail","6":"product_cat-double-acting-hydraulic-cylinder","7":"product_cat-mobile-crane-hydraulic-cylinders","8":"product_tag-hydraulic-cylinder","10":"first","11":"instock","12":"shipping-taxable","13":"product-type-simple"},"amp_enabled":true,"_links":{"self":[{"href":"https:\/\/www.hydraulic-cylinders.net\/fi\/wp-json\/wp\/v2\/product\/1566","targetHints":{"allow":["GET"]}}],"collection":[{"href":"https:\/\/www.hydraulic-cylinders.net\/fi\/wp-json\/wp\/v2\/product"}],"about":[{"href":"https:\/\/www.hydraulic-cylinders.net\/fi\/wp-json\/wp\/v2\/types\/product"}],"replies":[{"embeddable":true,"href":"https:\/\/www.hydraulic-cylinders.net\/fi\/wp-json\/wp\/v2\/comments?post=1566"}],"wp:featuredmedia":[{"embeddable":true,"href":"https:\/\/www.hydraulic-cylinders.net\/fi\/wp-json\/wp\/v2\/media\/1569"}],"wp:attachment":[{"href":"https:\/\/www.hydraulic-cylinders.net\/fi\/wp-json\/wp\/v2\/media?parent=1566"}],"wp:term":[{"taxonomy":"product_brand","embeddable":true,"href":"https:\/\/www.hydraulic-cylinders.net\/fi\/wp-json\/wp\/v2\/product_brand?post=1566"},{"taxonomy":"product_cat","embeddable":true,"href":"https:\/\/www.hydraulic-cylinders.net\/fi\/wp-json\/wp\/v2\/product_cat?post=1566"},{"taxonomy":"product_tag","embeddable":true,"href":"https:\/\/www.hydraulic-cylinders.net\/fi\/wp-json\/wp\/v2\/product_tag?post=1566"}],"curies":[{"name":"wp","href":"https:\/\/api.w.org\/{rel}","templated":true}]}}