{"id":15663,"date":"2025-01-19T14:48:44","date_gmt":"2025-01-19T14:48:44","guid":{"rendered":"https:\/\/www.hydraulic-cylinders.net\/product\/bucket-cylinder-for-jonyang-small-excavator-jy615eld\/"},"modified":"2025-01-19T14:48:46","modified_gmt":"2025-01-19T14:48:46","slug":"bucket-cylinder-for-jonyang-small-excavator-jy615eld","status":"publish","type":"product","link":"https:\/\/www.hydraulic-cylinders.net\/fi\/tuote\/bucket-cylinder-for-jonyang-small-excavator-jy615eld\/","title":{"rendered":"Kauhan sylinteri Jonyang-kaivinkoneelle JY615ELD"},"content":{"rendered":"<h1>Kauhan sylinteri Jonyang-kaivinkoneelle JY615ELD<\/h1>\n<h2>Johdanto<\/h2>\n<p>Kauhasylinteri on erityisesti suunniteltu hydraulisylinteri, jota k\u00e4ytet\u00e4\u00e4n kauhan liikkeen ohjaamiseen raskaissa koneissa, kuten kaivinkoneissa, kaivurikuormaajissa ja etukuormaajissa. Sen p\u00e4\u00e4teht\u00e4v\u00e4n\u00e4 on mahdollistaa kauhan nostaminen, laskeminen ja kallistaminen, mik\u00e4 helpottaa erilaisten materiaalink\u00e4sittelyteht\u00e4vien k\u00e4sittely\u00e4. Hydraulij\u00e4rjestelm\u00e4ss\u00e4 kauhasylinteri k\u00e4ytt\u00e4\u00e4 hydrauli\u00f6ljyn paineenmuutosta kauhan tarkkojen liikkeiden ohjaamiseen, jolloin k\u00e4ytt\u00e4j\u00e4t voivat k\u00e4sitell\u00e4 raskaita kuormia tehokkaasti ja mukautua monimutkaisiin ty\u00f6ymp\u00e4rist\u00f6ihin ja erilaisiin k\u00e4ytt\u00f6vaatimuksiin.<\/p>\n<p><img decoding=\"async\" src=\"https:\/\/www.hydraulic-cylinders.net\/wp-content\/uploads\/2025\/01\/songte-company-2.webp\" alt=\"Kauhan sylinteri Jonyang-kaivinkoneelle JY615ELD\"><\/p>\n<h2>Ominaisuudet<\/h2>\n<ul>\n<li>Korkea lujuus ja kest\u00e4vyys: Tyypillisesti eritt\u00e4in lujasta ter\u00e4ksest\u00e4 tai alumiinista valmistettu, se kest\u00e4\u00e4 korkeaa painetta ja raskaita kuormia, mukautuu vaativiin ty\u00f6ymp\u00e4rist\u00f6ihin ja on suunniteltu ottaen huomioon kulutuskest\u00e4vyys ja korroosionkest\u00e4vyys k\u00e4ytt\u00f6i\u00e4n pident\u00e4miseksi.<\/li>\n<li>Tehokkaat hydrauliset toiminnot: Hydrauli\u00f6ljyn paineen ansiosta laite saavuttaa tasaiset pidennys- ja sis\u00e4\u00e4nvetoliikkeet, reagoi nopeasti ohjauskomentoihin, tarjoaa tehokkaita ty\u00f6nt\u00f6- ja vetovoimia ja soveltuu raskaiden kuormien k\u00e4sittelyyn ja monimutkaisiin k\u00e4ytt\u00f6teht\u00e4viin.<\/li>\n<li>Erilaisia \u200b\u200btyyppej\u00e4: Yksitoimisia (hydrauliikkaa k\u00e4ytet\u00e4\u00e4n vain yhteen suuntaan) tai kaksitoimisia (hydrauliikkaa k\u00e4ytet\u00e4\u00e4n molempiin suuntiin) sylintereit\u00e4 voidaan valita tarpeiden mukaan erilaisten k\u00e4ytt\u00f6vaatimusten t\u00e4ytt\u00e4miseksi. Jotkut mallit ovat teleskooppisia, mik\u00e4 mahdollistaa suuremman jatkeen ilman ulkomittojen kasvua, mik\u00e4 sopii sovelluksiin, joissa on rajoitetusti tilaa.<\/li>\n<li>Vaihdettava: Tuotteemme voivat t\u00e4ydellisesti korvata n\u00e4m\u00e4 hydraulisylinterit.<\/li>\n<\/ul>\n<p><img decoding=\"async\" src=\"https:\/\/www.hydraulic-cylinders.net\/wp-content\/uploads\/2025\/01\/songte-cylinder-head-with-all-kinds-excavator-models.webp\" alt=\"Kauhan sylinteri Jonyang-kaivinkoneelle JY615ELD\"><\/p>\n<h2>Sovellukset<\/h2>\n<ul>\n<li>Rakennuslaitteet: Kaivinkoneissa ne ovat v\u00e4ltt\u00e4m\u00e4tt\u00f6mi\u00e4 maan tai roskien kaivamiseen, lastaamiseen ja siirt\u00e4miseen. Kaivurikuormaajissa kauhan sylinteri auttaa kaivamisessa ja nostamisessa. <\/li>\n<li>Maatalouskoneet: K\u00e4ytet\u00e4\u00e4n etukuormaajiin, maaper\u00e4n, hein\u00e4n ja muiden materiaalien poimimiseen, nostamiseen ja kuljettamiseen. <\/li>\n<li>Kaivinkoneet: Kauhan sylinteri mahdollistaa kaivamisen antamalla kauhan tunkeutua maaper\u00e4\u00e4n. <\/li>\n<li>Kuormaaja: Etukuormaajissa ne auttavat tavaroiden tehokkaassa nostamisessa ja kallistamisessa. <\/li>\n<\/ul>\n<h2>Suunnittelu- ja valintakriteerit<\/h2>\n<ul>\n<li>Kantavuus: Sylinterin kantokyvyn huomioon ottaminen on eritt\u00e4in t\u00e4rke\u00e4\u00e4 suunnittelussa. T\u00e4m\u00e4 varmistaa, ett\u00e4 sylinteri kest\u00e4\u00e4 raskaita kuormia vioittumatta.<\/li>\n<li>Tiivistys: Hydraulisylinterien suunnittelussa k\u00e4ytet\u00e4\u00e4n erilaisia \u200b\u200btiivistyskomponentteja, kuten m\u00e4nn\u00e4ntiivisteit\u00e4, varren tiivisteit\u00e4 jne., asianmukaisen tiivistyksen varmistamiseksi. <\/li>\n<li>Kest\u00e4vyys: Hydraulisylinterien on kestett\u00e4v\u00e4 ankaria ty\u00f6ymp\u00e4rist\u00f6j\u00e4, kuten \u00e4\u00e4rimm\u00e4isi\u00e4 l\u00e4mp\u00f6tiloja, korkeaa kosteutta ja altistumista sy\u00f6vytt\u00e4ville aineille. <\/li>\n<li>Turvallisuus: Hydraulisylinterin suunnittelussa on otettava huomioon sen k\u00e4ytt\u00f6\u00f6n liittyv\u00e4t riskit, kuten mahdolliset vuodot ja muut toimintah\u00e4iri\u00f6t. <\/li>\n<li>Huolto: Hydraulisylinterit on suunniteltava siten, ett\u00e4 ne on helppo huoltaa ja korjata.<\/li>\n<\/ul>\n<p><img decoding=\"async\" src=\"https:\/\/www.hydraulic-cylinders.net\/wp-content\/uploads\/2025\/01\/songte-oil-pipes-and-spare-parts.webp\" alt=\"Kauhan sylinteri Jonyang-kaivinkoneelle JY615ELD\"><\/p>\n<h2>Tiivistys ja voitelu<\/h2>\n<p>Hydraulisylinterien suunnittelussa k\u00e4ytet\u00e4\u00e4n erilaisia \u200b\u200btiivistekomponentteja, kuten m\u00e4nn\u00e4ntiivisteit\u00e4, varren tiivisteit\u00e4 jne., asianmukaisen tiivistyksen varmistamiseksi. Tiivisteet on valmistettu kulutusta kest\u00e4vist\u00e4 materiaaleista, kuten polyuretaanista ja nitriilikumista, jotta ne eiv\u00e4t kulu helposti. Asianmukainen voitelu on v\u00e4ltt\u00e4m\u00e4t\u00f6nt\u00e4 hydraulisylinterin oikean toiminnan varmistamiseksi ja k\u00e4ytt\u00f6i\u00e4n pident\u00e4miseksi. S\u00e4\u00e4nn\u00f6llinen oikean m\u00e4\u00e4r\u00e4n hydrauli\u00f6ljyn lis\u00e4\u00e4minen on v\u00e4ltt\u00e4m\u00e4t\u00f6nt\u00e4.<\/p>\n<h2>Ennakoiva huolto ja vianm\u00e4\u00e4ritys<\/h2>\n<p>Seuraavassa on joitakin ennaltaehk\u00e4isevi\u00e4 huoltotoimenpiteit\u00e4, jotka tulisi toteuttaa:<\/p>\n<ul>\n<li>S\u00e4\u00e4nn\u00f6lliset tarkastukset: Tarkista hydraulisylinteri vuotojen, vaurioiden ja kulumisen varalta.<\/li>\n<li>Oikea voitelu: Sylinterin ja sen osien asianmukainen voitelu on v\u00e4ltt\u00e4m\u00e4t\u00f6nt\u00e4 optimaalisen suorituskyvyn saavuttamiseksi.<\/li>\n<li>Tiivisteiden vaihto: Tiivisteet on vaihdettava, kun niiss\u00e4 n\u00e4kyy kulumisen tai vaurioitumisen merkkej\u00e4.<\/li>\n<\/ul>\n<p>Jos hydraulisylinteri vikaantuu, on tarkistettava joitakin yleisi\u00e4 ongelmia, kuten riitt\u00e4m\u00e4t\u00f6n voima, vuodot ja sylinterin sein\u00e4mien vauriot. N\u00e4iden ongelmien korjaamiseksi katso valmistajan ohjeita. N\u00e4iden ongelmien v\u00e4ltt\u00e4miseksi noudata aina asianmukaisia \u200b\u200basennus- ja huolto-ohjeita.<\/p>\n<p><img decoding=\"async\" src=\"https:\/\/www.hydraulic-cylinders.net\/wp-content\/uploads\/2025\/01\/songte-bushings-with-all-kinds-of-excavator-models.webp\" alt=\"Kauhan sylinteri Jonyang-kaivinkoneelle JY615ELD\"><\/p>\n<h2>Tietoa meist\u00e4<\/h2>\n<p>Olemme hydraulisylinterien valmistaja, joka on erikoistunut laajan valikoiman hydraulisylintereiden tuotantoon ja jakeluun sek\u00e4 kotimaisille ett\u00e4 kansainv\u00e4lisille markkinoille. Noudatamme erinomaista laatua, luotamme teollistettuihin valmistuksen hallintastrategioihin hienostuneissa ty\u00f6pajoissamme ja parannamme jatkuvasti ty\u00f6pajojemme valmistusalustoja t\u00e4ydellist\u00e4en tuotteiden laadun tuotantoreittej\u00e4. Yrityksell\u00e4mme on vahva kyky luoda tehokas, tarkka ja korkealaatuinen periaate, joka t\u00e4ytt\u00e4\u00e4 laajan asiakaskunnan tarpeet.<\/p>\n<p>Yrityksemme tarjoaa ammattimaisia \u200b\u200bja kansainv\u00e4lisesti sertifioituja r\u00e4\u00e4t\u00e4l\u00f6intipalveluita, edistyneit\u00e4 tuotantolaitteita ja j\u00e4lkimarkkinointipalveluita.<\/p>\n<p><img decoding=\"async\" src=\"https:\/\/hzpt.com\/wp-content\/uploads\/2024\/11\/songte-company-1.webp\" alt=\"Kauhan sylinteri Jonyang-kaivinkoneelle JY615ELD\"><\/p>\n<p>T\u00e4m\u00e4n artikkelin kirjoittaja on lyl.<\/p>","protected":false},"excerpt":{"rendered":"<p>Bucket Cylinder For Jonyang Small Excavator JY615ELD Introduction The bucket cylinder is a specially designed hydraulic cylinder used to control the movement of the bucket in heavy machinery such as excavators, backhoe loaders, and front-end loaders. Its main function is to enable the bucket to lift, lower, and tilt, making it easier to handle various [&hellip;]<\/p>","protected":false},"featured_media":14780,"comment_status":"open","ping_status":"closed","template":"","meta":{"_et_pb_use_builder":"","_et_pb_old_content":"","_et_gb_content_width":""},"product_brand":[],"product_cat":[1494],"product_tag":[1495,1496],"class_list":{"0":"post-15663","1":"product","2":"type-product","3":"status-publish","4":"has-post-thumbnail","6":"product_cat-bucket-cylinders","7":"product_tag-bucket-cylinders","8":"product_tag-hydraulic-cylinders","10":"first","11":"instock","12":"shipping-taxable","13":"product-type-simple"},"amp_enabled":true,"_links":{"self":[{"href":"https:\/\/www.hydraulic-cylinders.net\/fi\/wp-json\/wp\/v2\/product\/15663","targetHints":{"allow":["GET"]}}],"collection":[{"href":"https:\/\/www.hydraulic-cylinders.net\/fi\/wp-json\/wp\/v2\/product"}],"about":[{"href":"https:\/\/www.hydraulic-cylinders.net\/fi\/wp-json\/wp\/v2\/types\/product"}],"replies":[{"embeddable":true,"href":"https:\/\/www.hydraulic-cylinders.net\/fi\/wp-json\/wp\/v2\/comments?post=15663"}],"wp:featuredmedia":[{"embeddable":true,"href":"https:\/\/www.hydraulic-cylinders.net\/fi\/wp-json\/wp\/v2\/media\/14780"}],"wp:attachment":[{"href":"https:\/\/www.hydraulic-cylinders.net\/fi\/wp-json\/wp\/v2\/media?parent=15663"}],"wp:term":[{"taxonomy":"product_brand","embeddable":true,"href":"https:\/\/www.hydraulic-cylinders.net\/fi\/wp-json\/wp\/v2\/product_brand?post=15663"},{"taxonomy":"product_cat","embeddable":true,"href":"https:\/\/www.hydraulic-cylinders.net\/fi\/wp-json\/wp\/v2\/product_cat?post=15663"},{"taxonomy":"product_tag","embeddable":true,"href":"https:\/\/www.hydraulic-cylinders.net\/fi\/wp-json\/wp\/v2\/product_tag?post=15663"}],"curies":[{"name":"wp","href":"https:\/\/api.w.org\/{rel}","templated":true}]}}