{"id":15678,"date":"2025-01-19T14:49:51","date_gmt":"2025-01-19T14:49:51","guid":{"rendered":"https:\/\/www.hydraulic-cylinders.net\/product\/bucket-cylinder-for-jcm-large-excavator-mc500lc-8\/"},"modified":"2025-01-19T14:49:53","modified_gmt":"2025-01-19T14:49:53","slug":"bucket-cylinder-for-jcm-large-excavator-mc500lc-8","status":"publish","type":"product","link":"https:\/\/www.hydraulic-cylinders.net\/fi\/tuote\/bucket-cylinder-for-jcm-large-excavator-mc500lc-8\/","title":{"rendered":"Kauhan sylinteri JCM:n suurelle kaivinkoneelle MC500LC-8"},"content":{"rendered":"<p><!DOCTYPE html><br \/>\n<html><br \/>\n<head><br \/>\n<title>Kauhan sylinteri JCM:n suurelle kaivinkoneelle MC500LC-8<\/title><br \/>\n<\/head><br \/>\n<body><\/p>\n<h1>Kauhan sylinteri JCM:n suurelle kaivinkoneelle MC500LC-8<\/h1>\n<h2>Johdanto<\/h2>\n<p>Kauhasylinteri on erityisesti suunniteltu hydraulisylinteri, jota k\u00e4ytet\u00e4\u00e4n kauhan liikkeen ohjaamiseen raskaissa koneissa, kuten kaivinkoneissa, kaivurikuormaajissa ja etukuormaajissa. Sen p\u00e4\u00e4teht\u00e4v\u00e4n\u00e4 on mahdollistaa kauhan nostaminen, laskeminen ja kallistaminen, mik\u00e4 helpottaa erilaisia \u200b\u200bmateriaalink\u00e4sittelyteht\u00e4vi\u00e4. Hydraulij\u00e4rjestelm\u00e4ss\u00e4 kauhasylinteri saavuttaa kauhan tarkan hallinnan k\u00e4ytt\u00e4m\u00e4ll\u00e4 hydrauli\u00f6ljyn paineenmuutoksia, jolloin k\u00e4ytt\u00e4j\u00e4t voivat k\u00e4sitell\u00e4 raskaita kuormia tehokkaasti ja sopeutua monimutkaisiin ty\u00f6ymp\u00e4rist\u00f6ihin ja erilaisiin ty\u00f6vaatimuksiin.<\/p>\n<p><img decoding=\"async\" src=\"https:\/\/www.hydraulic-cylinders.net\/wp-content\/uploads\/2025\/01\/songte-company-2.webp\" alt=\"Kauhan sylinterin kuva\"><\/p>\n<h2>Ominaisuudet<\/h2>\n<ul>\n<li>Korkea lujuus ja kest\u00e4vyys: Tyypillisesti valmistettu eritt\u00e4in lujasta ter\u00e4ksest\u00e4 tai alumiinista, kest\u00e4\u00e4 korkeaa painetta ja raskaita kuormia, sopii vaativiin ty\u00f6ymp\u00e4rist\u00f6ihin. Suunniteltu kulutus- ja korroosionkest\u00e4vyys huomioon ottaen k\u00e4ytt\u00f6i\u00e4n pident\u00e4miseksi.<\/li>\n<li>Tehokas hydraulinen toiminta: Hy\u00f6dynt\u00e4\u00e4 hydrauli\u00f6ljyn painetta tasaisten pidennys- ja sis\u00e4\u00e4nvetoliikkeiden saavuttamiseksi, mik\u00e4 tarjoaa tehokkaita ty\u00f6nt\u00f6- ja vetovoimia, jotka sopivat raskaiden kuormien k\u00e4sittelyyn ja monimutkaisiin ty\u00f6teht\u00e4viin.<\/li>\n<li>Erilaisia \u200b\u200btyyppej\u00e4: Tarpeen mukaan voi valita yksitoimisen (hydraulinen paine yhteen suuntaan) tai kaksitoimisen (hydraulinen paine molempiin suuntiin) sylinterin. Jotkut mallit ovat teleskooppisia, mik\u00e4 mahdollistaa suuremman jatkeen ilman ulkomittojen kasvua, joten ne sopivat rajoitettuihin tiloihin.<\/li>\n<li>Voi korvata muut hydraulisylinterit: Tuotteemme voi t\u00e4ydellisesti korvata erilaisia \u200b\u200bhydraulisylintereit\u00e4.<\/li>\n<\/ul>\n<p><img decoding=\"async\" src=\"https:\/\/www.hydraulic-cylinders.net\/wp-content\/uploads\/2025\/01\/songte-cylinder-head-with-all-kinds-excavator-models.webp\" alt=\"Tuotteen korvaava kuva\"><\/p>\n<h2>Sovellukset<\/h2>\n<h3>Rakennuslaitteet<\/h3>\n<p>Kaivinkoneissa ne ovat v\u00e4ltt\u00e4m\u00e4tt\u00f6mi\u00e4 kaivamiseen, lastaamiseen ja maaper\u00e4n tai roskien siirt\u00e4miseen. Kaivurikuormaajissa kauhan sylinteri avustaa sek\u00e4 kaivamisessa ett\u00e4 nostamisessa.<\/p>\n<h3>Maatalouskoneet<\/h3>\n<p>K\u00e4ytet\u00e4\u00e4n etukuormaajissa maaper\u00e4n, hein\u00e4n ja muiden materiaalien kauhaukseen, nostamiseen ja kuljettamiseen.<\/p>\n<h3>Kaivinkoneet<\/h3>\n<p>Kauhan sylinteri mahdollistaa kaivamisen antamalla kauhan tunkeutua maaper\u00e4\u00e4n.<\/p>\n<h3>Kuormaajat<\/h3>\n<p>Etukuormaajissa ne auttavat materiaalien tehokkaassa nostamisessa ja tyhjent\u00e4misess\u00e4.<\/p>\n<p><img decoding=\"async\" src=\"https:\/\/www.hydraulic-cylinders.net\/wp-content\/uploads\/2025\/01\/songte-bushings-with-all-kinds-of-excavator-models.webp\" alt=\"Sovellusten kuva\"><\/p>\n<h2>Suunnittelun\u00e4k\u00f6kohdat ja valintakriteerit<\/h2>\n<ul>\n<li>Kuormankantokyky: Keskustelua sylinterin kyvyst\u00e4 kantaa kuormia.<\/li>\n<li>Tiivistys: On t\u00e4rke\u00e4\u00e4 k\u00e4ytt\u00e4\u00e4 erilaisia \u200b\u200btiivistyskomponentteja, kuten m\u00e4nn\u00e4ntiivisteit\u00e4 ja m\u00e4nn\u00e4nvarren tiivisteit\u00e4, jotka on valmistettu kulutusta kest\u00e4vist\u00e4 materiaaleista, kuten polyuretaanista ja nitriilikumista. Sylinterin rungon ja kierteitetyn p\u00e4\u00e4n hieno pintak\u00e4sittely kulumiskest\u00e4vyyden parantamiseksi. S\u00e4\u00e4nn\u00f6llinen voitelu sopivalla hydrauliikka\u00f6ljyll\u00e4.<\/li>\n<li>Kest\u00e4vyys: Korosta tuotteen kest\u00e4vyytt\u00e4 ja sit\u00e4, miten se on suunniteltu kest\u00e4m\u00e4\u00e4n haastavia olosuhteita.<\/li>\n<li>Turvallisuus: Keskustele turvallisuusn\u00e4k\u00f6kohdista suunnitteluprosessin aikana.<\/li>\n<li>Huolto: Suorita s\u00e4\u00e4nn\u00f6llisi\u00e4 tarkastuksia ja ennaltaehk\u00e4isevi\u00e4 huoltotoimenpiteit\u00e4 tuotteen k\u00e4ytt\u00f6i\u00e4n pident\u00e4miseksi.<\/li>\n<\/ul>\n<p><img decoding=\"async\" src=\"https:\/\/www.hydraulic-cylinders.net\/wp-content\/uploads\/2025\/01\/songte-oil-pipes-and-spare-parts.webp\" alt=\"Suunnittelun\u00e4k\u00f6kohtien kuva\"><\/p>\n<h2>Asennusopas<\/h2>\n<p>Oikea asennus on ratkaisevan t\u00e4rke\u00e4\u00e4 optimaalisen suorituskyvyn ja turvallisuuden kannalta. On suositeltavaa noudattaa seuraavia ohjeita:<\/p>\n<ul>\n<li>Varmista sylinterin oikea kohdistus asennuksen aikana.<\/li>\n<li>K\u00e4yt\u00e4 sopivia asennuskiinnikkeit\u00e4 sylinterin kiinnitt\u00e4miseen.<\/li>\n<\/ul>\n<h2>Huolto<\/h2>\n<p>Kauhan sylinterin s\u00e4\u00e4nn\u00f6llisiin huoltoteht\u00e4viin kuuluvat:<\/p>\n<ul>\n<li>S\u00e4\u00e4nn\u00f6lliset tarkastukset<\/li>\n<li>Oikea voitelu<\/li>\n<li>Tiivisteen vaihto<\/li>\n<li>Kalibrointitarkastukset<\/li>\n<\/ul>\n<p>Korosta oikean asennuksen, voitelun ja s\u00e4\u00e4t\u00f6jen t\u00e4rkeytt\u00e4. Anna ohjeita sylinterin oikeaan kohdistamiseen asennuksen aikana. Suosittele tarkastus-, korjaus- ja vaihtomenettelyj\u00e4. Tarjoa osien vaihto- ja korjauspalveluita kauhasylinterin k\u00e4ytt\u00f6i\u00e4n pident\u00e4miseksi.<\/p>\n<p><img decoding=\"async\" src=\"https:\/\/www.hydraulic-cylinders.net\/wp-content\/uploads\/2025\/01\/songte-chushion-collar.webp\" alt=\"Huoltokuva\"><\/p>\n<h2>Turvallisuusn\u00e4k\u00f6kohdat ja ymp\u00e4rist\u00f6tekij\u00e4t<\/h2>\n<p>Korosta turvatoimenpiteiden t\u00e4rkeytt\u00e4 kauhan sylinteri\u00e4 k\u00e4ytett\u00e4ess\u00e4 ottaen huomioon ymp\u00e4rist\u00f6tekij\u00e4t.<\/p>\n<h2>Vianm\u00e4\u00e4ritys ja yleiset ongelmat<\/h2>\n<p>Keskustele mahdollisista vioista ja anna vianm\u00e4\u00e4ritysvinkkej\u00e4 ja -ratkaisuja, jotka auttavat lukijoita tehokkaasti diagnosoimaan ja ratkaisemaan ongelmia. Ehdota ennaltaehk\u00e4isevi\u00e4 toimenpiteit\u00e4 mahdollisten ongelmien minimoimiseksi.<\/p>\n<p><img decoding=\"async\" src=\"https:\/\/www.hydraulic-cylinders.net\/wp-content\/uploads\/2025\/01\/songte-bushings-with-all-kinds-of-excavator-models.webp\" alt=\"Vianm\u00e4\u00e4rityskuva\"><\/p>\n<h2>Tietoa yrityksest\u00e4mme<\/h2>\n<p>Olemme varaosien hydraulisylintereiden valmistaja ja yksi johtavista valmistajista ja tukkumyyjist\u00e4 kotimaisilla ja kansainv\u00e4lisill\u00e4 markkinoilla. Yrityksemme noudattaa teollistetun tuotannonohjauksen strategiaa, joka perustuu erinomaiseen laatuun, hienoihin valmistusty\u00f6pajoihin, teknologiseen osaamiseen, huippuluokan digitaalisiin valmistuslaitteisiin ja ammattimaisiin testausj\u00e4rjestelmiin. Parannamme jatkuvasti valmistusymp\u00e4rist\u00f6\u00e4mme, hiomme tuotteiden laadun tuotantoreitti\u00e4 ja meill\u00e4 on vahvat luovat kyvyt. Korkean tehokkuuden, tarkkuuden ja korkean laadun periaatteilla vastaamme asiakkaidemme monipuolisiin tarpeisiin.<\/p>\n<p><img decoding=\"async\" src=\"https:\/\/www.hydraulic-cylinders.net\/wp-content\/uploads\/2025\/01\/songte-company-3.webp\" alt=\"Yrityksen imago\"><\/p>\n<p>Yrityksemme tunnetaan seuraavista:<\/p>\n<ul>\n<li>Ammattimaisuus<\/li>\n<li>Kansainv\u00e4liset sertifikaatit<\/li>\n<li>R\u00e4\u00e4t\u00e4l\u00f6intipalvelut<\/li>\n<li>Tuotantolaitteet<\/li>\n<li>Myynnin j\u00e4lkeinen palvelu<\/li>\n<\/ul>\n<p>Kirjoittaja: lyl<\/p>\n<p><\/body><br \/>\n<\/html><\/p>","protected":false},"excerpt":{"rendered":"<p>Bucket Cylinder For JCM Large Excavator MC500LC-8 Bucket Cylinder For JCM Large Excavator MC500LC-8 Introduction A bucket cylinder is a specially designed hydraulic cylinder used to control the movement of the bucket in heavy machinery such as excavators, backhoe loaders, and front-end loaders. Its main function is to enable the bucket to lift, lower, and [&hellip;]<\/p>","protected":false},"featured_media":14780,"comment_status":"open","ping_status":"closed","template":"","meta":{"_et_pb_use_builder":"","_et_pb_old_content":"","_et_gb_content_width":""},"product_brand":[],"product_cat":[1494],"product_tag":[1495,1496],"class_list":{"0":"post-15678","1":"product","2":"type-product","3":"status-publish","4":"has-post-thumbnail","6":"product_cat-bucket-cylinders","7":"product_tag-bucket-cylinders","8":"product_tag-hydraulic-cylinders","10":"first","11":"instock","12":"shipping-taxable","13":"product-type-simple"},"amp_enabled":true,"_links":{"self":[{"href":"https:\/\/www.hydraulic-cylinders.net\/fi\/wp-json\/wp\/v2\/product\/15678","targetHints":{"allow":["GET"]}}],"collection":[{"href":"https:\/\/www.hydraulic-cylinders.net\/fi\/wp-json\/wp\/v2\/product"}],"about":[{"href":"https:\/\/www.hydraulic-cylinders.net\/fi\/wp-json\/wp\/v2\/types\/product"}],"replies":[{"embeddable":true,"href":"https:\/\/www.hydraulic-cylinders.net\/fi\/wp-json\/wp\/v2\/comments?post=15678"}],"wp:featuredmedia":[{"embeddable":true,"href":"https:\/\/www.hydraulic-cylinders.net\/fi\/wp-json\/wp\/v2\/media\/14780"}],"wp:attachment":[{"href":"https:\/\/www.hydraulic-cylinders.net\/fi\/wp-json\/wp\/v2\/media?parent=15678"}],"wp:term":[{"taxonomy":"product_brand","embeddable":true,"href":"https:\/\/www.hydraulic-cylinders.net\/fi\/wp-json\/wp\/v2\/product_brand?post=15678"},{"taxonomy":"product_cat","embeddable":true,"href":"https:\/\/www.hydraulic-cylinders.net\/fi\/wp-json\/wp\/v2\/product_cat?post=15678"},{"taxonomy":"product_tag","embeddable":true,"href":"https:\/\/www.hydraulic-cylinders.net\/fi\/wp-json\/wp\/v2\/product_tag?post=15678"}],"curies":[{"name":"wp","href":"https:\/\/api.w.org\/{rel}","templated":true}]}}