{"id":15683,"date":"2025-01-19T14:50:27","date_gmt":"2025-01-19T14:50:27","guid":{"rendered":"https:\/\/www.hydraulic-cylinders.net\/product\/bucket-cylinder-for-ihi-small-excavator-ihi8ons\/"},"modified":"2025-01-19T14:50:29","modified_gmt":"2025-01-19T14:50:29","slug":"bucket-cylinder-for-ihi-small-excavator-ihi8ons","status":"publish","type":"product","link":"https:\/\/www.hydraulic-cylinders.net\/fi\/tuote\/bucket-cylinder-for-ihi-small-excavator-ihi8ons\/","title":{"rendered":"Kauhan sylinteri IHI-pienkaivukoneeseen IHI8ONS"},"content":{"rendered":"<p><!--h2-->Kauhan sylinteri IHI-pienkaivukoneeseen IHI8ONS<!--\/h2--><\/p>\n<p><!--p-->T\u00e4ss\u00e4 artikkelissa tutkimme IHI-pienkaivukoneen IHI8ONS kauhansylinterin ominaisuuksia ja sovelluksia.<!--\/p--><\/p>\n<p><!--h3-->M\u00e4\u00e4ritelm\u00e4<!--\/h3--><br \/>\n<!--p-->Kauhasylinteri on erityisesti suunniteltu hydraulisylinteri, jota k\u00e4ytet\u00e4\u00e4n kauhan liikkeen ohjaamiseen raskaissa koneissa, kuten kaivinkoneissa, kaivurikuormaajissa ja etukuormaajissa. Sen p\u00e4\u00e4teht\u00e4v\u00e4n\u00e4 on helpottaa kauhan nostamista, laskemista ja kallistusta, mik\u00e4 tekee siit\u00e4 sopivan erilaisiin materiaalink\u00e4sittelyteht\u00e4viin.<!--\/p--><\/p>\n<p><!--h3-->Ominaisuudet<!--\/h3--><\/p>\n<ol>\n<li>Korkea lujuus ja kest\u00e4vyys: Kauhasylinteri on tyypillisesti valmistettu eritt\u00e4in lujasta ter\u00e4ksest\u00e4 tai alumiinista, ja se kest\u00e4\u00e4 korkeaa painetta ja raskaita kuormia, joten se sopii vaativiin ty\u00f6ymp\u00e4rist\u00f6ihin. Sen suunnittelussa on otettu huomioon kulutuskest\u00e4vyys ja korroosionkest\u00e4vyys, mik\u00e4 pident\u00e4\u00e4 sen k\u00e4ytt\u00f6ik\u00e4\u00e4.<\/li>\n<li>Tehokas hydraulinen toiminta: Hydrauli\u00f6ljyn paineen ansiosta kauhan sylinteri saavuttaa tasaiset teleskooppiliikkeet, mik\u00e4 mahdollistaa nopean reagoinnin ohjauskomentoihin ja tarjoaa tehokkaat ty\u00f6nt\u00f6- ja vetovoimat. T\u00e4m\u00e4 tekee siit\u00e4 sopivan raskaiden kuormien k\u00e4sittelyyn ja monimutkaisiin teht\u00e4viin.<\/li>\n<li>Erilaisia \u200b\u200btyyppej\u00e4: Kauhasylinteri on saatavana sek\u00e4 yksitoimisena (hydraulinen paine vain yhteen suuntaan) ett\u00e4 kaksitoimisena (hydraulinen paine molempiin suuntiin) versiona erilaisten k\u00e4ytt\u00f6tarpeiden t\u00e4ytt\u00e4miseksi. Jotkut mallit ovat teleskooppisia, mik\u00e4 mahdollistaa suuremman jatkeen ilman ulkomittojen kasvua, joten ne sopivat sovelluksiin, joissa on rajoitetusti tilaa.<\/li>\n<li>T\u00e4ydellinen korvaus: Tuotteemme voivat korvata t\u00e4ydellisesti olemassa olevat hydraulisylinterit.<!--\/li-->\n<\/ol>\n<p><!--p-->![Kauhan sylinteri](https:\/\/www.hydraulic-cylinders.net\/wp-content\/uploads\/2025\/01\/songte-company-2.webp)<!--\/p--><\/p>\n<p><!--h3-->Sovellukset<!--\/h3--><br \/>\n<!--p-->Kauhasylinteri\u00e4 k\u00e4ytet\u00e4\u00e4n useilla eri teollisuudenaloilla ja laitteissa, mukaan lukien:<!--\/p--><\/p>\n<ul>\n<li>Rakennuslaitteet: Niill\u00e4 on ratkaiseva rooli kaivinkoneissa kaivamisessa, lastaamisessa ja maaper\u00e4n tai roskien siirt\u00e4misess\u00e4. Kaivurikuormaajissa kauhan sylinteri auttaa sek\u00e4 kaivamisessa ett\u00e4 nostamisessa.<\/li>\n<li>Maatalouskoneet: K\u00e4ytet\u00e4\u00e4n etukuormaajissa maaper\u00e4n, hein\u00e4n ja muiden materiaalien kauhaukseen, nostamiseen ja kuljettamiseen.<\/li>\n<li>Kaivinkoneet: Kauhan sylinteri mahdollistaa kaivutoiminnan antamalla kauhan tunkeutua maaper\u00e4\u00e4n.<\/li>\n<li>Kuormaajat: Etukuormaajissa ne auttavat tavaroiden tehokkaassa nostamisessa ja tyhjent\u00e4misess\u00e4.<\/li>\n<\/ul>\n<p><!--h3-->Suunnittelun\u00e4k\u00f6kohdat ja valintakriteerit<!--\/h3--><br \/>\n<!--p-->Sylinterin suunnittelussa ja valinnassa otetaan huomioon useita tekij\u00f6it\u00e4:<!--\/p--><\/p>\n<ol>\n<li>Kuormankantokyky: Sylinterin on kestett\u00e4v\u00e4 suunniteltu kuorma vaurioitta.<\/li>\n<li>Tiivistyskyky: Erilaisten tiivisteiden, kuten kulutusta kest\u00e4vist\u00e4 materiaaleista, kuten polyuretaanista tai nitriilikumista, valmistettujen m\u00e4nn\u00e4ntiivisteiden ja varren tiivisteiden, k\u00e4ytt\u00f6 varmistaa tehokkaan tiivistyksen.<\/li>\n<li>Kest\u00e4vyys: Sylinterin runko ja kierteitetty p\u00e4\u00e4typinta on k\u00e4sitelty tarkasti kulumiskest\u00e4vyyden parantamiseksi. S\u00e4\u00e4nn\u00f6llinen voitelu sopivalla m\u00e4\u00e4r\u00e4ll\u00e4 hydrauliikka\u00f6ljy\u00e4 on v\u00e4ltt\u00e4m\u00e4t\u00f6nt\u00e4 kest\u00e4vyyden parantamiseksi.<\/li>\n<\/ol>\n<p><!--p-->![Songte-\u00f6ljyputket ja varaosat](https:\/\/www.hydraulic-cylinders.net\/wp-content\/uploads\/2025\/01\/songte-oil-pipes-and-spare-parts.webp)<!--\/p--><\/p>\n<p><!--h3-->Tiivistys ja voitelu<!--\/h3--><br \/>\n<!--p-->Kauhasylinteriss\u00e4 k\u00e4ytet\u00e4\u00e4n erilaisia \u200b\u200btiivisteit\u00e4, kuten m\u00e4nn\u00e4ntiivisteit\u00e4 ja varren tiivisteit\u00e4, jotka on valmistettu kulutusta kest\u00e4vist\u00e4 materiaaleista, kuten polyuretaanista ja nitriilikumista. Sylinterin runko ja kierteitetty p\u00e4\u00e4typinta on k\u00e4sitelty tarkasti kulutuskest\u00e4vyyden parantamiseksi. S\u00e4\u00e4nn\u00f6llinen voitelu sopivalla m\u00e4\u00e4r\u00e4ll\u00e4 hydrauli\u00f6ljy\u00e4 on v\u00e4ltt\u00e4m\u00e4t\u00f6nt\u00e4 sujuvan toiminnan varmistamiseksi.<!--\/p--><\/p>\n<p><!--h3-->Huolto ja ennaltaehk\u00e4isev\u00e4t toimenpiteet<!--\/h3--><br \/>\n<!--p-->Kauhasylinterin optimaalisen suorituskyvyn ja pitk\u00e4n k\u00e4ytt\u00f6i\u00e4n varmistamiseksi on suoritettava s\u00e4\u00e4nn\u00f6llisi\u00e4 tarkastuksia ja ennaltaehk\u00e4isevi\u00e4 huoltotoimenpiteit\u00e4, mukaan lukien:<!--\/p--><\/p>\n<ul>\n<li>S\u00e4\u00e4nn\u00f6lliset tarkastukset kulumisen tai vaurioiden havaitsemiseksi.<\/li>\n<li>Oikea voitelu kitkan est\u00e4miseksi ja sujuvan toiminnan varmistamiseksi.<\/li>\n<li>Tiivisteen vaihto tarvittaessa tehokkaan tiivistyksen yll\u00e4pit\u00e4miseksi.<\/li>\n<li>Kalibrointitarkistukset tarkan toiminnan varmistamiseksi.<\/li>\n<\/ul>\n<p><!--p-->![Songte-jousituspanta](https:\/\/www.hydraulic-cylinders.net\/wp-content\/uploads\/2025\/01\/songte-chushion-collar.webp)<!--\/p--><\/p>\n<p><!--h3-->Turvallisuusn\u00e4k\u00f6kohdat ja ymp\u00e4rist\u00f6tekij\u00e4t<!--\/h3--><br \/>\n<!--p-->Kauhasylinterin kanssa ty\u00f6skennelt\u00e4ess\u00e4 on t\u00e4rke\u00e4\u00e4 priorisoida turvatoimenpiteit\u00e4 onnettomuuksien ja vammojen ehk\u00e4isemiseksi. Turvallisuusprotokollien noudattaminen ja asianmukaisten turvavarusteiden k\u00e4ytt\u00f6 ovat ratkaisevan t\u00e4rkeit\u00e4. Lis\u00e4ksi ymp\u00e4rist\u00f6tekij\u00f6iden huomioon ottaminen voi auttaa minimoimaan laitteiden vaikutusta ymp\u00e4rist\u00f6\u00f6n.<!--\/p--><\/p>\n<p><!--h3-->Vianm\u00e4\u00e4ritys ja yleiset ongelmat<!--\/h3--><br \/>\n<!--p-->Jos kauhan sylinteriss\u00e4 on vikoja tai ongelmia, on t\u00e4rke\u00e4\u00e4 diagnosoida ongelma tarkasti. Joitakin yleisi\u00e4 ongelmia, joita voi ilmet\u00e4, ovat vuodot, heikentynyt suorituskyky tai ep\u00e4normaali melu. N\u00e4iden ongelmien korjaamiseksi on toteutettava nopea vianetsint\u00e4 ja asianmukaiset ratkaisut. Ennaltaehk\u00e4isev\u00e4t toimenpiteet voivat my\u00f6s minimoida mahdollisia ongelmia.<!--\/p--><\/p>\n<p><!--p-->![Songte-puslat kaikenlaisille kaivinkonemalleille](https:\/\/www.hydraulic-cylinders.net\/wp-content\/uploads\/2025\/01\/songte-bushings-with-all-kinds-of-excavator-models.webp)<!--\/p--><\/p>\n<p><!--p-->Muista j\u00e4rjest\u00e4\u00e4 artikkeli loogisesti, k\u00e4ytt\u00e4\u00e4 alaotsikoita helpottamaan navigointia, sis\u00e4llytt\u00e4\u00e4 asiaankuuluvia kuvia tai kaavioita ymm\u00e4rryksen parantamiseksi ja varmistaa, ett\u00e4 sis\u00e4lt\u00f6 on selke\u00e4\u00e4, ytimek\u00e4st\u00e4 ja sopivaa lukijoille, joilla on eri tasoinen tekninen tiet\u00e4mys.<!--\/p--><\/p>\n<p><!--h3-->Tietoa yrityksest\u00e4mme<!--\/h3--><br \/>\n<!--p-->Olemme johtava hydraulisylintereiden valmistaja ja tukkumyyj\u00e4, joka on erikoistunut vaihtosylintereiden tuotantoon. Yrityksemme tarjoaa laajan valikoiman tuotteita ja on tullut tunnetuksi sek\u00e4 kotimaisilla ett\u00e4 kansainv\u00e4lisill\u00e4 markkinoilla. Keskittym\u00e4ll\u00e4 huippuosaamiseen ja hy\u00f6dynt\u00e4m\u00e4ll\u00e4 teollistettuja tuotannonohjausstrategioita huippumodernissa tuotantolaitoksessamme, parannamme jatkuvasti valmistusymp\u00e4rist\u00f6\u00e4mme, parannamme tuotteiden laatua ja meill\u00e4 on vahva tuotantokapasiteetti. Tehokkaat, tarkat ja korkealaatuiset periaatteemme mahdollistavat asiakkaidemme monipuolisten tarpeiden t\u00e4ytt\u00e4misen.<!--\/p--><\/p>\n<p><!--p-->![Songte-yhti\u00f6](https:\/\/www.hydraulic-cylinders.net\/wp-content\/uploads\/2025\/01\/songte-company-3.webp)<!--\/p--><\/p>\n<p><!--p-->Yrityksemme erottuu edukseen ammattitaidon, kansainv\u00e4listen sertifikaattien, r\u00e4\u00e4t\u00e4l\u00f6ityjen palveluiden, tuotantolaitteiden ja j\u00e4lkimarkkinointipalvelun ansiosta.<!--\/p--><\/p>\n<p><!--p-->![Songte-yhti\u00f6](https:\/\/hzpt.com\/wp-content\/uploads\/2024\/11\/songte-company-1.webp)<!--\/p--><\/p>\n<p><!--p-->Kirjoittaja: lyl<!--\/p--><\/p>","protected":false},"excerpt":{"rendered":"<p>Bucket Cylinder For IHI Small Excavator IHI8ONS In this article, we will explore the features and applications of the Bucket Cylinder for IHI Small Excavator IHI8ONS. Definition The Bucket Cylinder is a specially designed hydraulic cylinder used to control the movement of the bucket in heavy machinery such as excavators, backhoe loaders, and front-end loaders. [&hellip;]<\/p>","protected":false},"featured_media":14769,"comment_status":"open","ping_status":"closed","template":"","meta":{"_et_pb_use_builder":"","_et_pb_old_content":"","_et_gb_content_width":""},"product_brand":[],"product_cat":[1494],"product_tag":[1495,1496],"class_list":{"0":"post-15683","1":"product","2":"type-product","3":"status-publish","4":"has-post-thumbnail","6":"product_cat-bucket-cylinders","7":"product_tag-bucket-cylinders","8":"product_tag-hydraulic-cylinders","10":"first","11":"instock","12":"shipping-taxable","13":"product-type-simple"},"amp_enabled":true,"_links":{"self":[{"href":"https:\/\/www.hydraulic-cylinders.net\/fi\/wp-json\/wp\/v2\/product\/15683","targetHints":{"allow":["GET"]}}],"collection":[{"href":"https:\/\/www.hydraulic-cylinders.net\/fi\/wp-json\/wp\/v2\/product"}],"about":[{"href":"https:\/\/www.hydraulic-cylinders.net\/fi\/wp-json\/wp\/v2\/types\/product"}],"replies":[{"embeddable":true,"href":"https:\/\/www.hydraulic-cylinders.net\/fi\/wp-json\/wp\/v2\/comments?post=15683"}],"wp:featuredmedia":[{"embeddable":true,"href":"https:\/\/www.hydraulic-cylinders.net\/fi\/wp-json\/wp\/v2\/media\/14769"}],"wp:attachment":[{"href":"https:\/\/www.hydraulic-cylinders.net\/fi\/wp-json\/wp\/v2\/media?parent=15683"}],"wp:term":[{"taxonomy":"product_brand","embeddable":true,"href":"https:\/\/www.hydraulic-cylinders.net\/fi\/wp-json\/wp\/v2\/product_brand?post=15683"},{"taxonomy":"product_cat","embeddable":true,"href":"https:\/\/www.hydraulic-cylinders.net\/fi\/wp-json\/wp\/v2\/product_cat?post=15683"},{"taxonomy":"product_tag","embeddable":true,"href":"https:\/\/www.hydraulic-cylinders.net\/fi\/wp-json\/wp\/v2\/product_tag?post=15683"}],"curies":[{"name":"wp","href":"https:\/\/api.w.org\/{rel}","templated":true}]}}