{"id":15685,"date":"2025-01-19T14:50:35","date_gmt":"2025-01-19T14:50:35","guid":{"rendered":"https:\/\/www.hydraulic-cylinders.net\/product\/bucket-cylinder-for-bobcat-small-excavator-e26\/"},"modified":"2025-01-19T14:50:37","modified_gmt":"2025-01-19T14:50:37","slug":"bucket-cylinder-for-bobcat-small-excavator-e26","status":"publish","type":"product","link":"https:\/\/www.hydraulic-cylinders.net\/fi\/tuote\/bucket-cylinder-for-bobcat-small-excavator-e26\/","title":{"rendered":"Kauhan sylinteri Bobcat-pienkaivukoneeseen E26"},"content":{"rendered":"<h1>Kauhan sylinteri Bobcat-pienkaivukoneeseen E26<\/h1>\n<h2>Johdanto<\/h2>\n<p>A bucket cylinder for a Bobcat small excavator E26 is a type of specialized hydraulic cylinder primarily utilized to control the movement of the bucket in heavy machinery, such as excavators, backhoe excavators, and front loaders. Its primary function is to allow the bucket to be lifted, lowered, and tilted, making it easier to perform various material handling tasks. In the hydraulic system, the bucket cylinder achieves precise control of the bucket&#8217;s movement through changes in hydraulic oil pressure, allowing operators to efficiently handle heavy loads, adapt to complex working environments and diverse job requirements.<\/p>\n<p><img decoding=\"async\" src=\"https:\/\/www.hydraulic-cylinders.net\/wp-content\/uploads\/2025\/01\/songte-company-2.webp\" alt=\"Kauhan sylinterin kuva\"><\/p>\n<h2>Ominaisuudet<\/h2>\n<ul>\n<li>Suuri lujuus ja kest\u00e4vyys: tyypillisesti valmistettu eritt\u00e4in lujasta ter\u00e4ksest\u00e4 tai alumiinista, kest\u00e4\u00e4 korkeaa painetta ja raskaita kuormia, sopii vaativiin ty\u00f6ymp\u00e4rist\u00f6ihin, on suunniteltu kulutus- ja korroosionkest\u00e4vyytt\u00e4 ajatellen, mik\u00e4 pident\u00e4\u00e4 k\u00e4ytt\u00f6ik\u00e4\u00e4.<\/li>\n<li>Tehokas hydraulinen toiminta: Hydrauli\u00f6ljyn paineen hy\u00f6dynt\u00e4minen mahdollistaa tasaiset ojennus- ja supistusliikkeet, nopea reagointi ohjauskomentoihin ja tehokas ty\u00f6nt\u00f6- ja vetovoima, sopii raskaiden kuormien k\u00e4sittelyyn ja monimutkaisiin ty\u00f6teht\u00e4viin.<\/li>\n<li>Erilaisia \u200b\u200bsylintereit\u00e4 on saatavilla eri tyyppein\u00e4: yksitoimisia (hydraulisesti vain yhteen suuntaan) tai kaksitoimisia (hydraulisesti molempiin suuntiin) sylintereit\u00e4 voidaan valita tarpeiden mukaan erilaisten k\u00e4ytt\u00f6vaatimusten t\u00e4ytt\u00e4miseksi. Jotkut mallit ovat teleskooppisia, mik\u00e4 mahdollistaa suuremman jatkeen ilman ulkomittojen kasvua, joten ne sopivat rajoitetusti tilaa vaativiin sovelluksiin.<\/li>\n<li>T\u00e4ydellinen korvaus: tuotteemme voi olla t\u00e4ydellinen korvaus n\u00e4ille hydraulisylintereille.<\/li>\n<\/ul>\n<p><img decoding=\"async\" src=\"https:\/\/www.hydraulic-cylinders.net\/wp-content\/uploads\/2025\/01\/songte-cylinder-head-with-all-kinds-excavator-models.webp\" alt=\"Kauhan sylinterimallit\"><\/p>\n<h2>Sovellukset<\/h2>\n<p><strong>Rakennuslaitteet:<\/strong> Kaivinkoneissa niiden on todettu olevan v\u00e4ltt\u00e4m\u00e4tt\u00f6mi\u00e4 kaivamisessa, lastaamisessa ja maaper\u00e4n tai roskien siirt\u00e4misess\u00e4. Kaivinkoneissa kauhan sylinterit auttavat sek\u00e4 kaivamisessa ett\u00e4 nostamisessa. Etukuormaajissa ne helpottavat lastin tehokasta nostamista ja tyhjent\u00e4mist\u00e4.<\/p>\n<p><strong>Maatalouskoneet:<\/strong> K\u00e4ytet\u00e4\u00e4n etukuormaajissa maan, hein\u00e4n ja muiden materiaalien kauhaukseen, nostamiseen ja kuljettamiseen. Kaivinkoneissa kauhan sylinterit mahdollistavat kaivamisen antamalla kauhan tunkeutua maahan. Etukuormaajissa ne auttavat tavaroiden tehokkaassa nostamisessa ja tyhjent\u00e4misess\u00e4.<\/p>\n<p><img decoding=\"async\" src=\"https:\/\/www.hydraulic-cylinders.net\/wp-content\/uploads\/2025\/01\/songte-chushion-collar.webp\" alt=\"Kauhan sylinterin kaulus\"><\/p>\n<h2>Suunnittelun\u00e4k\u00f6kohdat ja valintakriteerit<\/h2>\n<ul>\n<li>Kantavuus: Sylinterin on kestett\u00e4v\u00e4 sen odotettu enimm\u00e4iskuormitus.<\/li>\n<li>Tiivistys: Hydrauli\u00f6ljyn vuotojen est\u00e4miseksi tulisi k\u00e4ytt\u00e4\u00e4 erilaisia \u200b\u200btiivistyselementtej\u00e4, kuten m\u00e4nn\u00e4ntiivisteit\u00e4, varren tiivisteit\u00e4 jne.<\/li>\n<li>Kest\u00e4vyys: Sylinteri on suunniteltava kest\u00e4m\u00e4\u00e4n ankaria k\u00e4ytt\u00f6olosuhteita, joille se altistuu, ja kest\u00e4m\u00e4\u00e4n kulumista ja korroosiota k\u00e4ytt\u00f6ik\u00e4ns\u00e4 pident\u00e4miseksi.<\/li>\n<li>Turvallisuus: Suunnitteluun on sis\u00e4llytett\u00e4v\u00e4 turvamekanismit onnettomuuksien est\u00e4miseksi k\u00e4yt\u00f6n aikana.<\/li>\n<li>Huollettavuus: Sylinterin on oltava suunniteltu siten, ett\u00e4 se on helppo huoltaa ja korjata.<\/li>\n<\/ul>\n<p><img decoding=\"async\" src=\"https:\/\/www.hydraulic-cylinders.net\/wp-content\/uploads\/2025\/01\/songte-oil-pipes-and-spare-parts.webp\" alt=\"Kauhan sylinterin varaosat\"><\/p>\n<h2>Tiivistys ja voitelu<\/h2>\n<p>Hydrauli\u00f6ljyn vuotojen est\u00e4miseksi tulisi k\u00e4ytt\u00e4\u00e4 erilaisia \u200b\u200btiivisteit\u00e4. Tiivisteiss\u00e4 k\u00e4ytet\u00e4\u00e4n yleisesti polyuretaania, nitriilikumia ja muita kulutusta kest\u00e4vi\u00e4 materiaaleja. Sylinterin runko ja kierteitetyt p\u00e4\u00e4typinnat on hienok\u00e4sitelty kulutuskest\u00e4vyyden parantamiseksi. Voitelu saavutetaan lis\u00e4\u00e4m\u00e4ll\u00e4 s\u00e4\u00e4nn\u00f6llisesti sopiva m\u00e4\u00e4r\u00e4 hydrauli\u00f6ljy\u00e4.<\/p>\n<h2>Tarkastus, Ennakoiva huolto<\/h2>\n<p>Sylinterin moitteettoman toiminnan varmistamiseksi on suoritettava s\u00e4\u00e4nn\u00f6llisi\u00e4 tarkastuksia ja ennaltaehk\u00e4isevi\u00e4 huoltotoimenpiteit\u00e4. Yleisi\u00e4 huoltoteht\u00e4vi\u00e4 ovat voitelu, tiivisteiden vaihto ja kalibrointitarkastukset. Asianmukainen asennus, voitelu ja s\u00e4\u00e4t\u00f6 ovat v\u00e4ltt\u00e4m\u00e4tt\u00f6mi\u00e4 sylinterin k\u00e4ytt\u00f6i\u00e4n pident\u00e4miseksi. Asennuksen aikana suositellaan asianmukaista kohdistusohjeistusta ja sopivien asennuskiinnikkeiden k\u00e4ytt\u00f6\u00e4 sylinterin kiinnitt\u00e4miseksi. Saatavilla on suositeltuja tarkastus-, korjaus- ja vaihtomenettelyj\u00e4 sek\u00e4 uudelleenrakennuspalveluita ja vinkkej\u00e4 sylinterin k\u00e4ytt\u00f6i\u00e4n pident\u00e4miseksi.<\/p>\n<p><img decoding=\"async\" src=\"https:\/\/www.hydraulic-cylinders.net\/wp-content\/uploads\/2025\/01\/songte-bushings-with-all-kinds-of-excavator-models.webp\" alt=\"Kauhan sylinterin holkit\"><\/p>\n<h2>Turvallisuus- ja ymp\u00e4rist\u00f6n\u00e4k\u00f6kohdat<\/h2>\n<p>Turvatoimenpiteiden merkityst\u00e4 hydraulisylintereit\u00e4 k\u00e4ytett\u00e4ess\u00e4, mukaan lukien niiden asianmukainen asennus ja k\u00e4ytt\u00f6, ei voida yliarvioida. Asianmukainen j\u00e4tteenk\u00e4sittely on v\u00e4ltt\u00e4m\u00e4t\u00f6nt\u00e4 ymp\u00e4rist\u00f6haittojen minimoimiseksi.<\/p>\n<h2>Vianm\u00e4\u00e4ritys ja yleiset ongelmat<\/h2>\n<p>Tyypillisi\u00e4 hydraulisylintereiden ongelmia ovat vuodot, kuluneet tiivisteet ja hydraulinesteen saastuminen. Yleisten ongelmien diagnosoinnissa ja ratkaisemisessa on saatavilla vianm\u00e4\u00e4ritys- ja ongelmanratkaisuvinkkej\u00e4. S\u00e4\u00e4nn\u00f6llinen huolto voi auttaa ehk\u00e4isem\u00e4\u00e4n mahdollisia ongelmia.<\/p>\n<h2>Tietoa meist\u00e4<\/h2>\n<p>Olemme korvaavien hydraulisylinterien valmistaja ja tarjoamme kattavan tuotevalikoiman. Olemme yksi johtavista hydraulisylinterien valmistajista ja tukkumyyjist\u00e4 kotimaisilla ja kansainv\u00e4lisill\u00e4 markkinoilla. Noudatamme erinomaisuuden periaatetta laadussa, luotamme teollistettuihin tuotannonohjausstrategioihin, jotka perustuvat hienoihin valmistusty\u00f6pajoihin, ja parannamme jatkuvasti valmistusalustaamme ja t\u00e4ydellist\u00e4mme tuotteiden laadun tuotantoreitti\u00e4 k\u00e4ytt\u00e4m\u00e4ll\u00e4 teknisi\u00e4 kykyj\u00e4, digitaalisia huippuluokan valmistuslaitteita ja ammattimaisia \u200b\u200btestausj\u00e4rjestelmi\u00e4. Vahvan innovatiivisen kyvykkyyden ansiosta tarjoamme asiakkaillemme tehokkaita, tarkkoja ja korkealaatuisia tuotteita erilaisiin tarpeisiin. <\/p>\n<p><img decoding=\"async\" src=\"https:\/\/hzpt.com\/wp-content\/uploads\/2024\/11\/songte-company-1.webp\" alt=\"Yrityksemme\"><\/p>\n<h3>Ammattitaitomme:<\/h3>\n<p>Meill\u00e4 on kokeneiden hydraulisten sylinterien alan ammattilaisten tiimi, joka tarjoaa teknist\u00e4 tukea ja ratkaisuja asiakkaillemme.<\/p>\n<h3>Kansainv\u00e4linen sertifiointi:<\/h3>\n<p>Tuotteemme ovat kansainv\u00e4listen standardointij\u00e4rjest\u00f6jen sertifioimia, mik\u00e4 takaa niiden laadun ja luotettavuuden.<\/p>\n<h3>R\u00e4\u00e4t\u00e4l\u00f6intipalvelut:<\/h3>\n<p>Tarjoamme r\u00e4\u00e4t\u00e4l\u00f6intipalveluita asiakkaidemme ainutlaatuisten tarpeiden t\u00e4ytt\u00e4miseksi.<\/p>\n<h3>Tuotantolaitteet:<\/h3>\n<p>Huippuluokan tuotantolaitteistomme takaavat tuotteidemme korkean laadun ja tehokkuuden.<\/p>\n<h3>Myynnin j\u00e4lkeinen palvelu:<\/h3>\n<p>Tarjoamme kattavaa huoltopalvelua ja teknist\u00e4 tukea varmistaen asiakastyytyv\u00e4isyyden.<\/p>\n<p><img decoding=\"async\" src=\"https:\/\/www.hydraulic-cylinders.net\/wp-content\/uploads\/2025\/01\/songte-company-3.webp\" alt=\"Yrityksemme 2\"><\/p>\n<p><em>Kirjoittaja: lyl<\/em><\/p>","protected":false},"excerpt":{"rendered":"<p>Bucket Cylinder For Bobcat Small Excavator E26 Introduction A bucket cylinder for a Bobcat small excavator E26 is a type of specialized hydraulic cylinder primarily utilized to control the movement of the bucket in heavy machinery, such as excavators, backhoe excavators, and front loaders. Its primary function is to allow the bucket to be lifted, [&hellip;]<\/p>","protected":false},"featured_media":14762,"comment_status":"open","ping_status":"closed","template":"","meta":{"_et_pb_use_builder":"","_et_pb_old_content":"","_et_gb_content_width":""},"product_brand":[],"product_cat":[1494],"product_tag":[1495,1496],"class_list":{"0":"post-15685","1":"product","2":"type-product","3":"status-publish","4":"has-post-thumbnail","6":"product_cat-bucket-cylinders","7":"product_tag-bucket-cylinders","8":"product_tag-hydraulic-cylinders","10":"first","11":"instock","12":"shipping-taxable","13":"product-type-simple"},"amp_enabled":true,"_links":{"self":[{"href":"https:\/\/www.hydraulic-cylinders.net\/fi\/wp-json\/wp\/v2\/product\/15685","targetHints":{"allow":["GET"]}}],"collection":[{"href":"https:\/\/www.hydraulic-cylinders.net\/fi\/wp-json\/wp\/v2\/product"}],"about":[{"href":"https:\/\/www.hydraulic-cylinders.net\/fi\/wp-json\/wp\/v2\/types\/product"}],"replies":[{"embeddable":true,"href":"https:\/\/www.hydraulic-cylinders.net\/fi\/wp-json\/wp\/v2\/comments?post=15685"}],"wp:featuredmedia":[{"embeddable":true,"href":"https:\/\/www.hydraulic-cylinders.net\/fi\/wp-json\/wp\/v2\/media\/14762"}],"wp:attachment":[{"href":"https:\/\/www.hydraulic-cylinders.net\/fi\/wp-json\/wp\/v2\/media?parent=15685"}],"wp:term":[{"taxonomy":"product_brand","embeddable":true,"href":"https:\/\/www.hydraulic-cylinders.net\/fi\/wp-json\/wp\/v2\/product_brand?post=15685"},{"taxonomy":"product_cat","embeddable":true,"href":"https:\/\/www.hydraulic-cylinders.net\/fi\/wp-json\/wp\/v2\/product_cat?post=15685"},{"taxonomy":"product_tag","embeddable":true,"href":"https:\/\/www.hydraulic-cylinders.net\/fi\/wp-json\/wp\/v2\/product_tag?post=15685"}],"curies":[{"name":"wp","href":"https:\/\/api.w.org\/{rel}","templated":true}]}}