{"id":15689,"date":"2025-01-19T14:50:51","date_gmt":"2025-01-19T14:50:51","guid":{"rendered":"https:\/\/www.hydraulic-cylinders.net\/product\/bucket-cylinder-for-bobcat-small-excavator-e63\/"},"modified":"2025-01-19T14:50:53","modified_gmt":"2025-01-19T14:50:53","slug":"bucket-cylinder-for-bobcat-small-excavator-e63","status":"publish","type":"product","link":"https:\/\/www.hydraulic-cylinders.net\/fi\/tuote\/bucket-cylinder-for-bobcat-small-excavator-e63\/","title":{"rendered":"Kauhan sylinteri Bobcat-kaivinkoneeseen E63"},"content":{"rendered":"<h1>Kauhan sylinteri Bobcat-kaivinkoneeseen E63<\/h1>\n<h2>Johdanto<\/h2>\n<p>Bobcat Small Excavator E63 -kauhan sylinteri on erikoishydraulinen sylinteri, joka on suunniteltu ohjaamaan kauhan liikett\u00e4 raskaissa koneissa, kuten kaivinkoneissa, traktorikaivureissa ja kuormaajissa. Sen p\u00e4\u00e4teht\u00e4v\u00e4n\u00e4 on mahdollistaa kauhan nostaminen, laskeminen ja kallistaminen, mik\u00e4 helpottaa erilaisten materiaalink\u00e4sittelyteht\u00e4vien k\u00e4sittely\u00e4. Hydraulij\u00e4rjestelmiss\u00e4 kauhan sylinteri k\u00e4ytt\u00e4\u00e4 hydrauli\u00f6ljyn paineenmuutosta kauhan tarkkaan ohjaamiseen, jolloin k\u00e4ytt\u00e4j\u00e4t voivat k\u00e4sitell\u00e4 raskaita kuormia tehokkaasti ja sopeutua monimutkaisiin ty\u00f6ymp\u00e4rist\u00f6ihin ja erilaisiin ty\u00f6vaatimuksiin.<\/p>\n<p><img decoding=\"async\" src=\"https:\/\/www.hydraulic-cylinders.net\/wp-content\/uploads\/2025\/01\/songte-company-2.webp\" alt=\"Kauhan sylinterin kuva\"><\/p>\n<h2>Ominaisuudet<\/h2>\n<ul>\n<li>\n<h3>Korkea lujuus ja kest\u00e4vyys<\/h3>\n<p>Yleens\u00e4 se on valmistettu eritt\u00e4in lujasta ter\u00e4ksest\u00e4 tai alumiinista, ja se kest\u00e4\u00e4 korkeaa painetta ja raskaita kuormia, sopeutuu vaativiin ty\u00f6ymp\u00e4rist\u00f6ihin ja on suunniteltu ottaen huomioon kulutuskest\u00e4vyys ja korroosionkest\u00e4vyys kauhan sylinterin k\u00e4ytt\u00f6i\u00e4n pident\u00e4miseksi.<\/p>\n<\/li>\n<li>\n<h3>Tehokas hydraulinen k\u00e4ytt\u00f6<\/h3>\n<p>Hy\u00f6dynt\u00e4m\u00e4ll\u00e4 hydrauli\u00f6ljyn painetta tasaisen ojennuksen ja supistumisen aikaansaamiseksi, se voi reagoida nopeasti ohjauskomentoihin, tarjota tehokkaan ty\u00f6nt\u00f6- ja vetovoiman ja soveltuu raskaiden kuormien k\u00e4sittelyyn ja monimutkaisiin ty\u00f6teht\u00e4viin.<\/p>\n<\/li>\n<li>\n<h3>Erilaiset tyypit<\/h3>\n<p>Yksitoimiset (hydraulisesti yhteen suuntaan k\u00e4ytett\u00e4v\u00e4t) tai kaksitoimiset (hydraulisesti kahteen suuntaan k\u00e4ytett\u00e4v\u00e4t) sylinterit voidaan valita tarpeiden mukaan erilaisten k\u00e4ytt\u00f6vaatimusten t\u00e4ytt\u00e4miseksi. Jotkut mallit ovat teleskooppisia, mik\u00e4 mahdollistaa suuremman jatkeen ilman ulkomittojen kasvua, joten ne sopivat sovelluksiin, joissa on rajoitetusti tilaa.<\/p>\n<\/li>\n<li>\n<h3>Voidaan korvata<\/h3>\n<p>Tuotteemme voivat t\u00e4ydellisesti korvata n\u00e4m\u00e4 hydraulisylinterit. <\/p>\n<\/li>\n<\/ul>\n<p><img decoding=\"async\" src=\"https:\/\/www.hydraulic-cylinders.net\/wp-content\/uploads\/2025\/01\/songte-cylinder-head-with-all-kinds-excavator-models.webp\" alt=\"Kauhan sylinterin vaihtokuva\"><\/p>\n<h2>Sovellukset<\/h2>\n<p>Bobcat Small Excavator E63 -kauhan sylinteri\u00e4 k\u00e4ytet\u00e4\u00e4n laajalti useilla eri teollisuudenaloilla, mukaan lukien:<\/p>\n<ul>\n<li>\n<h3>Rakennuslaitteet<\/h3>\n<p>Kaivinkoneissa ne ovat v\u00e4ltt\u00e4m\u00e4tt\u00f6mi\u00e4 maan tai roskien kaivamiseen, lastaamiseen ja siirt\u00e4miseen. Kaivurikuormaajissa kauhan sylinterit auttavat kaivamisessa ja nostamisessa.<\/p>\n<\/li>\n<li>\n<h3>Maatalouskoneet<\/h3>\n<p>K\u00e4ytet\u00e4\u00e4n etukuormaajissa maan, hein\u00e4n ja muiden materiaalien nostamiseen, ker\u00e4\u00e4miseen ja kuljettamiseen. Kaivinkoneissa kauhan sylinteri mahdollistaa kaivamisen antamalla kauhan tunkeutua maaper\u00e4\u00e4n.<\/p>\n<\/li>\n<li>\n<h3>Kuormaaja<\/h3>\n<p>Etukuormaajissa ne auttavat tavaroiden tehokkaassa nostamisessa ja tyhjent\u00e4misess\u00e4.<\/p>\n<\/li>\n<\/ul>\n<h2>Suunnittelun\u00e4k\u00f6kohdat ja valintastandardit<\/h2>\n<p>Bobcat Small Excavator E63 -kaivukoneen kauhan sylinteri\u00e4 suunniteltaessa otetaan huomioon useita tekij\u00f6it\u00e4, kuten kuormankantokyky, tiiviys, kest\u00e4vyys, turvallisuus ja huollettavuus. Seuraavassa on joitakin keskusteltavia seikkoja:<\/p>\n<ul>\n<li>\n<h3>Kantavuus<\/h3>\n<p>Kauhasylinterin kyky kest\u00e4\u00e4 korkeaa painetta ja raskaita kuormia on ratkaisevan t\u00e4rke\u00e4\u00e4 tuotteen suorituskyvyn ja pitk\u00e4ik\u00e4isyyden kannalta.<\/p>\n<\/li>\n<li>\n<h3>Tiivistys<\/h3>\n<p>Kauhasylinterin tiivistysj\u00e4rjestelm\u00e4 on v\u00e4ltt\u00e4m\u00e4t\u00f6n vuotojen est\u00e4miseksi ja sujuvan toiminnan varmistamiseksi, ja korkealaatuisten tiivistysmateriaalien ja tarkkojen ty\u00f6st\u00f6prosessien k\u00e4ytt\u00f6 voi parantaa tiivistyskyky\u00e4 ja pident\u00e4\u00e4 sylinterin k\u00e4ytt\u00f6ik\u00e4\u00e4.<\/p>\n<\/li>\n<li>\n<h3>Kest\u00e4vyys<\/h3>\n<p>Kauhasylinteri altistuu ankarille ty\u00f6olosuhteille ja voi kulua voimakkaasti k\u00e4yt\u00f6n aikana. Siksi sylinterin materiaalivalinta, pintak\u00e4sittely ja muut tekij\u00e4t on otettava huomioon sylinterin kest\u00e4vyyden ja korroosion- ja kulumiskest\u00e4vyyden parantamiseksi.<\/p>\n<\/li>\n<li>\n<h3>Turvallisuus<\/h3>\n<p>Kauhasylinterin turvaominaisuudet, kuten ylikuormitussuoja ja h\u00e4t\u00e4pys\u00e4ytys, ovat ratkaisevan t\u00e4rkeit\u00e4 k\u00e4ytt\u00e4j\u00e4n turvallisuuden varmistamiseksi ja onnettomuuksien ehk\u00e4isemiseksi.<\/p>\n<\/li>\n<li>\n<h3>Yll\u00e4pidett\u00e4vyys<\/h3>\n<p>Kauhasylinterin huollettavuus, kuten helppo p\u00e4\u00e4sy huoltoa ja vaihtoa varten, voi v\u00e4hent\u00e4\u00e4 seisokkiaikoja ja lis\u00e4t\u00e4 tuottavuutta.<\/p>\n<\/li>\n<\/ul>\n<p><img decoding=\"async\" src=\"https:\/\/www.hydraulic-cylinders.net\/wp-content\/uploads\/2025\/01\/songte-oil-pipes-and-spare-parts.webp\" alt=\"Kauhan sylinterin suunnittelukuva\"><\/p>\n<h2>Tiivistys ja voitelu<\/h2>\n<p>Kauhasylinteriss\u00e4 k\u00e4ytet\u00e4\u00e4n erilaisia \u200b\u200btiivisteit\u00e4, kuten m\u00e4nn\u00e4ntiivisteit\u00e4, varren tiivisteit\u00e4 ja niin edelleen, vuotojen est\u00e4miseksi ja sujuvan toiminnan varmistamiseksi. Tiivisteet on valmistettu kulutusta kest\u00e4vist\u00e4 materiaaleista, kuten polyuretaanista ja nitriilikumista, tiivistyskyvyn parantamiseksi ja sylinterin k\u00e4ytt\u00f6i\u00e4n pident\u00e4miseksi. S\u00e4\u00e4nn\u00f6llinen sopivan hydrauli\u00f6ljyn lis\u00e4\u00e4minen voi voidella sylinteri\u00e4 ja v\u00e4hent\u00e4\u00e4 kulumista.<\/p>\n<h2>Tarkastus ja ennaltaehk\u00e4isev\u00e4 huolto<\/h2>\n<p>S\u00e4\u00e4nn\u00f6lliset tarkastukset ja ennaltaehk\u00e4isev\u00e4 huolto ovat ratkaisevan t\u00e4rkeit\u00e4 kauhan sylinterin optimaalisen toiminnan ja k\u00e4ytt\u00f6i\u00e4n pident\u00e4misen varmistamiseksi. Seuraavat ovat olennaisia \u200b\u200bhuoltoteht\u00e4vi\u00e4:<\/p>\n<ul>\n<li>\n<h3>S\u00e4\u00e4nn\u00f6llinen tarkastus<\/h3>\n<p>Sylinterin kunnon s\u00e4\u00e4nn\u00f6lliset tarkastukset, kuten halkeamien tai kulumisen merkit, ovat v\u00e4ltt\u00e4m\u00e4tt\u00f6mi\u00e4 mahdollisten ongelmien havaitsemiseksi ja niiden korjaamiseksi nopeasti.<\/p>\n<\/li>\n<li>\n<h3>Voitelu<\/h3>\n<p>Sylinterin s\u00e4\u00e4nn\u00f6llinen voitelu voi v\u00e4hent\u00e4\u00e4 kulumista ja varmistaa sujuvan toiminnan. <\/p>\n<\/li>\n<li>\n<h3>Tiivisteen vaihto ja kalibroinnin tarkistus<\/h3>\n<p>Kuluneiden tiivisteiden vaihtaminen ja sylinterin kalibroinnin tarkistaminen voivat auttaa yll\u00e4pit\u00e4m\u00e4\u00e4n sylinterin suorituskyky\u00e4.<\/p>\n<\/li>\n<\/ul>\n<p><img decoding=\"async\" src=\"https:\/\/www.hydraulic-cylinders.net\/wp-content\/uploads\/2025\/01\/songte-chushion-collar.webp\" alt=\"Kauhan sylinterin huoltokuva\"><\/p>\n<h2>Turvallisuusn\u00e4k\u00f6kohdat ja ymp\u00e4rist\u00f6tekij\u00e4t<\/h2>\n<p>K\u00e4ytett\u00e4ess\u00e4 kauhan sylinteri\u00e4 Bobcat Small Excavator E63 -kaivukoneessa on t\u00e4rke\u00e4\u00e4 noudattaa turvallisuusohjeita, kuten k\u00e4ytt\u00e4\u00e4 asianmukaisia \u200b\u200bsuojavarusteita ja varmistaa, ett\u00e4 laitteet ovat hyv\u00e4ss\u00e4 toimintakunnossa. K\u00e4ytetyn hydrauliikka\u00f6ljyn ja muun vaarallisen j\u00e4tteen asianmukainen h\u00e4vitt\u00e4minen on my\u00f6s ratkaisevan t\u00e4rke\u00e4\u00e4 ymp\u00e4rist\u00f6n suojelemiseksi.<\/p>\n<h2>Yleisi\u00e4 ongelmia ja vianm\u00e4\u00e4ritys<\/h2>\n<p>Kauhasylinterin yleisi\u00e4 ongelmia ovat \u00f6ljyvuoto, hydraulij\u00e4rjestelm\u00e4n toimintah\u00e4iri\u00f6t ja kuluneet tiivisteet. N\u00e4iden ongelmien vianm\u00e4\u00e4ritys vaatii asianmukaista vianm\u00e4\u00e4rityst\u00e4 ja korjausta, johon voi kuulua kuluneiden osien vaihtaminen tai sylinterin uudelleenkalibrointi.<\/p>\n<h2>Yrityksen tiedot<\/h2>\n<p>Olemme hydraulisten sylinterien valmistaja, joka voi korvata erityyppisi\u00e4 hydraulisia sylintereit\u00e4. Yrityksemme tarjoaa t\u00e4yden valikoiman tuotteita ja on tullut yhdeksi johtavista hydraulisten sylinterien valmistajista ja tukkumyyjist\u00e4 kotimaisilla ja kansainv\u00e4lisill\u00e4 markkinoilla. Noudatamme erinomaisen laadun periaatetta, luotamme hienotuotantopajojen teollisen tuotannon hallintastrategiaan ja parannamme jatkuvasti pajojemme valmistusalustaa k\u00e4ytt\u00e4m\u00e4ll\u00e4 teknologiaosaamista, digitaalisia huippuluokan valmistuslaitteita ja ammattimaisia \u200b\u200btestausj\u00e4rjestelmi\u00e4. Meill\u00e4 on vahva luovuus ja pystymme vastaamaan asiakkaidemme monipuolisiin tarpeisiin korkealla tehokkuudella, tarkkuudella ja korkealaatuisilla tuotteilla.<\/p>\n<p><img decoding=\"async\" src=\"https:\/\/hzpt.com\/wp-content\/uploads\/2024\/11\/songte-company-1.webp\" alt=\"Yrityksen imago\"><\/p>\n<h3>Ammattimaisuus<\/h3>\n<p>Yrityksell\u00e4mme on kokeneiden ja ammattitaitoisten insin\u00f6\u00f6rien tiimi, joka kehitt\u00e4\u00e4, suunnittelee ja valmistaa hydraulisylintereit\u00e4 asiakkaiden tarpeiden ja spesifikaatioiden mukaisesti.<\/p>\n<h3>Kansainv\u00e4linen sertifiointi<\/h3>\n<p>Tuotteemme ovat saaneet kansainv\u00e4lisi\u00e4 sertifikaatteja, kuten ISO9001, CE ja SGS, mik\u00e4 osoittaa, ett\u00e4 tuotteemme t\u00e4ytt\u00e4v\u00e4t alan standardit ja vaatimukset.<\/p>\n<h3>R\u00e4\u00e4t\u00e4l\u00f6intipalvelut<\/h3>\n<p>Tarjoamme r\u00e4\u00e4t\u00e4l\u00f6intipalveluita asiakkaiden erityistarpeiden t\u00e4ytt\u00e4miseksi ja asiakastyytyv\u00e4isyyden varmistamiseksi.<\/p>\n<h3>Tuotantolaitteet<\/h3>\n<p>Yrityksemme k\u00e4ytt\u00e4\u00e4 edistyneit\u00e4 tuotantolaitteita, kuten CNC-ty\u00f6st\u00f6keskuksia, varmistaakseen tuotteiden laadun ja tehokkuuden.<\/p>\n<h3>Myynnin j\u00e4lkeinen palvelu<\/h3>\n<p>Tarjoamme asiakkaillemme erinomaista j\u00e4lkimarkkinointipalvelua, kuten teknist\u00e4 tukea, korjaus- ja huoltopalveluita, varmistaaksemme tuotteidemme moitteettoman toiminnan.<\/p>\n<p><img decoding=\"async\" src=\"https:\/\/www.hydraulic-cylinders.net\/wp-content\/uploads\/2025\/01\/songte-company-3.webp\" alt=\"Yrityksen imago\"><\/p>\n<p>Kirjoittaja: lyl<\/p>","protected":false},"excerpt":{"rendered":"<p>Bucket Cylinder For Bobcat Small Excavator E63 Introduction The Bucket Cylinder for Bobcat Small Excavator E63 is a specialized hydraulic cylinder designed to control the movement of the bucket in heavy machinery such as excavators, backhoes, and loaders. Its main function is to allow the bucket to lift, lower, and tilt, making it easier to [&hellip;]<\/p>","protected":false},"featured_media":14787,"comment_status":"open","ping_status":"closed","template":"","meta":{"_et_pb_use_builder":"","_et_pb_old_content":"","_et_gb_content_width":""},"product_brand":[],"product_cat":[1494],"product_tag":[1495,1496],"class_list":{"0":"post-15689","1":"product","2":"type-product","3":"status-publish","4":"has-post-thumbnail","6":"product_cat-bucket-cylinders","7":"product_tag-bucket-cylinders","8":"product_tag-hydraulic-cylinders","10":"first","11":"instock","12":"shipping-taxable","13":"product-type-simple"},"amp_enabled":true,"_links":{"self":[{"href":"https:\/\/www.hydraulic-cylinders.net\/fi\/wp-json\/wp\/v2\/product\/15689","targetHints":{"allow":["GET"]}}],"collection":[{"href":"https:\/\/www.hydraulic-cylinders.net\/fi\/wp-json\/wp\/v2\/product"}],"about":[{"href":"https:\/\/www.hydraulic-cylinders.net\/fi\/wp-json\/wp\/v2\/types\/product"}],"replies":[{"embeddable":true,"href":"https:\/\/www.hydraulic-cylinders.net\/fi\/wp-json\/wp\/v2\/comments?post=15689"}],"wp:featuredmedia":[{"embeddable":true,"href":"https:\/\/www.hydraulic-cylinders.net\/fi\/wp-json\/wp\/v2\/media\/14787"}],"wp:attachment":[{"href":"https:\/\/www.hydraulic-cylinders.net\/fi\/wp-json\/wp\/v2\/media?parent=15689"}],"wp:term":[{"taxonomy":"product_brand","embeddable":true,"href":"https:\/\/www.hydraulic-cylinders.net\/fi\/wp-json\/wp\/v2\/product_brand?post=15689"},{"taxonomy":"product_cat","embeddable":true,"href":"https:\/\/www.hydraulic-cylinders.net\/fi\/wp-json\/wp\/v2\/product_cat?post=15689"},{"taxonomy":"product_tag","embeddable":true,"href":"https:\/\/www.hydraulic-cylinders.net\/fi\/wp-json\/wp\/v2\/product_tag?post=15689"}],"curies":[{"name":"wp","href":"https:\/\/api.w.org\/{rel}","templated":true}]}}