{"id":15690,"date":"2025-01-19T14:50:55","date_gmt":"2025-01-19T14:50:55","guid":{"rendered":"https:\/\/www.hydraulic-cylinders.net\/product\/bucket-cylinder-for-bobcat-small-excavator-e324\/"},"modified":"2025-01-19T14:50:57","modified_gmt":"2025-01-19T14:50:57","slug":"bucket-cylinder-for-bobcat-small-excavator-e324","status":"publish","type":"product","link":"https:\/\/www.hydraulic-cylinders.net\/fi\/tuote\/bucket-cylinder-for-bobcat-small-excavator-e324\/","title":{"rendered":"Kauhan sylinteri Bobcat-pienkaivukoneeseen E324"},"content":{"rendered":"<h2>Kauhan sylinteri Bobcat-pienkaivukoneeseen E324<\/h2>\n<p>\n    <img decoding=\"async\" src=\"https:\/\/www.hydraulic-cylinders.net\/wp-content\/uploads\/2025\/01\/songte-company-2.webp\" alt=\"Kauhan sylinteri\" \/>\n<\/p>\n<h3>Tuotteen m\u00e4\u00e4ritelm\u00e4 ja selitys<\/h3>\n<p>\n    Kauhasylinteri on erityisesti suunniteltu hydraulisylinteri, jota k\u00e4ytet\u00e4\u00e4n ensisijaisesti kauhan liikkeen ohjaamiseen raskaissa koneissa, kuten kaivinkoneissa, kaivurikuormaajissa ja etukuormaajissa. Sen p\u00e4\u00e4teht\u00e4v\u00e4n\u00e4 on mahdollistaa kauhan nostaminen, laskeminen ja kallistaminen, mik\u00e4 helpottaa erilaisia \u200b\u200bmateriaalink\u00e4sittelyteht\u00e4vi\u00e4. Hydraulij\u00e4rjestelm\u00e4ss\u00e4 kauhasylinteri saavuttaa kauhan tarkan ohjauksen hy\u00f6dynt\u00e4m\u00e4ll\u00e4 hydrauli\u00f6ljyn paineen muutoksia, jolloin k\u00e4ytt\u00e4j\u00e4t voivat k\u00e4sitell\u00e4 raskaita kuormia tehokkaasti ja sopeutua monimutkaisiin ty\u00f6ymp\u00e4rist\u00f6ihin ja erilaisiin k\u00e4ytt\u00f6vaatimuksiin.\n<\/p>\n<p>\n    <img decoding=\"async\" src=\"https:\/\/www.hydraulic-cylinders.net\/wp-content\/uploads\/2025\/01\/songte-cylinder-head-with-all-kinds-excavator-models.webp\" alt=\"Kauhan sylinterimallit\" \/>\n<\/p>\n<h3>Tuotteen ominaisuudet<\/h3>\n<ul>\n<li><strong>Korkea lujuus ja kest\u00e4vyys:<\/strong> Tyypillisesti eritt\u00e4in lujasta ter\u00e4ksest\u00e4 tai alumiinista valmistettu kauhasylinteri kest\u00e4\u00e4 korkeaa painetta ja raskaita kuormia ja mukautuu vaativiin ty\u00f6olosuhteisiin. Sen suunnittelussa on otettu huomioon kulutuskest\u00e4vyys ja korroosionkest\u00e4vyys, mik\u00e4 pident\u00e4\u00e4 sen k\u00e4ytt\u00f6ik\u00e4\u00e4.<\/li>\n<li><strong>Tehokas hydraulinen k\u00e4ytt\u00f6:<\/strong> Hydraulisen \u00f6ljynpaineen ansiosta kauhan sylinteri saavuttaa tasaiset ojennus- ja sis\u00e4\u00e4nvetoliikkeet, mik\u00e4 mahdollistaa nopean reagoinnin ohjauskomentoihin ja tarjoaa tehokkaat ty\u00f6nt\u00f6- ja vetovoimat, jotka sopivat raskaiden kuormien k\u00e4sittelyyn ja monimutkaisiin operatiivisiin teht\u00e4viin.<\/li>\n<li><strong>Erilaisia \u200b\u200btyyppej\u00e4:<\/strong> Kauhasylinteri voidaan valita yksitoimiseksi (hydraulinen paine vain yhteen suuntaan) tai kaksitoimiseksi (hydraulinen paine molempiin suuntiin) sylinteriksi tiettyjen k\u00e4ytt\u00f6vaatimusten mukaan. Jotkut mallit ovat teleskooppisia, mik\u00e4 mahdollistaa suuremman jatkeen ilman ulkomittojen kasvua, joten ne sopivat sovelluksiin, joissa on rajoitetusti tilaa.<\/li>\n<li><strong>T\u00e4ydellinen korvaus:<\/strong> Tuotteemme voivat t\u00e4ydellisesti korvata olemassa olevat hydraulisylinterit ja tarjota luotettavan vaihtoehdon erilaisiin k\u00e4ytt\u00f6tarkoituksiin.<\/li>\n<\/ul>\n<h3>Sovellusskenaariot<\/h3>\n<p>\n    <strong>Rakennuslaitteet:<\/strong> Kauhasylintereit\u00e4 k\u00e4ytet\u00e4\u00e4n kaivinkoneissa, joissa ne ovat v\u00e4ltt\u00e4m\u00e4tt\u00f6mi\u00e4 maanrakennuksessa, lastauksessa ja maaper\u00e4n tai roskien siirt\u00e4misess\u00e4. Kaivurikuormaajissa kauhasylinteri avustaa sek\u00e4 kaivamisessa ett\u00e4 nostamisessa.\n<\/p>\n<p>\n    <strong>Maatalouskoneet:<\/strong> Kauhasylintereit\u00e4 k\u00e4ytet\u00e4\u00e4n etukuormaajissa maaper\u00e4n, hein\u00e4n ja muiden materiaalien kauhaukseen, nostamiseen ja kuljettamiseen.\n<\/p>\n<p>\n    <strong>Kaivinkoneet:<\/strong> Kauhasylinterit helpottavat kaivamista antamalla kauhan tunkeutua maaper\u00e4\u00e4n.\n<\/p>\n<p>\n    <strong>Kuormaajat:<\/strong> Etukuormaajissa kauhan sylinterit auttavat tavaroiden tehokkaassa nostamisessa ja kallistamisessa.\n<\/p>\n<h3>Suunnittelun\u00e4k\u00f6kohdat ja valintakriteerit<\/h3>\n<p>\n    Suunnittelun kannalta useilla keskeisill\u00e4 tekij\u00f6ill\u00e4 on ratkaiseva rooli oikean kauhasylinterin valinnassa:\n<\/p>\n<ul>\n<li><strong>Kantavuus:<\/strong> Sylinterin on kestett\u00e4v\u00e4 suurin mahdollinen kuormitus k\u00e4yt\u00f6n aikana.<\/li>\n<li><strong>Tiivistys:<\/strong> On k\u00e4ytett\u00e4v\u00e4 asianmukaisia \u200b\u200btiivisteit\u00e4, kuten m\u00e4nn\u00e4ntiivisteit\u00e4 ja sylinterinvarren tiivisteit\u00e4, jotka on valmistettu kulutusta kest\u00e4vist\u00e4 materiaaleista, kuten polyuretaanista ja nitriilikumista. Sylinterin runko ja kierteitetyt p\u00e4\u00e4t on ty\u00f6stett\u00e4v\u00e4 tarkasti kulutuskest\u00e4vyyden parantamiseksi.<\/li>\n<li><strong>Kest\u00e4vyys:<\/strong> Kauhan sylinterin tulee olla suunniteltu kest\u00e4m\u00e4\u00e4n aiottu ty\u00f6ymp\u00e4rist\u00f6 ja mahdolliset ulkoiset vaikutukset.<\/li>\n<li><strong>Turvallisuus:<\/strong> Turvaominaisuudet, kuten paineenalennusventtiilit ja takaiskuventtiilit, tulisi sis\u00e4llytt\u00e4\u00e4 suunnitteluun turvallisen k\u00e4yt\u00f6n varmistamiseksi.<\/li>\n<li><strong>Yll\u00e4pidett\u00e4vyys:<\/strong> Sylinterin tehokasta huoltoa varten on varmistettava helppo p\u00e4\u00e4sy huoltoa ja korjausta varten.<\/li>\n<\/ul>\n<p>\n    <img decoding=\"async\" src=\"https:\/\/www.hydraulic-cylinders.net\/wp-content\/uploads\/2025\/01\/songte-oil-pipes-and-spare-parts.webp\" alt=\"Hydraulisylinterin osat\" \/>\n<\/p>\n<h3>Tiivistys ja voitelu<\/h3>\n<p>\n    Kauhasylinteriss\u00e4 k\u00e4ytet\u00e4\u00e4n erilaisia \u200b\u200btiivistyskomponentteja, kuten m\u00e4nn\u00e4ntiivisteit\u00e4 ja varren tiivisteit\u00e4, jotka on valmistettu kulutusta kest\u00e4vist\u00e4 materiaaleista, kuten polyuretaanista ja nitriilikumista. Sylinterin runko ja kierteitetyt p\u00e4\u00e4t pintak\u00e4sitell\u00e4\u00e4n huolellisesti kulutuskest\u00e4vyyden parantamiseksi. S\u00e4\u00e4nn\u00f6llinen voitelu on v\u00e4ltt\u00e4m\u00e4t\u00f6nt\u00e4, ja sylinteriin on lis\u00e4tt\u00e4v\u00e4 s\u00e4\u00e4nn\u00f6llisesti sopiva m\u00e4\u00e4r\u00e4 hydrauli\u00f6ljy\u00e4 asianmukaisen voitelun varmistamiseksi.\n<\/p>\n<h3>S\u00e4\u00e4nn\u00f6llinen tarkastus ja ennaltaehk\u00e4isev\u00e4 huolto<\/h3>\n<p>\n    Kauhasylinterin optimaalisen suorituskyvyn ja pitk\u00e4n k\u00e4ytt\u00f6i\u00e4n varmistamiseksi on suoritettava s\u00e4\u00e4nn\u00f6llisi\u00e4 tarkastuksia ja ennaltaehk\u00e4isev\u00e4\u00e4 huoltoa. Seuraavia toimenpiteit\u00e4 suositellaan:\n<\/p>\n<ul>\n<li>Suorita s\u00e4\u00e4nn\u00f6llisi\u00e4 tarkastuksia mahdollisten kulumisen, vuotojen tai vaurioiden varalta.<\/li>\n<li>Voitele kaikki liikkuvat osat asianmukaisesti valmistajan suositusten mukaisesti.<\/li>\n<li>Vaihda tiivisteet ja laakerit tarvittaessa tiiviyden yll\u00e4pit\u00e4miseksi ja vuotojen est\u00e4miseksi.<\/li>\n<li>Suorita s\u00e4\u00e4nn\u00f6llisi\u00e4 kalibrointitarkastuksia varmistaaksesi tarkan toiminnan.<\/li>\n<\/ul>\n<p>\n    <img decoding=\"async\" src=\"https:\/\/www.hydraulic-cylinders.net\/wp-content\/uploads\/2025\/01\/songte-chushion-collar.webp\" alt=\"Hydraulisylinterin huolto\" \/>\n<\/p>\n<h3>Turvallisuusn\u00e4k\u00f6kohdat ja ymp\u00e4rist\u00f6tekij\u00e4t<\/h3>\n<p>\n    Kauhasylinteri\u00e4 k\u00e4ytett\u00e4ess\u00e4 on t\u00e4rke\u00e4\u00e4 asettaa turvatoimet etusijalle. Asianmukaisia \u200b\u200bturvatoimenpiteit\u00e4 on noudatettava onnettomuuksien, vammojen tai laitevaurioiden est\u00e4miseksi. Ymp\u00e4rist\u00f6tekij\u00e4t, kuten l\u00e4mp\u00f6tila ja kosteus, on my\u00f6s otettava huomioon sylinterin optimaalisen suorituskyvyn varmistamiseksi.\n<\/p>\n<h3>Vianm\u00e4\u00e4ritys ja yleiset ongelmat<\/h3>\n<p>\n    Vianm\u00e4\u00e4ritys ja vianm\u00e4\u00e4ritys ovat ratkaisevan t\u00e4rkeit\u00e4 kauhan sylinterin yleisten ongelmien tunnistamisessa ja ratkaisemisessa. Seuraavat vinkit ja ratkaisut voivat auttaa lukijoita diagnosoimaan ja ratkaisemaan ongelmia tehokkaasti sek\u00e4 tarjoamaan ennaltaehk\u00e4isevi\u00e4 toimenpiteit\u00e4 mahdollisten ongelmien minimoimiseksi.\n<\/p>\n<p>\n    <img decoding=\"async\" src=\"https:\/\/www.hydraulic-cylinders.net\/wp-content\/uploads\/2025\/01\/songte-bushings-with-all-kinds-of-excavator-models.webp\" alt=\"Hydraulisylinterin holkit\" \/>\n<\/p>\n<h3>Johtop\u00e4\u00e4t\u00f6s<\/h3>\n<p>\n    Yhteenvetona voidaan todeta, ett\u00e4 yrityksemme on johtava hydraulisten sylinterien valmistaja ja tukkumyyj\u00e4 kotimaisilla ja kansainv\u00e4lisill\u00e4 markkinoilla. Tarjoamme kattavan valikoiman tuotteita ja noudatamme erinomaisen laadun, tehokkaiden valmistusprosessien ja erinomaisen asiakaspalvelun periaatteita. Yrityksemme on sitoutunut vastaamaan monipuolisiin asiakastarpeisiin tehokkaalla, tarkalla ja laadukkaalla tavalla.\n<\/p>\n<p>\n    <img decoding=\"async\" src=\"https:\/\/www.hydraulic-cylinders.net\/wp-content\/uploads\/2025\/01\/songte-company-3.webp\" alt=\"Yrityksen yleiskatsaus\" \/>\n<\/p>\n<h3>Yrityksen yleiskatsaus<\/h3>\n<p>\n    Yrityksemme tunnetaan korkealaatuisten hydraulisten sylinterien tuotannosta. Olemme johtava valmistaja ja tukkumyyj\u00e4 kotimaisilla ja kansainv\u00e4lisill\u00e4 markkinoilla. Keskittyen erinomaiseen laatuun, yrityksemme toteuttaa teollistettuja tuotannonohjausstrategioita huippumodernissa tuotantolaitoksessamme. Ty\u00f6llist\u00e4m\u00e4ll\u00e4 lahjakkaita ammattilaisia, edistyneit\u00e4 digitaalisia valmistuslaitteita ja ammattimaisia \u200b\u200btestausj\u00e4rjestelmi\u00e4 parannamme jatkuvasti valmistusymp\u00e4rist\u00f6\u00e4mme ja tuotteiden laatua. Yrityksell\u00e4mme on vahvat luovat kyvyt, jotka takaavat korkean tehokkuuden, tarkkuuden ja laadun vastataksemme monipuolisiin asiakastarpeisiin.\n<\/p>\n<p>\n    Ammattitaidosta, kansainv\u00e4lisist\u00e4 sertifioinneista, r\u00e4\u00e4t\u00e4l\u00f6idyist\u00e4 palveluista, tuotantolaitteista ja j\u00e4lkimarkkinointipalvelusta pyrimme tarjoamaan kattavia ratkaisuja.\n<\/p>\n<p>\n    <img decoding=\"async\" src=\"https:\/\/hzpt.com\/wp-content\/uploads\/2024\/11\/songte-company-1.webp\" alt=\"Yrityksen imago\" \/>\n<\/p>\n<p>\n    <em>Kirjoittaja: lyl<\/em><\/p>","protected":false},"excerpt":{"rendered":"<p>Bucket Cylinder For Bobcat Small Excavator E324 Product Definition and Explanation The bucket cylinder is a specially designed hydraulic cylinder primarily used for controlling the movement of the bucket in heavy machinery such as excavators, backhoe loaders, and front loaders. Its main function is to enable the lifting, lowering, and tilting of the bucket, facilitating [&hellip;]<\/p>","protected":false},"featured_media":14785,"comment_status":"open","ping_status":"closed","template":"","meta":{"_et_pb_use_builder":"","_et_pb_old_content":"","_et_gb_content_width":""},"product_brand":[],"product_cat":[1494],"product_tag":[1495,1496],"class_list":{"0":"post-15690","1":"product","2":"type-product","3":"status-publish","4":"has-post-thumbnail","6":"product_cat-bucket-cylinders","7":"product_tag-bucket-cylinders","8":"product_tag-hydraulic-cylinders","10":"first","11":"instock","12":"shipping-taxable","13":"product-type-simple"},"amp_enabled":true,"_links":{"self":[{"href":"https:\/\/www.hydraulic-cylinders.net\/fi\/wp-json\/wp\/v2\/product\/15690","targetHints":{"allow":["GET"]}}],"collection":[{"href":"https:\/\/www.hydraulic-cylinders.net\/fi\/wp-json\/wp\/v2\/product"}],"about":[{"href":"https:\/\/www.hydraulic-cylinders.net\/fi\/wp-json\/wp\/v2\/types\/product"}],"replies":[{"embeddable":true,"href":"https:\/\/www.hydraulic-cylinders.net\/fi\/wp-json\/wp\/v2\/comments?post=15690"}],"wp:featuredmedia":[{"embeddable":true,"href":"https:\/\/www.hydraulic-cylinders.net\/fi\/wp-json\/wp\/v2\/media\/14785"}],"wp:attachment":[{"href":"https:\/\/www.hydraulic-cylinders.net\/fi\/wp-json\/wp\/v2\/media?parent=15690"}],"wp:term":[{"taxonomy":"product_brand","embeddable":true,"href":"https:\/\/www.hydraulic-cylinders.net\/fi\/wp-json\/wp\/v2\/product_brand?post=15690"},{"taxonomy":"product_cat","embeddable":true,"href":"https:\/\/www.hydraulic-cylinders.net\/fi\/wp-json\/wp\/v2\/product_cat?post=15690"},{"taxonomy":"product_tag","embeddable":true,"href":"https:\/\/www.hydraulic-cylinders.net\/fi\/wp-json\/wp\/v2\/product_tag?post=15690"}],"curies":[{"name":"wp","href":"https:\/\/api.w.org\/{rel}","templated":true}]}}