{"id":15692,"date":"2025-01-19T14:51:05","date_gmt":"2025-01-19T14:51:05","guid":{"rendered":"https:\/\/www.hydraulic-cylinders.net\/product\/bucket-cylinder-for-bobcat-small-excavator-e35i\/"},"modified":"2025-01-19T14:51:08","modified_gmt":"2025-01-19T14:51:08","slug":"bucket-cylinder-for-bobcat-small-excavator-e35i","status":"publish","type":"product","link":"https:\/\/www.hydraulic-cylinders.net\/fi\/tuote\/bucket-cylinder-for-bobcat-small-excavator-e35i\/","title":{"rendered":"Kauhan sylinteri Bobcat-pienkaivukoneeseen E35i"},"content":{"rendered":"<h1>Kauhan sylinteri Bobcat-pienkaivukoneeseen E35i<\/h1>\n<h2>Johdanto<\/h2>\n<p>Bobcat E35i -pienkaivukoneen kauhan sylinteri on erikoishydraulinen sylinteri, jota k\u00e4ytet\u00e4\u00e4n p\u00e4\u00e4asiassa kauhan liikkeen ohjaamiseen raskaissa koneissa, kuten kaivinkoneissa, kaivurikuormaajissa ja etukuormaajissa. Sen ensisijainen teht\u00e4v\u00e4 on mahdollistaa kauhan nostaminen, laskeminen ja kallistaminen, mik\u00e4 helpottaa erilaisten materiaalink\u00e4sittelyteht\u00e4vien k\u00e4sittely\u00e4. Hydraulij\u00e4rjestelm\u00e4ss\u00e4 kauhan sylinteri saavuttaa tarkan kauhan hallinnan hydrauli\u00f6ljyn paineen muutoksilla, mink\u00e4 ansiosta k\u00e4ytt\u00e4j\u00e4t voivat k\u00e4sitell\u00e4 raskaita kuormia tehokkaasti ja sopeutua monimutkaisiin ty\u00f6ymp\u00e4rist\u00f6ihin ja erilaisiin k\u00e4ytt\u00f6tarpeisiin.<\/p>\n<p><img decoding=\"async\" src=\"https:\/\/www.hydraulic-cylinders.net\/wp-content\/uploads\/2025\/01\/songte-company-2.webp\" alt=\"Kauhan sylinteri Bobcat Small -kaivukoneeseen E35i\"><\/p>\n<h2>Ominaisuudet<\/h2>\n<ul>\n<li>Suuri lujuus ja kest\u00e4vyys: Tyypillisesti valmistettu eritt\u00e4in lujasta ter\u00e4ksest\u00e4 tai alumiinista, kest\u00e4\u00e4 korkeaa painetta ja raskaita kuormia, sopii vaativiin ty\u00f6ymp\u00e4rist\u00f6ihin, on suunniteltu kulutus- ja korroosionkest\u00e4vyytt\u00e4 ajatellen, mik\u00e4 pident\u00e4\u00e4 k\u00e4ytt\u00f6ik\u00e4\u00e4.<\/li>\n<li>Tehokas hydraulinen toiminta: Hydrauli\u00f6ljyn paineella saavutetaan tasaiset ojennus- ja supistusliikkeet, jotka reagoivat nopeasti ohjauskomentoihin, tarjoavat tehokkaan ty\u00f6nt\u00f6- ja vetovoiman ja sopivat raskaiden kuormien k\u00e4sittelyyn ja monimutkaisiin k\u00e4ytt\u00f6teht\u00e4viin.<\/li>\n<li>Useita tyyppej\u00e4: Yksitoimisia (hydraulisesti vain yhteen suuntaan) tai kaksitoimisia (hydraulisesti molempiin suuntiin) sylintereit\u00e4 voidaan valita tarpeiden mukaan erilaisten k\u00e4ytt\u00f6vaatimusten t\u00e4ytt\u00e4miseksi. Jotkut mallit ovat teleskooppisia, mik\u00e4 mahdollistaa suuremman jatkeen ilman ulkomittojen kasvua, joten ne sopivat sovelluksiin, joissa on rajoitetusti tilaa.<\/li>\n<li>Helppo huolto ja korjaus: Tuotteemme voivat t\u00e4ydellisesti korvata n\u00e4m\u00e4 hydraulisylinterit. <\/li>\n<li>Mukautettava: Yrityksemme voi tarjota r\u00e4\u00e4t\u00e4l\u00f6ityj\u00e4 palveluita asiakkaiden tarpeiden mukaan, kuten eri kokoisia, muotoisia ja materiaaleista valmistettuja kauhoja, tarjoten asiakkaille t\u00e4ydellisen hydrauliikkaj\u00e4rjestelm\u00e4ratkaisujen valikoiman. <\/li>\n<\/ul>\n<p><img decoding=\"async\" src=\"https:\/\/www.hydraulic-cylinders.net\/wp-content\/uploads\/2025\/01\/songte-cylinder-head-with-all-kinds-excavator-models.webp\" alt=\"Kauhan sylinteri Bobcat Small -kaivukoneeseen E35i\"><\/p>\n<h2>Sovellukset<\/h2>\n<p>Bobcat E35i -pienkaivukoneen kauhan sylinteri\u00e4 k\u00e4ytet\u00e4\u00e4n laajalti erilaisissa raskaissa koneissa, mukaan lukien:<\/p>\n<ul>\n<li>Rakennuskoneet: Kaivinkoneet, kaivurikuormaajat ja etukuormaajat k\u00e4ytt\u00e4v\u00e4t niit\u00e4 kaivamiseen, lastaamiseen ja maaper\u00e4n tai roskien siirt\u00e4miseen. Kaivurikuormaajissa kauhan sylinterit auttavat sek\u00e4 kaivamisessa ett\u00e4 nostamisessa. <\/li>\n<li>Maatalouskoneet: K\u00e4ytet\u00e4\u00e4n etukuormaajissa maaper\u00e4n, hein\u00e4n ja muiden materiaalien kauhaukseen, nostamiseen ja kuljettamiseen. <\/li>\n<li>Kaivinkoneet: Kauhasylinterit mahdollistavat kaivamisen antamalla kauhan tunkeutua maaper\u00e4\u00e4n. <\/li>\n<li>Kuormaajat: Etukuormaajissa ne auttavat tavaroiden tehokkaassa nostamisessa ja tyhjent\u00e4misess\u00e4. <\/li>\n<\/ul>\n<p>Jokainen Bobcat Small Excavator E35i -kauhan sylinterin sovellus on kuvattu yksityiskohtaisesti alla:<\/p>\n<ul>\n<li><strong>Rakennuslaitteet:<\/strong> Kaivinkoneissa kauhan sylintereit\u00e4 k\u00e4ytet\u00e4\u00e4n kauhan liikkeen ohjaamiseen. Kauhan sylinterit mahdollistavat erityisesti kauhan kaivamisen syv\u00e4lle maahan ja roskien tasaisen lastaamisen kuorma-autoon. Kaivurikuormaajissa kauhan sylintereit\u00e4 k\u00e4ytet\u00e4\u00e4n sek\u00e4 kaivu- ett\u00e4 nostotoimintojen ohjaamiseen.<\/li>\n<li><strong>Maatalouskoneet:<\/strong> Maatalouskoneissa kauhasylintereit\u00e4 k\u00e4ytet\u00e4\u00e4n etukuormaajissa maaper\u00e4n, hein\u00e4n ja muiden materiaalien kauhaamiseen, nostamiseen ja kuljettamiseen. Kauhasylinterit auttavat maanviljelij\u00f6it\u00e4 suorittamaan tarvittavat teht\u00e4v\u00e4t tehokkaasti ja nopeasti.<\/li>\n<li><strong>Kaivinkoneet:<\/strong> Kauhasylinterit mahdollistavat kaivamisen, koska kauha tunkeutuu maaper\u00e4\u00e4n. Kaivinkoneita k\u00e4ytet\u00e4\u00e4n laajalti rakennusty\u00f6mailla ja kaivostoiminnassa.<\/li>\n<li><strong>Kuormaajat:<\/strong> Etukuormaajissa kauhan sylinterit mahdollistavat tavaroiden tehokkaan nostamisen ja tyhjent\u00e4misen. Kuormaajia k\u00e4ytet\u00e4\u00e4n yleisesti rakennusty\u00f6mailla ja kaivosteollisuudessa.<\/li>\n<\/ul>\n<h2>Suunnittelun\u00e4k\u00f6kohdat ja valintakriteerit<\/h2>\n<p>Bobcat Small Excavator E35i -kaivukoneen kauhan sylinteri\u00e4 valittaessa on otettava huomioon useita suunnittelun\u00e4k\u00f6kohtia ja valintakriteerej\u00e4:<\/p>\n<ul>\n<li>Kantavuus: Kauhan sylinterin on kestett\u00e4v\u00e4 siihen k\u00e4yt\u00f6n aikana kohdistuva kuormitus.<\/li>\n<li>Tiivistysominaisuudet: Kauhan sylinterin tulee olla asianmukaisesti tiivistetty, jotta hydraulinesteen vuodot ja kosteuden p\u00e4\u00e4sy estet\u00e4\u00e4n.<\/li>\n<li>Kest\u00e4vyys: Kauhasylinterin tulee olla valmistettu korkealaatuisista materiaaleista kest\u00e4m\u00e4\u00e4n ankaria ymp\u00e4rist\u00f6olosuhteita ja toistuvaa raskasta k\u00e4ytt\u00f6\u00e4.<\/li>\n<li>Turvallisuus: Kauhasylinterin suunnittelussa on otettava huomioon turvallisuus, mukaan lukien asianmukainen asennus ja suojaus vahingossa tapahtuvilta vaurioilta tai vammoilta.<\/li>\n<li>Huolto ja korjaus: Kauhasylinterin suunnittelussa on otettava huomioon helppo huolto ja korjaus, mukaan lukien osien yksinkertainen purkaminen ja kokoaminen.<\/li>\n<\/ul>\n<p><img decoding=\"async\" src=\"https:\/\/www.hydraulic-cylinders.net\/wp-content\/uploads\/2025\/01\/songte-oil-pipes-and-spare-parts.webp\" alt=\"Kauhan sylinteri Bobcat Small -kaivukoneeseen E35i\"><\/p>\n<h2>Tiivistys ja voitelu<\/h2>\n<p>Bobcat Small Excavator E35i -kaivukoneen kauhan sylinteri vaatii asianmukaisen tiivistyksen ja voitelun toimiakseen tehokkaasti ja pident\u00e4\u00e4kseen k\u00e4ytt\u00f6ik\u00e4\u00e4. On ryhdytt\u00e4v\u00e4 useisiin toimenpiteisiin, mukaan lukien:<\/p>\n<ul>\n<li>K\u00e4ytet\u00e4\u00e4n erilaisia \u200b\u200btiivisteit\u00e4: kuten m\u00e4nn\u00e4ntiivisteit\u00e4, varren tiivisteit\u00e4 ja pyyhkij\u00f6it\u00e4. N\u00e4iden tiivisteiden tulee olla valmistettu kulutusta kest\u00e4vist\u00e4 materiaaleista, kuten polyuretaanista ja nitriilikumista.<\/li>\n<li>Asianmukaisen pintak\u00e4sittelyn varmistaminen: Sylinterin runko ja kierteitetyt p\u00e4\u00e4typinnat tulee k\u00e4sitell\u00e4 hienoksi kulutuskest\u00e4vyyden parantamiseksi.<\/li>\n<li>Sopivan hydrauli\u00f6ljyn k\u00e4ytt\u00f6: Sylinteriin on lis\u00e4tt\u00e4v\u00e4 s\u00e4\u00e4nn\u00f6llisesti oikeaa hydrauli\u00f6ljy\u00e4 asianmukaisen voitelun varmistamiseksi. <\/li>\n<\/ul>\n<h2>Ennakoiva huolto ja korjaus<\/h2>\n<p>S\u00e4\u00e4nn\u00f6llinen tarkastus ja ennaltaehk\u00e4isev\u00e4 huolto voivat pident\u00e4\u00e4 huomattavasti Bobcat Small Excavator E35i -kauhan sylinterin k\u00e4ytt\u00f6ik\u00e4\u00e4. On ryhdytt\u00e4v\u00e4 useisiin toimenpiteisiin, mukaan lukien:<\/p>\n<ul>\n<li>S\u00e4\u00e4nn\u00f6llinen tarkastus: Tarkista kauhan sylinteri s\u00e4\u00e4nn\u00f6llisesti vuotojen, kulumisen ja vaurioiden varalta.<\/li>\n<li>Oikea voitelu: Voitele kauhan sylinteri asianmukaisesti kulumisen ja repe\u00e4misen est\u00e4miseksi.<\/li>\n<li>Tiivisteiden vaihto: Vaihda kuluneet tai vaurioituneet tiivisteet hydrauliikkavuotojen est\u00e4miseksi.<\/li>\n<li>Kalibrointitarkistus: Tarkista kauhan sylinterin kalibrointi varmistaaksesi sen oikean toiminnan.<\/li>\n<\/ul>\n<h2>Tuotteen asennusopas<\/h2>\n<p>Bobcat Small Excavator E35i -kaivukoneen kauhan sylinterin asianmukainen asennus on v\u00e4ltt\u00e4m\u00e4t\u00f6nt\u00e4 oikean toiminnan ja turvallisuuden varmistamiseksi. Asennuksen aikana on noudatettava useita vaiheita, mukaan lukien:<\/p>\n<ul>\n<li>Sylinterin oikea kohdistus: Varmista, ett\u00e4 sylinteri on oikeassa kohdistuksessa koneen hydraulij\u00e4rjestelm\u00e4\u00e4n.<\/li>\n<li>Asianmukaisten kiinnitystelineiden k\u00e4ytt\u00f6: K\u00e4yt\u00e4 sopivia kiinnitystelineit\u00e4 sylinterin kiinnitt\u00e4miseksi koneeseen oikein.<\/li>\n<li>Asennusohje: Noudata suositeltuja asennusohjeita vaurioiden tai loukkaantumisten v\u00e4ltt\u00e4miseksi.<\/li>\n<\/ul>\n<h2>Yleiset huoltoteht\u00e4v\u00e4t<\/h2>\n<p>Bobcat Small Excavator E35i -kauhan sylinterin oikean toiminnan varmistamiseksi ja k\u00e4ytt\u00f6i\u00e4n pident\u00e4miseksi on suoritettava s\u00e4\u00e4nn\u00f6llisesti useita yleisi\u00e4 huoltoteht\u00e4vi\u00e4, mukaan lukien:<\/p>\n<ul>\n<li>S\u00e4\u00e4nn\u00f6llinen tarkastus: Tarkista kauhan sylinteri s\u00e4\u00e4nn\u00f6llisesti vuotojen, kulumisen ja vaurioiden varalta.<\/li>\n<li>Oikea voitelu: Voitele kauhan sylinteri asianmukaisesti kulumisen ja repe\u00e4misen est\u00e4miseksi.<\/li>\n<li>Tiivisteiden vaihto: Vaihda kuluneet tai vaurioituneet tiivisteet hydrauliikkavuotojen est\u00e4miseksi.<\/li>\n<\/ul>\n<p><img decoding=\"async\" src=\"https:\/\/www.hydraulic-cylinders.net\/wp-content\/uploads\/2025\/01\/songte-chushion-collar.webp\" alt=\"Kauhan sylinteri Bobcat Small -kaivukoneeseen E35i\"><\/p>\n<h2>Turvallisuus- ja ymp\u00e4rist\u00f6n\u00e4k\u00f6kohdat<\/h2>\n<p>Turvallisuus on ensiarvoisen t\u00e4rke\u00e4\u00e4 k\u00e4ytett\u00e4ess\u00e4 Bobcat Small Excavator E35i -kauhasylinteri\u00e4. On noudatettava useita turvatoimenpiteit\u00e4, mukaan lukien:<\/p>\n<ul>\n<li>Asianmukainen koulutus: Vain koulutettu henkil\u00f6st\u00f6 saa k\u00e4ytt\u00e4\u00e4 ja huoltaa kauhan sylinteri\u00e4.<\/li>\n<li>Asianmukainen k\u00e4ytt\u00f6: Kauhasylinteri\u00e4 saa k\u00e4ytt\u00e4\u00e4 ainoastaan \u200b\u200baiottuun tarkoitukseen, ja k\u00e4ytt\u00e4jien on noudatettava kaikkia turvaohjeita.<\/li>\n<\/ul>\n<h2>Vianm\u00e4\u00e4ritys ja vianm\u00e4\u00e4ritys<\/h2>\n<p>Bobcat Small Excavator E35i -kaivukoneen kauhan sylinterin k\u00e4yt\u00f6n aikana voi esiinty\u00e4 useita vikoja. N\u00e4it\u00e4 vikoja ovat:<\/p>\n<ul>\n<li>Vuoto: Vuoto voi johtua kuluneista tiivisteist\u00e4 tai vaurioituneista osista.<\/li>\n<li>Huono suorituskyky: Huono suorituskyky voi johtua riitt\u00e4m\u00e4tt\u00f6m\u00e4st\u00e4 hydraulinesteest\u00e4, vaurioituneista komponenteista tai kalibrointiongelmista.<\/li>\n<\/ul>\n<p>N\u00e4iden vikojen korjaamiseksi on toteutettava useita vianm\u00e4\u00e4ritystoimenpiteit\u00e4, mukaan lukien:<\/p>\n<ul>\n<li>Tarkastus: Tarkista sylinteri vuotojen, vaurioiden tai kulumisen varalta.<\/li>\n<li>Vaihto: Vaihda kuluneet tai vaurioituneet osat tarpeen mukaan.<\/li>\n<li>Kalibrointi: Kalibroi sylinteri varmistaaksesi oikean suorituskyvyn.<\/li>\n<\/ul>\n<p><img decoding=\"async\" src=\"https:\/\/www.hydraulic-cylinders.net\/wp-content\/uploads\/2025\/01\/songte-bushings-with-all-kinds-of-excavator-models.webp\" alt=\"Kauhan sylinteri Bobcat Small -kaivukoneeseen E35i\"><\/p>\n<h2>Tietoa yrityksest\u00e4mme<\/h2>\n<p>Olemme korvaavien hydraulisylinterien valmistaja. Yrityksemme tarjoaa t\u00e4yden valikoiman hydraulisylintereit\u00e4, mik\u00e4 tekee meist\u00e4 yhden johtavista hydraulisylinterien valmistajista ja tukkumyyjist\u00e4 kotimaisilla ja kansainv\u00e4lisill\u00e4 markkinoilla. Noudatamme erinomaisen laadun periaatteita ja luotamme hienomekaanisten ty\u00f6pajojen teollistettuun tuotannonohjausstrategiaan. Teknisten kykyjen, digitaalisten huippuluokan valmistuslaitteiden ja ammattimaisten testausj\u00e4rjestelmien avulla yrityksemme parantaa jatkuvasti ty\u00f6pajan valmistusalustaa, hioo tuotteiden laadun tuotantoreitti\u00e4 ja omaa vahvan innovaatiokyvyn. Tarjoamme tehokkaita, tarkkoja ja korkealaatuisia tuotteita asiakkaiden monipuolisten tarpeiden t\u00e4ytt\u00e4miseksi.<\/p>\n<h3>Yrityksemme ammattitaito<\/h3>\n<p>Yrityksell\u00e4mme on ammattilaistiimi, jolla on laaja kokemus hydrauliikkaj\u00e4rjestelm\u00e4ratkaisuista. Laadunhallintaj\u00e4rjestelm\u00e4mme on sertifioitu ISO9001-standardin mukaisesti, mik\u00e4 varmistaa tuotteidemme korkean laadun.<\/p>\n<h3>Yrityksemme r\u00e4\u00e4t\u00e4l\u00f6intipalvelut<\/h3>\n<p>Yrityksemme tarjoaa r\u00e4\u00e4t\u00e4l\u00f6ityj\u00e4 palveluita asiakkaiden tarpeiden mukaan, kuten erikokoisia, -muotoisia ja -materiaaleja sis\u00e4lt\u00e4vi\u00e4 kauhoja, tarjoten asiakkaille t\u00e4ydellisen hydrauliikkaj\u00e4rjestelm\u00e4ratkaisujen valikoiman.<\/p>\n<h3>Yrityksemme tuotantolaitteet<\/h3>\n<p>Yrityksell\u00e4mme on t\u00e4ydellinen tuotantolaitteisto, mukaan lukien numeerisesti ohjatut sorvit, numeerisesti ohjatut jyrsinkoneet ja numeerisesti ohjatut porakoneet, mik\u00e4 varmistaa tuotteidemme valmistuksen korkeimmalla mahdollisella tarkkuudella.<\/p>\n<h3>Yrityksemme huoltopalvelu<\/h3>\n<p>Yrityksemme tarjoaa j\u00e4lkimarkkinointipalvelua varmistaen, ett\u00e4 asiakkaamme saavat korkeimman tason teknist\u00e4 tukea, mukaan lukien oikea-aikaiset varaosien vaihdot, tekniset konsultoinnit ja huollon.<\/p>\n<p><img decoding=\"async\" src=\"https:\/\/www.hydraulic-cylinders.net\/wp-content\/uploads\/2025\/01\/songte-company-3.webp\" alt=\"Kauhan sylinteri Bobcat Small -kaivukoneeseen E35i\"><\/p>\n<p>Kirjoittaja: lyl<\/p>","protected":false},"excerpt":{"rendered":"<p>Bucket Cylinder For Bobcat Small Excavator E35i Introduction The bucket cylinder for a Bobcat small excavator E35i is a specialized hydraulic cylinder mainly used to control the movement of the bucket in heavy machinery such as excavators, backhoe loaders, and front-end loaders. Its primary function is to enable the bucket to lift, lower, and tilt, [&hellip;]<\/p>","protected":false},"featured_media":14782,"comment_status":"open","ping_status":"closed","template":"","meta":{"_et_pb_use_builder":"","_et_pb_old_content":"","_et_gb_content_width":""},"product_brand":[],"product_cat":[1494],"product_tag":[1495,1496],"class_list":{"0":"post-15692","1":"product","2":"type-product","3":"status-publish","4":"has-post-thumbnail","6":"product_cat-bucket-cylinders","7":"product_tag-bucket-cylinders","8":"product_tag-hydraulic-cylinders","10":"first","11":"instock","12":"shipping-taxable","13":"product-type-simple"},"amp_enabled":true,"_links":{"self":[{"href":"https:\/\/www.hydraulic-cylinders.net\/fi\/wp-json\/wp\/v2\/product\/15692","targetHints":{"allow":["GET"]}}],"collection":[{"href":"https:\/\/www.hydraulic-cylinders.net\/fi\/wp-json\/wp\/v2\/product"}],"about":[{"href":"https:\/\/www.hydraulic-cylinders.net\/fi\/wp-json\/wp\/v2\/types\/product"}],"replies":[{"embeddable":true,"href":"https:\/\/www.hydraulic-cylinders.net\/fi\/wp-json\/wp\/v2\/comments?post=15692"}],"wp:featuredmedia":[{"embeddable":true,"href":"https:\/\/www.hydraulic-cylinders.net\/fi\/wp-json\/wp\/v2\/media\/14782"}],"wp:attachment":[{"href":"https:\/\/www.hydraulic-cylinders.net\/fi\/wp-json\/wp\/v2\/media?parent=15692"}],"wp:term":[{"taxonomy":"product_brand","embeddable":true,"href":"https:\/\/www.hydraulic-cylinders.net\/fi\/wp-json\/wp\/v2\/product_brand?post=15692"},{"taxonomy":"product_cat","embeddable":true,"href":"https:\/\/www.hydraulic-cylinders.net\/fi\/wp-json\/wp\/v2\/product_cat?post=15692"},{"taxonomy":"product_tag","embeddable":true,"href":"https:\/\/www.hydraulic-cylinders.net\/fi\/wp-json\/wp\/v2\/product_tag?post=15692"}],"curies":[{"name":"wp","href":"https:\/\/api.w.org\/{rel}","templated":true}]}}