{"id":15693,"date":"2025-01-19T14:51:10","date_gmt":"2025-01-19T14:51:10","guid":{"rendered":"https:\/\/www.hydraulic-cylinders.net\/product\/bucket-cylinder-for-bobcat-small-excavator-e45\/"},"modified":"2025-01-19T14:51:14","modified_gmt":"2025-01-19T14:51:14","slug":"bucket-cylinder-for-bobcat-small-excavator-e45","status":"publish","type":"product","link":"https:\/\/www.hydraulic-cylinders.net\/fi\/tuote\/bucket-cylinder-for-bobcat-small-excavator-e45\/","title":{"rendered":"Kauhan sylinteri Bobcat-pienkaivukoneeseen E45"},"content":{"rendered":"<h2>Johdanto<\/h2>\n<h3>Kauhan sylinteri Bobcat-pienkaivukoneeseen E45<\/h3>\n<p>Kauhasylinteri on erikoishydraulinen sylinteri, jota k\u00e4ytet\u00e4\u00e4n p\u00e4\u00e4asiassa raskaiden koneiden, kuten kaivinkoneiden, kaivinkoneiden ja etukuormaajien, kauhojen liikkeen ohjaamiseen. Sen p\u00e4\u00e4teht\u00e4v\u00e4n\u00e4 on mahdollistaa kauhan nostaminen, laskeminen ja kallistaminen, mik\u00e4 helpottaa materiaalink\u00e4sittelyteht\u00e4vi\u00e4. Hydraulij\u00e4rjestelm\u00e4ss\u00e4 kauhasylinteri k\u00e4ytt\u00e4\u00e4 hydrauli\u00f6ljyn paineenmuutosta kauhan tarkkaan ohjaamiseen, jolloin k\u00e4ytt\u00e4j\u00e4t voivat k\u00e4sitell\u00e4 raskaita esineit\u00e4 tehokkaasti ja sopeutua monimutkaisiin ty\u00f6ymp\u00e4rist\u00f6ihin ja erilaisiin k\u00e4ytt\u00f6tarpeisiin.<\/p>\n<p><img decoding=\"async\" src=\"https:\/\/www.hydraulic-cylinders.net\/wp-content\/uploads\/2025\/01\/songte-company-2.webp\"\/><\/p>\n<h2>Ominaisuudet<\/h2>\n<ul>\n<li>Suuri lujuus ja kest\u00e4vyys: Tyypillisesti eritt\u00e4in lujasta ter\u00e4ksest\u00e4 tai alumiinista valmistettu tuote kest\u00e4\u00e4 korkeaa painetta ja raskaita kuormia, sopeutuu vaativiin ty\u00f6ymp\u00e4rist\u00f6ihin ja on suunniteltu kulumis- ja korroosionkest\u00e4vyydeksi k\u00e4ytt\u00f6i\u00e4n pident\u00e4miseksi.<\/li>\n<li>Tehokas hydraulinen toiminta: Sujuva pidennys- ja sis\u00e4\u00e4nvetoliike saavutetaan hy\u00f6dynt\u00e4m\u00e4ll\u00e4 hydrauli\u00f6ljyn painetta, mik\u00e4 mahdollistaa nopean reagoinnin ohjauskomentoihin ja tarjoaa tehokkaan ty\u00f6nt\u00f6-\/vetovoiman, joka soveltuu raskaiden esineiden k\u00e4sittelyyn ja monimutkaisiin k\u00e4ytt\u00f6teht\u00e4viin.<\/li>\n<li>Erilaisia \u200b\u200btyyppej\u00e4: Yksitoimisia (hydraulisesti vain yhteen suuntaan) tai kaksitoimisia (hydraulisesti molempiin suuntiin) sylintereit\u00e4 voidaan valita tarpeiden mukaan erilaisten k\u00e4ytt\u00f6tarpeiden t\u00e4ytt\u00e4miseksi. Jotkut mallit ovat teleskooppisia, mik\u00e4 mahdollistaa suuremman jatkeen ilman ulkomittojen kasvua, joten ne sopivat ahtaisiin sovelluksiin.<\/li>\n<li>Suora vaihto: Tuotteemme voi t\u00e4ydellisesti korvata n\u00e4m\u00e4 hydraulisylinterit.<\/li>\n<\/ul>\n<p><img decoding=\"async\" src=\"https:\/\/www.hydraulic-cylinders.net\/wp-content\/uploads\/2025\/01\/songte-cylinder-head-with-all-kinds-excavator-models.webp\"\/><\/p>\n<h2>Sovellukset<\/h2>\n<p>Kauhasylinteri\u00e4 k\u00e4ytet\u00e4\u00e4n p\u00e4\u00e4asiassa seuraavissa sovelluksissa:<\/p>\n<ul>\n<li>Rakennuslaitteet: Kaivinkoneissa niit\u00e4 pidet\u00e4\u00e4n v\u00e4ltt\u00e4m\u00e4tt\u00f6min\u00e4 maan tai roskien kaivamisessa, lastaamisessa ja siirt\u00e4misess\u00e4. Kaivinkoneissa kauhan sylinteri auttaa sek\u00e4 kaivamisessa ett\u00e4 nostamisessa. Etukuormaajissa ne auttavat tehokkaasti tavaroiden nostamisessa ja kallistuksessa.<\/li>\n<li>Maatalouskoneet: K\u00e4ytet\u00e4\u00e4n etukuormaajissa maaper\u00e4n, hein\u00e4n ja muiden materiaalien kauhaukseen, nostamiseen ja kuljettamiseen, kaivinkoneissa: Kauhan sylinteri saavuttaa kaivutoiminnon antamalla kauhan tunkeutua maaper\u00e4\u00e4n. <\/li>\n<\/ul>\n<p>Alla on joitakin esimerkkej\u00e4 siit\u00e4, miten kauhasylintereit\u00e4 k\u00e4ytet\u00e4\u00e4n n\u00e4iss\u00e4 sovelluksissa:<\/p>\n<ul>\n<li>Rakennuslaitteet: Kaivinkoneissa kauhan nostamiseen ja kallistamiseen k\u00e4ytet\u00e4\u00e4n kauhan sylinteri\u00e4, mik\u00e4 parantaa materiaalink\u00e4sittelyn tarkkuutta ja hallintaa. Kaivinkoneissa kauhan sylinteri avustaa sek\u00e4 kaivamisessa ett\u00e4 nostamisessa. Etukuormaajissa kauhan sylinteri auttaa tavaroiden tehokkaassa nostamisessa ja kallistamisessa.<\/li>\n<li>Maatalouskoneet: Etukuormaajissa kauhan sylinteri auttaa maan, hein\u00e4n ja muiden materiaalien kaivamisessa, nostamisessa ja kuljettamisessa. Kaivinkoneissa kauhan sylinteri saavuttaa kaivutoiminnon antamalla kauhan tunkeutua maaper\u00e4\u00e4n.<\/li>\n<\/ul>\n<h2>Suunnittelun\u00e4k\u00f6kohdat ja valintakriteerit<\/h2>\n<p>Kauhasylintereit\u00e4 valittaessa on t\u00e4rke\u00e4\u00e4 kiinnitt\u00e4\u00e4 huomiota seuraaviin suunnittelun\u00e4k\u00f6kohtiin ja valintakriteereihin:<\/p>\n<ul>\n<li>Kantavuus: Sylinterin on kestett\u00e4v\u00e4 m\u00e4\u00e4ritellyt kuormat ja voimat.<\/li>\n<li>Tiivistysominaisuudet: Hyv\u00e4 tiivistys on v\u00e4ltt\u00e4m\u00e4t\u00f6nt\u00e4 \u00f6ljyvuotojen ja sylinterivaurioiden est\u00e4miseksi.<\/li>\n<li>Kest\u00e4vyys: Sylinterin tulee kest\u00e4\u00e4 kovaa k\u00e4ytt\u00f6\u00e4 ja ankaria ymp\u00e4rist\u00f6j\u00e4.<\/li>\n<li>Turvallisuus: Turvaominaisuuksien on oltava k\u00e4yt\u00f6ss\u00e4 onnettomuuksien tai loukkaantumisten est\u00e4miseksi k\u00e4yt\u00f6n aikana.<\/li>\n<li>Huollettavuus: Sylinterin tulee olla helppo huoltaa ja korjata seisokkiaikojen minimoimiseksi ja kustannusten v\u00e4hent\u00e4miseksi.<\/li>\n<\/ul>\n<p><img decoding=\"async\" src=\"https:\/\/www.hydraulic-cylinders.net\/wp-content\/uploads\/2025\/01\/songte-oil-pipes-and-spare-parts.webp\"\/><\/p>\n<h2>Tiivistys ja voitelu<\/h2>\n<p>Kauhasylinteriss\u00e4 k\u00e4ytet\u00e4\u00e4n erilaisia \u200b\u200btiivisteit\u00e4, kuten m\u00e4nn\u00e4ntiivisteit\u00e4 ja varren tiivisteit\u00e4, jotka on valmistettu kulutusta kest\u00e4vist\u00e4 materiaaleista, kuten polyuretaanista ja nitriilikumista, hyv\u00e4n tiivistyksen varmistamiseksi. Sylinterin runko ja kierrepinta on hienosti k\u00e4sitelty kulutuskest\u00e4vyyden parantamiseksi. S\u00e4\u00e4nn\u00f6llinen oikean m\u00e4\u00e4r\u00e4n hydrauli\u00f6ljyn lis\u00e4\u00e4minen sylinterin voiteluun voi pident\u00e4\u00e4 sen k\u00e4ytt\u00f6ik\u00e4\u00e4.<\/p>\n<h2>Huolto ja vianm\u00e4\u00e4ritys<\/h2>\n<p>S\u00e4\u00e4nn\u00f6llinen huolto on elint\u00e4rke\u00e4\u00e4 kauhasylinterien moitteettoman toiminnan varmistamiseksi. Yleisi\u00e4 huoltoteht\u00e4vi\u00e4 ovat s\u00e4\u00e4nn\u00f6lliset tarkastukset, voitelu, tiivisteiden vaihto ja kalibrointitarkastukset. Asianmukainen asennus, voitelu ja s\u00e4\u00e4t\u00f6 ovat v\u00e4ltt\u00e4m\u00e4tt\u00f6mi\u00e4 kauhasylinterin turvallisen ja tehokkaan toiminnan varmistamiseksi. On suositeltavaa k\u00e4ytt\u00e4\u00e4 sopivia asennuskiinnikkeit\u00e4 sylinterin kiinnitt\u00e4miseen paikalleen. Kauhasylinterin k\u00e4ytt\u00f6i\u00e4n parantamiseksi annetaan my\u00f6s suositellut menettelytavat osien tarkastusta, korjausta ja vaihtoa varten. <\/p>\n<p><img decoding=\"async\" src=\"https:\/\/www.hydraulic-cylinders.net\/wp-content\/uploads\/2025\/01\/songte-chushion-collar.webp\"\/><\/p>\n<h2>Turvallisuusn\u00e4k\u00f6kohdat ja ymp\u00e4rist\u00f6tekij\u00e4t<\/h2>\n<p>Kauhapulloja k\u00e4ytett\u00e4ess\u00e4 on eritt\u00e4in t\u00e4rke\u00e4\u00e4 noudattaa turvallisuusohjeita onnettomuuksien ja loukkaantumisten v\u00e4ltt\u00e4miseksi. Turvallisuusominaisuuksien, kuten paineenalennusventtiilien, on oltava k\u00e4yt\u00f6ss\u00e4 ylikuormituksen est\u00e4miseksi ja pullon rikkoutumisriskin v\u00e4hent\u00e4miseksi. My\u00f6s ymp\u00e4rist\u00f6tekij\u00e4t, kuten l\u00e4mp\u00f6tila ja kosteus, on otettava huomioon ja ryhdytt\u00e4v\u00e4 asianmukaisiin toimenpiteisiin pullon turvallisen k\u00e4yt\u00f6n varmistamiseksi n\u00e4iss\u00e4 olosuhteissa.<\/p>\n<p><img decoding=\"async\" src=\"https:\/\/hzpt.com\/wp-content\/uploads\/2024\/11\/songte-company-1.webp\"\/><\/p>\n<h2>Tietoa meist\u00e4<\/h2>\n<p>Olemme korvaavien hydraulisylinterien valmistaja, jolla on laaja valikoima tuotteita. Olemme yksi johtavista hydraulisylinterien valmistajista ja tukkumyyjist\u00e4 kotimaisilla ja kansainv\u00e4lisill\u00e4 markkinoilla. Yrityksemme noudattaa erinomaisuuden periaatetta laadussa ja luottaa hienostuneen valmistuspajan teollistettuun tuotannonohjausstrategiaan. Parannamme jatkuvasti ty\u00f6pajan valmistusymp\u00e4rist\u00f6\u00e4mme k\u00e4ytt\u00e4m\u00e4ll\u00e4 teknisi\u00e4 kykyj\u00e4, digitaalisia huippuluokan valmistuslaitteita ja ammattimaisia \u200b\u200btestausj\u00e4rjestelmi\u00e4 parantaaksemme tuotteidemme laatua tuotantolinjalla. Meill\u00e4 on vahva luomiskyky vastata monipuolisiin asiakastarpeisiin korkean tehokkuuden, tarkkuuden ja korkean laadun periaatteilla.<\/p>\n<p>Yrityksemme tarjoaa ammattitaitoisia palveluita, kansainv\u00e4lisi\u00e4 sertifiointeja, r\u00e4\u00e4t\u00e4l\u00f6ityj\u00e4 tuotantopalveluita, edistyneit\u00e4 tuotantolaitteita ja j\u00e4lkimarkkinointipalveluita. <\/p>\n<p><img decoding=\"async\" src=\"https:\/\/www.hydraulic-cylinders.net\/wp-content\/uploads\/2025\/01\/songte-company-3.webp\"\/><\/p>\n<p>Kirjoittaja: lyl.<\/p>","protected":false},"excerpt":{"rendered":"<p>Introduction Bucket Cylinder For Bobcat Small Excavator E45 A bucket cylinder is a specialized hydraulic cylinder primarily used to control the movement of buckets in heavy machinery such as excavators, backhoe excavators, and front loaders. Its main function is to enable the bucket to be lifted, lowered, and tilted, making material handling tasks easier. In [&hellip;]<\/p>","protected":false},"featured_media":14780,"comment_status":"open","ping_status":"closed","template":"","meta":{"_et_pb_use_builder":"","_et_pb_old_content":"","_et_gb_content_width":""},"product_brand":[],"product_cat":[1494],"product_tag":[1495,1496],"class_list":{"0":"post-15693","1":"product","2":"type-product","3":"status-publish","4":"has-post-thumbnail","6":"product_cat-bucket-cylinders","7":"product_tag-bucket-cylinders","8":"product_tag-hydraulic-cylinders","10":"first","11":"instock","12":"shipping-taxable","13":"product-type-simple"},"amp_enabled":true,"_links":{"self":[{"href":"https:\/\/www.hydraulic-cylinders.net\/fi\/wp-json\/wp\/v2\/product\/15693","targetHints":{"allow":["GET"]}}],"collection":[{"href":"https:\/\/www.hydraulic-cylinders.net\/fi\/wp-json\/wp\/v2\/product"}],"about":[{"href":"https:\/\/www.hydraulic-cylinders.net\/fi\/wp-json\/wp\/v2\/types\/product"}],"replies":[{"embeddable":true,"href":"https:\/\/www.hydraulic-cylinders.net\/fi\/wp-json\/wp\/v2\/comments?post=15693"}],"wp:featuredmedia":[{"embeddable":true,"href":"https:\/\/www.hydraulic-cylinders.net\/fi\/wp-json\/wp\/v2\/media\/14780"}],"wp:attachment":[{"href":"https:\/\/www.hydraulic-cylinders.net\/fi\/wp-json\/wp\/v2\/media?parent=15693"}],"wp:term":[{"taxonomy":"product_brand","embeddable":true,"href":"https:\/\/www.hydraulic-cylinders.net\/fi\/wp-json\/wp\/v2\/product_brand?post=15693"},{"taxonomy":"product_cat","embeddable":true,"href":"https:\/\/www.hydraulic-cylinders.net\/fi\/wp-json\/wp\/v2\/product_cat?post=15693"},{"taxonomy":"product_tag","embeddable":true,"href":"https:\/\/www.hydraulic-cylinders.net\/fi\/wp-json\/wp\/v2\/product_tag?post=15693"}],"curies":[{"name":"wp","href":"https:\/\/api.w.org\/{rel}","templated":true}]}}