{"id":15696,"date":"2025-01-19T14:51:25","date_gmt":"2025-01-19T14:51:25","guid":{"rendered":"https:\/\/www.hydraulic-cylinders.net\/product\/bucket-cylinder-for-bobcat-small-excavator-e418\/"},"modified":"2025-01-19T14:51:27","modified_gmt":"2025-01-19T14:51:27","slug":"bucket-cylinder-for-bobcat-small-excavator-e418","status":"publish","type":"product","link":"https:\/\/www.hydraulic-cylinders.net\/fi\/tuote\/bucket-cylinder-for-bobcat-small-excavator-e418\/","title":{"rendered":"Kauhan sylinteri Bobcat-pienkaivukoneeseen E418"},"content":{"rendered":"<h1>Kauhan sylinteri Bobcat-pienkaivukoneeseen E418<\/h1>\n<h2>Johdanto<\/h2>\n<p>Bobcatin E418-pienkaivukoneen kauhan sylinteri on erityisesti suunniteltu hydraulisylinteri, jota k\u00e4ytet\u00e4\u00e4n p\u00e4\u00e4asiassa kauhan liikkeen ohjaamiseen raskaissa koneissa, kuten kaivinkoneissa, traktorikaivureissa ja etukuormaajissa. Sen p\u00e4\u00e4teht\u00e4v\u00e4n\u00e4 on mahdollistaa kauhan nostaminen, laskeminen ja kallistaminen, mik\u00e4 helpottaa erilaisten materiaalink\u00e4sittelyteht\u00e4vien k\u00e4sittely\u00e4. Hydraulij\u00e4rjestelm\u00e4ss\u00e4 kauhan sylinteri ohjaa kauhan tarkkaa liikett\u00e4 muuttamalla hydrauli\u00f6ljyn painetta, mink\u00e4 ansiosta k\u00e4ytt\u00e4j\u00e4t voivat k\u00e4sitell\u00e4 raskaita kuormia tehokkaasti ja sopeutua monimutkaisiin ty\u00f6ymp\u00e4rist\u00f6ihin ja erilaisiin ty\u00f6vaatimuksiin.<\/p>\n<p><img decoding=\"async\" src=\"https:\/\/www.hydraulic-cylinders.net\/wp-content\/uploads\/2025\/01\/songte-company-2.webp\" alt=\"Kauhan sylinteri\" \/><\/p>\n<h2>Ominaisuudet<\/h2>\n<ul>\n<li>Korkea lujuus ja kest\u00e4vyys: Tyypillisesti valmistettu eritt\u00e4in lujasta ter\u00e4ksest\u00e4 tai alumiinista, joka kest\u00e4\u00e4 korkeaa painetta ja raskaita kuormia, ja suunniteltu kulutuskest\u00e4vyytt\u00e4 ja korroosionkest\u00e4vyytt\u00e4 silm\u00e4ll\u00e4 pit\u00e4en, mik\u00e4 pident\u00e4\u00e4 k\u00e4ytt\u00f6ik\u00e4\u00e4.<\/li>\n<li>Tehokas hydraulinen toiminta: Hydrauli\u00f6ljyn paineen ansiosta saavutetaan tasaiset laajenemis- ja supistumisliikkeet, mik\u00e4 mahdollistaa nopean reagoinnin ohjauskomentoihin, tarjoaa vahvat ty\u00f6nt\u00f6- ja vetovoimat ja sopii erinomaisesti raskaiden kuormien k\u00e4sittelyyn ja monimutkaisiin ty\u00f6teht\u00e4viin.<\/li>\n<li>Erilaisia \u200b\u200btyyppej\u00e4: Valitse yksitoimisten (hydrauliikkaa k\u00e4ytet\u00e4\u00e4n vain yhteen suuntaan) tai kaksitoimisten (hydrauliikkaa k\u00e4ytet\u00e4\u00e4n molempiin suuntiin) sylinterien v\u00e4lill\u00e4 k\u00e4ytt\u00f6vaatimusten mukaan. Jotkut mallit ovat teleskooppisia, mik\u00e4 mahdollistaa suuremman jatkeen ilman ulkomittojen kasvua, mik\u00e4 sopii sovelluksiin, joissa tilaa on rajoitetusti.<\/li>\n<li>Mukautettava: Tuotteemme voidaan r\u00e4\u00e4t\u00e4l\u00f6id\u00e4 vastaamaan erityistarpeitasi, ja ne voivat korvata muiden valmistajien vastaavia hydraulisylintereit\u00e4.<\/li>\n<\/ul>\n<p><img decoding=\"async\" src=\"https:\/\/www.hydraulic-cylinders.net\/wp-content\/uploads\/2025\/01\/songte-cylinder-head-with-all-kinds-excavator-models.webp\" alt=\"Mukautettava kauhan sylinteri\" \/><\/p>\n<h2>Sovellukset<\/h2>\n<p>Kauhasylinteri\u00e4 k\u00e4ytet\u00e4\u00e4n useissa eri sovelluksissa:<\/p>\n<ul>\n<li>Rakennuslaitteet: Kaivinkoneissa ne ovat elint\u00e4rkeit\u00e4 kaivamisessa, lastaamisessa ja maaper\u00e4n tai roskien siirt\u00e4misess\u00e4. Kaivinkoneissa kauhan sylinteri auttaa sek\u00e4 kaivamisessa ett\u00e4 nostamisessa. <\/li>\n<li>Maatalouskoneet: K\u00e4ytet\u00e4\u00e4n etukuormaajissa, ja niit\u00e4 k\u00e4ytet\u00e4\u00e4n maan, hein\u00e4n ja muiden materiaalien nostamiseen ja tyhjent\u00e4miseen. Kaivinkoneissa kauhan sylinteri mahdollistaa kaivamisen antamalla kauhan tunkeutua maaper\u00e4\u00e4n. <\/li>\n<li>Kuormaaja: Etukuormaajissa ne auttavat tavaroiden tehokkaassa nostamisessa ja tyhjent\u00e4misess\u00e4.<\/li>\n<\/ul>\n<p>Jokainen sovellus on kuvattu yksityiskohtaisesti alla:<\/p>\n<h3>Rakennuslaitteet<\/h3>\n<p>Kauhasylinterill\u00e4 on ratkaiseva rooli kaivinkoneiden sujuvassa toiminnassa. Kaivamisen aikana kauhasylinteri auttaa helposti tunkeutumaan maahan, nostamaan ja tyhjent\u00e4m\u00e4\u00e4n maata ja roskia. Kaivinkoneissa sylinteri avustaa kaivamisessa ja nostamisessa, mik\u00e4 helpottaa materiaalin lastaamista ja kuljettamista.<\/p>\n<h3>Maatalouskoneet<\/h3>\n<p>Maatalouskoneiden etukuormaajien kauhan sylinterit auttavat tehokkaasti nostamaan ja tyhjent\u00e4m\u00e4\u00e4n materiaaleja, kuten maa-ainesta, hein\u00e4\u00e4, rehua ja muita maataloustuotteita. Maataloudessa k\u00e4ytett\u00e4viss\u00e4 kaivinkoneissa kauhan sylinteri mahdollistaa kaivamisen, koska kauha tunkeutuu helposti maaper\u00e4\u00e4n.<\/p>\n<h3>Kuormaaja<\/h3>\n<p>Etukuormaajien kauhan sylinteri auttaa tehokkaassa tavaroiden nostamisessa ja tyhjent\u00e4misess\u00e4, mik\u00e4 tekee siit\u00e4 ihanteellisen raskaiden materiaalien lastaamiseen ja purkamiseen.<\/p>\n<p><img decoding=\"async\" src=\"https:\/\/www.hydraulic-cylinders.net\/wp-content\/uploads\/2025\/01\/songte-bushings-with-all-kinds-of-excavator-models.webp\" alt=\"Kauhan sylinteri k\u00e4yt\u00f6ss\u00e4\" \/><\/p>\n<h2>Suunnittelun\u00e4k\u00f6kohdat ja valintakriteerit<\/h2>\n<p>Kauhasylinteri\u00e4 valittaessa on otettava huomioon useita tekij\u00f6it\u00e4, kuten sylinterin kantavuus, tiiviys, kest\u00e4vyys, turvallisuus ja huollettavuus. <\/p>\n<ul>\n<li>Kuormankantokyky: Kauhan sylinterin on kyett\u00e4v\u00e4 k\u00e4sittelem\u00e4\u00e4n odotettu kuorma taipumatta tai rikkoutumatta sovelluksesta riippuen.<\/li>\n<li>Tiivistys: Kauhan sylinteri on tiivistett\u00e4v\u00e4 riitt\u00e4v\u00e4sti, jotta hydraulinestett\u00e4 ei vuoda ja se ei saastuta ymp\u00e4rist\u00f6\u00e4.<\/li>\n<li>Kest\u00e4vyys: Kauhasylinterin on oltava valmistettu kest\u00e4vist\u00e4 materiaaleista kest\u00e4m\u00e4\u00e4n ankaria k\u00e4ytt\u00f6olosuhteita, mik\u00e4 pident\u00e4\u00e4 sen k\u00e4ytt\u00f6ik\u00e4\u00e4.<\/li>\n<li>Turvallisuus: Kauhasylinterin on oltava suunniteltu siten, ett\u00e4 k\u00e4ytt\u00e4j\u00e4 ja laitteen ymp\u00e4rill\u00e4 olevat ovat turvassa.<\/li>\n<li>Huollettavuus: Kauhasylinterin on oltava suunniteltu siten, ett\u00e4 se on helppo huoltaa, mukaan lukien tiivisteiden vaihto, puhdistus ja voitelu.<\/li>\n<\/ul>\n<p><img decoding=\"async\" src=\"https:\/\/www.hydraulic-cylinders.net\/wp-content\/uploads\/2025\/01\/songte-oil-pipes-and-spare-parts.webp\" alt=\"Kauhan sylinterin varaosat\" \/><\/p>\n<h2>Tiivistys ja voitelu<\/h2>\n<p>Kauhasylinteriss\u00e4 k\u00e4ytet\u00e4\u00e4n erilaisia \u200b\u200btiivisteit\u00e4, kuten m\u00e4nn\u00e4ntiivisteit\u00e4 ja varren tiivisteit\u00e4, jotka on valmistettu kulutusta kest\u00e4vist\u00e4 materiaaleista, kuten polyuretaanista ja nitriilikumista, varmistaakseen asianmukaisen tiivistyksen ja est\u00e4\u00e4kseen \u00f6ljyvuodot. Sylinterin runko ja kierteitetyt p\u00e4\u00e4typinnat on hienosti k\u00e4sitelty kulutuskest\u00e4vyyden parantamiseksi. S\u00e4\u00e4nn\u00f6llinen hydrauli\u00f6ljyn ruiskutus on tarpeen sylinterin sein\u00e4m\u00e4n ja m\u00e4nn\u00e4n voitelun ja kulumisen est\u00e4miseksi.<\/p>\n<h2>Huolto ja korjaus<\/h2>\n<p>Kauhasylinterin s\u00e4\u00e4nn\u00f6llinen tarkastus ja ennaltaehk\u00e4isev\u00e4 huolto ovat v\u00e4ltt\u00e4m\u00e4tt\u00f6mi\u00e4 sylinterin optimaalisen suorituskyvyn varmistamiseksi ja kalliiden seisokkiaikojen ja korjausten v\u00e4ltt\u00e4miseksi. S\u00e4\u00e4nn\u00f6llinen tarkastus, asianmukainen voitelu ja kalibrointitarkastukset ovat yleisimpi\u00e4 huoltoteht\u00e4vi\u00e4. Asianmukainen asennus, voitelu ja s\u00e4\u00e4t\u00f6 ovat ratkaisevan t\u00e4rkeit\u00e4, ja sylinterin oikea kohdistus on v\u00e4ltt\u00e4m\u00e4t\u00f6nt\u00e4. Sylinterin kiinnitt\u00e4miseksi paikalleen tulee k\u00e4ytt\u00e4\u00e4 asianmukaisia \u200b\u200basennuskiinnikkeit\u00e4. Kauhasylinterin k\u00e4ytt\u00f6i\u00e4n pident\u00e4miseksi annetaan suositellut tarkastus-, korjaus- ja vaihtomenettelyt. <\/p>\n<p><img decoding=\"async\" src=\"https:\/\/www.hydraulic-cylinders.net\/wp-content\/uploads\/2025\/01\/songte-chushion-collar.webp\" alt=\"Kauhan sylinterin huolto ja korjaus\" \/><\/p>\n<h2>Turvallisuusn\u00e4k\u00f6kohdat ja ymp\u00e4rist\u00f6tekij\u00e4t<\/h2>\n<p>Kauhasylintereit\u00e4 k\u00e4ytett\u00e4ess\u00e4 on eritt\u00e4in t\u00e4rke\u00e4\u00e4 ottaa huomioon turvatoimet, kuten ty\u00f6ntekij\u00f6iden osumisen est\u00e4minen kauhasylinteriin k\u00e4yt\u00f6n aikana. Hydrauli\u00f6ljyn ja muiden vaarallisten aineiden asianmukainen h\u00e4vitt\u00e4minen on teht\u00e4v\u00e4 ymp\u00e4rist\u00f6n saastumisen est\u00e4miseksi.<\/p>\n<h2>Vianm\u00e4\u00e4ritys ja vianm\u00e4\u00e4ritys<\/h2>\n<p>Yleisi\u00e4 kauhan sylinteriongelmia voivat olla \u00f6ljyvuoto, hidas toiminta tai tehon alentuminen. S\u00e4\u00e4nn\u00f6llinen tarkastus, ennakoiva huolto ja nopea korjaus ovat v\u00e4ltt\u00e4m\u00e4tt\u00f6mi\u00e4 n\u00e4iden ongelmien v\u00e4ltt\u00e4miseksi. Jos ongelmia ilmenee, vianm\u00e4\u00e4ritys on mahdollista tunnistamalla ongelman perimm\u00e4inen syy ja korjaamalla tai vaihtamalla vialliset osat.<\/p>\n<p><img decoding=\"async\" src=\"https:\/\/hzpt.com\/wp-content\/uploads\/2024\/11\/songte-company-1.webp\" alt=\"Kauhan sylinterin vianm\u00e4\u00e4ritys\" \/><\/p>\n<h2>Tietoa meist\u00e4<\/h2>\n<p>Olemme hydraulisylinterien valmistaja, joka tuottaa t\u00e4yden valikoiman tuotteita ja on yksi johtavista hydraulisylinterien valmistajista ja tukkumyyjist\u00e4 kotimaisilla ja kansainv\u00e4lisill\u00e4 markkinoilla. Noudatamme erinomaisen laadun strategiaa ja luotamme hienomekaanisten ty\u00f6pajojen teolliseen tuotannonohjaukseen. Jatkamme ty\u00f6pajojen valmistusalustan parantamista, tuotteiden laadun parantamista tuotantolinjoilla ja meill\u00e4 on vahvat luomiskyvyt, jotka t\u00e4ytt\u00e4v\u00e4t asiakkaiden monipuoliset tarpeet tehokkaalla, tarkalla ja korkealaatuisella tavalla. <\/p>\n<p>Yrityksemme tarjoaa ammattitaitoa, kansainv\u00e4lisi\u00e4 sertifiointeja, r\u00e4\u00e4t\u00e4l\u00f6ityj\u00e4 palveluita, tuotantolaitteita ja j\u00e4lkimarkkinointipalvelua. <\/p>\n<p><img decoding=\"async\" src=\"https:\/\/www.hydraulic-cylinders.net\/wp-content\/uploads\/2025\/01\/songte-company-3.webp\" alt=\"Tietoa meist\u00e4\" \/><\/p>\n<p>Kirjoittaja: lyl<\/p>","protected":false},"excerpt":{"rendered":"<p>Bucket Cylinder For Bobcat Small Excavator E418 Introduction The bucket cylinder for Bobcat small excavator E418 is a specially designed hydraulic cylinder primarily used to control the movement of the bucket in heavy machinery such as excavators, backhoe excavators, and front-end loaders. Its main function is to allow the bucket to lift, lower, and tilt, [&hellip;]<\/p>","protected":false},"featured_media":14773,"comment_status":"open","ping_status":"closed","template":"","meta":{"_et_pb_use_builder":"","_et_pb_old_content":"","_et_gb_content_width":""},"product_brand":[],"product_cat":[1494],"product_tag":[1495,1496],"class_list":{"0":"post-15696","1":"product","2":"type-product","3":"status-publish","4":"has-post-thumbnail","6":"product_cat-bucket-cylinders","7":"product_tag-bucket-cylinders","8":"product_tag-hydraulic-cylinders","10":"first","11":"instock","12":"shipping-taxable","13":"product-type-simple"},"amp_enabled":true,"_links":{"self":[{"href":"https:\/\/www.hydraulic-cylinders.net\/fi\/wp-json\/wp\/v2\/product\/15696","targetHints":{"allow":["GET"]}}],"collection":[{"href":"https:\/\/www.hydraulic-cylinders.net\/fi\/wp-json\/wp\/v2\/product"}],"about":[{"href":"https:\/\/www.hydraulic-cylinders.net\/fi\/wp-json\/wp\/v2\/types\/product"}],"replies":[{"embeddable":true,"href":"https:\/\/www.hydraulic-cylinders.net\/fi\/wp-json\/wp\/v2\/comments?post=15696"}],"wp:featuredmedia":[{"embeddable":true,"href":"https:\/\/www.hydraulic-cylinders.net\/fi\/wp-json\/wp\/v2\/media\/14773"}],"wp:attachment":[{"href":"https:\/\/www.hydraulic-cylinders.net\/fi\/wp-json\/wp\/v2\/media?parent=15696"}],"wp:term":[{"taxonomy":"product_brand","embeddable":true,"href":"https:\/\/www.hydraulic-cylinders.net\/fi\/wp-json\/wp\/v2\/product_brand?post=15696"},{"taxonomy":"product_cat","embeddable":true,"href":"https:\/\/www.hydraulic-cylinders.net\/fi\/wp-json\/wp\/v2\/product_cat?post=15696"},{"taxonomy":"product_tag","embeddable":true,"href":"https:\/\/www.hydraulic-cylinders.net\/fi\/wp-json\/wp\/v2\/product_tag?post=15696"}],"curies":[{"name":"wp","href":"https:\/\/api.w.org\/{rel}","templated":true}]}}