{"id":1570,"date":"2023-10-07T02:18:33","date_gmt":"2023-10-07T02:18:33","guid":{"rendered":"https:\/\/hydraulic-cylinders.net\/?post_type=product&#038;p=1570"},"modified":"2025-03-28T06:38:01","modified_gmt":"2025-03-28T06:38:01","slug":"crane-cylinder-for-mobile-crane-outrigger-expansion","status":"publish","type":"product","link":"https:\/\/www.hydraulic-cylinders.net\/fi\/tuote\/crane-cylinder-for-mobile-crane-outrigger-expansion\/","title":{"rendered":"Nosturin sylinteri mobiilinosturin tukijalkojen laajennukseen"},"content":{"rendered":"<h1 style=\"text-align: center;\"><strong> Nosturin sylinteri mobiilinosturin tukijalkojen laajennukseen<\/strong><\/h1>\n<p><img loading=\"lazy\" decoding=\"async\" class=\"aligncenter wp-image-1571\" src=\"https:\/\/hydraulic-cylinders.net\/wp-content\/uploads\/2023\/10\/outrigger-expansion-cylinder-1-300x300.webp\" alt=\"Nosturin sylinteri mobiilinosturin tukijalkojen laajennukseen-1\" width=\"400\" height=\"400\" \/><\/p>\n<p>The <strong>nosturisylinteri mobiilinosturin tukijalkojen laajennukseen<\/strong> on ratkaiseva komponentti, joka parantaa mobiilinostureiden vakautta ja ulottuvuutta nostotoimintojen aikana. T\u00e4m\u00e4 hydraulisylinteri on suunniteltu ojentamaan ja supistamaan tukijalkoja, ja sill\u00e4 on t\u00e4rke\u00e4 rooli vankan perustan luomisessa ja k\u00e4ytt\u00f6ominaisuuksien parantamisessa.<\/p>\n<p>T\u00e4m\u00e4 v\u00e4ltt\u00e4m\u00e4t\u00f6n nosturisylinteri parantaa merkitt\u00e4v\u00e4sti mobiilinostureiden vakautta, kuormankantokyky\u00e4 ja ulottuvuutta nostoteht\u00e4viss\u00e4. Sen kest\u00e4v\u00e4 rakenne ja tarkka hydraulinen ohjaus takaavat turvallisen ja tehokkaan nostamisen erilaisissa rakennus- ja teollisuusymp\u00e4rist\u00f6iss\u00e4. Noudattamalla oikeita k\u00e4ytt\u00f6menetelmi\u00e4 ja suositeltuja huoltok\u00e4yt\u00e4nt\u00f6j\u00e4 k\u00e4ytt\u00e4j\u00e4t voivat maksimoida mobiilinosturin tukijalkojen laajennuksessa k\u00e4ytett\u00e4v\u00e4n nosturisylinterin k\u00e4ytt\u00f6i\u00e4n ja luotettavuuden, mik\u00e4 varmistaa onnistuneet nostot. Valitse t\u00e4m\u00e4 v\u00e4ltt\u00e4m\u00e4t\u00f6n hydraulinen komponentti parantaaksesi mobiilinosturij\u00e4rjestelm\u00e4si vakautta, ulottuvuutta ja tuottavuutta.<\/p>\n<p><strong>Nosturin sylinterin t\u00e4rkeimm\u00e4t ominaisuudet mobiilinosturin tukijalkojen laajennuksessa:<\/strong><\/p>\n<p><strong>Vankka rakenne ja kest\u00e4vyys:<\/strong> Mobiilinosturin tukijalkojen laajennukseen tarkoitettu nosturin sylinteri on valmistettu korkealaatuisista materiaaleista, mik\u00e4 takaa poikkeuksellisen lujuuden ja pitk\u00e4n k\u00e4ytt\u00f6i\u00e4n. Se on suunniteltu kest\u00e4m\u00e4\u00e4n raskaita kuormia, iskuja ja haastavia ymp\u00e4rist\u00f6olosuhteita, tarjoten luotettavan suorituskyvyn vaativissa ty\u00f6ymp\u00e4rist\u00f6iss\u00e4.<\/p>\n<p><strong>Hydraulinen ohjaus ja tarkkuus:<\/strong> T\u00e4m\u00e4 sylinteri valjastaa hydraulivoiman tukijalkojen ojentamiseen ja vet\u00e4miseen sis\u00e4\u00e4n. Hydraulinen ohjausj\u00e4rjestelm\u00e4 mahdollistaa tarkat s\u00e4\u00e4d\u00f6t, joiden avulla k\u00e4ytt\u00e4j\u00e4t voivat saavuttaa halutun tukijalkojen ojennuspituuden tarkasti.<\/p>\n<p><strong>Parannettu vakaus ja kuormankantokyky:<\/strong> Mobiilinosturin tukijalkojen laajennukseen tarkoitettu nosturin sylinteri parantaa merkitt\u00e4v\u00e4sti nosturin vakautta pident\u00e4m\u00e4ll\u00e4 tukijalkapalkkeja. Se jakaa kuorman tehokkaasti laajemmalle alueelle, mik\u00e4 minimoi kaatumisriskin ja varmistaa turvallisen noston my\u00f6s raskailla kuormilla.<\/p>\n<p><strong>Lis\u00e4\u00e4ntynyt ulottuvuus ja joustavuus:<\/strong> T\u00e4m\u00e4n sylinterin tukijalkojen laajennusmahdollisuus mahdollistaa mobiilinostureiden suuremman korkeuden saavuttamisen ja niiden ty\u00f6skentelyalueen laajentamisen. T\u00e4m\u00e4 ominaisuus on erityisen edullinen ahtaissa tiloissa tai kun tarvitaan lis\u00e4\u00e4 vaakasuoraa ulottuvuutta.<\/p>\n<h1><strong>Nosturin sylinteri mobiilinosturin tukijalkojen laajennukseen <\/strong><strong style=\"font-size: 26px;\">Parametri:<\/strong><\/h1>\n<table border=\"1\" cellspacing=\"0\" cellpadding=\"0\">\n<tbody>\n<tr>\n<td>Tuotteen nimi<\/td>\n<td>Ajoneuvonosturin tukijalkojen paisuntasylinteri<\/td>\n<\/tr>\n<tr>\n<td>Ominaisuudet:<\/td>\n<td>Ved\u00e4 tukijalkasylinteri\u00e4 vaakasuunnassa<\/td>\n<\/tr>\n<tr>\n<td>Rei\u00e4n halkaisija:<\/td>\n<td>50 mm\uff5e75 mm<\/td>\n<\/tr>\n<tr>\n<td>Tangon halkaisija:<\/td>\n<td>25 mm\uff5e55 mm<br \/>\nIsku \u22642500 mm<\/td>\n<\/tr>\n<tr>\n<td>Paine:<\/td>\n<td>Enimm\u00e4ispaine 35 MPa<\/td>\n<\/tr>\n<tr>\n<td>Teleskooppisylinterin sovellukset:<\/td>\n<td>Mobiilinosturi<\/td>\n<\/tr>\n<\/tbody>\n<\/table>\n<h1><strong>Nosturin sylinteri mobiilinostureiden tukijalkojen laajennukseen <\/strong><strong style=\"font-size: 26px;\">Tunnistuskaavio:<\/strong><\/h1>\n<p><img loading=\"lazy\" decoding=\"async\" class=\"alignnone wp-image-1551 size-full\" src=\"https:\/\/www.hydraulic-cylinders.net\/wp-content\/uploads\/2023\/09\/mobile-crane-cylinder-construction-1.webp\" alt=\"Nosturin sylinteri mobiilinosturin tukijalkojen laajennukseen-2\" width=\"1418\" height=\"946\" srcset=\"https:\/\/www.hydraulic-cylinders.net\/wp-content\/uploads\/2023\/09\/mobile-crane-cylinder-construction-1.webp 1418w, https:\/\/www.hydraulic-cylinders.net\/wp-content\/uploads\/2023\/09\/mobile-crane-cylinder-construction-1-1280x854.webp 1280w, https:\/\/www.hydraulic-cylinders.net\/wp-content\/uploads\/2023\/09\/mobile-crane-cylinder-construction-1-980x654.webp 980w, https:\/\/www.hydraulic-cylinders.net\/wp-content\/uploads\/2023\/09\/mobile-crane-cylinder-construction-1-480x320.webp 480w\" sizes=\"(min-width: 0px) and (max-width: 480px) 480px, (min-width: 481px) and (max-width: 980px) 980px, (min-width: 981px) and (max-width: 1280px) 1280px, (min-width: 1281px) 1418px, 100vw\" \/><\/p>\n<h2><strong>K\u00e4ytt\u00f6tapa <\/strong><strong>Nosturin sylinteri mobiilinostureiden tukijalkojen laajennukseen<\/strong><strong>:<\/strong><\/h2>\n<ol>\n<li><strong>Tutustu hallintalaitteisiin ja turvallisuusohjeisiin:<\/strong><\/li>\n<\/ol>\n<ul>\n<li>Ennen mobiilinosturin tukijalkojen paisuntasylinterin k\u00e4ytt\u00f6\u00e4 k\u00e4ytt\u00e4jien on tutustuttava nosturimallinsa erityisiin hallintalaitteisiin ja turvallisuusohjeisiin.<\/li>\n<li>Varmista, ett\u00e4 kaikkia turvallisuusohjeita, mukaan lukien tukijalkojen asianmukainen k\u00e4ytt\u00f6\u00f6notto ja sis\u00e4\u00e4nveto, noudatetaan onnettomuuksien v\u00e4ltt\u00e4miseksi.<\/li>\n<\/ul>\n<ol start=\"2\">\n<li><strong>Ojenna tukijalat ulos:<\/strong><\/li>\n<\/ol>\n<ul>\n<li>Aktivoi hydrauliset s\u00e4\u00e4timet ojentaaksesi tukijalkapalkit.<\/li>\n<li>Ved\u00e4 tukijalkoja v\u00e4hitellen haluttuun pituuteen ja seuraa samalla niiden pidennyst\u00e4.<\/li>\n<\/ul>\n<ol start=\"3\">\n<li><strong>Nosturin vakauttaminen:<\/strong><\/li>\n<\/ol>\n<ul>\n<li>Kun tukijalat on ojennettu kokonaan, vakauta nosturi s\u00e4\u00e4t\u00e4m\u00e4ll\u00e4 tukijalkojen tyynyj\u00e4, jotta saat tasaisen ja vankan perustan.<\/li>\n<li>Varmista, ett\u00e4 tukijalkojen pehmusteet ovat vakaalla alustalla tai sopivilla tukipinnoilla.<\/li>\n<\/ul>\n<ol start=\"4\">\n<li><strong>Ved\u00e4 tukijalat sis\u00e4\u00e4n:<\/strong><\/li>\n<\/ol>\n<ul>\n<li>Ved\u00e4 tukijalkojen palkit sis\u00e4\u00e4n hydraulisilla ohjaimilla, kun nosto on valmis.<\/li>\n<li>Ved\u00e4 tukijalat v\u00e4hitellen sis\u00e4\u00e4np\u00e4in varmistaen sujuvan ja hallitun prosessin.<\/li>\n<\/ul>\n<h2><strong>Kuinka poistaa ilma traktorin hydraulij\u00e4rjestelm\u00e4st\u00e4?<\/strong><\/h2>\n<p>Poista ilma traktorin hydraulij\u00e4rjestelm\u00e4st\u00e4 seuraavasti:<\/p>\n<ol>\n<li><strong>Tunnista ilmaoireet:<\/strong>\n<ul>\n<li>Jos ep\u00e4ilet, ett\u00e4 hydraulij\u00e4rjestelm\u00e4ss\u00e4 on ilmaa, etsi yleisi\u00e4 oireita, kuten hydraulisten komponenttien pehme\u00e4\u00e4 tai ep\u00e4tasaista toimintaa, heikentynytt\u00e4 nostokapasiteettia tai ep\u00e4tavallisia \u00e4\u00e4ni\u00e4.<\/li>\n<li>Ilman l\u00e4sn\u00e4olon varmistaminen auttaa sinua m\u00e4\u00e4ritt\u00e4m\u00e4\u00e4n asianmukaiset toimenpiteet.<\/li>\n<\/ul>\n<\/li>\n<li><strong>Tarkista nestetaso:<\/strong>\n<ul>\n<li>Varmista, ett\u00e4 hydraulinesteen taso s\u00e4ili\u00f6ss\u00e4 on suositellulla tasolla.<\/li>\n<li>Jos taso on alhainen, se voi p\u00e4\u00e4st\u00e4\u00e4 ilmaa j\u00e4rjestelm\u00e4\u00e4n. Lis\u00e4\u00e4 sopivaa hydrauliikka\u00f6ljy\u00e4 suositellun tason saavuttamiseksi.<\/li>\n<\/ul>\n<\/li>\n<li><strong>Ilmaa j\u00e4rjestelm\u00e4:<\/strong>\n<ul>\n<li>Paikanna hydraulij\u00e4rjestelm\u00e4n ilmausventtiilit tai -tulpat.<\/li>\n<li>Aloita kauimpana hydraulipumpusta olevasta komponentista ja etene l\u00e4hemm\u00e4s sit\u00e4.<\/li>\n<li>Avaa ilmausventtiili tai tulppa hitaasti p\u00e4\u00e4st\u00e4\u00e4ksesi ulos mahdollisen ilman.<\/li>\n<li>Anna ilman poistua, kunnes hydrauliikkanestett\u00e4 tulee tasaisesti, mik\u00e4 osoittaa, ett\u00e4 ilma on poistunut.<\/li>\n<li>Sulje ilmausventtiili tai tulppa tiiviisti.<\/li>\n<\/ul>\n<\/li>\n<li><strong>Ilman poistaminen hydraulipumpusta:<\/strong>\n<ul>\n<li>Jos hydraulipumpussa on ilmausventtiili, etsi se ja avaa se hitaasti.<\/li>\n<li>K\u00e4yt\u00e4 hydraulij\u00e4rjestelm\u00e4\u00e4 kytkem\u00e4ll\u00e4 hydraulinen nostin p\u00e4\u00e4lle tai siirt\u00e4m\u00e4ll\u00e4 hydraulisia ohjaimia nesteen kierr\u00e4tt\u00e4miseksi ja mahdollisen loukkuun j\u00e4\u00e4neen ilman poistamiseksi avoimen ilmausventtiilin kautta.<\/li>\n<li>Sulje ilmausventtiili, kun hydrauliikkaj\u00e4rjestelm\u00e4 on ilmaton ja hydrauliikkakomponentit toimivat tasaisesti.<\/li>\n<\/ul>\n<\/li>\n<li><strong>Toista prosessi:<\/strong>\n<ul>\n<li>Jos hydraulij\u00e4rjestelm\u00e4ss\u00e4 esiintyy edelleen ilmaan liittyvi\u00e4 oireita, toista ilmausprosessi jokaisessa komponentissa aloittaen kauimmaisesta kohdasta ja edeten kohti hydraulipumppua.<\/li>\n<li>Varmista, ett\u00e4 kaikki ilma on poistettu j\u00e4rjestelm\u00e4st\u00e4 avaamalla ilmausventtiilit tai -tulpat ja p\u00e4\u00e4st\u00e4m\u00e4ll\u00e4 ilma ulos.<\/li>\n<\/ul>\n<\/li>\n<li><strong>Tarkista vuodot:<\/strong>\n<ul>\n<li>Tarkasta kaikki hydraulij\u00e4rjestelm\u00e4n liit\u00e4nn\u00e4t, letkut ja tiivisteet mahdollisten vuotojen varalta.<\/li>\n<li>Korjaa mahdolliset vuodot viipym\u00e4tt\u00e4 kirist\u00e4m\u00e4ll\u00e4 liitokset tai vaihtamalla vaurioituneet osat.<\/li>\n<li>Vuodot voivat p\u00e4\u00e4st\u00e4\u00e4 ilmaa j\u00e4rjestelm\u00e4\u00e4n, joten vuotamaton j\u00e4rjestelm\u00e4 on v\u00e4ltt\u00e4m\u00e4t\u00f6n hydrauliikan moitteettoman toiminnan kannalta.<\/li>\n<\/ul>\n<\/li>\n<li><strong>Testij\u00e4rjestelm\u00e4n suorituskyky:<\/strong>\n<ul>\n<li>Ilman poistamisen ja vuotojen korjaamisen j\u00e4lkeen testaa hydraulij\u00e4rjestelm\u00e4n suorituskyky varmistaaksesi sen oikean toiminnan.<\/li>\n<li>Kytke hydrauliset toiminnot, kuten lis\u00e4laitteiden nosto ja lasku, p\u00e4\u00e4lle ja tarkkaile niiden tasaisuutta ja tasaisuutta.<\/li>\n<\/ul>\n<\/li>\n<\/ol>\n<h2><strong>Tehtaan kapasiteetti ja kapasiteetti:<\/strong><\/h2>\n<h3><strong>(1) Kokoonpano<\/strong><\/h3>\n<p>Laitoksellamme on huippuluokan itsen\u00e4inen tutkimus- ja kehitysty\u00f6n kokoonpanoalusta, joka on omistettu hydraulisten sylinterien tuotannolle. Meill\u00e4 on nelj\u00e4 puoliautomaattista nostosylinterien kokoonpanolinjaa ja yksi t\u00e4ysautomaattinen kallistussylinterien kokoonpanolinja, joiden vaikuttava vuotuinen tuotantokapasiteetti on miljoona sylinteri\u00e4.<img loading=\"lazy\" decoding=\"async\" class=\"aligncenter wp-image-626\" src=\"https:\/\/hydraulic-cylinders.net\/wp-content\/uploads\/2023\/08\/hydraulic-cylinder-product-1-300x158.webp\" alt=\"\" width=\"500\" height=\"263\" srcset=\"https:\/\/hydraulic-cylinders.net\/wp-content\/uploads\/2023\/08\/hydraulic-cylinder-product-1-300x158.webp 500w, https:\/\/hydraulic-cylinders.net\/wp-content\/uploads\/2023\/08\/hydraulic-cylinder-product-1-480x252.webp 480w\" sizes=\"(min-width: 0px) and (max-width: 480px) 480px, (min-width: 481px) 500px, 100vw\" \/><\/p>\n<p>Erikoistuneessa sylinteriverstaassamme k\u00e4yt\u00e4mme erilaisiin tarpeisiin suunniteltua puoliautomaattista puhdistuskokoonpanoj\u00e4rjestelm\u00e4\u00e4, joka pystyy tuottamaan 200 000 sylinteri\u00e4 vuodessa. Verstaassamme on edistyneet CNC-ty\u00f6st\u00f6laitteet, ty\u00f6st\u00f6keskus, tarkat sylinterien ty\u00f6st\u00f6ty\u00f6kalut, robottihitsauskoneet, automaattiset puhdistusj\u00e4rjestelm\u00e4t ja automatisoitu sylinterien kokoonpanolinja. Lis\u00e4ksi meill\u00e4 on t\u00e4ysin automatisoitu maalauslinja.<\/p>\n<p>Yli 300 kriittisen laitteen ansiosta optimaalinen resurssien kohdentaminen varmistaa, ett\u00e4 t\u00e4yt\u00e4mme asiakkaidemme vaatimat tiukat tarkkuus- ja laatustandardit. T\u00e4m\u00e4 sitoutuminen tehokkuuteen ja t\u00e4sm\u00e4llisyyteen asettaa meid\u00e4t hydraulisylinteriteollisuuden johtajaksi.<\/p>\n<p><img loading=\"lazy\" decoding=\"async\" class=\"aligncenter wp-image-627\" src=\"https:\/\/hydraulic-cylinders.net\/wp-content\/uploads\/2023\/08\/hydraulic-cylinder-product-2-300x189.webp\" alt=\"\" width=\"500\" height=\"315\" srcset=\"https:\/\/hydraulic-cylinders.net\/wp-content\/uploads\/2023\/08\/hydraulic-cylinder-product-2-300x189.webp 500w, https:\/\/hydraulic-cylinders.net\/wp-content\/uploads\/2023\/08\/hydraulic-cylinder-product-2-480x302.webp 480w\" sizes=\"(min-width: 0px) and (max-width: 480px) 480px, (min-width: 481px) 500px, 100vw\" \/><\/p>\n<h3><strong>(2) Koneistus<\/strong><\/h3>\n<p>Koneistamomme on varustettu huippuluokan laitteilla, kuten r\u00e4\u00e4t\u00e4l\u00f6idyll\u00e4 vinokiskosorvauskeskuksella, tarkkuusty\u00f6st\u00f6keskuksella, nopealla hoonauskoneella ja edistyneill\u00e4 hitsausroboteilla. T\u00e4m\u00e4 hienostunut laitteisto mahdollistaa sylinteriputkien tehokkaan ty\u00f6st\u00e4misen, joiden sis\u00e4halkaisija on enint\u00e4\u00e4n 400 mm ja pituus jopa 6 metri\u00e4.<\/p>\n<p><img loading=\"lazy\" decoding=\"async\" class=\"wp-image-628 size-large aligncenter\" src=\"https:\/\/hydraulic-cylinders.net\/wp-content\/uploads\/2023\/08\/hydraulic-cylinder-product-3-1024x391.webp\" alt=\"\" width=\"1024\" height=\"391\" srcset=\"https:\/\/hydraulic-cylinders.net\/wp-content\/uploads\/2023\/08\/hydraulic-cylinder-product-3-980x374.webp 980w, https:\/\/hydraulic-cylinders.net\/wp-content\/uploads\/2023\/08\/hydraulic-cylinder-product-3-480x183.webp 480w\" sizes=\"(min-width: 0px) and (max-width: 480px) 480px, (min-width: 481px) and (max-width: 980px) 980px, (min-width: 981px) 1024px, 100vw\" \/><\/p>\n<p>Huipputeknologiamme avulla varmistamme korkealaatuisen koneistuksen, joka vastaa hydraulisylinterien tuotannon monipuolisiin tarpeisiin.<\/p>\n<h3><strong>(3) Hitsaus<\/strong><\/h3>\n<p><img loading=\"lazy\" decoding=\"async\" class=\"wp-image-629 size-large aligncenter\" src=\"https:\/\/hydraulic-cylinders.net\/wp-content\/uploads\/2023\/08\/hydraulic-cylinder-product-4-1024x510.webp\" alt=\"\" width=\"1024\" height=\"510\" srcset=\"https:\/\/hydraulic-cylinders.net\/wp-content\/uploads\/2023\/08\/hydraulic-cylinder-product-4-980x488.webp 980w, https:\/\/hydraulic-cylinders.net\/wp-content\/uploads\/2023\/08\/hydraulic-cylinder-product-4-480x239.webp 480w\" sizes=\"(min-width: 0px) and (max-width: 480px) 480px, (min-width: 481px) and (max-width: 980px) 980px, (min-width: 981px) 1024px, 100vw\" \/><\/p>\n<h3><strong>(4) Maalaus ja pinnoitus<\/strong><\/h3>\n<p><img loading=\"lazy\" decoding=\"async\" class=\"wp-image-630 aligncenter\" src=\"https:\/\/hydraulic-cylinders.net\/wp-content\/uploads\/2023\/08\/hydraulic-cylinder-product-5-300x213.webp\" alt=\"\" width=\"500\" height=\"355\" \/><\/p>\n<p>Laitoksellamme on k\u00e4yt\u00f6ss\u00e4 edistykselliset automaattiset vesiohenteisten maalien pinnoituslinjat, jotka on erityisesti suunniteltu pienille ja keskisuurille sylintereille. N\u00e4m\u00e4 linjat hy\u00f6dynt\u00e4v\u00e4t robottiteknologiaa tehokkaaseen lastaukseen, purkamiseen ja ruiskutukseen, ja niiden tuotantokapasiteetti on huomattava, 4 000 kappaletta vuorossa.<\/p>\n<p><img loading=\"lazy\" decoding=\"async\" class=\"wp-image-631 aligncenter\" src=\"https:\/\/hydraulic-cylinders.net\/wp-content\/uploads\/2023\/08\/hydraulic-cylinder-product-6-300x225.webp\" alt=\"\" width=\"500\" height=\"375\" srcset=\"https:\/\/hydraulic-cylinders.net\/wp-content\/uploads\/2023\/08\/hydraulic-cylinder-product-6-300x225.webp 500w, https:\/\/hydraulic-cylinders.net\/wp-content\/uploads\/2023\/08\/hydraulic-cylinder-product-6-480x360.webp 480w\" sizes=\"(min-width: 0px) and (max-width: 480px) 480px, (min-width: 481px) 500px, 100vw\" \/><\/p>\n<p>Lis\u00e4ksi meill\u00e4 on puoliautomaattinen maalintuotantolinja suurille sylintereille, jota k\u00e4ytt\u00e4\u00e4 vankka voimansiirtoketju ja jonka suunniteltu kapasiteetti on 60 laatikkoa vuorossa. T\u00e4m\u00e4 automaation ja tehokkuuden yhdistelm\u00e4 takaa korkealaatuisen lopputuloksen kaikille hydraulisylintereillemme.<\/p>\n<h3><strong>(5) Testaus<\/strong><\/h3>\n<p>Meill\u00e4 on ensiluokkaiset tarkastustilat ja testialustat, joilla varmistetaan, ett\u00e4 sylinterin suorituskyky t\u00e4ytt\u00e4\u00e4 vaatimukset.<\/p>\n<p><img loading=\"lazy\" decoding=\"async\" class=\"wp-image-632 aligncenter\" src=\"https:\/\/hydraulic-cylinders.net\/wp-content\/uploads\/2023\/08\/hydraulic-cylinder-product-8-300x200.webp\" alt=\"\" width=\"389\" height=\"260\" \/><\/p>\n<p>Olemme tunnettu valmistaja, joka valmistaa mm. <a href=\"https:\/\/hzpt.com\/mobile-machinery-hydraulic-cylinder\/\" target=\"_blank\" rel=\"noopener\">hydraulisylinterit<\/a>, joka on tunnustettu yhdeksi alan parhaista. Laaja tuotevalikoimamme sis\u00e4lt\u00e4\u00e4 laajan valikoiman hydraulisylintereit\u00e4, jotka on r\u00e4\u00e4t\u00e4l\u00f6ity erilaisiin k\u00e4ytt\u00f6tarkoituksiin. Hydraulisylinterien lis\u00e4ksi tarjoamme my\u00f6s korkealaatuisia maatalousvaihteistoja, mik\u00e4 varmistaa, ett\u00e4 asiakkaillamme on k\u00e4yt\u00f6ss\u00e4\u00e4n kattavat ratkaisut koneisiinsa.<\/p>\n<p>Sitoutumisella huippuosaamiseen olemme onnistuneesti vieneet tuotteitamme asiakkaille maailmanlaajuisesti ja ansainneet vahvan maineen erinomaisesta tuotelaadusta ja poikkeuksellisesta huoltopalvelusta. Omistautumisemme asiakastyytyv\u00e4isyyteen on tehnyt meist\u00e4 luotettavan kumppanin sek\u00e4 kotimaisilla ett\u00e4 kansainv\u00e4lisill\u00e4 markkinoilla.<\/p>","protected":false},"excerpt":{"rendered":"<p>Crane Cylinder for Mobile Crane Outrigger Expansion The crane cylinder for mobile crane outrigger expansion is a crucial component that enhances the stability and reach of mobile cranes during lifting operations. Designed to extend and retract the outrigger beams, this hydraulic cylinder plays a vital role in providing a solid foundation and increased operational capabilities. [&hellip;]<\/p>","protected":false},"featured_media":1572,"comment_status":"open","ping_status":"closed","template":"","meta":{"_et_pb_use_builder":"","_et_pb_old_content":"","_et_gb_content_width":""},"product_brand":[],"product_cat":[1514],"product_tag":[1477,1478,1380],"class_list":{"0":"post-1570","1":"product","2":"type-product","3":"status-publish","4":"has-post-thumbnail","6":"product_cat-mobile-crane-hydraulic-cylinders","7":"product_tag-crane-cylinder","8":"product_tag-crane-hydraulic-cylinder","9":"product_tag-hydraulic-cylinder","11":"first","12":"instock","13":"shipping-taxable","14":"product-type-simple"},"amp_enabled":true,"_links":{"self":[{"href":"https:\/\/www.hydraulic-cylinders.net\/fi\/wp-json\/wp\/v2\/product\/1570","targetHints":{"allow":["GET"]}}],"collection":[{"href":"https:\/\/www.hydraulic-cylinders.net\/fi\/wp-json\/wp\/v2\/product"}],"about":[{"href":"https:\/\/www.hydraulic-cylinders.net\/fi\/wp-json\/wp\/v2\/types\/product"}],"replies":[{"embeddable":true,"href":"https:\/\/www.hydraulic-cylinders.net\/fi\/wp-json\/wp\/v2\/comments?post=1570"}],"wp:featuredmedia":[{"embeddable":true,"href":"https:\/\/www.hydraulic-cylinders.net\/fi\/wp-json\/wp\/v2\/media\/1572"}],"wp:attachment":[{"href":"https:\/\/www.hydraulic-cylinders.net\/fi\/wp-json\/wp\/v2\/media?parent=1570"}],"wp:term":[{"taxonomy":"product_brand","embeddable":true,"href":"https:\/\/www.hydraulic-cylinders.net\/fi\/wp-json\/wp\/v2\/product_brand?post=1570"},{"taxonomy":"product_cat","embeddable":true,"href":"https:\/\/www.hydraulic-cylinders.net\/fi\/wp-json\/wp\/v2\/product_cat?post=1570"},{"taxonomy":"product_tag","embeddable":true,"href":"https:\/\/www.hydraulic-cylinders.net\/fi\/wp-json\/wp\/v2\/product_tag?post=1570"}],"curies":[{"name":"wp","href":"https:\/\/api.w.org\/{rel}","templated":true}]}}