{"id":15707,"date":"2025-01-19T14:52:27","date_gmt":"2025-01-19T14:52:27","guid":{"rendered":"https:\/\/www.hydraulic-cylinders.net\/product\/bucket-cylinder-for-kubota-small-excavator-u-185-3\/"},"modified":"2025-01-19T14:52:29","modified_gmt":"2025-01-19T14:52:29","slug":"bucket-cylinder-for-kubota-small-excavator-u-185-3","status":"publish","type":"product","link":"https:\/\/www.hydraulic-cylinders.net\/fi\/tuote\/bucket-cylinder-for-kubota-small-excavator-u-185-3\/","title":{"rendered":"Kauhan sylinteri Kubota-kaivinkoneeseen U-185-3"},"content":{"rendered":"<h2>Kauhan sylinteri Kubota-kaivinkoneeseen U-185-3<\/h2>\n<p>Kubota U-185-3 -pienkaivukoneen kauhan sylinteri on erityisesti suunniteltu hydraulisylinteri, jota k\u00e4ytet\u00e4\u00e4n kauhan liikkeen ohjaamiseen raskaissa koneissa, kuten kaivinkoneissa, kaivurikuormaajissa ja etukuormaajissa. Sen p\u00e4\u00e4teht\u00e4v\u00e4n\u00e4 on mahdollistaa kauhan nostaminen, laskeminen ja kallistaminen, mik\u00e4 tekee siit\u00e4 k\u00e4tev\u00e4n erilaisissa materiaalink\u00e4sittelyteht\u00e4viss\u00e4. Hydraulij\u00e4rjestelm\u00e4ss\u00e4 kauhan sylinteri saavuttaa tarkan kauhan hallinnan hydrauli\u00f6ljyn paineen muutosten avulla, mink\u00e4 ansiosta k\u00e4ytt\u00e4j\u00e4t voivat k\u00e4sitell\u00e4 raskaita kuormia tehokkaasti ja sopeutua monimutkaisiin ty\u00f6ymp\u00e4rist\u00f6ihin ja erilaisiin ty\u00f6vaatimuksiin.<\/p>\n<p><img decoding=\"async\" src=\"https:\/\/www.hydraulic-cylinders.net\/wp-content\/uploads\/2025\/01\/songte-company-2.webp\"><\/p>\n<h3>Kubota-kaivukoneen U-185-3 kauhan sylinterin ominaisuudet<\/h3>\n<ol>\n<li>Suuri lujuus ja kest\u00e4vyys: Tyypillisesti eritt\u00e4in lujasta ter\u00e4ksest\u00e4 tai alumiinista valmistettu tuote kest\u00e4\u00e4 korkeaa painetta ja raskaita kuormia ja mukautuu vaativiin ty\u00f6ymp\u00e4rist\u00f6ihin. Suunnittelussa on otettu huomioon kulumiskest\u00e4vyys ja korroosionkest\u00e4vyys k\u00e4ytt\u00f6i\u00e4n pident\u00e4miseksi.<\/li>\n<li>Tehokas hydraulinen toiminta: Hydrauliikka\u00f6ljyn paineen ansiosta se saavuttaa tasaisen pidennyksen ja sis\u00e4\u00e4nvedon, ja se reagoi nopeasti ohjauskomentoihin. Se tarjoaa tehokkaita ty\u00f6nt\u00f6- ja vetovoimia, jotka sopivat raskaiden kuormien k\u00e4sittelyyn ja monimutkaisiin ty\u00f6teht\u00e4viin.<\/li>\n<li>Erilaisia \u200b\u200btyyppej\u00e4: Sylinteri voidaan valita vaatimusten mukaan yksitoimiseksi (hydraulinen vain yhteen suuntaan) tai kaksitoimiseksi (hydraulinen molempiin suuntiin) erilaisten k\u00e4ytt\u00f6tarpeiden mukaan. Jotkut mallit ovat teleskooppisia, mik\u00e4 mahdollistaa suuremman jatkeen ilman ulkomittojen kasvua, mik\u00e4 sopii sovelluksiin, joissa on rajoitetusti tilaa.<\/li>\n<li>T\u00e4ydellinen korvike muille hydraulisylintereille: Tuotteemme voi t\u00e4ydellisesti korvata muut hydraulisylinterit varmistaen yhteensopivuuden ja suorituskyvyn.<\/li>\n<\/ol>\n<p><img decoding=\"async\" src=\"https:\/\/www.hydraulic-cylinders.net\/wp-content\/uploads\/2025\/01\/songte-cylinder-head-with-all-kinds-excavator-models.webp\"><\/p>\n<h3>Kauhasylinterin sovellukset Kubota-pienkaivukoneeseen U-185-3<\/h3>\n<p>Kauhasylinteri\u00e4 k\u00e4ytet\u00e4\u00e4n laajalti erilaisissa sovelluksissa, mukaan lukien:<\/p>\n<h4>Rakennuslaitteet:<\/h4>\n<p>Kaivinkoneissa ne ovat elint\u00e4rkeit\u00e4 kaivamisessa, lastaamisessa ja maaper\u00e4n tai roskien siirt\u00e4misess\u00e4. Kaivurikuormaajissa kauhan sylinteri auttaa sek\u00e4 kaivamisessa ett\u00e4 nostamisessa.<\/p>\n<h4>Maatalouskoneet:<\/h4>\n<p>K\u00e4ytet\u00e4\u00e4n etukuormaajissa maaper\u00e4n, hein\u00e4n ja muiden materiaalien kauhaukseen, nostamiseen ja kuljettamiseen.<\/p>\n<h4>Kaivinkoneet:<\/h4>\n<p>Kauhan sylinteri mahdollistaa kaivamisen antamalla kauhan tunkeutua maaper\u00e4\u00e4n.<\/p>\n<h4>Kuormaajat:<\/h4>\n<p>Etukuormaajissa ne auttavat tavaroiden tehokkaassa nostamisessa ja kallistamisessa.<\/p>\n<p><img decoding=\"async\" src=\"https:\/\/www.hydraulic-cylinders.net\/wp-content\/uploads\/2025\/01\/songte-oil-pipes-and-spare-parts.webp\"><\/p>\n<h3>Suunnittelun\u00e4k\u00f6kohdat ja valintakriteerit<\/h3>\n<p>Kauhasylintereiden suunnittelussa ja valinnassa otetaan huomioon useita tekij\u00f6it\u00e4:<\/p>\n<ol>\n<li>Kuormituskyky: Sylinteri on suunniteltu kest\u00e4m\u00e4\u00e4n k\u00e4yt\u00f6n aikana kohtaamiaan kuormia.<\/li>\n<li>Tiivistys: Hydraulij\u00e4rjestelm\u00e4n eheyden yll\u00e4pit\u00e4miseksi ja vuotojen est\u00e4miseksi k\u00e4ytet\u00e4\u00e4n erilaisia \u200b\u200btiivistyskomponentteja, kuten m\u00e4nn\u00e4ntiivisteit\u00e4 ja varren tiivisteit\u00e4.<\/li>\n<li>Kest\u00e4vyys: Sylinterin rakenne ja materiaalit on valittu varmistamaan pitk\u00e4aikainen suorituskyky my\u00f6s vaativissa olosuhteissa.<\/li>\n<li>Turvallisuus: Suunnitteluun on sis\u00e4llytetty turvaominaisuuksia k\u00e4ytt\u00e4jien suojaamiseksi ja onnettomuuksien est\u00e4miseksi.<\/li>\n<li>Yll\u00e4pidett\u00e4vyys: Huomiota kiinnitet\u00e4\u00e4n huollon helppouteen ja korjauksiin tai komponenttien vaihtoon p\u00e4\u00e4syyn.<\/li>\n<\/ol>\n<p><img decoding=\"async\" src=\"https:\/\/www.hydraulic-cylinders.net\/wp-content\/uploads\/2025\/01\/songte-chushion-collar.webp\"><\/p>\n<h3>Sylinterin tiivistys ja voitelu<\/h3>\n<p>Kauhasylinteriss\u00e4 k\u00e4ytet\u00e4\u00e4n erilaisia \u200b\u200btiivistyskomponentteja, kuten m\u00e4nn\u00e4ntiivisteit\u00e4 ja varren tiivisteit\u00e4, jotka on valmistettu kulutusta kest\u00e4vist\u00e4 materiaaleista, kuten polyuretaanista ja nitriilikumista. Sylinterin runko ja kierteitetyt p\u00e4\u00e4typinnat on hienok\u00e4sitelty kulutuskest\u00e4vyyden parantamiseksi. S\u00e4\u00e4nn\u00f6llinen voitelu sopivalla m\u00e4\u00e4r\u00e4ll\u00e4 hydrauli\u00f6ljy\u00e4 on tarpeen sujuvan toiminnan varmistamiseksi.<\/p>\n<h3>S\u00e4\u00e4nn\u00f6lliset tarkastukset ja ennaltaehk\u00e4isev\u00e4t huoltotoimenpiteet<\/h3>\n<p>Kauhasylinterin optimaalisen suorituskyvyn yll\u00e4pit\u00e4miseksi ja k\u00e4ytt\u00f6i\u00e4n pident\u00e4miseksi on suoritettava s\u00e4\u00e4nn\u00f6llisi\u00e4 tarkastuksia ja ennaltaehk\u00e4isev\u00e4\u00e4 huoltoa. Joitakin suositeltuja toimenpiteit\u00e4 ovat:<\/p>\n<ol>\n<li>S\u00e4\u00e4nn\u00f6lliset tarkastukset: Tarkista sylinterist\u00e4 kulumisen, vaurioiden tai vuotojen merkit.<\/li>\n<li>Oikea voitelu: Varmista, ett\u00e4 sylinteri on voideltu asianmukaisesti valmistajan suositusten mukaisesti.<\/li>\n<li>Tiivisteiden vaihto: Vaihda kuluneet tai vaurioituneet tiivisteet hydraulij\u00e4rjestelm\u00e4n eheyden yll\u00e4pit\u00e4miseksi.<\/li>\n<li>Kalibrointitarkastukset: Kalibroi sylinteri s\u00e4\u00e4nn\u00f6llisesti varmistaaksesi oikean toiminnan.<\/li>\n<\/ol>\n<p><img decoding=\"async\" src=\"https:\/\/www.hydraulic-cylinders.net\/wp-content\/uploads\/2025\/01\/songte-bushings-with-all-kinds-of-excavator-models.webp\"><\/p>\n<h3>Turvallisuusn\u00e4k\u00f6kohdat ja ymp\u00e4rist\u00f6tekij\u00e4t<\/h3>\n<p>Kauhasylinteri\u00e4 k\u00e4ytett\u00e4ess\u00e4 on t\u00e4rke\u00e4\u00e4 priorisoida turvatoimenpiteet onnettomuuksien ehk\u00e4isemiseksi ja k\u00e4ytt\u00e4j\u00e4n hyvinvoinnin varmistamiseksi. Toimenpiteisiin kuuluvat asianmukainen koulutus, asianmukaisten turvavarusteiden k\u00e4ytt\u00f6 ja suositeltujen k\u00e4ytt\u00f6menetelmien noudattaminen.<\/p>\n<h3>Vianm\u00e4\u00e4ritys ja yleiset ongelmat<\/h3>\n<p>Kauhasylinterin toimintah\u00e4iri\u00f6iden tai yleisten ongelmien ilmetess\u00e4 seuraavat vinkit ja ratkaisut voivat auttaa diagnosoimaan ja ratkaisemaan ongelmat tehokkaasti. Lis\u00e4ksi voidaan toteuttaa ennaltaehk\u00e4isevi\u00e4 toimenpiteit\u00e4 mahdollisten ongelmien minimoimiseksi.<\/p>\n<p><img decoding=\"async\" src=\"https:\/\/hzpt.com\/wp-content\/uploads\/2024\/11\/songte-company-1.webp\"><\/p>\n<h3>Kirjoittaja: lyl<\/h3>\n<p>Muista j\u00e4rjest\u00e4\u00e4 artikkeli loogisesti, k\u00e4ytt\u00e4\u00e4 alaotsikoita helpottamaan navigointia, sis\u00e4llytt\u00e4\u00e4 asiaankuuluvia kuvia tai kaavioita ymm\u00e4rryksen parantamiseksi ja varmistaa, ett\u00e4 sis\u00e4lt\u00f6 on selke\u00e4\u00e4, ytimek\u00e4st\u00e4 ja sopivaa lukijoille, joilla on eri tasoinen tekninen tiet\u00e4mys.<\/p>\n<h2>Tietoa yrityksest\u00e4mme<\/h2>\n<p>Olemme varaosien hydraulisylintereiden valmistaja ja yksi johtavista valmistajista ja tukkumyyjist\u00e4 kotimaisilla ja kansainv\u00e4lisill\u00e4 markkinoilla. Noudatamme erinomaisen laadun periaatteita ja luotamme teollistettuihin tuotannonohjausstrategioihin hienosti varustellussa tuotantolaitoksessamme. Keskittym\u00e4ll\u00e4 teknologiseen osaamiseen, huippuluokan digitaalisiin valmistuslaitteisiin ja ammattimaisiin testausj\u00e4rjestelmiin parannamme jatkuvasti valmistusymp\u00e4rist\u00f6\u00e4mme ja tuotteiden laadun tuotantoreittej\u00e4mme. Vahvat luovat kykymme mahdollistavat monipuolisten asiakastarpeiden t\u00e4ytt\u00e4misen korkealla tehokkuudella, tarkkuudella ja laadulla.<\/p>\n<p>Lis\u00e4ksi tarjoamme ammattitaitoa, kansainv\u00e4lisi\u00e4 sertifikaatteja, r\u00e4\u00e4t\u00e4l\u00f6ityj\u00e4 palveluita, edistyneit\u00e4 tuotantolaitteita ja erinomaista huoltopalvelua.<\/p>\n<p><img decoding=\"async\" src=\"https:\/\/www.hydraulic-cylinders.net\/wp-content\/uploads\/2025\/01\/songte-company-3.webp\"><\/p>\n<p>Kirjoittaja: lyl<\/p>","protected":false},"excerpt":{"rendered":"<p>Bucket Cylinder For Kubota Small Excavator U-185-3 Bucket cylinder for Kubota small excavator U-185-3 is a specially designed hydraulic cylinder used to control the movement of the bucket in heavy machinery such as excavators, backhoe loaders, and front loaders. Its main function is to enable the bucket to lift, lower, and tilt, making it convenient [&hellip;]<\/p>","protected":false},"featured_media":14782,"comment_status":"open","ping_status":"closed","template":"","meta":{"_et_pb_use_builder":"","_et_pb_old_content":"","_et_gb_content_width":""},"product_brand":[],"product_cat":[1494],"product_tag":[1495,1496],"class_list":{"0":"post-15707","1":"product","2":"type-product","3":"status-publish","4":"has-post-thumbnail","6":"product_cat-bucket-cylinders","7":"product_tag-bucket-cylinders","8":"product_tag-hydraulic-cylinders","10":"first","11":"instock","12":"shipping-taxable","13":"product-type-simple"},"amp_enabled":true,"_links":{"self":[{"href":"https:\/\/www.hydraulic-cylinders.net\/fi\/wp-json\/wp\/v2\/product\/15707","targetHints":{"allow":["GET"]}}],"collection":[{"href":"https:\/\/www.hydraulic-cylinders.net\/fi\/wp-json\/wp\/v2\/product"}],"about":[{"href":"https:\/\/www.hydraulic-cylinders.net\/fi\/wp-json\/wp\/v2\/types\/product"}],"replies":[{"embeddable":true,"href":"https:\/\/www.hydraulic-cylinders.net\/fi\/wp-json\/wp\/v2\/comments?post=15707"}],"wp:featuredmedia":[{"embeddable":true,"href":"https:\/\/www.hydraulic-cylinders.net\/fi\/wp-json\/wp\/v2\/media\/14782"}],"wp:attachment":[{"href":"https:\/\/www.hydraulic-cylinders.net\/fi\/wp-json\/wp\/v2\/media?parent=15707"}],"wp:term":[{"taxonomy":"product_brand","embeddable":true,"href":"https:\/\/www.hydraulic-cylinders.net\/fi\/wp-json\/wp\/v2\/product_brand?post=15707"},{"taxonomy":"product_cat","embeddable":true,"href":"https:\/\/www.hydraulic-cylinders.net\/fi\/wp-json\/wp\/v2\/product_cat?post=15707"},{"taxonomy":"product_tag","embeddable":true,"href":"https:\/\/www.hydraulic-cylinders.net\/fi\/wp-json\/wp\/v2\/product_tag?post=15707"}],"curies":[{"name":"wp","href":"https:\/\/api.w.org\/{rel}","templated":true}]}}