{"id":15710,"date":"2025-01-19T14:52:38","date_gmt":"2025-01-19T14:52:38","guid":{"rendered":"https:\/\/www.hydraulic-cylinders.net\/product\/bucket-cylinder-for-takeuchi-small-excavator-tb153fr\/"},"modified":"2025-01-19T14:52:40","modified_gmt":"2025-01-19T14:52:40","slug":"bucket-cylinder-for-takeuchi-small-excavator-tb153fr","status":"publish","type":"product","link":"https:\/\/www.hydraulic-cylinders.net\/fi\/tuote\/bucket-cylinder-for-takeuchi-small-excavator-tb153fr\/","title":{"rendered":"Kauhan sylinteri Takeuchi-pienkaivukoneelle TB153FR"},"content":{"rendered":"<h2>Kauhan sylinteri Takeuchi-pienkaivukoneelle TB153FR<\/h2>\n<h3>Johdanto<\/h3>\n<p>Kauhasylinteri on erityisesti suunniteltu hydraulisylinteri, jota k\u00e4ytet\u00e4\u00e4n ensisijaisesti kauhan liikkeen ohjaamiseen raskaissa koneissa, kuten kaivinkoneissa, traktorikaivureissa ja etukuormaajissa. Sen p\u00e4\u00e4teht\u00e4v\u00e4n\u00e4 on mahdollistaa kauhan nostaminen, laskeminen ja kallistaminen, mik\u00e4 helpottaa erilaisten materiaalink\u00e4sittelyteht\u00e4vien k\u00e4sittely\u00e4. Hydraulij\u00e4rjestelm\u00e4ss\u00e4 kauhasylinteri ohjaa tarkasti kauhan liikkeit\u00e4 hydrauli\u00f6ljyn paineenmuutosten avulla, jolloin k\u00e4ytt\u00e4j\u00e4t voivat k\u00e4sitell\u00e4 raskaita kuormia tehokkaasti ja sopeutua monimutkaisiin ty\u00f6ymp\u00e4rist\u00f6ihin ja erilaisiin ty\u00f6vaatimuksiin.<\/p>\n<p><img decoding=\"async\" src=\"https:\/\/www.hydraulic-cylinders.net\/wp-content\/uploads\/2025\/01\/songte-company-2.webp\"><\/p>\n<h3>Tuotteen ominaisuudet<\/h3>\n<ul>\n<li>Suuri lujuus ja kest\u00e4vyys: Yleens\u00e4 valmistettu eritt\u00e4in lujasta ter\u00e4ksest\u00e4 tai alumiinista, se kest\u00e4\u00e4 korkeaa painetta ja raskaita kuormia, sopeutuu vaativiin ty\u00f6ymp\u00e4rist\u00f6ihin ja on suunniteltu kulutus- ja korroosionkest\u00e4vyydell\u00e4 k\u00e4ytt\u00f6i\u00e4n pident\u00e4miseksi.<\/li>\n<li>Tehokas hydraulinen toiminta: Hydrauli\u00f6ljyn paineen ansiosta teleskooppiliike on tasaista, mik\u00e4 mahdollistaa nopean reagoinnin ohjauskomentoihin, tehokkaan ty\u00f6nt\u00f6- ja vetovoiman ja soveltuu raskaiden kuormien k\u00e4sittelyyn ja monimutkaisiin ty\u00f6teht\u00e4viin.<\/li>\n<li>Erilaisia \u200b\u200btyyppej\u00e4: Yksitoimisia (hydrauliikkaa k\u00e4ytet\u00e4\u00e4n vain yhteen suuntaan) tai kaksitoimisia (hydrauliikkaa k\u00e4ytet\u00e4\u00e4n molempiin suuntiin) sylintereit\u00e4 voidaan valita vaatimusten mukaan erilaisiin k\u00e4ytt\u00f6tarpeisiin. Jotkut mallit ovat teleskooppisia, mik\u00e4 mahdollistaa suuremman jatkeen ilman ulkomittojen kasvua, mik\u00e4 sopii sovelluksiin, joissa on rajoitetusti tilaa.<\/li>\n<li>Vaihdettava tuote: Tuotteemme voivat t\u00e4ydellisesti korvata n\u00e4m\u00e4 hydraulisylinterit.<\/li>\n<\/ul>\n<p><img decoding=\"async\" src=\"https:\/\/www.hydraulic-cylinders.net\/wp-content\/uploads\/2025\/01\/songte-cylinder-head-with-all-kinds-excavator-models.webp\"><\/p>\n<h3>Kauhasylinterin k\u00e4ytt\u00f6<\/h3>\n<p>Kauhasylintereit\u00e4 k\u00e4ytet\u00e4\u00e4n laajalti erilaisissa raskaissa koneissa, mukaan lukien:<\/p>\n<ul>\n<li>Rakennuslaitteet: Kaivinkoneissa ne ovat v\u00e4ltt\u00e4m\u00e4tt\u00f6mi\u00e4 kaivamiseen, lastaamiseen ja maaper\u00e4n tai roskien siirt\u00e4miseen. Kaivinkoneissa kauhan sylinterit auttavat sek\u00e4 kaivamisessa ett\u00e4 nostamisessa. <\/li>\n<li>Maatalouskoneet: K\u00e4ytet\u00e4\u00e4n etukuormaajissa maaper\u00e4n, hein\u00e4n ja muiden materiaalien kauhaukseen, nostamiseen ja kuljettamiseen. <\/li>\n<li>Kaivinkoneet: Kauhasylinterit mahdollistavat kaivamisen antamalla kauhan tunkeutua maaper\u00e4\u00e4n.<\/li>\n<li>Kuormaajat: Etukuormaajissa ne auttavat tavaroiden tehokkaassa nostamisessa ja kallistamisessa. <\/li>\n<\/ul>\n<p>Katsotaanpa kutakin sovellusta tarkemmin:<\/p>\n<h4>Rakennuslaitteet<\/h4>\n<p>Kaivinkoneissa kauhan sylinterit ovat yksi t\u00e4rkeimmist\u00e4 osista. Niill\u00e4 on ratkaiseva rooli kaivamisessa, lastaamisessa ja maaper\u00e4n tai roskien siirt\u00e4misess\u00e4. <\/p>\n<h4>Maatalouskoneet<\/h4>\n<p>Kauhasylintereit\u00e4 k\u00e4ytet\u00e4\u00e4n yleisesti maatalouskoneissa erilaisissa materiaalink\u00e4sittelyteht\u00e4viss\u00e4. Niit\u00e4 k\u00e4ytet\u00e4\u00e4n etukuormaajissa maan, hein\u00e4n ja muiden materiaalien kauhaamiseen, nostamiseen ja kuljettamiseen. <\/p>\n<h4>Kaivinkoneet<\/h4>\n<p>Kauhasylinterit mahdollistavat kaivuty\u00f6t, koska kauha tunkeutuu maaper\u00e4\u00e4n. Ne ovat olennainen osa mit\u00e4 tahansa kaivinkonetta. <\/p>\n<h4>Kuormaajat<\/h4>\n<p>Kauhasylintereill\u00e4 on ratkaiseva rooli etukuormaajissa. Ne auttavat tavaroiden tehokkaassa nostamisessa ja kallistamisessa.<\/p>\n<h3>Suunnittelun\u00e4k\u00f6kohdat ja valintakriteerit<\/h3>\n<p>Kauhasylintereit\u00e4 suunniteltaessa on otettava huomioon useita kriittisi\u00e4 tekij\u00f6it\u00e4:<\/p>\n<ul>\n<li>Kantavuus: Kauhasylintereiden on kestett\u00e4v\u00e4 suuria kuormia ja paineita. <\/li>\n<li>Tiivistys: Kauhasylinterien tiiviysvaatimukset ovat erinomaiset vuotojen est\u00e4miseksi ja luotettavan toiminnan varmistamiseksi.<\/li>\n<li>Kest\u00e4vyys: Kauhasylintereiden odotetaan toimivan ankarissa olosuhteissa, ja niiden tulisi olla kest\u00e4vi\u00e4 ja lujia. <\/li>\n<li>Turvallisuus: Kauhasylinterit on suunniteltava turvallisuus mieless\u00e4 varmistaen, etteiv\u00e4t ne aiheuta riskej\u00e4 k\u00e4ytt\u00e4jille tai ymp\u00e4r\u00f6iv\u00e4lle ymp\u00e4rist\u00f6lle.<\/li>\n<li>Huolto: Kauhasylintereiden tulee olla helppoja huoltaa ja korjata, mik\u00e4 v\u00e4hent\u00e4\u00e4 seisokkiaikoja ja yll\u00e4pitokustannuksia.<\/li>\n<\/ul>\n<p><img decoding=\"async\" src=\"https:\/\/www.hydraulic-cylinders.net\/wp-content\/uploads\/2025\/01\/songte-oil-pipes-and-spare-parts.webp\"><\/p>\n<h3>Tiivistys ja voitelu<\/h3>\n<p>Kauhasylintereiss\u00e4 k\u00e4ytet\u00e4\u00e4n erilaisia \u200b\u200btiivistyskomponentteja, kuten m\u00e4nn\u00e4ntiivisteit\u00e4 ja varren tiivisteit\u00e4, jotka valitaan niiden kulumis- ja l\u00e4mm\u00f6nkestokyvyn perusteella. Tiivistyskomponentit on yleens\u00e4 valmistettu materiaaleista, kuten polyuretaanista ja nitriilikumista. Sylinterin runko ja kierteitetyt p\u00e4\u00e4typinnat on hienok\u00e4sitelty kulutuskest\u00e4vyyden parantamiseksi. S\u00e4\u00e4nn\u00f6llinen voitelu hydrauli\u00f6ljyll\u00e4 on v\u00e4ltt\u00e4m\u00e4t\u00f6nt\u00e4, jotta kauhasylinteri toimii oikein ja sen k\u00e4ytt\u00f6ik\u00e4 pitenee.<\/p>\n<h3>Huolto ja korjaus<\/h3>\n<p>Kauhasylinterien huoltamiseksi on suositeltavaa suorittaa seuraavat teht\u00e4v\u00e4t s\u00e4\u00e4nn\u00f6llisesti:<\/p>\n<ul>\n<li>Tarkista vuodot ja vaurioituneet tiivisteet<\/li>\n<li>Varmista, ett\u00e4 kauhan sylinterin kiinnityspisteet ovat tukevasti kiinni<\/li>\n<li>Tarkista hydrauliletkut vaurioiden tai kulumisen varalta<\/li>\n<\/ul>\n<p>Kauhasylinterin oikean toiminnan ja k\u00e4ytt\u00f6i\u00e4n pident\u00e4misen varmistamiseksi asianmukainen asennus, voitelu ja s\u00e4\u00e4t\u00f6 ovat v\u00e4ltt\u00e4m\u00e4tt\u00f6mi\u00e4. K\u00e4yt\u00e4 oikeaa kohdistusta ja sopivia kiinnityskorvakkeita sylinterin kiinnitt\u00e4miseen.<\/p>\n<p><img decoding=\"async\" src=\"https:\/\/www.hydraulic-cylinders.net\/wp-content\/uploads\/2025\/01\/songte-chushion-collar.webp\"><\/p>\n<h3>Turvallisuusn\u00e4k\u00f6kohdat ja ymp\u00e4rist\u00f6tekij\u00e4t<\/h3>\n<p>Turvallisuus on kriittist\u00e4 kauhasylintereiden kanssa ty\u00f6skennelt\u00e4ess\u00e4. K\u00e4ytt\u00e4jien on noudatettava turvallisuusohjeita ja k\u00e4ytett\u00e4v\u00e4 asianmukaisia \u200b\u200bhenkil\u00f6nsuojaimia ty\u00f6skennelless\u00e4\u00e4n kauhasylintereiden kanssa. <\/p>\n<p>Kauhasylinterit on suunniteltu ymp\u00e4rist\u00f6 mieless\u00e4 pit\u00e4en, ja niiden on t\u00e4ytett\u00e4v\u00e4 ymp\u00e4rist\u00f6m\u00e4\u00e4r\u00e4ykset ja -standardit. <\/p>\n<h3>Vianm\u00e4\u00e4ritys ja vianm\u00e4\u00e4ritys<\/h3>\n<p>Kauhan sylinterin vikaantumisen sattuessa voidaan tehd\u00e4 seuraavat vianm\u00e4\u00e4ritystoimenpiteet:<\/p>\n<ul>\n<li>Tarkista tiivistekomponenttien vuodot ja vauriot tai kulumiset<\/li>\n<li>Tarkista hydrauliletkut vaurioiden tai kulumisen varalta<\/li>\n<li>Tarkista kiinnityskohdat vaurioiden tai l\u00f6ysyyden varalta<\/li>\n<\/ul>\n<p>Ennaltaehk\u00e4isev\u00e4t toimenpiteet, kuten s\u00e4\u00e4nn\u00f6llinen huolto ja asianmukainen asennus, voivat auttaa minimoimaan mahdolliset ongelmat.<\/p>\n<p><img decoding=\"async\" src=\"https:\/\/www.hydraulic-cylinders.net\/wp-content\/uploads\/2025\/01\/songte-bushings-with-all-kinds-of-excavator-models.webp\"><\/p>\n<h3>Tietoa yrityksest\u00e4mme<\/h3>\n<p>Valmistamme hydraulisylintereit\u00e4, jotka voivat korvata perinteiset hydraulisylinterit. Yrityksemme tarjoaa laajan valikoiman tuotteita ja on yksi johtavista hydraulisylintereiden valmistajista ja tukkumyyjist\u00e4 kotimaisilla ja kansainv\u00e4lisill\u00e4 markkinoilla. Noudatamme erinomaisen laadun periaatetta, luotamme hienostuneen valmistuspajan teollisen tuotannon hallintastrategiaan, parannamme jatkuvasti valmistusalustaa, parannamme tuotannon laatua ja meill\u00e4 on vahva luomiskyky. Tarjoamme asiakkaillemme tehokkaita, tarkkoja ja korkealaatuisia tuotteita vastaamaan monipuolisiin asiakastarpeisiin.<\/p>\n<p>Yrityksellemme on ominaista ammattitaito, kansainv\u00e4linen sertifiointi, r\u00e4\u00e4t\u00e4l\u00f6intipalvelu, tuotantolaitteet ja j\u00e4lkimarkkinointipalvelut. <\/p>\n<p><img decoding=\"async\" src=\"https:\/\/hzpt.com\/wp-content\/uploads\/2024\/11\/songte-company-1.webp\"><\/p>\n<p>Kirjoittaja: lyl.<\/p>","protected":false},"excerpt":{"rendered":"<p>Bucket Cylinder For Takeuchi Small Excavator TB153FR Introduction A bucket cylinder is a specifically designed hydraulic cylinder primarily used to control the movement of the bucket in heavy machinery such as excavators, backhoes, and front-end loaders. Its main function is to enable the bucket to lift, lower, and tilt, making it easier to handle various [&hellip;]<\/p>","protected":false},"featured_media":14776,"comment_status":"open","ping_status":"closed","template":"","meta":{"_et_pb_use_builder":"","_et_pb_old_content":"","_et_gb_content_width":""},"product_brand":[],"product_cat":[1494],"product_tag":[1495,1496],"class_list":{"0":"post-15710","1":"product","2":"type-product","3":"status-publish","4":"has-post-thumbnail","6":"product_cat-bucket-cylinders","7":"product_tag-bucket-cylinders","8":"product_tag-hydraulic-cylinders","10":"first","11":"instock","12":"shipping-taxable","13":"product-type-simple"},"amp_enabled":true,"_links":{"self":[{"href":"https:\/\/www.hydraulic-cylinders.net\/fi\/wp-json\/wp\/v2\/product\/15710","targetHints":{"allow":["GET"]}}],"collection":[{"href":"https:\/\/www.hydraulic-cylinders.net\/fi\/wp-json\/wp\/v2\/product"}],"about":[{"href":"https:\/\/www.hydraulic-cylinders.net\/fi\/wp-json\/wp\/v2\/types\/product"}],"replies":[{"embeddable":true,"href":"https:\/\/www.hydraulic-cylinders.net\/fi\/wp-json\/wp\/v2\/comments?post=15710"}],"wp:featuredmedia":[{"embeddable":true,"href":"https:\/\/www.hydraulic-cylinders.net\/fi\/wp-json\/wp\/v2\/media\/14776"}],"wp:attachment":[{"href":"https:\/\/www.hydraulic-cylinders.net\/fi\/wp-json\/wp\/v2\/media?parent=15710"}],"wp:term":[{"taxonomy":"product_brand","embeddable":true,"href":"https:\/\/www.hydraulic-cylinders.net\/fi\/wp-json\/wp\/v2\/product_brand?post=15710"},{"taxonomy":"product_cat","embeddable":true,"href":"https:\/\/www.hydraulic-cylinders.net\/fi\/wp-json\/wp\/v2\/product_cat?post=15710"},{"taxonomy":"product_tag","embeddable":true,"href":"https:\/\/www.hydraulic-cylinders.net\/fi\/wp-json\/wp\/v2\/product_tag?post=15710"}],"curies":[{"name":"wp","href":"https:\/\/api.w.org\/{rel}","templated":true}]}}