{"id":15729,"date":"2025-01-19T14:54:06","date_gmt":"2025-01-19T14:54:06","guid":{"rendered":"https:\/\/www.hydraulic-cylinders.net\/product\/bucket-cylinder-for-case-large-excavator-cx360bhr\/"},"modified":"2025-01-19T14:54:10","modified_gmt":"2025-01-19T14:54:10","slug":"bucket-cylinder-for-case-large-excavator-cx360bhr","status":"publish","type":"product","link":"https:\/\/www.hydraulic-cylinders.net\/fi\/tuote\/bucket-cylinder-for-case-large-excavator-cx360bhr\/","title":{"rendered":"Kauhan sylinteri Case Large -kaivukoneeseen CX360BHR"},"content":{"rendered":"<h1>Kauhan sylinteri Case Large -kaivukoneeseen CX360BHR<\/h1>\n<h2>Johdanto:<\/h2>\n<p>Kauhasylinteri on erityisesti suunniteltu hydraulisylinteri, jota k\u00e4ytet\u00e4\u00e4n ensisijaisesti kauhan liikkeen ohjaamiseen raskaissa koneissa, kuten kaivinkoneissa, kaivurikuormaajissa ja etukuormaajissa. Sen p\u00e4\u00e4teht\u00e4v\u00e4n\u00e4 on mahdollistaa kauhan nostaminen, laskeminen ja kallistaminen, mik\u00e4 helpottaa erilaisten materiaalink\u00e4sittelyteht\u00e4vien k\u00e4sittely\u00e4. Hydraulij\u00e4rjestelm\u00e4ss\u00e4 kauhasylinteri saavuttaa tarkan kauhan hallinnan hydrauli\u00f6ljyn paineen muutosten avulla, mink\u00e4 ansiosta k\u00e4ytt\u00e4j\u00e4t voivat k\u00e4sitell\u00e4 raskaita kuormia tehokkaasti, sopeutua monimutkaisiin ty\u00f6ymp\u00e4rist\u00f6ihin ja erilaisiin k\u00e4ytt\u00f6tarpeisiin.<\/p>\n<p><img decoding=\"async\" src=\"https:\/\/www.hydraulic-cylinders.net\/wp-content\/uploads\/2025\/01\/songte-company-2.webp\"><\/p>\n<h2>Ominaisuudet:<\/h2>\n<ul>\n<li>Suuri lujuus ja kest\u00e4vyys: Yleens\u00e4 valmistettu eritt\u00e4in lujasta ter\u00e4ksest\u00e4 tai alumiinista, se kest\u00e4\u00e4 korkeaa painetta ja raskaita kuormia, sopeutuu vaativiin ty\u00f6ymp\u00e4rist\u00f6ihin ja ottaa huomioon kulutuskest\u00e4vyyden ja korroosionkest\u00e4vyyden suunnittelussa k\u00e4ytt\u00f6i\u00e4n pident\u00e4miseksi.<\/li>\n<li>Tehokas hydraulinen toiminta: Hydrauliikka\u00f6ljyn paineen ansiosta se saavuttaa tasaiset ojennus- ja supistusliikkeet, reagoi nopeasti ohjauskomentoihin, tarjoaa tehokkaan ty\u00f6nt\u00f6- ja vetovoiman ja soveltuu raskaiden esineiden k\u00e4sittelyyn ja monimutkaisiin ty\u00f6teht\u00e4viin.<\/li>\n<li>Erilaisia \u200b\u200btyyppej\u00e4: Yksitoimiset (hydraulisesti vain yhteen suuntaan) tai kaksitoimiset (hydraulisesti molempiin suuntiin) sylinterit voidaan valita vaatimusten mukaan erilaisten k\u00e4ytt\u00f6tarpeiden t\u00e4ytt\u00e4miseksi. Jotkut mallit ovat teleskooppisia, mik\u00e4 mahdollistaa suuremman jatkeen ilman ulkomittojen kasvua, mik\u00e4 sopii rajoitetun tilan sovelluksiin.<\/li>\n<li>Voi korvata muut hydraulisylinterit: Tuotteemme voi t\u00e4ydellisesti korvata muut hydraulisylinterit. <\/li>\n<\/ul>\n<p><img decoding=\"async\" src=\"https:\/\/www.hydraulic-cylinders.net\/wp-content\/uploads\/2025\/01\/songte-cylinder-head-with-all-kinds-excavator-models.webp\"><\/p>\n<h2>Sovellukset:<\/h2>\n<p>Kauhasylinteri\u00e4 k\u00e4ytet\u00e4\u00e4n laajalti erilaisissa raskaissa koneissa. T\u00e4ss\u00e4 on joitakin esimerkkej\u00e4:<\/p>\n<h3>Rakennuslaitteet:<\/h3>\n<p>Kaivinkoneissa ne ovat kriittisi\u00e4 kaivamisessa, lastaamisessa ja maaper\u00e4n tai roskien siirt\u00e4misess\u00e4. Kaivurikuormaajissa kauhan sylinterit auttavat sek\u00e4 kaivamisessa ett\u00e4 nostamisessa. Etukuormaajissa ne auttavat lastin tehokkaassa nostamisessa ja tyhjent\u00e4misess\u00e4.<\/p>\n<h3>Maatalouskoneet:<\/h3>\n<p>K\u00e4ytet\u00e4\u00e4n etukuormaajissa maan, hein\u00e4n ja muiden materiaalien kauhaukseen, nostamiseen ja kuljettamiseen. Kaivinkoneissa kauhan sylinterit mahdollistavat kaivamisen antamalla kauhan tunkeutua maaper\u00e4\u00e4n.<\/p>\n<h2>Suunnittelun\u00e4k\u00f6kohdat ja valintakriteerit:<\/h2>\n<ul>\n<li>Kantavuus: Kauhan sylinterin on kestett\u00e4v\u00e4 k\u00e4sitelt\u00e4v\u00e4n materiaalin paino ja hydraulisen paineen voima.<\/li>\n<li>Tiivistys: Tiivistysosien, kuten m\u00e4nn\u00e4ntiivisteiden ja varren tiivisteiden, valinta on ratkaisevan t\u00e4rke\u00e4\u00e4 sylinterin pitk\u00e4ik\u00e4isyyden varmistamiseksi.<\/li>\n<li>Kest\u00e4vyys: Sylinteri on suunniteltava kest\u00e4m\u00e4\u00e4n ankaria k\u00e4ytt\u00f6olosuhteita ja est\u00e4m\u00e4\u00e4n kulumisen ja korroosionkest\u00e4vyyden aiheuttamat vauriot.<\/li>\n<li>Turvallisuus: Suunnittelun on varmistettava k\u00e4ytt\u00e4j\u00e4n ja sivullisten turvallisuus.<\/li>\n<li>Huollettavuus: Sylinterin on oltava helppo purkaa, huoltaa ja vaihtaa osia tarvittaessa.<\/li>\n<\/ul>\n<p><img decoding=\"async\" src=\"https:\/\/www.hydraulic-cylinders.net\/wp-content\/uploads\/2025\/01\/songte-oil-pipes-and-spare-parts.webp\"><\/p>\n<h2>Tiivistys ja voitelu:<\/h2>\n<p>Kauhasylinteriss\u00e4 k\u00e4ytet\u00e4\u00e4n erilaisia \u200b\u200btiivistyskomponentteja, kuten m\u00e4nn\u00e4ntiivisteit\u00e4 ja varren tiivisteit\u00e4, jotka on valmistettu kulutusta kest\u00e4vist\u00e4 materiaaleista, kuten polyuretaanista ja nitriilikumista. Sylinterin runko ja kierteitetyt p\u00e4\u00e4typinnat on hienok\u00e4sitelty kulutuskest\u00e4vyyden parantamiseksi. S\u00e4\u00e4nn\u00f6llinen voitelu sopivalla m\u00e4\u00e4r\u00e4ll\u00e4 hydrauli\u00f6ljy\u00e4 on v\u00e4ltt\u00e4m\u00e4t\u00f6nt\u00e4 sylinterin sujuvan toiminnan varmistamiseksi.<\/p>\n<h2>Huolto:<\/h2>\n<p>S\u00e4\u00e4nn\u00f6llinen huolto on ratkaisevan t\u00e4rke\u00e4\u00e4 kauhan sylinterin k\u00e4ytt\u00f6i\u00e4n pident\u00e4miseksi. T\u00e4ss\u00e4 on joitakin yleisi\u00e4 huoltoteht\u00e4vi\u00e4:<\/p>\n<ul>\n<li>S\u00e4\u00e4nn\u00f6llinen tarkastus<\/li>\n<li>Oikea voitelu<\/li>\n<li>Tiivisteen vaihto<\/li>\n<li>Kalibrointitarkistus<\/li>\n<\/ul>\n<p>Oikea asennus, voitelu ja s\u00e4\u00e4t\u00f6 ovat elint\u00e4rkeit\u00e4 kauhan sylinterin k\u00e4ytt\u00f6i\u00e4n pident\u00e4miseksi. Asennuksen aikana tarvitaan asianmukaista ohjausta sylinterin kohdistamiseksi, ja sylinterin kiinnitt\u00e4miseen tulee k\u00e4ytt\u00e4\u00e4 sopivia asennuskiinnikkeit\u00e4. Suosittelemme s\u00e4\u00e4nn\u00f6llisi\u00e4 tarkastus-, korjaus- ja vaihtotoimenpiteit\u00e4 kauhan sylinterin k\u00e4ytt\u00f6i\u00e4n pident\u00e4miseksi.<\/p>\n<p><img decoding=\"async\" src=\"https:\/\/www.hydraulic-cylinders.net\/wp-content\/uploads\/2025\/01\/songte-chushion-collar.webp\"><\/p>\n<h2>Turvallisuus- ja ymp\u00e4rist\u00f6n\u00e4k\u00f6kohdat:<\/h2>\n<p>Kauhasylinteri\u00e4 k\u00e4ytett\u00e4ess\u00e4 on eritt\u00e4in t\u00e4rke\u00e4\u00e4 noudattaa turvaohjeita. N\u00e4ihin kuuluvat asianmukainen asennus, asianmukaisten turvavarusteiden k\u00e4ytt\u00f6 ja k\u00e4ytt\u00f6ohjeiden noudattaminen. On my\u00f6s t\u00e4rke\u00e4\u00e4 ottaa huomioon hydrauliikkaj\u00e4rjestelmien ymp\u00e4rist\u00f6vaikutukset, kuten \u00f6ljyvuodot ja k\u00e4ytetyn hydrauliikka\u00f6ljyn h\u00e4vitt\u00e4minen.<\/p>\n<h2>Vianm\u00e4\u00e4ritys ja yleiset ongelmat:<\/h2>\n<p>Kauhasylintereiden yleisi\u00e4 ongelmia voivat olla \u00f6ljyvuodot, m\u00e4nn\u00e4n ja m\u00e4nn\u00e4nvarren vauriot sek\u00e4 tiivisteiden pett\u00e4minen. N\u00e4iden ongelmien asianmukainen diagnosointi ja vianm\u00e4\u00e4ritys voivat auttaa ratkaisemaan ne nopeasti ja tehokkaasti.<\/p>\n<h2>Tietoja yrityksest\u00e4mme:<\/h2>\n<p>Olemme johtava hydraulisylintereiden valmistaja ja tukkumyyj\u00e4 kotimaisilla ja kansainv\u00e4lisill\u00e4 markkinoilla. Tuotteemme ovat monipuolisia ja olemme erikoistuneet r\u00e4\u00e4t\u00e4l\u00f6ityjen palveluiden tarjoamiseen. Noudatamme erinomaisen laadun periaatteita, luotamme hienojen valmistuspajojen teollisen tuotannon hallintastrategiaan, parannamme jatkuvasti valmistusalustaa, parannamme tuotteiden laadun tuotantoreittej\u00e4 ja meill\u00e4 on vahva luovuus. Tarjoamme tehokkaita, tarkkoja ja korkealaatuisia tuotteita, jotka on r\u00e4\u00e4t\u00e4l\u00f6ity asiakkaidemme monipuolisiin tarpeisiin.<\/p>\n<h3>Yrityksemme edut:<\/h3>\n<ul>\n<li>Ammattimaisuus<\/li>\n<li>Kansainv\u00e4linen sertifiointi<\/li>\n<li>R\u00e4\u00e4t\u00e4l\u00f6idyt palvelut<\/li>\n<li>Edistykselliset tuotantolaitteet<\/li>\n<li>Myynnin j\u00e4lkeinen palvelu<\/li>\n<\/ul>\n<p><img decoding=\"async\" src=\"https:\/\/www.hydraulic-cylinders.net\/wp-content\/uploads\/2025\/01\/songte-company-3.webp\"><\/p>\n<p>Kirjoittaja: lyl<\/p>","protected":false},"excerpt":{"rendered":"<p>Bucket Cylinder For Case Large Excavator CX360BHR Introduction: A bucket cylinder is a specially designed hydraulic cylinder primarily used to control the movement of the bucket in heavy machinery such as excavators, backhoe loaders, and front loaders. Its main function is to enable lifting, lowering, and tilting of the bucket, making it easy to handle [&hellip;]<\/p>","protected":false},"featured_media":14765,"comment_status":"open","ping_status":"closed","template":"","meta":{"_et_pb_use_builder":"","_et_pb_old_content":"","_et_gb_content_width":""},"product_brand":[],"product_cat":[1494],"product_tag":[1495,1496],"class_list":{"0":"post-15729","1":"product","2":"type-product","3":"status-publish","4":"has-post-thumbnail","6":"product_cat-bucket-cylinders","7":"product_tag-bucket-cylinders","8":"product_tag-hydraulic-cylinders","10":"first","11":"instock","12":"shipping-taxable","13":"product-type-simple"},"amp_enabled":true,"_links":{"self":[{"href":"https:\/\/www.hydraulic-cylinders.net\/fi\/wp-json\/wp\/v2\/product\/15729","targetHints":{"allow":["GET"]}}],"collection":[{"href":"https:\/\/www.hydraulic-cylinders.net\/fi\/wp-json\/wp\/v2\/product"}],"about":[{"href":"https:\/\/www.hydraulic-cylinders.net\/fi\/wp-json\/wp\/v2\/types\/product"}],"replies":[{"embeddable":true,"href":"https:\/\/www.hydraulic-cylinders.net\/fi\/wp-json\/wp\/v2\/comments?post=15729"}],"wp:featuredmedia":[{"embeddable":true,"href":"https:\/\/www.hydraulic-cylinders.net\/fi\/wp-json\/wp\/v2\/media\/14765"}],"wp:attachment":[{"href":"https:\/\/www.hydraulic-cylinders.net\/fi\/wp-json\/wp\/v2\/media?parent=15729"}],"wp:term":[{"taxonomy":"product_brand","embeddable":true,"href":"https:\/\/www.hydraulic-cylinders.net\/fi\/wp-json\/wp\/v2\/product_brand?post=15729"},{"taxonomy":"product_cat","embeddable":true,"href":"https:\/\/www.hydraulic-cylinders.net\/fi\/wp-json\/wp\/v2\/product_cat?post=15729"},{"taxonomy":"product_tag","embeddable":true,"href":"https:\/\/www.hydraulic-cylinders.net\/fi\/wp-json\/wp\/v2\/product_tag?post=15729"}],"curies":[{"name":"wp","href":"https:\/\/api.w.org\/{rel}","templated":true}]}}