{"id":15734,"date":"2025-01-19T14:54:32","date_gmt":"2025-01-19T14:54:32","guid":{"rendered":"https:\/\/www.hydraulic-cylinders.net\/product\/bucket-cylinder-for-zhenyu-small-excavator-zy330\/"},"modified":"2025-01-19T14:54:35","modified_gmt":"2025-01-19T14:54:35","slug":"bucket-cylinder-for-zhenyu-small-excavator-zy330","status":"publish","type":"product","link":"https:\/\/www.hydraulic-cylinders.net\/fi\/tuote\/bucket-cylinder-for-zhenyu-small-excavator-zy330\/","title":{"rendered":"Kauhan sylinteri Zhenyu-pienkaivukoneelle ZY330"},"content":{"rendered":"<h1>Kauhan sylinteri Zhenyu-pienkaivukoneelle ZY330<\/h1>\n<h2>Johdanto<\/h2>\n<p>Zhenyu-pienkaivukoneen ZY330 kauhan sylinteri on erityisesti suunniteltu hydraulisylinteri, jota k\u00e4ytet\u00e4\u00e4n kauhan liikkeen ohjaamiseen raskaissa koneissa, kuten kaivinkoneissa, kaivurikuormaajissa ja etukuormaajissa. Sen p\u00e4\u00e4teht\u00e4v\u00e4n\u00e4 on mahdollistaa kauhan nostaminen, laskeminen ja kallistaminen, mik\u00e4 helpottaa erilaisten materiaalink\u00e4sittelyteht\u00e4vien suorittamista. Hydraulij\u00e4rjestelmien kauhan sylinterit ohjaavat kauhan tarkkaa liikett\u00e4 hydrauli\u00f6ljyn paineen muutosten avulla, jolloin k\u00e4ytt\u00e4j\u00e4t voivat k\u00e4sitell\u00e4 raskaita kuormia tehokkaasti ja sopeutua monimutkaisiin ty\u00f6ymp\u00e4rist\u00f6ihin ja erilaisiin ty\u00f6vaatimuksiin.<\/p>\n<p><img decoding=\"async\" src=\"https:\/\/www.hydraulic-cylinders.net\/wp-content\/uploads\/2025\/01\/songte-company-2.webp\" alt=\"Kauhan sylinteri Zhenyu-pienkaivukoneelle ZY330\"><\/p>\n<h2>Ominaisuudet<\/h2>\n<ul>\n<li>Suuri lujuus ja kest\u00e4vyys: Yleens\u00e4 eritt\u00e4in lujasta ter\u00e4ksest\u00e4 tai alumiinista valmistettu kauhasylinteri kest\u00e4\u00e4 korkeaa painetta ja raskaita kuormia, sopeutuu ankariin ty\u00f6ymp\u00e4rist\u00f6ihin ja on suunniteltu kulutus- ja korroosionkest\u00e4viksi, mik\u00e4 pident\u00e4\u00e4 sen k\u00e4ytt\u00f6ik\u00e4\u00e4.<\/li>\n<li>Tehokas hydraulinen toiminta: Hydrauli\u00f6ljyn paineen ansiosta kauhan sylinteri saavuttaa tasaisen ulosvedon ja sis\u00e4\u00e4nvedon ja reagoi nopeasti ohjauskomentoihin. Se tarjoaa tehokkaita ty\u00f6nt\u00f6- ja vetovoimia, jotka sopivat raskaiden kuormien k\u00e4sittelyyn ja monimutkaisiin ty\u00f6teht\u00e4viin.<\/li>\n<li>Erilaisia \u200b\u200btyyppej\u00e4: Yksitoimiset (hydrauliikkaa k\u00e4ytet\u00e4\u00e4n vain yhteen suuntaan) tai kaksitoimiset (hydrauliikkaa k\u00e4ytet\u00e4\u00e4n molempiin suuntiin) sylinterit voidaan valita k\u00e4ytt\u00f6tarpeiden mukaan. Jotkut mallit ovat teleskooppisia, mik\u00e4 mahdollistaa suuremman jatkeen ilman ulkomittojen kasvua, joten ne sopivat rajoitettuihin tiloihin.<\/li>\n<li>Mukautettava: Voimme valmistaa t\u00e4t\u00e4 tuotetta ja se voi t\u00e4ydellisesti korvata n\u00e4m\u00e4 hydraulisylinterit.<\/li>\n<\/ul>\n<p><img decoding=\"async\" src=\"https:\/\/www.hydraulic-cylinders.net\/wp-content\/uploads\/2025\/01\/songte-cylinder-head-with-all-kinds-excavator-models.webp\" alt=\"Kauhan sylinteri Zhenyu-pienkaivukoneelle ZY330\"><\/p>\n<h2>Sovellukset<\/h2>\n<p>Kauhasylinteri\u00e4 k\u00e4ytet\u00e4\u00e4n laajalti erilaisissa laitteissa, kuten:<\/p>\n<ul>\n<li>Rakennuslaitteet: Kaivinkoneissa ne ovat v\u00e4ltt\u00e4m\u00e4tt\u00f6mi\u00e4 maan tai roskien kaivamiseen, lastaamiseen ja siirt\u00e4miseen. Kaivurikuormaajissa kauhan sylinteri auttaa kaivamisessa ja nostamisessa. <\/li>\n<li>Maatalouskoneet: Etukuormaajissa k\u00e4ytett\u00e4vin\u00e4 ne kauhaavat, nostavat ja kuljettavat maata, hein\u00e4\u00e4 ja muita materiaaleja. <\/li>\n<li>Kaivinkoneet: Kauhasylinterit mahdollistavat kaivamisen antamalla kauhan tunkeutua maaper\u00e4\u00e4n.<\/li>\n<li>Etukuormaajat: Etukuormaajissa ne auttavat tavaroiden tehokkaassa nostamisessa ja tyhjent\u00e4misess\u00e4.<\/li>\n<\/ul>\n<h2>Suunnittelun\u00e4k\u00f6kohdat ja valintakriteerit<\/h2>\n<p>Kauhasylintereill\u00e4 on joitakin suunnitteluun liittyvi\u00e4 n\u00e4k\u00f6kohtia ja valintakriteerej\u00e4, kuten:<\/p>\n<ul>\n<li>Kantavuus: Sylinterin on oltava luja kest\u00e4m\u00e4\u00e4n raskaita kuormia.<\/li>\n<li>Tiivistys: Korkealaatuiset tiivisteet ovat v\u00e4ltt\u00e4m\u00e4tt\u00f6mi\u00e4 vuotojen est\u00e4miseksi ja tehokkaan toiminnan yll\u00e4pit\u00e4miseksi.<\/li>\n<li>Kest\u00e4vyys: Sen tulisi olla suunniteltu kest\u00e4m\u00e4\u00e4n kulumista ja korroosiota k\u00e4ytt\u00f6i\u00e4n pident\u00e4miseksi.<\/li>\n<li>Turvallisuus: Kauhasylinterit on suunniteltava est\u00e4m\u00e4\u00e4n onnettomuudet, suojaamaan ty\u00f6ntekij\u00f6it\u00e4 ja v\u00e4ltt\u00e4m\u00e4\u00e4n laitteiden vaurioitumista.<\/li>\n<li>Huollettavuus: Kauhasylinterien tulee olla helposti korjattavia ja huollettavia.<\/li>\n<\/ul>\n<p><img decoding=\"async\" src=\"https:\/\/www.hydraulic-cylinders.net\/wp-content\/uploads\/2025\/01\/songte-oil-pipes-and-spare-parts.webp\" alt=\"Kauhan sylinteri Zhenyu-pienkaivukoneelle ZY330\"><\/p>\n<h2>Tiivistys ja voitelu<\/h2>\n<p>Kauhasylintereiss\u00e4 k\u00e4ytet\u00e4\u00e4n erilaisia \u200b\u200btiivisteit\u00e4, kuten m\u00e4nn\u00e4ntiivisteit\u00e4 ja varren tiivisteit\u00e4. Tyypillisesti k\u00e4ytet\u00e4\u00e4n kulutusta kest\u00e4vist\u00e4 materiaaleista, kuten polyuretaanista ja nitriilikumista, valmistettuja tiivisteit\u00e4. Sylinterin runko ja kierteiden p\u00e4\u00e4typinnat on hienok\u00e4sitelty kulutuskest\u00e4vyyden parantamiseksi. S\u00e4\u00e4nn\u00f6llinen voitelu sopivalla m\u00e4\u00e4r\u00e4ll\u00e4 hydrauli\u00f6ljy\u00e4 on v\u00e4ltt\u00e4m\u00e4t\u00f6nt\u00e4 pitk\u00e4n k\u00e4ytt\u00f6i\u00e4n varmistamiseksi.<\/p>\n<h2>Huolto ja korjaus<\/h2>\n<p>S\u00e4\u00e4nn\u00f6llinen tarkastus, asianmukainen voitelu, tiivisteiden vaihto ja kalibrointitarkastukset ovat yleisi\u00e4 huoltoteht\u00e4vi\u00e4. Asianmukainen asennus, voitelu ja s\u00e4\u00e4t\u00f6 ovat kriittisi\u00e4, ja asennuksen aikana on annettava oikeat kohdistusohjeet. Suosittelemme asianmukaisten asennuskiinnikkeiden k\u00e4ytt\u00f6\u00e4 sylinterin kiinnitt\u00e4miseksi. Tarjoamme suositeltuja tarkastus-, korjaus- ja vaihtomenettelyj\u00e4, varaosia ja kunnostuspalveluita kauhasylinterin k\u00e4ytt\u00f6i\u00e4n pident\u00e4miseksi.<\/p>\n<p><img decoding=\"async\" src=\"https:\/\/www.hydraulic-cylinders.net\/wp-content\/uploads\/2025\/01\/songte-chushion-collar.webp\" alt=\"Kauhan sylinteri Zhenyu-pienkaivukoneelle ZY330\"><\/p>\n<h2>Turvallisuusn\u00e4k\u00f6kohdat ja ymp\u00e4rist\u00f6tekij\u00e4t<\/h2>\n<p>Kauhasylintereit\u00e4 k\u00e4ytett\u00e4ess\u00e4 turvatoimenpiteet ovat v\u00e4ltt\u00e4m\u00e4tt\u00f6mi\u00e4. Mahdollisten ongelmien v\u00e4ltt\u00e4miseksi laitteet on huollettava ja tarkastettava s\u00e4\u00e4nn\u00f6llisesti. Ymp\u00e4rist\u00f6tekij\u00e4t, kuten l\u00e4mp\u00f6tila, kosteus ja sy\u00f6vytt\u00e4v\u00e4t tekij\u00e4t, on my\u00f6s otettava huomioon kauhasylintereit\u00e4 valittaessa ja k\u00e4ytett\u00e4ess\u00e4.<\/p>\n<h2>Vianm\u00e4\u00e4ritys ja yleiset ongelmat<\/h2>\n<p>Kauhasylintereiss\u00e4 voi esiinty\u00e4 ongelmia, kuten vuotoja, matalaa painetta tai hidasta liikett\u00e4. Vianm\u00e4\u00e4ritys- ja ongelmanratkaisuvinkkej\u00e4 annetaan lukijoille, jotta he voivat diagnosoida ja ratkaista ongelmia tehokkaasti. Ennaltaehk\u00e4isevi\u00e4 toimenpiteit\u00e4 suositellaan mahdollisten ongelmien minimoimiseksi.<\/p>\n<p><img decoding=\"async\" src=\"https:\/\/www.hydraulic-cylinders.net\/wp-content\/uploads\/2025\/01\/songte-bushings-with-all-kinds-of-excavator-models.webp\" alt=\"Kauhan sylinteri Zhenyu-pienkaivukoneelle ZY330\"><\/p>\n<h2>Tietoa yrityksest\u00e4mme<\/h2>\n<p>Olemme hydraulisylinterien valmistaja, joka korvaa hydraulisylintereit\u00e4. Meill\u00e4 on t\u00e4ydellinen tuotevalikoima ja olemme yksi johtavista hydraulisylinterien valmistajista ja tukkumyyjist\u00e4 kotimaisilla ja kansainv\u00e4lisill\u00e4 markkinoilla. Noudatamme erinomaisen laadun politiikkaa ja luotamme hienojen valmistuspajojen teollistumisen tuotannonohjausstrategioihin. Yrityksemme parantaa jatkuvasti ty\u00f6pajan valmistusalustaa, hioo tuotteiden laatua tuotantolinjalla ja meill\u00e4 on vahva luova kyky. Tyydyt\u00e4mme asiakkaidemme monipuoliset tarpeet korkean tehokkuuden, tarkkuuden ja korkean laadun periaatteilla.<\/p>\n<p>Tarjoamme ammattimaisia, kansainv\u00e4lisesti sertifioituja, r\u00e4\u00e4t\u00e4l\u00f6ityj\u00e4 palveluita, edistyneit\u00e4 tuotantolaitteita ja huoltopalvelua laajentaaksemme yrityksemme n\u00e4kyvyytt\u00e4.<\/p>\n<p><img decoding=\"async\" src=\"https:\/\/hzpt.com\/wp-content\/uploads\/2024\/11\/songte-company-1.webp\" alt=\"Kauhan sylinteri Zhenyu-pienkaivukoneelle ZY330\"><\/p>\n<h3>Kirjoittaja: lyl<\/h3>","protected":false},"excerpt":{"rendered":"<p>Bucket Cylinder For Zhenyu Small Excavator ZY330 Introduction The bucket cylinder for Zhenyu small excavator ZY330 is a specially-designed hydraulic cylinder used to control the movement of the bucket in heavy machinery such as excavators, backhoe loaders, and front-end loaders. Its main function is to enable the bucket to lift, lower, and tilt, making it [&hellip;]<\/p>","protected":false},"featured_media":14787,"comment_status":"open","ping_status":"closed","template":"","meta":{"_et_pb_use_builder":"","_et_pb_old_content":"","_et_gb_content_width":""},"product_brand":[],"product_cat":[1494],"product_tag":[1495,1496],"class_list":{"0":"post-15734","1":"product","2":"type-product","3":"status-publish","4":"has-post-thumbnail","6":"product_cat-bucket-cylinders","7":"product_tag-bucket-cylinders","8":"product_tag-hydraulic-cylinders","10":"first","11":"instock","12":"shipping-taxable","13":"product-type-simple"},"amp_enabled":true,"_links":{"self":[{"href":"https:\/\/www.hydraulic-cylinders.net\/fi\/wp-json\/wp\/v2\/product\/15734","targetHints":{"allow":["GET"]}}],"collection":[{"href":"https:\/\/www.hydraulic-cylinders.net\/fi\/wp-json\/wp\/v2\/product"}],"about":[{"href":"https:\/\/www.hydraulic-cylinders.net\/fi\/wp-json\/wp\/v2\/types\/product"}],"replies":[{"embeddable":true,"href":"https:\/\/www.hydraulic-cylinders.net\/fi\/wp-json\/wp\/v2\/comments?post=15734"}],"wp:featuredmedia":[{"embeddable":true,"href":"https:\/\/www.hydraulic-cylinders.net\/fi\/wp-json\/wp\/v2\/media\/14787"}],"wp:attachment":[{"href":"https:\/\/www.hydraulic-cylinders.net\/fi\/wp-json\/wp\/v2\/media?parent=15734"}],"wp:term":[{"taxonomy":"product_brand","embeddable":true,"href":"https:\/\/www.hydraulic-cylinders.net\/fi\/wp-json\/wp\/v2\/product_brand?post=15734"},{"taxonomy":"product_cat","embeddable":true,"href":"https:\/\/www.hydraulic-cylinders.net\/fi\/wp-json\/wp\/v2\/product_cat?post=15734"},{"taxonomy":"product_tag","embeddable":true,"href":"https:\/\/www.hydraulic-cylinders.net\/fi\/wp-json\/wp\/v2\/product_tag?post=15734"}],"curies":[{"name":"wp","href":"https:\/\/api.w.org\/{rel}","templated":true}]}}