{"id":15737,"date":"2025-01-19T14:54:44","date_gmt":"2025-01-19T14:54:44","guid":{"rendered":"https:\/\/www.hydraulic-cylinders.net\/product\/bucket-cylinder-for-world-small-excavator-w235\/"},"modified":"2025-01-19T14:54:46","modified_gmt":"2025-01-19T14:54:46","slug":"bucket-cylinder-for-world-small-excavator-w235","status":"publish","type":"product","link":"https:\/\/www.hydraulic-cylinders.net\/fi\/tuote\/bucket-cylinder-for-world-small-excavator-w235\/","title":{"rendered":"Kauhan sylinteri World Small Excavator W235 -kaivukoneelle"},"content":{"rendered":"<h1>Kauhan sylinteri World Small Excavator W235 -kaivukoneelle<\/h1>\n<h2>Johdanto<\/h2>\n<p>Kauhasylinteri, joka tunnetaan my\u00f6s hydraulisylinterin\u00e4, on erityisesti suunniteltu hydraulinen toimilaite, joka ensisijaisesti ohjaa kauhan liikett\u00e4 raskaissa koneissa, kuten kaivinkoneissa, traktorikaivureissa ja etukuormaajissa. Sen p\u00e4\u00e4teht\u00e4v\u00e4n\u00e4 on nostaa, laskea ja kallistaa kauhaa, mik\u00e4 helpottaa erilaisten materiaalink\u00e4sittelyteht\u00e4vien k\u00e4sittely\u00e4. Hydraulij\u00e4rjestelm\u00e4ss\u00e4 kauhasylinteri ohjaa tarkasti kauhan liikett\u00e4 muuttamalla hydrauli\u00f6ljyn painetta, mink\u00e4 ansiosta k\u00e4ytt\u00e4j\u00e4t voivat k\u00e4sitell\u00e4 raskaita esineit\u00e4 tehokkaasti ja sopeutua monimutkaisiin ty\u00f6ymp\u00e4rist\u00f6ihin ja erilaisiin ty\u00f6vaatimuksiin.<\/p>\n<p><img decoding=\"async\" src=\"https:\/\/www.hydraulic-cylinders.net\/wp-content\/uploads\/2025\/01\/songte-company-2.webp\" alt=\"Kauhan sylinterin kuva\"><\/p>\n<h2>Ominaisuudet<\/h2>\n<ul>\n<li>Suuri lujuus ja kest\u00e4vyys: Yleens\u00e4 valmistettu eritt\u00e4in lujasta ter\u00e4ksest\u00e4 tai alumiinista, se kest\u00e4\u00e4 korkeaa painetta ja raskaita kuormia ja sopeutuu vaativiin ty\u00f6ymp\u00e4rist\u00f6ihin. Suunnittelussa on otettu huomioon my\u00f6s kulutuskest\u00e4vyys ja korroosionkest\u00e4vyys, mik\u00e4 pident\u00e4\u00e4 sen k\u00e4ytt\u00f6ik\u00e4\u00e4.<\/li>\n<li>Tehokas hydraulinen toiminta: Hydrauli\u00f6ljyn paineen ansiosta se saavuttaa tasaiset ojennus- ja supistusliikkeet ja reagoi nopeasti ohjauskomentoihin. Se tarjoaa tehokkaita ty\u00f6nt\u00f6- ja vetovoimia, jotka sopivat raskaiden esineiden k\u00e4sittelyyn ja monimutkaisiin ty\u00f6teht\u00e4viin.<\/li>\n<li>Erilaisia \u200b\u200btyyppej\u00e4: Yksitoimiset (hydrauliikkaa vain yhteen suuntaan) tai kaksitoimiset (hydrauliikkaa molempiin suuntiin) sylinterit voidaan valita vaatimusten mukaan erilaisten k\u00e4ytt\u00f6tarpeiden t\u00e4ytt\u00e4miseksi. Jotkut mallit ovat teleskooppisia, mik\u00e4 mahdollistaa suuremman jatkeen ilman ulkomittojen kasvua, mik\u00e4 sopii rajoitettuihin tiloihin.<\/li>\n<li>Vaihdettavuus: Tuotteemme voivat t\u00e4ydellisesti korvata n\u00e4m\u00e4 hydraulisylinterit.<\/li>\n<\/ul>\n<p><img decoding=\"async\" src=\"https:\/\/www.hydraulic-cylinders.net\/wp-content\/uploads\/2025\/01\/songte-cylinder-head-with-all-kinds-excavator-models.webp\" alt=\"Hydraulisylinterin kuva\"><\/p>\n<h2>Sovellukset<\/h2>\n<p>Kauhasylinterill\u00e4 on laaja k\u00e4ytt\u00f6alue useilla eri teollisuudenaloilla, kuten:<\/p>\n<ul>\n<li>Rakennuslaitteet: Kauhan sylinteri on ratkaisevan t\u00e4rke\u00e4 kaivinkoneissa kaivamiseen, lastaamiseen ja maaper\u00e4n tai roskien siirt\u00e4miseen. Kaivinkoneissa se auttaa sek\u00e4 kaivamisessa ett\u00e4 nostamisessa. <\/li>\n<li>Maatalouskoneet: K\u00e4ytet\u00e4\u00e4n etukuormaajissa, ne poimivat, nostavat ja kuljettavat maata, hein\u00e4\u00e4 ja muita materiaaleja. Kaivinkoneissa kauhan sylinteri mahdollistaa kauhan tunkeutumisen maaper\u00e4\u00e4n kaivamisen aikana. <\/li>\n<li>Kuormaaja: Etukuormaajissa se auttaa kallistamaan ja tyhjent\u00e4m\u00e4\u00e4n lastia tehokkaasti.<\/li>\n<\/ul>\n<h2>Suunnittelun\u00e4k\u00f6kohdat ja valintastandardit<\/h2>\n<p>Kauhasylintereit\u00e4 suunniteltaessa on otettava huomioon useita tekij\u00f6it\u00e4, mukaan lukien:<\/p>\n<ul>\n<li>Kantavuus: Kauhasylintereiden on oltava riitt\u00e4v\u00e4n kantavia k\u00e4sittelem\u00e4\u00e4n siirrett\u00e4v\u00e4n materiaalin painoa ja kauhaan vaikuttavia ulkoisia voimia.<\/li>\n<li>Tiivistys: \u00d6ljyvuotojen est\u00e4miseksi ja ep\u00e4puhtauksien p\u00e4\u00e4syn est\u00e4miseksi k\u00e4ytet\u00e4\u00e4n erilaisia \u200b\u200btiivisteit\u00e4, kuten m\u00e4nn\u00e4ntiivisteit\u00e4 ja varren tiivisteit\u00e4.<\/li>\n<li>Kest\u00e4vyys: Sylinterin on oltava suunniteltu kest\u00e4m\u00e4\u00e4n ankaria ymp\u00e4rist\u00f6olosuhteita ja vastustuskyky\u00e4 kulumiselle ja korroosiolle.<\/li>\n<li>Turvallisuus: Kauhasylinterin on oltava suunniteltu turvaominaisuuksilla onnettomuuksien est\u00e4miseksi ja k\u00e4ytt\u00e4j\u00e4n turvallisuuden varmistamiseksi.<\/li>\n<li>Huollettavuus: Sylinteri on suunniteltava helposti huollettavaksi ja korjattavaksi, mik\u00e4 v\u00e4hent\u00e4\u00e4 seisokkiaikaa ja yll\u00e4pitokustannuksia.<\/li>\n<\/ul>\n<p><img decoding=\"async\" src=\"https:\/\/www.hydraulic-cylinders.net\/wp-content\/uploads\/2025\/01\/songte-oil-pipes-and-spare-parts.webp\" alt=\"Hydraulisylinterin osat\"><\/p>\n<h2>Tiivistys ja voitelu<\/h2>\n<p>Kauhasylintereiss\u00e4 k\u00e4ytet\u00e4\u00e4n erilaisia \u200b\u200btiivisteit\u00e4, kuten m\u00e4nn\u00e4ntiivisteit\u00e4 ja varren tiivisteit\u00e4, \u00f6ljyvuotojen est\u00e4miseksi ja ep\u00e4puhtauksien p\u00e4\u00e4syn est\u00e4miseksi. Tiivisteet on valmistettu kulutusta kest\u00e4vist\u00e4 materiaaleista, kuten polyuretaanista ja nitriilikumista. Sylinterin runko ja kierteiden p\u00e4\u00e4typinta on hienosti k\u00e4sitelty kulutuskest\u00e4vyyden parantamiseksi. Kauhasylinterin sujuva toiminta edellytt\u00e4\u00e4 asianmukaista voitelua hydrauliikka\u00f6ljyll\u00e4.<\/p>\n<h2>Huolto<\/h2>\n<p>Kauhasylinterin pitk\u00e4ik\u00e4isyyden ja tehokkaan toiminnan varmistamiseksi s\u00e4\u00e4nn\u00f6llinen huolto on ratkaisevan t\u00e4rke\u00e4\u00e4. Joitakin yleisi\u00e4 huoltoteht\u00e4vi\u00e4 ovat:<\/p>\n<ul>\n<li>Sylinterin kunnon ja suorituskyvyn s\u00e4\u00e4nn\u00f6lliset tarkastukset.<\/li>\n<li>Sylinterin voitelu sujuvan toiminnan varmistamiseksi.<\/li>\n<li>Kuluneiden tiivisteiden vaihto.<\/li>\n<li>Kalibrointitarkistukset oikean toiminnan varmistamiseksi.<\/li>\n<li>Sylinterin ulkoisten osien s\u00e4\u00e4nn\u00f6llinen tarkastus ja puhdistus.<\/li>\n<\/ul>\n<p><img decoding=\"async\" src=\"https:\/\/www.hydraulic-cylinders.net\/wp-content\/uploads\/2025\/01\/songte-chushion-collar.webp\" alt=\"Hydraulisylinterin kaulus\"><\/p>\n<h2>Turvallisuus- ja ymp\u00e4rist\u00f6n\u00e4k\u00f6kohdat<\/h2>\n<p>Kauhasylinteri\u00e4 k\u00e4ytett\u00e4ess\u00e4 on noudatettava asianmukaisia \u200b\u200bturvatoimia onnettomuuksien ehk\u00e4isemiseksi ja k\u00e4ytt\u00e4j\u00e4n turvallisuuden varmistamiseksi. On my\u00f6s t\u00e4rke\u00e4\u00e4 ottaa huomioon ymp\u00e4rist\u00f6tekij\u00e4t, kuten \u00f6ljyvuodot ja -l\u00e4ikkymiset sek\u00e4 hydrauli\u00f6ljyn ja muiden j\u00e4temateriaalien asianmukainen h\u00e4vitt\u00e4minen.<\/p>\n<h2>Vianm\u00e4\u00e4ritys ja yleiset ongelmat<\/h2>\n<p>Kauhasylinterit ovat alttiita erilaisille ongelmille, kuten \u00f6ljyvuodoille, vaurioituneille tiivisteille ja toimintah\u00e4iri\u00f6isille venttiileille. On eritt\u00e4in t\u00e4rke\u00e4\u00e4 diagnosoida ja ratkaista n\u00e4m\u00e4 ongelmat nopeasti seisokkiaikojen ja kalliiden korjausten v\u00e4ltt\u00e4miseksi. Asianmukaiset ennaltaehk\u00e4isev\u00e4t toimenpiteet, kuten s\u00e4\u00e4nn\u00f6llinen huolto ja tarkastus, voivat my\u00f6s v\u00e4hent\u00e4\u00e4 mahdollisia ongelmia.<\/p>\n<p><img decoding=\"async\" src=\"https:\/\/www.hydraulic-cylinders.net\/wp-content\/uploads\/2025\/01\/songte-bushings-with-all-kinds-of-excavator-models.webp\" alt=\"Hydraulisylinterin holkit\"><\/p>\n<h2>Tietoa yrityksest\u00e4mme<\/h2>\n<p>Olemme johtava hydraulisten sylinterien, mukaan lukien kauhasylinterien, valmistaja ja tukkumyyj\u00e4. Noudatamme erinomaisen laadun periaatteita ja luotamme hienostuneen valmistuspajan teollisen tuotannon hallintastrategiaan. Yrityksemme parantaa jatkuvasti tuotantoymp\u00e4rist\u00f6j\u00e4\u00e4n, hioo tuotteiden laatua ja tuotantolinjoja, ja meill\u00e4 on vahvat luovat ja tehokkaat valmiudet vastata asiakkaiden monipuolisiin tarpeisiin. Tarjoamme ammattimaisia, kansainv\u00e4lisi\u00e4 ja r\u00e4\u00e4t\u00e4l\u00f6ityj\u00e4 palveluita, meill\u00e4 on edistyneet tuotantolaitteet ja tarjoamme j\u00e4lkimarkkinointipalvelua.<\/p>\n<p><img decoding=\"async\" src=\"https:\/\/hzpt.com\/wp-content\/uploads\/2024\/11\/songte-company-1.webp\" alt=\"Yrityksen imago\"><\/p>\n<p>Yrityksemme tarjoaa my\u00f6s:<\/p>\n<ul>\n<li>Ammattitaito: Meill\u00e4 on asiantuntijatiimi, jolla on vuosien kokemus hydraulisylintereiden alalta.<\/li>\n<li>Kansainv\u00e4linen sertifiointi: Tuotteemme ovat saaneet kansainv\u00e4lisi\u00e4 sertifikaatteja, kuten CE ja ISO.<\/li>\n<li>R\u00e4\u00e4t\u00e4l\u00f6intipalvelut: Tarjoamme r\u00e4\u00e4t\u00e4l\u00f6ityj\u00e4 hydraulisylinteriratkaisuja vastaamaan asiakkaiden erityisvaatimuksia.<\/li>\n<li>Tuotantolaitteet: Meill\u00e4 on edistyneet tuotantolaitteet, kuten CNC-koneet, hitsauskoneet ja hoonakoneet.<\/li>\n<li>Myynnin j\u00e4lkeinen palvelu: Tarjoamme myynnin j\u00e4lkeist\u00e4 palvelua, joka sis\u00e4lt\u00e4\u00e4 korjaukset ja osien vaihdon.<\/li>\n<\/ul>\n<p>Kirjoittaja: lyl.<\/p>","protected":false},"excerpt":{"rendered":"<p>Bucket Cylinder For World Small Excavator W235 Introduction The bucket cylinder, also known as a hydraulic cylinder, is a specially designed hydraulic actuator that primarily controls the movement of the bucket in heavy machinery such as excavators, backhoes, and front loaders. Its main function is to lift, lower and tilt the bucket, making it easier [&hellip;]<\/p>","protected":false},"featured_media":14782,"comment_status":"open","ping_status":"closed","template":"","meta":{"_et_pb_use_builder":"","_et_pb_old_content":"","_et_gb_content_width":""},"product_brand":[],"product_cat":[1494],"product_tag":[1495,1496],"class_list":{"0":"post-15737","1":"product","2":"type-product","3":"status-publish","4":"has-post-thumbnail","6":"product_cat-bucket-cylinders","7":"product_tag-bucket-cylinders","8":"product_tag-hydraulic-cylinders","10":"first","11":"instock","12":"shipping-taxable","13":"product-type-simple"},"amp_enabled":true,"_links":{"self":[{"href":"https:\/\/www.hydraulic-cylinders.net\/fi\/wp-json\/wp\/v2\/product\/15737","targetHints":{"allow":["GET"]}}],"collection":[{"href":"https:\/\/www.hydraulic-cylinders.net\/fi\/wp-json\/wp\/v2\/product"}],"about":[{"href":"https:\/\/www.hydraulic-cylinders.net\/fi\/wp-json\/wp\/v2\/types\/product"}],"replies":[{"embeddable":true,"href":"https:\/\/www.hydraulic-cylinders.net\/fi\/wp-json\/wp\/v2\/comments?post=15737"}],"wp:featuredmedia":[{"embeddable":true,"href":"https:\/\/www.hydraulic-cylinders.net\/fi\/wp-json\/wp\/v2\/media\/14782"}],"wp:attachment":[{"href":"https:\/\/www.hydraulic-cylinders.net\/fi\/wp-json\/wp\/v2\/media?parent=15737"}],"wp:term":[{"taxonomy":"product_brand","embeddable":true,"href":"https:\/\/www.hydraulic-cylinders.net\/fi\/wp-json\/wp\/v2\/product_brand?post=15737"},{"taxonomy":"product_cat","embeddable":true,"href":"https:\/\/www.hydraulic-cylinders.net\/fi\/wp-json\/wp\/v2\/product_cat?post=15737"},{"taxonomy":"product_tag","embeddable":true,"href":"https:\/\/www.hydraulic-cylinders.net\/fi\/wp-json\/wp\/v2\/product_tag?post=15737"}],"curies":[{"name":"wp","href":"https:\/\/api.w.org\/{rel}","templated":true}]}}