{"id":15743,"date":"2025-01-19T14:55:09","date_gmt":"2025-01-19T14:55:09","guid":{"rendered":"https:\/\/www.hydraulic-cylinders.net\/product\/bucket-cylinder-for-world-middle-excavator-w2225lc-8\/"},"modified":"2025-01-19T14:55:14","modified_gmt":"2025-01-19T14:55:14","slug":"bucket-cylinder-for-world-middle-excavator-w2225lc-8","status":"publish","type":"product","link":"https:\/\/www.hydraulic-cylinders.net\/fi\/tuote\/bucket-cylinder-for-world-middle-excavator-w2225lc-8\/","title":{"rendered":"Kauhan sylinteri World Middle -kaivukoneelle W2225LC-8"},"content":{"rendered":"<h1>Kauhan sylinteri World Middle -kaivukoneelle W2225LC-8<\/h1>\n<h2>Johdanto<\/h2>\n<p>World Middle Excavator W2225LC-8 -kaivukoneen kauhan sylinteri on erityisesti suunniteltu hydraulisylinteri, jota k\u00e4ytet\u00e4\u00e4n raskaiden koneiden, kuten kaivinkoneiden, kaivinkoneiden ja etukuormaajien, kauhojen liikkeen ohjaamiseen. Sen p\u00e4\u00e4teht\u00e4v\u00e4n\u00e4 on mahdollistaa kauhan nostaminen, laskeminen ja kallistaminen, mik\u00e4 helpottaa erilaisten materiaalink\u00e4sittelyteht\u00e4vien k\u00e4sittely\u00e4. Hydraulij\u00e4rjestelm\u00e4ss\u00e4 kauhan sylinteri saavuttaa tarkan kauhan hallinnan hydrauli\u00f6ljyn paineen muutosten avulla, mink\u00e4 ansiosta k\u00e4ytt\u00e4j\u00e4t voivat k\u00e4sitell\u00e4 raskaita kuormia tehokkaasti ja sopeutua monimutkaisiin ty\u00f6ymp\u00e4rist\u00f6ihin ja erilaisiin ty\u00f6vaatimuksiin.<\/p>\n<p><img decoding=\"async\" src=\"https:\/\/www.hydraulic-cylinders.net\/wp-content\/uploads\/2025\/01\/songte-company-2.webp\"><\/p>\n<h2>Ominaisuudet<\/h2>\n<ul>\n<li>Suuri lujuus ja kest\u00e4vyys: Tyypillisesti valmistettu eritt\u00e4in lujasta ter\u00e4ksest\u00e4 tai alumiinista, joka kest\u00e4\u00e4 korkeaa painetta ja raskaita kuormia, ja suunniteltu kulutus- ja korroosionkest\u00e4vyys huomioon ottaen k\u00e4ytt\u00f6i\u00e4n pident\u00e4miseksi.<\/li>\n<li>Tehokas hydraulinen toiminta: Hydrauli\u00f6ljyn paineen ansiosta saavutetaan tasainen pidennys ja supistus, nopea reagointi ohjauskomentoihin, tehokas ty\u00f6nt\u00f6- ja vetovoima, sopii raskaiden kuormien k\u00e4sittelyyn ja monimutkaisiin ty\u00f6teht\u00e4viin.<\/li>\n<li>Erilaisia \u200b\u200btyyppej\u00e4: Yksitoimisia (hydrauliikkaa vain yhteen suuntaan) tai kaksitoimisia (hydrauliikkaa molempiin suuntiin) sylintereit\u00e4 voidaan valita tarpeiden mukaan erilaisten k\u00e4ytt\u00f6vaatimusten t\u00e4ytt\u00e4miseksi. Jotkut mallit ovat teleskooppisia, mik\u00e4 mahdollistaa suuremman jatkeen ilman ulkomittojen kasvua, mik\u00e4 sopii sovelluksiin, joissa on rajoitetusti tilaa.<\/li>\n<li>Helppo vaihto: Tuotteemme voi t\u00e4ydellisesti korvata n\u00e4m\u00e4 hydraulisylinterit.<\/li>\n<\/ul>\n<p><img decoding=\"async\" src=\"https:\/\/www.hydraulic-cylinders.net\/wp-content\/uploads\/2025\/01\/songte-cylinder-head-with-all-kinds-excavator-models.webp\"><\/p>\n<h2>Sovellukset<\/h2>\n<p>Kauhasylinteri\u00e4 k\u00e4ytet\u00e4\u00e4n yleisesti rakennuskoneissa, kuten kaivinkoneissa, traktorikaivureissa ja etukuormaajissa. T\u00e4ss\u00e4 on joitakin esimerkkej\u00e4:<\/p>\n<h3>Rakennuslaitteet<\/h3>\n<ul>\n<li><strong>Kaivinkoneet:<\/strong> Kauhasylinterit auttavat kaivamaan, koska kauha p\u00e4\u00e4see tunkeutumaan maaper\u00e4\u00e4n.<\/li>\n<li><strong>Kaivinkoneet:<\/strong> Kauhan sylinteri auttaa sek\u00e4 kaivamisessa ett\u00e4 nostamisessa.<\/li>\n<li><strong>Etukuormaajat:<\/strong> Kauhasylinterit auttavat materiaalien tehokkaassa nostamisessa ja tyhjent\u00e4misess\u00e4.<\/li>\n<\/ul>\n<h3>Maatalouskoneet<\/h3>\n<ul>\n<li><strong>Etukuormaajat:<\/strong> K\u00e4ytet\u00e4\u00e4n maaper\u00e4n, hein\u00e4n ja muiden materiaalien lastaamiseen, nostamiseen ja kuljettamiseen.<\/li>\n<\/ul>\n<h2>Suunnittelun\u00e4k\u00f6kohdat ja valintakriteerit<\/h2>\n<p>The bucket cylinder&#8217;s design takes into account several factors that ensure optimal performance. Here are some essential design considerations and selection criteria:<\/p>\n<h3>Kantavuus<\/h3>\n<p>Sylinterin on kestett\u00e4v\u00e4 korkeaa painetta ja raskaita kuormia.<\/p>\n<h3>Tiivistys<\/h3>\n<p>Sylinteri on suunniteltava korkealaatuisilla tiivisteill\u00e4, jotka est\u00e4v\u00e4t \u00f6ljyvuodon ja varmistavat sylinterin sujuvan toiminnan.<\/p>\n<h3>Kest\u00e4vyys<\/h3>\n<p>Sylinterin on oltava kulutusta ja korroosiota kest\u00e4v\u00e4 ja sen on kestett\u00e4v\u00e4 vaativia ty\u00f6ymp\u00e4rist\u00f6j\u00e4.<\/p>\n<h3>Turvallisuus<\/h3>\n<p>Sylinteri tulee suunnitella siten, ett\u00e4 sylinterin rikkoutumisesta johtuvat onnettomuusriskit minimoidaan.<\/p>\n<h3>Huolto<\/h3>\n<p>Sylinterin tulisi olla suunniteltu siten, ett\u00e4 sen huolto ja korjaus on mahdollisimman helppoa.<\/p>\n<p><img decoding=\"async\" src=\"https:\/\/www.hydraulic-cylinders.net\/wp-content\/uploads\/2025\/01\/songte-oil-pipes-and-spare-parts.webp\"><\/p>\n<h2>Tiivistys ja voitelu<\/h2>\n<p>Kauhasylinteriss\u00e4 k\u00e4ytet\u00e4\u00e4n erilaisia \u200b\u200btiivisteit\u00e4, kuten m\u00e4nn\u00e4ntiivisteit\u00e4, varren tiivisteit\u00e4 ja muita kulutusta kest\u00e4vist\u00e4 materiaaleista, kuten polyuretaanista ja nitriilikumista, valmistettuja tiivisteit\u00e4. Sylinterin pinta ja kierteitetyt p\u00e4\u00e4t on hienok\u00e4sitelty kulutuskest\u00e4vyyden parantamiseksi. S\u00e4\u00e4nn\u00f6llinen voitelu hydrauliikka\u00f6ljyll\u00e4 on tarpeen sujuvan toiminnan varmistamiseksi.<\/p>\n<h2>Huolto ja ennaltaehk\u00e4isev\u00e4t toimenpiteet<\/h2>\n<p>S\u00e4\u00e4nn\u00f6llinen tarkastus, asianmukainen voitelu, tiivisteiden vaihto ja kalibrointitestit ovat yleisi\u00e4 huoltoteht\u00e4vi\u00e4, jotka voivat pident\u00e4\u00e4 sylinterin k\u00e4ytt\u00f6ik\u00e4\u00e4. Asianmukainen asennus, voitelu ja s\u00e4\u00e4t\u00f6 ovat ratkaisevan t\u00e4rkeit\u00e4, ja asennuksen aikana on annettava asianmukaiset kohdistusohjeet. Sylinterin kiinnitt\u00e4miseen suositellaan asianmukaisten kiinnitystelineiden k\u00e4ytt\u00f6\u00e4, ja osille on laadittava tarkastus-, korjaus- ja vaihto-ohjelmia tuotteen k\u00e4ytt\u00f6i\u00e4n parantamiseksi. <\/p>\n<p><img decoding=\"async\" src=\"https:\/\/www.hydraulic-cylinders.net\/wp-content\/uploads\/2025\/01\/songte-chushion-collar.webp\"><\/p>\n<h2>Turvallisuus- ja ymp\u00e4rist\u00f6n\u00e4k\u00f6kohdat<\/h2>\n<p>Kauhasylinteri on asennettava ja sit\u00e4 on k\u00e4ytett\u00e4v\u00e4 turvallisuusm\u00e4\u00e4r\u00e4ysten mukaisesti onnettomuuksien v\u00e4ltt\u00e4miseksi. Hydrauli\u00f6ljyn ja muiden komponenttien asianmukaisesta h\u00e4vitt\u00e4misest\u00e4 on huolehdittava asianmukaisesti.<\/p>\n<h2>Vianm\u00e4\u00e4ritys ja yleiset ongelmat<\/h2>\n<p>Kauhasylintereiden yleisi\u00e4 ongelmia ovat vuodot, virheellinen linjaus ja kuluneet tiivisteet. Asianmukainen huolto ja tarkastus voivat est\u00e4\u00e4 n\u00e4iden ongelmien syntymisen.<\/p>\n<h2>Yrityksen esittely<\/h2>\n<p>We are a manufacturer of replacement hydraulic cylinders, providing a complete range of products and services and becoming one of the leading manufacturers and wholesalers of hydraulic cylinders in the domestic and international markets. We adhere to the principle of excellent quality, rely on the industry&#8217;s production management strategy of fine manufacturing workshops, constantly improve the manufacturing platform, improve product quality production lines, and have strong production capacity to meet customers&#8217; diverse needs with high efficiency, high precision, and high quality. <\/p>\n<p>Tarjoamme ammattimaisia, kansainv\u00e4lisesti sertifioituja ja r\u00e4\u00e4t\u00e4l\u00f6ityj\u00e4 palveluita. Meill\u00e4 on edistyneet tuotantolaitteet ja ammattimaiset testausj\u00e4rjestelm\u00e4t sek\u00e4 vankka myynninj\u00e4lkeinen palvelutiimi asiakastyytyv\u00e4isyyden varmistamiseksi.<\/p>\n<p><img decoding=\"async\" src=\"https:\/\/hzpt.com\/wp-content\/uploads\/2024\/11\/songte-company-1.webp\"><\/p>\n<p>Kirjoittaja: lyl.<\/p>","protected":false},"excerpt":{"rendered":"<p>Bucket Cylinder For World Middle Excavator W2225LC-8 Introduction The Bucket Cylinder for World Middle Excavator W2225LC-8 is a specially designed hydraulic cylinder used to control the movement of buckets in heavy machinery such as excavators, backhoe excavators, and front-end loaders. Its main function is to enable the bucket to lift, lower, and tilt, making it [&hellip;]<\/p>","protected":false},"featured_media":14769,"comment_status":"open","ping_status":"closed","template":"","meta":{"_et_pb_use_builder":"","_et_pb_old_content":"","_et_gb_content_width":""},"product_brand":[],"product_cat":[1494],"product_tag":[1495,1496],"class_list":{"0":"post-15743","1":"product","2":"type-product","3":"status-publish","4":"has-post-thumbnail","6":"product_cat-bucket-cylinders","7":"product_tag-bucket-cylinders","8":"product_tag-hydraulic-cylinders","10":"first","11":"instock","12":"shipping-taxable","13":"product-type-simple"},"amp_enabled":true,"_links":{"self":[{"href":"https:\/\/www.hydraulic-cylinders.net\/fi\/wp-json\/wp\/v2\/product\/15743","targetHints":{"allow":["GET"]}}],"collection":[{"href":"https:\/\/www.hydraulic-cylinders.net\/fi\/wp-json\/wp\/v2\/product"}],"about":[{"href":"https:\/\/www.hydraulic-cylinders.net\/fi\/wp-json\/wp\/v2\/types\/product"}],"replies":[{"embeddable":true,"href":"https:\/\/www.hydraulic-cylinders.net\/fi\/wp-json\/wp\/v2\/comments?post=15743"}],"wp:featuredmedia":[{"embeddable":true,"href":"https:\/\/www.hydraulic-cylinders.net\/fi\/wp-json\/wp\/v2\/media\/14769"}],"wp:attachment":[{"href":"https:\/\/www.hydraulic-cylinders.net\/fi\/wp-json\/wp\/v2\/media?parent=15743"}],"wp:term":[{"taxonomy":"product_brand","embeddable":true,"href":"https:\/\/www.hydraulic-cylinders.net\/fi\/wp-json\/wp\/v2\/product_brand?post=15743"},{"taxonomy":"product_cat","embeddable":true,"href":"https:\/\/www.hydraulic-cylinders.net\/fi\/wp-json\/wp\/v2\/product_cat?post=15743"},{"taxonomy":"product_tag","embeddable":true,"href":"https:\/\/www.hydraulic-cylinders.net\/fi\/wp-json\/wp\/v2\/product_tag?post=15743"}],"curies":[{"name":"wp","href":"https:\/\/api.w.org\/{rel}","templated":true}]}}