{"id":15744,"date":"2025-01-19T14:55:16","date_gmt":"2025-01-19T14:55:16","guid":{"rendered":"https:\/\/www.hydraulic-cylinders.net\/product\/bucket-cylinder-for-world-middle-excavator-w2245dlc-8\/"},"modified":"2025-01-19T14:55:18","modified_gmt":"2025-01-19T14:55:18","slug":"bucket-cylinder-for-world-middle-excavator-w2245dlc-8","status":"publish","type":"product","link":"https:\/\/www.hydraulic-cylinders.net\/fi\/tuote\/bucket-cylinder-for-world-middle-excavator-w2245dlc-8\/","title":{"rendered":"Kauhan sylinteri World Middle -kaivukoneelle W2245DLC-8"},"content":{"rendered":"<h1>Kauhan sylinteri World Middle -kaivukoneelle W2245DLC-8<\/h1>\n<h2>Johdanto<\/h2>\n<h3>M\u00e4\u00e4ritelm\u00e4<\/h3>\n<p>Kauhasylinteri, joka tunnetaan my\u00f6s hydraulisylinterin\u00e4, on erityisesti suunniteltu hydraulinen toimilaite, jota k\u00e4ytet\u00e4\u00e4n kauhan liikkeen ohjaamiseen raskaissa koneissa, kuten kaivinkoneissa, traktorikaivureissa ja etukuormaajissa. Sen p\u00e4\u00e4teht\u00e4v\u00e4n\u00e4 on mahdollistaa kauhan nostaminen, laskeminen ja kallistaminen, mik\u00e4 tekee siit\u00e4 sopivan erilaisiin materiaalink\u00e4sittelyteht\u00e4viin. Hydraulij\u00e4rjestelm\u00e4ss\u00e4 kauhasylinteri ohjaa kauhan tarkkaa liikett\u00e4 hydrauli\u00f6ljyn paineen muutosten avulla, mink\u00e4 ansiosta k\u00e4ytt\u00e4j\u00e4t voivat k\u00e4sitell\u00e4 raskaita kuormia tehokkaasti ja sopeutua monimutkaisiin ty\u00f6ymp\u00e4rist\u00f6ihin ja erilaisiin ty\u00f6vaatimuksiin.<\/p>\n<p><img decoding=\"async\" src=\"https:\/\/www.hydraulic-cylinders.net\/wp-content\/uploads\/2025\/01\/songte-company-2.webp\"><\/p>\n<h3>Ominaisuudet<\/h3>\n<ul>\n<li>Korkea lujuus ja kest\u00e4vyys: Tyypillisesti valmistettu eritt\u00e4in lujasta ter\u00e4ksest\u00e4 tai alumiinista, kest\u00e4\u00e4 korkeaa painetta ja raskaita kuormia, sopeutuu vaativiin ty\u00f6ymp\u00e4rist\u00f6ihin, on suunniteltu kulutusta ja korroosiota kest\u00e4v\u00e4ksi ja pident\u00e4\u00e4 k\u00e4ytt\u00f6ik\u00e4\u00e4.<\/li>\n<li>Tehokas hydraulinen toiminta: Hydrauli\u00f6ljyn paineen ansiosta teleskooppiliike on sujuvaa, ja se reagoi nopeasti ohjauskomentoihin. Se tarjoaa tehokkaan ty\u00f6nt\u00f6- ja vetovoiman, joten se soveltuu raskaiden kuormien k\u00e4sittelyyn ja monimutkaisiin ty\u00f6teht\u00e4viin.<\/li>\n<li>Erilaisia \u200b\u200btyyppej\u00e4: Yksitoimisia (hydrauliikkaa k\u00e4ytet\u00e4\u00e4n vain yhteen suuntaan) tai kaksitoimisia (hydrauliikkaa k\u00e4ytet\u00e4\u00e4n molempiin suuntiin) sylintereit\u00e4 voidaan valita tarpeiden mukaan erilaisten k\u00e4ytt\u00f6vaatimusten t\u00e4ytt\u00e4miseksi. Jotkut mallit ovat teleskooppisia, mik\u00e4 mahdollistaa suuremman jatkeen ilman ulkomittojen kasvua, mik\u00e4 sopii rajoitettuihin tiloihin.<\/li>\n<li>Mukautettava: Voimme valmistaa t\u00e4t\u00e4 tuotetta ja tuotteemme voi t\u00e4ydellisesti korvata n\u00e4m\u00e4 hydraulisylinterit.<\/li>\n<\/ul>\n<p><img decoding=\"async\" src=\"https:\/\/www.hydraulic-cylinders.net\/wp-content\/uploads\/2025\/01\/songte-cylinder-head-with-all-kinds-excavator-models.webp\"><\/p>\n<h2>Sovellukset<\/h2>\n<h3>Rakennuslaitteet<\/h3>\n<p>Kaivinkoneissa ne ovat v\u00e4ltt\u00e4m\u00e4tt\u00f6mi\u00e4 kaivamiseen, lastaamiseen ja maaper\u00e4n tai roskien siirt\u00e4miseen. Kaivinkoneissa kauhan sylinterit auttavat kaivamisessa ja nostamisessa. Etukuormaajissa ne auttavat tavaroiden tehokkaassa nostamisessa ja kallistamisessa.<\/p>\n<h3>Maatalouskoneet<\/h3>\n<p>K\u00e4ytet\u00e4\u00e4n etukuormaajissa maaper\u00e4n, hein\u00e4n ja muiden materiaalien kauhaukseen, nostamiseen ja kuljettamiseen.<\/p>\n<h3>Kaivinkoneet<\/h3>\n<p>Kauhan sylinterin ansiosta kauha tunkeutuu maaper\u00e4\u00e4n kaivutoiminnon aikaansaamiseksi.<\/p>\n<h3>Kuormaajat<\/h3>\n<p>Etukuormaajissa kauhan sylinterit auttavat tavaroiden tehokkaassa nostamisessa ja kallistamisessa.<\/p>\n<h2>Suunnittelun\u00e4k\u00f6kohdat ja valintakriteerit<\/h2>\n<ul>\n<li>Kantavuus: On t\u00e4rke\u00e4\u00e4 ottaa huomioon sylinterin kantokyky, jotta varmistetaan, ett\u00e4 se kest\u00e4\u00e4 siihen kohdistuvan kuormituksen.<\/li>\n<li>Tiivistys: Sylinteritiivisteiden on oltava tehokkaita \u00f6ljyvuotojen est\u00e4miseksi ja oikean toiminnan varmistamiseksi. Voidaan k\u00e4ytt\u00e4\u00e4 erilaisia \u200b\u200btiivistemateriaaleja, kuten polyuretaania ja nitriilikumia.<\/li>\n<li>Kest\u00e4vyys: Sylinterin on oltava kest\u00e4v\u00e4 kest\u00e4m\u00e4\u00e4n vaativia k\u00e4ytt\u00f6olosuhteita ja pitk\u00e4aikaista k\u00e4ytt\u00f6\u00e4.<\/li>\n<li>Turvallisuus: Sylinterin suunnittelussa ja k\u00e4yt\u00f6ss\u00e4 on t\u00e4rke\u00e4\u00e4 ottaa huomioon turvatoimenpiteet, kuten m\u00e4nn\u00e4nvarren suojaus onnettomuuksien est\u00e4miseksi.<\/li>\n<li>Huolto: Sylinterin tulee olla helposti huollettavissa ja komponentteihin on helppo p\u00e4\u00e4st\u00e4 k\u00e4siksi tarkastusta ja vaihtoa varten.<\/li>\n<\/ul>\n<p><img decoding=\"async\" src=\"https:\/\/www.hydraulic-cylinders.net\/wp-content\/uploads\/2025\/01\/songte-oil-pipes-and-spare-parts.webp\"><\/p>\n<h2>Tiivistys ja voitelu<\/h2>\n<p>Erilaisia \u200b\u200btiivisteit\u00e4, kuten m\u00e4nn\u00e4n tiivisterenkaita ja sylinterinvarren tiivisterenkaita, voidaan k\u00e4ytt\u00e4\u00e4 tiivistyksen varmistamiseksi. Tiivisteet voidaan valmistaa kulutusta kest\u00e4vist\u00e4 materiaaleista, kuten polyuretaanista ja nitriilikumista. Sylinterin runko ja kierteitetty p\u00e4\u00e4typinta on hienok\u00e4sitelty kulutuskest\u00e4vyyden parantamiseksi. Voitelua varten on lis\u00e4tt\u00e4v\u00e4 s\u00e4\u00e4nn\u00f6llisesti sopivaa hydrauliikka\u00f6ljy\u00e4.<\/p>\n<h2>Huolto ja korjaus<\/h2>\n<ul>\n<li>S\u00e4\u00e4nn\u00f6llinen tarkastus: S\u00e4\u00e4nn\u00f6llinen tarkastus on tarpeen sylinterin oikean toiminnan varmistamiseksi ja mahdollisten ongelmien tunnistamiseksi.<\/li>\n<li>Voitelu: Oikea voitelu on t\u00e4rke\u00e4\u00e4 sylinterin optimaalisen suorituskyvyn ja k\u00e4ytt\u00f6i\u00e4n pident\u00e4misen kannalta.<\/li>\n<li>Tiivisteiden vaihto: Tiivisteet on vaihdettava s\u00e4\u00e4nn\u00f6llisesti \u00f6ljyvuotojen est\u00e4miseksi ja moitteettoman toiminnan varmistamiseksi.<\/li>\n<li>Linjaus: Asennuksen aikana on t\u00e4rke\u00e4\u00e4 kohdistaa sylinteri oikein ennenaikaisen kulumisen ja vaurioiden est\u00e4miseksi.<\/li>\n<li>Kunnostuspalvelut: Vaurioiden tai kulumisen sattuessa voi olla tarpeen hakea korjauspalveluita tai vaihtaa osia sylinterin oikean toiminnan varmistamiseksi.<\/li>\n<\/ul>\n<p><img decoding=\"async\" src=\"https:\/\/www.hydraulic-cylinders.net\/wp-content\/uploads\/2025\/01\/songte-chushion-collar.webp\"><\/p>\n<h2>Turvallisuusn\u00e4k\u00f6kohdat ja ymp\u00e4rist\u00f6tekij\u00e4t<\/h2>\n<p>Sylinteri\u00e4 k\u00e4ytett\u00e4ess\u00e4 on noudatettava asianmukaisia \u200b\u200bturvatoimenpiteit\u00e4 onnettomuuksien v\u00e4ltt\u00e4miseksi. My\u00f6s ymp\u00e4rist\u00f6tekij\u00e4t, kuten l\u00e4mp\u00f6tila ja kosteus, on otettava huomioon optimaalisen suorituskyvyn varmistamiseksi.<\/p>\n<h2>Vianm\u00e4\u00e4ritys ja yleiset ongelmat<\/h2>\n<p>Kauhasylintereiden yleisi\u00e4 ongelmia ovat \u00f6ljyvuodot, sylinterin riitt\u00e4m\u00e4t\u00f6n lujuus ja voitelun puute. Vianm\u00e4\u00e4ritysvinkkej\u00e4 ja -ratkaisuja ovat tiivisteiden tarkastaminen, hydraulinesteen tasojen tarkistaminen ja kuluneiden osien vaihtaminen.<\/p>\n<p><img decoding=\"async\" src=\"https:\/\/www.hydraulic-cylinders.net\/wp-content\/uploads\/2025\/01\/songte-bushings-with-all-kinds-of-excavator-models.webp\"><\/p>\n<h2>Tietoa yrityksest\u00e4mme<\/h2>\n<p>Olemme korvaavien hydraulisylinterien valmistaja ja tarjoamme kattavan tuotevalikoiman. Olemme nousseet yhdeksi johtavista hydraulisylinterien valmistajista ja tukkumyyjist\u00e4 kotimaisilla ja kansainv\u00e4lisill\u00e4 markkinoilla noudattamalla erinomaista laatua ja luottamalla teollisiin tuotannonohjausstrategioihin hienoissa valmistuspajoissamme. Teknisten kykyjen, digitaalisten huippuluokan valmistuslaitteiden ja ammattimaisten testausj\u00e4rjestelmien avulla parannamme jatkuvasti ty\u00f6pajan valmistusalustaa, parannamme tuotteiden laadun tuotantoreitti\u00e4 ja meill\u00e4 on vahva luova kyky. T\u00e4yt\u00e4mme asiakkaiden monipuoliset tarpeet korkean tehokkuuden, tarkkuuden ja korkean laadun periaatteilla.<\/p>\n<p>Lis\u00e4ksi tarjoamme ammattimaista kansainv\u00e4list\u00e4 sertifiointia, r\u00e4\u00e4t\u00e4l\u00f6ityj\u00e4 palveluita, tuotantolaitteita ja huoltopalveluita.<\/p>\n<p><img decoding=\"async\" src=\"https:\/\/hzpt.com\/wp-content\/uploads\/2024\/11\/songte-company-1.webp\"><\/p>\n<p>Kirjoittaja: lyl<\/p>","protected":false},"excerpt":{"rendered":"<p>Bucket Cylinder For World Middle Excavator W2245DLC-8 Introduction Definition The bucket cylinder, also known as a hydraulic cylinder, is a specifically designed hydraulic actuator used to control the movement of the bucket in heavy machinery such as excavators, backhoes, and front loaders. Its main function is to enable the bucket to lift, lower, and tilt, [&hellip;]<\/p>","protected":false},"featured_media":14765,"comment_status":"open","ping_status":"closed","template":"","meta":{"_et_pb_use_builder":"","_et_pb_old_content":"","_et_gb_content_width":""},"product_brand":[],"product_cat":[1494],"product_tag":[1495,1496],"class_list":{"0":"post-15744","1":"product","2":"type-product","3":"status-publish","4":"has-post-thumbnail","6":"product_cat-bucket-cylinders","7":"product_tag-bucket-cylinders","8":"product_tag-hydraulic-cylinders","10":"first","11":"instock","12":"shipping-taxable","13":"product-type-simple"},"amp_enabled":true,"_links":{"self":[{"href":"https:\/\/www.hydraulic-cylinders.net\/fi\/wp-json\/wp\/v2\/product\/15744","targetHints":{"allow":["GET"]}}],"collection":[{"href":"https:\/\/www.hydraulic-cylinders.net\/fi\/wp-json\/wp\/v2\/product"}],"about":[{"href":"https:\/\/www.hydraulic-cylinders.net\/fi\/wp-json\/wp\/v2\/types\/product"}],"replies":[{"embeddable":true,"href":"https:\/\/www.hydraulic-cylinders.net\/fi\/wp-json\/wp\/v2\/comments?post=15744"}],"wp:featuredmedia":[{"embeddable":true,"href":"https:\/\/www.hydraulic-cylinders.net\/fi\/wp-json\/wp\/v2\/media\/14765"}],"wp:attachment":[{"href":"https:\/\/www.hydraulic-cylinders.net\/fi\/wp-json\/wp\/v2\/media?parent=15744"}],"wp:term":[{"taxonomy":"product_brand","embeddable":true,"href":"https:\/\/www.hydraulic-cylinders.net\/fi\/wp-json\/wp\/v2\/product_brand?post=15744"},{"taxonomy":"product_cat","embeddable":true,"href":"https:\/\/www.hydraulic-cylinders.net\/fi\/wp-json\/wp\/v2\/product_cat?post=15744"},{"taxonomy":"product_tag","embeddable":true,"href":"https:\/\/www.hydraulic-cylinders.net\/fi\/wp-json\/wp\/v2\/product_tag?post=15744"}],"curies":[{"name":"wp","href":"https:\/\/api.w.org\/{rel}","templated":true}]}}