{"id":15770,"date":"2025-01-19T14:57:27","date_gmt":"2025-01-19T14:57:27","guid":{"rendered":"https:\/\/www.hydraulic-cylinders.net\/product\/bucket-cylinder-for-sinomach-zg3085-9\/"},"modified":"2025-01-19T14:57:29","modified_gmt":"2025-01-19T14:57:29","slug":"bucket-cylinder-for-sinomach-zg3085-9","status":"publish","type":"product","link":"https:\/\/www.hydraulic-cylinders.net\/fi\/tuote\/bucket-cylinder-for-sinomach-zg3085-9\/","title":{"rendered":"Kauhan sylinteri Sinomach ZG3085-9:lle"},"content":{"rendered":"<h1>Kauhan sylinteri Sinomach ZG3085-9:lle<\/h1>\n<h2>Johdanto<\/h2>\n<p>Kauhasylinteri on erityisesti suunniteltu hydraulisylinteri, jota k\u00e4ytet\u00e4\u00e4n ensisijaisesti kauhan liikkeen ohjaamiseen raskaissa koneissa, kuten kaivinkoneissa, kaivurikuormaajissa ja etukuormaajissa. Sen p\u00e4\u00e4teht\u00e4v\u00e4n\u00e4 on mahdollistaa kauhan nostaminen, laskeminen ja kallistaminen, mik\u00e4 helpottaa erilaisten materiaalien k\u00e4sittely\u00e4. Hydraulij\u00e4rjestelm\u00e4ss\u00e4 kauhasylinteri saavuttaa kauhan tarkan hallinnan hydrauli\u00f6ljyn paineenmuutosten avulla, jolloin k\u00e4ytt\u00e4j\u00e4 voi k\u00e4sitell\u00e4 raskaita esineit\u00e4 tehokkaasti, sopeutua monimutkaisiin ty\u00f6ymp\u00e4rist\u00f6ihin ja erilaisiin k\u00e4ytt\u00f6vaatimuksiin. <\/p>\n<p><img decoding=\"async\" src=\"https:\/\/www.hydraulic-cylinders.net\/wp-content\/uploads\/2025\/01\/songte-company-2.webp\" alt=\"Kauhan sylinteri Sinomach ZG3085-9:lle\"><\/p>\n<h2>Ominaisuudet<\/h2>\n<ul>\n<li>Suuri lujuus ja kest\u00e4vyys: Yleens\u00e4 valmistettu eritt\u00e4in lujasta ter\u00e4ksest\u00e4 tai alumiinista, se kest\u00e4\u00e4 korkeaa painetta ja raskaita kuormia, sopeutuu vaativiin ty\u00f6ymp\u00e4rist\u00f6ihin ja on suunniteltu kulutus- ja korroosionkest\u00e4vyys mieless\u00e4 pit\u00e4en, mik\u00e4 pident\u00e4\u00e4 sen k\u00e4ytt\u00f6ik\u00e4\u00e4.<\/li>\n<li>Tehokas hydraulinen toiminta: Tasainen laajeneminen ja supistuminen saavutetaan hydrauli\u00f6ljyn paineen ansiosta, joka reagoi nopeasti ohjauskomentoihin ja tarjoaa tehokkaita ty\u00f6nt\u00f6- ja vetovoimia, jotka sopivat raskaiden esineiden k\u00e4sittelyyn ja monimutkaisiin k\u00e4ytt\u00f6teht\u00e4viin.<\/li>\n<li>Erilaisia \u200b\u200btyyppej\u00e4: Yksitoimiset (hydraulisesti vain yhteen suuntaan) tai kaksitoimiset (hydraulisesti molempiin suuntiin) sylinterit voidaan valita vaatimusten mukaan erilaisten k\u00e4ytt\u00f6tarpeiden t\u00e4ytt\u00e4miseksi. Jotkut mallit ovat teleskooppisia, mik\u00e4 mahdollistaa suuremman jatkeen ilman ulkomittojen kasvua, mik\u00e4 sopii sovelluksiin, joissa tilaa on rajoitetusti.<\/li>\n<li>Suora korvaus: Tuotteemme voi olla t\u00e4ydellinen korvaus muille hydraulisylintereille.<\/li>\n<\/ul>\n<p><img decoding=\"async\" src=\"https:\/\/www.hydraulic-cylinders.net\/wp-content\/uploads\/2025\/01\/songte-cylinder-head-with-all-kinds-excavator-models.webp\" alt=\"Kauhan sylinteri Sinomach ZG3085-9:lle\"><\/p>\n<h2>Hakemus<\/h2>\n<p>Kauhasylinterill\u00e4 on laaja valikoima sovelluksia eri aloilla:<\/p>\n<h3>Rakennuslaitteet<\/h3>\n<p>Kaivinkoneissa ne ovat ratkaisevan t\u00e4rkeit\u00e4 kaivamisessa, lastaamisessa ja maan tai sirpaleiden siirt\u00e4misess\u00e4. Kaivurikuormaajissa kauhan sylinteri auttaa kaivamisessa ja nostamisessa. <\/p>\n<h3>Maatalouskoneet<\/h3>\n<p>K\u00e4ytet\u00e4\u00e4n etukuormaajissa maan, hein\u00e4n ja muiden materiaalien kauhaukseen, nostamiseen ja kuljettamiseen. Kaivinkoneissa kauhan sylinterit saavuttavat kaivutoiminnon antamalla kauhan tunkeutua maaper\u00e4\u00e4n. <\/p>\n<h3>Muut sovellukset<\/h3>\n<p>K\u00e4ytet\u00e4\u00e4n my\u00f6s kuormaajissa tavaroiden nostamisen ja kallistuksen helpottamiseksi.<\/p>\n<h2>Suunnittelun\u00e4k\u00f6kohdat ja valintakriteerit<\/h2>\n<ul>\n<li>Kantavuus: Kauhan sylinterin on kestett\u00e4v\u00e4 korkea paine ja raskaat kuormat, mik\u00e4 vaatii rakentamiseen eritt\u00e4in lujaa materiaalia.<\/li>\n<li>Tiivistys: Sylinterin tehokkaan ja turvallisen toiminnan varmistamiseksi k\u00e4ytet\u00e4\u00e4n erilaisia \u200b\u200btiivistyselementtej\u00e4, kuten m\u00e4nn\u00e4ntiivisteit\u00e4 ja m\u00e4nn\u00e4nvarren tiivisteit\u00e4.<\/li>\n<li>Kest\u00e4vyys: Sylinterin runko ja p\u00e4\u00e4tykappaleet on suunniteltu kest\u00e4m\u00e4\u00e4n kulumista ja korroosiota k\u00e4ytt\u00f6i\u00e4n pident\u00e4miseksi.<\/li>\n<li>Turvallisuus: Sylinteriin on sis\u00e4\u00e4nrakennettu turvaominaisuuksia, kuten pehmustettu kaulus, joka est\u00e4\u00e4 liiallisia iskuja ja v\u00e4hent\u00e4\u00e4 melua ja t\u00e4rin\u00e4\u00e4.<\/li>\n<li>Yll\u00e4pidett\u00e4vyys: Sylinterin rakenteen tulisi mahdollistaa helppo huolto ja korjaus, ja kuluneiden tai vaurioituneiden osien vaihtamiseen tulisi antaa selke\u00e4t ohjeet.<\/li>\n<\/ul>\n<p><img decoding=\"async\" src=\"https:\/\/www.hydraulic-cylinders.net\/wp-content\/uploads\/2025\/01\/songte-oil-pipes-and-spare-parts.webp\" alt=\"Kauhan sylinteri Sinomach ZG3085-9:lle\"><\/p>\n<h2>Tiivistys ja voitelu<\/h2>\n<p>Kauhasylinteriss\u00e4 k\u00e4ytet\u00e4\u00e4n erilaisia \u200b\u200btiivistyskomponentteja, kuten m\u00e4nn\u00e4ntiivisteit\u00e4 ja varren tiivisteit\u00e4, jotka on valmistettu kulutusta kest\u00e4vist\u00e4 materiaaleista, kuten polyuretaanista ja nitriilikumista, sylinterin tehokkaan ja turvallisen toiminnan varmistamiseksi. Sylinterin runko ja kierteitetyt p\u00e4\u00e4typinnat on hienosti k\u00e4sitelty kulutuskest\u00e4vyyden parantamiseksi. Voitelua varten on lis\u00e4tt\u00e4v\u00e4 s\u00e4\u00e4nn\u00f6llisesti sopivaa hydrauliikka\u00f6ljy\u00e4.<\/p>\n<h2>Huolto ja korjaus<\/h2>\n<p>S\u00e4\u00e4nn\u00f6llinen tarkastus, asianmukainen voitelu, tiivisteiden vaihto ja kalibrointitarkastukset ovat hydraulisylintereiden yleisi\u00e4 huoltoteht\u00e4vi\u00e4. Asianmukainen asennus, voitelu ja s\u00e4\u00e4t\u00f6 ovat ratkaisevan t\u00e4rkeit\u00e4 sylinterin pitk\u00e4aikaisen ja turvallisen toiminnan varmistamiseksi. Asennuksen aikana annetaan oikeat kohdistusohjeet ja sopivia asennuskiinnikkeit\u00e4 suositellaan. Sylinterin k\u00e4ytt\u00f6i\u00e4n pident\u00e4miseksi annetaan suositellut tarkastus-, korjaus- ja vaihtomenettelyt.<\/p>\n<p><img decoding=\"async\" src=\"https:\/\/www.hydraulic-cylinders.net\/wp-content\/uploads\/2025\/01\/songte-chushion-collar.webp\" alt=\"Kauhan sylinteri Sinomach ZG3085-9:lle\"><\/p>\n<h2>Turvallisuusn\u00e4k\u00f6kohdat ja ymp\u00e4rist\u00f6tekij\u00e4t<\/h2>\n<p>Kauhas\u00e4ili\u00f6 on suunniteltu turvaominaisuuksilla, kuten pehmustekauluksella, joka est\u00e4\u00e4 liiallisia iskuja ja v\u00e4hent\u00e4\u00e4 melua ja t\u00e4rin\u00e4\u00e4. Sylinteri\u00e4 k\u00e4ytett\u00e4ess\u00e4 on noudatettava asianmukaisia \u200b\u200bturvatoimenpiteit\u00e4 onnettomuuksien v\u00e4ltt\u00e4miseksi. Ymp\u00e4rist\u00f6tekij\u00e4t, kuten l\u00e4mp\u00f6tila ja kosteus, on my\u00f6s otettava huomioon sylinteri\u00e4 valittaessa ja k\u00e4ytett\u00e4ess\u00e4.<\/p>\n<h2>Vianm\u00e4\u00e4ritys ja yleiset ongelmat<\/h2>\n<p>Yleisi\u00e4 hydraulisylintereiden ongelmia ovat vuotavat tiivisteet, riitt\u00e4m\u00e4t\u00f6n tai liiallinen voitelu ja sylinterin rungon vaurioituminen. Vianm\u00e4\u00e4rityksen ja vianetsinn\u00e4n tulisi suorittaa koulutettu henkil\u00f6st\u00f6 turvallisuuden varmistamiseksi ja lis\u00e4vaurioiden v\u00e4ltt\u00e4miseksi.<\/p>\n<p><img decoding=\"async\" src=\"https:\/\/www.hydraulic-cylinders.net\/wp-content\/uploads\/2025\/01\/songte-bushings-with-all-kinds-of-excavator-models.webp\" alt=\"Kauhan sylinteri Sinomach ZG3085-9:lle\"><\/p>\n<h2>Tietoa meist\u00e4<\/h2>\n<p>Olemme johtava hydraulisylinterien valmistaja ja tukkumyyj\u00e4 sek\u00e4 kotimaisilla ett\u00e4 kansainv\u00e4lisill\u00e4 markkinoilla, ja tarjoamme laajan valikoiman tuotteita hydraulisylinterien korvaamiseen. Yrityksemme noudattaa erinomaista laatua ja luottaa teollistettuihin tuotannonohjausstrategioihin hienostuneissa valmistuspajoissa. Parannamme jatkuvasti valmistusymp\u00e4rist\u00f6\u00e4mme, parannamme tuotteiden laatua ja meill\u00e4 on vahvat innovatiiviset valmiudet vastataksemme monipuolisiin asiakastarpeisiin korkealla tehokkuudella, tarkkuudella ja laadulla. <\/p>\n<ul>\n<li>Ammattitaito: Yrityksell\u00e4mme on ammattilaistiimi, jolla on vuosien kokemus ja asiantuntemus hydraulisylintereiden ja niihin liittyvien tuotteiden alalta.<\/li>\n<li>Kansainv\u00e4linen sertifiointi: Tuotteemme ovat l\u00e4p\u00e4isseet kansainv\u00e4lisen sertifioinnin, mik\u00e4 takaa niiden laadun ja luotettavuuden.<\/li>\n<li>R\u00e4\u00e4t\u00e4l\u00f6idyt palvelut: Tarjoamme r\u00e4\u00e4t\u00e4l\u00f6ityj\u00e4 hydraulisylinteriratkaisuja vastaamaan asiakkaiden erityisvaatimuksia.<\/li>\n<li>Tuotantolaitteet: Yrityksell\u00e4mme on edistyneet valmistuslaitteet ja ammattimaiset testausj\u00e4rjestelm\u00e4t tuotteiden laadun varmistamiseksi.<\/li>\n<li>Myynnin j\u00e4lkeinen palvelu: Tarjoamme erinomaista myynnin j\u00e4lkeist\u00e4 palvelua ja tukea asiakastyytyv\u00e4isyyden varmistamiseksi.<\/li>\n<\/ul>\n<p><img decoding=\"async\" src=\"https:\/\/hzpt.com\/wp-content\/uploads\/2024\/11\/songte-company-1.webp\" alt=\"Kauhan sylinteri Sinomach ZG3085-9:lle\"><\/p>\n<h4>Kirjoittaja: lyl<\/h4>","protected":false},"excerpt":{"rendered":"<p>Bucket Cylinder For Sinomach ZG3085-9 Introduction A bucket cylinder is a specially designed hydraulic cylinder primarily used to control the movement of the bucket in heavy machinery such as excavators, backhoe loaders, and front-end loaders. Its main function is to enable the bucket to perform lifting, lowering, and tilting, making it easier to handle various [&hellip;]<\/p>","protected":false},"featured_media":14776,"comment_status":"open","ping_status":"closed","template":"","meta":{"_et_pb_use_builder":"","_et_pb_old_content":"","_et_gb_content_width":""},"product_brand":[],"product_cat":[1494],"product_tag":[1495,1496],"class_list":{"0":"post-15770","1":"product","2":"type-product","3":"status-publish","4":"has-post-thumbnail","6":"product_cat-bucket-cylinders","7":"product_tag-bucket-cylinders","8":"product_tag-hydraulic-cylinders","10":"first","11":"instock","12":"shipping-taxable","13":"product-type-simple"},"amp_enabled":true,"_links":{"self":[{"href":"https:\/\/www.hydraulic-cylinders.net\/fi\/wp-json\/wp\/v2\/product\/15770","targetHints":{"allow":["GET"]}}],"collection":[{"href":"https:\/\/www.hydraulic-cylinders.net\/fi\/wp-json\/wp\/v2\/product"}],"about":[{"href":"https:\/\/www.hydraulic-cylinders.net\/fi\/wp-json\/wp\/v2\/types\/product"}],"replies":[{"embeddable":true,"href":"https:\/\/www.hydraulic-cylinders.net\/fi\/wp-json\/wp\/v2\/comments?post=15770"}],"wp:featuredmedia":[{"embeddable":true,"href":"https:\/\/www.hydraulic-cylinders.net\/fi\/wp-json\/wp\/v2\/media\/14776"}],"wp:attachment":[{"href":"https:\/\/www.hydraulic-cylinders.net\/fi\/wp-json\/wp\/v2\/media?parent=15770"}],"wp:term":[{"taxonomy":"product_brand","embeddable":true,"href":"https:\/\/www.hydraulic-cylinders.net\/fi\/wp-json\/wp\/v2\/product_brand?post=15770"},{"taxonomy":"product_cat","embeddable":true,"href":"https:\/\/www.hydraulic-cylinders.net\/fi\/wp-json\/wp\/v2\/product_cat?post=15770"},{"taxonomy":"product_tag","embeddable":true,"href":"https:\/\/www.hydraulic-cylinders.net\/fi\/wp-json\/wp\/v2\/product_tag?post=15770"}],"curies":[{"name":"wp","href":"https:\/\/api.w.org\/{rel}","templated":true}]}}