{"id":15777,"date":"2025-01-19T14:58:01","date_gmt":"2025-01-19T14:58:01","guid":{"rendered":"https:\/\/www.hydraulic-cylinders.net\/product\/bucket-cylinder-for-tck-hd1023lc-8h\/"},"modified":"2025-01-19T14:58:03","modified_gmt":"2025-01-19T14:58:03","slug":"bucket-cylinder-for-tck-hd1023lc-8h","status":"publish","type":"product","link":"https:\/\/www.hydraulic-cylinders.net\/fi\/tuote\/bucket-cylinder-for-tck-hd1023lc-8h\/","title":{"rendered":"Kauhan sylinteri TCK HD1023LC-8H:lle"},"content":{"rendered":"<h1>Kauhan sylinteri TCK HD1023LC-8H:lle<\/h1>\n<h2>Johdanto<\/h2>\n<p>Kauhasylinteri on erityisesti suunniteltu hydraulisylinteri, jota k\u00e4ytet\u00e4\u00e4n ensisijaisesti raskaiden koneiden, kuten kaivinkoneiden, traktorikaivureiden ja etukuormaajien, kauhojen liikkeen ohjaamiseen. Sen p\u00e4\u00e4teht\u00e4v\u00e4n\u00e4 on mahdollistaa kauhan nostaminen, laskeminen ja kallistaminen erilaisia \u200b\u200bmateriaalink\u00e4sittelyteht\u00e4vi\u00e4 varten. Hydraulij\u00e4rjestelm\u00e4ss\u00e4 kauhasylinteri ohjaa kauhan tarkkaa liikett\u00e4 hydrauli\u00f6ljyn paineen muutosten avulla, jolloin k\u00e4ytt\u00e4j\u00e4t voivat k\u00e4sitell\u00e4 raskaita kuormia tehokkaasti ja sopeutua monimutkaisiin ty\u00f6ymp\u00e4rist\u00f6ihin ja erilaisiin ty\u00f6vaatimuksiin.<\/p>\n<p><img decoding=\"async\" src=\"https:\/\/www.hydraulic-cylinders.net\/wp-content\/uploads\/2025\/01\/songte-company-2.webp\" alt=\"Kauhan sylinterin kuva\"><\/p>\n<h2>Ominaisuudet<\/h2>\n<ul>\n<li>Korkea lujuus ja kest\u00e4vyys: Yleens\u00e4 valmistettu eritt\u00e4in lujasta ter\u00e4ksest\u00e4 tai alumiinista, kest\u00e4\u00e4 korkeaa painetta ja raskaita kuormia, sopii vaativiin ty\u00f6ymp\u00e4rist\u00f6ihin, on suunniteltu kulutus- ja korroosionkest\u00e4vyytt\u00e4 sek\u00e4 pitk\u00e4\u00e4 k\u00e4ytt\u00f6ik\u00e4\u00e4 silm\u00e4ll\u00e4 pit\u00e4en.<\/li>\n<li>Tehokas hydraulinen toiminta: Sujuva teleskooppiliike hydrauli\u00f6ljyn paineen avulla, reagoi nopeasti ohjauskomentoihin ja tarjoaa tehokkaat ty\u00f6nt\u00f6- ja vetovoimat, sopii raskaiden kuormien k\u00e4sittelyyn ja monimutkaisiin ty\u00f6teht\u00e4viin.<\/li>\n<li>Erilaisia \u200b\u200btyyppej\u00e4: Sylinterityyppeihin kuuluvat yksitoimiset (hydraulisesti k\u00e4ytett\u00e4v\u00e4t vain yhteen suuntaan) tai kaksitoimiset (hydraulisesti k\u00e4ytett\u00e4v\u00e4t molempiin suuntiin) erilaisten k\u00e4ytt\u00f6vaatimusten t\u00e4ytt\u00e4miseksi; jotkut mallit ovat teleskooppisia, mik\u00e4 mahdollistaa suuremman jatkeen ilman ulkomittojen kasvua, mik\u00e4 sopii sovelluksiin, joissa on rajoitetusti tilaa.<\/li>\n<li>T\u00e4ydellinen vaihtovaihtoehto: Tuotteemme voidaan k\u00e4ytt\u00e4\u00e4 helposti korvaamaan vastaavia hydraulisylintereit\u00e4.<\/li>\n<\/ul>\n<p><img decoding=\"async\" src=\"https:\/\/www.hydraulic-cylinders.net\/wp-content\/uploads\/2025\/01\/songte-cylinder-head-with-all-kinds-excavator-models.webp\" alt=\"Kauhan sylinterin kuva\"><\/p>\n<h2>Hakemus<\/h2>\n<p>Kauhasylinterill\u00e4 on laaja valikoima sovelluksia raskaissa koneissa:<\/p>\n<ul>\n<li>Rakennuslaitteet: Kaivinkoneissa ne ovat v\u00e4ltt\u00e4m\u00e4tt\u00f6mi\u00e4 maan tai roskien kaivamiseen, lastaamiseen ja siirt\u00e4miseen. Kaivinkoneissa kauhan sylinterit auttavat kaivamisessa ja nostamisessa. Etukuormaajissa ne auttavat lastin tehokkaassa nostamisessa ja kallistamisessa.<\/li>\n<li>Maatalouskoneet: K\u00e4ytet\u00e4\u00e4n etukuormaajiin maaper\u00e4n, hein\u00e4n ja muiden materiaalien nostamiseen, ker\u00e4\u00e4miseen ja kuljettamiseen. Kaivinkoneissa kauhan sylinterit toimivat siten, ett\u00e4 kauha tunkeutuu maaper\u00e4\u00e4n kaivamista varten.<\/li>\n<\/ul>\n<h2>Suunnittelun\u00e4k\u00f6kohdat ja valintastandardit<\/h2>\n<p>Kauhasylintereiden suunnittelussa on otettava huomioon useita keskeisi\u00e4 tekij\u00f6it\u00e4:<\/p>\n<ul>\n<li>Kantavuus: Sylinterin on kyett\u00e4v\u00e4 kannattelemaan sen kuljettamien laitteiden ja materiaalien kuormaa.<\/li>\n<li>Tiivistys: Hydraulinesteiden vuotojen ja kontaminaation est\u00e4miseksi k\u00e4ytet\u00e4\u00e4n erityyppisi\u00e4 tiivisteit\u00e4, kuten m\u00e4nn\u00e4ntiivisteit\u00e4 ja varren tiivisteit\u00e4.<\/li>\n<li>Kest\u00e4vyys: Sylinterit on suunniteltu kest\u00e4m\u00e4\u00e4n ankaria ymp\u00e4rist\u00f6j\u00e4 ja korkeita paineita, ja materiaalit on valittu kulutuskest\u00e4vyyden ja korroosionkest\u00e4vyyden takaamiseksi.<\/li>\n<li>Turvallisuus: Sylinterin ylikuormituksen ja vaurioitumisen est\u00e4miseksi on mukana turvaominaisuuksia, kuten varoventtiilit.<\/li>\n<li>Huolto: Helppok\u00e4ytt\u00f6isyytt\u00e4 ja helppohoitoisuutta pidet\u00e4\u00e4n seisokkiaikojen lyhent\u00e4jin\u00e4 ja k\u00e4ytt\u00f6i\u00e4n parantajina.<\/li>\n<\/ul>\n<p><img decoding=\"async\" src=\"https:\/\/www.hydraulic-cylinders.net\/wp-content\/uploads\/2025\/01\/songte-oil-pipes-and-spare-parts.webp\" alt=\"Kauhan sylinterin kuva\"><\/p>\n<h2>Tiivistys ja voitelu<\/h2>\n<p>Kauhasylintereiss\u00e4 k\u00e4ytet\u00e4\u00e4n erilaisia \u200b\u200btiivisteit\u00e4, kuten m\u00e4nn\u00e4ntiivisteit\u00e4 ja varren tiivisteit\u00e4, jotka on valmistettu kulutusta kest\u00e4vist\u00e4 materiaaleista, kuten polyuretaanista tai nitriilikumista, vuotojen ja saastumisen est\u00e4miseksi. Sylinterin runko ja kierteitetyt p\u00e4\u00e4typinnat on k\u00e4sitelty tarkasti kulutuskest\u00e4vyyden parantamiseksi. S\u00e4\u00e4nn\u00f6llinen sopivan hydrauli\u00f6ljyn lis\u00e4\u00e4minen on v\u00e4ltt\u00e4m\u00e4t\u00f6nt\u00e4 sylinterin voitelun ja sujuvan toiminnan varmistamiseksi.<\/p>\n<p><img decoding=\"async\" src=\"https:\/\/www.hydraulic-cylinders.net\/wp-content\/uploads\/2025\/01\/songte-chushion-collar.webp\" alt=\"Kauhan sylinterin kuva\"><\/p>\n<h2>Ennakoiva huolto<\/h2>\n<p>S\u00e4\u00e4nn\u00f6lliset tarkastukset ja huolto ovat v\u00e4ltt\u00e4m\u00e4tt\u00f6mi\u00e4 kauhasylinterien turvallisen ja tehokkaan toiminnan varmistamiseksi. Yleisi\u00e4 huoltoteht\u00e4vi\u00e4 ovat:<\/p>\n<ul>\n<li>Sylinterin s\u00e4\u00e4nn\u00f6llinen tarkastus vuotojen, vaurioiden ja kulumisen varalta.<\/li>\n<li>Sylinterin s\u00e4\u00e4nn\u00f6llinen voitelu varmistaa sujuvan toiminnan.<\/li>\n<li>Tiivisteiden vaihto ja sylinterin uudelleenkalibrointi tarpeen mukaan.<\/li>\n<\/ul>\n<h2>Turvallisuusn\u00e4k\u00f6kohdat ja ymp\u00e4rist\u00f6tekij\u00e4t<\/h2>\n<p>Kauhasylinteri\u00e4 k\u00e4ytett\u00e4ess\u00e4 turvatoimenpiteet ovat v\u00e4ltt\u00e4m\u00e4tt\u00f6mi\u00e4 onnettomuuksien ehk\u00e4isemiseksi. On t\u00e4rke\u00e4\u00e4 noudattaa kaikkia turvallisuusohjeita ja k\u00e4ytt\u00e4\u00e4 asianmukaisia \u200b\u200bhenkil\u00f6nsuojaimia, kuten k\u00e4sineit\u00e4, suojalaseja ja kyp\u00e4r\u00e4\u00e4. Ymp\u00e4rist\u00f6tekij\u00e4t, kuten s\u00e4\u00e4 ja maasto, on my\u00f6s otettava huomioon raskaita koneita k\u00e4ytett\u00e4ess\u00e4.<\/p>\n<p><img decoding=\"async\" src=\"https:\/\/www.hydraulic-cylinders.net\/wp-content\/uploads\/2025\/01\/songte-bushings-with-all-kinds-of-excavator-models.webp\" alt=\"Kauhan sylinterin kuva\"><\/p>\n<h2>Yleisi\u00e4 ongelmia ja vianm\u00e4\u00e4ritys<\/h2>\n<p>Kauhasylintereiden yleisi\u00e4 ongelmia ovat vuodot, vauriot ja kuluminen. N\u00e4iden ongelmien vianm\u00e4\u00e4ritys:<\/p>\n<ul>\n<li>Tarkasta sylinteri vuotojen ja vaurioiden varalta.<\/li>\n<li>Vaihda kaikki kuluneet tai vaurioituneet osat, kuten tiivisteet tai laakerit.<\/li>\n<li>Kalibroi sylinteri uudelleen tarpeen mukaan.<\/li>\n<\/ul>\n<h2>Tietoa yrityksest\u00e4mme<\/h2>\n<p>Olemme hydraulisylintereiden valmistaja, ja tuotteemme ovat tunnustettuja yhdeksi johtavista hydraulisylintereiden valmistajista ja tukkumyyjist\u00e4 kotimaisilla ja kansainv\u00e4lisill\u00e4 markkinoilla. Yrityksemme noudattaa erinomaisen laadun periaatteita, luottaa hienostuneiden valmistuspajojen teollistettuihin tuotannonohjausstrategioihin ja parantaa jatkuvasti ty\u00f6pajojemme valmistusalustaa teknisen henkil\u00f6st\u00f6n, digitaalisten huippuluokan valmistuslaitteiden ja ammattimaisten testausj\u00e4rjestelmien avulla. Meill\u00e4 on vahvat luovat kyvyt ja tarjoamme tehokkaita, tarkkoja ja korkealaatuisia tuotteita asiakkaidemme monipuolisten tarpeiden t\u00e4ytt\u00e4miseksi.<\/p>\n<p><img decoding=\"async\" src=\"https:\/\/hzpt.com\/wp-content\/uploads\/2024\/11\/songte-company-1.webp\" alt=\"Kauhan sylinterin kuva\"><\/p>\n<h2>Yrityksemme edut<\/h2>\n<ul>\n<li>Ammattitaito: Meill\u00e4 on laaja kokemus hydraulisylinteriteollisuudesta ja olemme ker\u00e4nneet runsaasti tietoa ja asiantuntemusta t\u00e4ll\u00e4 alalla.<\/li>\n<li>Kansainv\u00e4linen sertifiointi: Tuotteemme ovat saaneet kansainv\u00e4lisen sertifioinnin ja ovat korkealaatuisia.<\/li>\n<li>R\u00e4\u00e4t\u00e4l\u00f6intipalvelut: Tarjoamme r\u00e4\u00e4t\u00e4l\u00f6ityj\u00e4 sylinterisuunnittelupalveluita asiakkaidemme erityistarpeisiin.<\/li>\n<li>Tuotantolaitteet: Tuotantolaitteemme ovat huippuluokan ja mahdollistavat korkealaatuisten sylintereiden tehokkaan valmistuksen.<\/li>\n<li>Myynnin j\u00e4lkeinen palvelu: Tarjoamme erinomaista myynnin j\u00e4lkeist\u00e4 palvelua, mukaan lukien osien vaihto ja uudelleenrakennuspalvelut, sylinteriemme k\u00e4ytt\u00f6i\u00e4n pident\u00e4miseksi.<\/li>\n<\/ul>\n<p>Kirjoittaja: lyl<\/p>","protected":false},"excerpt":{"rendered":"<p>Bucket Cylinder for TCK HD1023LC-8H Introduction Bucket cylinder is a specially designed hydraulic cylinder used primarily for controlling the movement of buckets in heavy machinery such as excavators, backhoe excavators, and front loaders. Its main function is to allow the bucket to be lifted, lowered, and tilted for various material handling tasks. In the hydraulic [&hellip;]<\/p>","protected":false},"featured_media":14789,"comment_status":"open","ping_status":"closed","template":"","meta":{"_et_pb_use_builder":"","_et_pb_old_content":"","_et_gb_content_width":""},"product_brand":[],"product_cat":[1494],"product_tag":[1495,1496],"class_list":{"0":"post-15777","1":"product","2":"type-product","3":"status-publish","4":"has-post-thumbnail","6":"product_cat-bucket-cylinders","7":"product_tag-bucket-cylinders","8":"product_tag-hydraulic-cylinders","10":"first","11":"instock","12":"shipping-taxable","13":"product-type-simple"},"amp_enabled":true,"_links":{"self":[{"href":"https:\/\/www.hydraulic-cylinders.net\/fi\/wp-json\/wp\/v2\/product\/15777","targetHints":{"allow":["GET"]}}],"collection":[{"href":"https:\/\/www.hydraulic-cylinders.net\/fi\/wp-json\/wp\/v2\/product"}],"about":[{"href":"https:\/\/www.hydraulic-cylinders.net\/fi\/wp-json\/wp\/v2\/types\/product"}],"replies":[{"embeddable":true,"href":"https:\/\/www.hydraulic-cylinders.net\/fi\/wp-json\/wp\/v2\/comments?post=15777"}],"wp:featuredmedia":[{"embeddable":true,"href":"https:\/\/www.hydraulic-cylinders.net\/fi\/wp-json\/wp\/v2\/media\/14789"}],"wp:attachment":[{"href":"https:\/\/www.hydraulic-cylinders.net\/fi\/wp-json\/wp\/v2\/media?parent=15777"}],"wp:term":[{"taxonomy":"product_brand","embeddable":true,"href":"https:\/\/www.hydraulic-cylinders.net\/fi\/wp-json\/wp\/v2\/product_brand?post=15777"},{"taxonomy":"product_cat","embeddable":true,"href":"https:\/\/www.hydraulic-cylinders.net\/fi\/wp-json\/wp\/v2\/product_cat?post=15777"},{"taxonomy":"product_tag","embeddable":true,"href":"https:\/\/www.hydraulic-cylinders.net\/fi\/wp-json\/wp\/v2\/product_tag?post=15777"}],"curies":[{"name":"wp","href":"https:\/\/api.w.org\/{rel}","templated":true}]}}