{"id":15779,"date":"2025-01-19T14:58:09","date_gmt":"2025-01-19T14:58:09","guid":{"rendered":"https:\/\/www.hydraulic-cylinders.net\/product\/bucket-cylinder-for-tck-hd8070li-8h\/"},"modified":"2025-01-19T14:58:11","modified_gmt":"2025-01-19T14:58:11","slug":"bucket-cylinder-for-tck-hd8070li-8h","status":"publish","type":"product","link":"https:\/\/www.hydraulic-cylinders.net\/fi\/tuote\/bucket-cylinder-for-tck-hd8070li-8h\/","title":{"rendered":"Kauhan sylinteri TCK HD8070LI-8H:lle"},"content":{"rendered":"<h1>Kauhan sylinteri TCK HD8070LI-8H:lle<\/h1>\n<h2>Johdanto<\/h2>\n<p>Kauhasylinteri on erikoishydraulinen sylinteri, joka on suunniteltu ohjaamaan kauhan liikett\u00e4 raskaissa koneissa, kuten kaivinkoneissa, kaivurikuormaajissa ja etukuormaajissa. Sen p\u00e4\u00e4teht\u00e4v\u00e4n\u00e4 on mahdollistaa kauhan nostaminen, laskeminen ja kallistaminen, mik\u00e4 helpottaa erilaisten materiaalink\u00e4sittelyteht\u00e4vien k\u00e4sittely\u00e4. Hydraulij\u00e4rjestelm\u00e4ss\u00e4 kauhasylinteri saavuttaa kauhan tarkan hallinnan hy\u00f6dynt\u00e4m\u00e4ll\u00e4 hydrauli\u00f6ljyn paineenmuutoksia, jolloin k\u00e4ytt\u00e4j\u00e4t voivat k\u00e4sitell\u00e4 raskaita kuormia tehokkaasti ja sopeutua monimutkaisiin ty\u00f6ymp\u00e4rist\u00f6ihin ja erilaisiin ty\u00f6vaatimuksiin.<\/p>\n<p><img decoding=\"async\" src=\"https:\/\/www.hydraulic-cylinders.net\/wp-content\/uploads\/2025\/01\/songte-company-2.webp\" alt=\"Kauhan sylinterin kuva\"><\/p>\n<h2>Ominaisuudet<\/h2>\n<ul>\n<li>Korkea lujuus ja kest\u00e4vyys: Kauhasylinteri on tyypillisesti valmistettu eritt\u00e4in lujasta ter\u00e4ksest\u00e4 tai alumiinista, ja se kest\u00e4\u00e4 korkeaa painetta ja raskaita kuormia, joten se sopeutuu vaativiin ty\u00f6ymp\u00e4rist\u00f6ihin. Sen suunnittelussa on otettu huomioon kulutuskest\u00e4vyys ja korroosionkest\u00e4vyys, mik\u00e4 pident\u00e4\u00e4 sen k\u00e4ytt\u00f6ik\u00e4\u00e4.<\/li>\n<li>Tehokas hydraulinen toiminta: Hydrauli\u00f6ljyn paineen ansiosta kauhan sylinteri saavuttaa tasaiset ojennus- ja sis\u00e4\u00e4nvetoliikkeet, mik\u00e4 mahdollistaa nopean reagoinnin ohjauskomentoihin ja tarjoaa tehokkaat ty\u00f6nt\u00f6- ja vetovoimat, jotka sopivat raskaiden kuormien k\u00e4sittelyyn ja monimutkaisiin ty\u00f6teht\u00e4viin.<\/li>\n<li>Erilaisia \u200b\u200btyyppej\u00e4: Kauhasylinteri voidaan valita vaatimusten mukaan yksitoimiseksi (hydrauli\u00f6ljy\u00e4 k\u00e4ytet\u00e4\u00e4n vain yhteen suuntaan) tai kaksitoimiseksi (hydrauli\u00f6ljy\u00e4 k\u00e4ytet\u00e4\u00e4n molempiin suuntiin) sylinteriksi, jotka vastaavat erilaisiin k\u00e4ytt\u00f6tarpeisiin. Jotkut mallit ovat teleskooppisia, mik\u00e4 mahdollistaa suuremman jatkeen ilman ulkomittojen kasvua, joten ne sopivat sovelluksiin, joissa on rajoitetusti tilaa.<\/li>\n<li>T\u00e4ydellinen korvaus: Tuotteemme voi t\u00e4ydellisesti korvata olemassa olevat hydraulisylinterit. <\/li>\n<\/ul>\n<p><img decoding=\"async\" src=\"https:\/\/www.hydraulic-cylinders.net\/wp-content\/uploads\/2025\/01\/songte-cylinder-head-with-all-kinds-excavator-models.webp\" alt=\"Kauhan sylinterin vaihtokuva\"><\/p>\n<h2>Sovellukset<\/h2>\n<ul>\n<li>Rakennuskoneet: Kaivinkoneissa k\u00e4ytett\u00e4vi\u00e4 laitteita on v\u00e4ltt\u00e4m\u00e4tt\u00f6mi\u00e4 maanrakennuksessa, lastaamisessa ja maan tai roskien siirt\u00e4misess\u00e4. Kaivurikuormaajissa kauhan sylinteri auttaa sek\u00e4 kaivamisessa ett\u00e4 nostamisessa.<\/li>\n<li>Maatalouskoneet: Niit\u00e4 k\u00e4ytet\u00e4\u00e4n etukuormaajissa, ja ne auttavat maaper\u00e4n, hein\u00e4n ja muiden materiaalien kauhaamisessa, nostamisessa ja kuljetuksessa.<\/li>\n<li>Kaivinkoneet: Kauhan sylinteri mahdollistaa kaivamisen antamalla kauhan tunkeutua maaper\u00e4\u00e4n.<\/li>\n<li>Etukuormaajat: Etukuormaajissa ne auttavat lastin tehokkaassa nostamisessa ja kallistamisessa.<\/li>\n<\/ul>\n<h2>Suunnittelun\u00e4k\u00f6kohdat ja valintakriteerit<\/h2>\n<p>Suunnittelussa on t\u00e4rke\u00e4\u00e4 ottaa huomioon kauhan sylinterin kuormankantokyky, tiiviys, kest\u00e4vyys, turvallisuus ja huollettavuus. T\u00e4ss\u00e4 ovat t\u00e4rkeimm\u00e4t huomioon otettavat seikat:<\/p>\n<p><img decoding=\"async\" src=\"https:\/\/www.hydraulic-cylinders.net\/wp-content\/uploads\/2025\/01\/songte-oil-pipes-and-spare-parts.webp\" alt=\"Kauhan sylinterin suunnittelukuva\"><\/p>\n<h3>Kantavuus<\/h3>\n<p>Kauhan sylinterin tulee olla suunniteltu kest\u00e4m\u00e4\u00e4n k\u00e4yt\u00f6n aikana odotettavissa olevat kuormat ja paineet.<\/p>\n<h3>Tiivistys<\/h3>\n<p>Erilaisia \u200b\u200btiivistekomponentteja, kuten m\u00e4nn\u00e4ntiivisteit\u00e4 ja m\u00e4nn\u00e4nvarren tiivisteit\u00e4, tulisi k\u00e4ytt\u00e4\u00e4 kulutusta kest\u00e4vist\u00e4 materiaaleista, kuten polyuretaanista ja nitriilikumista, valmistettuna. Sylinterin runko ja kierteitetyt p\u00e4\u00e4t tulisi k\u00e4sitell\u00e4 hienos\u00e4\u00e4t\u00f6isesti kulumiskest\u00e4vyyden parantamiseksi. S\u00e4\u00e4nn\u00f6llinen voitelu sopivalla m\u00e4\u00e4r\u00e4ll\u00e4 hydrauli\u00f6ljy\u00e4 on tarpeen.<\/p>\n<h3>Kest\u00e4vyys<\/h3>\n<p>Kauhasylinterin tulee kest\u00e4\u00e4 raskaiden sovellusten vaativat olosuhteet, kuten korkea paine, raskaat kuormat ja ankarat ymp\u00e4rist\u00f6t.<\/p>\n<h3>Turvallisuus<\/h3>\n<p>Turvallisuustoimenpiteet on otettava huomioon kauhan sylinterin suunnittelussa ja valinnassa turvallisen k\u00e4yt\u00f6n varmistamiseksi ja onnettomuusriskin minimoimiseksi.<\/p>\n<h3>Yll\u00e4pidett\u00e4vyys<\/h3>\n<p>Kauhasylinterin tulee olla suunniteltu helposti huollettavaksi ja korjattavaksi, jotta tarkastus, tiivisteiden vaihto ja kalibrointi on mahdollista tehd\u00e4 tehokkaasti.<\/p>\n<h2>Huolto ja vianm\u00e4\u00e4ritys<\/h2>\n<p>S\u00e4\u00e4nn\u00f6llinen huolto ja ennaltaehk\u00e4isev\u00e4t toimenpiteet voivat pident\u00e4\u00e4 kauhan sylinterin k\u00e4ytt\u00f6ik\u00e4\u00e4. T\u00e4ss\u00e4 on kolme yleist\u00e4 huoltoteht\u00e4v\u00e4\u00e4:<\/p>\n<p><img decoding=\"async\" src=\"https:\/\/www.hydraulic-cylinders.net\/wp-content\/uploads\/2025\/01\/songte-chushion-collar.webp\" alt=\"Kauhan sylinterin huoltokuva\"><\/p>\n<h3>S\u00e4\u00e4nn\u00f6lliset tarkastukset<\/h3>\n<p>Tarkista kauhan sylinteri s\u00e4\u00e4nn\u00f6llisesti kulumisen, vuotojen tai vaurioiden varalta. Kiinnit\u00e4 huomiota tiivisteiden, liitosten ja kiinnitystelineiden kuntoon.<\/p>\n<h3>Oikea voitelu<\/h3>\n<p>Varmista kauhan sylinterin asianmukainen voitelu levitt\u00e4m\u00e4ll\u00e4 suositeltu m\u00e4\u00e4r\u00e4 hydrauliikka\u00f6ljy\u00e4 s\u00e4\u00e4nn\u00f6llisin v\u00e4liajoin. T\u00e4m\u00e4 auttaa yll\u00e4pit\u00e4m\u00e4\u00e4n sujuvaa toimintaa ja suojaa ennenaikaiselta kulumiselta.<\/p>\n<h3>Tiivisteiden vaihto ja kalibrointitarkastukset<\/h3>\n<p>Vaihda kuluneet tai vaurioituneet tiivisteet tarvittaessa vuotojen est\u00e4miseksi ja sylinterin moitteettoman toiminnan varmistamiseksi. S\u00e4\u00e4nn\u00f6lliset kalibrointitarkastukset on my\u00f6s suoritettava sylinterin liikkeiden tarkkuuden varmistamiseksi.<\/p>\n<h2>Turvallisuusn\u00e4k\u00f6kohdat ja ymp\u00e4rist\u00f6tekij\u00e4t<\/h2>\n<p>Kauhasylinteri\u00e4 k\u00e4ytett\u00e4ess\u00e4 on t\u00e4rke\u00e4\u00e4 noudattaa turvallisuusohjeita onnettomuuksien ehk\u00e4isemiseksi ja ymp\u00e4rist\u00f6n suojelemiseksi. Asianmukainen koulutus ja turvallisuusohjeiden noudattaminen ovat ratkaisevan t\u00e4rkeit\u00e4.<\/p>\n<h2>Vianm\u00e4\u00e4ritys ja yleiset ongelmat<\/h2>\n<p>Kauhasylinterin toimintah\u00e4iri\u00f6iden tai yleisten ongelmien ilmetess\u00e4 nopea vianm\u00e4\u00e4ritys ja korjaus ovat v\u00e4ltt\u00e4m\u00e4tt\u00f6mi\u00e4. T\u00e4ss\u00e4 on vinkkej\u00e4 ja ratkaisuja ongelmien diagnosointiin ja korjaamiseen:<\/p>\n<p><img decoding=\"async\" src=\"https:\/\/www.hydraulic-cylinders.net\/wp-content\/uploads\/2025\/01\/songte-bushings-with-all-kinds-of-excavator-models.webp\" alt=\"Kauhan sylinterin vianm\u00e4\u00e4rityskuva\"><\/p>\n<h2>Tietoa yrityksest\u00e4mme<\/h2>\n<p>Olemme johtava hydraulisten sylinterien valmistaja ja tukkumyyj\u00e4 kotimaisilla ja kansainv\u00e4lisill\u00e4 markkinoilla. Yrityksemme tarjoaa laajan valikoiman tuotteita ja tunnetaan erinomaisesta laadustaan \u200b\u200bja sitoutumisestaan \u200b\u200basiakastyytyv\u00e4isyyteen. Keskittym\u00e4ll\u00e4 teknologiseen asiantuntemukseen, huippuluokan valmistuslaitteisiin ja ammattimaisiin testausj\u00e4rjestelmiin parannamme jatkuvasti valmistusalustojamme ja tuotteiden laadun tuotantoreittej\u00e4mme. Meill\u00e4 on vahva innovaatiokapasiteetti ja pyrimme vastaamaan monipuolisiin asiakasvaatimuksiin korkealla tehokkuudella, tarkkuudella ja laadulla.<\/p>\n<p><img decoding=\"async\" src=\"https:\/\/www.hydraulic-cylinders.net\/wp-content\/uploads\/2025\/01\/songte-company-3.webp\" alt=\"Yrityksen imago\"><\/p>\n<h3>Ammattimaisuus<\/h3>\n<p>Olemme ylpeit\u00e4 alan ammattitaidostamme ja varmistamme, ett\u00e4 tuotteemme t\u00e4ytt\u00e4v\u00e4t korkeimmat laatu- ja suorituskykystandardit.<\/p>\n<h3>Kansainv\u00e4liset sertifikaatit<\/h3>\n<p>Tuotteemme ovat kansainv\u00e4lisesti sertifioituja, mik\u00e4 osoittaa sitoutumisemme globaalien standardien ja m\u00e4\u00e4r\u00e4ysten t\u00e4ytt\u00e4miseen.<\/p>\n<h3>R\u00e4\u00e4t\u00e4l\u00f6intipalvelut<\/h3>\n<p>Tarjoamme r\u00e4\u00e4t\u00e4l\u00f6intipalveluita vastaamaan asiakkaiden erityisvaatimuksia ja r\u00e4\u00e4t\u00e4l\u00f6ityj\u00e4 ratkaisuja erilaisiin k\u00e4ytt\u00f6tarkoituksiin.<\/p>\n<h3>Tuotantolaitteet<\/h3>\n<p>Edistyksellisill\u00e4 tuotantolaitteilla varustettuna varmistamme hydraulisylintereiden tehokkaan ja tarkan valmistuksen.<\/p>\n<h3>Myynnin j\u00e4lkeinen palvelu<\/h3>\n<p>Tarjoamme kattavaa huoltopalvelua, mukaan lukien varaosat ja korjauspalvelut, pident\u00e4\u00e4ksemme tuotteidemme k\u00e4ytt\u00f6ik\u00e4\u00e4 ja tukeaksemme asiakkaitamme.<\/p>\n<p>Muista j\u00e4rjest\u00e4\u00e4 artikkeli loogisesti, k\u00e4ytt\u00e4\u00e4 alaotsikoita helpottamaan navigointia, sis\u00e4llytt\u00e4\u00e4 asiaankuuluvia kuvia tai kaavioita ymm\u00e4rryksen parantamiseksi ja varmistaa, ett\u00e4 sis\u00e4lt\u00f6 on selke\u00e4\u00e4, ytimek\u00e4st\u00e4 ja sopivaa lukijoille, joilla on eri tasoinen tekninen tiet\u00e4mys.<\/p>\n<p>Kirjoittaja: lyl<\/p>","protected":false},"excerpt":{"rendered":"<p>Bucket Cylinder For TCK HD8070LI-8H Introduction The bucket cylinder is a specialized hydraulic cylinder designed for controlling the movement of the bucket in heavy machinery such as excavators, backhoe loaders, and front loaders. Its main function is to enable the lifting, lowering, and tilting of the bucket, making it easier to handle various material handling [&hellip;]<\/p>","protected":false},"featured_media":14787,"comment_status":"open","ping_status":"closed","template":"","meta":{"_et_pb_use_builder":"","_et_pb_old_content":"","_et_gb_content_width":""},"product_brand":[],"product_cat":[1494],"product_tag":[1495,1496],"class_list":{"0":"post-15779","1":"product","2":"type-product","3":"status-publish","4":"has-post-thumbnail","6":"product_cat-bucket-cylinders","7":"product_tag-bucket-cylinders","8":"product_tag-hydraulic-cylinders","10":"first","11":"instock","12":"shipping-taxable","13":"product-type-simple"},"amp_enabled":true,"_links":{"self":[{"href":"https:\/\/www.hydraulic-cylinders.net\/fi\/wp-json\/wp\/v2\/product\/15779","targetHints":{"allow":["GET"]}}],"collection":[{"href":"https:\/\/www.hydraulic-cylinders.net\/fi\/wp-json\/wp\/v2\/product"}],"about":[{"href":"https:\/\/www.hydraulic-cylinders.net\/fi\/wp-json\/wp\/v2\/types\/product"}],"replies":[{"embeddable":true,"href":"https:\/\/www.hydraulic-cylinders.net\/fi\/wp-json\/wp\/v2\/comments?post=15779"}],"wp:featuredmedia":[{"embeddable":true,"href":"https:\/\/www.hydraulic-cylinders.net\/fi\/wp-json\/wp\/v2\/media\/14787"}],"wp:attachment":[{"href":"https:\/\/www.hydraulic-cylinders.net\/fi\/wp-json\/wp\/v2\/media?parent=15779"}],"wp:term":[{"taxonomy":"product_brand","embeddable":true,"href":"https:\/\/www.hydraulic-cylinders.net\/fi\/wp-json\/wp\/v2\/product_brand?post=15779"},{"taxonomy":"product_cat","embeddable":true,"href":"https:\/\/www.hydraulic-cylinders.net\/fi\/wp-json\/wp\/v2\/product_cat?post=15779"},{"taxonomy":"product_tag","embeddable":true,"href":"https:\/\/www.hydraulic-cylinders.net\/fi\/wp-json\/wp\/v2\/product_tag?post=15779"}],"curies":[{"name":"wp","href":"https:\/\/api.w.org\/{rel}","templated":true}]}}