{"id":1579,"date":"2023-10-07T05:44:28","date_gmt":"2023-10-07T05:44:28","guid":{"rendered":"https:\/\/hydraulic-cylinders.net\/?post_type=product&#038;p=1579"},"modified":"2025-04-11T03:39:29","modified_gmt":"2025-04-11T03:39:29","slug":"rotary-drilling-luffing-cylinder","status":"publish","type":"product","link":"https:\/\/www.hydraulic-cylinders.net\/fi\/tuote\/rotary-drilling-luffing-cylinder\/","title":{"rendered":"Py\u00f6riv\u00e4 poraus Luffing-sylinteri"},"content":{"rendered":"<h1 style=\"text-align: center;\"><strong>Py\u00f6riv\u00e4 poraus Luffing-sylinteri<\/strong><\/h1>\n<p><img loading=\"lazy\" decoding=\"async\" class=\"wp-image-1580 aligncenter\" src=\"https:\/\/hydraulic-cylinders.net\/wp-content\/uploads\/2023\/10\/luffing-cylinder-1-300x300.webp\" alt=\"\" width=\"400\" height=\"400\" \/><\/p>\n<p>Py\u00f6riv\u00e4n porauslaitteen luffaussylinteri on t\u00e4rke\u00e4 osa, joka on suunniteltu optimoimaan py\u00f6rivien porauslaitteiden suorituskyky\u00e4. T\u00e4ll\u00e4 hydraulisylinterill\u00e4 on ratkaiseva rooli luffausmekanismissa, joka vastaa porausmaston tai -puomin nostamisesta ja laskemisesta, mik\u00e4 mahdollistaa tarkan asemoinnin ja tehokkaat poraustoiminnot.<\/p>\n<p>Py\u00f6riv\u00e4n porauslaitteen luffaussylinteri on kriittinen komponentti, joka parantaa tehokkuutta ja tarkkuutta poraustoiminnoissa. Kest\u00e4v\u00e4n rakenteensa, hydraulisen tehonsa ja ohjauksensa, s\u00e4\u00e4dett\u00e4v\u00e4n luffausalueensa ja tasaisten liikkeidens\u00e4 ansiosta t\u00e4m\u00e4 hydraulisylinteri mahdollistaa k\u00e4ytt\u00e4jien sijoittaa porausmaston tai -puomin tarkasti ja saavuttaa optimaalisen poraustehon. Noudattamalla oikeita k\u00e4ytt\u00f6menetelmi\u00e4 ja suositeltuja huoltok\u00e4yt\u00e4nt\u00f6j\u00e4 k\u00e4ytt\u00e4j\u00e4t voivat maksimoida py\u00f6riv\u00e4n porauslaitteen luffaussylinterin k\u00e4ytt\u00f6i\u00e4n ja luotettavuuden, mik\u00e4 johtaa turvalliseen ja tehokkaaseen poraustoimintaan. Valitse t\u00e4m\u00e4 v\u00e4ltt\u00e4m\u00e4t\u00f6n hydraulinen komponentti optimoidaksesi porauslaitteesi ja saavuttaaksesi erinomaisia \u200b\u200btuloksia.<\/p>\n<p>Py\u00f6riv\u00e4n porausrullasylinterin t\u00e4rkeimm\u00e4t ominaisuudet:<\/p>\n<ol>\n<li>Vankka rakenne ja kest\u00e4vyys:<\/li>\n<\/ol>\n<ul>\n<li>Py\u00f6riv\u00e4 poraussylinteri on valmistettu korkealaatuisista materiaaleista, mik\u00e4 takaa poikkeuksellisen lujuuden ja kest\u00e4vyyden.<\/li>\n<li>Se kest\u00e4\u00e4 porausoperaatioissa esiintyv\u00e4t vaativat olosuhteet, kuten raskaat kuormat, t\u00e4rin\u00e4t ja ankarat ymp\u00e4rist\u00f6t.<\/li>\n<\/ul>\n<ol start=\"2\">\n<li>Hydraulinen teho ja ohjaus:<\/li>\n<\/ol>\n<ul>\n<li>T\u00e4m\u00e4 sylinteri toimii hydraulisen ohjausj\u00e4rjestelm\u00e4n kautta ja k\u00e4ytt\u00e4\u00e4 hydraulista voimaa luffing-mekanismin k\u00e4ytt\u00e4miseen.<\/li>\n<li>Hydraulinen ohjaus varmistaa porausmaston tai -puomin tarkan ja herk\u00e4n liikkeen, mik\u00e4 mahdollistaa tarkan asemoinnin ja ohjauksen.<\/li>\n<\/ul>\n<ol start=\"3\">\n<li>S\u00e4\u00e4dett\u00e4v\u00e4 luffing-alue:<\/li>\n<\/ol>\n<ul>\n<li>Py\u00f6riv\u00e4 poraussylinteri tarjoaa s\u00e4\u00e4dett\u00e4v\u00e4n alueen, jonka avulla k\u00e4ytt\u00e4j\u00e4t voivat sijoittaa porauslaitteet haluttuun kulmaan tai korkeuteen.<\/li>\n<li>T\u00e4m\u00e4 joustavuus mahdollistaa monipuoliset poraustoiminnot, jotka mukautuvat erilaisiin maaper\u00e4olosuhteisiin ja vaatimuksiin.<\/li>\n<\/ul>\n<ol start=\"4\">\n<li>Sujuvat ja hallitut liikkeet:<\/li>\n<\/ol>\n<ul>\n<li>Sylinterin rakenne ja hydraulinen ohjausj\u00e4rjestelm\u00e4 takaavat sujuvat ja hallitut liikkeet luffauksen aikana.<\/li>\n<li>T\u00e4m\u00e4 tarkka ohjaus mahdollistaa k\u00e4ytt\u00e4jien vakauden ja tarkkuuden yll\u00e4pit\u00e4misen porausmastoa tai -puomia asettaessaan.<\/li>\n<\/ul>\n<h2><strong>Py\u00f6riv\u00e4n poraussylinterin parametri:<\/strong><\/h2>\n<table border=\"1\" cellspacing=\"0\" cellpadding=\"0\">\n<tbody>\n<tr>\n<td>Tuotteen nimi<\/td>\n<td>Py\u00f6riv\u00e4 poraus Luffing-sylinteri<\/td>\n<\/tr>\n<tr>\n<td>Ominaisuudet:<\/td>\n<td>S\u00e4\u00e4d\u00e4 maston kallistuskulmaa ja maston ja is\u00e4nn\u00e4n v\u00e4list\u00e4 et\u00e4isyytt\u00e4<\/td>\n<\/tr>\n<tr>\n<td>Rei\u00e4n halkaisija:<\/td>\n<td>125 mm\uff5e250 mm<\/td>\n<\/tr>\n<tr>\n<td>Tangon halkaisija:<\/td>\n<td>90 mm\uff5e160 mm<br \/>\nIsku \u22641640 mm<\/td>\n<\/tr>\n<tr>\n<td>Paine:<\/td>\n<td>jopa 32 MPa<\/td>\n<\/tr>\n<tr>\n<td>Luffing-sylinterin sovellukset:<\/td>\n<td>Py\u00f6riv\u00e4 poraus<\/td>\n<\/tr>\n<\/tbody>\n<\/table>\n<h2><strong>Py\u00f6riv\u00e4n porausrullasylinterin tunnistuskaavio:<\/strong><\/h2>\n<p><img loading=\"lazy\" decoding=\"async\" class=\"alignnone wp-image-1582 size-full\" src=\"https:\/\/hydraulic-cylinders.net\/wp-content\/uploads\/2023\/10\/luffing-cylinder-2.webp\" alt=\"\" width=\"1418\" height=\"946\" srcset=\"https:\/\/hydraulic-cylinders.net\/wp-content\/uploads\/2023\/10\/luffing-cylinder-2.webp 1418w, https:\/\/hydraulic-cylinders.net\/wp-content\/uploads\/2023\/10\/luffing-cylinder-2-1280x854.webp 1280w, https:\/\/hydraulic-cylinders.net\/wp-content\/uploads\/2023\/10\/luffing-cylinder-2-980x654.webp 980w, https:\/\/hydraulic-cylinders.net\/wp-content\/uploads\/2023\/10\/luffing-cylinder-2-480x320.webp 480w\" sizes=\"(min-width: 0px) and (max-width: 480px) 480px, (min-width: 481px) and (max-width: 980px) 980px, (min-width: 981px) and (max-width: 1280px) 1280px, (min-width: 1281px) 1418px, 100vw\" \/><\/p>\n<h2><strong>Py\u00f6riv\u00e4n porausluffing-sylinterin k\u00e4ytt\u00f6tapa<\/strong><strong>:<\/strong><\/h2>\n<ol>\n<li><strong>Tutustu hallintalaitteisiin ja turvallisuusohjeisiin:<\/strong><\/li>\n<\/ol>\n<ul>\n<li>Ennen porauslaitteiston k\u00e4ytt\u00f6\u00e4 k\u00e4ytt\u00e4jien tulee tutustua perusteellisesti laitteen valmistajan toimittamiin hallintalaitteisiin ja turvallisuusohjeisiin.<\/li>\n<li>Varmista kaikkien turvallisuusmenettelyjen ja varotoimien noudattaminen poraustoiminnan turvallisuuden ja tehokkuuden edist\u00e4miseksi.<\/li>\n<\/ul>\n<ol start=\"2\">\n<li><strong>Luffing-s\u00e4\u00e4t\u00f6:<\/strong><\/li>\n<\/ol>\n<ul>\n<li>Aktivoi py\u00f6riv\u00e4n porauslaitteen kallistussylinteri ohjausmekanismilla, kuten joystickin tai ohjauspaneelin avulla.<\/li>\n<li>Nosta tai laske porausmasto tai -puomi haluttuun asentoon k\u00e4ytt\u00e4m\u00e4ll\u00e4 sopivaa ohjaustuloa.<\/li>\n<li>Sylinteri muuntaa hydraulivoiman tarvittavaksi voimaksi, jolla laitteita liikutetaan tasaisesti ja tarkasti.<\/li>\n<\/ul>\n<ol start=\"3\">\n<li><strong>Paikannus ja vakaus:<\/strong><\/li>\n<\/ol>\n<ul>\n<li>S\u00e4\u00e4d\u00e4 porausmaston tai -puomin kallistusaluetta ja asentoa porausvaatimusten ja maaper\u00e4n olosuhteiden mukaan.<\/li>\n<li>S\u00e4ilyt\u00e4 vakaus luffauksen aikana varmistaaksesi turvallisen ja tarkan poraussuorituskyvyn.<\/li>\n<li>Tarkkaile laitteen asentoa s\u00e4\u00e4nn\u00f6llisesti ja tee tarvittaessa s\u00e4\u00e4t\u00f6j\u00e4 halutun porauskulman tai -korkeuden s\u00e4ilytt\u00e4miseksi.<\/li>\n<\/ul>\n<h2><strong>Kuinka ilmata hydrauliikkaj\u00e4rjestelm\u00e4?<\/strong><\/h2>\n<p>Hydraulij\u00e4rjestelm\u00e4n ilmaaminen on t\u00e4rke\u00e4 toimenpide optimaalisen suorituskyvyn varmistamiseksi ja hydraulisten komponenttien huokoisuuden kaltaisten ongelmien est\u00e4miseksi. T\u00e4ss\u00e4 on vaiheittainen opas hydraulij\u00e4rjestelm\u00e4n ilmaamiseen:<\/p>\n<ol>\n<li><strong>Tunnista j\u00e4rjestelm\u00e4ss\u00e4 oleva ilma:<\/strong>\n<ul>\n<li>Tarkista hydraulij\u00e4rjestelm\u00e4ss\u00e4 olevan ilman oireita, kuten polkimen tai vivun pehme\u00e4 tuntuma, heikentynyt jarrutus- tai ohjausteho tai ep\u00e4tavalliset \u00e4\u00e4net.<\/li>\n<li>Varmista ilman l\u00e4sn\u00e4olo tarkistamalla nesteen taso s\u00e4ili\u00f6ss\u00e4. Ilmakuplat tai vaahtoavat aineet osoittavat, ett\u00e4 j\u00e4rjestelm\u00e4ss\u00e4 on ilmaa.<\/li>\n<\/ul>\n<\/li>\n<li><strong>Valmistele j\u00e4rjestelm\u00e4:<\/strong>\n<ul>\n<li>Varmista, ett\u00e4 hydraulij\u00e4rjestelm\u00e4 on sammutettu ja turvallisessa l\u00e4mp\u00f6tilassa mahdollisten vammojen v\u00e4ltt\u00e4miseksi.<\/li>\n<li>Paikanna hydraulij\u00e4rjestelm\u00e4n ilmausventtiilit tai liittimet. N\u00e4m\u00e4 sijaitsevat tyypillisesti j\u00e4rjestelm\u00e4n korkeimpien kohtien l\u00e4hell\u00e4 tai osissa, joihin ilma p\u00e4\u00e4see helposti, kuten jarrusatuloissa tai sylintereiss\u00e4.<\/li>\n<\/ul>\n<\/li>\n<li><strong>Ker\u00e4\u00e4 tarvittavat ty\u00f6kalut:<\/strong>\n<ul>\n<li>J\u00e4rjestelm\u00e4st\u00e4 riippuen saatat tarvita jakoavaimen, hylsysarjan tai erikoisilmaussarjan.<\/li>\n<li>Valmistele astia ker\u00e4\u00e4m\u00e4\u00e4n kaikki verenvuodon aikana mahdollisesti purkautuva neste.<\/li>\n<\/ul>\n<\/li>\n<li><strong>Aloita verenvuotoprosessi:<\/strong>\n<ul>\n<li>Aloita s\u00e4ili\u00f6t\u00e4 l\u00e4himp\u00e4n\u00e4 olevasta hydrauliikkakomponentista ja etene kohti kauimmaista komponenttia.<\/li>\n<li>Paikanna ensimm\u00e4isen komponentin ilmausventtiili tai liitin ja aseta s\u00e4ili\u00f6 nesteen ker\u00e4\u00e4miseksi.<\/li>\n<\/ul>\n<\/li>\n<li><strong>Avaa ilmausventtiili:<\/strong>\n<ul>\n<li>Avaa ilmausventtiili tai liitos hitaasti sopivalla ty\u00f6kalulla.<\/li>\n<li>Kun nestett\u00e4 vapautuu, j\u00e4rjestelm\u00e4st\u00e4 poistuu ilmakuplia.<\/li>\n<\/ul>\n<\/li>\n<li><strong>Puhdista ilma:<\/strong>\n<ul>\n<li>Ilman poistamiseksi aktivoi hydraulij\u00e4rjestelm\u00e4 painamalla jarrupoljinta, k\u00e4ytt\u00e4m\u00e4ll\u00e4 hydrauliikkavipua tai kytkem\u00e4ll\u00e4 j\u00e4rjestelm\u00e4 p\u00e4\u00e4lle tarpeen mukaan.<\/li>\n<li>Toista t\u00e4m\u00e4 prosessi useita kertoja pit\u00e4en poljinta tai vipua pohjassa muutaman sekunnin ajan ennen ilmausventtiilin sulkemista.<\/li>\n<\/ul>\n<\/li>\n<li><strong>Sulje ilmausventtiili:<\/strong>\n<ul>\n<li>Kun nestett\u00e4 tulee tasaisesti ilman ilmakuplia, sulje ilmausventtiili tai liitos tiukasti.<\/li>\n<li>Varmista, ett\u00e4 se on kiristetty kunnolla vuotojen est\u00e4miseksi.<\/li>\n<\/ul>\n<\/li>\n<li><strong>Tarkista nestetaso:<\/strong>\n<ul>\n<li>Tarkkaile s\u00e4ili\u00f6n nestetasoa ilmausprosessin aikana.<\/li>\n<li>Lis\u00e4\u00e4 nestett\u00e4 tarpeen mukaan pit\u00e4\u00e4ksesi suositellun tason.<\/li>\n<\/ul>\n<\/li>\n<li><strong>Toista muille komponenteille:<\/strong>\n<ul>\n<li>Siirry j\u00e4rjestelm\u00e4n seuraavaan hydraulikomponenttiin ja toista ilmausprosessi.<\/li>\n<li>Toista samoja vaiheita, kunnes kaikki komponentit on ilmattu.<\/li>\n<\/ul>\n<\/li>\n<li><strong>Testaa j\u00e4rjestelm\u00e4:<\/strong>\n<ul>\n<li>Ilmaa kaikki komponentit ja testaa hydrauliikkaj\u00e4rjestelm\u00e4 varmistaaksesi sen moitteettoman toiminnan.<\/li>\n<li>Varmista, ett\u00e4 poljin tai vipu tuntuu tukevalta ja reagoivalta ja ett\u00e4 j\u00e4rjestelm\u00e4 toimii odotetulla tavalla.<\/li>\n<\/ul>\n<\/li>\n<\/ol>\n<h2><strong>Tehtaan kapasiteetti ja kapasiteetti:<\/strong><\/h2>\n<h3>(1) Kokoonpano<\/h3>\n<p>Meill\u00e4 on ensiluokkainen riippumaton tutkimus- ja kehitysty\u00f6n kokoonpanoalusta. Hydraulisylinterien tuotantopajassa on nelj\u00e4 puoliautomaattista nostosylinterin kokoonpanolinjaa ja yksi automaattinen kallistussylinterin kokoonpanolinja, joiden suunniteltu vuotuinen tuotantokapasiteetti on 1 miljoona kappaletta. Erikoissylinterin ty\u00f6paja on varustettu erilaisilla eritelmill\u00e4 puoliautomaattisen puhdistusasennuksen kokoonpanoj\u00e4rjestelm\u00e4ll\u00e4, jonka suunniteltu vuotuinen tuotantokapasiteetti on 200 000, ja se on varustettu kuuluisilla CNC-ty\u00f6st\u00f6laitteilla, ty\u00f6st\u00f6keskuksella, korkean tarkkuuden sylinterin k\u00e4sittelyyn tarkoitetuilla erityislaitteilla, robottihitsauskoneella, automaattisella puhdistuslaitteella, automaattisella sylinterin kokoonpanokoneella ja automaattisella maalaustuotantolinjalla. Olemassa olevat kriittiset laitteet yli 300 sarjaa (sarjaa). Laiteresurssien optimaalinen kohdentaminen ja tehokas k\u00e4ytt\u00f6 varmistavat tuotteiden tarkkuusvaatimukset ja t\u00e4ytt\u00e4v\u00e4t tuotteiden laatuvaatimukset.<\/p>\n<p><img loading=\"lazy\" decoding=\"async\" class=\"alignnone wp-image-626\" src=\"https:\/\/hydraulic-cylinders.net\/wp-content\/uploads\/2023\/08\/hydraulic-cylinder-product-1-300x158.webp\" alt=\"\" width=\"495\" height=\"260\" srcset=\"https:\/\/hydraulic-cylinders.net\/wp-content\/uploads\/2023\/08\/hydraulic-cylinder-product-1-300x158.webp 495w, https:\/\/hydraulic-cylinders.net\/wp-content\/uploads\/2023\/08\/hydraulic-cylinder-product-1-480x252.webp 480w\" sizes=\"(min-width: 0px) and (max-width: 480px) 480px, (min-width: 481px) 495px, 100vw\" \/> <img loading=\"lazy\" decoding=\"async\" class=\"alignnone wp-image-627\" src=\"https:\/\/hydraulic-cylinders.net\/wp-content\/uploads\/2023\/08\/hydraulic-cylinder-product-2-300x189.webp\" alt=\"\" width=\"413\" height=\"260\" \/><\/p>\n<h3>(2) Koneistus<\/h3>\n<p>Ty\u00f6st\u00f6paja on varustettu r\u00e4\u00e4t\u00e4l\u00f6idyll\u00e4 kaltevalla kiskosorvauskeskuksella, ty\u00f6st\u00f6keskuksella, suurnopeus-hiontakoneella, hitsausrobotilla ja muilla vastaavilla laitteilla, joilla voidaan k\u00e4sitell\u00e4 sylinteriputkia, joiden sis\u00e4halkaisija on enint\u00e4\u00e4n 400 mm ja enimm\u00e4ispituus on 6 metri\u00e4.<\/p>\n<p><img loading=\"lazy\" decoding=\"async\" class=\"alignnone wp-image-628 size-large\" src=\"https:\/\/hydraulic-cylinders.net\/wp-content\/uploads\/2023\/08\/hydraulic-cylinder-product-3-1024x391.webp\" alt=\"\" width=\"1024\" height=\"391\" srcset=\"https:\/\/hydraulic-cylinders.net\/wp-content\/uploads\/2023\/08\/hydraulic-cylinder-product-3-980x374.webp 980w, https:\/\/hydraulic-cylinders.net\/wp-content\/uploads\/2023\/08\/hydraulic-cylinder-product-3-480x183.webp 480w\" sizes=\"(min-width: 0px) and (max-width: 480px) 480px, (min-width: 481px) and (max-width: 980px) 980px, (min-width: 981px) 1024px, 100vw\" \/><\/p>\n<h3>(3) Hitsaus<\/h3>\n<p><img loading=\"lazy\" decoding=\"async\" class=\"alignnone wp-image-629 size-large\" src=\"https:\/\/hydraulic-cylinders.net\/wp-content\/uploads\/2023\/08\/hydraulic-cylinder-product-4-1024x510.webp\" alt=\"\" width=\"1024\" height=\"510\" srcset=\"https:\/\/hydraulic-cylinders.net\/wp-content\/uploads\/2023\/08\/hydraulic-cylinder-product-4-980x488.webp 980w, https:\/\/hydraulic-cylinders.net\/wp-content\/uploads\/2023\/08\/hydraulic-cylinder-product-4-480x239.webp 480w\" sizes=\"(min-width: 0px) and (max-width: 480px) 480px, (min-width: 481px) and (max-width: 980px) 980px, (min-width: 981px) 1024px, 100vw\" \/><\/p>\n<h3>(4) Maalaus ja pinnoitus<\/h3>\n<p>Pienill\u00e4 ja keskisuurilla sylinterin automaattisilla vesipohjaisilla maalipinnoituslinjoilla automaattisen robotin lastaus- ja purku- ja automaattisen ruiskutuksen saavuttamiseksi, suunnittelukapasiteetti on 4000 kappaletta vuorossa;<br \/>\nMeill\u00e4 on my\u00f6s puoliautomaattinen maalauslinja suurille sylintereille, joka toimii voimaketjulla ja jonka suunnittelukapasiteetti on 60 laatikkoa ty\u00f6vuorossa.<\/p>\n<p><img loading=\"lazy\" decoding=\"async\" class=\"alignnone wp-image-630\" src=\"https:\/\/hydraulic-cylinders.net\/wp-content\/uploads\/2023\/08\/hydraulic-cylinder-product-5-300x213.webp\" alt=\"\" width=\"366\" height=\"260\" \/> <img loading=\"lazy\" decoding=\"async\" class=\"alignnone wp-image-631\" src=\"https:\/\/hydraulic-cylinders.net\/wp-content\/uploads\/2023\/08\/hydraulic-cylinder-product-6-300x225.webp\" alt=\"\" width=\"347\" height=\"260\" \/><\/p>\n<h3>(5) Testaus<\/h3>\n<p>Meill\u00e4 on ensiluokkaiset tarkastustilat ja testialustat, joilla varmistetaan, ett\u00e4 sylinterin suorituskyky t\u00e4ytt\u00e4\u00e4 vaatimukset.<\/p>\n<p><img loading=\"lazy\" decoding=\"async\" class=\"alignnone wp-image-632\" src=\"https:\/\/hydraulic-cylinders.net\/wp-content\/uploads\/2023\/08\/hydraulic-cylinder-product-8-300x200.webp\" alt=\"\" width=\"389\" height=\"260\" \/><\/p>\n<p>&nbsp;<\/p>\n<p>&nbsp;<\/p>\n<p>Olemme yksi parhaista hydraulisylintereiden valmistajista. Voimme tarjota kattavia hydraulisylintereit\u00e4. Tarjoamme my\u00f6s vastaavia <a href=\"https:\/\/hzpt.com\/agricultural-pto-gearbox\/\" target=\"_blank\" rel=\"noopener\">maatalousvaihteistot<\/a>Olemme vieneet tuotteitamme asiakkaille maailmanlaajuisesti ja ansainneet hyv\u00e4n maineen erinomaisen tuotelaadun ja huoltopalvelumme ansiosta. Toivotamme tervetulleeksi asiakkaat kotimaassa ja ulkomailla ottamaan meihin yhteytt\u00e4 neuvotellakseen liiketoimista, vaihtaakseen tietoja ja <a href=\"https:\/\/www.hydraulic-cylinders.net\/fi\/contact-us\/\">tehd\u00e4 yhteisty\u00f6t\u00e4 kanssamme<\/a>!<\/p>","protected":false},"excerpt":{"rendered":"<p>Rotary Drilling Luffing Cylinder The rotary drilling luffing cylinder is a vital component designed to optimize the performance of rotary drilling equipment. This hydraulic cylinder plays a crucial role in the luffing mechanism, which is responsible for raising and lowering the drilling mast or boom, enabling precise positioning and efficient drilling operations. The rotary drilling [&hellip;]<\/p>","protected":false},"featured_media":1581,"comment_status":"open","ping_status":"closed","template":"","meta":{"_et_pb_use_builder":"","_et_pb_old_content":"","_et_gb_content_width":""},"product_brand":[],"product_cat":[1550,1518,1376],"product_tag":[1380],"class_list":{"0":"post-1579","1":"product","2":"type-product","3":"status-publish","4":"has-post-thumbnail","6":"product_cat-double-acting-hydraulic-cylinder","7":"product_cat-rotary-drilling-rig-hydraulic-cylinders","8":"product_cat-hydraulic-cylinder","9":"product_tag-hydraulic-cylinder","11":"first","12":"instock","13":"shipping-taxable","14":"product-type-simple"},"amp_enabled":true,"_links":{"self":[{"href":"https:\/\/www.hydraulic-cylinders.net\/fi\/wp-json\/wp\/v2\/product\/1579","targetHints":{"allow":["GET"]}}],"collection":[{"href":"https:\/\/www.hydraulic-cylinders.net\/fi\/wp-json\/wp\/v2\/product"}],"about":[{"href":"https:\/\/www.hydraulic-cylinders.net\/fi\/wp-json\/wp\/v2\/types\/product"}],"replies":[{"embeddable":true,"href":"https:\/\/www.hydraulic-cylinders.net\/fi\/wp-json\/wp\/v2\/comments?post=1579"}],"wp:featuredmedia":[{"embeddable":true,"href":"https:\/\/www.hydraulic-cylinders.net\/fi\/wp-json\/wp\/v2\/media\/1581"}],"wp:attachment":[{"href":"https:\/\/www.hydraulic-cylinders.net\/fi\/wp-json\/wp\/v2\/media?parent=1579"}],"wp:term":[{"taxonomy":"product_brand","embeddable":true,"href":"https:\/\/www.hydraulic-cylinders.net\/fi\/wp-json\/wp\/v2\/product_brand?post=1579"},{"taxonomy":"product_cat","embeddable":true,"href":"https:\/\/www.hydraulic-cylinders.net\/fi\/wp-json\/wp\/v2\/product_cat?post=1579"},{"taxonomy":"product_tag","embeddable":true,"href":"https:\/\/www.hydraulic-cylinders.net\/fi\/wp-json\/wp\/v2\/product_tag?post=1579"}],"curies":[{"name":"wp","href":"https:\/\/api.w.org\/{rel}","templated":true}]}}